{"id":14425,"date":"2025-12-19T01:29:43","date_gmt":"2025-12-19T00:29:43","guid":{"rendered":"https:\/\/www.leaplytics.de\/?page_id=14425"},"modified":"2025-12-19T01:29:44","modified_gmt":"2025-12-19T00:29:44","slug":"audit-compliance-ai","status":"publish","type":"page","link":"https:\/\/www.leaplytics.de\/nb\/audit-compliance-ai\/","title":{"rendered":"Revisjon og samsvar AI"},"content":{"rendered":"<h2>AI for revisjon og samsvar: Kontinuerlig overv\u00e5king i stedet for punktvis panikk<\/h2>\n\n<p>Revisjoner er stressende. Revisorene kommer. Du m\u00e5 finne dokumentasjon for tusenvis av transaksjoner. Teste kontroller. Bevise at prosesser ble fulgt. Forklare unntak.<\/p>\n<p>Du skynder deg \u00e5 samle bevis. Ta pr\u00f8ver. Bygg opp revisjonsfiler. Svarer p\u00e5 sp\u00f8rsm\u00e5l. H\u00e5per at ingenting viktig blir funnet.<\/p>\n<p>Internkontrollen m\u00e5 overv\u00e5kes kontinuerlig. Adskillelse av oppgaver. Arbeidsflyter for godkjenning. Tilgangsrettigheter. Gjennomgang av journalposter. De fleste selskaper sjekker \u00e9n gang i \u00e5ret under revisjonen. Problemer forblir uoppdaget i m\u00e5nedsvis.<\/p>\n<p>Regelverket endres stadig. Nye regnskapsstandarder. Oppdaterte skatteregler. Krav fra bransjen. Noen m\u00e5 holde oversikt over hva som gjelder for deg, og s\u00f8rge for at du overholder dem.<\/p>\n<p>Dette er kontrollarbeid. M\u00f8nstergjenkjenning. Identifisering av unntak. Regeloverv\u00e5king. AI er bygget for akkurat dette.<\/p>\n<p>AI erstatter ikke revisorer eller d\u00f8mmekraft. Den overv\u00e5ker transaksjoner kontinuerlig. Flagger unntak n\u00e5r de oppst\u00e5r. Utarbeider dokumentasjon automatisk. Lar deg finne problemer tidlig i stedet for \u00e5 oppdage dem under revisjonen.<\/p>\n\n\n<hr class=\"wp-block-separator has-alpha-channel-opacity\"\/>\n\n\n\n<h3 class=\"wp-block-heading\">Utfordringen med revisjon og etterlevelse<\/h3>\n\n\n<p>Tradisjonell revisjon og etterlevelse er punkt-til-tid:<\/p>\n\n<p><strong>\u00c5rlig revisjon:<\/strong><br \/>\nRevisorer dukker opp. Test et utvalg av transaksjoner. Se p\u00e5 saldoer ved m\u00e5nedsslutt eller \u00e5rsslutt. Sjekker at prosessene ble fulgt. Eventuelle problemer de finner, skjedde for flere m\u00e5neder siden. For sent \u00e5 fikse enkelt.<\/p>\n\n<p><strong>Kvartalsvise gjennomganger:<\/strong><br \/>\nLitt hyppigere, men fortsatt punkt-i-tid. \u00c5 se bakover. \u00c5 finne problemer etter at de allerede har p\u00e5virket \u00f8konomien.<\/p>\n\n<p><strong>Kontrolltesting:<\/strong><br \/>\nTest et utvalg p\u00e5 25 eller 50 transaksjoner. H\u00e5per utvalget representerer hele populasjonen. H\u00e5per at ingenting har sluppet gjennom blant de andre tusenvis av transaksjonene.<\/p>\n\n<p><strong>Manuell overv\u00e5king:<\/strong><br \/>\nControllere og regnskapssjefer tar stikkpr\u00f8ver. G\u00e5 gjennom journalposter. Ser etter uvanlige transaksjoner. Men de kan ikke sjekke alt. De er avhengige av stikkpr\u00f8ver og skj\u00f8nn.<\/p>\n\n<p><strong>Sporing av samsvar:<\/strong><br \/>\nNoen m\u00e5 f\u00f8lge med p\u00e5 endringer i regelverket. Fastsl\u00e5 virkningen. Oppdatere prosesser. Gi oppl\u00e6ring til de ansatte. Det er mye \u00e5 holde tritt med.<\/p>\n\n<p>Resultatet: Problemene skjules frem til revisjonen. Kontrollene fungerer kanskje ikke som tiltenkt i flere m\u00e5neder f\u00f8r noen legger merke til det. Problemene med etterlevelse hoper seg opp.<\/p>\n\n<p>AI endrer dette fra periodisk kontroll til kontinuerlig overv\u00e5king.<\/p>\n\n\n<hr class=\"wp-block-separator has-alpha-channel-opacity\"\/>\n\n\n\n<h3 class=\"wp-block-heading\">Hva AI gj\u00f8r for revisjon og compliance<\/h3>\n\n\n\n<h4 class=\"wp-block-heading\">Overv\u00e5ker transaksjonene kontinuerlig<\/h4>\n\n\n<p>I stedet for stikkpr\u00f8ver sjekker AI hver eneste transaksjon. Ikke m\u00e5nedlig. Ikke kvartalsvis. Kontinuerlig.<\/p>\n\n<p><strong>Regelbasert overv\u00e5king:<\/strong><br \/>\nDu definerer regler. AI-en sjekker hver transaksjon mot disse:<\/p>\n<ul>\n<li>Journalposter over $50K m\u00e5 godkjennes<\/li>\n<li>Utgiftsrapporter som overstiger retningslinjene, m\u00e5 godkjennes av direkt\u00f8ren<\/li>\n<li>Leverand\u00f8rbetalinger uten PO m\u00e5 forklares<\/li>\n<li>Konserninterne transaksjoner m\u00e5 balansere<\/li>\n<li>Inntektsf\u00f8ring m\u00e5 f\u00f8lge kriterier<\/li>\n<\/ul>\n\n<p>Regelbrudd? AI-en flagger det umiddelbart. Ikke under neste m\u00e5neds gjennomgang. Akkurat n\u00e5.<\/p>\n\n<p><strong>100%-testing, ikke pr\u00f8vetaking:<\/strong><br \/>\nRevisorer tester stikkpr\u00f8ver fordi det er umulig \u00e5 teste alt manuelt. Den kunstige intelligensen tester alt. Hver eneste transaksjon. Hver eneste dag.<\/p>\n\n<p>Hvis det er et problem, finner du det umiddelbart. Hvis det ikke er det, har du bevis p\u00e5 at kontrollene fungerer for hele populasjonen, ikke bare for et utvalg.<\/p>\n\n<p><strong>Varsler i sanntid:<\/strong><br \/>\nProblem oppdaget? Varsling sendes ut umiddelbart. E-post, Slack, Teams, mobil push. Uansett hva som fungerer for teamet ditt. Problemer blir l\u00f8st mens de er ferske og kan l\u00f8ses.<\/p>\n\n\n<h4 class=\"wp-block-heading\">Oppdager uregelmessigheter automatisk<\/h4>\n\n\n<p>Noen problemer bryter ikke med spesifikke regler. De er bare uvanlige. Den kunstige intelligensen legger merke til det.<\/p>\n\n<p><strong>Statistiske avvik:<\/strong><br \/>\nTransaksjonsbel\u00f8pet er 3 standardavvik fra gjennomsnittet for denne kontoen. Kan v\u00e6re legitimt. Kan v\u00e6re en feil. Verdt \u00e5 sjekke.<\/p>\n\n<p><strong>M\u00f8nsterbrudd:<\/strong><br \/>\nDenne leverand\u00f8ren f\u00e5r normalt utbetalt $5 000-$7 000 i m\u00e5neden. Denne m\u00e5neden er det $25 000. Hva har endret seg?<\/p>\n\n<p><strong>Tidsavvik:<\/strong><br \/>\nStort dagboknotat postet kl. 23.47 p\u00e5 kvartalets siste dag. Kan v\u00e6re greit. Kan v\u00e6re earnings management. Flagg for gjennomgang.<\/p>\n\n<p><strong>Anomalier i forholdet:<\/strong><br \/>\nOmsetningen \u00f8kte 20%, men fraktkostnadene holdt seg flate. Normalt beveger de seg sammen. Hvorfor ikke denne gangen?<\/p>\n\n<p><strong>Avvik i brukeratferd:<\/strong><br \/>\nDenne brukeren legger vanligvis ut 5-10 dagbokoppf\u00f8ringer per m\u00e5ned. Denne m\u00e5neden ble det postet 47. Hva er det som skjer?<\/p>\n\n<p>AI-en anklager ikke. Den flagger. \"Dette ser uvanlig ut. Noen b\u00f8r sjekke det.\" Teamet ditt unders\u00f8ker og bekrefter enten at alt er i orden eller oppdager et problem.<\/p>\n\n\n<h4 class=\"wp-block-heading\">Tester kontroller automatisk<\/h4>\n\n\n<p>Interne kontroller m\u00e5 testes. Dette gj\u00f8res vanligvis \u00e5rlig eller kvartalsvis ved hjelp av stikkpr\u00f8ver. AI tester kontinuerlig.<\/p>\n\n<p><strong>Separasjon av oppgaver:<\/strong><br \/>\nAI-en sjekker: Er det samme person som oppretter og godkjenner? Var det samme person som bestilte og mottok? Har samme person lagt inn og bokf\u00f8rt? Overtredelser flagges umiddelbart.<\/p>\n\n<p><strong>Arbeidsflyter for godkjenning:<\/strong><br \/>\nBle det innhentet godkjenning f\u00f8r behandling? Kom godkjenningen fra en autorisert person? Var godkjenningsbel\u00f8pet tilstrekkelig for transaksjonsst\u00f8rrelsen? Hver transaksjon ble kontrollert.<\/p>\n\n<p><strong>Tilgangskontroll:<\/strong><br \/>\nHvem har tilgang til hva? Har noen f\u00e5tt utvidet tilgang utover sin rolle? Er oppsagte medarbeidere fortsatt aktive i systemer? AI overv\u00e5ker kontinuerlig.<\/p>\n\n<p><strong>Avstemming av samsvar:<\/strong><br \/>\nBlir regnskapet avstemt i tide? Blir avstemminger gjennomg\u00e5tt? Blir avstemmingspostene utlignet raskt? AI sporer alt dette.<\/p>\n\n<p><strong>Overholdelse av retningslinjer:<\/strong><br \/>\nUtgiftspolicyen sier m\u00e5ltider under $75. Noen sender inn $120. Retningslinjene sier at internasjonale reiser m\u00e5 godkjennes av VP. Noen bestilte uten det. AI fanger opp brudd p\u00e5 retningslinjene.<\/p>\n\n<p>Resultat: Du vet at kontrollene fungerer, eller du vet n\u00f8yaktig hvilke som ikke gj\u00f8r det, og kan fikse dem umiddelbart.<\/p>\n\n\n<h4 class=\"wp-block-heading\">Utarbeider revisjonsdokumentasjon<\/h4>\n\n\n<p>N\u00e5r revisorene kommer, ber de om dokumentasjon. AI-en har den klar.<\/p>\n\n<p><strong>Automatiske revisjonsspor:<\/strong><br \/>\nFor hver transaksjon dokumenterer AI:<\/p>\n<ul>\n<li>Hvem skapte den og n\u00e5r<\/li>\n<li>Hvem godkjente det og n\u00e5r<\/li>\n<li>Hvilken dokumentasjon som finnes<\/li>\n<li>Hvilke kontroller som ble testet og resultatene<\/li>\n<li>Eventuelle unntak og hvordan de ble l\u00f8st<\/li>\n<\/ul>\n\n<p>Komplett l\u00f8ype. Ingen manuell loggf\u00f8ring n\u00f8dvendig.<\/p>\n\n<p><strong>Organiserte bevis:<\/strong><br \/>\n\u00d8nsker revisorer \u00e5 se transaksjoner etter type? Etter bel\u00f8p? Etter dato? AI-en organiserer alt slik de \u00f8nsker. Du slipper \u00e5 lete gjennom filer.<\/p>\n\n<p><strong>Unntaksrapporter:<\/strong><br \/>\nHer er alle transaksjoner som br\u00f8t med kontrollene. Her er hvordan hver enkelt ble l\u00f8st. Her er godkjenningen for \u00e5 overstyre retningslinjene. Alt er dokumentert og organisert.<\/p>\n\n<p><strong>Resultater av kontrolltester:<\/strong><br \/>\nDu testet alle transaksjoner, ikke et utvalg. Her er testmetoden. Her er resultatene. Her er bevis p\u00e5 at kontrollene fungerer. Ingen ekstrapolering fra stikkpr\u00f8ver er n\u00f8dvendig.<\/p>\n\n<p><strong>St\u00f8ttende dokumenter:<\/strong><br \/>\nTrenger du faktura for denne transaksjonen? AI har den koblet til. PO? Koblet. E-post om godkjenning? Koblet. Kvittering? Koblet. Alt p\u00e5 ett sted.<\/p>\n\n<p>I stedet for \u00e5 bruke to uker p\u00e5 \u00e5 samle inn revisjonsdokumentasjon, bruker du to timer p\u00e5 \u00e5 g\u00e5 gjennom det AI allerede har samlet inn.<\/p>\n\n\n<h4 class=\"wp-block-heading\">Sporer endringer i regelverket<\/h4>\n\n\n<p>Regelverket endres hele tiden. Den kunstige intelligensen hjelper deg med \u00e5 holde tritt.<\/p>\n\n<p><strong>Overv\u00e5ker relevante kilder:<\/strong><br \/>\nFASB-uttalelser. Oppdateringer fra skattemyndighetene. Kunngj\u00f8ringer fra tilsynsmyndigheter. Statlige skatteendringer. AI overv\u00e5ker kilder som er relevante for virksomheten din.<\/p>\n\n<p><strong>Filtre for det som betyr noe:<\/strong><br \/>\nIkke alle endringer p\u00e5virker deg. Den kunstige intelligensen identifiserer hva som er relevant basert p\u00e5 din bransje, struktur og virksomhet.<\/p>\n\n<p><strong>Oppsummerer virkningen:<\/strong><br \/>\nNy standard for regnskapsf\u00f8ring av leieavtaler? AI oppsummerer hva som er endret og hvordan det kan p\u00e5virke regnskapet ditt. Ikke juridisk r\u00e5dgivning, men en informert oppsummering.<\/p>\n\n<p><strong>Tidsfrister for flagg:<\/strong><br \/>\nIkrafttredelsesdatoer. Frister for overholdelse. Krav til arkivering. AI sporer viktige datoer slik at du ikke g\u00e5r glipp av noe.<\/p>\n\n<p><strong>Foresl\u00e5r prosessendringer:<\/strong><br \/>\nBasert p\u00e5 regelverksendringene foresl\u00e5r AI-en hvilke prosesser som kan trenge oppdatering. Utgangspunktet for teamets planlegging av samsvar.<\/p>\n\n<p>Du trenger fortsatt ekspertise for \u00e5 tolke og implementere. Men den kunstige intelligensen s\u00f8rger for at du f\u00e5r vite om endringer tidlig og ikke g\u00e5r glipp av noe.<\/p>\n\n\n<h4 class=\"wp-block-heading\">Identifiserer risikoindikatorer for svindel<\/h4>\n\n\n<p>AI kan ikke bevise svindel. Men den kan avdekke m\u00f8nstre som b\u00f8r unders\u00f8kes.<\/p>\n\n<p><strong>Uvanlige transaksjonsm\u00f8nstre:<\/strong><br \/>\nLeverand\u00f8rfakturaer rett under terskelverdiene for godkjenning. Gjentatte bel\u00f8p i runde dollar. Transaksjoner i helger eller p\u00e5 helligdager. Sekvensielle fakturanumre fra forskjellige leverand\u00f8rer.<\/p>\n\n<p><strong>Adferdsmessige r\u00f8de flagg:<\/strong><br \/>\nBrukertilgang til systemer p\u00e5 uvanlige tidspunkter. Uvanlig volum av manuelle journalposter. Overstyring av kontroller. Tilgang til systemer utover normal rolle.<\/p>\n\n<p><strong>Leverand\u00f8rens r\u00f8de flagg:<\/strong><br \/>\nNy leverand\u00f8r uten anbudsprosess. Leverand\u00f8rens adresse samsvarer med de ansattes adresse. Flere leverand\u00f8rer med samme bankkonto. Leverand\u00f8r som bare fakturerer, men aldri leverer.<\/p>\n\n<p><strong>Finansielle r\u00f8de flagg:<\/strong><br \/>\nLagerjusteringer nedskrives alltid, aldri opp. Salgsreturer rett etter kvartalsslutt. Reklassifiseringer mellom kontoer n\u00e6r periodeslutt.<\/p>\n\n<p>Disse beviser ingenting. Men de er verdt \u00e5 unders\u00f8ke. AI-en gj\u00f8r oss oppmerksomme p\u00e5 dem, slik at de ikke gjemmer seg i tusenvis av normale transaksjoner.<\/p>\n\n\n<hr class=\"wp-block-separator has-alpha-channel-opacity\"\/>\n\n\n\n<h3 class=\"wp-block-heading\">Hva dette betyr for deg<\/h3>\n\n\n\n<h4 class=\"wp-block-heading\">For finansdirekt\u00f8rer og \u00f8konomiledere<\/h4>\n\n\n<p><strong>Sov bedre f\u00f8r resultatsamtaler:<\/strong><br \/>\nN\u00e5r kontrollene overv\u00e5kes kontinuerlig og problemer fanges opp tidlig, blir det f\u00e6rre overraskelser. Mindre \"vi fant et problem under revisjonsforberedelsene\"-panikk.<\/p>\n\n<p><strong>Lavere revisjonskostnader:<\/strong><br \/>\nN\u00e5r dokumentasjonen er organisert og kontrollene testes kontinuerlig, g\u00e5r revisjonene raskere. Raskere revisjoner koster mindre. Noen selskaper sparer 30-50% p\u00e5 revisjonshonorarer.<\/p>\n\n<p><strong>Bedre internkontroll:<\/strong><br \/>\nPunkt-i-tid-testing viser bare at kontrollene fungerte for utvalget. Kontinuerlig overv\u00e5king viser at de fungerer for alt. Bedre bevis. H\u00f8yere tillit.<\/p>\n\n<p><strong>Tidlig oppdagelse av problemer:<\/strong><br \/>\nFinn problemer i l\u00f8pet av dager, ikke m\u00e5neder. L\u00f8s dem mens de er sm\u00e5. Unng\u00e5 vesentlige svakheter som krever offentliggj\u00f8ring.<\/p>\n\n<p><strong>Trygghet for overholdelse av regelverk:<\/strong><br \/>\nDu vet at du er informert om relevante endringer. Du vet at tidsfrister f\u00f8lges opp. Vite at prosesser blir oppdatert. Mindre bekymring for \u00e5 g\u00e5 glipp av noe viktig.<\/p>\n\n\n<h4 class=\"wp-block-heading\">For controllere og regnskapssjefer<\/h4>\n\n\n<p><strong>Slutt \u00e5 rote rundt under revisjonen:<\/strong><br \/>\nDokumentasjonen er klar. Kontrolltester er utf\u00f8rt. Det finnes unntaksrapporter. Du gjennomg\u00e5r i stedet for \u00e5 kompilere.<\/p>\n\n<p><strong>Fang opp feil tidlig:<\/strong><br \/>\nFeil GL-kode? Oppdages umiddelbart. Manglende godkjenning? Oppdages umiddelbart. Fiks det n\u00e5 i stedet for \u00e5 forklare det for revisorene senere.<\/p>\n\n<p><strong>Bevis p\u00e5 at kontrollene fungerer:<\/strong><br \/>\nIkke \"vi testet 25 transaksjoner, og de besto\". I stedet \"vi testet alle 15 000 transaksjonene kontinuerlig, og her er resultatene\".<\/p>\n\n<p><strong>Fokuser p\u00e5 forbedring, ikke brannslukking:<\/strong><br \/>\nN\u00e5r problemer flagges umiddelbart, kan du l\u00f8se de grunnleggende \u00e5rsakene i stedet for \u00e5 stadig oppdage nye problemer.<\/p>\n\n<p><strong>Bedre ledelsesrapportering:<\/strong><br \/>\nRapportere til finansdirekt\u00f8ren og revisjonskomiteen om kontrollens effektivitet med faktiske data, ikke estimater fra stikkpr\u00f8ver.<\/p>\n\n\n<h4 class=\"wp-block-heading\">For revisorer (interne og eksterne)<\/h4>\n\n\n<p><strong>Bedre revisjonsbevis:<\/strong><br \/>\nPopulasjonstesting i stedet for stikkpr\u00f8ver. Fullstendige revisjonsspor. Organisert dokumentasjon. Dette gir bedre bevis for revisjonsuttalelser.<\/p>\n\n<p><strong>Raskere revisjoner:<\/strong><br \/>\nMindre tid til \u00e5 samle inn informasjon. Mer tid p\u00e5 vurdering og risikoomr\u00e5der. Revisjonene fullf\u00f8res raskere.<\/p>\n\n<p><strong>Fokuser p\u00e5 vurderingsomr\u00e5der:<\/strong><br \/>\nRutinemessig kontrolltesting utf\u00f8res. Bruk tid p\u00e5 estimater, verdivurderinger og ledelsens skj\u00f8nn. Gj\u00f8r revisjonsarbeid av h\u00f8yere verdi.<\/p>\n\n<p><strong>Muligheter for kontinuerlig kvalitetssikring:<\/strong><br \/>\nFor internrevisjonen muliggj\u00f8r dette kontinuerlige forsikringsprogrammer. Overv\u00e5king gjennom hele \u00e5ret i stedet for periodiske revisjoner.<\/p>\n\n\n<hr class=\"wp-block-separator has-alpha-channel-opacity\"\/>\n\n\n\n<h3 class=\"wp-block-heading\">Vanlige revisjons- og samsvarsscenarier<\/h3>\n\n\n\n<h4 class=\"wp-block-heading\">Overv\u00e5king av ansvarsfordeling<\/h4>\n\n\n<p>Retningslinjene dine: Samme person kan ikke opprette og godkjenne fakturaer.<\/p>\n\n<p>Den kunstige intelligensen overv\u00e5ker hver eneste faktura:<\/p>\n<ol>\n<li>Faktura opprettet av bruker A<\/li>\n<li>Faktura godkjent av bruker A<\/li>\n<li>Brudd p\u00e5 arbeidsdeling oppdaget<\/li>\n<li>Varsel sendt til regnskapsansvarlig<\/li>\n<li>Lederen unders\u00f8ker saken: Bruker A dekket for noen som var p\u00e5 ferie og glemte \u00e5 rute for annen godkjenning<\/li>\n<li>Fakturaen videresendes til riktig godkjenner<\/li>\n<li>Hendelsen loggf\u00f8res for diskusjon om kontrollsvakheter<\/li>\n<\/ol>\n\n<p>Problemet ble fanget opp og l\u00f8st umiddelbart. Ikke oppdaget under revisjonen ved \u00e5rets slutt.<\/p>\n\n\n<h4 class=\"wp-block-heading\">Oppdagelse av uvanlige journalposter<\/h4>\n\n\n<p>AI overv\u00e5ker journaloppf\u00f8ringer:<\/p>\n<ol>\n<li>Stor manuell journalpost bokf\u00f8rt siste dag i kvartalet<\/li>\n<li>Oppf\u00f8ringen reverseres f\u00f8rste dag i neste kvartal<\/li>\n<li>Oppf\u00f8ringen har minimal dokumentasjon<\/li>\n<li>M\u00f8nsteret samsvarer med risikoindikatorer for resultatstyring<\/li>\n<li>Flagget for gjennomgang av kontrolleren<\/li>\n<li>Controller unders\u00f8ker: Legitim periodisering for kjent kostnad, utilstrekkelig dokumentasjon<\/li>\n<li>Ytterligere dokumentasjon innhentet og vedlagt<\/li>\n<li>Oppf\u00f8ring gjennomg\u00e5tt og godkjent med tilbakevirkende kraft<\/li>\n<\/ol>\n\n<p>Legitim oppf\u00f8ring, men AI oppdaget svakheter i dokumentasjonen f\u00f8r revisjonen gjorde det.<\/p>\n\n\n<h4 class=\"wp-block-heading\">Forebygging av leverand\u00f8rsvindel<\/h4>\n\n\n<p>Ny leverand\u00f8r lagt til i systemet:<\/p>\n<ol>\n<li>AI sjekker leverand\u00f8rens adresse mot de ansattes adresser<\/li>\n<li>Match funnet: leverand\u00f8rens adresse samsvarer med AP-ansattes hjemmeadresse<\/li>\n<li>Umiddelbar varsling til controller og finansdirekt\u00f8r<\/li>\n<li>Etterforskning igangsatt<\/li>\n<li>Det viser seg at en ansatt opprettet en skallleverand\u00f8r for \u00e5 sende inn falske fakturaer<\/li>\n<li>Svindel stoppet f\u00f8r f\u00f8rste betaling ble behandlet<\/li>\n<\/ol>\n\n<p>Uten AI-overv\u00e5king kunne dette ha g\u00e5tt uoppdaget i m\u00e5neder eller \u00e5r.<\/p>\n\n\n<h4 class=\"wp-block-heading\">Forberedelse av revisjon<\/h4>\n\n\n<p>Revisorene ankommer for \u00e5rlig revisjon:<\/p>\n<ol>\n<li>Be om PBC-liste (levert av kunden)<\/li>\n<li>AI genererer det meste av PBC automatisk:<\/li>\n<li>Trialbalanse? Generert.<\/li>\n<li>Lead-planer? Generert.<\/li>\n<li>Utvalg av transaksjoner etter kategori? Generert.<\/li>\n<li>Kontrolltestresultater? Allerede gjort for 100% av befolkningen.<\/li>\n<li>Unntaksrapporter? Klar.<\/li>\n<li>Underst\u00f8ttende dokumentasjon? Organisert og koblet sammen.<\/li>\n<\/ol>\n\n<p>Det som tidligere tok to uker med forberedelser, tar n\u00e5 to dager \u00e5 gjennomg\u00e5 og ferdigstille.<\/p>\n\n\n<hr class=\"wp-block-separator has-alpha-channel-opacity\"\/>\n\n\n\n<h3 class=\"wp-block-heading\">Hva AI ikke kan gj\u00f8re<\/h3>\n\n\n<p>Kunstig intelligens er et kraftfullt verkt\u00f8y for overv\u00e5king og dokumentasjon. Men den har klare begrensninger:<\/p>\n\n<p><strong>Den kan ikke felle juridiske dommer:<\/strong><br \/>\nEr denne regnskapsmessige behandlingen i samsvar med GAAP? B\u00f8r vi opplyse om dette? Dette krever regnskapsekspertise og skj\u00f8nn.<\/p>\n\n<p><strong>Den kan ikke utforme kontroller:<\/strong><br \/>\nAI kan teste om kontrollene fungerer. Den kan ikke utforme hvilke kontroller du b\u00f8r ha. Det krever at du forst\u00e5r virksomheten og risikoen.<\/p>\n\n<p><strong>Den kan ikke avgi revisjonsuttalelser:<\/strong><br \/>\nRevisorer avgir uttalelser basert p\u00e5 profesjonelt skj\u00f8nn. AI leverer bevis og testresultater. Uttalelsen krever menneskelig ekspertise.<\/p>\n\n<p><strong>Den kan ikke tolke komplekse regelverk:<\/strong><br \/>\nAI kan flagge endringer i regelverket og oppsummere dem. Det krever imidlertid ekspertise \u00e5 avgj\u00f8re n\u00f8yaktig hvordan de gjelder for din spesifikke situasjon.<\/p>\n\n<p><strong>Det kan ikke bevise svindel:<\/strong><br \/>\nAI flagger mistenkelige m\u00f8nstre. Etterforskning og bevis krever menneskelig analyse, intervjuer og d\u00f8mmekraft.<\/p>\n\n<p><strong>Det kan ikke erstatte styring:<\/strong><br \/>\nRevisjonsutvalg. Styrets tilsyn. Ledelsens ansvar. Dette er fortsatt menneskelige funksjoner. AI st\u00f8tter dem, men erstatter dem ikke.<\/p>\n\n<p>AI h\u00e5ndterer kontroll, overv\u00e5king og dokumentasjon p\u00e5 en glimrende m\u00e5te. Ekspertisen, d\u00f8mmekraften og ansvaret ligger fortsatt hos menneskene.<\/p>\n\n\n<hr class=\"wp-block-separator has-alpha-channel-opacity\"\/>\n\n\n\n<h3 class=\"wp-block-heading\">Kom godt i gang<\/h3>\n\n\n<p>Begynn med det omr\u00e5det som har h\u00f8yest risiko eller h\u00f8yest innsats:<\/p>\n\n<p><strong>Velg \u00e9n kontroll som skal overv\u00e5kes f\u00f8rst:<\/strong><br \/>\nAdskillelse av oppgaver? Arbeidsflyt for godkjenning? Overholdelse av retningslinjer? Velg en som er viktig og tydelig definert. Bevis at AI-overv\u00e5king fungerer.<\/p>\n\n<p><strong>Definer tydelige regler:<\/strong><br \/>\nAI trenger klare regler for \u00e5 overv\u00e5ke. \"Utgifter skal v\u00e6re rimelige\" er for vagt. \"Utgifter til m\u00e5ltider over $75 m\u00e5 godkjennes av direkt\u00f8ren\" er tydelig.<\/p>\n\n<p><strong>Begynn med \u00e5 varsle en liten gruppe:<\/strong><br \/>\nIkke oversv\u00f8m alle med varsler til \u00e5 begynne med. Rute til kontrolleren eller et lite team. Juster reglene. Reduser falske positiver. Utvid deretter.<\/p>\n\n<p><strong>Dokumenter fordelene:<\/strong><br \/>\nSpor hvor mange problemer som ble fanget opp. Hvor tidlig de ble fanget opp. Hvor mye revisjonstid som ble spart. Bygg opp et business case for utvidelse.<\/p>\n\n<p><strong>Utvid gradvis:<\/strong><br \/>\nLegg til flere kontroller for overv\u00e5king. Legg til flere regler. Legg til flere personer som mottar varsler. Bygg opp omfattende overv\u00e5king over tid.<\/p>\n\n<p><strong>Samarbeid med revisorer:<\/strong><br \/>\nVis dem hva du gj\u00f8r. F\u00e5 innspill fra dem. De vil verdsette populasjonstesting fremfor stikkpr\u00f8ver. Dette kan redusere revisjonens omfang og kostnader.<\/p>\n\n<p>Kontinuerlig overv\u00e5king skjer ikke over natten. Men du kan begynne i det sm\u00e5 og bygge det opp over tid.<\/p>\n\n\n<hr class=\"wp-block-separator has-alpha-channel-opacity\"\/>\n\n\n\n<h3 class=\"wp-block-heading\">Er du klar for kontinuerlig overv\u00e5king i stedet for punktvis panikk?<\/h3>\n\n\n<p>Alle selskaper har ulike risikoer. Ulike kontroller. Ulike revisjonskrav. Forskjellige forskrifter.<\/p>\n<p>Vi selger ikke generiske sjekklister for samsvar. Vi ser p\u00e5 dine spesifikke kontroller. Dine risikoer. Dine revisjonskrav.<\/p>\n<p>Deretter bygger vi AI-overv\u00e5king som passer til ditt milj\u00f8. Samme kontroller som du har n\u00e5. Bare overv\u00e5ket kontinuerlig i stedet for periodisk.<\/p>\n<p>Vi begynner med ett omr\u00e5de. Bevise at kontinuerlig overv\u00e5king fungerer. Deretter utvider vi. Praktisk automatisering av samsvar som reduserer risiko og sparer tid.<\/p>\n\n<p><strong><a href=\"https:\/\/www.leaplytics.de\/nb\/kontakt\/\">Snakk med oss om dine behov for revisjon og compliance<\/a><\/strong><\/p>\n\n<p><a href=\"https:\/\/www.leaplytics.de\/nb\/finans-ai\/\">Tilbake til Finans AI-oversikt<\/a><\/p>","protected":false},"excerpt":{"rendered":"<p>AI for revisjon og samsvar: Kontinuerlig overv\u00e5king i stedet for punktvis panikk Revisjoner er stressende. Revisorene kommer. Du m\u00e5 finne dokumentasjon for tusenvis av transaksjoner. Teste kontroller. Bevise at prosesser ble fulgt. Forklare unntak. Du skynder deg for \u00e5 samle bevis. Ta pr\u00f8ver. Bygg opp revisjonsfiler. Svar p\u00e5 sp\u00f8rsm\u00e5l. H\u00e5per at det ikke blir funnet noe alvorlig. Interne kontroller ... <\/p>","protected":false},"author":2,"featured_media":0,"parent":0,"menu_order":0,"comment_status":"closed","ping_status":"closed","template":"","meta":{"footnotes":""},"class_list":["post-14425","page","type-page","status-publish","hentry","latest_post"],"_links":{"self":[{"href":"https:\/\/www.leaplytics.de\/nb\/wp-json\/wp\/v2\/pages\/14425","targetHints":{"allow":["GET"]}}],"collection":[{"href":"https:\/\/www.leaplytics.de\/nb\/wp-json\/wp\/v2\/pages"}],"about":[{"href":"https:\/\/www.leaplytics.de\/nb\/wp-json\/wp\/v2\/types\/page"}],"author":[{"embeddable":true,"href":"https:\/\/www.leaplytics.de\/nb\/wp-json\/wp\/v2\/users\/2"}],"replies":[{"embeddable":true,"href":"https:\/\/www.leaplytics.de\/nb\/wp-json\/wp\/v2\/comments?post=14425"}],"version-history":[{"count":1,"href":"https:\/\/www.leaplytics.de\/nb\/wp-json\/wp\/v2\/pages\/14425\/revisions"}],"predecessor-version":[{"id":14426,"href":"https:\/\/www.leaplytics.de\/nb\/wp-json\/wp\/v2\/pages\/14425\/revisions\/14426"}],"wp:attachment":[{"href":"https:\/\/www.leaplytics.de\/nb\/wp-json\/wp\/v2\/media?parent=14425"}],"curies":[{"name":"wp","href":"https:\/\/api.w.org\/{rel}","templated":true}]}}