{"id":14514,"date":"2025-12-19T02:03:17","date_gmt":"2025-12-19T01:03:17","guid":{"rendered":"https:\/\/www.leaplytics.de\/?page_id=14514"},"modified":"2025-12-19T02:03:17","modified_gmt":"2025-12-19T01:03:17","slug":"risikostyring-av-leverandorprestasjoner-ai","status":"publish","type":"page","link":"https:\/\/www.leaplytics.de\/nb\/risikostyring-av-leverandorprestasjoner-ai\/","title":{"rendered":"Leverand\u00f8rytelse og risikostyring AI"},"content":{"rendered":"<h2>AI for leverand\u00f8rytelse og risikostyring: Kjenn leverand\u00f8rene dine f\u00f8r de skaper problemer<\/h2>\n\n<p>Virksomheten din er avhengig av leverand\u00f8rer. De leverer materialene du trenger. Komponentene du bygger med. Tjenestene som holder driften i gang.<\/p>\n<p>N\u00e5r leverand\u00f8rene gj\u00f8r det bra, tenker man ikke p\u00e5 dem. N\u00e5r de svikter, stopper alt opp.<\/p>\n<p>Sene leveranser forsinker produksjonen. Kvalitetsproblemer f\u00f8rer til omarbeid og kundeklager. \u00d8konomiske problemer f\u00f8rer til avbrudd i leveransene. Brudd p\u00e5 lover og regler skaper juridiske problemer. Sm\u00e5 leverand\u00f8rproblemer blir til store forretningsproblemer.<\/p>\n<p>Men de fleste bedrifter overv\u00e5ker ikke leverand\u00f8renes prestasjoner systematisk. Ikke fordi de ikke bryr seg. Men fordi det er umulig \u00e5 spore hundrevis av leverand\u00f8rer manuelt.<\/p>\n<p>Du oppdager problemer etter at de p\u00e5virker deg. Den forsinkede leveransen som stopper produksjonen. Kvalitetsproblemet som n\u00e5r kundene. Leverand\u00f8rens konkurs som gj\u00f8r at du m\u00e5 se deg om etter alternativer.<\/p>\n<p>AI endrer dette. Den overv\u00e5ker leverand\u00f8rens ytelse kontinuerlig. Sporer risikosignaler fra flere kilder. Varsler deg om problemer f\u00f8r de p\u00e5virker driften. Forvandler reaktiv brannslukking til proaktiv risikostyring.<\/p>\n\n\n<hr class=\"wp-block-separator has-alpha-channel-opacity\"\/>\n\n\n\n<h3 class=\"wp-block-heading\">Hvorfor Supplier Performance Management mislykkes<\/h3>\n\n\n<p>De fleste selskaper har en eller annen form for sporing av leverand\u00f8rprestasjoner. Scorekort. Kvartalsvise gjennomganger av virksomheten. \u00c5rlige evalueringer.<\/p>\n<p>Men disse er tilbakeskuende og periodiske. De forteller deg hva som skjedde i forrige kvartal. De forteller deg ikke hva som skjer n\u00e5, eller hvilke problemer som er p\u00e5 vei.<\/p>\n<p>En leverand\u00f8rs leveringsresultater ser bra ut i kvartalsrapporten. Men i l\u00f8pet av de siste tre ukene har de ikke levert halvparten av leveransene sine. Ingen legger merke til det f\u00f8r produksjonen p\u00e5virkes.<\/p>\n<p>En leverand\u00f8rs \u00f8konomi s\u00e5 bra ut ved den \u00e5rlige gjennomgangen. Men de har nettopp mistet sin st\u00f8rste kunde. N\u00e5r du f\u00e5r vite om det, er de i tr\u00f8bbel, og det er leverand\u00f8rkjeden din ogs\u00e5.<\/p>\n<p>Og det er for kritiske leverand\u00f8rer der dere foretar formelle gjennomganger. For de \u00f8vrige 80% av leverand\u00f8rbasen? De overv\u00e5kes bare n\u00e5r det oppst\u00e5r \u00e5penbare problemer.<\/p>\n<p>Manuell overv\u00e5king er ikke skalerbart. Du kan ikke f\u00f8lge med p\u00e5 leveringsytelsen til 300 leverand\u00f8rer. Du kan ikke overv\u00e5ke \u00f8konomiske nyheter for alle selskaper du kj\u00f8per fra. Du kan ikke sjekke samsvarsstatus kontinuerlig.<\/p>\n<p>S\u00e5 du overv\u00e5ker de store leverand\u00f8rene og h\u00e5per at de andre ikke skaper problemer. H\u00e5p er ikke en risikostyringsstrategi.<\/p>\n\n\n<hr class=\"wp-block-separator has-alpha-channel-opacity\"\/>\n\n\n\n<h3 class=\"wp-block-heading\">Hva AI gj\u00f8r for leverand\u00f8rers ytelse og risikostyring<\/h3>\n\n\n<p>AI sporer ikke bare leverand\u00f8rens ytelse. Den forutser problemer. Her er hvordan.<\/p>\n\n\n<h4 class=\"wp-block-heading\">Kontinuerlig overv\u00e5king av leverand\u00f8rens ytelse<\/h4>\n\n\n<p>AI sporer leverand\u00f8rens prestasjonsdata i sanntid. Ikke kvartalsvise gjennomganger. Kontinuerlig overv\u00e5king av hver eneste transaksjon.<\/p>\n\n<p><strong>Sporing av levering i tide:<\/strong><\/p>\n<ul>\n<li>Hver eneste bestilling. Hver eneste levering. Kom den i tide? Tidlig? For sent? Med hvor mye?<\/li>\n<li>Leveringsresultater per leverand\u00f8r, per kategori, per tidsperiode.<\/li>\n<li>Trender: Blir ytelsen bedre eller d\u00e5rligere?<\/li>\n<li>Variabilitet: Konsekvent ytelse eller uforutsigbar?<\/li>\n<li>Forpliktelser: Faktisk ytelse i forhold til avtalte tjenesteniv\u00e5er.<\/li>\n<\/ul>\n<p>En leverand\u00f8rs generelle ytelse kan v\u00e6re akseptabel, men ytelsen p\u00e5 kritiske punkter er d\u00e5rlig. AI-en ser dette. En leverand\u00f8rs gjennomsnitt viser 95% i tide, men den siste tiden har ytelsen falt til 80%. Den kunstige intelligensen fanger opp trenden.<\/p>\n\n<p><strong>Kvalitetsm\u00e5linger:<\/strong><\/p>\n<ul>\n<li>Antall defekter. Returrater. Krav til omarbeiding.<\/li>\n<li>Kvalitetshendelser etter alvorlighetsgrad og frekvens.<\/li>\n<li>Overholdelse av spesifikasjoner og standarder.<\/li>\n<li>Kundeklager spores tilbake til leverand\u00f8rproblemer.<\/li>\n<li>Kvalitetskostnader: inspeksjon, omarbeid, returer, garantikrav.<\/li>\n<\/ul>\n<p>Kvalitetsproblemer viser ofte m\u00f8nstre f\u00f8r de blir \u00e5penbare. Antallet feil \u00f8ker sakte. Spesifikke produktlinjer har problemer. Den kunstige intelligensen identifiserer disse m\u00f8nstrene tidlig.<\/p>\n\n<p><strong>Lydh\u00f8rhet og service:<\/strong><\/p>\n<ul>\n<li>Svartid p\u00e5 henvendelser og problemer.<\/li>\n<li>Hurtig og effektiv probleml\u00f8sning.<\/li>\n<li>Fleksibilitet n\u00e5r det gjelder \u00e5 h\u00e5ndtere endringer eller hasteforesp\u00f8rsler.<\/li>\n<li>Kvalitet og proaktivitet i kommunikasjonen.<\/li>\n<li>Teknisk st\u00f8tte og ekspertise.<\/li>\n<\/ul>\n\n<p><strong>Kommersiell ytelse:<\/strong><\/p>\n<ul>\n<li>N\u00f8yaktighet i fakturaer. Faktureringsproblemer og feil.<\/li>\n<li>Prisfastsettelse i samsvar med kontrakter.<\/li>\n<li>Overholdelse av betalingsbetingelser.<\/li>\n<li>Tilbudsbehandlingstid og konkurransedyktighet.<\/li>\n<\/ul>\n<p>Den kunstige intelligensen samler ikke bare inn data. Den analyserer dem. Viser trender. Sammenligner leverand\u00f8rer. Varsler om sviktende ytelse f\u00f8r det blir kritisk.<\/p>\n\n\n<h4 class=\"wp-block-heading\">Scorer i leverand\u00f8rrelasjoner<\/h4>\n\n\n<p>Du har hundrevis av leverand\u00f8rer. Hvilke fortjener oppmerksomhet? Hvilke presterer godt? Hvilke trenger forbedringsdiskusjoner?<\/p>\n<p>Den kunstige intelligensen gir hver leverand\u00f8r poeng p\u00e5 tvers av flere dimensjoner:<\/p>\n\n<p><strong>Resultatpoeng:<\/strong><\/p>\n<ul>\n<li>Vektet kombinasjon av leveranse, kvalitet, responstid og kommersielle parametere.<\/li>\n<li>Justert for viktighet: Kritiske leverand\u00f8rer fikk strengere poengsum.<\/li>\n<li>Sammenlignet med kontraktsfestede forpliktelser og resultater fra sammenlignbare selskaper.<\/li>\n<\/ul>\n\n<p><strong>Risikoscore:<\/strong><\/p>\n<ul>\n<li>Finansiell risiko. Etterlevelsesrisiko. Operasjonell risiko. Geografisk risiko.<\/li>\n<li>Avhengighet av \u00e9n kilde. Konsentrasjonsrisiko.<\/li>\n<li>Eksterne faktorer: geopolitiske, regulatoriske og markedsmessige forhold.<\/li>\n<\/ul>\n\n<p><strong>Verdiscore:<\/strong><\/p>\n<ul>\n<li>Kostnadsmessig konkurranseevne. Bidrag til innovasjon. Strategisk verdi.<\/li>\n<li>Enkelt \u00e5 gj\u00f8re forretninger. Fleksibilitet og partnerskapstiln\u00e6rming.<\/li>\n<li>Totalverdi utover pris.<\/li>\n<\/ul>\n\n<p><strong>Samlet vurdering av leverand\u00f8ren:<\/strong><\/p>\n<ul>\n<li>Kombinert oversikt over resultater, risiko og verdi.<\/li>\n<li>Segmentering: strategiske partnere, foretrukne leverand\u00f8rer, akseptable leverand\u00f8rer, risikoleverand\u00f8rer.<\/li>\n<li>Anbefalinger om tiltak basert p\u00e5 vurdering og trender.<\/li>\n<\/ul>\n<p>Du f\u00e5r en prioritert leverand\u00f8rliste. Hvem trenger en prestasjonssamtale? Hvem fortjener flere oppdrag? Hvem trenger en overgangsplan?<\/p>\n<p>Ikke basert p\u00e5 magef\u00f8lelse eller den som klaget h\u00f8yest. Basert p\u00e5 omfattende, objektive data.<\/p>\n\n\n<h4 class=\"wp-block-heading\">Oppdager risikosignaler tidlig<\/h4>\n\n\n<p>Leverand\u00f8rproblemer oppst\u00e5r ikke plutselig. Det finnes varselsignaler. Den kunstige intelligensen ser etter dem.<\/p>\n\n<p><strong>Finansielle risikosignaler:<\/strong><\/p>\n<ul>\n<li>Nedgradering av kredittvurdering. Forverring av regnskapet.<\/li>\n<li>Betalingsproblemer: sene betalinger til leverand\u00f8rene, skatte- og avgiftspant, rettskraftige dommer.<\/li>\n<li>Store tap av kunder. Konsentrasjon eller nedgang i inntektene.<\/li>\n<li>Oppsigelser, nedleggelser av anlegg, kunngj\u00f8ringer om omstrukturering.<\/li>\n<li>Eierskifter, utskiftninger i ledelsen, konkursbegj\u00e6ringer.<\/li>\n<\/ul>\n\n<p><strong>Signaler om operasjonell risiko:<\/strong><\/p>\n<ul>\n<li>D\u00e5rligere leveringsresultater. Ledetidene \u00f8ker.<\/li>\n<li>Kvalitetsproblemer \u00f8ker i hyppighet eller alvorlighetsgrad.<\/li>\n<li>Kapasitetsbegrensninger. Produksjonsproblemer.<\/li>\n<li>Avgang av n\u00f8kkelpersonell. Arbeidsproblemer eller streik.<\/li>\n<li>Leverand\u00f8rkjedeproblemer som p\u00e5virker leverand\u00f8rene deres.<\/li>\n<\/ul>\n\n<p><strong>Etterlevelse og omd\u00f8mmerisiko:<\/strong><\/p>\n<ul>\n<li>Brudd p\u00e5 regelverket. Sikkerhetshendelser. Milj\u00f8problemer.<\/li>\n<li>Juridiske problemer: s\u00f8ksm\u00e5l, etterforskning, b\u00f8ter.<\/li>\n<li>Negativ nyhetsdekning. Stemningsendringer i sosiale medier.<\/li>\n<li>Klager fra kunder. Endringer i bransjens omd\u00f8mme.<\/li>\n<li>Bortfall av sertifisering. Forsikrings- eller lisensproblemer.<\/li>\n<\/ul>\n\n<p><strong>Markedsrisiko og ekstern risiko:<\/strong><\/p>\n<ul>\n<li>Geopolitiske sp\u00f8rsm\u00e5l som p\u00e5virker leverand\u00f8rens lokalisering.<\/li>\n<li>Naturkatastrofer, v\u00e6rhendelser, infrastrukturproblemer.<\/li>\n<li>Regulatoriske endringer som p\u00e5virker leverand\u00f8rens virksomhet.<\/li>\n<li>Markedsforstyrrelser i leverand\u00f8rindustrien.<\/li>\n<li>Volatile r\u00e5varepriser p\u00e5virker leverand\u00f8rkostnadene.<\/li>\n<\/ul>\n<p>Den kunstige intelligensen overv\u00e5ker nyheter, finansielle databaser, regulatoriske innleveringer, bransjerapporter og interne resultatdata. Den kobler sammen signaler som ville blitt oversett hvis den var isolert.<\/p>\n<p>En leverand\u00f8r har mindre leveringsforsinkelser. Det er ett signal. Den samme leverand\u00f8ren har nettopp permittert 10% av sine ansatte. Det er et annet signal. Til sammen tyder de p\u00e5 at et st\u00f8rre problem er i ferd med \u00e5 oppst\u00e5.<\/p>\n<p>Du f\u00e5r et tidlig varsel. Tid til \u00e5 diversifisere innkj\u00f8pene. Bygg opp lagerbuffere. Finn alternativer. H\u00e5ndter risiko proaktivt i stedet for \u00e5 reagere p\u00e5 kriser.<\/p>\n\n\n<h4 class=\"wp-block-heading\">Forutser forsyningsforstyrrelser<\/h4>\n\n\n<p>Noen leverand\u00f8rproblemer er forutsigbare. Den kunstige intelligensen identifiserer m\u00f8nstre som g\u00e5r forut for forstyrrelser.<\/p>\n\n<p><strong>M\u00f8nstre for ytelsesforringelse:<\/strong><\/p>\n<p>D\u00e5rligere leveringsresultater. D\u00e5rligere kvalitet. Lengre ledetider. Disse m\u00f8nstrene g\u00e5r ofte forut for st\u00f8rre problemer.<\/p>\n<p>Den kunstige intelligensen l\u00e6rer hvilke m\u00f8nstre som korrelerer med forstyrrelser. Den flagger leverand\u00f8rer som viser disse m\u00f8nstrene f\u00f8r avbruddet skjer.<\/p>\n\n<p><strong>Akkumulering av risikofaktorer:<\/strong><\/p>\n<p>Flere risikosignaler som opptrer samtidig, \u00f8ker sannsynligheten for avbrudd.<\/p>\n<p>\u00d8konomisk stress + driftsproblemer + nedgang i bransjen = h\u00f8y sannsynlighet for at leverand\u00f8ren g\u00e5r konkurs. Den kunstige intelligensen kvantifiserer denne risikoen.<\/p>\n\n<p><strong>Overv\u00e5king av eksterne faktorer:<\/strong><\/p>\n<p>V\u00e6rm\u00f8nstre som p\u00e5virker innh\u00f8stingen for landbruksleverand\u00f8rer. Regulatoriske tidsfrister som skaper kapasitetsbegrensninger. Overbelastning i havnene som p\u00e5virker leveringsplanene.<\/p>\n<p>Den kunstige intelligensen overv\u00e5ker eksterne faktorer som forutser forstyrrelser i forsyningskjeden. Ikke perfekt, men tidlig nok til at vi kan forberede oss.<\/p>\n\n<p><strong>Analyse av kapasitet og ettersp\u00f8rsel:<\/strong><\/p>\n<p>Leverand\u00f8ren har en kapasitet p\u00e5 90%. Ettersp\u00f8rselen i bransjen \u00f8ker. Volumet ditt vokser. Regnestykket forutsier kapasitetsproblemer.<\/p>\n<p>Den kunstige intelligensen modellerer leverand\u00f8rkapasiteten opp mot ettersp\u00f8rselen. Flagger situasjoner der det er sannsynlig at tilbudet vil bli begrenset.<\/p>\n<p>Forutsigelse av forstyrrelser er ikke perfekt. Men selv 70% n\u00f8yaktighet med tidlig varsling er verdifullt. Du kan ikke forhindre alle forstyrrelser. Men du kan forberede deg p\u00e5 dem du ser komme.<\/p>\n\n\n<h4 class=\"wp-block-heading\">Sporer samsvarsstatus<\/h4>\n\n\n<p>Leverand\u00f8rer har krav til samsvar. Sertifiseringer. Forsikring. Dokumentasjon. Sikkerhetsregistreringer. Milj\u00f8tillatelser.<\/p>\n<p>Disse g\u00e5r ut p\u00e5 dato. Leverand\u00f8rene glemmer \u00e5 fornye dem. Eller de forteller deg ikke n\u00e5r det oppst\u00e5r problemer.<\/p>\n<p>AI sporer status for samsvar:<\/p>\n\n<p><strong>N\u00f8dvendig dokumentasjon:<\/strong><\/p>\n<ul>\n<li>Forsikringsbevis. Dekningsbel\u00f8p og utl\u00f8psdatoer.<\/li>\n<li>Kvalitetssertifiseringer (ISO, bransjespesifikke). Gjeldende status og datoer for fornyelse.<\/li>\n<li>Sikkerhetssertifiseringer og revisjonsresultater.<\/li>\n<li>\u00c5rsregnskap og kredittopplysninger.<\/li>\n<li>Lisenser, tillatelser, registreringer.<\/li>\n<\/ul>\n\n<p><strong>Overholdelse av lover og regler:<\/strong><\/p>\n<ul>\n<li>Overholdelse av bransjeforskrifter. Inspeksjonsresultater.<\/li>\n<li>Overholdelse av milj\u00f8krav. Utslipp, avfall, rapportering.<\/li>\n<li>Arbeids- og sikkerhetsforskrifter. Revisjonsfunn.<\/li>\n<li>Overholdelse av import\/eksport. Handelsrestriksjoner.<\/li>\n<li>Personvern og datasikkerhet for IT-leverand\u00f8rer.<\/li>\n<\/ul>\n\n<p><strong>Overholdelse av kontrakter:<\/strong><\/p>\n<ul>\n<li>P\u00e5krevde sertifiseringer i henhold til kontraktsvilk\u00e5rene.<\/li>\n<li>Krav til rapportering. Revisjonsrettigheter.<\/li>\n<li>Forpliktelser knyttet til mangfold og b\u00e6rekraft.<\/li>\n<li>Anerkjennelse og etterlevelse av etiske retningslinjer.<\/li>\n<\/ul>\n<p>AI-en sporer hva som kreves. Overv\u00e5ker status. Varsler f\u00f8r utl\u00f8p. Flagger problemer med samsvar.<\/p>\n<p>Forsikringen gikk ut for tre m\u00e5neder siden uten at noen la merke til det? AI-en fanger det opp. Sertifisering ikke fornyet? Varsel sendes f\u00f8r det blir et problem.<\/p>\n<p>Overv\u00e5king av samsvar er ikke spennende. Men manglende etterlevelse er dyrt. Juridisk eksponering. Revisjonsfunn. Brudd p\u00e5 kundekontrakter. AI forhindrer disse problemene.<\/p>\n\n\n<hr class=\"wp-block-separator has-alpha-channel-opacity\"\/>\n\n\n\n<h3 class=\"wp-block-heading\">Hva dette betyr for deg<\/h3>\n\n\n\n<h4 class=\"wp-block-heading\">For innkj\u00f8pssjefer og ledere innen innkj\u00f8p<\/h4>\n\n\n<p>Du g\u00e5r fra reaktiv til proaktiv leverand\u00f8rrisikostyring.<\/p>\n<ul>\n<li><strong>Proaktiv risikostyring:<\/strong> Problemer varsles f\u00f8r de forstyrrer driften. Tid til \u00e5 forberede seg i stedet for \u00e5 stresse.<\/li>\n<li><strong>Leverand\u00f8ransvar med data:<\/strong> Prestasjonsdiskusjoner underst\u00f8ttet av objektive m\u00e5ltall. Tydelige forventninger og m\u00e5linger.<\/li>\n<li><strong>Beskyttet leverand\u00f8rkjede:<\/strong> Tidlig varslingssystem for leverand\u00f8rproblemer. Redusert avbruddseffekt.<\/li>\n<li><strong>Kontinuerlig forbedring:<\/strong> Systematisk resultatoppf\u00f8lging driver leverand\u00f8rene til \u00e5 forbedre seg over tid.<\/li>\n<li><strong>Strategisk leverand\u00f8rstyring:<\/strong> Finn ut hvilke leverand\u00f8rer som fortjener investeringer og partnerskap. Hvilke som m\u00e5 forbedre ytelsen. Hvilke som m\u00e5 skiftes ut.<\/li>\n<\/ul>\n\n\n<h4 class=\"wp-block-heading\">For innkj\u00f8pssjefer og innkj\u00f8pere<\/h4>\n\n\n<p>Du vet hvilke leverand\u00f8rer du skal holde \u00f8ye med, og du har bevis for vanskelige samtaler.<\/p>\n<ul>\n<li><strong>Vet hvilke leverand\u00f8rer du b\u00f8r f\u00f8lge med p\u00e5:<\/strong> Prioritert liste basert p\u00e5 resultater og risiko. Fokuser oppmerksomheten der det betyr noe.<\/li>\n<li><strong>Bevis for leverand\u00f8rsamtaler:<\/strong> Datast\u00f8ttede prestasjonsdiskusjoner. Konkrete problemstillinger med tydelige m\u00e5leparametere.<\/li>\n<li><strong>Tidlig varsling om problemer:<\/strong> Ta tak i problemer f\u00f8r de blir kritiske. Proaktiv ledelse.<\/li>\n<li><strong>Forenklet resultatoppf\u00f8lging:<\/strong> Ingen flere manuelle m\u00e5lekort. Automatisert datainnsamling og analyse.<\/li>\n<li><strong>Verifisering av samsvar:<\/strong> F\u00e5 oversikt over leverand\u00f8rens samsvarsstatus uten \u00e5 m\u00e5tte spore dokumenter manuelt.<\/li>\n<\/ul>\n\n\n<h4 class=\"wp-block-heading\">For drift og forsyningskjede<\/h4>\n\n\n<p>Du f\u00e5r p\u00e5litelig forsyning med f\u00e6rre avbrudd.<\/p>\n<ul>\n<li><strong>F\u00e6rre forsyningsavbrudd:<\/strong> Tidlig varsling gj\u00f8r det mulig \u00e5 forberede seg. Bufferbeholdning, alternative kilder, beredskapsplaner.<\/li>\n<li><strong>Bedre leverand\u00f8rkvalitet:<\/strong> Kontinuerlig overv\u00e5king og tilbakemelding driver frem forbedringer. Problemer fanges opp tidlig.<\/li>\n<li><strong>Redusert risikoeksponering:<\/strong> \u00d8konomisk svikt, brudd p\u00e5 compliance og driftsproblemer fanges opp f\u00f8r de f\u00e5r konsekvenser for deg.<\/li>\n<li><strong>Forutsigbar forsyning:<\/strong> Bedre oversikt over leverand\u00f8rkapasitet og risiko. F\u00e6rre overraskelser.<\/li>\n<li><strong>Raskere probleml\u00f8sning:<\/strong> Problemer identifiseres og eskaleres umiddelbart. Mindre tid p\u00e5 \u00e5 oppdage problemer.<\/li>\n<\/ul>\n\n\n<hr class=\"wp-block-separator has-alpha-channel-opacity\"\/>\n\n\n\n<h3 class=\"wp-block-heading\">Hva AI ikke vil gj\u00f8re<\/h3>\n\n\n<p>La oss v\u00e6re tydelige n\u00e5r det gjelder grenser.<\/p>\n<p>AI gir synlighet og tidlig varsling. Den h\u00e5ndterer ikke leverand\u00f8rrelasjoner. Det er fortsatt menneskelig arbeid.<\/p>\n<p>AI kan ikke forutse alle forstyrrelser. Noen problemer oppst\u00e5r plutselig, uten varselsignaler. Noen risikofaktorer dukker ikke opp i datakildene som den kunstige intelligensen overv\u00e5ker.<\/p>\n<p>AI kan ikke ta strategiske beslutninger om leverand\u00f8rrelasjoner. Hvorvidt man skal samarbeide med en leverand\u00f8r for \u00e5 forbedre ytelsen, eller om man skal bytte dem ut, avhenger av andre faktorer enn data: strategisk betydning, relasjonshistorikk, tilgjengelige alternativer og forretningsstrategi.<\/p>\n<p>Det AI gj\u00f8r, er \u00e5 synliggj\u00f8re problemer tidlig. Tilbyr objektive ytelsesdata. Spore risikosignaler fra flere kilder. Skap tid og informasjon for bedre beslutninger.<\/p>\n<p>Innkj\u00f8psteamet ditt h\u00e5ndterer fortsatt leverand\u00f8rrelasjoner. De tar fortsatt strategiske beslutninger. De gj\u00f8r det bare med bedre informasjon og tidlig varsling i stedet for \u00e5 reagere i etterkant.<\/p>\n\n\n<hr class=\"wp-block-separator has-alpha-channel-opacity\"\/>\n\n\n\n<h3 class=\"wp-block-heading\">Reelle resultater fra AI for leverand\u00f8rytelse og risikostyring<\/h3>\n\n\n<p>Slik ser dette ut i praksis:<\/p>\n\n<p><strong>Forebygging av forstyrrelser:<\/strong> Tidlig varsling gj\u00f8r det mulig \u00e5 forberede seg. Forstyrrelser som ville ha stoppet produksjonen, f\u00f8rer i stedet til mindre forsinkelser fordi alternativer var klare.<\/p>\n\n<p><strong>Forbedring av ytelsen:<\/strong> Kontinuerlig overv\u00e5king og databaserte diskusjoner driver leverand\u00f8rforbedringer. Typisk forbedring av leveringsytelsen p\u00e5 5-10 prosentpoeng.<\/p>\n\n<p><strong>Unng\u00e5else av risiko:<\/strong> \u00d8konomisk svikt, brudd p\u00e5 lover og regler og kvalitetskriser fanges opp tidlig. Problemer h\u00e5ndteres f\u00f8r de blir kritiske.<\/p>\n\n<p><strong>Tidsbesparelser:<\/strong> Automatisert resultatoppf\u00f8lging erstatter manuelle m\u00e5lekort. Innkj\u00f8pere bruker tid p\u00e5 \u00e5 h\u00e5ndtere unntak, ikke p\u00e5 \u00e5 samle inn data.<\/p>\n\n<p><strong>Bedre leverand\u00f8rrelasjoner:<\/strong> Objektive data fjerner f\u00f8lelser fra prestasjonsdiskusjoner. Leverand\u00f8rene respekterer m\u00e5linger og reagerer p\u00e5 fakta.<\/p>\n\n<p>Dette handler ikke om \u00e5 eliminere all leverand\u00f8rrisiko. Risiko eksisterer. Men h\u00e5ndtert risiko er noe annet enn uh\u00e5ndtert risiko. Synlighet og tidlig varsling gj\u00f8r at risikostyringen g\u00e5r fra \u00e5 v\u00e6re reaktiv til \u00e5 bli proaktiv.<\/p>\n\n\n<hr class=\"wp-block-separator has-alpha-channel-opacity\"\/>\n\n\n\n<h3 class=\"wp-block-heading\">Klar til \u00e5 f\u00e5 kontroll over leverand\u00f8rrisikoen?<\/h3>\n\n\n<p>Alle bedrifters leverand\u00f8rbase er forskjellig. Forskjellige leverand\u00f8rer. Forskjellige risikoer. Ulike prestasjonsm\u00e5linger som er viktige for virksomheten.<\/p>\n<p>Vi selger ikke generiske leverand\u00f8rstyringssystemer. Vi ser p\u00e5 din spesifikke leverand\u00f8rbase og risikofaktorer. Vi identifiserer hvilke prestasjonsm\u00e5linger som er viktige for virksomheten din. Vi bygger opp overv\u00e5king og varsling som samsvarer med din risikotoleranse og dine operasjonelle behov.<\/p>\n<p>Vi lover ikke at AI vil forutse alle problemer. Bare praktiske verkt\u00f8y som synliggj\u00f8r leverand\u00f8rens prestasjoner og varsler om risikoer f\u00f8r de utvikler seg til kriser.<\/p>\n\n<p><a href=\"https:\/\/www.leaplytics.de\/nb\/kontakt\/\">La oss snakke om risikostyring for leverand\u00f8rene dine<\/a><\/p>\n\n<p><a href=\"https:\/\/www.leaplytics.de\/nb\/sourcing-innkjop-ai\/\">Tilbake til Innkj\u00f8p og innkj\u00f8p AI<\/a><\/p>","protected":false},"excerpt":{"rendered":"<p>AI for Supplier Performance &#038; Risk Management: Know Your Suppliers Before They Cause Problems Your business depends on suppliers. They deliver the materials you need. The components you build with. The services that keep operations running. When suppliers perform well, you don&#8217;t think about them. When they fail, everything stops. Late deliveries delay production. Quality &hellip; <\/p>","protected":false},"author":2,"featured_media":0,"parent":0,"menu_order":0,"comment_status":"closed","ping_status":"closed","template":"","meta":{"footnotes":""},"class_list":["post-14514","page","type-page","status-publish","hentry","latest_post"],"_links":{"self":[{"href":"https:\/\/www.leaplytics.de\/nb\/wp-json\/wp\/v2\/pages\/14514","targetHints":{"allow":["GET"]}}],"collection":[{"href":"https:\/\/www.leaplytics.de\/nb\/wp-json\/wp\/v2\/pages"}],"about":[{"href":"https:\/\/www.leaplytics.de\/nb\/wp-json\/wp\/v2\/types\/page"}],"author":[{"embeddable":true,"href":"https:\/\/www.leaplytics.de\/nb\/wp-json\/wp\/v2\/users\/2"}],"replies":[{"embeddable":true,"href":"https:\/\/www.leaplytics.de\/nb\/wp-json\/wp\/v2\/comments?post=14514"}],"version-history":[{"count":1,"href":"https:\/\/www.leaplytics.de\/nb\/wp-json\/wp\/v2\/pages\/14514\/revisions"}],"predecessor-version":[{"id":14523,"href":"https:\/\/www.leaplytics.de\/nb\/wp-json\/wp\/v2\/pages\/14514\/revisions\/14523"}],"wp:attachment":[{"href":"https:\/\/www.leaplytics.de\/nb\/wp-json\/wp\/v2\/media?parent=14514"}],"curies":[{"name":"wp","href":"https:\/\/api.w.org\/{rel}","templated":true}]}}