{"id":14565,"date":"2026-02-12T20:34:09","date_gmt":"2026-02-12T19:34:09","guid":{"rendered":"https:\/\/www.leaplytics.de\/?page_id=14565"},"modified":"2026-02-12T20:34:10","modified_gmt":"2026-02-12T19:34:10","slug":"matrisetabell-leaplytics-personvernerklaering","status":"publish","type":"page","link":"https:\/\/www.leaplytics.de\/nb\/matrisetabell-leaplytics-personvernerklaering\/","title":{"rendered":"Matrix Table LeapLytics - Retningslinjer for personvern"},"content":{"rendered":"<p><strong>Fra og med 11.02.2026<\/strong><\/p>\n<p>Vi er veldig glade for at du har vist interesse for v\u00e5r Leaplytics Matrix Table Power BI Visual. Ledelsen i LeapLytics GmbH prioriterer databeskyttelse spesielt h\u00f8yt. <\/p>\n<p><strong>Fullstendig uavhengighet av data<\/strong>: V\u00e5r Power BI-visual fungerer helt uavhengig i ditt Power BI-milj\u00f8. Vi verken mottar, samler inn, lagrer eller har tilgang til noen data fra det visuelle programmet. All databehandling skjer lokalt i Power BI, og ingen informasjon overf\u00f8res til LeapLytics GmbH.<\/p>\n<p>Det er mulig \u00e5 bruke v\u00e5r Power BI visual uten \u00e5 oppgi personopplysninger, men hvis den registrerte \u00f8nsker \u00e5 bruke spesielle bedriftstjenester via v\u00e5r nettside eller supportkanaler, kan det bli n\u00f8dvendig \u00e5 behandle personopplysninger. Hvis behandling av personopplysninger er n\u00f8dvendig og det ikke finnes noe lovfestet grunnlag for slik behandling, innhenter vi som regel samtykke fra den registrerte.<\/p>\n<p>Behandlingen av personopplysninger, for eksempel navn, adresse, e-postadresse eller telefonnummer til en registrert person, skal alltid v\u00e6re i tr\u00e5d med personvernforordningen (GDPR) og i samsvar med de landsspesifikke personvernbestemmelsene som gjelder for oss. Ved hjelp av denne personvernerkl\u00e6ringen \u00f8nsker v\u00e5r virksomhet \u00e5 informere allmennheten om arten, omfanget og form\u00e5let med de personopplysningene vi samler inn, bruker og behandler. Videre informeres de registrerte ved hjelp av denne personvernerkl\u00e6ringen om hvilke rettigheter de har krav p\u00e5.<\/p>\n<p>Som behandlingsansvarlig har vi iverksatt en rekke tekniske og organisatoriske tiltak for \u00e5 sikre best mulig beskyttelse av personopplysninger som behandles gjennom v\u00e5r Power BI visual og tilknyttede tjenester. Internettbaserte dataoverf\u00f8ringer kan imidlertid i prinsippet ha sikkerhetshull, slik at absolutt beskyttelse ikke kan garanteres. Av denne grunn st\u00e5r alle registrerte fritt til \u00e5 overf\u00f8re personopplysninger til oss p\u00e5 alternative m\u00e5ter, f.eks. via telefon.<\/p>\n<h2 id=\"definitions\">Definisjoner<\/h2>\n<p>Personvernerkl\u00e6ringen til LeapLytics GmbH er basert p\u00e5 vilk\u00e5rene som brukes av den europeiske lovgiveren for vedtakelsen av den generelle databeskyttelsesforordningen (GDPR). V\u00e5r personvernerkl\u00e6ring skal v\u00e6re leselig og forst\u00e5elig for allmennheten, s\u00e5 vel som for v\u00e5re kunder og forretningspartnere. For \u00e5 sikre dette vil vi f\u00f8rst forklare terminologien som brukes.<\/p>\n<p>I denne personvernerkl\u00e6ringen bruker vi blant annet f\u00f8lgende begreper:<\/p>\n<p><strong>a) Personopplysninger<\/strong><\/p>\n<p>Personopplysninger betyr enhver opplysning om en identifisert eller identifiserbar fysisk person (\"den registrerte\"). En identifiserbar fysisk person er en person som kan identifiseres, direkte eller indirekte, s\u00e6rlig ved hjelp av en identifikator, f.eks. et navn, et identifikasjonsnummer, lokaliseringsopplysninger, en nettidentifikator eller ett eller flere elementer som er spesifikke for den fysiske, fysiologiske, genetiske, psykiske, \u00f8konomiske, kulturelle eller sosiale identiteten til den fysiske personen.<\/p>\n<p><strong>b) Den registrerte<\/strong><\/p>\n<p>Den registrerte er enhver identifisert eller identifiserbar fysisk person hvis personopplysninger behandles av den behandlingsansvarlige.<\/p>\n<p><strong>c) Behandling<\/strong><\/p>\n<p>Behandling er enhver operasjon eller rekke av operasjoner som utf\u00f8res p\u00e5 personopplysninger eller p\u00e5 grupper av personopplysninger, enten automatisert eller ikke, for eksempel innsamling, registrering, organisering, strukturering, lagring, tilpasning eller endring, gjenfinning, konsultasjon, bruk, utlevering ved overf\u00f8ring, spredning eller tilgjengeliggj\u00f8ring p\u00e5 annen m\u00e5te, sammenstilling eller samkj\u00f8ring, begrensning, sletting eller tilintetgj\u00f8ring.<\/p>\n<p><strong>d) Behandlingsansvarlig eller behandlingsansvarlig for behandlingen<\/strong><\/p>\n<p>Behandlingsansvarlig eller behandlingsansvarlig er den fysiske eller juridiske personen, offentlige myndighet, institusjon eller annet organ som, alene eller sammen med andre, bestemmer form\u00e5lene med og midlene for behandlingen av personopplysninger; dersom form\u00e5lene med og midlene for slik behandling er fastsatt i unionsretten eller medlemsstatenes nasjonale rett, kan den behandlingsansvarlige eller de spesifikke kriteriene for utpeking av denne v\u00e6re fastsatt i unionsretten eller medlemsstatenes nasjonale rett.<\/p>\n<p><strong>e) Samtykke<\/strong><\/p>\n<p>Samtykke fra den registrerte er enhver frivillig, spesifikk, informert og utvetydig viljesytring fra den registrerte, der han eller hun gjennom en erkl\u00e6ring eller en tydelig bekreftende handling gir sitt samtykke til behandling av personopplysninger som gjelder ham eller henne.<\/p>\n<h2 id=\"name-and-address-of-the-controller\">Navn og adresse til den behandlingsansvarlige<\/h2>\n<p>Behandlingsansvarlig i henhold til personvernforordningen (GDPR), andre personvernlover som gjelder i EUs medlemsland og andre bestemmelser knyttet til personvern:<\/p>\n<p><strong>LeapLytics GmbH<\/strong><br \/>Stefan Preusler &amp; Dominik Galsheimer<br \/>Teutonenweg 18<br \/>63128 Dietzenbach<br \/>Tyskland  <\/p>\n<p>E-post: info@leaplytics.de<br \/>UST-ID\/skatte-ID: DE344747402<\/p>\n<h2 id=\"power-bi-visual-operation\">Visuell betjening av Power BI<\/h2>\n<h3 id=\"nature-of-our-power-bi-visual\">Arten av v\u00e5r Power BI Visual<\/h3>\n<p>Leaplytics Matrix Table Power BI Visual er en datavisualiseringskomponent som i sin helhet fungerer i Microsoft Power BI. Visualiseringsverkt\u00f8yet behandler data lokalt i Power BI-milj\u00f8et for \u00e5 skape interaktive matrisetabellvisualiseringer for \u00f8konomisk rapportering, budsjettanalyse og resultatoppf\u00f8lging.<\/p>\n<h3 id=\"independent-operation-within-power-bi\">Uavhengig drift innenfor Power BI<\/h3>\n<p>N\u00e5r du bruker v\u00e5r visuelle Power BI:<\/p>\n<ol>\n<li><strong>Kun lokal behandling<\/strong>: Den visuelle behandlingen av dataene dine skjer helt og holdent i Power BI-milj\u00f8et ditt<\/li>\n<li><strong>Ingen dataoverf\u00f8ring til LeapLytics<\/strong>: Ingen data fra det visuelle overf\u00f8res til LeapLytics GmbHs servere eller systemer<\/li>\n<li><strong>Kun Microsoft Infrastructure<\/strong>: All behandling skjer p\u00e5 Microsofts Power BI-infrastruktur<\/li>\n<li><strong>Fullstendig uavhengighet av data<\/strong>: LeapLytics GmbH mottar, f\u00e5r ikke tilgang til eller lagrer noen data fra din bruk av den visuelle<\/li>\n<\/ol>\n<h3 id=\"data-processing-scope\">Omfang av databehandling<\/h3>\n<p><strong>Viktig avklaring<\/strong>: LeapLytics GmbH behandler ingen data fra selve Power BI-visualet. Det visuelle programmet fungerer uavhengig i Power BI-milj\u00f8et ditt, og vi har ingen tilgang til det:<\/p>\n<ul>\n<li>Dine \u00f8konomiske data (verdier, kategorier, sammenligninger, avvik)<\/li>\n<li>Visuelle konfigurasjonsinnstillinger (farger, formatering, diagrammodus, layoutalternativer)<\/li>\n<li>Bruksm\u00f8nstre eller analyser<\/li>\n<li>All informasjon om din bruk av det visuelle<\/li>\n<\/ul>\n<h3 id=\"legal-basis-for-visual-operation\">Juridisk grunnlag for visuell betjening<\/h3>\n<p>Den visuelle funksjonaliteten fungerer under din eksisterende Microsoft Power BI-lisens og tjenestevilk\u00e5r. LeapLytics GmbH behandler ingen personopplysninger gjennom selve den visuelle funksjonaliteten.<\/p>\n<h2 id=\"microsoft-power-bi-integration\">Microsoft Power BI-integrasjon<\/h2>\n<h3 id=\"data-processing-by-microsoft-only\">Databehandling kun av Microsoft<\/h3>\n<p>N\u00e5r du bruker v\u00e5rt visuelle i Power BI:<\/p>\n<ul>\n<li><strong>Microsoft Corporation<\/strong> behandler alle data gjennom Power BI-tjenesten i henhold til personvernerkl\u00e6ringen deres<\/li>\n<li><strong>LeapLytics GmbH<\/strong> leverer kun den visuelle programvarekomponenten og behandler ingen brukerdata<\/li>\n<li>All databehandling er utelukkende underlagt Microsofts personvernerkl\u00e6ring for den visuelle funksjonaliteten<\/li>\n<\/ul>\n<h3 id=\"microsoft-s-sole-role-in-data-processing\">Microsofts eneste rolle i databehandling<\/h3>\n<p>For informasjon om hvordan Microsoft behandler dataene dine i Power BI, se<\/p>\n<ul>\n<li>Microsofts personvernerkl\u00e6ring: <a href=\"https:\/\/privacy.microsoft.com\/privacystatement\">https:\/\/privacy.microsoft.com\/privacystatement<\/a><\/li>\n<li>Microsoft Power BI Personvern: <a href=\"https:\/\/powerbi.microsoft.com\/privacy\/\">https:\/\/powerbi.microsoft.com\/privacy\/<\/a><\/li>\n<\/ul>\n<p><strong>Merknad<\/strong>: LeapLytics GmbH er ikke involvert i noen databehandling knyttet til din bruk av Power BI visual.<\/p>\n<h2 id=\"website-and-support-services\">Nettsted og st\u00f8ttetjenester<\/h2>\n<h3 id=\"collection-of-general-data-and-information\">Innsamling av generelle data og informasjon<\/h3>\n<p>Nettsiden v\u00e5r samler inn en rekke generelle data og informasjon n\u00e5r en registrert eller et automatisert system bes\u00f8ker nettsiden. Disse generelle dataene og opplysningene lagres i serverens loggfiler. Det som samles inn, kan v\u00e6re (1) nettlesertyper og -versjoner som brukes, (2) operativsystemet som brukes av systemet som \u00e5pner nettstedet, (3) nettstedet som systemet som \u00e5pner nettstedet kommer fra (s\u00e5kalte henvisninger), (4) undernettsteder, (5) dato og klokkeslett for tilgang til nettstedet, (6) en Internett-protokolladresse (IP-adresse), (7) Internett-leverand\u00f8ren til systemet som \u00e5pner nettstedet, og (8) andre lignende data og informasjon som kan brukes i tilfelle angrep p\u00e5 v\u00e5re IT-systemer.<\/p>\n<p>Ved bruk av disse generelle dataene og informasjonen trekker ikke LeapLytics GmbH noen konklusjoner om den registrerte. Snarere er denne informasjonen n\u00f8dvendig for \u00e5 (1) levere innholdet p\u00e5 nettstedet v\u00e5rt riktig, (2) optimalisere innholdet p\u00e5 nettstedet v\u00e5rt s\u00e5 vel som dets reklame, (3) sikre langsiktig levedyktighet av v\u00e5re informasjonsteknologisystemer og nettstedsteknologi, og (4) gi rettsh\u00e5ndhevende myndigheter den informasjonen som er n\u00f8dvendig for straffeforf\u00f8lgelse i tilfelle et cyberangrep.<\/p>\n<h3 id=\"contact-possibility-via-the-website\">Kontaktmulighet via nettstedet<\/h3>\n<p>Nettstedet v\u00e5rt inneholder informasjon som muliggj\u00f8r en rask elektronisk kontakt med v\u00e5r virksomhet, samt direkte kommunikasjon med oss, som ogs\u00e5 inkluderer en generell adresse til den s\u00e5kalte elektroniske posten (e-postadresse). Hvis en registrert person kontakter den behandlingsansvarlige via e-post eller via et kontaktskjema, blir personopplysningene som den registrerte overf\u00f8rer, automatisk lagret. Slike personopplysninger som den registrerte frivillig overf\u00f8rer til den behandlingsansvarlige, lagres med det form\u00e5l \u00e5 behandle eller kontakte den registrerte. Disse personopplysningene overf\u00f8res ikke til tredjeparter.<\/p>\n<h2 id=\"hosting\">Vertskap<\/h2>\n<p>Hosting-tjenestene som vi bruker, tjener til \u00e5 levere f\u00f8lgende tjenester: Infrastruktur- og plattformtjenester, datakapasitet, lagringsplass og databasetjenester, sikkerhetstjenester samt tekniske vedlikeholdstjenester som vi bruker for \u00e5 drive nettjenestene v\u00e5re.<\/p>\n<p>Vi eller v\u00e5r hostingleverand\u00f8r behandler lagerdata, kontaktdata, innholdsdata, kontraktsdata, bruksdata, metadata og kommunikasjonsdata fra kunder, interesserte parter og bes\u00f8kende p\u00e5 v\u00e5re nettjenester p\u00e5 grunnlag av v\u00e5re legitime interesser i effektiv og sikker levering av disse tjenestene i samsvar med art. 6 Para. 1 lit. f GDPR i.V.m. Art. 28 GDPR (inng\u00e5else av en kontrakt for behandling av bestillinger).<\/p>\n<h2 id=\"no-data-collection-from-visual\">Ingen datainnsamling fra Visual<\/h2>\n<p>LeapLytics GmbH samler ikke inn, mottar eller har tilgang til noen data gjennom Power BI visual, inkludert:<\/p>\n<ul>\n<li>Ingen bruksanalyse eller telemetridata<\/li>\n<li>Ingen informasjon om brukeratferd  <\/li>\n<li>Ingen ytelsesm\u00e5linger eller diagnostiske data<\/li>\n<li>Ingen \u00f8konomiske data (verdier, kategorier, avvik, sammenligninger, budsjetter)<\/li>\n<li>Ingen innstillinger for visuell konfigurasjon (farger, formatering, diagrammodus, layoutpreferanser)<\/li>\n<li>Ingen informasjon om visuelle bruksm\u00f8nstre<\/li>\n<\/ul>\n<p>Det visuelle fungerer som en helt uavhengig programvarekomponent i Power BI-milj\u00f8et ditt. Alle data forblir innenfor Microsofts Power BI-infrastruktur og overf\u00f8res aldri til LeapLytics GmbH.<\/p>\n<h2 id=\"routine-erasure-and-blocking-of-personal-data\">Rutinemessig sletting og sperring av personopplysninger<\/h2>\n<p>Den behandlingsansvarlige skal kun behandle og lagre personopplysningene til den registrerte i den perioden som er n\u00f8dvendig for \u00e5 oppn\u00e5 form\u00e5let med lagringen, eller i den utstrekning dette er gitt av den europeiske lovgiveren eller andre lovgivere i lover eller forskrifter som den behandlingsansvarlige er underlagt.<\/p>\n<p>Hvis lagringsform\u00e5let ikke er aktuelt, eller hvis en lagringsperiode som er foreskrevet av den europeiske lovgiveren eller en annen kompetent lovgiver, utl\u00f8per, blir personopplysningene rutinemessig blokkert eller slettet i samsvar med lovbestemte krav.<\/p>\n<h2 id=\"rights-of-the-data-subject\">Den registrertes rettigheter<\/h2>\n<h3 id=\"a-right-of-confirmation\">a) Rett til bekreftelse<\/h3>\n<p>Den registrerte skal ha rett til \u00e5 f\u00e5 en bekreftelse fra den behandlingsansvarlige p\u00e5 om personopplysninger som gjelder ham eller henne blir behandlet eller ikke. Hvis en registrert person \u00f8nsker \u00e5 benytte seg av denne retten til bekreftelse, kan han eller hun n\u00e5r som helst kontakte en hvilken som helst ansatt hos den behandlingsansvarlige.<\/p>\n<h3 id=\"b-right-of-access\">b) Rett til innsyn<\/h3>\n<p>Den registrerte skal ha rett til \u00e5 f\u00e5 gratis informasjon fra den behandlingsansvarlige om hvilke personopplysninger som til enhver tid er lagret om ham eller henne, og en kopi av denne informasjonen. Videre gir de europeiske direktivene og forordningene den registrerte tilgang til f\u00f8lgende informasjon:<\/p>\n<ul>\n<li>form\u00e5let med behandlingen;<\/li>\n<li>hvilke kategorier av personopplysninger det gjelder;<\/li>\n<li>mottakerne eller kategorier av mottakere som personopplysningene er eller vil bli utlevert til;<\/li>\n<li>om mulig, den planlagte perioden personopplysningene vil bli lagret;<\/li>\n<li>eksistensen av retten til \u00e5 be om retting eller sletting av personopplysninger;<\/li>\n<li>at det finnes en rett til \u00e5 klage til en tilsynsmyndighet;<\/li>\n<li>dersom personopplysningene ikke er innhentet fra den registrerte, all tilgjengelig informasjon om kilden;<\/li>\n<li>forekomsten av automatiserte avgj\u00f8relser, inkludert profilering<\/li>\n<\/ul>\n<h3 id=\"c-right-to-rectification\">c) Rett til korrigering<\/h3>\n<p>Den registrerte skal ha rett til \u00e5 f\u00e5 uriktige personopplysninger om seg selv rettet av den behandlingsansvarlige uten ugrunnet opphold. Under hensyntagen til form\u00e5let med behandlingen skal den registrerte ha rett til \u00e5 f\u00e5 ufullstendige personopplysninger utfylt, herunder ved \u00e5 gi en tilleggserkl\u00e6ring.<\/p>\n<h3 id=\"d-right-to-erasure-right-to-be-forgotten-\">d) Rett til sletting (rett til \u00e5 bli glemt)<\/h3>\n<p>Den registrerte skal ha rett til \u00e5 kreve at den behandlingsansvarlige sletter personopplysninger om vedkommende uten un\u00f8dig opphold, og den behandlingsansvarlige skal v\u00e6re forpliktet til \u00e5 slette personopplysninger uten un\u00f8dig opphold dersom en av f\u00f8lgende grunner foreligger, s\u00e5 lenge behandlingen ikke er n\u00f8dvendig:<\/p>\n<ul>\n<li>Personopplysningene er ikke lenger n\u00f8dvendige i forhold til de form\u00e5lene de ble samlet inn eller p\u00e5 annen m\u00e5te behandlet for.<\/li>\n<li>Den registrerte trekker tilbake samtykket, og det ikke finnes noe annet rettslig grunnlag for behandlingen.<\/li>\n<li>Den registrerte motsetter seg behandlingen, og det foreligger ingen tvingende berettigede grunner for behandlingen.<\/li>\n<li>Personopplysningene har blitt behandlet ulovlig.<\/li>\n<li>Personopplysningene m\u00e5 slettes for \u00e5 oppfylle en rettslig forpliktelse.<\/li>\n<\/ul>\n<h3 id=\"e-right-of-restriction-of-processing\">e) Rett til begrensning av behandling<\/h3>\n<p>Den registrerte skal ha rett til \u00e5 kreve at den behandlingsansvarlige begrenser behandlingen av personopplysninger dersom ett av f\u00f8lgende forhold gj\u00f8r seg gjeldende<\/p>\n<ul>\n<li>Riktigheten av personopplysningene bestrides av den registrerte.<\/li>\n<li>Behandlingen er ulovlig, og den registrerte motsetter seg sletting av personopplysningene og ber i stedet om at bruken av dem begrenses.<\/li>\n<li>Den behandlingsansvarlige trenger ikke lenger personopplysningene for form\u00e5let med behandlingen, men den registrerte har behov for dem for \u00e5 kunne gj\u00f8re gjeldende rettslige krav.<\/li>\n<\/ul>\n<h3 id=\"f-right-to-data-portability\">f) Rett til dataportabilitet<\/h3>\n<p>Enhver registrert skal ha rett til \u00e5 motta personopplysninger om seg selv, som er gitt til en behandlingsansvarlig, i et strukturert, alminnelig anvendt og maskinlesbart format, og til \u00e5 overf\u00f8re disse opplysningene til en annen behandlingsansvarlig uten hindring.<\/p>\n<h3 id=\"g-right-to-object\">g) Rett til \u00e5 protestere<\/h3>\n<p>Den registrerte skal ha rett til n\u00e5r som helst \u00e5 protestere mot behandling av personopplysninger som gjelder ham eller henne, basert p\u00e5 artikkel 6 nr. 1 bokstav e) eller f) i personvernforordningen, av grunner som er knyttet til hans eller hennes s\u00e6rlige situasjon.<\/p>\n<p>LeapLytics GmbH skal ikke lenger behandle personopplysningene i tilfelle innsigelse, med mindre vi kan p\u00e5vise tvingende legitime grunner for behandlingen som veier tyngre enn den registrertes interesser, rettigheter og friheter.<\/p>\n<h3 id=\"h-right-to-withdraw-data-protection-consent\">h) Rett til \u00e5 trekke tilbake samtykke til databeskyttelse<\/h3>\n<p>Den registrerte skal ha rett til \u00e5 trekke tilbake sitt samtykke til behandling av personopplysningene sine n\u00e5r som helst.<\/p>\n<p>Hvis den registrerte \u00f8nsker \u00e5 ut\u00f8ve retten til \u00e5 trekke tilbake samtykket, kan han eller hun n\u00e5r som helst kontakte en hvilken som helst ansatt i LeapLytics GmbH.<\/p>\n<h2 id=\"legal-basis-for-the-processing\">Rettslig grunnlag for behandlingen<\/h2>\n<p><strong>Viktig<\/strong>: F\u00f8lgende rettslige grunnlag gjelder kun for nettstedet v\u00e5rt og supporttjenestene v\u00e5re, ettersom LeapLytics GmbH ikke behandler personopplysninger gjennom selve Power BI Visual.<\/p>\n<p>Art. 6(1) bokstav a i GDPR er det rettslige grunnlaget for behandling som vi innhenter samtykke til for et bestemt behandlingsform\u00e5l. Hvis behandlingen av personopplysninger er n\u00f8dvendig for \u00e5 oppfylle en avtale som den registrerte er part i, som for foresp\u00f8rsler om v\u00e5re produkter eller tjenester, er behandlingen basert p\u00e5 artikkel 6 nr. 1 bokstav b i GDPR. Det samme gjelder for slike behandlinger som er n\u00f8dvendige for \u00e5 gjennomf\u00f8re tiltak f\u00f8r kontraktsinng\u00e5else, for eksempel ved foresp\u00f8rsler om v\u00e5re produkter eller tjenester. <\/p>\n<p>Endelig kan behandlingen v\u00e6re basert p\u00e5 artikkel 6 nr. 1 bokstav f i GDPR. Dette rettslige grunnlaget brukes for behandling som ikke dekkes av noen av de ovennevnte rettslige grunnlagene, hvis behandlingen er n\u00f8dvendig for form\u00e5lene med de legitime interessene som forf\u00f8lges av v\u00e5rt selskap eller av en tredjepart, med mindre slike interesser overstyres av interessene eller de grunnleggende rettighetene og frihetene til den registrerte som krever beskyttelse av personopplysningene.<\/p>\n<h2 id=\"the-legitimate-interests-pursued-by-the-controller\">De berettigede interessene som forf\u00f8lges av den behandlingsansvarlige<\/h2>\n<p><strong>Merknad<\/strong>: Denne delen gjelder bare for nettstedet v\u00e5rt og st\u00f8ttetjenestene v\u00e5re, ettersom vi ikke behandler personopplysninger gjennom selve Power BI Visual.<\/p>\n<p>N\u00e5r behandlingen av personopplysninger er basert p\u00e5 artikkel 6 nr. 1 bokstav f i GDPR, er v\u00e5r berettigede interesse \u00e5:<\/p>\n<ul>\n<li>yte kundest\u00f8tte og teknisk assistanse via nettstedet og supportkanalene v\u00e5re<\/li>\n<li>Utf\u00f8re virksomheten v\u00e5r til beste for alle v\u00e5re ansatte og aksjon\u00e6rer<\/li>\n<\/ul>\n<h2 id=\"period-for-which-personal-data-will-be-stored\">Periode for lagring av personopplysninger<\/h2>\n<p><strong>For Power BI Visual<\/strong>: LeapLytics GmbH lagrer ingen personopplysninger knyttet til din bruk av Power BI-visualet, ettersom vi ikke mottar eller samler inn data fra visualiseringsprogrammet.<\/p>\n<p><strong>Kun for nettsted og st\u00f8ttetjenester<\/strong>: Hvis du kontakter oss via nettstedet v\u00e5rt eller supportkanalene v\u00e5re, er kriteriene som brukes til \u00e5 bestemme lagringsperioden for personopplysninger den respektive lovbestemte oppbevaringsperioden. Etter utl\u00f8pet av denne perioden slettes de tilsvarende opplysningene rutinemessig, s\u00e5 lenge de ikke lenger er n\u00f8dvendige for oppfyllelsen av kontrakten eller innledningen av en kontrakt.<\/p>\n<h2 id=\"existence-of-automated-decision-making\">Eksistensen av automatisert beslutningstaking<\/h2>\n<p>Som et ansvarlig selskap bruker vi ikke automatisk beslutningstaking eller profilering i v\u00e5re Power BI-visuelle eller relaterte tjenester.<\/p>\n<h2 id=\"third-party-services\">Tredjepartstjenester<\/h2>\n<h3 id=\"microsoft-power-bi-platform\">Microsoft Power BI-plattformen<\/h3>\n<p>V\u00e5r visualisering opererer innenfor Microsoft Power BI. Vennligst se Microsofts personvernerkl\u00e6ring for informasjon om deres databehandlingspraksis:<\/p>\n<ul>\n<li>Microsofts personvernerkl\u00e6ring: <a href=\"https:\/\/privacy.microsoft.com\/privacystatement\">https:\/\/privacy.microsoft.com\/privacystatement<\/a><\/li>\n<\/ul>\n<p><strong>Merknad<\/strong>: V\u00e5rt visuelt integreres ikke med noen tredjeparts analyse- eller datainnsamlingstjenester utover selve Microsoft Power BI-plattformen.<\/p>\n<h2 id=\"contact-information-for-privacy-matters\">Kontaktinformasjon for personvernsp\u00f8rsm\u00e5l<\/h2>\n<p>Hvis du har sp\u00f8rsm\u00e5l om denne personvernerkl\u00e6ringen eller behandlingen av personopplysningene dine, kan du kontakte oss:<\/p>\n<p><strong>LeapLytics GmbH<\/strong><br \/>Personvernombud<br \/>Teutonenweg 18<br \/>63128 Dietzenbach<br \/>Tyskland  <\/p>\n<p>E-post: info@leaplytics.de<\/p>\n<h2 id=\"changes-to-this-privacy-policy\">Endringer i denne personvernerkl\u00e6ringen<\/h2>\n<p>Vi forbeholder oss retten til \u00e5 oppdatere denne personvernerkl\u00e6ringen for \u00e5 gjenspeile endringer i v\u00e5r databehandlingspraksis eller lovkrav. Vi vil varsle brukerne om vesentlige endringer gjennom egnede kanaler.<\/p>\n<h2 id=\"supervisory-authority\">Tilsynsmyndighet<\/h2>\n<p>Du har rett til \u00e5 klage til en tilsynsmyndighet, s\u00e6rlig i den medlemsstaten der du har ditt vanlige bosted, arbeidssted eller stedet for den p\u00e5st\u00e5tte overtredelsen, hvis du mener at behandlingen av personopplysninger om deg er i strid med personvernforordningen.<\/p>\n<h2 id=\"summary-complete-data-independence\">Sammendrag: Fullstendig uavhengighet av data<\/h2>\n<p><strong>Power BI Visuell<\/strong>: V\u00e5r Leaplytics Matrix Table Power BI Visual opererer med fullstendig datauavhengighet. LeapLytics GmbH mottar, samler ikke inn, lagrer, f\u00e5r ikke tilgang til eller behandler data gjennom det visuelle programmet. All databehandling skjer i Power BI-milj\u00f8et ditt i henhold til Microsofts retningslinjer for personvern.<\/p>\n<p><strong>Kun nettsted\/st\u00f8tte<\/strong>: Denne personvernerkl\u00e6ringen omhandler f\u00f8rst og fremst databehandling som kan forekomme hvis du kontakter oss via nettstedet v\u00e5rt eller supportkanalene v\u00e5re - ikke gjennom selve det visuelle.<\/p>\n<hr>\n<p><em>Denne personvernerkl\u00e6ringen ble sist oppdatert 11.02.2026 og gjelder for Leaplytics Matrix Table Power BI Visual og tilknyttede tjenester levert av LeapLytics GmbH.<\/em><\/p>","protected":false},"excerpt":{"rendered":"<p>As of: 11.02.2026 We are very delighted that you have shown interest in our Leaplytics Matrix Table Power BI Visual. Data protection is of a particularly high priority for the management of LeapLytics GmbH. Complete Data Independence: Our Power BI visual operates completely independently within your Power BI environment. We do not receive, collect, store, &hellip; <\/p>","protected":false},"author":2,"featured_media":0,"parent":0,"menu_order":0,"comment_status":"closed","ping_status":"closed","template":"","meta":{"footnotes":""},"class_list":["post-14565","page","type-page","status-publish","hentry","latest_post"],"_links":{"self":[{"href":"https:\/\/www.leaplytics.de\/nb\/wp-json\/wp\/v2\/pages\/14565","targetHints":{"allow":["GET"]}}],"collection":[{"href":"https:\/\/www.leaplytics.de\/nb\/wp-json\/wp\/v2\/pages"}],"about":[{"href":"https:\/\/www.leaplytics.de\/nb\/wp-json\/wp\/v2\/types\/page"}],"author":[{"embeddable":true,"href":"https:\/\/www.leaplytics.de\/nb\/wp-json\/wp\/v2\/users\/2"}],"replies":[{"embeddable":true,"href":"https:\/\/www.leaplytics.de\/nb\/wp-json\/wp\/v2\/comments?post=14565"}],"version-history":[{"count":1,"href":"https:\/\/www.leaplytics.de\/nb\/wp-json\/wp\/v2\/pages\/14565\/revisions"}],"predecessor-version":[{"id":14567,"href":"https:\/\/www.leaplytics.de\/nb\/wp-json\/wp\/v2\/pages\/14565\/revisions\/14567"}],"wp:attachment":[{"href":"https:\/\/www.leaplytics.de\/nb\/wp-json\/wp\/v2\/media?parent=14565"}],"curies":[{"name":"wp","href":"https:\/\/api.w.org\/{rel}","templated":true}]}}