{"id":1785,"date":"2021-04-30T00:16:19","date_gmt":"2021-04-29T22:16:19","guid":{"rendered":"https:\/\/www.leaplytics.de\/?page_id=1785"},"modified":"2024-10-29T13:47:21","modified_gmt":"2024-10-29T12:47:21","slug":"prosjektstyringspakke-for-qliksense","status":"publish","type":"page","link":"https:\/\/www.leaplytics.de\/nb\/forside\/qlik-sense-utvidelser\/prosjektstyringspakke-for-qliksense\/","title":{"rendered":"Prosjektstyringssuite for Qlik Sense"},"content":{"rendered":"<p>Bli kvitt utilstrekkelig og umodent lappeteppe for prosjektstyring i Qlik Sense med LeapLytics Project Management Suite!<\/p>\n\n\n\n<p>Project Management Suite for Qlik Sense inneholder alt du trenger for \u00e5 lage en omfattende statusrapportering for prosjektstyring. Den inkluderer tre unike kjernevisualiseringer: Trafikklys, risikomatrise og tidslinje. I tillegg f\u00e5r du de n\u00f8dvendige tilleggene du trenger for \u00e5 utforme dashbordet for prosjektledelse. Utvidelsene har h\u00f8y ytelse, h\u00f8y modenhet og brukervennlighet, samt fleksibilitet for \u00e5 passe til dine individuelle behov.<\/p>\n\n\n\n<p>Suiten inneholder relevante tilleggsprogrammer som gj\u00f8r det enda enklere \u00e5 lage et dashbord for prosjektstyring. Divider Strokes kan strukturere dashbordet i omr\u00e5der for \u00e5 veilede brukeren med maksimal ytelse. Maturity Viewer gir mer klarhet i prosjektets stadier eller faser. Company Logo Extension overf\u00f8rer din egen firmalogo til et brukbart QlikSense-objekt. Konverteringen av logoen din er gratis.<\/p>\n\n\n\n<p>Suiten leveres ogs\u00e5 med en brukervennlig bundling-integrasjon som gj\u00f8r det enkelt \u00e5 f\u00e5 oversikt over utvidelsene for prosjektstyring. Utvidelsene har en harmonisert brukerveiledning gjennom innstillingene samt en intuitiv h\u00e5ndtering uten kodingserfaring. Den omfattende dokumentasjonen med forretningsrelaterte brukstilfeller kompletterer brukervennligheten. Hyppige og solide utgivelser holder brukstilfellene dine oppdatert.<\/p>\n\n\n\n<h3 class=\"wp-block-heading\">Innhold i Project Management Suite for Qlik Sense<\/h3>\n\n\n\n<p>\u00c5pne den offisielle dokumentasjonen ved \u00e5 klikke p\u00e5 bildet. <\/p>\n\n\n\n<div class=\"wp-block-columns is-layout-flex wp-container-core-columns-is-layout-1 wp-block-columns-is-layout-flex\">\n<div class=\"wp-block-column is-layout-flow wp-block-column-is-layout-flow\">\n<h4 class=\"wp-block-heading\"><strong>Trafikklys<\/strong><\/h4>\n<\/div>\n\n\n\n<div class=\"wp-block-column is-layout-flow wp-block-column-is-layout-flow\">\n<h4 class=\"wp-block-heading\"><strong>Varmekart over risiko<\/strong><\/h4>\n<\/div>\n\n\n\n<div class=\"wp-block-column is-layout-flow wp-block-column-is-layout-flow\">\n<h4 class=\"wp-block-heading\"><strong>Tidslinje<\/strong><\/h4>\n<\/div>\n\n\n\n<div class=\"wp-block-column is-layout-flow wp-block-column-is-layout-flow\">\n<h4 class=\"wp-block-heading\"><strong>Akseleratorer<\/strong><\/h4>\n<\/div>\n<\/div>\n\n\n\n<div class=\"wp-block-columns is-layout-flex wp-container-core-columns-is-layout-2 wp-block-columns-is-layout-flex\">\n<div class=\"wp-block-column is-layout-flow wp-block-column-is-layout-flow\">\n<figure class=\"wp-block-image size-full\"><img loading=\"lazy\" decoding=\"async\" width=\"287\" height=\"300\" src=\"https:\/\/www.leaplytics.de\/wp-content\/uploads\/2021\/11\/TrafficLight300pixel.png\" alt=\"\" class=\"wp-image-2361\" title=\"Prosjektstyringssuite Trafikklys\" srcset=\"https:\/\/www.leaplytics.de\/wp-content\/uploads\/2021\/11\/TrafficLight300pixel.png 287w, https:\/\/www.leaplytics.de\/wp-content\/uploads\/2021\/11\/TrafficLight300pixel-57x60.png 57w\" sizes=\"auto, (max-width: 287px) 100vw, 287px\" \/><\/figure>\n<\/div>\n\n\n\n<div class=\"wp-block-column is-layout-flow wp-block-column-is-layout-flow\">\n<figure class=\"wp-block-image size-full\"><img loading=\"lazy\" decoding=\"async\" width=\"287\" height=\"300\" src=\"https:\/\/www.leaplytics.de\/wp-content\/uploads\/2021\/11\/RiskHeatmap-Kasten-Blau_300pixel.png\" alt=\"\" class=\"wp-image-2363\" title=\"Project Management Suite Risk Heatmap\" srcset=\"https:\/\/www.leaplytics.de\/wp-content\/uploads\/2021\/11\/RiskHeatmap-Kasten-Blau_300pixel.png 287w, https:\/\/www.leaplytics.de\/wp-content\/uploads\/2021\/11\/RiskHeatmap-Kasten-Blau_300pixel-57x60.png 57w\" sizes=\"auto, (max-width: 287px) 100vw, 287px\" \/><\/figure>\n<\/div>\n\n\n\n<div class=\"wp-block-column is-vertically-aligned-center is-layout-flow wp-block-column-is-layout-flow\"><div class=\"wp-block-image\">\n<figure class=\"aligncenter size-full\"><img loading=\"lazy\" decoding=\"async\" width=\"287\" height=\"300\" src=\"https:\/\/www.leaplytics.de\/wp-content\/uploads\/2021\/11\/TIMELINE_300pixel.png\" alt=\"\" class=\"wp-image-2364\" title=\"Project Management Suite Milestone View\" srcset=\"https:\/\/www.leaplytics.de\/wp-content\/uploads\/2021\/11\/TIMELINE_300pixel.png 287w, https:\/\/www.leaplytics.de\/wp-content\/uploads\/2021\/11\/TIMELINE_300pixel-57x60.png 57w\" sizes=\"auto, (max-width: 287px) 100vw, 287px\" \/><\/figure><\/div><\/div>\n\n\n\n<div class=\"wp-block-column is-layout-flow wp-block-column-is-layout-flow\">\n<figure class=\"wp-block-image size-full\"><img loading=\"lazy\" decoding=\"async\" width=\"567\" height=\"593\" src=\"https:\/\/www.leaplytics.de\/wp-content\/uploads\/2021\/11\/Accelerators_1_300pixel.png\" alt=\"\" class=\"wp-image-2365\" title=\"Project Management Suite Accelerator\" srcset=\"https:\/\/www.leaplytics.de\/wp-content\/uploads\/2021\/11\/Accelerators_1_300pixel.png 567w, https:\/\/www.leaplytics.de\/wp-content\/uploads\/2021\/11\/Accelerators_1_300pixel-287x300.png 287w, https:\/\/www.leaplytics.de\/wp-content\/uploads\/2021\/11\/Accelerators_1_300pixel-57x60.png 57w\" sizes=\"auto, (max-width: 567px) 100vw, 567px\" \/><\/figure>\n<\/div>\n<\/div>\n\n\n\n<div class=\"wp-block-columns is-layout-flex wp-container-core-columns-is-layout-3 wp-block-columns-is-layout-flex\">\n<div class=\"wp-block-column is-layout-flow wp-block-column-is-layout-flow\">\n<h6 class=\"wp-block-heading\">T\u00f8m statusindikasjon<\/h6>\n\n\n\n<h6 class=\"wp-block-heading\">Fleksible serier for alle typer enheter<\/h6>\n\n\n\n<h6 class=\"wp-block-heading\">Individuelt utseende og brukervennlighet<\/h6>\n<\/div>\n\n\n\n<div class=\"wp-block-column is-layout-flow wp-block-column-is-layout-flow\">\n<h6 class=\"wp-block-heading\">Fullstendige risikoprofiler<\/h6>\n\n\n\n<h6 class=\"wp-block-heading\">Stabilt og enkelt rutenett for 2 kategorier<\/h6>\n\n\n\n<h6 class=\"wp-block-heading\">Ulike sett med felt og fargekoding<\/h6>\n<\/div>\n\n\n\n<div class=\"wp-block-column is-layout-flow wp-block-column-is-layout-flow\">\n<h6 class=\"wp-block-heading\">Tidsskalert milep\u00e6lsvisning<\/h6>\n\n\n\n<h6 class=\"wp-block-heading\">Automatisk skalering av tidslinjen med start og slutt<\/h6>\n\n\n\n<h6 class=\"wp-block-heading\">Fleksible beskrivelser og avvikende farger<\/h6>\n<\/div>\n\n\n\n<div class=\"wp-block-column is-layout-flow wp-block-column-is-layout-flow\">\n<h6 class=\"wp-block-heading\">Performante tilleggsprogrammer<\/h6>\n\n\n\n<h6 class=\"wp-block-heading\">Individuell firmalogo<\/h6>\n\n\n\n<h6 class=\"wp-block-heading\">Modenhetsvisning for mange brukstilfeller<\/h6>\n<\/div>\n<\/div>\n\n\n\n<hr class=\"wp-block-separator has-css-opacity\"\/>\n\n\n\n<p>Abonner her for \u00e5 motta eksklusive oppdateringer og utgivelser: <a href=\"https:\/\/www.leaplytics.de\/nb\/subscribe_product\/\"><strong>Abonnement<\/strong><\/a><\/p>\n\n\n\n<div class=\"wp-block-columns are-vertically-aligned-center is-layout-flex wp-container-core-columns-is-layout-4 wp-block-columns-is-layout-flex\">\n<div class=\"wp-block-column is-vertically-aligned-center is-layout-flow wp-block-column-is-layout-flow\" style=\"flex-basis:100%\">\n<p><\/p>\n<\/div>\n<\/div>\n\n\n\n<p><\/p>","protected":false},"excerpt":{"rendered":"<p>F\u00e5 en skarp visuell oversikt over risikoprofilene dine med Risk Heatmap for QilkSense! Utvidelsen er bygget for \u00e5 visualisere profiler som m\u00e5les i en matrise med to KPI-er og forskjellige kategorier. Den kan visualisere flere indikatorer (opptil 4 i gratisversjonen) per felt. Ulike innstillinger, som en enkel veksling mellom en 3\u00d73- og 5\u00d75-feltmatrise, ramme- og tekstinnstillinger, tilpasser denne utvidelsen til dine rapporteringsbehov. <\/p>\n<p>Denne utvidelsen kan ogs\u00e5 brukes til \u00e5 overv\u00e5ke og angi terskelverdier for alle typer fysiske m\u00e5l, kvalitetsindikatorer og avvik generelt. Dermed kan den brukes i en lang rekke bruksomr\u00e5der, som forekommer i ulike virksomheter.<\/p>","protected":false},"author":1,"featured_media":0,"parent":227,"menu_order":1,"comment_status":"closed","ping_status":"closed","template":"","meta":{"footnotes":""},"class_list":["post-1785","page","type-page","status-publish","hentry","latest_post"],"_links":{"self":[{"href":"https:\/\/www.leaplytics.de\/nb\/wp-json\/wp\/v2\/pages\/1785","targetHints":{"allow":["GET"]}}],"collection":[{"href":"https:\/\/www.leaplytics.de\/nb\/wp-json\/wp\/v2\/pages"}],"about":[{"href":"https:\/\/www.leaplytics.de\/nb\/wp-json\/wp\/v2\/types\/page"}],"author":[{"embeddable":true,"href":"https:\/\/www.leaplytics.de\/nb\/wp-json\/wp\/v2\/users\/1"}],"replies":[{"embeddable":true,"href":"https:\/\/www.leaplytics.de\/nb\/wp-json\/wp\/v2\/comments?post=1785"}],"version-history":[{"count":3,"href":"https:\/\/www.leaplytics.de\/nb\/wp-json\/wp\/v2\/pages\/1785\/revisions"}],"predecessor-version":[{"id":13665,"href":"https:\/\/www.leaplytics.de\/nb\/wp-json\/wp\/v2\/pages\/1785\/revisions\/13665"}],"up":[{"embeddable":true,"href":"https:\/\/www.leaplytics.de\/nb\/wp-json\/wp\/v2\/pages\/227"}],"wp:attachment":[{"href":"https:\/\/www.leaplytics.de\/nb\/wp-json\/wp\/v2\/media?parent=1785"}],"curies":[{"name":"wp","href":"https:\/\/api.w.org\/{rel}","templated":true}]}}