{"id":23,"date":"2020-10-13T23:19:51","date_gmt":"2020-10-13T21:19:51","guid":{"rendered":"https:\/\/www.blytics.de\/?page_id=23"},"modified":"2025-04-15T20:00:36","modified_gmt":"2025-04-15T18:00:36","slug":"om","status":"publish","type":"page","link":"https:\/\/www.leaplytics.de\/nb\/om\/","title":{"rendered":"Opprinnelsen til LeapLytics"},"content":{"rendered":"<p>Dette er en historie om to venner fra Frankfurt i Tyskland. Det var i \u00e5r 2020. Vi hadde jobbet i flere prosjektroller, for eksempel som prosjektleder, strategisk og operativ PMO. Og vi inns\u00e5 at det ikke fantes en reell l\u00f8sning for prosjektledelsesrapportering og -analyse som passet til behovene til flere prosjektledelsesroller. Derfor begynte vi \u00e5 tenke nytt om prosjektledelse med nye ideer for analytiske l\u00f8sninger.<\/p>\n\n\n\n<p>Vi etablerte LeapLytics med en visjon om \u00e5 gi liv til prosjektledelsesrelaterte analyser. Fra begynnelsen av var det klart at en integrert rapportering ikke kunne leveres med en frittst\u00e5ende rapporteringsl\u00f8sning, men snarere med en integrert tiln\u00e6rming. Prosjektrapportering skulle v\u00e6re mulig med allerede eksisterende l\u00f8sninger i selskaper og konsern.<\/p>\n\n\n\n<p>I dag st\u00e5r LeapLytics for nyskapende og innovative rapporteringsl\u00f8sninger, som passer til ulike integrasjonsniv\u00e5er: fra utvidelser som kan integreres i dashbordene dine, over hyllevare og ferdige dashbord for bestemte bruksomr\u00e5der, til individuell r\u00e5dgivning for rapportering og datamodellering.<\/p>\n\n\n\n<p>Vi som grunnleggere er opptatt av \u00e5 levere profesjonelle rapporteringsl\u00f8sninger innenfor deres produkter og r\u00e5dgivningstiln\u00e6rming.<\/p>\n\n\n\n<figure class=\"wp-block-gallery has-nested-images columns-default is-cropped wp-block-gallery-1 is-layout-flex wp-block-gallery-is-layout-flex\">\n<figure class=\"wp-block-image size-large\"><a href=\"https:\/\/www.linkedin.com\/in\/stefanpreusler\/\"><img loading=\"lazy\" decoding=\"async\" width=\"768\" height=\"1024\" data-id=\"480\" src=\"https:\/\/www.leaplytics.de\/wp-content\/uploads\/2020\/11\/stefan-v2-2-768x1024.jpeg\" alt=\"\" class=\"wp-image-480\" srcset=\"https:\/\/www.leaplytics.de\/wp-content\/uploads\/2020\/11\/stefan-v2-2-768x1024.jpeg 768w, https:\/\/www.leaplytics.de\/wp-content\/uploads\/2020\/11\/stefan-v2-2-scaled-600x800.jpeg 600w, https:\/\/www.leaplytics.de\/wp-content\/uploads\/2020\/11\/stefan-v2-2-225x300.jpeg 225w, https:\/\/www.leaplytics.de\/wp-content\/uploads\/2020\/11\/stefan-v2-2-1152x1536.jpeg 1152w, https:\/\/www.leaplytics.de\/wp-content\/uploads\/2020\/11\/stefan-v2-2-1536x2048.jpeg 1536w, https:\/\/www.leaplytics.de\/wp-content\/uploads\/2020\/11\/stefan-v2-2-45x60.jpeg 45w, https:\/\/www.leaplytics.de\/wp-content\/uploads\/2020\/11\/stefan-v2-2-scaled.jpeg 1920w\" sizes=\"auto, (max-width: 768px) 100vw, 768px\" \/><\/a><figcaption class=\"wp-element-caption\">Stefan Preusler<\/figcaption><\/figure>\n\n\n\n<figure class=\"wp-block-image size-large\"><a href=\"https:\/\/www.linkedin.com\/in\/dominik-galsheimer-3233461b9\/\"><img loading=\"lazy\" decoding=\"async\" width=\"851\" height=\"1024\" data-id=\"488\" src=\"https:\/\/www.leaplytics.de\/wp-content\/uploads\/2020\/11\/Dominik_About-scaled-e1604523139831-851x1024.jpg\" alt=\"\" class=\"wp-image-488\" srcset=\"https:\/\/www.leaplytics.de\/wp-content\/uploads\/2020\/11\/Dominik_About-scaled-e1604523139831-851x1024.jpg 851w, https:\/\/www.leaplytics.de\/wp-content\/uploads\/2020\/11\/Dominik_About-scaled-e1604523139831-600x722.jpg 600w, https:\/\/www.leaplytics.de\/wp-content\/uploads\/2020\/11\/Dominik_About-scaled-e1604523139831-249x300.jpg 249w, https:\/\/www.leaplytics.de\/wp-content\/uploads\/2020\/11\/Dominik_About-scaled-e1604523139831-768x924.jpg 768w, https:\/\/www.leaplytics.de\/wp-content\/uploads\/2020\/11\/Dominik_About-scaled-e1604523139831-1277x1536.jpg 1277w, https:\/\/www.leaplytics.de\/wp-content\/uploads\/2020\/11\/Dominik_About-scaled-e1604523139831-1702x2048.jpg 1702w, https:\/\/www.leaplytics.de\/wp-content\/uploads\/2020\/11\/Dominik_About-scaled-e1604523139831-50x60.jpg 50w, https:\/\/www.leaplytics.de\/wp-content\/uploads\/2020\/11\/Dominik_About-scaled-e1604523139831.jpg 1920w\" sizes=\"auto, (max-width: 851px) 100vw, 851px\" \/><\/a><figcaption class=\"wp-element-caption\">Dominik Galsheimer<\/figcaption><\/figure>\n<\/figure>","protected":false},"excerpt":{"rendered":"<p>LeapLytics st\u00e5r for nye og innovative rapporteringsl\u00f8sninger som passer til ulike integrasjonsniv\u00e5er<\/p>","protected":false},"author":1,"featured_media":3395,"parent":0,"menu_order":0,"comment_status":"closed","ping_status":"closed","template":"","meta":{"footnotes":""},"class_list":["post-23","page","type-page","status-publish","has-post-thumbnail","hentry","latest_post"],"_links":{"self":[{"href":"https:\/\/www.leaplytics.de\/nb\/wp-json\/wp\/v2\/pages\/23","targetHints":{"allow":["GET"]}}],"collection":[{"href":"https:\/\/www.leaplytics.de\/nb\/wp-json\/wp\/v2\/pages"}],"about":[{"href":"https:\/\/www.leaplytics.de\/nb\/wp-json\/wp\/v2\/types\/page"}],"author":[{"embeddable":true,"href":"https:\/\/www.leaplytics.de\/nb\/wp-json\/wp\/v2\/users\/1"}],"replies":[{"embeddable":true,"href":"https:\/\/www.leaplytics.de\/nb\/wp-json\/wp\/v2\/comments?post=23"}],"version-history":[{"count":15,"href":"https:\/\/www.leaplytics.de\/nb\/wp-json\/wp\/v2\/pages\/23\/revisions"}],"predecessor-version":[{"id":13709,"href":"https:\/\/www.leaplytics.de\/nb\/wp-json\/wp\/v2\/pages\/23\/revisions\/13709"}],"wp:featuredmedia":[{"embeddable":true,"href":"https:\/\/www.leaplytics.de\/nb\/wp-json\/wp\/v2\/media\/3395"}],"wp:attachment":[{"href":"https:\/\/www.leaplytics.de\/nb\/wp-json\/wp\/v2\/media?parent=23"}],"curies":[{"name":"wp","href":"https:\/\/api.w.org\/{rel}","templated":true}]}}