{"id":2301,"date":"2021-09-10T23:49:33","date_gmt":"2021-09-10T21:49:33","guid":{"rendered":"https:\/\/www.leaplytics.de\/?page_id=2301"},"modified":"2022-05-08T00:34:51","modified_gmt":"2022-05-07T22:34:51","slug":"prosjektledelse-tilpasset-grafikk-microsoft-powerbi","status":"publish","type":"page","link":"https:\/\/www.leaplytics.de\/nb\/forside\/prosjektledelse-tilpasset-grafikk-microsoft-powerbi\/","title":{"rendered":"Prosjektledelse - tilpasset grafikk for Microsoft Power BI"},"content":{"rendered":"<p><strong>Effektivt og forretningsrelatert<\/strong> er varemerket til LeapLytics og merverdien av v\u00e5re l\u00f8sninger.<\/p>\n<p>V\u00e5re tilpassede visualiseringer for prosjektledelse for Microsoft Power BI er offisielt godkjent av Microsoft og inkluderer dine individuelle l\u00f8sninger. Bruk de ulike mulighetene til \u00e5 forbedre dashbordet og implementere dine egne ideer. Utvidelsene f\u00f8lger en klar struktur og er bygget med fokus p\u00e5 brukeren for \u00e5 gj\u00f8re det s\u00e5 intuitivt som mulig uten \u00e5 gi avkall p\u00e5 viktig funksjonalitet.<\/p>\n<p>Derfor er det viktig med en omfattende dokumentasjon med detaljerte beskrivelser av mulige brukstilfeller, slik at bruken og implementeringen g\u00e5r raskere.<\/p>\n<p>Nedenfor finner du de tilgjengelige bildene, og du kan utforske funksjonaliteten ved \u00e5 klikke p\u00e5 bildene.<\/p>\n<p>\u00a0<\/p>\n\n\n<div class=\"wp-block-media-text alignwide is-stacked-on-mobile\" style=\"grid-template-columns:43% auto\"><figure class=\"wp-block-media-text__media\"><a href=\"https:\/\/www.leaplytics.de\/nb\/forside\/project-management-visuals-ms-powerbi\/trafikklysvisualiseringer-for-power-bi\/\"><img loading=\"lazy\" decoding=\"async\" width=\"287\" height=\"300\" src=\"https:\/\/www.leaplytics.de\/wp-content\/uploads\/2021\/11\/TrafficLight300pixel.png\" alt=\"\" class=\"wp-image-2361 size-full\" srcset=\"https:\/\/www.leaplytics.de\/wp-content\/uploads\/2021\/11\/TrafficLight300pixel.png 287w, https:\/\/www.leaplytics.de\/wp-content\/uploads\/2021\/11\/TrafficLight300pixel-57x60.png 57w\" sizes=\"auto, (max-width: 287px) 100vw, 287px\" \/><\/a><\/figure><div class=\"wp-block-media-text__content\">\n<p class=\"has-large-font-size\">Trafikklys tilpasset Visual<\/p>\n<\/div><\/div>\n\n\n\n<p><\/p>","protected":false},"excerpt":{"rendered":"<p>Effektiv og forretningsrelatert er varemerket til LeapLytics og merverdien av v\u00e5re l\u00f8sninger.\u00a0<\/p>","protected":false},"author":1,"featured_media":0,"parent":111,"menu_order":0,"comment_status":"closed","ping_status":"closed","template":"","meta":{"footnotes":""},"class_list":["post-2301","page","type-page","status-publish","hentry","latest_post"],"_links":{"self":[{"href":"https:\/\/www.leaplytics.de\/nb\/wp-json\/wp\/v2\/pages\/2301","targetHints":{"allow":["GET"]}}],"collection":[{"href":"https:\/\/www.leaplytics.de\/nb\/wp-json\/wp\/v2\/pages"}],"about":[{"href":"https:\/\/www.leaplytics.de\/nb\/wp-json\/wp\/v2\/types\/page"}],"author":[{"embeddable":true,"href":"https:\/\/www.leaplytics.de\/nb\/wp-json\/wp\/v2\/users\/1"}],"replies":[{"embeddable":true,"href":"https:\/\/www.leaplytics.de\/nb\/wp-json\/wp\/v2\/comments?post=2301"}],"version-history":[{"count":0,"href":"https:\/\/www.leaplytics.de\/nb\/wp-json\/wp\/v2\/pages\/2301\/revisions"}],"up":[{"embeddable":true,"href":"https:\/\/www.leaplytics.de\/nb\/wp-json\/wp\/v2\/pages\/111"}],"wp:attachment":[{"href":"https:\/\/www.leaplytics.de\/nb\/wp-json\/wp\/v2\/media?parent=2301"}],"curies":[{"name":"wp","href":"https:\/\/api.w.org\/{rel}","templated":true}]}}