{"id":368,"date":"2020-10-20T21:17:49","date_gmt":"2020-10-20T19:17:49","guid":{"rendered":"https:\/\/www.leaplytics.de\/?page_id=368"},"modified":"2020-10-20T21:32:37","modified_gmt":"2020-10-20T19:32:37","slug":"avtrykk","status":"publish","type":"page","link":"https:\/\/www.leaplytics.de\/nb\/avtrykk\/","title":{"rendered":"Avtrykk"},"content":{"rendered":"<p>Opplysninger i henhold til \u00a7 5 TMG<\/p><p>LeapLytics GmbH<br \/>Stefan Preusler &amp; Dominik Galsheimer<br \/>Teutonenweg 18<br \/>63128 Dietzenbach<br \/>Tyskland<br \/><\/p><p><b>Vertreten durch:<\/b> Stefan Preusler &amp; Dominik Galsheimer<br \/><\/p><p><b>Kontakt:<\/b><br\/>E-post: <img decoding=\"async\" class=\"dsgvoaio_emailpng\" src=\"https:\/\/www.leaplytics.de\/wp-content\/dsgvo-all-in-one-wp-pro\/sserdaliame.png\"><br\/><\/p><p><b>Registereintrag:<\/b><br\/>Registergericht: Amtsgericht Offenbach am Main<br\/>Registernummer: HRB 53774<br\/><\/p><p><b>Umsatzsteuer-ID:<\/b> DE344747402<\/p><b>Haftungsausschluss<\/b><br \/><b>Haftung f\u00fcr Links:<\/b><p>V\u00e5rt tilbud inneholder lenker til eksterne nettsteder Dritter, p\u00e5 hvis innhold vi ikke har noen innflytelse. Derfor kan vi ikke overta noen garanti for dette innholdet. For innholdet p\u00e5 de uthevede sidene er alltid den aktuelle tilbyderen eller eieren av sidene ansvarlig. De verlinkete sidene ble til tidspunktet for opprettelsen av lenken kontrollert med hensyn til mulige rettsst\u00f8rrelser. Rechtswidrige Inhalte waren zum Zeitpunkt der Verlinkung nicht erkennbar. Eine permanente inhaltliche Kontrolle der verlinkten Seiten ist jedoch ohne konkrete Anhaltspunkte einer Rechtsverletzung nicht zumutbar. Ved kjennskap til rettslige brudd vil vi fjerne slike lenker.<\/p><b>Haftung f\u00fcr Inhalt:<\/b><p>Innholdet p\u00e5 v\u00e5re sider ble utarbeidet med st\u00f8rre omhu. For innholdets riktighet, fullstendighet og aktualitet kan vi imidlertid ikke p\u00e5ta oss noe ansvar. Som tjenesteyter er vi i henhold til \u00a7 7 Abs.1 TMG for egne innhold p\u00e5 disse sidene etter de generelle bestemmelsene ansvarlige. I henhold til \u00a7 8 til 10 TMG er vi som tjenesteyter imidlertid ikke forpliktet til \u00e5 overta eller videresende overf\u00f8rte eller gespeicherte fremlagte opplysninger, eller til \u00e5 videresende opplysninger som er i strid med en rettsstridig virksomhet. Forpliktelser til \u00e5 fjerne eller sperre bruken av informasjon i henhold til de generelle bestemmelsene forblir uber\u00f8rt. Eine diesbez\u00fcgliche Haftung ist jedoch erst ab dem Zeitpunkt der Kenntnis einer konkreten Rechtsverletzung m\u00f6glich. Ved kjennskap til tilsvarende rettslige forpliktelser vil vi fjerne disse innholdet.<\/p><b>Urheberrecht<\/b><br \/><p>Die durch die Seitenbetreiber erstellten Inhalte und Werke auf diesen Seiten unterliegen dem deutschen Urheberrecht. Die Vervielf\u00e4ltigung, Bearbeitung, Verbreitung und jede Art der Verwertung au\u00dferhalb der Grenzen des Urheberrechtes bed\u00fcrfen der schriftlichen Zustimmung des jeweiligen Autors bzw. Erstellers. Nedlastinger og kopier fra denne siden er kun ment for privat, ikke kommersiell bruk. S\u00e5 lenge innholdet p\u00e5 denne siden ikke er opprettet av brukeren, vil opphavsretten til tredjeparten bli tatt i betraktning. Insbesondere werden Inhalte Dritter als solche gekennzeichnet. Hvis du likevel blir oppmerksom p\u00e5 en Urheberrechtsverletzung, ber vi deg om et tilsvarende Hinweis. Ved kjennskap til rettslige overtredelser vil vi fjerne alle relevante opplysninger.<\/p>","protected":false},"excerpt":{"rendered":"","protected":false},"author":1,"featured_media":0,"parent":0,"menu_order":0,"comment_status":"closed","ping_status":"closed","template":"","meta":{"footnotes":""},"class_list":["post-368","page","type-page","status-publish","hentry","latest_post"],"_links":{"self":[{"href":"https:\/\/www.leaplytics.de\/nb\/wp-json\/wp\/v2\/pages\/368","targetHints":{"allow":["GET"]}}],"collection":[{"href":"https:\/\/www.leaplytics.de\/nb\/wp-json\/wp\/v2\/pages"}],"about":[{"href":"https:\/\/www.leaplytics.de\/nb\/wp-json\/wp\/v2\/types\/page"}],"author":[{"embeddable":true,"href":"https:\/\/www.leaplytics.de\/nb\/wp-json\/wp\/v2\/users\/1"}],"replies":[{"embeddable":true,"href":"https:\/\/www.leaplytics.de\/nb\/wp-json\/wp\/v2\/comments?post=368"}],"version-history":[{"count":0,"href":"https:\/\/www.leaplytics.de\/nb\/wp-json\/wp\/v2\/pages\/368\/revisions"}],"wp:attachment":[{"href":"https:\/\/www.leaplytics.de\/nb\/wp-json\/wp\/v2\/media?parent=368"}],"curies":[{"name":"wp","href":"https:\/\/api.w.org\/{rel}","templated":true}]}}