{"id":6466,"date":"2022-04-25T20:37:23","date_gmt":"2022-04-25T18:37:23","guid":{"rendered":"https:\/\/www.leaplytics.de\/?page_id=6466"},"modified":"2024-10-29T13:14:46","modified_gmt":"2024-10-29T12:14:46","slug":"power-bi-apps-visuals","status":"publish","type":"page","link":"https:\/\/www.leaplytics.de\/nb\/power-bi-apps-visuals\/","title":{"rendered":"Power BI-apper og visualiseringer"},"content":{"rendered":"<p style=\"font-size:18px\">V\u00e5re visualiseringer for Power BI er sertifisert av Microsoft og kan tilpasses dine individuelle l\u00f8sninger. Med en klar struktur og brukerfokusert design forbedrer v\u00e5re visualiseringer dashbordet ditt og gj\u00f8r det enkelt \u00e5 implementere ideene dine uten \u00e5 ofre viktig funksjonalitet!<\/p>\n\n\n\n<figure class=\"wp-block-image size-full\"><img loading=\"lazy\" decoding=\"async\" width=\"1510\" height=\"785\" src=\"https:\/\/www.leaplytics.de\/wp-content\/uploads\/2022\/04\/Dashboard_PowerBI.png\" alt=\"\" class=\"wp-image-6494\" srcset=\"https:\/\/www.leaplytics.de\/wp-content\/uploads\/2022\/04\/Dashboard_PowerBI.png 1510w, https:\/\/www.leaplytics.de\/wp-content\/uploads\/2022\/04\/Dashboard_PowerBI-300x156.png 300w, https:\/\/www.leaplytics.de\/wp-content\/uploads\/2022\/04\/Dashboard_PowerBI-1024x532.png 1024w, https:\/\/www.leaplytics.de\/wp-content\/uploads\/2022\/04\/Dashboard_PowerBI-768x399.png 768w, https:\/\/www.leaplytics.de\/wp-content\/uploads\/2022\/04\/Dashboard_PowerBI-115x60.png 115w\" sizes=\"auto, (max-width: 1510px) 100vw, 1510px\" \/><\/figure>\n\n\n\n<div style=\"height:85px\" aria-hidden=\"true\" class=\"wp-block-spacer\"><\/div>\n\n\n\n<div class=\"wp-block-media-text alignwide is-stacked-on-mobile\" style=\"grid-template-columns:60% auto\"><figure class=\"wp-block-media-text__media\"><img loading=\"lazy\" decoding=\"async\" width=\"1024\" height=\"576\" src=\"https:\/\/www.leaplytics.de\/wp-content\/uploads\/2022\/04\/First_Slice_Traffic_Light_PowerBI-1024x576.png\" alt=\"\" class=\"wp-image-6582 size-full\" srcset=\"https:\/\/www.leaplytics.de\/wp-content\/uploads\/2022\/04\/First_Slice_Traffic_Light_PowerBI-1024x576.png 1024w, https:\/\/www.leaplytics.de\/wp-content\/uploads\/2022\/04\/First_Slice_Traffic_Light_PowerBI-300x169.png 300w, https:\/\/www.leaplytics.de\/wp-content\/uploads\/2022\/04\/First_Slice_Traffic_Light_PowerBI-768x432.png 768w, https:\/\/www.leaplytics.de\/wp-content\/uploads\/2022\/04\/First_Slice_Traffic_Light_PowerBI-107x60.png 107w, https:\/\/www.leaplytics.de\/wp-content\/uploads\/2022\/04\/First_Slice_Traffic_Light_PowerBI.png 1140w\" sizes=\"auto, (max-width: 1024px) 100vw, 1024px\" \/><\/figure><div class=\"wp-block-media-text__content\">\n<p style=\"font-size:30px\"><strong>Trafikklys<\/strong> <em>Power BI Visuell<\/em><\/p>\n\n\n\n<p><img loading=\"lazy\" decoding=\"async\" width=\"130\" height=\"32\" class=\"wp-image-8358\" style=\"width: 130px;\" src=\"https:\/\/www.leaplytics.de\/wp-content\/uploads\/2022\/05\/PBI-Certified.png\" alt=\"\" srcset=\"https:\/\/www.leaplytics.de\/wp-content\/uploads\/2022\/05\/PBI-Certified.png 152w, https:\/\/www.leaplytics.de\/wp-content\/uploads\/2022\/05\/PBI-Certified-150x37.png 150w\" sizes=\"auto, (max-width: 130px) 100vw, 130px\" \/><\/p>\n\n\n\n<p style=\"font-size:18px\">Med denne trafikklysl\u00f8sningen kan du enkelt holde oversikt over prosjektstatus og eventuelle terskelverdier, noe som gj\u00f8r den til et verdifullt Power BI Visual for \u00e5 overv\u00e5ke n\u00f8kkelindikatorene dine. Med sine mange tilpasningsmuligheter er \"Traffic Light\" det ideelle verkt\u00f8yet for \u00e5 holde oversikt over KPI-ene dine.<\/p>\n<\/div><\/div>\n\n\n\n<div class=\"wp-block-media-text alignwide has-media-on-the-right is-stacked-on-mobile\" style=\"grid-template-columns:auto 40%\"><div class=\"wp-block-media-text__content\">\n<p style=\"font-size:18px\">\"Traffic Light\" er en allsidig Power BI Visual som kan brukes til \u00e5 overv\u00e5ke og indikere terskelverdier for alle typer fysiske m\u00e5l, kvalitetsindikatorer og avvik. Med et bredt spekter av bruksomr\u00e5der er dette visuelle verkt\u00f8yet et effektivt verkt\u00f8y for bedrifter i alle bransjer.<\/p>\n\n\n\n<div class=\"wp-block-buttons is-layout-flex wp-block-buttons-is-layout-flex\">\n<div class=\"wp-block-button\"><a class=\"wp-block-button__link has-very-light-gray-to-cyan-bluish-gray-gradient-background has-background wp-element-button\" href=\"https:\/\/www.leaplytics.de\/nb\/forside\/prosjektledelse-tilpasset-grafikk-microsoft-powerbi\/trafikklysvisualiseringer-for-power-bi\/\">L\u00e6r mer<\/a><\/div>\n<\/div>\n<\/div><figure class=\"wp-block-media-text__media\"><img loading=\"lazy\" decoding=\"async\" width=\"1024\" height=\"576\" src=\"https:\/\/www.leaplytics.de\/wp-content\/uploads\/2022\/04\/Second_Slice_Traffic_light_QlikSense_yellow-1024x576.png\" alt=\"\" class=\"wp-image-6479 size-full\" srcset=\"https:\/\/www.leaplytics.de\/wp-content\/uploads\/2022\/04\/Second_Slice_Traffic_light_QlikSense_yellow-1024x576.png 1024w, https:\/\/www.leaplytics.de\/wp-content\/uploads\/2022\/04\/Second_Slice_Traffic_light_QlikSense_yellow-300x169.png 300w, https:\/\/www.leaplytics.de\/wp-content\/uploads\/2022\/04\/Second_Slice_Traffic_light_QlikSense_yellow-768x432.png 768w, https:\/\/www.leaplytics.de\/wp-content\/uploads\/2022\/04\/Second_Slice_Traffic_light_QlikSense_yellow-107x60.png 107w, https:\/\/www.leaplytics.de\/wp-content\/uploads\/2022\/04\/Second_Slice_Traffic_light_QlikSense_yellow.png 1140w\" sizes=\"auto, (max-width: 1024px) 100vw, 1024px\" \/><\/figure><\/div>\n\n\n\n<div style=\"height:100px\" aria-hidden=\"true\" class=\"wp-block-spacer\"><\/div>\n\n\n\n<div style=\"height:100px\" aria-hidden=\"true\" class=\"wp-block-spacer\"><\/div>\n\n\n\n<div class=\"wp-block-media-text alignwide is-stacked-on-mobile\" style=\"grid-template-columns:60% auto\"><figure class=\"wp-block-media-text__media\"><img loading=\"lazy\" decoding=\"async\" width=\"1024\" height=\"576\" src=\"https:\/\/www.leaplytics.de\/wp-content\/uploads\/2022\/04\/First_Slice_Risk_Map_PowerBI-1024x576.png\" alt=\"\" class=\"wp-image-6585 size-full\" srcset=\"https:\/\/www.leaplytics.de\/wp-content\/uploads\/2022\/04\/First_Slice_Risk_Map_PowerBI-1024x576.png 1024w, https:\/\/www.leaplytics.de\/wp-content\/uploads\/2022\/04\/First_Slice_Risk_Map_PowerBI-300x169.png 300w, https:\/\/www.leaplytics.de\/wp-content\/uploads\/2022\/04\/First_Slice_Risk_Map_PowerBI-768x432.png 768w, https:\/\/www.leaplytics.de\/wp-content\/uploads\/2022\/04\/First_Slice_Risk_Map_PowerBI-107x60.png 107w, https:\/\/www.leaplytics.de\/wp-content\/uploads\/2022\/04\/First_Slice_Risk_Map_PowerBI.png 1140w\" sizes=\"auto, (max-width: 1024px) 100vw, 1024px\" \/><\/figure><div class=\"wp-block-media-text__content\">\n<p style=\"font-size:30px\"><strong>Risikomatrise <\/strong><em>Power BI Visuell<\/em><\/p>\n\n\n\n<p><img loading=\"lazy\" decoding=\"async\" width=\"130\" height=\"32\" class=\"wp-image-8358\" style=\"width: 130px;\" src=\"https:\/\/www.leaplytics.de\/wp-content\/uploads\/2022\/05\/PBI-Certified.png\" alt=\"\" srcset=\"https:\/\/www.leaplytics.de\/wp-content\/uploads\/2022\/05\/PBI-Certified.png 152w, https:\/\/www.leaplytics.de\/wp-content\/uploads\/2022\/05\/PBI-Certified-150x37.png 150w\" sizes=\"auto, (max-width: 130px) 100vw, 130px\" \/><\/p>\n\n\n\n<p style=\"font-size:18px\">Risk Matrix for Power BI gir en tydelig, visuell oversikt over risikoprofilene dine, noe som gj\u00f8r det enkelt \u00e5 overv\u00e5ke og forst\u00e5 risikoene dine bedre. Med muligheten til \u00e5 visualisere flere indikatorer per felt, er dette et verdifullt verkt\u00f8y for \u00e5 f\u00e5 innsikt i risikoprofilene dine.<\/p>\n<\/div><\/div>\n\n\n\n<div class=\"wp-block-media-text alignwide has-media-on-the-right is-stacked-on-mobile\" style=\"grid-template-columns:auto 40%\"><div class=\"wp-block-media-text__content\">\n<p style=\"font-size:18px\">Risikomatrisen er et kraftig verkt\u00f8y for \u00e5 ta kontroll over risikovurderingen din. Med sin tydelige, visuelle fremstilling av risikoprofilene dine gir den en god forst\u00e5else av risikoene dine.<\/p>\n\n\n\n<div class=\"wp-block-buttons is-layout-flex wp-block-buttons-is-layout-flex\">\n<div class=\"wp-block-button\"><a class=\"wp-block-button__link has-background wp-element-button\" href=\"https:\/\/www.leaplytics.de\/nb\/forside\/prosjektledelse-tilpasset-grafikk-microsoft-powerbi\/tilpasset-visuelt-risikokart-for-power-bi\/\" style=\"background:linear-gradient(135deg,rgb(252,185,0) 0%,rgb(242,200,17) 100%)\">L\u00e6r mer<\/a><\/div>\n<\/div>\n<\/div><figure class=\"wp-block-media-text__media\"><img loading=\"lazy\" decoding=\"async\" width=\"1024\" height=\"576\" src=\"https:\/\/www.leaplytics.de\/wp-content\/uploads\/2022\/04\/Second_Slice_Risk_Map_QlikSense_stone-1-1024x576.png\" alt=\"\" class=\"wp-image-6480 size-full\" srcset=\"https:\/\/www.leaplytics.de\/wp-content\/uploads\/2022\/04\/Second_Slice_Risk_Map_QlikSense_stone-1-1024x576.png 1024w, https:\/\/www.leaplytics.de\/wp-content\/uploads\/2022\/04\/Second_Slice_Risk_Map_QlikSense_stone-1-300x169.png 300w, https:\/\/www.leaplytics.de\/wp-content\/uploads\/2022\/04\/Second_Slice_Risk_Map_QlikSense_stone-1-768x432.png 768w, https:\/\/www.leaplytics.de\/wp-content\/uploads\/2022\/04\/Second_Slice_Risk_Map_QlikSense_stone-1-107x60.png 107w, https:\/\/www.leaplytics.de\/wp-content\/uploads\/2022\/04\/Second_Slice_Risk_Map_QlikSense_stone-1.png 1140w\" sizes=\"auto, (max-width: 1024px) 100vw, 1024px\" \/><\/figure><\/div>","protected":false},"excerpt":{"rendered":"<p>V\u00e5re visualiseringer for Power BI er sertifisert av Microsoft og kan tilpasses dine individuelle l\u00f8sninger. Med en klar struktur og brukerfokusert design forbedrer v\u00e5re visualiseringer dashbordet ditt og gj\u00f8r det enkelt \u00e5 implementere ideene dine uten \u00e5 ofre viktig funksjonalitet! Traffic Light Power BI Visual Med denne trafikklysl\u00f8sningen kan du enkelt ... <\/p>","protected":false},"author":3,"featured_media":0,"parent":0,"menu_order":0,"comment_status":"closed","ping_status":"closed","template":"","meta":{"footnotes":""},"class_list":["post-6466","page","type-page","status-publish","hentry","latest_post"],"_links":{"self":[{"href":"https:\/\/www.leaplytics.de\/nb\/wp-json\/wp\/v2\/pages\/6466","targetHints":{"allow":["GET"]}}],"collection":[{"href":"https:\/\/www.leaplytics.de\/nb\/wp-json\/wp\/v2\/pages"}],"about":[{"href":"https:\/\/www.leaplytics.de\/nb\/wp-json\/wp\/v2\/types\/page"}],"author":[{"embeddable":true,"href":"https:\/\/www.leaplytics.de\/nb\/wp-json\/wp\/v2\/users\/3"}],"replies":[{"embeddable":true,"href":"https:\/\/www.leaplytics.de\/nb\/wp-json\/wp\/v2\/comments?post=6466"}],"version-history":[{"count":1,"href":"https:\/\/www.leaplytics.de\/nb\/wp-json\/wp\/v2\/pages\/6466\/revisions"}],"predecessor-version":[{"id":13658,"href":"https:\/\/www.leaplytics.de\/nb\/wp-json\/wp\/v2\/pages\/6466\/revisions\/13658"}],"wp:attachment":[{"href":"https:\/\/www.leaplytics.de\/nb\/wp-json\/wp\/v2\/media?parent=6466"}],"curies":[{"name":"wp","href":"https:\/\/api.w.org\/{rel}","templated":true}]}}