{"id":699,"date":"2020-12-07T20:33:50","date_gmt":"2020-12-07T19:33:50","guid":{"rendered":"https:\/\/www.leaplytics.de\/?page_id=699"},"modified":"2024-11-04T10:02:48","modified_gmt":"2024-11-04T09:02:48","slug":"utvidelse-av-risikomatrisen-for-qliksense","status":"publish","type":"page","link":"https:\/\/www.leaplytics.de\/nb\/forside\/qlik-sense-utvidelser\/utvidelse-av-risikomatrisen-for-qliksense\/","title":{"rendered":"Risikomatriseutvidelse for Qlik Sense"},"content":{"rendered":"<p>F\u00e5 en skarp visuell oversikt over risikoprofilene dine med Risk Matrix \/ Heatmap for Qlik Sense! Denne utvidelsen er laget for \u00e5 visualisere profiler som m\u00e5les i en matrise med to KPI-er og ulike kategorier. Den kan visualisere flere indikatorer per felt. Du kan fritt og dynamisk velge alle uttrykk mellom en 3\u00d73- og 5\u00d75-matrise. Ulike innstillinger som egendefinerte farger, fleksible rammer og tekstinnstillinger tilpasser denne utvidelsen til dine rapporteringsbehov.<\/p>\n\n\n\n<div style=\"height:10px\" aria-hidden=\"true\" class=\"wp-block-spacer\"><\/div>\n\n\n<div class=\"wp-block-image\">\n<figure class=\"aligncenter size-large\"><img loading=\"lazy\" decoding=\"async\" width=\"1024\" height=\"576\" src=\"https:\/\/www.leaplytics.de\/wp-content\/uploads\/2022\/04\/First_Slice_Risk_Map_QlikSense_stone-1024x576.png\" alt=\"\" class=\"wp-image-6471\" srcset=\"https:\/\/www.leaplytics.de\/wp-content\/uploads\/2022\/04\/First_Slice_Risk_Map_QlikSense_stone-1024x576.png 1024w, https:\/\/www.leaplytics.de\/wp-content\/uploads\/2022\/04\/First_Slice_Risk_Map_QlikSense_stone-300x169.png 300w, https:\/\/www.leaplytics.de\/wp-content\/uploads\/2022\/04\/First_Slice_Risk_Map_QlikSense_stone-768x432.png 768w, https:\/\/www.leaplytics.de\/wp-content\/uploads\/2022\/04\/First_Slice_Risk_Map_QlikSense_stone-107x60.png 107w, https:\/\/www.leaplytics.de\/wp-content\/uploads\/2022\/04\/First_Slice_Risk_Map_QlikSense_stone.png 1140w\" sizes=\"auto, (max-width: 1024px) 100vw, 1024px\" \/><\/figure><\/div>\n\n\n<div style=\"height:100px\" aria-hidden=\"true\" class=\"wp-block-spacer\"><\/div>\n\n\n\n<h3 class=\"wp-block-heading has-text-align-center\">Hent den n\u00e5!<\/h3>\n\n\n\n<div style=\"height:50px\" aria-hidden=\"true\" class=\"wp-block-spacer\"><\/div>\n\n\n\n<div class=\"wp-block-columns alignwide is-layout-flex wp-container-core-columns-is-layout-1 wp-block-columns-is-layout-flex\">\n<div class=\"wp-block-column has-text-color has-background has-link-color wp-elements-dfea0d1df7d7210c16180380cb297c35 is-layout-flow wp-block-column-is-layout-flow\" style=\"color:#000000;background-color:#eeeeee;padding-top:2em;padding-right:2em;padding-bottom:2em;padding-left:2em\">\n<h2 class=\"wp-block-heading\" id=\"single\" style=\"font-size:40px\"><strong>GRATIS versjon<\/strong><\/h2>\n\n\n\n<div style=\"height:10px\" aria-hidden=\"true\" class=\"wp-block-spacer\"><\/div>\n\n\n\n<p class=\"has-normal-font-size\" style=\"line-height:1.5\">Den GRATIS versjonen av LeapLytics - Risk Matrix er gratis \u00e5 bruke i fire uker p\u00e5 en hvilken som helst server og i et hvilket som helst selskap. Test n\u00e5 om l\u00f8sningen v\u00e5r oppfyller dine krav.<\/p>\n\n\n\n<div style=\"height:10px\" aria-hidden=\"true\" class=\"wp-block-spacer\"><\/div>\n\n\n\n<hr class=\"wp-block-separator has-text-color has-css-opacity has-background is-style-wide\" style=\"background-color:#000000;color:#000000\"\/>\n\n\n\n<div style=\"height:10px\" aria-hidden=\"true\" class=\"wp-block-spacer\"><\/div>\n\n\n\n<p><i class=\"fas fa-check\"><\/i> Vannmerke fjernet<\/p>\n\n\n\n<p><i class=\"fas fa-check\"><\/i> Individuell rutenettst\u00f8rrelse<\/p>\n\n\n\n<p><i class=\"fas fa-check\"><\/i> Brukerdefinert fargeskjema<\/p>\n\n\n\n<p><i class=\"fas fa-check\"><\/i> Fargeomformer<\/p>\n\n\n\n<p><i class=\"fas fa-check\"><\/i> Innstillinger for grenser<\/p>\n\n\n\n<p><i class=\"fas fa-check\"><\/i> Akseinnstillinger<\/p>\n\n\n\n<p><i class=\"fas fa-check\"><\/i> Indikatorinnstillinger<\/p>\n\n\n\n<p><i class=\"fas fa-check\"><\/i> Tekstinnstillinger<\/p>\n\n\n\n<p><i class=\"fas fa-check\"><\/i> Fargeinnstillinger<\/p>\n\n\n\n<p><i class=\"fas fa-check\"><\/i> Navigasjon og handlinger<\/p>\n\n\n\n<p><i class=\"fas fa-check\"><\/i> Kan skrives ut*<\/p>\n\n\n\n<div class=\"wp-block-buttons alignfull is-horizontal is-content-justification-center is-layout-flex wp-container-core-buttons-is-layout-1 wp-block-buttons-is-layout-flex\">\n<div class=\"wp-block-button\"><a class=\"wp-block-button__link has-white-color has-text-color wp-element-button\" href=\"https:\/\/developer.qlik.com\/garden\/5fd6531adae7960011eb30ec\" target=\"_blank\" rel=\"noreferrer noopener\">F\u00e5 GRATIS versjon<\/a><\/div>\n<\/div>\n<\/div>\n\n\n\n<div class=\"wp-block-column has-text-color has-background has-link-color wp-elements-6ae2b82b5852519cfb4d42d032a83f17 is-layout-flow wp-block-column-is-layout-flow\" style=\"color:#000000;background-color:#98bd00;padding-top:2em;padding-right:2em;padding-bottom:2em;padding-left:2em\">\n<h2 class=\"wp-block-heading\" id=\"family\" style=\"font-size:40px\"><strong>PRO-versjon<\/strong><\/h2>\n\n\n\n<div style=\"height:10px\" aria-hidden=\"true\" class=\"wp-block-spacer\"><\/div>\n\n\n\n<p class=\"has-normal-font-size\" style=\"line-height:1.5\">PRO-versjonen av LeapLytics - Risk Matrix utnytter den fulle kraften i dette visuelle verkt\u00f8yet. \u00c9n lisens per server og selskap - \u00e9n pris per \u00e5r.<\/p>\n\n\n\n<div style=\"height:10px\" aria-hidden=\"true\" class=\"wp-block-spacer\"><\/div>\n\n\n\n<hr class=\"wp-block-separator has-text-color has-black-color has-css-opacity has-black-background-color has-background is-style-wide\"\/>\n\n\n\n<div style=\"height:10px\" aria-hidden=\"true\" class=\"wp-block-spacer\"><\/div>\n\n\n\n<p><i class=\"fas fa-check\"><\/i>  Vannmerke fjernet<\/p>\n\n\n\n<p><i class=\"fas fa-check\"><\/i>  Individuell rutenettst\u00f8rrelse<\/p>\n\n\n\n<p><i class=\"fas fa-check\"><\/i>  Brukerdefinert fargeskjema<\/p>\n\n\n\n<p><i class=\"fas fa-check\"><\/i>  Fargeomformer<\/p>\n\n\n\n<p><i class=\"fas fa-check\"><\/i>  Innstillinger for grenser<\/p>\n\n\n\n<p><i class=\"fas fa-check\"><\/i>  Akseinnstillinger<\/p>\n\n\n\n<p><i class=\"fas fa-check\"><\/i>  Indikatorinnstillinger<\/p>\n\n\n\n<p><i class=\"fas fa-check\"><\/i>  Tekstinnstillinger<\/p>\n\n\n\n<p><i class=\"fas fa-check\"><\/i>  Fargeinnstillinger<\/p>\n\n\n\n<p><i class=\"fas fa-check\"><\/i>  Navigasjon og handlinger<\/p>\n\n\n\n<p><i class=\"fas fa-check\"><\/i>  Kan skrives ut*<\/p>\n\n\n\n<div class=\"wp-block-buttons alignfull is-horizontal is-content-justification-center is-layout-flex wp-container-core-buttons-is-layout-2 wp-block-buttons-is-layout-flex\">\n<div class=\"wp-block-button\"><a class=\"wp-block-button__link has-white-color has-text-color wp-element-button\" href=\"https:\/\/shop.leaplytics.de\/product\/power-bi-risk-heatmap\/\">F\u00e5 PRO-versjon<\/a><\/div>\n<\/div>\n<\/div>\n<\/div>\n\n\n\n<p>* see <a href=\"https:\/\/community.qlik.com\/t5\/Knowledge\/Qlik-Sense-Enterprise-SaaS-Third-party-extensions-cannot-be\/ta-p\/1755264\">Begrensninger i QlikSense <\/a><\/p>\n\n\n\n<div style=\"height:100px\" aria-hidden=\"true\" class=\"wp-block-spacer\"><\/div>\n\n\n\n<h3 class=\"wp-block-heading has-text-align-center\">Dokumentasjon<\/h3>\n\n\n\n<div style=\"height:50px\" aria-hidden=\"true\" class=\"wp-block-spacer\"><\/div>\n\n\n<div class=\"_df_book df-lite\" id=\"df_726\"  _slug=\"risk-heatmap\" data-title=\"risk-heatmap\" wpoptions=\"true\" thumb=\"https:\/\/www.leaplytics.de\/wp-content\/uploads\/2020\/12\/Risk-Map-picture.jpg\" thumbtype=\"\" ><\/div><script class=\"df-shortcode-script\" nowprocket type=\"application\/javascript\">window.option_df_726 = {\"outline\":[],\"autoEnableOutline\":\"false\",\"autoEnableThumbnail\":\"false\",\"overwritePDFOutline\":\"false\",\"backgroundImage\":\"https:\\\/\\\/www.leaplytics.de\\\/wp-content\\\/uploads\\\/2020\\\/10\\\/mathew-schwartz-sb7RUrRMaC4-unsplash-scaled.jpg\",\"direction\":\"1\",\"pageSize\":\"0\",\"source\":\"https:\\\/\\\/www.leaplytics.de\\\/wp-content\\\/uploads\\\/2022\\\/02\\\/Risk-Heatmap-Qlik-Sense-User-Documentation_Pro_1.4.0.0.pdf\",\"wpOptions\":\"true\"}; if(window.DFLIP && window.DFLIP.parseBooks){window.DFLIP.parseBooks();}<\/script>\n\n\n\n<div style=\"height:50px\" aria-hidden=\"true\" class=\"wp-block-spacer\"><\/div>\n\n\n\n<div class=\"wp-block-buttons is-content-justification-center is-layout-flex wp-container-core-buttons-is-layout-3 wp-block-buttons-is-layout-flex\">\n<div class=\"wp-block-button\"><a class=\"wp-block-button__link wp-element-button\" href=\"https:\/\/www.leaplytics.de\/wp-content\/uploads\/2022\/02\/Risk-Heatmap-Qlik-Sense-User-Documentation_Pro_1.4.0.0.pdf\" target=\"_blank\" rel=\"noreferrer noopener\">Last ned dokumentasjon<\/a><\/div>\n<\/div>\n\n\n\n<div style=\"height:50px\" aria-hidden=\"true\" class=\"wp-block-spacer\"><\/div>\n\n\n\n<p>Abonner her for \u00e5 motta eksklusive oppdateringer og utgivelser: <a href=\"https:\/\/www.leaplytics.de\/nb\/subscribe_product\/\">Abonnement<\/a><\/p>\n\n\n\n<hr class=\"wp-block-separator has-css-opacity is-style-default\"\/>\n\n\n\n<h2 class=\"wp-block-heading\" id=\"introduction-risk-heatmap-extension-for-qlik-sense\">Introduksjon Risikomatriseutvidelse for Qlik Sense<\/h2>\n\n\n\n<p>F\u00e5 en skarp visuell oversikt over risikoprofilene dine med Risk Matrix for Qlik Sense! Utvidelsen er laget for \u00e5 visualisere profiler som m\u00e5les i en matrise med to KPI-er og ulike kategorier. Den kan visualisere flere indikatorer per felt. Du kan fritt og dynamisk velge alle uttrykk mellom en 3\u00d73- og 5\u00d75-matrise. Ulike innstillinger som egendefinerte farger, fleksible rammer og tekstinnstillinger tilpasser denne utvidelsen til dine rapporteringsbehov.<\/p>\n\n\n<div class=\"wp-block-image is-style-default\">\n<figure class=\"alignright size-full\"><img loading=\"lazy\" decoding=\"async\" width=\"912\" height=\"775\" src=\"https:\/\/www.leaplytics.de\/wp-content\/uploads\/2022\/02\/settings.gif\" alt=\"Risk Heatmap for Qlik Sense\" class=\"wp-image-3060\"\/><figcaption class=\"wp-element-caption\">Stort utvalg av innstillingsmuligheter<\/figcaption><\/figure><\/div>\n\n\n<p>Denne utvidelsen kan ogs\u00e5 brukes til \u00e5 overv\u00e5ke og angi terskelverdier for alle typer fysiske m\u00e5l, kvalitetsindikatorer og avvik generelt. Dermed kan den brukes p\u00e5 en lang rekke bruksomr\u00e5der, som forekommer i forskjellige virksomheter. F\u00f8lgende liste viser et utvalg av mulige bruksomr\u00e5der som allerede er implementert:<\/p>\n\n\n\n<p><strong>Prosjektledelse<\/strong>: Visualiser risiko- og mulighetsprofiler for et prosjekt, et program eller en portef\u00f8lje<\/p>\n\n\n\n<p><strong>IT<\/strong>: Indikerer applikasjoner som er i gr\u00f8nt, gult eller r\u00f8dt statusomr\u00e5de (ytelse, helse)<\/p>\n\n\n\n<hr class=\"wp-block-separator has-css-opacity\"\/>\n\n\n\n<h3 class=\"wp-block-heading\" id=\"getting-started-with-our-risk-heatmap-for-qlik-sense\">Kom i gang med v\u00e5r risikomatrise for Qlik Sense<\/h3>\n\n\n<p>\u00c5pne <a href=\"https:\/\/www.qlik.com\/de-de\/products\/qlik-sense\" target=\"_blank\" rel=\"noopener\">Qlik Sense<\/a> og den aktuelle appen, der du vil bruke utvidelsen \"Risk Matrix\". \u00c5pne regnearket i redigeringsmodus, og du vil finne utvidelsen i delen \"Egendefinerte objekter\". Dra og slipp utvidelsen til et hvilket som helst omr\u00e5de p\u00e5 dashbordet (<em>Du kan endre utseendet p\u00e5 utvidelsen senere i de avanserte innstillingene).<\/em><\/p>\n\n<div class=\"wp-block-image\">\n<figure class=\"alignright size-full\"><img decoding=\"async\" src=\"https:\/\/www.leaplytics.de\/wp-content\/uploads\/2022\/02\/drag-drop.gif\" alt=\"Innledende innstillinger og konfigurasjon for Risk Heatmap Qlik Sense\" class=\"wp-image-3060\"\/><figcaption class=\"wp-element-caption\">Stort utvalg av innstillingsmuligheter<\/figcaption><\/figure><\/div>\n\n<p>N\u00e5r du har plassert en forekomst av utvidelsen p\u00e5 dashbordet, vises f\u00f8lgende egenskapspanel p\u00e5 h\u00f8yre side. Egenskapspanelet er delt inn i f\u00f8lgende seksjoner:\u00a0 \u00a0 \u00a0 \u00a0 \u00a0 \u00a0 \u00a0 \u00a0 \u00a0 \u00a0 \u00a0 \u00a0 \u00a0 \u00a0 \u00a0 \u00a0 \u00a0 \u00a0 \u00a0 \u00a0 \u00a0 \u00a0 \u00a0 \u00a0 \u00a0 \u00a0 \u00a0 \u00a0 \u00a0 \u00a0 \u00a0 \u00a0 \u00a0 \u00a0 \u00a0 \u00a0 \u00a0 \u00a0 \u00a0 \u00a0 \u00a0 \u00a0 \u00a0 \u00a0 \u00a0 \u00a0 \u00a0\u00a0<\/p>\n<ul>\n<li>Tiltak<\/li>\n<li>Dimensjoner<\/li>\n<li>Intervaller (generell matriseoppsett)<\/li>\n<li>Rutenettinnstillinger (alt inne i matrisen)<\/li>\n<li>Akseinnstillinger (alt rundt matrisen)<\/li>\n<li>Indikatorinnstillinger (alt som gjelder matriseinnhold)<\/li>\n<li>Om \u00a0\u00a0\u00a0\u00a0\u00a0\u00a0\u00a0\u00a0\u00a0\u00a0\u00a0\u00a0\u00a0\u00a0 \u00a0\u00a0\u00a0\u00a0\u00a0\u00a0\u00a0\u00a0\u00a0\u00a0\u00a0\u00a0\u00a0\u00a0\u00a0\u00a0\u00a0\u00a0\u00a0\u00a0\u00a0\u00a0\u00a0\u00a0\u00a0\u00a0\u00a0\u00a0\u00a0<\/li>\n<\/ul>\n<p>I det f\u00f8lgende vil du l\u00e6re hvordan du bruker LeapLytics \"Risk Matrix\"-utvidelse og hvordan du tilpasser den til dine behov ved \u00e5 bruke egenskapene riktig.\u00a0 \u00a0<\/p>\n\n\n<hr class=\"wp-block-separator has-css-opacity\"\/>\n\n\n\n<h3 class=\"wp-block-heading\" id=\"measures\">Tiltak<\/h3>\n\n\n<div class=\"wp-block-image\">\n<figure class=\"alignright size-large is-resized\"><img loading=\"lazy\" decoding=\"async\" width=\"245\" height=\"329\" src=\"https:\/\/www.leaplytics.de\/wp-content\/uploads\/2020\/11\/measures.png\" alt=\"Tiltaksbeskrivelse for Risk Heatmap Qlik Sense\" class=\"wp-image-512\" style=\"width:236px;height:317px\" srcset=\"https:\/\/www.leaplytics.de\/wp-content\/uploads\/2020\/11\/measures.png 245w, https:\/\/www.leaplytics.de\/wp-content\/uploads\/2020\/11\/measures-223x300.png 223w, https:\/\/www.leaplytics.de\/wp-content\/uploads\/2020\/11\/measures-45x60.png 45w\" sizes=\"auto, (max-width: 245px) 100vw, 245px\" \/><\/figure><\/div>\n\n<p>Tiltaket definerer verdien for de to relevante KPI-ene i matrisen. Den f\u00f8rste KPI-en definerer X-akse-KPI-ene, og den andre KPI-en definerer Y-akse-KPI-en. De kan byttes individuelt. Matrisen forventer verdier i omr\u00e5det mellom 1 og 5 (5-feltsmatrise) eller 1 og 3 (3-feltsmatrise). Desimaler er ogs\u00e5 mulig, hvis det er nyttig. Verdiene kan hentes direkte fra datamodellen, hvis et forsystem allerede fanger opp og beregner intervallet. Hvis datamodellen inneholder noen form for enheter, kan kategoriene opprettes individuelt i skjemaet.<\/p>\n<p>Du kan legge til et m\u00e5l som dette:<\/p>\n<ul>\n<li>Klikk p\u00e5 knappen \"Legg til tiltak\" i egenskapspanelet under seksjonen \"Tiltak\" eller ved \u00e5 klikke p\u00e5 knappen \"Legg til tiltak\" inne i utvidelsesvinduet p\u00e5 dashbordet<\/li>\n<li>Velg et m\u00e5l fra nedtrekkslisten, og klikk p\u00e5 det<\/li>\n<li>(Valgfritt): Velg den aggregeringen som passer best for dine behov (Sum, Gjennomsnitt, Min, Maks osv.), eller definer en individuell formel.<\/li>\n<\/ul>\n<p>Ved bruk av individuelle formler kan f\u00f8lgende eksempler brukes som veiledning:<\/p>\n\n\n<figure class=\"wp-block-image size-large\"><img loading=\"lazy\" decoding=\"async\" width=\"744\" height=\"255\" src=\"https:\/\/www.leaplytics.de\/wp-content\/uploads\/2020\/12\/heatmap_use_cases.png\" alt=\"\" class=\"wp-image-749\" srcset=\"https:\/\/www.leaplytics.de\/wp-content\/uploads\/2020\/12\/heatmap_use_cases.png 744w, https:\/\/www.leaplytics.de\/wp-content\/uploads\/2020\/12\/heatmap_use_cases-600x206.png 600w, https:\/\/www.leaplytics.de\/wp-content\/uploads\/2020\/12\/heatmap_use_cases-300x103.png 300w, https:\/\/www.leaplytics.de\/wp-content\/uploads\/2020\/12\/heatmap_use_cases-175x60.png 175w\" sizes=\"auto, (max-width: 744px) 100vw, 744px\" \/><\/figure>\n\n\n\n<hr class=\"wp-block-separator has-css-opacity\"\/>\n\n\n\n<h3 class=\"wp-block-heading\" id=\"dimensions\">Dimensjoner<\/h3>\n\n\n<p>Bruk dimensjonen til \u00e5 gi indikatorene et sl\u00e5ende navn. Dette kan f.eks. v\u00e6re en ID eller et kort navn (1-2 ord). Lengre navn eller beskrivelser anbefales ikke, ettersom plassen i selve matrisen er begrenset.<\/p>\n\n\n<hr class=\"wp-block-separator has-css-opacity\"\/>\n\n\n\n<h3 class=\"wp-block-heading\" id=\"advanced-settings\">Avanserte innstillinger<\/h3>\n\n\n\n<p>I matriseinnstillingene kan du gj\u00f8re flere valg.<\/p>\n\n\n\n<p><strong>Matriseinnstillinger: <\/strong>F\u00f8rst kan du fikse st\u00f8rrelsesforholdet. Dette holder visualiseringen i en kvadratisk tilstand. I tillegg kan du angi st\u00f8rrelsen p\u00e5 x- og y-retningen individuelt ved hjelp av glidebryteren. Hvis dataene dine ligger utenfor disse omr\u00e5dene, f\u00e5r du et visuelt hint i utvidelsen! Videre kan du invertere fargene med ett klikk. Til slutt kan du definere bredden p\u00e5 rammen eller deaktivere den helt.<\/p>\n\n\n\n<p><strong>Rutenettinnstillinger<\/strong>: Bruk rutenettinnstillingene til \u00e5 konfigurere selve matrisen, f.eks. st\u00f8rrelse eller konfigurasjon av rammene. Du kan ogs\u00e5 invertere fargekodingen, slik at en h\u00f8yere kategori f\u00e5r fargen \"gr\u00f8nn\" og en lavere kategori f\u00e5r fargen \"r\u00f8d\". Det er ogs\u00e5 mulig \u00e5 sl\u00e5 av tabellen med detaljerte verdier.<\/p>\n\n\n\n<p><strong>Akseinnstillinger:<\/strong> Med akseinnstillingene kan du konfigurere rammen etter dine behov. Du kan velge \u00e5 sl\u00e5 av tekst, akse eller h\u00f8y\/lav-indikasjon.<\/p>\n\n\n\n<p><strong>Indikatorinnstillinger:<\/strong> Bruk indikatorinnstillingene for \u00e5 endre st\u00f8rrelsen p\u00e5 og utseendet til indikatorene i rutenettet.<\/p>\n\n\n<div class=\"wp-block-image\">\n<figure class=\"aligncenter size-full\"><img loading=\"lazy\" decoding=\"async\" width=\"912\" height=\"775\" src=\"https:\/\/www.leaplytics.de\/wp-content\/uploads\/2022\/02\/settings.gif\" alt=\"Ulike innstillinger for Risk Heatmap Qlik Sense\" class=\"wp-image-3060\"\/><\/figure><\/div>\n\n\n<hr class=\"wp-block-separator has-css-opacity\"\/>\n\n\n\n<h3 class=\"wp-block-heading\" id=\"navigation-action\">Navigasjon og handling<\/h3>\n\n\n\n<p>Du kan bruke Navigasjon og handlinger i utvidelsen for \u00e5 navigere til Qlik Sense-ark, nettsteder osv. Du kan aktivere \"Handlinger\" med den tilh\u00f8rende knappen. \"Risk Matrix\" st\u00f8tter to forskjellige navigasjonstyper:<\/p>\n\n\n\n<ul class=\"wp-block-list\">\n<li><strong>Knapp:<\/strong> Velg \"Knapp\" for \u00e5 legge til en knapp under trafikklys-ikonet. Du kan gi knappen et nytt navn ved \u00e5 bruke feltet \"Knapptekst\". Skriv inn en URL-adresse til et nettsted eller et Qlik Sense-ark du vil navigere til*. Du kan \u00e5pne URL-adressen i samme vindu eller i en egen fane ved \u00e5 bruke avmerkingsboksen \"\u00c5pne i samme vindu\".<\/li>\n<\/ul>\n\n\n\n<ul class=\"wp-block-list\">\n<li><strong>Objekt:<\/strong> Alternativt kan du velge \"Objekt\" for \u00e5 gj\u00f8re hele objektet klikkbart (<em>Feltet \"Knapptekst\" blir skjult<\/em>). Skriv inn en URL-adresse for et nettsted eller Qlik Sense-ark du vil navigere til*. Du kan \u00e5pne URL-adressen i samme vindu eller i en egen fane ved \u00e5 bruke avmerkingsboksen \"\u00c5pne i samme vindu\".<\/li>\n<\/ul>\n\n\n\n<p>*Nettadresser m\u00e5 alltid begynne med \"http:\/\/www.\" eller \"https:\/\/www.\"<\/p>\n\n\n<div class=\"wp-block-image\">\n<figure class=\"aligncenter size-large\"><img loading=\"lazy\" decoding=\"async\" width=\"246\" height=\"464\" src=\"https:\/\/www.leaplytics.de\/wp-content\/uploads\/2021\/04\/Milestone_navigation-1.jpg\" alt=\"Innstillinger for navigering og handlinger for Risk Heatmap Qlik Sense\" class=\"wp-image-1739\" srcset=\"https:\/\/www.leaplytics.de\/wp-content\/uploads\/2021\/04\/Milestone_navigation-1.jpg 246w, https:\/\/www.leaplytics.de\/wp-content\/uploads\/2021\/04\/Milestone_navigation-1-159x300.jpg 159w, https:\/\/www.leaplytics.de\/wp-content\/uploads\/2021\/04\/Milestone_navigation-1-32x60.jpg 32w\" sizes=\"auto, (max-width: 246px) 100vw, 246px\" \/><\/figure><\/div>\n\n\n<hr class=\"wp-block-separator has-css-opacity\"\/>\n\n\n<h3>Om v\u00e5r risikomatrise for Qlik Sense<\/h3>\n\n\n<\/p>\n<p>Denne Qlik Sense-utvidelsen er utviklet av <a href=\"https:\/\/www.leaplytics.de\/nb\/\">LeapLytics<\/a>. Om-seksjonen viser informasjon om denne utvidelsen.<\/p>\n<p>\n\n\n\n<\/p>\n<p><strong>Versjon:<\/strong> Viser den installerte versjonen av denne utvidelsen<\/p>\n<p>\n\n\n\n<\/p>\n<p><strong>Lisens gyldig til:<\/strong> Viser lisensens utl\u00f8psdato<\/p>\n<p>\n\n\n\n<\/p>\n<p><strong>Lisensen er gyldig p\u00e5 serveren:<\/strong> Viser hvilken server-ID denne utvidelsen kan brukes p\u00e5\n\n\n\n<hr class=\"wp-block-separator has-css-opacity\"\/>\n\n\n<h3>Versjonshistorikk<\/h3>\n\n\n<figure class=\"wp-block-table is-style-stripes\"><table><tbody><tr><td class=\"has-text-align-center\" data-align=\"center\"><strong>Versjon<\/strong><\/td><td class=\"has-text-align-center\" data-align=\"center\"><strong>Dato<\/strong><\/td><td class=\"has-text-align-left\" data-align=\"left\"><strong>Innhold<\/strong><\/td><\/tr><tr><td class=\"has-text-align-center\" data-align=\"center\">1.4<\/td><td class=\"has-text-align-center\" data-align=\"center\">14.02.2022<\/td><td class=\"has-text-align-left\" data-align=\"left\">Ny API-bruk<\/td><\/tr><tr><td class=\"has-text-align-center\" data-align=\"center\">1.3<\/td><td class=\"has-text-align-center\" data-align=\"center\">13.12.2021<\/td><td class=\"has-text-align-left\" data-align=\"left\">Oppgradering av risikomatrise<\/td><\/tr><tr><td class=\"has-text-align-center\" data-align=\"center\">1.2<\/td><td class=\"has-text-align-center\" data-align=\"center\">26.04.2021<\/td><td class=\"has-text-align-left\" data-align=\"left\">Navigasjon og handlinger lagt til,<br>St\u00f8tte for mer enn 9 risikoer<br>rullbar indikatortabell<\/td><\/tr><tr><td class=\"has-text-align-center\" data-align=\"center\">1.1<\/td><td class=\"has-text-align-center\" data-align=\"center\">28.01.2021<\/td><td class=\"has-text-align-left\" data-align=\"left\">Abonnement<br>funksjonalitet for<br>frigj\u00f8r oppgraderinger &amp;<br>panel for forbedrede egenskaper<\/td><\/tr><tr><td class=\"has-text-align-center\" data-align=\"center\">1.0<\/td><td class=\"has-text-align-center\" data-align=\"center\">13.11.2020<\/td><td class=\"has-text-align-left\" data-align=\"left\">F\u00f8rste versjon<\/td><\/tr><\/tbody><\/table><\/figure>\n\n\n\n<hr class=\"wp-block-separator has-css-opacity\"\/>\n\n\n\n<p><\/p>\n\n\n\n<div class=\"wp-block-columns are-vertically-aligned-center is-layout-flex wp-container-core-columns-is-layout-2 wp-block-columns-is-layout-flex\">\n<div class=\"wp-block-column is-vertically-aligned-center is-layout-flow wp-block-column-is-layout-flow\" style=\"flex-basis:100%\">\n<p><\/p>\n<\/div>\n<\/div>\n\n\n\n<p><\/p>","protected":false},"excerpt":{"rendered":"<p>F\u00e5 en skarp visuell oversikt over risikoprofilene dine med Risk Heatmap for QilkSense! Utvidelsen er bygget for \u00e5 visualisere profiler som m\u00e5les i en matrise med to KPI-er og forskjellige kategorier. Den kan visualisere flere indikatorer (opptil 4 i gratisversjonen) per felt. Ulike innstillinger, som en enkel veksling mellom en 3\u00d73- og 5\u00d75-feltmatrise, ramme- og tekstinnstillinger, tilpasser denne utvidelsen til dine rapporteringsbehov. <\/p>\n<p>Denne utvidelsen kan ogs\u00e5 brukes til \u00e5 overv\u00e5ke og angi terskelverdier for alle typer fysiske m\u00e5l, kvalitetsindikatorer og avvik generelt. Dermed kan den brukes i en lang rekke bruksomr\u00e5der, som forekommer i ulike virksomheter.<\/p>","protected":false},"author":1,"featured_media":0,"parent":227,"menu_order":1,"comment_status":"closed","ping_status":"closed","template":"","meta":{"footnotes":""},"class_list":["post-699","page","type-page","status-publish","hentry","latest_post"],"_links":{"self":[{"href":"https:\/\/www.leaplytics.de\/nb\/wp-json\/wp\/v2\/pages\/699","targetHints":{"allow":["GET"]}}],"collection":[{"href":"https:\/\/www.leaplytics.de\/nb\/wp-json\/wp\/v2\/pages"}],"about":[{"href":"https:\/\/www.leaplytics.de\/nb\/wp-json\/wp\/v2\/types\/page"}],"author":[{"embeddable":true,"href":"https:\/\/www.leaplytics.de\/nb\/wp-json\/wp\/v2\/users\/1"}],"replies":[{"embeddable":true,"href":"https:\/\/www.leaplytics.de\/nb\/wp-json\/wp\/v2\/comments?post=699"}],"version-history":[{"count":5,"href":"https:\/\/www.leaplytics.de\/nb\/wp-json\/wp\/v2\/pages\/699\/revisions"}],"predecessor-version":[{"id":13676,"href":"https:\/\/www.leaplytics.de\/nb\/wp-json\/wp\/v2\/pages\/699\/revisions\/13676"}],"up":[{"embeddable":true,"href":"https:\/\/www.leaplytics.de\/nb\/wp-json\/wp\/v2\/pages\/227"}],"wp:attachment":[{"href":"https:\/\/www.leaplytics.de\/nb\/wp-json\/wp\/v2\/media?parent=699"}],"curies":[{"name":"wp","href":"https:\/\/api.w.org\/{rel}","templated":true}]}}