{"id":799,"date":"2021-01-04T21:52:31","date_gmt":"2021-01-04T20:52:31","guid":{"rendered":"https:\/\/www.leaplytics.de\/?page_id=799"},"modified":"2024-11-04T09:23:33","modified_gmt":"2024-11-04T08:23:33","slug":"dashbord-for-prosjektledelse-qlik-sense","status":"publish","type":"page","link":"https:\/\/www.leaplytics.de\/nb\/forside\/dashbord-for-prosjektledelse-qlik-sense\/","title":{"rendered":"Dashbord for prosjektledelse Qlik Sense"},"content":{"rendered":"<h2 class=\"wp-block-heading\" id=\"dashboard\">Dashbord<\/h2>\n\n\n\n<p>Prosjektstyringsinstrumentbord Qlik Sense f\u00f8lger en enkel regel: <strong>vise riktig prosjektinformasjon i riktig aggregering til de ansvarlige personene med ett blikk, slik at de kan ta de riktige beslutningene<\/strong>. <\/p>\n\n\n\n<p>I et prosjektmilj\u00f8 er det ulike interessenter som har forskjellige informasjonsbehov, og alle har ulike detaljeringsniv\u00e5er. F\u00f8lgende eksempler viser de vanligste to motsetningene.  <\/p>\n\n\n\n<p><strong>Portef\u00f8ljeniv\u00e5:<\/strong> Det er portef\u00f8ljeledere som m\u00e5 s\u00f8rge for at de riktige prosjektene blir prioritert med de riktige ressursene. Flaskehalser m\u00e5 identifiseres, og prosjektpipelines m\u00e5 h\u00e5ndteres.<\/p>\n\n\n\n<p><strong>Prosjektniv\u00e5: <\/strong>Prosjektledere m\u00e5 f\u00e5 informasjon p\u00e5 det laveste niv\u00e5et for \u00e5 ha alle styringsvariablene for h\u00e5nden. P\u00e5 den andre siden m\u00e5 sponsorer, styremedlemmer og administrerende direkt\u00f8rer f\u00e5 den relevante informasjonen for \u00e5 kunne ta de riktige beslutningene i den overordnede prosjektstyringen.<\/p>\n\n\n\n<p>LeapLytics Advanced Project Management Reporting s\u00f8rger for at alle rapporteringskrav er mulige, uansett hva slags interessent eller aggregeringsniv\u00e5 det er snakk om. Gjennom den integrerte informasjonsprosessen samles all informasjon inn p\u00e5 det laveste niv\u00e5et og aggregeres til behovet til alle mulige mottakere.<\/p>\n\n\n\n<p>Her er to eksempler p\u00e5 prosjektstatusrapportering som kan realiseres med v\u00e5r LeapLytics Extension Suite for QlikSense. Dashbordene bruker en underliggende datamodell som f\u00f8lger standard PMI-regler for prosjektstyring. Dermed kan prosjekter i hele virksomheten rapporteres p\u00e5 en harmonisert, effektiv og brukervennlig m\u00e5te.<\/p>\n\n\n\n<h2 class=\"wp-block-heading\" id=\"project-status-report-qlik-sense\">Prosjektstatusrapport Qlik Sense<\/h2>\n\n\n\n<p>Den grunnleggende prosjektstatusrapporten er et eksempel p\u00e5 Project Management Dashboard Qlik Sense og lar brukeren velge et dedikert prosjekt samt rapporteringsdato. Han eller hun f\u00e5r all n\u00f8dvendig informasjon presentert i et oppsett med tre kolonner og relevante masterdata i overskriften. De viktigste funksjonene er <a href=\"https:\/\/www.leaplytics.de\/nb\/extensions\/traffic-light\/\">Trafikklys<\/a> og <a href=\"https:\/\/www.leaplytics.de\/nb\/extensions\/risk-heatmap-extension-for-qliksense\/\">Risikomatrise<\/a>.<\/p>\n\n\n\n<figure class=\"wp-block-image size-large\"><img loading=\"lazy\" decoding=\"async\" width=\"1024\" height=\"600\" src=\"https:\/\/www.leaplytics.de\/wp-content\/uploads\/2021\/11\/Laptop-with-Dashboard-Page2-1024x600.png\" alt=\"\" class=\"wp-image-2407\" srcset=\"https:\/\/www.leaplytics.de\/wp-content\/uploads\/2021\/11\/Laptop-with-Dashboard-Page2-1024x600.png 1024w, https:\/\/www.leaplytics.de\/wp-content\/uploads\/2021\/11\/Laptop-with-Dashboard-Page2-300x176.png 300w, https:\/\/www.leaplytics.de\/wp-content\/uploads\/2021\/11\/Laptop-with-Dashboard-Page2-768x450.png 768w, https:\/\/www.leaplytics.de\/wp-content\/uploads\/2021\/11\/Laptop-with-Dashboard-Page2-1536x901.png 1536w, https:\/\/www.leaplytics.de\/wp-content\/uploads\/2021\/11\/Laptop-with-Dashboard-Page2-2048x1201.png 2048w, https:\/\/www.leaplytics.de\/wp-content\/uploads\/2021\/11\/Laptop-with-Dashboard-Page2-102x60.png 102w\" sizes=\"auto, (max-width: 1024px) 100vw, 1024px\" \/><figcaption class=\"wp-element-caption\">Dashbord for prosjektledelse Qlik Sense<\/figcaption><\/figure>\n\n\n\n<p>En variant av den grunnleggende prosjektstatusrapporten endrer oppsettet til en horisontal visning og legger til milep\u00e6lsvisning som en hovedfunksjon for \u00e5 f\u00e5 oversikt over relevante milep\u00e6ler og deres m\u00e5loppn\u00e5else.<\/p>\n\n\n\n<figure class=\"wp-block-image size-large\"><img loading=\"lazy\" decoding=\"async\" width=\"1024\" height=\"602\" src=\"https:\/\/www.leaplytics.de\/wp-content\/uploads\/2021\/11\/Laptop-with-Dashboard-Page3-1024x602.png\" alt=\"\" class=\"wp-image-2408\" srcset=\"https:\/\/www.leaplytics.de\/wp-content\/uploads\/2021\/11\/Laptop-with-Dashboard-Page3-1024x602.png 1024w, https:\/\/www.leaplytics.de\/wp-content\/uploads\/2021\/11\/Laptop-with-Dashboard-Page3-300x176.png 300w, https:\/\/www.leaplytics.de\/wp-content\/uploads\/2021\/11\/Laptop-with-Dashboard-Page3-768x451.png 768w, https:\/\/www.leaplytics.de\/wp-content\/uploads\/2021\/11\/Laptop-with-Dashboard-Page3-1536x903.png 1536w, https:\/\/www.leaplytics.de\/wp-content\/uploads\/2021\/11\/Laptop-with-Dashboard-Page3-2048x1204.png 2048w, https:\/\/www.leaplytics.de\/wp-content\/uploads\/2021\/11\/Laptop-with-Dashboard-Page3-102x60.png 102w\" sizes=\"auto, (max-width: 1024px) 100vw, 1024px\" \/><figcaption class=\"wp-element-caption\">Dashbord for prosjektledelse Qlik Sense<\/figcaption><\/figure>\n\n\n\n<p>Utvidelsen v\u00e5r kan ogs\u00e5 brukes i overordnede portef\u00f8lje-oversikter.<\/p>\n\n\n\n<figure class=\"wp-block-image size-large\"><img loading=\"lazy\" decoding=\"async\" width=\"1024\" height=\"599\" src=\"https:\/\/www.leaplytics.de\/wp-content\/uploads\/2021\/11\/Laptop-with-Dashboard-Page1-1024x599.png\" alt=\"\" class=\"wp-image-2406\" srcset=\"https:\/\/www.leaplytics.de\/wp-content\/uploads\/2021\/11\/Laptop-with-Dashboard-Page1-1024x599.png 1024w, https:\/\/www.leaplytics.de\/wp-content\/uploads\/2021\/11\/Laptop-with-Dashboard-Page1-300x175.png 300w, https:\/\/www.leaplytics.de\/wp-content\/uploads\/2021\/11\/Laptop-with-Dashboard-Page1-768x449.png 768w, https:\/\/www.leaplytics.de\/wp-content\/uploads\/2021\/11\/Laptop-with-Dashboard-Page1-1536x898.png 1536w, https:\/\/www.leaplytics.de\/wp-content\/uploads\/2021\/11\/Laptop-with-Dashboard-Page1-2048x1198.png 2048w, https:\/\/www.leaplytics.de\/wp-content\/uploads\/2021\/11\/Laptop-with-Dashboard-Page1-103x60.png 103w\" sizes=\"auto, (max-width: 1024px) 100vw, 1024px\" \/><figcaption class=\"wp-element-caption\">Dashbord for prosjektportef\u00f8lje Qlik Sense<\/figcaption><\/figure>\n\n\n\n<p>Hvis du er nysgjerrig p\u00e5 hva dette vil bety for ditt prosjektstyringsmilj\u00f8, tar vi gjerne en samtale med deg. I s\u00e5 fall, eller hvis du har sp\u00f8rsm\u00e5l om detaljer, implementering og prisinformasjon, vennligst gi oss beskjed, s\u00e5 kontakter vi deg p\u00e5 kort varsel:<\/p>\n\n\n<div class=\"wpforms-container wpforms-container-full\" id=\"wpforms-10645\"><form id=\"wpforms-form-10645\" class=\"wpforms-validate wpforms-form wpforms-ajax-form\" data-formid=\"10645\" method=\"post\" enctype=\"multipart\/form-data\" action=\"\/nb\/wp-json\/wp\/v2\/pages\/799\" data-token=\"3e91915393c14969f1846af1f7bdea83\" data-token-time=\"1776883602\" data-trp-original-action=\"\/nb\/wp-json\/wp\/v2\/pages\/799\"><noscript class=\"wpforms-error-noscript\">Vennligst aktiver JavaScript i nettleseren din for \u00e5 fylle ut dette skjemaet.<\/noscript><div class=\"wpforms-field-container\"><div id=\"wpforms-10645-field_0-container\" class=\"wpforms-field wpforms-field-name\" data-field-id=\"0\"><label class=\"wpforms-field-label\">Navn <span class=\"wpforms-required-label\">*<\/span><\/label><div class=\"wpforms-field-row wpforms-field-medium\"><div class=\"wpforms-field-row-block wpforms-first wpforms-one-half\"><input type=\"text\" id=\"wpforms-10645-field_0\" class=\"wpforms-field-name-first wpforms-field-required\" name=\"wpforms[fields][0][first]\" required><label for=\"wpforms-10645-field_0\" class=\"wpforms-field-sublabel after\">F\u00f8rst<\/label><\/div><div class=\"wpforms-field-row-block wpforms-one-half\"><input type=\"text\" id=\"wpforms-10645-field_0-last\" class=\"wpforms-field-name-last wpforms-field-required\" name=\"wpforms[fields][0][last]\" required><label for=\"wpforms-10645-field_0-last\" class=\"wpforms-field-sublabel after\">Siste<\/label><\/div><\/div><\/div><div id=\"wpforms-10645-field_1-container\" class=\"wpforms-field wpforms-field-email\" data-field-id=\"1\"><label class=\"wpforms-field-label\" for=\"wpforms-10645-field_1\">E-post <span class=\"wpforms-required-label\">*<\/span><\/label><input type=\"email\" id=\"wpforms-10645-field_1\" class=\"wpforms-field-medium wpforms-field-required\" data-rule-restricted-email=\"1\" name=\"wpforms[fields][1]\" spellcheck=\"false\" required><\/div><div id=\"wpforms-10645-field_3-container\" class=\"wpforms-field wpforms-field-text\" data-field-id=\"3\"><label class=\"wpforms-field-label\" for=\"wpforms-10645-field_3\">Selskap <span class=\"wpforms-required-label\">*<\/span><\/label><input type=\"text\" id=\"wpforms-10645-field_3\" class=\"wpforms-field-medium wpforms-field-required\" name=\"wpforms[fields][3]\" required><\/div><div id=\"wpforms-10645-field_2-container\" class=\"wpforms-field wpforms-field-textarea\" data-field-id=\"2\"><label class=\"wpforms-field-label\" for=\"wpforms-10645-field_2\">Kommentar eller melding<\/label><textarea id=\"wpforms-10645-field_2\" class=\"wpforms-field-medium\" name=\"wpforms[fields][2]\" ><\/textarea><\/div><div id=\"wpforms-10645-field_4-container\" class=\"wpforms-field wpforms-field-gdpr-checkbox\" data-field-id=\"4\"><label class=\"wpforms-field-label\">GDPR-avtale <span class=\"wpforms-required-label\">*<\/span><\/label><ul id=\"wpforms-10645-field_4\" class=\"wpforms-field-required\"><li class=\"choice-1\"><input type=\"checkbox\" id=\"wpforms-10645-field_4_1\" name=\"wpforms[fields][4][]\" value=\"I consent to having this website store my submitted information so they can respond to my inquiry.\" required><label class=\"wpforms-field-label-inline\" for=\"wpforms-10645-field_4_1\">Jeg samtykker i at dette nettstedet lagrer informasjonen jeg har sendt inn, slik at de kan svare p\u00e5 henvendelsen min.<\/label><\/li><\/ul><\/div><\/div><!-- .wpforms-field-container --><div class=\"wpforms-recaptcha-container wpforms-is-recaptcha wpforms-is-recaptcha-type-v3\" ><input type=\"hidden\" name=\"wpforms[recaptcha]\" value=\"\"><\/div><div class=\"wpforms-submit-container\" ><input type=\"hidden\" name=\"wpforms[id]\" value=\"10645\"><input type=\"hidden\" name=\"page_title\" value=\"\"><input type=\"hidden\" name=\"page_url\" value=\"https:\/\/www.leaplytics.de\/nb\/wp-json\/wp\/v2\/pages\/799\"><input type=\"hidden\" name=\"url_referer\" value=\"\"><button type=\"submit\" name=\"wpforms[submit]\" id=\"wpforms-submit-10645\" class=\"wpforms-submit\" data-alt-text=\"Sending...\" data-submit-text=\"Submit\" aria-live=\"assertive\" value=\"wpforms-submit\">Send inn<\/button><img loading=\"lazy\" decoding=\"async\" src=\"https:\/\/www.leaplytics.de\/wp-content\/plugins\/wpforms-lite\/assets\/images\/submit-spin.svg\" class=\"wpforms-submit-spinner\" style=\"display: none;\" width=\"26\" height=\"26\" alt=\"Lasting\"><\/div><input type=\"hidden\" name=\"trp-form-language\" value=\"nb\"\/><\/form><\/div>  <!-- .wpforms-container -->","protected":false},"excerpt":{"rendered":"<p>Dashboard Project Management Dashboard Qlik Sense f\u00f8lger en enkel regel: Vis riktig prosjektinformasjon i riktig aggregering til de ansvarlige personene med ett blikk, slik at de kan ta de riktige beslutningene. I et prosjektmilj\u00f8 er det forskjellige interessenter som har ulike behov for informasjon, og hver av dem har ulike detaljeringsniv\u00e5er. Det ... <\/p>","protected":false},"author":1,"featured_media":0,"parent":111,"menu_order":0,"comment_status":"closed","ping_status":"closed","template":"","meta":{"footnotes":""},"class_list":["post-799","page","type-page","status-publish","hentry","latest_post"],"_links":{"self":[{"href":"https:\/\/www.leaplytics.de\/nb\/wp-json\/wp\/v2\/pages\/799","targetHints":{"allow":["GET"]}}],"collection":[{"href":"https:\/\/www.leaplytics.de\/nb\/wp-json\/wp\/v2\/pages"}],"about":[{"href":"https:\/\/www.leaplytics.de\/nb\/wp-json\/wp\/v2\/types\/page"}],"author":[{"embeddable":true,"href":"https:\/\/www.leaplytics.de\/nb\/wp-json\/wp\/v2\/users\/1"}],"replies":[{"embeddable":true,"href":"https:\/\/www.leaplytics.de\/nb\/wp-json\/wp\/v2\/comments?post=799"}],"version-history":[{"count":3,"href":"https:\/\/www.leaplytics.de\/nb\/wp-json\/wp\/v2\/pages\/799\/revisions"}],"predecessor-version":[{"id":13668,"href":"https:\/\/www.leaplytics.de\/nb\/wp-json\/wp\/v2\/pages\/799\/revisions\/13668"}],"up":[{"embeddable":true,"href":"https:\/\/www.leaplytics.de\/nb\/wp-json\/wp\/v2\/pages\/111"}],"wp:attachment":[{"href":"https:\/\/www.leaplytics.de\/nb\/wp-json\/wp\/v2\/media?parent=799"}],"curies":[{"name":"wp","href":"https:\/\/api.w.org\/{rel}","templated":true}]}}