{"id":8932,"date":"2022-06-26T15:12:00","date_gmt":"2022-06-26T13:12:00","guid":{"rendered":"https:\/\/www.leaplytics.de\/?page_id=8932"},"modified":"2023-11-01T10:18:18","modified_gmt":"2023-11-01T09:18:18","slug":"trafikklys-power-bi-trial","status":"publish","type":"page","link":"https:\/\/www.leaplytics.de\/nb\/trafikklys-power-bi-trial\/","title":{"rendered":"Power BI Traffic Light - Pr\u00f8v v\u00e5r Pro-versjon n\u00e5!"},"content":{"rendered":"<figure class=\"wp-block-image size-full\"><img loading=\"lazy\" decoding=\"async\" width=\"152\" height=\"37\" src=\"https:\/\/www.leaplytics.de\/wp-content\/uploads\/2022\/05\/PBI-Certified.png\" alt=\"\" class=\"wp-image-8358\" srcset=\"https:\/\/www.leaplytics.de\/wp-content\/uploads\/2022\/05\/PBI-Certified.png 152w, https:\/\/www.leaplytics.de\/wp-content\/uploads\/2022\/05\/PBI-Certified-150x37.png 150w\" sizes=\"auto, (max-width: 152px) 100vw, 152px\" \/><\/figure>\n\n\n\n<p>V\u00e5rt Traffic Light for Microsoft Power BI gj\u00f8r det enkelt og oversiktlig \u00e5 f\u00e5 oversikt over data.<\/p>\n\n\n\n<p><strong>Pr\u00f8veperioden v\u00e5r er gratis. <\/strong>Vi tar ikke betalt for noe.<\/p>\n\n\n\n<p>Du vil innen 24 timer motta en e-post med din personlige pr\u00f8velisens for fire uker.<\/p>\n\n\n<div class=\"wpforms-container wpforms-container-full wpforms-block wpforms-block-a477720d-895b-4bba-961c-87e2ca754ee2\" id=\"wpforms-10628\"><form id=\"wpforms-form-10628\" class=\"wpforms-validate wpforms-form wpforms-ajax-form\" data-formid=\"10628\" method=\"post\" enctype=\"multipart\/form-data\" action=\"\/nb\/wp-json\/wp\/v2\/pages\/8932\" data-token=\"26afbf95a703d46d7aa079ab67cad0aa\" data-token-time=\"1776578747\" data-trp-original-action=\"\/nb\/wp-json\/wp\/v2\/pages\/8932\"><noscript class=\"wpforms-error-noscript\">Vennligst aktiver JavaScript i nettleseren din for \u00e5 fylle ut dette skjemaet.<\/noscript><div class=\"wpforms-field-container\"><div id=\"wpforms-10628-field_0-container\" class=\"wpforms-field wpforms-field-name\" data-field-id=\"0\"><label class=\"wpforms-field-label\">Navn <span class=\"wpforms-required-label\">*<\/span><\/label><div class=\"wpforms-field-row wpforms-field-medium\"><div class=\"wpforms-field-row-block wpforms-first wpforms-one-half\"><input type=\"text\" id=\"wpforms-10628-field_0\" class=\"wpforms-field-name-first wpforms-field-required\" name=\"wpforms[fields][0][first]\" required><label for=\"wpforms-10628-field_0\" class=\"wpforms-field-sublabel after\">F\u00f8rst<\/label><\/div><div class=\"wpforms-field-row-block wpforms-one-half\"><input type=\"text\" id=\"wpforms-10628-field_0-last\" class=\"wpforms-field-name-last wpforms-field-required\" name=\"wpforms[fields][0][last]\" required><label for=\"wpforms-10628-field_0-last\" class=\"wpforms-field-sublabel after\">Siste<\/label><\/div><\/div><\/div><div id=\"wpforms-10628-field_1-container\" class=\"wpforms-field wpforms-field-email\" data-field-id=\"1\"><label class=\"wpforms-field-label\" for=\"wpforms-10628-field_1\">E-post til bedrifter <span class=\"wpforms-required-label\">*<\/span><\/label><input type=\"email\" id=\"wpforms-10628-field_1\" class=\"wpforms-field-medium wpforms-field-required\" data-rule-restricted-email=\"1\" name=\"wpforms[fields][1]\" spellcheck=\"false\" required><\/div><div id=\"wpforms-10628-field_4-container\" class=\"wpforms-field wpforms-field-text\" data-field-id=\"4\"><label class=\"wpforms-field-label\" for=\"wpforms-10628-field_4\">Selskap <span class=\"wpforms-required-label\">*<\/span><\/label><input type=\"text\" id=\"wpforms-10628-field_4\" class=\"wpforms-field-medium wpforms-field-required\" name=\"wpforms[fields][4]\" required><\/div><div id=\"wpforms-10628-field_3-container\" class=\"wpforms-field wpforms-field-gdpr-checkbox\" data-field-id=\"3\"><label class=\"wpforms-field-label\">GDPR-avtale <span class=\"wpforms-required-label\">*<\/span><\/label><ul id=\"wpforms-10628-field_3\" class=\"wpforms-field-required\"><li class=\"choice-1\"><input type=\"checkbox\" id=\"wpforms-10628-field_3_1\" name=\"wpforms[fields][3][]\" value=\"I consent to having this website store my submitted information so they can respond to my inquiry.\" required><label class=\"wpforms-field-label-inline\" for=\"wpforms-10628-field_3_1\">Jeg samtykker i at dette nettstedet lagrer informasjonen jeg har sendt inn, slik at de kan svare p\u00e5 henvendelsen min.<\/label><\/li><\/ul><\/div><\/div><!-- .wpforms-field-container --><div class=\"wpforms-recaptcha-container wpforms-is-recaptcha wpforms-is-recaptcha-type-v3\" ><input type=\"hidden\" name=\"wpforms[recaptcha]\" value=\"\"><\/div><div class=\"wpforms-submit-container\" ><input type=\"hidden\" name=\"wpforms[id]\" value=\"10628\"><input type=\"hidden\" name=\"page_title\" value=\"\"><input type=\"hidden\" name=\"page_url\" value=\"https:\/\/www.leaplytics.de\/nb\/wp-json\/wp\/v2\/pages\/8932\"><input type=\"hidden\" name=\"url_referer\" value=\"\"><button type=\"submit\" name=\"wpforms[submit]\" id=\"wpforms-submit-10628\" class=\"wpforms-submit\" data-alt-text=\"Sending...\" data-submit-text=\"Submit\" aria-live=\"assertive\" value=\"wpforms-submit\">Send inn<\/button><img loading=\"lazy\" decoding=\"async\" src=\"https:\/\/www.leaplytics.de\/wp-content\/plugins\/wpforms-lite\/assets\/images\/submit-spin.svg\" class=\"wpforms-submit-spinner\" style=\"display: none;\" width=\"26\" height=\"26\" alt=\"Lasting\"><\/div><input type=\"hidden\" name=\"trp-form-language\" value=\"nb\"\/><\/form><\/div>  <!-- .wpforms-container -->","protected":false},"excerpt":{"rendered":"<p>V\u00e5rt Traffic Light for Microsoft Power BI gj\u00f8r det enkelt og oversiktlig \u00e5 f\u00e5 oversikt over data. Pr\u00f8veperioden v\u00e5r er gratis. Vi belaster deg ikke for noe. Du vil innen 24 timer motta en e-post med din fire ukers personlige pr\u00f8velisens.<\/p>","protected":false},"author":2,"featured_media":0,"parent":0,"menu_order":0,"comment_status":"closed","ping_status":"closed","template":"","meta":{"footnotes":""},"class_list":["post-8932","page","type-page","status-publish","hentry","latest_post"],"_links":{"self":[{"href":"https:\/\/www.leaplytics.de\/nb\/wp-json\/wp\/v2\/pages\/8932","targetHints":{"allow":["GET"]}}],"collection":[{"href":"https:\/\/www.leaplytics.de\/nb\/wp-json\/wp\/v2\/pages"}],"about":[{"href":"https:\/\/www.leaplytics.de\/nb\/wp-json\/wp\/v2\/types\/page"}],"author":[{"embeddable":true,"href":"https:\/\/www.leaplytics.de\/nb\/wp-json\/wp\/v2\/users\/2"}],"replies":[{"embeddable":true,"href":"https:\/\/www.leaplytics.de\/nb\/wp-json\/wp\/v2\/comments?post=8932"}],"version-history":[{"count":0,"href":"https:\/\/www.leaplytics.de\/nb\/wp-json\/wp\/v2\/pages\/8932\/revisions"}],"wp:attachment":[{"href":"https:\/\/www.leaplytics.de\/nb\/wp-json\/wp\/v2\/media?parent=8932"}],"curies":[{"name":"wp","href":"https:\/\/api.w.org\/{rel}","templated":true}]}}