{"id":14425,"date":"2025-12-19T01:29:43","date_gmt":"2025-12-19T00:29:43","guid":{"rendered":"https:\/\/www.leaplytics.de\/?page_id=14425"},"modified":"2025-12-19T01:29:44","modified_gmt":"2025-12-19T00:29:44","slug":"controle-naleving-ai","status":"publish","type":"page","link":"https:\/\/www.leaplytics.de\/nl\/controle-naleving-ai\/","title":{"rendered":"Audit en naleving AI"},"content":{"rendered":"<h2>AI voor audit en compliance: Continue bewaking in plaats van paniek op het juiste moment<\/h2>\n\n<p>Audits zijn stressvol. De accountants komen eraan. Je moet bewijsstukken vinden voor duizenden transacties. Controles testen. Bewijzen dat processen zijn gevolgd. Uitzonderingen verklaren.<\/p>\n<p>Je haast je om bewijs te verzamelen. Monsters verzamelen. Controlebestanden samenstellen. Vragen beantwoorden. Hopen dat er niets belangrijks wordt gevonden.<\/p>\n<p>Interne controles moeten voortdurend worden gecontroleerd. Scheiding van taken. Goedkeuringsworkflows. Toegangsrechten. Controle van journaalposten. De meeste bedrijven controleren \u00e9\u00e9n keer per jaar tijdens een audit. Problemen blijven maandenlang onopgemerkt.<\/p>\n<p>Regelgeving blijft veranderen. Nieuwe boekhoudstandaarden. Bijgewerkte belastingregels. Branchevereisten. Iemand moet bijhouden wat op jou van toepassing is en ervoor zorgen dat je de regels naleeft.<\/p>\n<p>Dit is controlewerk. Patroonherkenning. Uitzonderingsidentificatie. Regelbewaking. AI is hier precies voor gemaakt.<\/p>\n<p>AI vervangt geen auditors of beoordelingsvermogen. Het controleert transacties continu. Markeert uitzonderingen wanneer ze zich voordoen. Bereidt automatisch documentatie voor. Stelt je in staat problemen in een vroeg stadium te vinden in plaats van ze tijdens de audit te ontdekken.<\/p>\n\n\n<hr class=\"wp-block-separator has-alpha-channel-opacity\"\/>\n\n\n\n<h3 class=\"wp-block-heading\">De uitdaging van audit en naleving<\/h3>\n\n\n<p>Traditionele audit en compliance is point-in-time:<\/p>\n\n<p><strong>Jaarlijkse controle:<\/strong><br \/>\nDe controleurs komen. Test een aantal transacties. Kijk naar saldi aan het einde van de maand of aan het einde van het jaar. Controleren of de processen zijn gevolgd. Alle problemen die ze vinden, zijn maanden geleden ontstaan. Te laat om nog op te lossen.<\/p>\n\n<p><strong>Kwartaaloverzichten:<\/strong><br \/>\nIets vaker, maar nog steeds point-in-time. Achteraf kijken. Problemen vinden nadat ze je financi\u00eble situatie al hebben be\u00efnvloed.<\/p>\n\n<p><strong>Controletests:<\/strong><br \/>\nTest een steekproef van 25 of 50 transacties. Hoop dat de steekproef de volledige populatie vertegenwoordigt. Hoop dat er niets is doorgeslipt in de andere duizenden transacties.<\/p>\n\n<p><strong>Handmatige bewaking:<\/strong><br \/>\nControllers en boekhoudmanagers controleren steekproefsgewijs. Controleren journaalposten. Zoeken naar ongebruikelijke transacties. Maar ze kunnen niet alles controleren. Ze vertrouwen op steekproeven en beoordelingsvermogen.<\/p>\n\n<p><strong>Volgen van naleving:<\/strong><br \/>\nIemand moet veranderingen in de regelgeving bijhouden. De impact bepalen. Processen bijwerken. Personeel opleiden. Het is veel om bij te houden.<\/p>\n\n<p>Het resultaat: Problemen blijven verborgen tot aan de audit. Controles kunnen maandenlang niet werken zoals bedoeld voordat iemand het merkt. Compliance problemen stapelen zich op.<\/p>\n\n<p>AI verandert dit van periodiek controleren in continu monitoren.<\/p>\n\n\n<hr class=\"wp-block-separator has-alpha-channel-opacity\"\/>\n\n\n\n<h3 class=\"wp-block-heading\">Wat AI doet voor audit en compliance<\/h3>\n\n\n\n<h4 class=\"wp-block-heading\">Transacties continu bewaken<\/h4>\n\n\n<p>In plaats van steekproeven, controleert de AI elke transactie. Niet maandelijks. Niet elk kwartaal. Continu.<\/p>\n\n<p><strong>Op regels gebaseerde bewaking:<\/strong><br \/>\nJe definieert regels. De AI controleert elke transactie aan de hand van deze regels:<\/p>\n<ul>\n<li>Journaalposten van meer dan $50K moeten worden goedgekeurd<\/li>\n<li>Voor onkostendeclaraties boven de beleidslimieten moet de directeur tekenen<\/li>\n<li>Betalingen aan leveranciers zonder PO's behoeven uitleg<\/li>\n<li>Intercompany-transacties moeten in evenwicht zijn<\/li>\n<li>Opbrengstverantwoording moet voldoen aan criteria<\/li>\n<\/ul>\n\n<p>Regel overtreden? De AI markeert het onmiddellijk. Niet tijdens de evaluatie van volgende maand. Nu meteen.<\/p>\n\n<p><strong>100% testen, niet bemonsteren:<\/strong><br \/>\nAuditors testen steekproeven omdat alles handmatig testen onmogelijk is. De AI test alles. Elke afzonderlijke transactie. Elke dag.<\/p>\n\n<p>Als er een probleem is, vind je het meteen. Zo niet, dan heb je bewijs dat controles werken voor de hele populatie, niet alleen voor een steekproef.<\/p>\n\n<p><strong>Real-time waarschuwingen:<\/strong><br \/>\nProbleem gedetecteerd? Er gaat onmiddellijk een melding uit. E-mail, Slack, Teams, mobiele push. Wat maar werkt voor je team. Problemen worden aangepakt terwijl ze nog vers zijn en opgelost kunnen worden.<\/p>\n\n\n<h4 class=\"wp-block-heading\">Detecteert afwijkingen automatisch<\/h4>\n\n\n<p>Sommige problemen zijn niet in strijd met specifieke regels. Ze zijn gewoon ongebruikelijk. De AI merkt het op.<\/p>\n\n<p><strong>Statistische afwijkingen:<\/strong><br \/>\nTransactiebedrag is 3 standaardafwijkingen van het gemiddelde voor deze rekening. Kan legitiem zijn. Kan een fout zijn. De moeite waard om te controleren.<\/p>\n\n<p><strong>Patroononderbrekingen:<\/strong><br \/>\nDeze verkoper krijgt normaal gesproken maandelijks $5.000-$7.000 betaald. Deze maand is het $25.000. Wat is er veranderd?<\/p>\n\n<p><strong>Tijdafwijkingen:<\/strong><br \/>\nGroot dagboekartikel gepost om 23:47 uur op de laatste dag van het kwartaal. Kan goed zijn. Kan winstmanagement zijn. Markeren voor herziening.<\/p>\n\n<p><strong>Afwijkende relaties:<\/strong><br \/>\nDe inkomsten stegen met 20%, maar de verzendkosten bleven gelijk. Normaal bewegen ze samen. Waarom deze keer niet?<\/p>\n\n<p><strong>Afwijkingen in gebruikersgedrag:<\/strong><br \/>\nDeze gebruiker post gewoonlijk 5-10 logboekitems per maand. Deze maand heeft hij er 47 gepost. Wat is er aan de hand?<\/p>\n\n<p>De AI beschuldigt niet. Hij markeert. \"Dit ziet er ongewoon uit. Iemand moet het controleren.\" Je team onderzoekt het en bevestigt dat het in orde is of ontdekt een probleem.<\/p>\n\n\n<h4 class=\"wp-block-heading\">Test controles automatisch<\/h4>\n\n\n<p>Interne controles moeten worden getest. Meestal wordt dit jaarlijks of per kwartaal steekproefsgewijs gedaan. De AI test continu.<\/p>\n\n<p><strong>Scheiding van taken:<\/strong><br \/>\nDe AI controleert: Heeft dezelfde persoon gemaakt en goedgekeurd? Heeft dezelfde persoon besteld en ontvangen? Heeft dezelfde persoon ingevoerd en geboekt? Overtredingen worden onmiddellijk gemarkeerd.<\/p>\n\n<p><strong>Goedkeuringsworkflows:<\/strong><br \/>\nIs er goedkeuring verkregen v\u00f3\u00f3r verwerking? Kwam de goedkeuring van een bevoegd persoon? Was het goedkeuringsbedrag voldoende voor de omvang van de transactie? Elke transactie gecontroleerd.<\/p>\n\n<p><strong>Toegangscontrole:<\/strong><br \/>\nWie heeft toegang tot wat? Heeft iemand meer toegang dan zijn rol? Zijn ontslagen medewerkers nog actief in systemen? De AI controleert continu.<\/p>\n\n<p><strong>Naleving van verzoeningsregels:<\/strong><br \/>\nWorden rekeningen op tijd aangesloten? Worden aansluitingen beoordeeld? Worden reconciliatie-items onmiddellijk afgehandeld? De AI houdt dit allemaal bij.<\/p>\n\n<p><strong>Naleving van het beleid:<\/strong><br \/>\nVolgens het onkostenbeleid vallen maaltijden onder $75. Iemand dient $120 in. Beleid zegt dat voor internationale reizen goedkeuring VP nodig is. Iemand heeft geboekt zonder goedkeuring. De AI constateert overtredingen van het beleid.<\/p>\n\n<p>Resultaat: Je weet dat controles werken of je weet precies welke controles niet werken en je kunt ze onmiddellijk repareren.<\/p>\n\n\n<h4 class=\"wp-block-heading\">Bereidt controledocumentatie voor<\/h4>\n\n\n<p>Als er auditors komen, vragen ze om documentatie. De AI heeft het klaarliggen.<\/p>\n\n<p><strong>Automatische controletrajecten:<\/strong><br \/>\nVoor elke transactie documenteert de AI:<\/p>\n<ul>\n<li>Wie heeft het gemaakt en wanneer<\/li>\n<li>Wie heeft het goedgekeurd en wanneer<\/li>\n<li>Welke ondersteunende documentatie bestaat er?<\/li>\n<li>Welke controles zijn getest en de resultaten<\/li>\n<li>Eventuele uitzonderingen en hoe deze zijn opgelost<\/li>\n<\/ul>\n\n<p>Volledig parcours. Handmatig loggen is niet nodig.<\/p>\n\n<p><strong>Georganiseerd bewijs:<\/strong><br \/>\nWillen accountants transacties per type zien? Op bedrag? Op datum? De AI organiseert alles zoals zij dat willen. Geen geklungel door bestanden.<\/p>\n\n<p><strong>Uitzonderingsrapporten:<\/strong><br \/>\nDit zijn alle transacties waarbij controles werden geschonden. Hier staat hoe elke transactie is opgelost. Hier is de goedkeuring om het beleid op te heffen. Alles gedocumenteerd en georganiseerd.<\/p>\n\n<p><strong>Resultaten van controletesten:<\/strong><br \/>\nJe hebt elke transactie getest, niet een steekproef. Hier is de testmethodologie. Hier zijn de resultaten. Hier is het bewijs dat de controles werken. Extrapolatie van steekproeven is niet nodig.<\/p>\n\n<p><strong>Ondersteunende documenten:<\/strong><br \/>\nFactuur nodig voor deze transactie? De AI heeft het gekoppeld. PO? Gekoppeld. Goedkeuringsmail? Gekoppeld. Ontvangstbewijs? Gekoppeld. Alles op \u00e9\u00e9n plek.<\/p>\n\n<p>In plaats van twee weken te besteden aan het verzamelen van auditdocumentatie, besteed je twee uur aan het beoordelen van wat de AI al heeft verzameld.<\/p>\n\n\n<h4 class=\"wp-block-heading\">Volgt wijzigingen in regelgeving<\/h4>\n\n\n<p>Regelgeving verandert voortdurend. De AI helpt je om bij te blijven.<\/p>\n\n<p><strong>Houdt relevante bronnen in de gaten:<\/strong><br \/>\nFASB-uitspraken. Updates van de IRS. Aankondigingen van regelgevende instanties in de sector. Wijzigingen in staatsbelastingen. De AI volgt bronnen die relevant zijn voor uw bedrijf.<\/p>\n\n<p><strong>Filters voor wat belangrijk is:<\/strong><br \/>\nNiet alle veranderingen hebben invloed op jou. De AI identificeert wat relevant is op basis van je branche, structuur en activiteiten.<\/p>\n\n<p><strong>Vat de impact samen:<\/strong><br \/>\nNieuwe lease accounting standaard? De AI vat samen wat er is veranderd en hoe dit je financi\u00eble situatie kan be\u00efnvloeden. Geen juridisch advies, maar een goed ge\u00efnformeerd overzicht.<\/p>\n\n<p><strong>Vlaggen deadlines:<\/strong><br \/>\nIngangsdata. Termijnen voor naleving. Indieningsvereisten. De AI houdt belangrijke data bij zodat je niets mist.<\/p>\n\n<p><strong>Stelt proceswijzigingen voor:<\/strong><br \/>\nOp basis van de verandering in de regelgeving stelt de AI voor welke processen mogelijk moeten worden aangepast. Startpunt voor de complianceplanning van je team.<\/p>\n\n<p>Je hebt nog steeds expertise nodig om te interpreteren en te implementeren. Maar de AI zorgt ervoor dat je vroeg op de hoogte bent van veranderingen en niets mist.<\/p>\n\n\n<h4 class=\"wp-block-heading\">Identificeert frauderisico-indicatoren<\/h4>\n\n\n<p>AI kan fraude niet bewijzen. Maar het kan wel patronen markeren die onderzoek rechtvaardigen.<\/p>\n\n<p><strong>Ongebruikelijke transactiepatronen:<\/strong><br \/>\nFacturen van leveranciers die net onder de goedkeuringsdrempels blijven. Herhaalde ronde-dollarbedragen. Transacties in het weekend of op feestdagen. Opeenvolgende factuurnummers van verschillende leveranciers.<\/p>\n\n<p><strong>Rode vlaggen in gedrag:<\/strong><br \/>\nGebruiker heeft op ongebruikelijke tijden toegang tot systemen. Ongebruikelijke hoeveelheid handmatige journaalposten. Overschrijven van controles. Toegang tot systemen buiten de normale rol.<\/p>\n\n<p><strong>Rode vlaggen van verkopers:<\/strong><br \/>\nNieuwe leverancier zonder biedprocedure. Het adres van de verkoper komt overeen met het adres van de werknemer. Meerdere leveranciers met dezelfde bankrekening. Verkoper die alleen factureert, nooit levert.<\/p>\n\n<p><strong>Financi\u00eble rode vlaggen:<\/strong><br \/>\nVoorraadaanpassingen altijd afgeschreven, nooit opgevoerd. Verkoopretouren direct na kwartaaleinde. Herclassificaties tussen rekeningen aan het einde van de periode.<\/p>\n\n<p>Deze bewijzen niets. Maar ze zijn het onderzoeken waard. De AI brengt ze onder de aandacht zodat ze zich niet verstoppen in duizenden normale transacties.<\/p>\n\n\n<hr class=\"wp-block-separator has-alpha-channel-opacity\"\/>\n\n\n\n<h3 class=\"wp-block-heading\">Wat dit voor jou betekent<\/h3>\n\n\n\n<h4 class=\"wp-block-heading\">Voor CFO's en financieel managers<\/h4>\n\n\n<p><strong>Beter slapen voor winstgesprekken:<\/strong><br \/>\nAls controles voortdurend worden gecontroleerd en problemen vroegtijdig worden opgemerkt, zijn er minder verrassingen. Minder \"we hebben een probleem gevonden tijdens de voorbereiding van de audit\" paniek.<\/p>\n\n<p><strong>Lagere auditkosten:<\/strong><br \/>\nAls documentatie is georganiseerd en controles continu worden getest, verlopen audits sneller. Snellere audits kosten minder. Sommige bedrijven besparen 30-50% op auditkosten.<\/p>\n\n<p><strong>Betere interne controles:<\/strong><br \/>\nPoint-in-time testen laten alleen zien dat controles werkten voor de steekproef. Continue controle laat zien dat ze voor alles werken. Beter bewijs. Hoger vertrouwen.<\/p>\n\n<p><strong>Vroegtijdige probleemdetectie:<\/strong><br \/>\nVind problemen in dagen, niet in maanden. Los ze op terwijl ze nog klein zijn. Vermijd zwakheden van materieel belang die openbaar moeten worden gemaakt.<\/p>\n\n<p><strong>Vertrouwen in naleving van regelgeving:<\/strong><br \/>\nWeten dat je op de hoogte bent van relevante wijzigingen. Weet dat deadlines worden bijgehouden. Weten dat processen worden bijgewerkt. Minder zorgen dat je iets belangrijks mist.<\/p>\n\n\n<h4 class=\"wp-block-heading\">Voor controllers en boekhoudmanagers<\/h4>\n\n\n<p><strong>Stop met klauteren tijdens de audit:<\/strong><br \/>\nDocumentatie is klaar. Controletests zijn uitgevoerd. Er zijn uitzonderingsrapporten. Je reviewt in plaats van compileert.<\/p>\n\n<p><strong>Fouten vroegtijdig opsporen:<\/strong><br \/>\nVerkeerde GL-code? Onmiddellijk ontdekt. Ontbrekende goedkeuring? Onmiddellijk ontdekt. Los het nu op in plaats van het later aan accountants uit te leggen.<\/p>\n\n<p><strong>Bewijs dat controles werken:<\/strong><br \/>\nNiet \"we hebben 25 transacties getest en ze zijn geslaagd\". In plaats daarvan \"we hebben alle 15.000 transacties continu getest en dit zijn de resultaten\".<\/p>\n\n<p><strong>Richt je op verbetering, niet op brandbestrijding:<\/strong><br \/>\nWanneer problemen onmiddellijk worden gesignaleerd, kunt u de hoofdoorzaken oplossen in plaats van steeds nieuwe problemen te ontdekken.<\/p>\n\n<p><strong>Betere managementrapportage:<\/strong><br \/>\nRapporteer aan de CFO en auditcommissie over de effectiviteit van de controle met actuele gegevens, niet met schattingen op basis van steekproeven.<\/p>\n\n\n<h4 class=\"wp-block-heading\">Voor accountants (intern en extern)<\/h4>\n\n\n<p><strong>Beter controlebewijs:<\/strong><br \/>\nPopulatietesten in plaats van steekproeven. Volledige controletrajecten. Georganiseerde documentatie. Dit is beter bewijs voor controleverklaringen.<\/p>\n\n<p><strong>Snellere audits:<\/strong><br \/>\nMinder tijd aan informatie verzamelen. Meer tijd voor beoordelingen en risicogebieden. Audits worden sneller afgerond.<\/p>\n\n<p><strong>Focus op beoordelingsgebieden:<\/strong><br \/>\nEr worden routinematige controletests uitgevoerd. Besteed tijd aan schattingen, waarderingen en oordeelsvorming door het management. Doe auditwerk van hogere waarde.<\/p>\n\n<p><strong>Mogelijkheden voor voortdurende zekerheid:<\/strong><br \/>\nVoor interne audit maakt dit continue zekerheidsprogramma's mogelijk. Monitoring gedurende het hele jaar in plaats van periodieke audits.<\/p>\n\n\n<hr class=\"wp-block-separator has-alpha-channel-opacity\"\/>\n\n\n\n<h3 class=\"wp-block-heading\">Algemene audit- en nalevingsscenario's<\/h3>\n\n\n\n<h4 class=\"wp-block-heading\">Toezicht op scheiding van taken<\/h4>\n\n\n<p>Uw beleid: Dezelfde persoon kan geen facturen maken en goedkeuren.<\/p>\n\n<p>De AI controleert elke factuur:<\/p>\n<ol>\n<li>Factuur gemaakt door Gebruiker A<\/li>\n<li>Factuur goedgekeurd door Gebruiker A<\/li>\n<li>Schending van functiescheiding ontdekt<\/li>\n<li>Waarschuwing verzonden naar boekhoudmanager<\/li>\n<li>Manager onderzoekt: Gebruiker A verving iemand die op vakantie was en vergat een andere goedkeuring te geven<\/li>\n<li>Factuur wordt doorgestuurd naar de juiste goedkeurder<\/li>\n<li>Incident gelogd voor discussie over controlezwakte<\/li>\n<\/ol>\n\n<p>Probleem meteen opgelost. Niet ontdekt tijdens eindejaarscontrole.<\/p>\n\n\n<h4 class=\"wp-block-heading\">Ongebruikelijke journaalpost detecteren<\/h4>\n\n\n<p>De AI houdt journaalposten bij:<\/p>\n<ol>\n<li>Grote handmatige journaalpost geplaatst laatste dag van kwartaal<\/li>\n<li>Boeking wordt teruggedraaid op de eerste dag van het volgende kwartaal<\/li>\n<li>Invoer heeft minimale documentatie<\/li>\n<li>Patroon komt overeen met risico-indicatoren voor winstbeheer<\/li>\n<li>Gevlagd voor controllerbeoordeling<\/li>\n<li>Controller onderzoekt: Legitieme aanrekening voor bekende uitgave, documentatie onvoldoende<\/li>\n<li>Aanvullende documentatie verkregen en bijgevoegd<\/li>\n<li>Inschrijving met terugwerkende kracht beoordeeld en goedgekeurd<\/li>\n<\/ol>\n\n<p>Legitieme invoer, maar de AI ontdekte een zwak punt in de documentatie voordat de controle dat deed.<\/p>\n\n\n<h4 class=\"wp-block-heading\">Fraudepreventie via leveranciersmaster<\/h4>\n\n\n<p>Nieuwe leverancier toegevoegd aan systeem:<\/p>\n<ol>\n<li>AI controleert adressen van verkopers en werknemers<\/li>\n<li>Overeenstemming gevonden: adres verkoper komt overeen met huisadres AP-medewerker<\/li>\n<li>Onmiddellijke waarschuwing aan controller en CFO<\/li>\n<li>Onderzoek gestart<\/li>\n<li>Blijkt dat werknemer nepverkoper heeft aangemaakt om valse facturen in te dienen<\/li>\n<li>Fraude gestopt voordat eerste betaling is verwerkt<\/li>\n<\/ol>\n\n<p>Zonder AI-bewaking had dit maanden of jaren onopgemerkt kunnen blijven.<\/p>\n\n\n<h4 class=\"wp-block-heading\">Voorbereiding audit<\/h4>\n\n\n<p>Accountants arriveren voor jaarlijkse controle:<\/p>\n<ol>\n<li>Vraag PBC-lijst aan (geleverd door klant)<\/li>\n<li>AI genereert het grootste deel van PBC automatisch:<\/li>\n<li>Proefbalans? Gegenereerd.<\/li>\n<li>Leadschema's? Gegenereerd.<\/li>\n<li>Monster van transacties per categorie? Gegenereerd.<\/li>\n<li>Resultaten controletesten? Al gedaan voor 100% van de populatie.<\/li>\n<li>Uitzonderingsrapporten? Klaar.<\/li>\n<li>Ondersteunende documentatie? Georganiseerd en gekoppeld.<\/li>\n<\/ol>\n\n<p>Wat vroeger twee weken voorbereidingstijd kostte, kost nu twee dagen om te beoordelen en af te ronden.<\/p>\n\n\n<hr class=\"wp-block-separator has-alpha-channel-opacity\"\/>\n\n\n\n<h3 class=\"wp-block-heading\">Wat AI niet kan<\/h3>\n\n\n<p>AI is krachtig voor monitoring en documentatie. Maar het heeft duidelijke grenzen:<\/p>\n\n<p><strong>Het kan geen juridische uitspraken doen:<\/strong><br \/>\nIs deze boekhoudkundige verwerking in overeenstemming met GAAP? Moeten we dit bekendmaken? Dit vereist boekhoudkundige expertise en beoordelingsvermogen.<\/p>\n\n<p><strong>Het kan geen controles ontwerpen:<\/strong><br \/>\nAI kan testen of besturingselementen werken. Het kan niet ontwerpen welke controles je zou moeten hebben. Daarvoor moet je je bedrijf en risico's begrijpen.<\/p>\n\n<p><strong>Het kan geen accountantsverklaringen afgeven:<\/strong><br \/>\nAuditors geven meningen op basis van hun professionele oordeel. AI levert bewijs en testresultaten. Het oordeel vereist menselijke expertise.<\/p>\n\n<p><strong>Het kan geen complexe regelgeving interpreteren:<\/strong><br \/>\nAI kan wijzigingen in de regelgeving signaleren en samenvatten. Om precies te bepalen hoe ze van toepassing zijn op uw specifieke situatie is expertise nodig.<\/p>\n\n<p><strong>Het kan geen fraude bewijzen:<\/strong><br \/>\nAI markeert verdachte patronen. Onderzoek en bewijs vereisen menselijke analyse, interviews en beoordeling.<\/p>\n\n<p><strong>Het kan bestuur niet vervangen:<\/strong><br \/>\nAuditcommissies. Toezicht door de raad van bestuur. Verantwoordelijkheid van het management. Dit blijven menselijke functies. AI ondersteunt ze, maar vervangt ze niet.<\/p>\n\n<p>AI regelt de controle, het toezicht en de documentatie op briljante wijze. De expertise, het oordeel en de verantwoordelijkheid blijven bij mensen.<\/p>\n\n\n<hr class=\"wp-block-separator has-alpha-channel-opacity\"\/>\n\n\n\n<h3 class=\"wp-block-heading\">Aan de slag<\/h3>\n\n\n<p>Begin met het gebied met het hoogste risico of de grootste inspanning:<\/p>\n\n<p><strong>Kies \u00e9\u00e9n controle om eerst te controleren:<\/strong><br \/>\nScheiding van taken? Goedkeuringsworkflows? Naleving van beleid? Kies er een die belangrijk en duidelijk gedefinieerd is. Bewijs dat AI-monitoring werkt.<\/p>\n\n<p><strong>Stel duidelijke regels op:<\/strong><br \/>\nAI heeft duidelijke regels nodig om toezicht te houden. \"Uitgaven moeten redelijk zijn\" is te vaag. \"Maaltijduitgaven van meer dan $75 moeten worden goedgekeurd door de directeur\" is duidelijk.<\/p>\n\n<p><strong>Begin met waarschuwingen aan een kleine groep:<\/strong><br \/>\nOverstelp in eerste instantie niet iedereen met waarschuwingen. Routeer naar controller of klein team. Stem de regels af. Verminder vals positieven. Breid dan uit.<\/p>\n\n<p><strong>Documenteer de voordelen:<\/strong><br \/>\nBijhouden hoeveel problemen er werden ontdekt. Hoe vroeg ze werden opgemerkt. Hoeveel audittijd werd bespaard. De business case voor uitbreiding opbouwen.<\/p>\n\n<p><strong>Geleidelijk uitbreiden:<\/strong><br \/>\nMeer controles toevoegen om te monitoren. Meer regels toevoegen. Voeg meer mensen toe die waarschuwingen ontvangen. Bouw uitgebreide monitoring op in de loop van de tijd.<\/p>\n\n<p><strong>Werk samen met auditors:<\/strong><br \/>\nLaat ze zien wat je doet. Vraag om hun inbreng. Ze zullen de voorkeur geven aan populatietests boven steekproeven. Dit kan de reikwijdte en de kosten van een audit verminderen.<\/p>\n\n<p>Continue bewaking gaat niet van de ene op de andere dag. Maar je kunt klein beginnen en het in de loop van de tijd opbouwen.<\/p>\n\n\n<hr class=\"wp-block-separator has-alpha-channel-opacity\"\/>\n\n\n\n<h3 class=\"wp-block-heading\">Klaar voor Continuous Monitoring in plaats van Point-in-Time Panic?<\/h3>\n\n\n<p>Elk bedrijf heeft andere risico's. Verschillende controles. Verschillende auditvereisten. Verschillende voorschriften.<\/p>\n<p>We verkopen geen algemene compliance checklists. We kijken naar uw specifieke controles. Uw risico's. Uw auditvereisten.<\/p>\n<p>Dan bouwen we AI-bewaking die bij jouw omgeving past. Dezelfde controles die je nu hebt. Alleen continu bewaakt in plaats van periodiek.<\/p>\n<p>We beginnen met \u00e9\u00e9n gebied. Bewijzen dat continue monitoring werkt. Dan uitbreiden. Praktische automatisering van compliance die risico's vermindert en tijd bespaart.<\/p>\n\n<p><strong><a href=\"https:\/\/www.leaplytics.de\/nl\/kontakt\/\">Praat met ons over uw audit- en nalevingsbehoeften<\/a><\/strong><\/p>\n\n<p><a href=\"https:\/\/www.leaplytics.de\/nl\/financien-ai\/\">Terug naar AI-overzicht financi\u00ebn<\/a><\/p>","protected":false},"excerpt":{"rendered":"<p>AI for Audit &#038; Compliance: Continuous Monitoring Instead of Point-in-Time Panic Audits are stressful. The auditors are coming. You need to find supporting documentation for thousands of transactions. Test controls. Prove processes were followed. Explain exceptions. You scramble to gather evidence. Pull samples. Build audit files. Answer questions. Hope nothing major gets found. Internal controls &hellip; <\/p>","protected":false},"author":2,"featured_media":0,"parent":0,"menu_order":0,"comment_status":"closed","ping_status":"closed","template":"","meta":{"footnotes":""},"class_list":["post-14425","page","type-page","status-publish","hentry","latest_post"],"_links":{"self":[{"href":"https:\/\/www.leaplytics.de\/nl\/wp-json\/wp\/v2\/pages\/14425","targetHints":{"allow":["GET"]}}],"collection":[{"href":"https:\/\/www.leaplytics.de\/nl\/wp-json\/wp\/v2\/pages"}],"about":[{"href":"https:\/\/www.leaplytics.de\/nl\/wp-json\/wp\/v2\/types\/page"}],"author":[{"embeddable":true,"href":"https:\/\/www.leaplytics.de\/nl\/wp-json\/wp\/v2\/users\/2"}],"replies":[{"embeddable":true,"href":"https:\/\/www.leaplytics.de\/nl\/wp-json\/wp\/v2\/comments?post=14425"}],"version-history":[{"count":1,"href":"https:\/\/www.leaplytics.de\/nl\/wp-json\/wp\/v2\/pages\/14425\/revisions"}],"predecessor-version":[{"id":14426,"href":"https:\/\/www.leaplytics.de\/nl\/wp-json\/wp\/v2\/pages\/14425\/revisions\/14426"}],"wp:attachment":[{"href":"https:\/\/www.leaplytics.de\/nl\/wp-json\/wp\/v2\/media?parent=14425"}],"curies":[{"name":"wp","href":"https:\/\/api.w.org\/{rel}","templated":true}]}}