{"id":14435,"date":"2025-12-19T01:31:37","date_gmt":"2025-12-19T00:31:37","guid":{"rendered":"https:\/\/www.leaplytics.de\/?page_id=14435"},"modified":"2025-12-19T01:31:38","modified_gmt":"2025-12-19T00:31:38","slug":"analyse-financiele-rapportage-ai","status":"publish","type":"page","link":"https:\/\/www.leaplytics.de\/nl\/analyse-financiele-rapportage-ai\/","title":{"rendered":"Financi\u00eble rapportage en analyse AI"},"content":{"rendered":"<h2>AI voor financi\u00eble rapportage en analyse: Minder montage, meer inzicht<\/h2>\n\n<p>Financi\u00eble verslaglegging is essentieel. Zo weet je wat er is gebeurd. Zo neemt het leiderschap beslissingen. Zo evalueert het bestuur de prestaties.<\/p>\n<p>Het is ook ongelooflijk repetitief.<\/p>\n<p>Gegevens ophalen uit vijf verschillende systemen. Exporteren naar Excel. Opschonen. Bereken varianties. Dezelfde tabellen maken als vorige maand. Alles opmaken. Commentaar schrijven om uit te leggen wat er veranderd is. Controleer alle formules. Verstuur het. Dan stelt iemand een vervolgvraag en doe je alles opnieuw.<\/p>\n<p>De inhoud verandert. De structuur niet. De analyse is waardevol. De montage is gewoon werk.<\/p>\n<p>AI vervangt financi\u00eble analyse niet. Het doet het assemblagegedeelte. De gegevens verzamelen. De berekening. De eerste opzet. Zodat je team zich kan richten op wat de cijfers werkelijk betekenen.<\/p>\n\n\n<hr class=\"wp-block-separator has-alpha-channel-opacity\"\/>\n\n\n\n<h3 class=\"wp-block-heading\">Het rapportageprobleem<\/h3>\n\n\n<p>Financi\u00eble teams besteden enorm veel tijd aan rapportagemechanica:<\/p>\n\n<p><strong>Gegevens leven overal:<\/strong><br \/>\nInkomsten in ERP. Klantgegevens in CRM. Aantal medewerkers in HRIS. Marketinguitgaven in hun eigen systeem. Webanalyse in weer een andere tool. Sales ops houdt aparte spreadsheets bij.<\/p>\n\n<p><strong>Handmatige gegevensverzameling:<\/strong><br \/>\nLog in op elk systeem. Exporteer de juiste gegevens. Kopieer en plak in je hoofdspreadsheet. Hopen dat je niets over het hoofd hebt gezien. Hoop dat de formaten overeenkomen. Hopelijk heeft niemand de namen van de kolommen veranderd.<\/p>\n\n<p><strong>Repetitieve berekeningen:<\/strong><br \/>\nBudget vs. werkelijk. Maand over maand. Jaar op jaar. Kwartaaltrends. Dezelfde formules. Verschillende cijfers. Elke periode.<\/p>\n\n<p><strong>Handmatige variantieanalyse:<\/strong><br \/>\nWaarom stijgt de omzet met 8%? Graaf in de gegevens. Productmix. Geografische mix. Prijswijzigingen. Veranderingen in volume. Dan schrijf je het op. Elke maand.<\/p>\n\n<p><strong>Opmaak en presentatie:<\/strong><br \/>\nGetallen moeten er goed uitzien. Tabellen consistent geformatteerd. Grafieken op de juiste pagina's. Kop- en voetteksten kloppen. PowerPoint dia's bijgewerkt.<\/p>\n\n<p><strong>Hoofdpijn door versiebeheer:<\/strong><br \/>\nJe verstuurt v1. Iemand vindt een fout. Je stuurt v2. Iemand wil andere sneden. Je stuurt v3. Nu zijn er drie versies in omloop.<\/p>\n\n<p>Tegen de tijd dat het rapport klaar is, ben je uitgeput. En je hebt nog geen echte analyse gedaan. Je hebt alleen maar informatie verzameld.<\/p>\n\n\n<hr class=\"wp-block-separator has-alpha-channel-opacity\"\/>\n\n\n\n<h3 class=\"wp-block-heading\">Wat AI doet voor rapportage en analyse<\/h3>\n\n\n\n<h4 class=\"wp-block-heading\">Haalt automatisch gegevens overal vandaan<\/h4>\n\n\n<p>De AI maakt verbinding met al je systemen:<\/p>\n<ul>\n<li>ERP-systemen (SAP, Oracle, NetSuite, Dynamics, enz.)<\/li>\n<li>CRM-systemen (Salesforce, HubSpot, enz.)<\/li>\n<li>Datawarehouses en databases<\/li>\n<li>Spreadsheets en gedeelde schijven<\/li>\n<li>Cloudopslag en samenwerkingstools<\/li>\n<li>Gegevensbronnen van derden<\/li>\n<\/ul>\n\n<p>Niet meer inloggen en exporteren. Niet meer kopi\u00ebren-plakken. De AI haalt precies op wat je nodig hebt, wanneer je het nodig hebt.<\/p>\n\n<p>Het verwerkt automatisch verschillende gegevensformaten. Data in verschillende formaten? Verschillende valuta? Verschillende meeteenheden? De AI normaliseert alles zodat het samenwerkt.<\/p>\n\n<p>Gegevens bijgewerkt? De AI wordt automatisch vernieuwd. Geen \"dit rapport gebruikt gegevens vanaf...\" disclaimers meer omdat je het dinsdagochtend handmatig hebt opgehaald.<\/p>\n\n\n<h4 class=\"wp-block-heading\">Berekent alles direct<\/h4>\n\n\n<p>Standaard financi\u00eble berekeningen die minuten handmatig vergen, gebeuren in seconden:<\/p>\n\n<p><strong>Variantieberekeningen:<\/strong><\/p>\n<ul>\n<li>Begroting vs. werkelijk (dollar en procent)<\/li>\n<li>Prognose vs. werkelijk<\/li>\n<li>Vergelijkingen met voorgaande perioden<\/li>\n<li>Vergelijkingen met vorig jaar<\/li>\n<li>Planvariantie met cumulatief voorgaand jaar<\/li>\n<\/ul>\n\n<p><strong>Trendanalyse:<\/strong><\/p>\n<ul>\n<li>Groeipercentages van maand tot maand<\/li>\n<li>Kwartaaltrends<\/li>\n<li>Voortschrijdende gemiddelden<\/li>\n<li>Seizoensgebonden aanpassingen<\/li>\n<li>Run-rate berekeningen<\/li>\n<\/ul>\n\n<p><strong>Ratioanalyse:<\/strong><\/p>\n<ul>\n<li>Marges (bruto, operationeel, netto)<\/li>\n<li>Rendementscijfers (ROA, ROE, ROIC)<\/li>\n<li>Effici\u00ebntieratio's (omloopsnelheid activa, omloopsnelheid inventaris)<\/li>\n<li>Liquiditeitsratio's (current ratio, quick ratio)<\/li>\n<li>Aangepaste KPI's specifiek voor uw bedrijf<\/li>\n<\/ul>\n\n<p>De AI berekent niet alleen. Het handelt ook de vervelende randgevallen af. Deling door nul? Ontbrekende gegevens? Structurele wijzigingen in je rekeningstelsel? Het beheert deze op intelligente wijze in plaats van te breken.<\/p>\n\n\n<h4 class=\"wp-block-heading\">Legt uit wat er is veranderd<\/h4>\n\n\n<p>Dit is waar AI interessant wordt. Het laat niet alleen getallen zien. Het verklaart ze.<\/p>\n\n<p><strong>Automatisch commentaar op variantie:<\/strong><br \/>\n\"De omzet steeg met $2,3M (12%) in vergelijking met vorige maand, dankzij 15% groei in Product X ($1,8M) en 8% groei in Product Y ($0,6M), gedeeltelijk gecompenseerd door 3% daling in Product Z ($0,1M).\"<\/p>\n\n<p>De AI schrijft de eerste versie. Jij herziet, verfijnt en voegt context toe. Maar je begint niet met een lege pagina.<\/p>\n\n<p><strong>Bestuurdersidentificatie:<\/strong><br \/>\nDe AI zegt niet alleen dat de omzet stijgt. Het identificeert waarom:<\/p>\n<ul>\n<li>Volumeveranderingen vs. prijsveranderingen<\/li>\n<li>Verschuivingen in productmix<\/li>\n<li>Geografische prestaties<\/li>\n<li>Veranderingen in klantsegment<\/li>\n<li>Seizoensgebonden versus echte groei<\/li>\n<\/ul>\n\n<p>Het kwantificeert de bijdrage van elke drijvende kracht. \"Volume omhoog met 8%, prijs omhoog met 3%, impact mix +1%.\" Nu weet je wat de naald echt bewoog.<\/p>\n\n<p><strong>Samenvattingen in natuurlijke taal:<\/strong><br \/>\nIn plaats van leidinggevenden te dwingen tabellen te lezen, schrijft de AI samenvattingen in gewone taal. \"We hebben het plan deze maand met 5% overtroffen, voornamelijk dankzij de sterker dan verwachte vraag in de noordoostelijke regio.\"<\/p>\n\n\n<h4 class=\"wp-block-heading\">Vlekken Patronen en afwijkingen<\/h4>\n\n\n<p>Mensen zijn geweldig in analyse. Mensen zijn vreselijk in het controleren van duizenden gegevenspunten op patronen.<\/p>\n\n<p>AI is het tegenovergestelde.<\/p>\n\n<p><strong>Trenddetectie:<\/strong><br \/>\nDe brutomarge is drie maanden op rij gedaald. Elke maand kleine dalingen. Gemakkelijk individueel te missen. De AI ziet de trend en markeert deze.<\/p>\n\n<p><strong>Detectie van afwijkingen:<\/strong><br \/>\nMarketinguitgaven in het kantoor in Dallas zijn 40% hoger dan normaal. Kan legitiem zijn. Kan een fout zijn. Hoe dan ook, de moeite waard om te controleren. De AI markeert het.<\/p>\n\n<p><strong>Correlatieanalyse:<\/strong><br \/>\nAls de verkoop stijgt, stijgen de verzendkosten normaal gesproken evenredig. Deze maand niet. Waarom niet? De AI merkt het en stelt vragen.<\/p>\n\n<p><strong>Drempelbewaking:<\/strong><br \/>\nElke rekening boven $50K moet worden beoordeeld door de CFO. Elke afwijking van meer dan 10% moet worden toegelicht. Elke negatieve marge moet worden onderzocht. De AI kijkt voortdurend mee en waarschuwt wanneer drempels worden overschreden.<\/p>\n\n<p>Je team kan niet elke post elke maand handmatig controleren. De AI kan dat wel. Het brengt belangrijke dingen onder je aandacht in plaats van ze te laten verstoppen in enorme datasets.<\/p>\n\n\n<h4 class=\"wp-block-heading\">Genereert automatisch rapporten<\/h4>\n\n\n<p>Zodra de AI je standaard rapportindeling kent, maakt hij ze automatisch aan:<\/p>\n\n<p><strong>Maandelijkse financi\u00eble pakketten:<\/strong><br \/>\nWinst-en-verliesrekening, balans, kasstroom, commentaar op variaties, KPI-dashboard. Elke maand hetzelfde formaat. Cijfers worden automatisch bijgewerkt.<\/p>\n\n<p><strong>Pakketten:<\/strong><br \/>\nSamenvatting, belangrijkste statistieken, segmentprestaties, risico's en kansen. Automatisch gegenereerd, klaar voor beoordeling en verfijning.<\/p>\n\n<p><strong>Afdelingsrapporten:<\/strong><br \/>\nElke afdeling krijgt haar eigen P&amp;L en statistieken. Gegenereerd uit dezelfde gegevensbron. Consistente definities. Geen handmatige splitsing.<\/p>\n\n<p><strong>Aangepaste weergaven:<\/strong><br \/>\nVerkoop wil inkomsten per regio zien. Operations wil de kosten per vestiging zien. Marketing wil ROI per kanaal. De AI cre\u00ebert elke weergave op basis van dezelfde onderliggende gegevens.<\/p>\n\n<p>De AI genereert de eerste versie. Jij bekijkt het. Voeg context toe. Past aan wat aangepast moet worden. Maar je begint niet elke keer opnieuw.<\/p>\n\n\n<h4 class=\"wp-block-heading\">Beantwoordt snel ad-hocvragen<\/h4>\n\n\n<p>De bestuursvergadering is over 30 minuten. Iemand vraagt: \"Wat is onze omzettrend in het Midwesten voor Product X over de laatste 6 kwartalen?\"<\/p>\n\n<p>Voor AI: Paniek. Gegevens exporteren. Filteren. Berekenen. Snel een grafiek maken. Hopen dat het klopt.<\/p>\n\n<p>Met AI: Stel de vraag. Krijg het antwoord in seconden. Controleer of het er redelijk uitziet. Toon het aan het bestuur.<\/p>\n\n<p>De AI kan je financi\u00eble gegevens in stukjes snijden zoals jij dat wilt:<\/p>\n<ul>\n<li>Per product, regio, klant, kanaal, tijdsperiode<\/li>\n<li>Met alle statistieken die je definieert<\/li>\n<li>In tabellen, grafieken of verhalen<\/li>\n<li>Ge\u00ebxporteerd naar elk gewenst formaat<\/li>\n<\/ul>\n\n<p>Ad hoc betekent niet langer uren werk. Het betekent andere vragen, dezelfde snelheid.<\/p>\n\n\n<hr class=\"wp-block-separator has-alpha-channel-opacity\"\/>\n\n\n\n<h3 class=\"wp-block-heading\">Wat dit voor jou betekent<\/h3>\n\n\n\n<h4 class=\"wp-block-heading\">Voor CFO's en financieel managers<\/h4>\n\n\n<p><strong>Snellere sluitcycli:<\/strong><br \/>\nWanneer het samenstellen van rapporten automatisch verloopt, sluit je sneller af. Twee dagen in plaats van vijf. Dezelfde kwaliteit, minder tijd.<\/p>\n\n<p><strong>Meer tijd voor strategisch werk:<\/strong><br \/>\nJe team besteedt minder tijd aan het maken van rapporten en meer tijd aan het begrijpen wat ze betekenen. Meer tijd aan \"moeten we\" vragen in plaats van \"hoeveel\" vragen.<\/p>\n\n<p><strong>Betere beslissingsondersteuning:<\/strong><br \/>\nAls je vragen kunt beantwoorden in minuten in plaats van uren, nemen leiders beslissingen met betere informatie. Minder gissen, meer gegevens.<\/p>\n\n<p><strong>Consistente rapportage:<\/strong><br \/>\nElke keer dezelfde definities. Steeds dezelfde berekeningen. Geen \"wacht, hoe hebben we dit vorige maand berekend?\" momenten meer.<\/p>\n\n<p><strong>Eenvoudigere audits:<\/strong><br \/>\nAuditors willen je cijfers begrijpen. Als rapporten automatisch worden gegenereerd op basis van geverifieerde gegevensbronnen met gedocumenteerde berekeningen, is dat veel gemakkelijker uit te leggen en te ondersteunen.<\/p>\n\n\n<h4 class=\"wp-block-heading\">Voor controllers en boekhoudmanagers<\/h4>\n\n\n<p><strong>Stop met het herbouwen van dezelfde rapporten:<\/strong><br \/>\nPakketten voor het einde van de maand die twee dagen duurden, kosten nu twee uur. Het grootste deel daarvan is beoordeling, geen assemblage.<\/p>\n\n<p><strong>Vang fouten op voordat ze eruit gaan:<\/strong><br \/>\nDe AI markeert dingen die niet kloppen. Ongebruikelijke trends. Gebroken berekeningen. Ontbrekende gegevens. Je lost problemen op voordat iemand ze ziet.<\/p>\n\n<p><strong>Rapportageverzoeken zonder paniek afhandelen:<\/strong><br \/>\n\"Kun je per kwartaal de omzet per regio van de afgelopen drie jaar opvragen?\" Vroeger was dat een project. Nu is het vijf minuten.<\/p>\n\n<p><strong>Richt je op uitleggen, niet op berekenen:<\/strong><br \/>\nHet is jouw taak om mensen te helpen de cijfers te begrijpen. Als de AI de wiskunde doet, heb jij de tijd om uit te leggen wat er gebeurt.<\/p>\n\n\n<h4 class=\"wp-block-heading\">Voor financi\u00eble analisten<\/h4>\n\n\n<p><strong>Sneller tot inzichten komen:<\/strong><br \/>\nBesteed niet langer 80% van je tijd aan het verzamelen van gegevens en 20% aan analyse. Draai die verhouding om. De AI zoekt gegevens uit. Jij analyseert.<\/p>\n\n<p><strong>Ontdek meer scenario's:<\/strong><br \/>\nWanneer je analyses kunt uitvoeren in minuten in plaats van uren, ontdek je meer opties. Meer \"wat als\" scenario's. Dieper duiken in interessante patronen.<\/p>\n\n<p><strong>Doe werk waarbij je je vaardigheden echt gebruikt:<\/strong><br \/>\nJe bent niet bij financi\u00ebn begonnen om gegevens te kopi\u00ebren en te plakken. Je ging naar financi\u00ebn om de bedrijfsprestaties te begrijpen. Met AI kun je je daarop richten.<\/p>\n\n<p><strong>Word een betere zakenpartner:<\/strong><br \/>\nAls je vragen snel kunt beantwoorden met goede gegevens, word je de persoon met wie iedereen wil praten. Je helpt beslissingen te nemen in plaats van alleen maar resultaten te rapporteren.<\/p>\n\n\n<hr class=\"wp-block-separator has-alpha-channel-opacity\"\/>\n\n\n\n<h3 class=\"wp-block-heading\">Algemene rapportagescenario's<\/h3>\n\n\n\n<h4 class=\"wp-block-heading\">Rapportage maandafsluiting<\/h4>\n\n\n<p>De afsluiting is gedaan. De boeken zijn gesloten. Nu begint de rapportage.<\/p>\n\n<p>De AI automatisch:<\/p>\n<ol>\n<li>Haalt definitieve cijfers uit je ERP<\/li>\n<li>Berekent alle afwijkingen ten opzichte van het budget en voorgaande perioden<\/li>\n<li>Genereert standaard P&amp;L-, balans- en kasstroomoverzichten<\/li>\n<li>Cre\u00ebert variantiecommentaar waarin belangrijke bewegingen worden uitgelegd<\/li>\n<li>Bouwt KPI-dashboards met grafieken en trends<\/li>\n<li>Formatteert alles volgens uw sjablonen<\/li>\n<li>Verspreidt rapporten naar de juiste mensen<\/li>\n<\/ol>\n\n<p>Je controller beoordeelt het pakket. Voegt context toe over specifieke kwesties. Past het commentaar waar nodig aan. Keurt distributie goed. Totale tijd: 90 minuten in plaats van twee dagen.<\/p>\n\n\n<h4 class=\"wp-block-heading\">Voorbereiding bestuursvergadering<\/h4>\n\n\n<p>Het bestuur komt elk kwartaal bijeen. Ze willen de prestaties, trends en vooruitzichten zien.<\/p>\n\n<p>De AI cre\u00ebert:<\/p>\n<ul>\n<li>Samenvatting met hoogtepunten<\/li>\n<li>Driemaandelijkse P&amp;L met variantieanalyse<\/li>\n<li>Prestaties tot nu toe ten opzichte van plan<\/li>\n<li>Belangrijke statistieken en KPI-trends<\/li>\n<li>Gesegmenteerde prestaties<\/li>\n<li>Overzicht kasmiddelen en balans<\/li>\n<li>Grafieken met trends en vergelijkingen<\/li>\n<\/ul>\n\n<p>Je CFO beoordeelt het ontwerp. Voegt strategisch commentaar toe. Past de nadruk op bepaalde punten aan. Bereidt gespreksonderwerpen voor. Maar het verzamelen van de gegevens is klaar.<\/p>\n\n\n<h4 class=\"wp-block-heading\">Ad hoc analyseverzoek<\/h4>\n\n\n<p>Uw CEO vraagt: \"Ik maak me zorgen over onze marge in de westelijke regio. Kunt u mij de trend van de brutomarge per regio laten zien voor de laatste 8 kwartalen, en de top 5 producten in elke regio uitsplitsen?\"<\/p>\n\n<p>De AI:<\/p>\n<ol>\n<li>Haalt omzet en COGS op per regio, product en kwartaal<\/li>\n<li>Berekent brutomarge voor elke combinatie<\/li>\n<li>Identificeert top 5 producten per regio op basis van omzet<\/li>\n<li>Cre\u00ebert trendgrafieken die de margebeweging tonen<\/li>\n<li>Genereert een overzichtstabel met de belangrijkste statistieken<\/li>\n<li>Conceptcommentaar waarin wordt opgemerkt dat de marge in de westelijke regio 3 punten is gedaald, voornamelijk door prijsdruk op Product X<\/li>\n<\/ol>\n\n<p>Totale tijd: 5 minuten. Je bekijkt het, controleert of het zinvol is en stuurt het naar de CEO. De analyse is al klaar voordat de vergadering begint.<\/p>\n\n\n<hr class=\"wp-block-separator has-alpha-channel-opacity\"\/>\n\n\n\n<h3 class=\"wp-block-heading\">Wat AI niet kan<\/h3>\n\n\n<p>AI is krachtig voor rapportage, maar heeft duidelijke grenzen:<\/p>\n\n<p><strong>Het kan geen oordeel vellen over de presentatie:<\/strong><br \/>\nMoeten we deze kwestie wel of niet onder de aandacht van het bestuur brengen? Dat is een strategische beslissing. De AI laat je de gegevens zien. Jij beslist wat je benadrukt.<\/p>\n\n<p><strong>Het kan geen context buiten de gegevens verklaren:<\/strong><br \/>\n\"De omzet daalt omdat onze grootste klant brand heeft gehad\" vereist kennis buiten je systemen. De AI kan dat niet weten tenzij iemand het vertelt.<\/p>\n\n<p><strong>Het kan niet bepalen wat belangrijk is:<\/strong><br \/>\nEen afwijking van 2% kan op de ene regel enorm zijn en op een andere zinloos. De AI kan afwijkingen markeren, maar jij bepaalt wat belangrijk is.<\/p>\n\n<p><strong>Het kan geen volledig nieuwe analysetypen aan:<\/strong><br \/>\nStandaardrapporten? Perfect. Iets wat je nog nooit op een nieuwe manier hebt geanalyseerd? Dan moet je het begeleiden.<\/p>\n\n<p><strong>Het kan de kwaliteit van gegevens niet garanderen:<\/strong><br \/>\nAls verkeerde gegevens je ERP binnenkomen, komen er verkeerde gegevens uit in rapporten. Garbage in, garbage out is nog steeds van toepassing. De AI kan afwijkingen opsporen, maar slechte brongegevens niet repareren.<\/p>\n\n<p>De AI kan het mechanische werk briljant aan. Strategisch denken, bedrijfscontext en beoordelingsvermogen vereisen nog steeds mensen.<\/p>\n\n\n<hr class=\"wp-block-separator has-alpha-channel-opacity\"\/>\n\n\n\n<h3 class=\"wp-block-heading\">Aan de slag<\/h3>\n\n\n<p>Begin met je pijnlijkste rapportageproces:<\/p>\n\n<p><strong>Kies eerst \u00e9\u00e9n rapport:<\/strong><br \/>\nJe maandelijkse managementpakket? Directierapport? Afdelingsrapporten? Kies degene die de meeste tijd kost of het vaakst voorkomt.<\/p>\n\n<p><strong>Documenteer het huidige proces:<\/strong><br \/>\nWaar komen de gegevens vandaan? Welke berekeningen doe je? Welk formaat verwachten mensen? Inzicht in de huidige staat is essentieel.<\/p>\n\n<p><strong>Begin met automatisering voor het verzamelen van gegevens:<\/strong><br \/>\nZorg dat de AI automatisch gegevens verzamelt voordat hij commentaar schrijft. Bewijs dat dit correct werkt.<\/p>\n\n<p><strong>Volgende berekeningen toevoegen:<\/strong><br \/>\nZodra de gegevens betrouwbaar stromen, automatiseer je de standaardberekeningen. Controleer of ze overeenkomen met je handmatige berekeningen.<\/p>\n\n<p><strong>Voeg dan het genereren van verhalen toe:<\/strong><br \/>\nZodra de nummers kloppen, laat je de AI commentaar schrijven. Controleer in eerste instantie elk woord. Bouw na verloop van tijd vertrouwen op.<\/p>\n\n<p><strong>Tijdsbesparing meten:<\/strong><br \/>\nHoud bij hoe lang de rapportage ervoor en erna duurde. Documenteer de verbetering. Gebruik dat om uitbreiding naar meer rapporten te rechtvaardigen.<\/p>\n\n<p>Je hoeft niet alles in \u00e9\u00e9n keer te automatiseren. Begin met \u00e9\u00e9n rapport. Bewijs de waarde. Breid van daaruit uit.<\/p>\n\n\n<hr class=\"wp-block-separator has-alpha-channel-opacity\"\/>\n\n\n\n<h3 class=\"wp-block-heading\">Klaar om minder tijd te besteden aan het maken van rapporten?<\/h3>\n\n\n<p>Elk bedrijf heeft andere rapportagebehoeften. Verschillende systemen. Verschillende formaten. Verschillende doelgroepen.<\/p>\n<p>We verkopen geen algemene rapportagesjablonen. We kijken naar uw specifieke rapporten. Uw gegevensbronnen. Uw vereisten.<\/p>\n<p>Dan bouwen we AI-rapportage die precies werkt zoals jij het nodig hebt. Dezelfde output die je nu produceert. In een fractie van de tijd.<\/p>\n<p>We beginnen met \u00e9\u00e9n rapport. Bewijzen dat het werkt. Dan uitbreiden. Geen grootschalig transformatieproject. Gewoon praktische automatisering die je team tijd bespaart.<\/p>\n\n<p><strong><a href=\"https:\/\/www.leaplytics.de\/nl\/kontakt\/\">Praat met ons over uw rapportageproces<\/a><\/strong><\/p>\n\n<p><a href=\"https:\/\/www.leaplytics.de\/nl\/financien-ai\/\">Terug naar AI-overzicht financi\u00ebn<\/a><\/p>","protected":false},"excerpt":{"rendered":"<p>AI for Financial Reporting &#038; Analysis: Less Assembly, More Insight Financial reporting is essential. It&#8217;s how you know what happened. It&#8217;s how leadership makes decisions. It&#8217;s how the board evaluates performance. It&#8217;s also incredibly repetitive. Pull data from five different systems. Export to Excel. Clean it up. Calculate variances. Build the same tables you built &hellip; <\/p>","protected":false},"author":2,"featured_media":0,"parent":0,"menu_order":0,"comment_status":"closed","ping_status":"closed","template":"","meta":{"footnotes":""},"class_list":["post-14435","page","type-page","status-publish","hentry","latest_post"],"_links":{"self":[{"href":"https:\/\/www.leaplytics.de\/nl\/wp-json\/wp\/v2\/pages\/14435","targetHints":{"allow":["GET"]}}],"collection":[{"href":"https:\/\/www.leaplytics.de\/nl\/wp-json\/wp\/v2\/pages"}],"about":[{"href":"https:\/\/www.leaplytics.de\/nl\/wp-json\/wp\/v2\/types\/page"}],"author":[{"embeddable":true,"href":"https:\/\/www.leaplytics.de\/nl\/wp-json\/wp\/v2\/users\/2"}],"replies":[{"embeddable":true,"href":"https:\/\/www.leaplytics.de\/nl\/wp-json\/wp\/v2\/comments?post=14435"}],"version-history":[{"count":1,"href":"https:\/\/www.leaplytics.de\/nl\/wp-json\/wp\/v2\/pages\/14435\/revisions"}],"predecessor-version":[{"id":14436,"href":"https:\/\/www.leaplytics.de\/nl\/wp-json\/wp\/v2\/pages\/14435\/revisions\/14436"}],"wp:attachment":[{"href":"https:\/\/www.leaplytics.de\/nl\/wp-json\/wp\/v2\/media?parent=14435"}],"curies":[{"name":"wp","href":"https:\/\/api.w.org\/{rel}","templated":true}]}}