{"id":1785,"date":"2021-04-30T00:16:19","date_gmt":"2021-04-29T22:16:19","guid":{"rendered":"https:\/\/www.leaplytics.de\/?page_id=1785"},"modified":"2024-10-29T13:47:21","modified_gmt":"2024-10-29T12:47:21","slug":"project-management-suite-voor-qliksense","status":"publish","type":"page","link":"https:\/\/www.leaplytics.de\/nl\/voorpagina\/qlik-sense-uitbreidingen\/project-management-suite-voor-qliksense\/","title":{"rendered":"Projectbeheersuite voor Qlik Sense"},"content":{"rendered":"<p>Weg met de ontoereikende en onvolgroeide lappendeken voor projectbeheer in Qlik Sense met de LeapLytics Project Management Suite!<\/p>\n\n\n\n<p>De Project Management Suite voor Qlik Sense bevat alles wat u nodig heeft om een uitgebreide projectmanagementstatusrapportage te maken. Het bevat 3 unieke visualisaties: Verkeerslicht, Risicomatrix en Tijdlijn. Daarnaast krijgt u de nodige add-ons om uw projectmanagementdashboard te ontwerpen. De uitbreidingen tonen hoge prestaties, een hoog niveau van volwassenheid en bruikbaarheid en flexibiliteit om aan uw individuele behoeften te voldoen.<\/p>\n\n\n\n<p>De Suite bevat relevante Add-Ons die de creatie van een projectmanagementdashboard echt verbeteren. De Divider Strokes kunnen het dashboard structureren in gebieden om de gebruiker te begeleiden met maximale prestaties. De Maturity Viewer brengt meer duidelijkheid over fases of stadia van het project. De Company Logo Extension zet uw individuele bedrijfslogo om in een bruikbaar QlikSense-object. De conversie van uw logo is gratis.<\/p>\n\n\n\n<p>De Suite wordt ook geleverd met een eenvoudig te gebruiken bundeling-integratie om de uitbreidingen voor projectbeheer in \u00e9\u00e9n oogopslag te zien. De uitbreidingen bieden een geharmoniseerde gebruikersbegeleiding door de instellingen en een intu\u00eftieve bediening zonder codeerervaring. De uitgebreide documentatie met bedrijfsgerelateerde use cases vult het gebruiksgemak aan. Regelmatige en solide releases houden uw use case up-to-date.<\/p>\n\n\n\n<h3 class=\"wp-block-heading\">Project Management Suite voor Qlik Sense inhoud<\/h3>\n\n\n\n<p>Open de offici\u00eble documentatie door op de afbeelding te klikken. <\/p>\n\n\n\n<div class=\"wp-block-columns is-layout-flex wp-container-core-columns-is-layout-1 wp-block-columns-is-layout-flex\">\n<div class=\"wp-block-column is-layout-flow wp-block-column-is-layout-flow\">\n<h4 class=\"wp-block-heading\"><strong>Verkeerslicht<\/strong><\/h4>\n<\/div>\n\n\n\n<div class=\"wp-block-column is-layout-flow wp-block-column-is-layout-flow\">\n<h4 class=\"wp-block-heading\"><strong>Risico Hittekaart<\/strong><\/h4>\n<\/div>\n\n\n\n<div class=\"wp-block-column is-layout-flow wp-block-column-is-layout-flow\">\n<h4 class=\"wp-block-heading\"><strong>Tijdlijn<\/strong><\/h4>\n<\/div>\n\n\n\n<div class=\"wp-block-column is-layout-flow wp-block-column-is-layout-flow\">\n<h4 class=\"wp-block-heading\"><strong>Versnellers<\/strong><\/h4>\n<\/div>\n<\/div>\n\n\n\n<div class=\"wp-block-columns is-layout-flex wp-container-core-columns-is-layout-2 wp-block-columns-is-layout-flex\">\n<div class=\"wp-block-column is-layout-flow wp-block-column-is-layout-flow\">\n<figure class=\"wp-block-image size-full\"><img loading=\"lazy\" decoding=\"async\" width=\"287\" height=\"300\" src=\"https:\/\/www.leaplytics.de\/wp-content\/uploads\/2021\/11\/TrafficLight300pixel.png\" alt=\"\" class=\"wp-image-2361\" title=\"Project Management Suite Verkeerslicht\" srcset=\"https:\/\/www.leaplytics.de\/wp-content\/uploads\/2021\/11\/TrafficLight300pixel.png 287w, https:\/\/www.leaplytics.de\/wp-content\/uploads\/2021\/11\/TrafficLight300pixel-57x60.png 57w\" sizes=\"auto, (max-width: 287px) 100vw, 287px\" \/><\/figure>\n<\/div>\n\n\n\n<div class=\"wp-block-column is-layout-flow wp-block-column-is-layout-flow\">\n<figure class=\"wp-block-image size-full\"><img loading=\"lazy\" decoding=\"async\" width=\"287\" height=\"300\" src=\"https:\/\/www.leaplytics.de\/wp-content\/uploads\/2021\/11\/RiskHeatmap-Kasten-Blau_300pixel.png\" alt=\"\" class=\"wp-image-2363\" title=\"Project Management Suite Risicoheatmap\" srcset=\"https:\/\/www.leaplytics.de\/wp-content\/uploads\/2021\/11\/RiskHeatmap-Kasten-Blau_300pixel.png 287w, https:\/\/www.leaplytics.de\/wp-content\/uploads\/2021\/11\/RiskHeatmap-Kasten-Blau_300pixel-57x60.png 57w\" sizes=\"auto, (max-width: 287px) 100vw, 287px\" \/><\/figure>\n<\/div>\n\n\n\n<div class=\"wp-block-column is-vertically-aligned-center is-layout-flow wp-block-column-is-layout-flow\"><div class=\"wp-block-image\">\n<figure class=\"aligncenter size-full\"><img loading=\"lazy\" decoding=\"async\" width=\"287\" height=\"300\" src=\"https:\/\/www.leaplytics.de\/wp-content\/uploads\/2021\/11\/TIMELINE_300pixel.png\" alt=\"\" class=\"wp-image-2364\" title=\"Project Management Suite Mijlpaalweergave\" srcset=\"https:\/\/www.leaplytics.de\/wp-content\/uploads\/2021\/11\/TIMELINE_300pixel.png 287w, https:\/\/www.leaplytics.de\/wp-content\/uploads\/2021\/11\/TIMELINE_300pixel-57x60.png 57w\" sizes=\"auto, (max-width: 287px) 100vw, 287px\" \/><\/figure><\/div><\/div>\n\n\n\n<div class=\"wp-block-column is-layout-flow wp-block-column-is-layout-flow\">\n<figure class=\"wp-block-image size-full\"><img loading=\"lazy\" decoding=\"async\" width=\"567\" height=\"593\" src=\"https:\/\/www.leaplytics.de\/wp-content\/uploads\/2021\/11\/Accelerators_1_300pixel.png\" alt=\"\" class=\"wp-image-2365\" title=\"Projectbeheersuite versneller\" srcset=\"https:\/\/www.leaplytics.de\/wp-content\/uploads\/2021\/11\/Accelerators_1_300pixel.png 567w, https:\/\/www.leaplytics.de\/wp-content\/uploads\/2021\/11\/Accelerators_1_300pixel-287x300.png 287w, https:\/\/www.leaplytics.de\/wp-content\/uploads\/2021\/11\/Accelerators_1_300pixel-57x60.png 57w\" sizes=\"auto, (max-width: 567px) 100vw, 567px\" \/><\/figure>\n<\/div>\n<\/div>\n\n\n\n<div class=\"wp-block-columns is-layout-flex wp-container-core-columns-is-layout-3 wp-block-columns-is-layout-flex\">\n<div class=\"wp-block-column is-layout-flow wp-block-column-is-layout-flow\">\n<h6 class=\"wp-block-heading\">Statusindicatie wissen<\/h6>\n\n\n\n<h6 class=\"wp-block-heading\">Flexibele reeksen voor alle soorten units<\/h6>\n\n\n\n<h6 class=\"wp-block-heading\">Individueel uiterlijk en gebruiksgemak<\/h6>\n<\/div>\n\n\n\n<div class=\"wp-block-column is-layout-flow wp-block-column-is-layout-flow\">\n<h6 class=\"wp-block-heading\">Volledige risicoprofielen<\/h6>\n\n\n\n<h6 class=\"wp-block-heading\">Stabiel en eenvoudig rooster voor 2 categorie\u00ebn<\/h6>\n\n\n\n<h6 class=\"wp-block-heading\">Verschillende sets velden &amp; kleurcodering<\/h6>\n<\/div>\n\n\n\n<div class=\"wp-block-column is-layout-flow wp-block-column-is-layout-flow\">\n<h6 class=\"wp-block-heading\">Tijdgeschaalde mijlpaalweergave<\/h6>\n\n\n\n<h6 class=\"wp-block-heading\">Automatisch schalen van tijdlijn met begin en einde<\/h6>\n\n\n\n<h6 class=\"wp-block-heading\">Flexibele beschrijvingen &amp; afwijkende kleuren<\/h6>\n<\/div>\n\n\n\n<div class=\"wp-block-column is-layout-flow wp-block-column-is-layout-flow\">\n<h6 class=\"wp-block-heading\">Performante add-ons<\/h6>\n\n\n\n<h6 class=\"wp-block-heading\">Individueel bedrijfslogo<\/h6>\n\n\n\n<h6 class=\"wp-block-heading\">Volwassenheidsoverzicht voor veel use cases<\/h6>\n<\/div>\n<\/div>\n\n\n\n<hr class=\"wp-block-separator has-css-opacity\"\/>\n\n\n\n<p>Schrijf je hier in om exclusieve updates en releases te ontvangen: <a href=\"https:\/\/www.leaplytics.de\/nl\/abonneer_product\/\"><strong>Abonnement<\/strong><\/a><\/p>\n\n\n\n<div class=\"wp-block-columns are-vertically-aligned-center is-layout-flex wp-container-core-columns-is-layout-4 wp-block-columns-is-layout-flex\">\n<div class=\"wp-block-column is-vertically-aligned-center is-layout-flow wp-block-column-is-layout-flow\" style=\"flex-basis:100%\">\n<p><\/p>\n<\/div>\n<\/div>\n\n\n\n<p><\/p>","protected":false},"excerpt":{"rendered":"<p>Krijg een scherp visueel beeld van je risicoprofielen met de Risk Heatmap voor QilkSense! De uitbreiding is ontwikkeld om profielen te visualiseren, die worden gemeten in een matrix van twee KPI's en verschillende categorie\u00ebn. Het is in staat om meerdere indicatoren (tot 4 in de gratis versie) per veld te visualiseren. Verschillende instellingen, zoals een eenvoudige switch tussen een 3\u00d73- en 5\u00d75-veld-matrix, rand- en tekstinstellingen, passen deze uitbreiding aan uw rapportagebehoeften aan. <\/p>\n<p>Deze uitbreiding kan ook worden gebruikt voor het bewaken en aangeven van drempelwaarden voor alle soorten fysieke maatregelen, kwaliteitsindicatoren en afwijkingen in het algemeen. Hiermee kan het worden toegepast op een groot aantal gebruikssituaties die zich in verschillende bedrijven voordoen.<\/p>","protected":false},"author":1,"featured_media":0,"parent":227,"menu_order":1,"comment_status":"closed","ping_status":"closed","template":"","meta":{"footnotes":""},"class_list":["post-1785","page","type-page","status-publish","hentry","latest_post"],"_links":{"self":[{"href":"https:\/\/www.leaplytics.de\/nl\/wp-json\/wp\/v2\/pages\/1785","targetHints":{"allow":["GET"]}}],"collection":[{"href":"https:\/\/www.leaplytics.de\/nl\/wp-json\/wp\/v2\/pages"}],"about":[{"href":"https:\/\/www.leaplytics.de\/nl\/wp-json\/wp\/v2\/types\/page"}],"author":[{"embeddable":true,"href":"https:\/\/www.leaplytics.de\/nl\/wp-json\/wp\/v2\/users\/1"}],"replies":[{"embeddable":true,"href":"https:\/\/www.leaplytics.de\/nl\/wp-json\/wp\/v2\/comments?post=1785"}],"version-history":[{"count":3,"href":"https:\/\/www.leaplytics.de\/nl\/wp-json\/wp\/v2\/pages\/1785\/revisions"}],"predecessor-version":[{"id":13665,"href":"https:\/\/www.leaplytics.de\/nl\/wp-json\/wp\/v2\/pages\/1785\/revisions\/13665"}],"up":[{"embeddable":true,"href":"https:\/\/www.leaplytics.de\/nl\/wp-json\/wp\/v2\/pages\/227"}],"wp:attachment":[{"href":"https:\/\/www.leaplytics.de\/nl\/wp-json\/wp\/v2\/media?parent=1785"}],"curies":[{"name":"wp","href":"https:\/\/api.w.org\/{rel}","templated":true}]}}