{"id":368,"date":"2020-10-20T21:17:49","date_gmt":"2020-10-20T19:17:49","guid":{"rendered":"https:\/\/www.leaplytics.de\/?page_id=368"},"modified":"2020-10-20T21:32:37","modified_gmt":"2020-10-20T19:32:37","slug":"opdruk","status":"publish","type":"page","link":"https:\/\/www.leaplytics.de\/nl\/opdruk\/","title":{"rendered":"Afdruk"},"content":{"rendered":"<p>Angaben gem\u00e4\u00df \u00a7 5 TMG<\/p><p>LeapLytics GmbH<br \/>Stefan Preusler &amp; Dominik Galsheimer<br \/>Teutonenweg 18<br \/>63128 Dietzenbach<br \/>Duitsland<br \/><\/p><p><b>Vertreten durch:<\/b> Stefan Preusler &amp; Dominik Galsheimer<br \/><\/p><p><b>Kontakt:<\/b><br\/>E-Mail: <img decoding=\"async\" class=\"dsgvoaio_emailpng\" src=\"https:\/\/www.leaplytics.de\/wp-content\/dsgvo-all-in-one-wp-pro\/sserdaliame.png\"><br\/><\/p><p><b>Registereintrag:<\/b><br\/>Registergericht: Amtsgericht Offenbach am Main<br\/>Registratienummer: HRB 53774<br\/><\/p><p><b>Umsatzsteuer-ID:<\/b> DE344747402<\/p><b>Haftungsausschluss<\/b><br \/><b>Macht voor links:<\/b><p>Unser Angebot enth\u00e4lt Links zu externen Webseiten Dritter, auf deren Inhalte wir keinen Einfluss haben. Daarom kunnen wij voor deze fremden Inhalte ook geen Gew\u00e4hr \u00fcbernehmen. Voor die Inhalte der verlinkten Seiten ist stets der jeweilige Anbieter oder Betreiber der Seiten verantwortlich. Die verlinkten Seiten wurden zum Zeitpunkt der Verlinkung auf m\u00f6gliche Rechtsverst\u00f6\u00dfe \u00fcberpr\u00fcft. Rechtswidrige Inhalte waren zum Zeitpunkt der Verlinkung nicht erkennbar. Eine permanente inhaltliche Kontrolle der verlinkten Seiten ist jedoch ohne konkrete Anhaltspunkte einer Rechtsverletzung nicht zumutbar. Bei Bekanntwerden von Rechtsverletzungen werden wir derartige Links umgehend entfernen.<\/p><b>Haftung f\u00fcr Inhalt:<\/b><p>Die Inhalte unserer Seiten wurden mit gr\u00f6\u00dfter Sorgfalt erstellt. Voor die Richtigkeit, Vollst\u00e4ndigkeit und Aktualit\u00e4t der Inhalte k\u00f6nnen wir jedoch keine Gew\u00e4hr \u00fcbernehmen. Als Diensteanbieter zijn wij gem\u00e4\u00df \u00a7 7 Abs.1 TMG f\u00fcr eigene Inhalte auf diesen Seiten nach den allgemeinen Gesetzen verantwortlich. Nach \u00a7 8 bis 10 TMG sind wir als Diensteanbieter jedoch nicht verpflichtet, \u00fcbermittelte oder gespeicherte fremde Informationen zu \u00fcberwachen oder nach Umst\u00e4nden zu forschen, die auf eine rechtswidrige T\u00e4tigkeit hinweisen. Verpflichtungen zur Entfernung oder Sperrung der Nutzung von Informationen nach den allgemeinen Gesetzen bleiben hiervon unber\u00fchrt. Eine diesbez\u00fcgliche Haftung ist jedoch erst ab dem Zeitpunkt der Kenntnis einer konkreten Rechtsverletzung m\u00f6glich. In Bekanntwerden von entsprechenden Rechtsverletzungen werden wir diese Inhalte umgehend entfernen.<\/p><b>Urheberrecht<\/b><br \/><p>Die durch die Seitenbetreiber erstellten Inhalte und Werke auf diesen Seiten unterliegen dem deutschen Urheberrecht. Die Vervielf\u00e4ltigung, Bearbeitung, Verbreitung und jede Art der Verwertung au\u00dferhalb der Grenzen des Urheberrechtes bed\u00fcrfen der schriftlichen Zustimmung des jeweiligen Autors bzw. Erstellers. Downloads en kopie\u00ebn op deze website zijn alleen bedoeld voor priv\u00e9gebruik en mogen niet worden gebruikt voor andere doeleinden. Als die Inhalte auf dieser Seite nicht vom Betreiber erstellt wurden, werden die Urheberrechte Dritter beachtet. Insbesondere werden Inhalte Dritter als solche gekennzeichnet. Als u een Urheberrechtsverletzung wilt gebruiken, geven wij u de juiste instructies. In Bekanntwerden von Rechtsverletzungen werden wir derartige Inhalte umgehend entfernen.<\/p>","protected":false},"excerpt":{"rendered":"","protected":false},"author":1,"featured_media":0,"parent":0,"menu_order":0,"comment_status":"closed","ping_status":"closed","template":"","meta":{"footnotes":""},"class_list":["post-368","page","type-page","status-publish","hentry","latest_post"],"_links":{"self":[{"href":"https:\/\/www.leaplytics.de\/nl\/wp-json\/wp\/v2\/pages\/368","targetHints":{"allow":["GET"]}}],"collection":[{"href":"https:\/\/www.leaplytics.de\/nl\/wp-json\/wp\/v2\/pages"}],"about":[{"href":"https:\/\/www.leaplytics.de\/nl\/wp-json\/wp\/v2\/types\/page"}],"author":[{"embeddable":true,"href":"https:\/\/www.leaplytics.de\/nl\/wp-json\/wp\/v2\/users\/1"}],"replies":[{"embeddable":true,"href":"https:\/\/www.leaplytics.de\/nl\/wp-json\/wp\/v2\/comments?post=368"}],"version-history":[{"count":0,"href":"https:\/\/www.leaplytics.de\/nl\/wp-json\/wp\/v2\/pages\/368\/revisions"}],"wp:attachment":[{"href":"https:\/\/www.leaplytics.de\/nl\/wp-json\/wp\/v2\/media?parent=368"}],"curies":[{"name":"wp","href":"https:\/\/api.w.org\/{rel}","templated":true}]}}