{"id":11871,"date":"2023-06-17T21:49:52","date_gmt":"2023-06-17T19:49:52","guid":{"rendered":"https:\/\/www.leaplytics.de\/?page_id=11871"},"modified":"2023-11-03T11:27:35","modified_gmt":"2023-11-03T10:27:35","slug":"rozpoczecie-pracy-z-przegladarka-markdown-power-bi","status":"publish","type":"page","link":"https:\/\/www.leaplytics.de\/pl\/rozpoczecie-pracy-z-przegladarka-markdown-power-bi\/","title":{"rendered":"Pierwsze kroki - Przegl\u0105darka Markdown"},"content":{"rendered":"<p>Po za\u0142adowaniu naszej wizualizacji z pewno\u015bci\u0105 zadajesz sobie pytanie, co teraz zrobi\u0107. W\u0142a\u015bnie to zamierzamy wyja\u015bni\u0107 w tym samouczku.<\/p>\n\n\n\n<h3 class=\"wp-block-heading\">1. Przeci\u0105gnij Visual na arkusz<\/h3>\n\n\n<div class=\"wp-block-image\">\n<figure class=\"alignleft size-full\"><img loading=\"lazy\" decoding=\"async\" width=\"281\" height=\"350\" src=\"https:\/\/www.leaplytics.de\/wp-content\/uploads\/2023\/11\/md.png\" alt=\"\" class=\"wp-image-12805\" srcset=\"https:\/\/www.leaplytics.de\/wp-content\/uploads\/2023\/11\/md.png 281w, https:\/\/www.leaplytics.de\/wp-content\/uploads\/2023\/11\/md-241x300.png 241w, https:\/\/www.leaplytics.de\/wp-content\/uploads\/2023\/11\/md-48x60.png 48w\" sizes=\"auto, (max-width: 281px) 100vw, 281px\" \/><\/figure><\/div>\n\n\n<div class=\"wp-block-columns is-layout-flex wp-container-core-columns-is-layout-1 wp-block-columns-is-layout-flex\">\n<div class=\"wp-block-column is-layout-flow wp-block-column-is-layout-flow\" style=\"flex-basis:66.66%\">\n<p>Otw\u00f3rz Microsoft Power BI i odpowiedni raport lub arkusz, w kt\u00f3rym chcesz u\u017cy\u0107 wizualizacji \"Markdown Viewer\". Otw\u00f3rz arkusz w trybie edycji, a w sekcji \"Wizualizacje\" znajdziesz wizualizacj\u0119 \"Markdown Viewer\", a tak\u017ce wszystkie inne zakupione produkty LeapLytics. Kliknij wizualizacj\u0119, aby umie\u015bci\u0107 j\u0105 w arkuszu (<em>Wygl\u0105d wizualizacji mo\u017cna p\u00f3\u017aniej zmieni\u0107 za pomoc\u0105 panelu \"Format\"<\/em>).<\/p>\n<\/div>\n<\/div>\n\n\n\n<div style=\"height:16px\" aria-hidden=\"true\" class=\"wp-block-spacer\"><\/div>\n\n\n\n<h3 class=\"wp-block-heading\">2. Panel w\u0142a\u015bciwo\u015bci<\/h3>\n\n\n<div class=\"wp-block-image\">\n<figure class=\"alignleft size-full\"><img loading=\"lazy\" decoding=\"async\" width=\"187\" height=\"411\" src=\"https:\/\/www.leaplytics.de\/wp-content\/uploads\/2023\/11\/md2.png\" alt=\"\" class=\"wp-image-12806\" srcset=\"https:\/\/www.leaplytics.de\/wp-content\/uploads\/2023\/11\/md2.png 187w, https:\/\/www.leaplytics.de\/wp-content\/uploads\/2023\/11\/md2-136x300.png 136w, https:\/\/www.leaplytics.de\/wp-content\/uploads\/2023\/11\/md2-27x60.png 27w\" sizes=\"auto, (max-width: 187px) 100vw, 187px\" \/><\/figure><\/div>\n\n\n<div class=\"wp-block-columns is-layout-flex wp-container-core-columns-is-layout-2 wp-block-columns-is-layout-flex\">\n<div class=\"wp-block-column is-layout-flow wp-block-column-is-layout-flow\" style=\"flex-basis:33.33%\">\n<p>Po umieszczeniu jednej lub wielu instancji wizualizacji na pulpicie nawigacyjnym, po prawej stronie pojawi si\u0119 panel w\u0142a\u015bciwo\u015bci. Panel w\u0142a\u015bciwo\u015bci jest podzielony na sekcje \"Pola\", \"Format\" i \"Analityka\".<\/p>\n\n\n\n<p>W kolejnych rozdzia\u0142ach dowiesz si\u0119, jak korzysta\u0107 z wizualizacji \"Markdown Viewer\" LeapLytics i jak dostosowa\u0107 j\u0105 do swoich potrzeb poprzez prawid\u0142owe u\u017cycie w\u0142a\u015bciwo\u015bci.<\/p>\n<\/div>\n<\/div>\n\n\n\n<div style=\"height:16px\" aria-hidden=\"true\" class=\"wp-block-spacer\"><\/div>\n\n\n\n<h3 class=\"wp-block-heading\">3. Dodaj \u015brodek<\/h3>\n\n\n<div class=\"wp-block-image\">\n<figure class=\"alignleft size-full\"><img loading=\"lazy\" decoding=\"async\" width=\"364\" height=\"409\" src=\"https:\/\/www.leaplytics.de\/wp-content\/uploads\/2023\/11\/md3.png\" alt=\"\" class=\"wp-image-12807\" srcset=\"https:\/\/www.leaplytics.de\/wp-content\/uploads\/2023\/11\/md3.png 364w, https:\/\/www.leaplytics.de\/wp-content\/uploads\/2023\/11\/md3-267x300.png 267w, https:\/\/www.leaplytics.de\/wp-content\/uploads\/2023\/11\/md3-53x60.png 53w\" sizes=\"auto, (max-width: 364px) 100vw, 364px\" \/><\/figure><\/div>\n\n\n<div class=\"wp-block-columns is-layout-flex wp-container-core-columns-is-layout-3 wp-block-columns-is-layout-flex\">\n<div class=\"wp-block-column is-layout-flow wp-block-column-is-layout-flow\" style=\"flex-basis:66.66%\">\n<p>Wybierz wymiar z sekcji \"Dane\", klikaj\u0105c go lub przeci\u0105gaj\u0105c na pole \"Dane\" wizualizacji.<\/p>\n\n\n\n<p><strong>Podczas korzystania z naszej przegl\u0105darki Markdown Viewer nale\u017cy upewni\u0107 si\u0119, \u017ce dane wymiaru s\u0105 w formacie Markdown.<\/strong><\/p>\n<\/div>\n<\/div>\n\n\n\n<div style=\"height:16px\" aria-hidden=\"true\" class=\"wp-block-spacer\"><\/div>\n\n\n\n<h3 class=\"wp-block-heading\">4. Wynik<\/h3>\n\n\n\n<figure class=\"wp-block-image size-large\"><img loading=\"lazy\" decoding=\"async\" width=\"1024\" height=\"407\" src=\"https:\/\/www.leaplytics.de\/wp-content\/uploads\/2023\/11\/grafik-2-1024x407.png\" alt=\"\" class=\"wp-image-12810\" srcset=\"https:\/\/www.leaplytics.de\/wp-content\/uploads\/2023\/11\/grafik-2-1024x407.png 1024w, https:\/\/www.leaplytics.de\/wp-content\/uploads\/2023\/11\/grafik-2-300x119.png 300w, https:\/\/www.leaplytics.de\/wp-content\/uploads\/2023\/11\/grafik-2-768x305.png 768w, https:\/\/www.leaplytics.de\/wp-content\/uploads\/2023\/11\/grafik-2-1536x610.png 1536w, https:\/\/www.leaplytics.de\/wp-content\/uploads\/2023\/11\/grafik-2-151x60.png 151w, https:\/\/www.leaplytics.de\/wp-content\/uploads\/2023\/11\/grafik-2.png 1880w\" sizes=\"auto, (max-width: 1024px) 100vw, 1024px\" \/><\/figure>","protected":false},"excerpt":{"rendered":"<p>Po za\u0142adowaniu naszej wizualizacji z pewno\u015bci\u0105 zadajesz sobie pytanie, co teraz zrobi\u0107. To w\u0142a\u015bnie wyja\u015bnimy w tym poradniku. 1. Przeci\u0105gnij wizualizacj\u0119 na arkusz Otw\u00f3rz Microsoft Power BI i odpowiedni raport lub arkusz, w kt\u00f3rym chcesz u\u017cy\u0107 wizualizacji \"Markdown Viewer\". Otw\u00f3rz arkusz w ... <\/p>","protected":false},"author":2,"featured_media":0,"parent":0,"menu_order":0,"comment_status":"closed","ping_status":"closed","template":"","meta":{"footnotes":""},"class_list":["post-11871","page","type-page","status-publish","hentry","latest_post"],"_links":{"self":[{"href":"https:\/\/www.leaplytics.de\/pl\/wp-json\/wp\/v2\/pages\/11871","targetHints":{"allow":["GET"]}}],"collection":[{"href":"https:\/\/www.leaplytics.de\/pl\/wp-json\/wp\/v2\/pages"}],"about":[{"href":"https:\/\/www.leaplytics.de\/pl\/wp-json\/wp\/v2\/types\/page"}],"author":[{"embeddable":true,"href":"https:\/\/www.leaplytics.de\/pl\/wp-json\/wp\/v2\/users\/2"}],"replies":[{"embeddable":true,"href":"https:\/\/www.leaplytics.de\/pl\/wp-json\/wp\/v2\/comments?post=11871"}],"version-history":[{"count":0,"href":"https:\/\/www.leaplytics.de\/pl\/wp-json\/wp\/v2\/pages\/11871\/revisions"}],"wp:attachment":[{"href":"https:\/\/www.leaplytics.de\/pl\/wp-json\/wp\/v2\/media?parent=11871"}],"curies":[{"name":"wp","href":"https:\/\/api.w.org\/{rel}","templated":true}]}}