{"id":11926,"date":"2023-07-18T10:22:34","date_gmt":"2023-07-18T08:22:34","guid":{"rendered":"https:\/\/www.leaplytics.de\/?page_id=11926"},"modified":"2024-10-29T12:39:50","modified_gmt":"2024-10-29T11:39:50","slug":"przegladarka-markdown-visual-dla-power-bi","status":"publish","type":"page","link":"https:\/\/www.leaplytics.de\/pl\/przegladarka-markdown-visual-dla-power-bi\/","title":{"rendered":"Przegl\u0105darka Markdown Visual dla Power BI"},"content":{"rendered":"<p>Przedstawiamy niestandardow\u0105 wizualizacj\u0119 Markdown-to-HTML dla us\u0142ugi Power BI: opowiedz histori\u0119 danych za pomoc\u0105 pe\u0142noprawnego edytora tekstu na pulpicie nawigacyjnym danych! Podkre\u015bl istotne informacje za pomoc\u0105 sformatowanego tekstu w wizualizacji danych!<\/p>\n\n\n\n<p>Z przyjemno\u015bci\u0105 prezentujemy prze\u0142omowe rozwi\u0105zanie, kt\u00f3re umo\u017cliwia u\u017cytkownikom Power BI p\u0142ynn\u0105 integracj\u0119 pi\u0119knie sformatowanego tekstu z raportami i pulpitami nawigacyjnymi.<\/p>\n\n\n\n<h3 class=\"wp-block-heading has-text-align-left\">Korzy\u015bci<\/h3>\n\n\n\n<h5 class=\"wp-block-heading\">Uwolnij moc Markdown<\/h5>\n\n\n\n<p>Powszechnie przyj\u0119ty j\u0119zyk znacznik\u00f3w z prostymi i wyrazistymi mo\u017cliwo\u015bciami formatowania tekstu umo\u017cliwia tworzenie nag\u0142\u00f3wk\u00f3w, list, link\u00f3w i innych sformatowanych element\u00f3w tekstowych bezpo\u015brednio obok wizualizacji danych!<\/p>\n\n\n\n<h5 class=\"wp-block-heading\">Tworzenie atrakcyjnych narracji wizualnych<\/h5>\n\n\n\n<p>Funkcja Markdown-to-HTML Custom Visual umo\u017cliwia tworzenie wci\u0105gaj\u0105cych narracji w historii danych poprzez p\u0142ynne \u0142\u0105czenie bogato sformatowanego tekstu z wizualizacjami. Mo\u017cesz dostarczy\u0107 szczeg\u00f3\u0142owe wyja\u015bnienia, spostrze\u017cenia i dokumentacj\u0119 pomocnicz\u0105 bezpo\u015brednio obok danych, zwi\u0119kszaj\u0105c przejrzysto\u015b\u0107 i wp\u0142yw przekazu.<\/p>\n\n\n\n<h5 class=\"wp-block-heading\">Usprawniona integracja<\/h5>\n\n\n\n<p>Nasza niestandardowa wizualizacja p\u0142ynnie integruje si\u0119 ze \u015brodowiskiem Power BI, zapewniaj\u0105c przyjazne dla u\u017cytkownika \u015brodowisko. Wystarczy wprowadzi\u0107 kod Markdown lub po\u0142\u0105czy\u0107 si\u0119 ze \u017ar\u00f3d\u0142em danych zawieraj\u0105cym zawarto\u015b\u0107 Markdown, a nasza wizualizacja zajmie si\u0119 reszt\u0105.<\/p>\n\n\n\n<h5 class=\"wp-block-heading\">Dostosuj do swojego stylu<\/h5>\n\n\n\n<p>Nasza niestandardowa wizualizacja Markdown-to-HTML oferuje szerokie opcje dostosowywania, aby wprowadzi\u0107 unikaln\u0105 to\u017csamo\u015b\u0107 marki. Dostosuj wygl\u0105d wizualny, taki jak czcionki, kolory i t\u0142a, aby dopasowa\u0107 go do swojego brandingu lub motywu raportu, aby sp\u00f3jnie i profesjonalnie zaprezentowa\u0107 to\u017csamo\u015b\u0107 swojej organizacji.<\/p>\n\n\n\n<h5 class=\"wp-block-heading\">Wspieranie wsp\u00f3\u0142pracy i dzielenia si\u0119 wiedz\u0105<\/h5>\n\n\n\n<p>Promuj wsp\u00f3\u0142prac\u0119, dzielenie si\u0119 wiedz\u0105 i usprawnione przep\u0142ywy pracy w swojej organizacji dzi\u0119ki temu popularnemu formatowi wsp\u00f3\u0142pracy i dzielenia si\u0119 wiedz\u0105.<\/p>\n\n\n\n<p>Podnie\u015b poziom wizualizacji danych dzi\u0119ki naszej niestandardowej wizualizacji Markdown-to-HTML dla Power BI. Przedstaw swoje spostrze\u017cenia i analizy w osza\u0142amiaj\u0105cy wizualnie i anga\u017cuj\u0105cy spos\u00f3b, kt\u00f3ry przyci\u0105gnie uwag\u0119 odbiorc\u00f3w. Niezale\u017cnie od tego, czy jeste\u015b analitykiem danych, specjalist\u0105 biznesowym czy dyrektorem, ta wizualizacja zosta\u0142a zaprojektowana, aby pom\u00f3c Ci bez wysi\u0142ku przekazywa\u0107 z\u0142o\u017cone pomys\u0142y i wywiera\u0107 trwa\u0142y wp\u0142yw.<\/p>\n\n\n\n<p>Gotowy do przekszta\u0142cenia swoich raport\u00f3w i pulpit\u00f3w nawigacyjnych Power BI? Pobierz nasz niestandardowy Visual Markdown-to-HTML ju\u017c dzi\u015b i odblokuj \u015bwiat dynamicznych mo\u017cliwo\u015bci formatowania tekstu.<\/p>\n\n\n\n<p><em>Wzmocnij swoje prezentacje danych dzi\u0119ki doskona\u0142emu po\u0142\u0105czeniu estetyki wizualnej i tre\u015bci informacyjnych. Poznaj przysz\u0142o\u015b\u0107 prezentacji danych dzi\u0119ki Markdown i Power BI.<\/em><\/p>\n\n\n\n<p><\/p>\n\n\n\n<h3 class=\"wp-block-heading\">Zam\u00f3w licencj\u0119 pr\u00f3bn\u0105<\/h3>\n\n\n<div class=\"wpforms-container wpforms-container-full\" id=\"wpforms-11888\"><form id=\"wpforms-form-11888\" class=\"wpforms-validate wpforms-form wpforms-ajax-form\" data-formid=\"11888\" method=\"post\" enctype=\"multipart\/form-data\" action=\"\/pl\/wp-json\/wp\/v2\/pages\/11926\" data-token=\"67f6187c1e5a030da37a1d4ced145bd0\" data-token-time=\"1775776795\" data-trp-original-action=\"\/pl\/wp-json\/wp\/v2\/pages\/11926\"><noscript class=\"wpforms-error-noscript\">Aby wype\u0142ni\u0107 ten formularz, w\u0142\u0105cz obs\u0142ug\u0119 JavaScript w przegl\u0105darce.<\/noscript><div class=\"wpforms-field-container\"><div id=\"wpforms-11888-field_0-container\" class=\"wpforms-field wpforms-field-name\" data-field-id=\"0\"><label class=\"wpforms-field-label\">Nazwa <span class=\"wpforms-required-label\">*<\/span><\/label><div class=\"wpforms-field-row wpforms-field-medium\"><div class=\"wpforms-field-row-block wpforms-first wpforms-one-half\"><input type=\"text\" id=\"wpforms-11888-field_0\" class=\"wpforms-field-name-first wpforms-field-required\" name=\"wpforms[fields][0][first]\" required><label for=\"wpforms-11888-field_0\" class=\"wpforms-field-sublabel after\">Imi\u0119<\/label><\/div><div class=\"wpforms-field-row-block wpforms-one-half\"><input type=\"text\" id=\"wpforms-11888-field_0-last\" class=\"wpforms-field-name-last wpforms-field-required\" name=\"wpforms[fields][0][last]\" required><label for=\"wpforms-11888-field_0-last\" class=\"wpforms-field-sublabel after\">Nazwisko<\/label><\/div><\/div><\/div><div id=\"wpforms-11888-field_1-container\" class=\"wpforms-field wpforms-field-email\" data-field-id=\"1\"><label class=\"wpforms-field-label\" for=\"wpforms-11888-field_1\">Biznesowy adres e-mail <span class=\"wpforms-required-label\">*<\/span><\/label><input type=\"email\" id=\"wpforms-11888-field_1\" class=\"wpforms-field-medium wpforms-field-required\" data-rule-restricted-email=\"1\" name=\"wpforms[fields][1]\" spellcheck=\"false\" required><\/div><div id=\"wpforms-11888-field_4-container\" class=\"wpforms-field wpforms-field-text\" data-field-id=\"4\"><label class=\"wpforms-field-label\" for=\"wpforms-11888-field_4\">Firma <span class=\"wpforms-required-label\">*<\/span><\/label><input type=\"text\" id=\"wpforms-11888-field_4\" class=\"wpforms-field-medium wpforms-field-required\" name=\"wpforms[fields][4]\" required><\/div><div id=\"wpforms-11888-field_3-container\" class=\"wpforms-field wpforms-field-gdpr-checkbox\" data-field-id=\"3\"><label class=\"wpforms-field-label\">Umowa RODO <span class=\"wpforms-required-label\">*<\/span><\/label><ul id=\"wpforms-11888-field_3\" class=\"wpforms-field-required\"><li class=\"choice-1\"><input type=\"checkbox\" id=\"wpforms-11888-field_3_1\" name=\"wpforms[fields][3][]\" value=\"I consent to having this website store my submitted information so they can respond to my inquiry.\" required><label class=\"wpforms-field-label-inline\" for=\"wpforms-11888-field_3_1\">Wyra\u017cam zgod\u0119 na przechowywanie przez t\u0119 witryn\u0119 przes\u0142anych przeze mnie informacji w celu udzielenia odpowiedzi na moje zapytanie.<\/label><\/li><\/ul><\/div><\/div><!-- .wpforms-field-container --><div class=\"wpforms-recaptcha-container wpforms-is-recaptcha wpforms-is-recaptcha-type-v3\" ><input type=\"hidden\" name=\"wpforms[recaptcha]\" value=\"\"><\/div><div class=\"wpforms-submit-container\" ><input type=\"hidden\" name=\"wpforms[id]\" value=\"11888\"><input type=\"hidden\" name=\"page_title\" value=\"\"><input type=\"hidden\" name=\"page_url\" value=\"https:\/\/www.leaplytics.de\/pl\/wp-json\/wp\/v2\/pages\/11926\"><input type=\"hidden\" name=\"url_referer\" value=\"\"><button type=\"submit\" name=\"wpforms[submit]\" id=\"wpforms-submit-11888\" class=\"wpforms-submit\" data-alt-text=\"Sending...\" data-submit-text=\"Submit\" aria-live=\"assertive\" value=\"wpforms-submit\">Prze\u015blij<\/button><img loading=\"lazy\" decoding=\"async\" src=\"https:\/\/www.leaplytics.de\/wp-content\/plugins\/wpforms-lite\/assets\/images\/submit-spin.svg\" class=\"wpforms-submit-spinner\" style=\"display: none;\" width=\"26\" height=\"26\" alt=\"Wczytywanie\"><\/div><input type=\"hidden\" name=\"trp-form-language\" value=\"pl\"\/><\/form><\/div>  <!-- .wpforms-container -->\n\n\n\n<div style=\"height:50px\" aria-hidden=\"true\" class=\"wp-block-spacer\"><\/div>\n\n\n\n<h3 class=\"wp-block-heading has-text-align-left\" id=\"tutorial\">Pierwsze kroki<\/h3>\n\n\n\n<p><em>Jak mog\u0119 zacz\u0105\u0107?<\/em> Popro\u015b o licencj\u0119 pr\u00f3bn\u0105 powy\u017cej. A kiedy otrzymasz kod licencyjny? Kliknij poni\u017cej, aby rozpocz\u0105\u0107 nasz samouczek.<\/p>\n\n\n\n<figure class=\"wp-block-embed is-type-wp-embed is-provider-leaplytics wp-block-embed-leaplytics\"><div class=\"wp-block-embed__wrapper\">\n<blockquote class=\"wp-embedded-content\" data-secret=\"IL8vEweSWi\"><a href=\"https:\/\/www.leaplytics.de\/pl\/rozpoczecie-pracy-z-przegladarka-markdown-power-bi\/\">Pierwsze kroki - Przegl\u0105darka Markdown<\/a><\/blockquote><iframe loading=\"lazy\" class=\"wp-embedded-content\" sandbox=\"allow-scripts\" security=\"restricted\" style=\"position: absolute; clip: rect(1px, 1px, 1px, 1px);\" title=\"&quot;Pierwsze kroki - przegl\u0105darka Markdown&quot; - LeapLytics\" src=\"https:\/\/www.leaplytics.de\/getting-started-markdown-viewer-power-bi\/embed\/#?secret=huMdA44Ho4#?secret=IL8vEweSWi\" data-secret=\"IL8vEweSWi\" width=\"600\" height=\"338\" frameborder=\"0\" marginwidth=\"0\" marginheight=\"0\" scrolling=\"no\"><\/iframe>\n<\/div><\/figure>","protected":false},"excerpt":{"rendered":"<p>Przedstawiamy niestandardow\u0105 wizualizacj\u0119 Markdown-to-HTML dla us\u0142ugi Power BI: opowiedz histori\u0119 danych za pomoc\u0105 pe\u0142noprawnego edytora tekstu na pulpicie nawigacyjnym danych! Uwydatnij istotne informacje za pomoc\u0105 sformatowanego tekstu w wizualizacji danych! Z przyjemno\u015bci\u0105 prezentujemy prze\u0142omowe rozwi\u0105zanie, kt\u00f3re umo\u017cliwia u\u017cytkownikom Power BI p\u0142ynn\u0105 integracj\u0119 pi\u0119knie sformatowanego tekstu z ich raportami i ... <\/p>","protected":false},"author":2,"featured_media":0,"parent":0,"menu_order":0,"comment_status":"closed","ping_status":"closed","template":"","meta":{"footnotes":""},"class_list":["post-11926","page","type-page","status-publish","hentry","latest_post"],"_links":{"self":[{"href":"https:\/\/www.leaplytics.de\/pl\/wp-json\/wp\/v2\/pages\/11926","targetHints":{"allow":["GET"]}}],"collection":[{"href":"https:\/\/www.leaplytics.de\/pl\/wp-json\/wp\/v2\/pages"}],"about":[{"href":"https:\/\/www.leaplytics.de\/pl\/wp-json\/wp\/v2\/types\/page"}],"author":[{"embeddable":true,"href":"https:\/\/www.leaplytics.de\/pl\/wp-json\/wp\/v2\/users\/2"}],"replies":[{"embeddable":true,"href":"https:\/\/www.leaplytics.de\/pl\/wp-json\/wp\/v2\/comments?post=11926"}],"version-history":[{"count":3,"href":"https:\/\/www.leaplytics.de\/pl\/wp-json\/wp\/v2\/pages\/11926\/revisions"}],"predecessor-version":[{"id":13652,"href":"https:\/\/www.leaplytics.de\/pl\/wp-json\/wp\/v2\/pages\/11926\/revisions\/13652"}],"wp:attachment":[{"href":"https:\/\/www.leaplytics.de\/pl\/wp-json\/wp\/v2\/media?parent=11926"}],"curies":[{"name":"wp","href":"https:\/\/api.w.org\/{rel}","templated":true}]}}