{"id":12086,"date":"2023-08-02T17:05:19","date_gmt":"2023-08-02T15:05:19","guid":{"rendered":"https:\/\/www.leaplytics.de\/?page_id=12086"},"modified":"2023-08-06T14:32:15","modified_gmt":"2023-08-06T12:32:15","slug":"migracja-qlikview-do-power-bi","status":"publish","type":"page","link":"https:\/\/www.leaplytics.de\/pl\/migracja-qlikview-do-power-bi\/","title":{"rendered":"Migracja QlikView do Power BI - nasze podej\u015bcie"},"content":{"rendered":"<p>Czy korzystasz obecnie z QlikView, ale rozwa\u017casz przej\u015bcie na Power BI?  W LeapLytics specjalizujemy si\u0119 w \u015bwiadczeniu specjalistycznych us\u0142ug migracyjnych, kt\u00f3re pomagaj\u0105 w p\u0142ynnym przej\u015bciu z QlikView do Power BI. Nasz zesp\u00f3\u0142 wykwalifikowanych specjalist\u00f3w ma bogate do\u015bwiadczenie w obs\u0142udze takich migracji, zapewniaj\u0105c p\u0142ynny i wydajny proces dla Twojej organizacji.<\/p>\n\n\n\n<h3 class=\"wp-block-heading\"><strong>Dlaczego warto migrowa\u0107 z QlikView do Power BI?<\/strong><\/h3>\n\n\n\n<p>Poniewa\u017c technologie analityki biznesowej wci\u0105\u017c ewoluuj\u0105, organizacje cz\u0119sto uznaj\u0105 za korzystne przej\u015bcie na bardziej nowoczesne i solidne platformy, takie jak Power BI. Oto kilka istotnych powod\u00f3w, dla kt\u00f3rych warto rozwa\u017cy\u0107 migracj\u0119 z QlikView do Power BI:<\/p>\n\n\n\n<ol class=\"wp-block-list\">\n<li><strong>Ulepszona wizualizacja danych:<\/strong> Power BI oferuje szerok\u0105 gam\u0119 opcji wizualizacji, umo\u017cliwiaj\u0105c prezentowanie danych w bardziej wnikliwy i interaktywny spos\u00f3b, umo\u017cliwiaj\u0105c decydentom lepsze spostrze\u017cenia.<\/li>\n\n\n\n<li><strong>Integracja z ekosystemem Microsoft:<\/strong> Je\u015bli Twoja organizacja korzysta ju\u017c z narz\u0119dzi Microsoft, takich jak Excel, SharePoint lub Office 365, Power BI p\u0142ynnie integruje si\u0119 z tymi platformami, usprawniaj\u0105c przep\u0142yw pracy.<\/li>\n\n\n\n<li><strong>Skalowalno\u015b\u0107 i wydajno\u015b\u0107:<\/strong> W miar\u0119 wzrostu zapotrzebowania na dane, Power BI mo\u017ce obs\u0142ugiwa\u0107 du\u017ce zbiory danych i z\u0142o\u017cone zapytania z niezwyk\u0142\u0105 wydajno\u015bci\u0105 i szybko\u015bci\u0105.<\/li>\n\n\n\n<li><strong>Mo\u017cliwo\u015bci chmury:<\/strong> Dzi\u0119ki mo\u017cliwo\u015bciom Power BI w chmurze mo\u017cna \u0142atwo udost\u0119pnia\u0107 raporty i wsp\u00f3\u0142pracowa\u0107 ze wsp\u00f3\u0142pracownikami, zapewniaj\u0105c dost\u0119p do najwa\u017cniejszych informacji w czasie rzeczywistym.<\/li>\n\n\n\n<li><strong>Regularne aktualizacje i wsparcie:<\/strong> Us\u0142uga Power BI otrzymuje cz\u0119ste aktualizacje i ulepszenia od firmy Microsoft, zapewniaj\u0105c dost\u0119p do najnowszych funkcji i ulepsze\u0144.<\/li>\n<\/ol>\n\n\n\n<h3 class=\"wp-block-heading\"><strong>Uwagi dotycz\u0105ce udanej migracji z QlikView do Power BI<\/strong><\/h3>\n\n\n\n<p>Migracja z jednej platformy Business Intelligence na inn\u0105 mo\u017ce by\u0107 z\u0142o\u017conym przedsi\u0119wzi\u0119ciem. Aby zapewni\u0107 udan\u0105 migracj\u0119, nale\u017cy wzi\u0105\u0107 pod uwag\u0119 nast\u0119puj\u0105ce kluczowe kwestie:<\/p>\n\n\n\n<ol class=\"wp-block-list\">\n<li><strong>Ocena danych:<\/strong> Analiza istniej\u0105cych danych QlikView w celu okre\u015blenia ich struktury, jako\u015bci i przydatno\u015bci do migracji. Zidentyfikuj potencjalne wymagania dotycz\u0105ce czyszczenia i przekszta\u0142cania danych.<\/li>\n\n\n\n<li><strong>Mapowanie repozytori\u00f3w, raport\u00f3w i pulpit\u00f3w nawigacyjnych:<\/strong> Dok\u0142adnie zapoznaj si\u0119 z obecnymi repozytoriami, raportami i pulpitami nawigacyjnymi QlikView. Utw\u00f3rz plan mapowania, aby powieli\u0107 te wizualizacje w Power BI, wykorzystuj\u0105c jego unikalne funkcje.<\/li>\n\n\n\n<li><strong>Modelowanie danych w Power BI:<\/strong> Zaprojektuj wydajny model danych w Power BI, kt\u00f3ry spe\u0142nia wymagania biznesowe i optymalizuje wydajno\u015b\u0107.<\/li>\n\n\n\n<li><strong>Bezpiecze\u0144stwo i uprawnienia:<\/strong> Zdefiniuj role zabezpiecze\u0144 i uprawnienia w us\u0142udze Power BI, aby zapewni\u0107 odpowiednie zarz\u0105dzanie dost\u0119pem do danych i jego ograniczanie.<\/li>\n\n\n\n<li><strong>Szkolenie i adaptacja u\u017cytkownik\u00f3w:<\/strong> Przygotuj sw\u00f3j zesp\u00f3\u0142 do migracji, zapewniaj\u0105c kompleksowe szkolenie w zakresie funkcji i funkcjonalno\u015bci Power BI.<\/li>\n\n\n\n<li><strong>Testowanie i zapewnienie jako\u015bci:<\/strong> Przeprowad\u017a rygorystyczne testy, aby zidentyfikowa\u0107 i rozwi\u0105za\u0107 wszelkie problemy przed uruchomieniem rozwi\u0105zania.<\/li>\n\n\n\n<li><strong>Wsparcie po migracji:<\/strong> Oferuj bie\u017c\u0105ce wsparcie, aby sprosta\u0107 wszelkim wyzwaniom po migracji i pomaga\u0107 u\u017cytkownikom w pe\u0142nym wykorzystaniu mo\u017cliwo\u015bci Power BI.<\/li>\n<\/ol>\n\n\n\n<h3 class=\"wp-block-heading\"><strong>Dlaczego LeapLytics do migracji z QlikView do Power BI?<\/strong><\/h3>\n\n\n\n<p>W LeapLytics jeste\u015bmy dumni z naszego podej\u015bcia zorientowanego na klienta i dog\u0142\u0119bnego zrozumienia zar\u00f3wno QlikView, jak i Power BI. Nasz zesp\u00f3\u0142 ekspert\u00f3w posiada umiej\u0119tno\u015bci i wiedz\u0119 wymagane do p\u0142ynnego przeprowadzenia procesu migracji, zapewniaj\u0105c minimalne zak\u0142\u00f3cenia w operacjach biznesowych. Wybieraj\u0105c nas, zyskujesz:<\/p>\n\n\n\n<ul class=\"wp-block-list\">\n<li><strong>Do\u015bwiadczenie i wiedza specjalistyczna:<\/strong> Nasi do\u015bwiadczeni specjali\u015bci z powodzeniem przeprowadzili wiele migracji z QlikView do Power BI, dzi\u0119ki czemu s\u0105 biegli w radzeniu sobie z wszelkimi z\u0142o\u017cono\u015bciami, kt\u00f3re mog\u0105 si\u0119 pojawi\u0107.<\/li>\n\n\n\n<li><strong>Rozwi\u0105zania szyte na miar\u0119:<\/strong> Rozumiemy, \u017ce potrzeby ka\u017cdej organizacji s\u0105 wyj\u0105tkowe. Dlatego oferujemy spersonalizowane strategie migracji, kt\u00f3re s\u0105 zgodne z konkretnymi wymaganiami.<\/li>\n\n\n\n<li><strong>Bezpiecze\u0144stwo danych:<\/strong> Priorytetowo traktujemy bezpiecze\u0144stwo poufnych informacji i post\u0119pujemy zgodnie z najlepszymi praktykami bran\u017cowymi, aby chroni\u0107 dane podczas migracji i po jej zako\u0144czeniu.<\/li>\n\n\n\n<li><strong>Ci\u0105g\u0142e wsparcie:<\/strong> Nasze zaanga\u017cowanie w Tw\u00f3j sukces wykracza poza proces migracji. Zapewniamy sta\u0142e wsparcie, aby rozwia\u0107 wszelkie w\u0105tpliwo\u015bci i pom\u00f3c we wdro\u017ceniu Power BI.<\/li>\n<\/ul>\n\n\n\n<p>LeapLytics to zaufany partner, dzi\u0119ki kt\u00f3remu przej\u015bcie z QlikView na Power BI b\u0119dzie tak p\u0142ynne, jak to tylko mo\u017cliwe. Skontaktuj si\u0119 z nami ju\u017c dzi\u015b, aby dowiedzie\u0107 si\u0119 wi\u0119cej o naszych us\u0142ugach migracji i zrobi\u0107 pierwszy krok w kierunku uwolnienia prawdziwego potencja\u0142u Twoich danych.<\/p>\n\n\n\n<h4 class=\"wp-block-heading\"><strong>Skontaktuj si\u0119 z nami ju\u017c dzi\u015b<\/strong><\/h4>\n\n\n\n<p>Masz pytania dotycz\u0105ce migracji QlikView do Power BI lub jeste\u015b zainteresowany naszymi us\u0142ugami? Nie wahaj si\u0119 skontaktowa\u0107 z nami w celu konsultacji. Jeste\u015bmy tutaj, aby pom\u00f3c Ci w p\u0142ynnym i udanym przej\u015bciu na Power BI. Skontaktuj si\u0119 z naszymi ekspertami i <a href=\"https:\/\/www.leaplytics.de\/pl\/kontakt\/\"><strong>wy\u015blij nam wiadomo\u015b\u0107<\/strong><\/a>.<\/p>\n\n\n\n<p>(<em>Skontaktuj si\u0119 z nami, nawet je\u015bli potrzebujesz wskaz\u00f3wek dotycz\u0105cych innego aspektu analityki biznesowej, analizy danych lub wizualizacji. Nasz zesp\u00f3\u0142 jest dobrze przygotowany do pomocy w r\u00f3\u017cnych przedsi\u0119wzi\u0119ciach zwi\u0105zanych z danymi.<\/em>)<\/p>","protected":false},"excerpt":{"rendered":"<p>Czy korzystasz obecnie z QlikView, ale rozwa\u017casz przej\u015bcie na Power BI? W LeapLytics specjalizujemy si\u0119 w \u015bwiadczeniu specjalistycznych us\u0142ug migracyjnych, kt\u00f3re pomagaj\u0105 w p\u0142ynnym przej\u015bciu z QlikView do Power BI. Nasz zesp\u00f3\u0142 wykwalifikowanych specjalist\u00f3w ma bogate do\u015bwiadczenie w obs\u0142udze takich migracji, zapewniaj\u0105c p\u0142ynny i wydajny proces dla Twojej organizacji. Dlaczego warto migrowa\u0107 z ... <\/p>","protected":false},"author":2,"featured_media":0,"parent":0,"menu_order":0,"comment_status":"closed","ping_status":"closed","template":"","meta":{"footnotes":""},"class_list":["post-12086","page","type-page","status-publish","hentry","latest_post"],"_links":{"self":[{"href":"https:\/\/www.leaplytics.de\/pl\/wp-json\/wp\/v2\/pages\/12086","targetHints":{"allow":["GET"]}}],"collection":[{"href":"https:\/\/www.leaplytics.de\/pl\/wp-json\/wp\/v2\/pages"}],"about":[{"href":"https:\/\/www.leaplytics.de\/pl\/wp-json\/wp\/v2\/types\/page"}],"author":[{"embeddable":true,"href":"https:\/\/www.leaplytics.de\/pl\/wp-json\/wp\/v2\/users\/2"}],"replies":[{"embeddable":true,"href":"https:\/\/www.leaplytics.de\/pl\/wp-json\/wp\/v2\/comments?post=12086"}],"version-history":[{"count":0,"href":"https:\/\/www.leaplytics.de\/pl\/wp-json\/wp\/v2\/pages\/12086\/revisions"}],"wp:attachment":[{"href":"https:\/\/www.leaplytics.de\/pl\/wp-json\/wp\/v2\/media?parent=12086"}],"curies":[{"name":"wp","href":"https:\/\/api.w.org\/{rel}","templated":true}]}}