{"id":12944,"date":"2023-12-18T23:03:40","date_gmt":"2023-12-18T22:03:40","guid":{"rendered":"https:\/\/www.leaplytics.de\/?page_id=12944"},"modified":"2023-12-18T23:03:40","modified_gmt":"2023-12-18T22:03:40","slug":"ehs-zarzadzanie-ryzykiem-power-bi-dla-przemyslu-wydobywczego-i-naftowego","status":"publish","type":"page","link":"https:\/\/www.leaplytics.de\/pl\/ehs-zarzadzanie-ryzykiem-power-bi-dla-przemyslu-wydobywczego-i-naftowego\/","title":{"rendered":"Zarz\u0105dzanie ryzykiem EHS Power BI dla przemys\u0142u wydobywczego i naftowego"},"content":{"rendered":"<h3 class=\"wp-block-heading\">Wprowadzenie<\/h3>\n\n\n\n<p>Bran\u017ce takie jak g\u00f3rnictwo i ropa naftowa maj\u0105 kluczowe znaczenie dla \u015bwiatowej gospodarki, dostarczaj\u0105c zasoby i energi\u0119. Stoj\u0105 one jednak w obliczu wyzwa\u0144 zwi\u0105zanych z zagro\u017ceniami dla \u015brodowiska, zdrowia i bezpiecze\u0144stwa (EHS). Firmy postrzegaj\u0105 obecnie solidne zarz\u0105dzanie ryzykiem EHS jako podstaw\u0119 sukcesu. W tym artykule przyjrzymy si\u0119, w jaki spos\u00f3b nasza matryca ryzyka Power BI mo\u017ce usprawni\u0107 zarz\u0105dzanie ryzykiem EHS.<\/p>\n\n\n\n<h3 class=\"wp-block-heading\"><strong>Zrozumienie zarz\u0105dzania ryzykiem EHS<\/strong><\/h3>\n\n\n\n<p>W g\u00f3rnictwie i przemy\u015ble naftowym najwi\u0119ksze obawy budz\u0105 zagro\u017cenia dla \u015brodowiska, zdrowia i bezpiecze\u0144stwa. Obejmuj\u0105 one zak\u0142\u00f3cenia siedlisk, zanieczyszczenia, wypadki i kwestie prawne. \u015acis\u0142e zarz\u0105dzanie ryzykiem EHS ma kluczowe znaczenie dla zr\u00f3wnowa\u017conych i udanych operacji.<\/p>\n\n\n\n<h3 class=\"wp-block-heading\"><strong>Macierz ryzyka Power BI<\/strong><\/h3>\n\n\n\n<p>Matryca ryzyka to solidne narz\u0119dzie do obs\u0142ugi ryzyka zwi\u0105zanego z BHP w Power BI. Oto jak to pomaga:<\/p>\n\n\n\n<ol class=\"wp-block-list\">\n<li><strong>Identyfikacja ryzyka:<\/strong> Gromadzi dane w celu wykrycia zagro\u017ce\u0144 dla bezpiecze\u0144stwa, zgodno\u015bci lub zdrowia.<\/li>\n\n\n\n<li><strong>Wizualizacja:<\/strong> Kategoryzuje ryzyko, pomagaj\u0105c decydentom dostrzec pilne kwestie.<\/li>\n\n\n\n<li><strong>Monitorowanie wydajno\u015bci:<\/strong> Aktualizuje dane EHS w celu proaktywnego zarz\u0105dzania ryzykiem.<\/li>\n\n\n\n<li><strong>Interaktywne pulpity nawigacyjne: <\/strong>Wy\u015bwietlanie w czasie rzeczywistym wska\u017anik\u00f3w ryzyka, incydent\u00f3w i trend\u00f3w w celu \u0142atwiejszego \u015bledzenia wydajno\u015bci.<\/li>\n<\/ol>\n\n\n\n<div class=\"wp-block-buttons is-layout-flex wp-block-buttons-is-layout-flex\" id=\"https:\/\/www.leaplytics.de\/frontpage\/project-management-custom-visuals-microsoft-powerbi\/risk-heatmap-custom-visual-for-power-bi\/\">\n<div class=\"wp-block-button has-custom-width wp-block-button__width-75 has-custom-font-size is-style-fill\" style=\"font-size:18px\"><a class=\"wp-block-button__link has-background wp-element-button\" href=\"https:\/\/www.leaplytics.de\/pl\/strona-glowna\/zarzadzanie-projektami-niestandardowe-wizualizacje-microsoft-powerbi\/niestandardowa-wizualizacja-mapy-ryzyka-dla-power-bi\/\" style=\"background-color:#22316d\" rel=\"https:\/\/www.leaplytics.de\/frontpage\/project-management-custom-visuals-microsoft-powerbi\/risk-heatmap-custom-visual-for-power-bi\/\">Sprawd\u017a nasz\u0105 niestandardow\u0105 wizualn\u0105 matryc\u0119 ryzyka dla Power BI tutaj!<\/a><\/div>\n<\/div>\n\n\n\n<p><\/p>\n\n\n\n<h3 class=\"wp-block-heading\"><strong>Zwi\u0119kszanie wydajno\u015bci poprzez zarz\u0105dzanie ryzykiem EHS<\/strong><\/h3>\n\n\n\n<p>Skuteczne zarz\u0105dzanie ryzykiem EHS poprawia wydajno\u015b\u0107:<\/p>\n\n\n\n<ul class=\"wp-block-list\">\n<li><strong>Wydajno\u015b\u0107 operacyjna:<\/strong> Zmniejsza liczb\u0119 wypadk\u00f3w, awarii sprz\u0119tu i incydent\u00f3w \u015brodowiskowych. Poprawia to wydajno\u015b\u0107 i skraca czas przestoj\u00f3w.<\/li>\n\n\n\n<li><strong>Oszcz\u0119dno\u015bci koszt\u00f3w:<\/strong> Minimalizuje liczb\u0119 incydent\u00f3w, obni\u017caj\u0105c grzywny, op\u0142aty prawne i koszty sprz\u0105tania.<\/li>\n\n\n\n<li><strong>Zr\u00f3wnowa\u017cony rozw\u00f3j i reputacja:<\/strong> Pokazuje zaanga\u017cowanie w zr\u00f3wnowa\u017cony rozw\u00f3j. Zwi\u0119ksza to reputacj\u0119 i atrakcyjno\u015b\u0107 dla inwestor\u00f3w i klient\u00f3w.<\/li>\n\n\n\n<li><strong>Zgodno\u015b\u0107:<\/strong> Przestrzega zasad BHP, utrzymuj\u0105c dobre relacje z organami regulacyjnymi i unikaj\u0105c kar.<\/li>\n\n\n\n<li><strong>Dobre samopoczucie pracownik\u00f3w:<\/strong> Priorytetowo traktuje bezpiecze\u0144stwo i zdrowie pracodawcy. W ten spos\u00f3b poprawia motywacj\u0119 i produktywno\u015b\u0107, zmniejszaj\u0105c rotacj\u0119 i nieobecno\u015bci.<\/li>\n<\/ul>\n\n\n\n<h3 class=\"wp-block-heading\"><strong>Wnioski<\/strong><\/h3>\n\n\n\n<p>Zarz\u0105dzanie ryzykiem EHS ma kluczowe znaczenie dla doskona\u0142ych operacji. Nasza matryca ryzyka w Power BI jest doskona\u0142ym narz\u0119dziem do skutecznego zarz\u0105dzania ryzykiem. Zarz\u0105dzanie ryzykiem EHS pomaga firmom osi\u0105ga\u0107 lepsze wyniki i obni\u017ca\u0107 koszty. Pomaga im r\u00f3wnie\u017c spe\u0142nia\u0107 przepisy i budowa\u0107 kultur\u0119 zr\u00f3wnowa\u017conego rozwoju i bezpiecze\u0144stwa. W obliczu dzisiejszych wyzwa\u0144 zarz\u0105dzanie ryzykiem EHS za pomoc\u0105 Power BI jest kluczem do sukcesu.<\/p>","protected":false},"excerpt":{"rendered":"<p>Wprowadzenie Bran\u017ce takie jak g\u00f3rnictwo i ropa naftowa maj\u0105 kluczowe znaczenie dla \u015bwiatowej gospodarki, dostarczaj\u0105c zasoby i energi\u0119. Stoj\u0105 one jednak w obliczu wyzwa\u0144 zwi\u0105zanych z zagro\u017ceniami dla \u015brodowiska, zdrowia i bezpiecze\u0144stwa (EHS). Firmy postrzegaj\u0105 obecnie solidne zarz\u0105dzanie ryzykiem EHS jako podstaw\u0119 sukcesu. W tym artykule przyjrzymy si\u0119, w jaki spos\u00f3b nasza matryca ryzyka Power BI mo\u017ce usprawni\u0107 zarz\u0105dzanie ryzykiem EHS. Zrozumienie ryzyka EHS ... <\/p>","protected":false},"author":55,"featured_media":12952,"parent":0,"menu_order":0,"comment_status":"closed","ping_status":"closed","template":"","meta":{"footnotes":""},"class_list":["post-12944","page","type-page","status-publish","has-post-thumbnail","hentry","latest_post"],"_links":{"self":[{"href":"https:\/\/www.leaplytics.de\/pl\/wp-json\/wp\/v2\/pages\/12944","targetHints":{"allow":["GET"]}}],"collection":[{"href":"https:\/\/www.leaplytics.de\/pl\/wp-json\/wp\/v2\/pages"}],"about":[{"href":"https:\/\/www.leaplytics.de\/pl\/wp-json\/wp\/v2\/types\/page"}],"author":[{"embeddable":true,"href":"https:\/\/www.leaplytics.de\/pl\/wp-json\/wp\/v2\/users\/55"}],"replies":[{"embeddable":true,"href":"https:\/\/www.leaplytics.de\/pl\/wp-json\/wp\/v2\/comments?post=12944"}],"version-history":[{"count":0,"href":"https:\/\/www.leaplytics.de\/pl\/wp-json\/wp\/v2\/pages\/12944\/revisions"}],"wp:featuredmedia":[{"embeddable":true,"href":"https:\/\/www.leaplytics.de\/pl\/wp-json\/wp\/v2\/media\/12952"}],"wp:attachment":[{"href":"https:\/\/www.leaplytics.de\/pl\/wp-json\/wp\/v2\/media?parent=12944"}],"curies":[{"name":"wp","href":"https:\/\/api.w.org\/{rel}","templated":true}]}}