{"id":12961,"date":"2023-12-18T23:03:43","date_gmt":"2023-12-18T22:03:43","guid":{"rendered":"https:\/\/www.leaplytics.de\/?page_id=12961"},"modified":"2024-01-02T12:05:32","modified_gmt":"2024-01-02T11:05:32","slug":"identyfikacja-zagrozen-zwiazanych-z-energia-elektryczna-w-lotnictwie-i-transporcie-rejsowym","status":"publish","type":"page","link":"https:\/\/www.leaplytics.de\/pl\/identyfikacja-zagrozen-zwiazanych-z-energia-elektryczna-w-lotnictwie-i-transporcie-rejsowym\/","title":{"rendered":"Power BI: Identyfikacja zagro\u017ce\u0144 w bran\u017cy lotniczej, wycieczkowej i transportowej"},"content":{"rendered":"<h2 class=\"wp-block-heading has-medium-font-size\"><strong>Wprowadzenie<\/strong><\/h2>\n\n\n\n<p>W lotnictwie, rejsach wycieczkowych i transporcie identyfikacja zagro\u017ce\u0144 i zarz\u0105dzanie ryzykiem maj\u0105 kluczowe znaczenie. Nasza matryca ryzyka w Power BI jest cennym narz\u0119dziem do tego celu.<\/p>\n\n\n\n<p>Narz\u0119dzie to doskonale identyfikuje zagro\u017cenia i upraszcza prezentacj\u0119 danych w celu ich szybkiego rozpoznania. Ta zdolno\u015b\u0107 pozwala na natychmiastowe dzia\u0142anie, zwi\u0119kszaj\u0105c bezpiecze\u0144stwo operacji.<\/p>\n\n\n\n<h2 class=\"wp-block-heading has-medium-font-size\"><strong>Nawigacja w zagro\u017ceniach lotniczych<\/strong><\/h2>\n\n\n\n<p>W lotnictwie typowe zagro\u017cenia obejmuj\u0105 problemy z pasem startowym lub uderzenia ptak\u00f3w. Wska\u017aniki KPI obejmuj\u0105 cz\u0119stotliwo\u015b\u0107 zdarze\u0144 potencjalnie wypadkowych i skuteczno\u015b\u0107 szkole\u0144 w zakresie bezpiecze\u0144stwa. Na przyk\u0142ad niezawodno\u015b\u0107 systemu komunikacji ma kluczowe znaczenie.<\/p>\n\n\n\n<h2 class=\"wp-block-heading has-medium-font-size\"><strong>Zapewnienie bezpiecze\u0144stwa podczas rejs\u00f3w wycieczkowych<\/strong><\/h2>\n\n\n\n<p>W przypadku rejs\u00f3w wycieczkowych zagro\u017cenia mog\u0105 obejmowa\u0107 kolizje statk\u00f3w lub sytuacje zagro\u017cenia zdrowia. Wska\u017aniki KPI obejmuj\u0105 \u015bledzenie czasu reakcji na sytuacje awaryjne i odpowiednie zaopatrzenie medyczne. Dlatego zapewnienie bezpiecze\u0144stwa pasa\u017cer\u00f3w jest kluczowe.<\/p>\n\n\n\n<h2 class=\"wp-block-heading has-medium-font-size\"><strong>Zabezpieczanie operacji transportowych<\/strong><\/h2>\n\n\n\n<p>W sektorze transportu zagro\u017cenia mog\u0105 obejmowa\u0107 wypadki lub zak\u0142\u00f3cenia \u0142a\u0144cucha dostaw. Wska\u017aniki KPI obejmuj\u0105 wska\u017aniki wypadk\u00f3w, przestrzeganie harmonogramu konserwacji i skuteczno\u015b\u0107 plan\u00f3w awaryjnych. Na przyk\u0142ad \u015bledzenie skuteczno\u015bci program\u00f3w szkolenia kierowc\u00f3w ma fundamentalne znaczenie.<\/p>\n\n\n\n<h2 class=\"wp-block-heading has-medium-font-size\"><strong>Macierz ryzyka dla Power BI<\/strong><\/h2>\n\n\n\n<p>Oto jak matryca ryzyka udoskonala zarz\u0105dzanie ryzykiem:<\/p>\n\n\n\n<p><strong>O\u015b prawdopodobie\u0144stwa:<\/strong> O\u015b ta analizuje prawdopodobie\u0144stwo wyst\u0105pienia ryzyka, od niskiego do wysokiego. Pomaga zrozumie\u0107 prawdopodobie\u0144stwo wyst\u0105pienia potencjalnych zagro\u017ce\u0144 w tych sektorach.<\/p>\n\n\n\n<p><strong>O\u015b uderzenia:<\/strong> O\u015b ta analizuje, jak powa\u017cne mo\u017ce by\u0107 ryzyko, sklasyfikowane jako niskie, \u015brednie lub wysokie. Pomaga organizacjom lotniczym, rejsowym i transportowym analizowa\u0107, jak du\u017ce szkody mo\u017ce spowodowa\u0107 dane ryzyko.<\/p>\n\n\n\n<p>Po\u0142\u0105czenie prawdopodobie\u0144stwa i wp\u0142ywu daje ka\u017cdemu ryzyku wynik. Pomaga to uszeregowa\u0107 ryzyka w oparciu o ich powag\u0119. Wczesne zarz\u0105dzanie ryzykiem o wysokim priorytecie minimalizuje zagro\u017cenia i zak\u0142\u00f3cenia w dzia\u0142alno\u015bci.<\/p>\n\n\n\n<p>Dzi\u0119ki matrycy ryzyka organizacje w tych sektorach mog\u0105:<\/p>\n\n\n\n<ol class=\"wp-block-list\">\n<li><strong>Tworzenie pulpit\u00f3w nawigacyjnych:<\/strong> Tworzenie pulpit\u00f3w nawigacyjnych w czasie rzeczywistym pokazuj\u0105cych wska\u017aniki bezpiecze\u0144stwa, incydenty i trendy. U\u0142atwia to mened\u017cerom ds. ryzyka sprawdzenie, jak przebiega bezpiecze\u0144stwo.<\/li>\n\n\n\n<li><strong>Wizualizacja danych ryzyka:<\/strong> U\u017cyj wykres\u00f3w i graf\u00f3w, aby pokaza\u0107 wyniki ryzyka z matrycy ryzyka. Pomaga to zrozumie\u0107, jak powa\u017cne s\u0105 zidentyfikowane zagro\u017cenia.<\/li>\n\n\n\n<li><strong>Monitorowanie:<\/strong> U\u017cyj Power BI, aby sprawdzi\u0107, czy spe\u0142niasz przepisy bezpiecze\u0144stwa. Znajd\u017a r\u00f3wnie\u017c obszary wymagaj\u0105ce wi\u0119kszych \u015brodk\u00f3w bezpiecze\u0144stwa w lotnictwie, rejsach wycieczkowych i transporcie.<\/li>\n\n\n\n<li><strong>Identyfikacja trend\u00f3w: <\/strong>Przyjrzyj si\u0119 swoim danym dotycz\u0105cym ryzyka. Dzi\u0119ki matrycy ryzyka mo\u017cna zrozumie\u0107 przyczyny wypadk\u00f3w i rozpozna\u0107 bie\u017c\u0105ce kwestie bezpiecze\u0144stwa. Umo\u017cliwia to podejmowanie \u015bwiadomych decyzji w celu ci\u0105g\u0142ej poprawy bezpiecze\u0144stwa.<\/li>\n<\/ol>\n\n\n\n<div class=\"wp-block-buttons is-layout-flex wp-block-buttons-is-layout-flex\">\n<div class=\"wp-block-button has-custom-font-size\" style=\"font-size:18px\"><a class=\"wp-block-button__link has-background wp-element-button\" href=\"https:\/\/www.leaplytics.de\/pl\/strona-glowna\/zarzadzanie-projektami-niestandardowe-wizualizacje-microsoft-powerbi\/niestandardowa-wizualizacja-mapy-ryzyka-dla-power-bi\/\" style=\"background-color:#22316d\" rel=\"https:\/\/www.leaplytics.de\/frontpage\/project-management-custom-visuals-microsoft-powerbi\/risk-heatmap-custom-visual-for-power-bi\/\">Sprawd\u017a nasz\u0105 niestandardow\u0105 wizualn\u0105 matryc\u0119 ryzyka dla Power BI tutaj!<\/a><\/div>\n<\/div>\n\n\n\n<figure class=\"wp-block-image size-full\"><img loading=\"lazy\" decoding=\"async\" width=\"1024\" height=\"576\" src=\"https:\/\/www.leaplytics.de\/wp-content\/uploads\/2023\/12\/Risk-Matrix.jpg\" alt=\"\" class=\"wp-image-12965\" srcset=\"https:\/\/www.leaplytics.de\/wp-content\/uploads\/2023\/12\/Risk-Matrix.jpg 1024w, https:\/\/www.leaplytics.de\/wp-content\/uploads\/2023\/12\/Risk-Matrix-300x169.jpg 300w, https:\/\/www.leaplytics.de\/wp-content\/uploads\/2023\/12\/Risk-Matrix-768x432.jpg 768w, https:\/\/www.leaplytics.de\/wp-content\/uploads\/2023\/12\/Risk-Matrix-107x60.jpg 107w\" sizes=\"auto, (max-width: 1024px) 100vw, 1024px\" \/><\/figure>\n\n\n\n<h2 class=\"wp-block-heading has-medium-font-size\"><strong>Wnioski<\/strong><\/h2>\n\n\n\n<p>Matryca ryzyka dla Power BI zapewnia cenny wgl\u0105d w krajobraz ryzyka. Pomaga skoncentrowa\u0107 si\u0119 na zasobach i poprawi\u0107 bezpiecze\u0144stwo. Narz\u0119dzie to umo\u017cliwia profesjonalistom podejmowanie \u015bwiadomych decyzji i radzenie sobie z ryzykiem.<\/p>\n\n\n\n<p>Matryca ryzyka jest istotnym atutem dla bran\u017cy lotniczej, wycieczkowej i transportowej. Sprawia, \u017ce identyfikacja ryzyka i zarz\u0105dzanie nim s\u0105 bardziej dost\u0119pne i wydajne. Dzi\u0119ki temu firmy mog\u0105 utrzymywa\u0107 bezpieczne i p\u0142ynne operacje w tych kluczowych sektorach.<\/p>","protected":false},"excerpt":{"rendered":"<p>Wprowadzenie W lotnictwie, rejsach wycieczkowych i transporcie identyfikacja zagro\u017ce\u0144 i zarz\u0105dzanie ryzykiem maj\u0105 kluczowe znaczenie. Nasza matryca ryzyka w Power BI jest cennym narz\u0119dziem do tego celu. Narz\u0119dzie to doskonale identyfikuje zagro\u017cenia i upraszcza prezentacj\u0119 danych w celu ich szybkiego rozpoznania. Ta zdolno\u015b\u0107 pozwala na natychmiastowe dzia\u0142anie, zwi\u0119kszaj\u0105c bezpiecze\u0144stwo operacji. Poruszanie si\u0119 po zagro\u017ceniach w lotnictwie W lotnictwie powszechne ... <\/p>","protected":false},"author":55,"featured_media":12962,"parent":0,"menu_order":0,"comment_status":"closed","ping_status":"closed","template":"","meta":{"footnotes":""},"class_list":["post-12961","page","type-page","status-publish","has-post-thumbnail","hentry","latest_post"],"_links":{"self":[{"href":"https:\/\/www.leaplytics.de\/pl\/wp-json\/wp\/v2\/pages\/12961","targetHints":{"allow":["GET"]}}],"collection":[{"href":"https:\/\/www.leaplytics.de\/pl\/wp-json\/wp\/v2\/pages"}],"about":[{"href":"https:\/\/www.leaplytics.de\/pl\/wp-json\/wp\/v2\/types\/page"}],"author":[{"embeddable":true,"href":"https:\/\/www.leaplytics.de\/pl\/wp-json\/wp\/v2\/users\/55"}],"replies":[{"embeddable":true,"href":"https:\/\/www.leaplytics.de\/pl\/wp-json\/wp\/v2\/comments?post=12961"}],"version-history":[{"count":0,"href":"https:\/\/www.leaplytics.de\/pl\/wp-json\/wp\/v2\/pages\/12961\/revisions"}],"wp:featuredmedia":[{"embeddable":true,"href":"https:\/\/www.leaplytics.de\/pl\/wp-json\/wp\/v2\/media\/12962"}],"wp:attachment":[{"href":"https:\/\/www.leaplytics.de\/pl\/wp-json\/wp\/v2\/media?parent=12961"}],"curies":[{"name":"wp","href":"https:\/\/api.w.org\/{rel}","templated":true}]}}