{"id":13004,"date":"2023-12-18T23:06:58","date_gmt":"2023-12-18T22:06:58","guid":{"rendered":"https:\/\/www.leaplytics.de\/?page_id=13004"},"modified":"2024-04-09T20:48:32","modified_gmt":"2024-04-09T18:48:32","slug":"tematy-power-bi","status":"publish","type":"page","link":"https:\/\/www.leaplytics.de\/pl\/tematy-power-bi\/","title":{"rendered":"Tematy Power BI"},"content":{"rendered":"<p><a href=\"https:\/\/www.leaplytics.de\/pl\/ehs-zarzadzanie-ryzykiem-power-bi-dla-przemyslu-wydobywczego-i-naftowego\/\">Zarz\u0105dzanie ryzykiem EHS w Power BI<\/a><\/p>\n\n\n\n<p><a href=\"https:\/\/www.leaplytics.de\/pl\/identyfikacja-zagrozen-zwiazanych-z-energia-elektryczna-w-lotnictwie-i-transporcie-rejsowym\/\">Identyfikacja zagro\u017ce\u0144 w bran\u017cy lotniczej, wycieczkowej i transportowej w Power BI<\/a><\/p>\n\n\n\n<p><a href=\"https:\/\/www.leaplytics.de\/pl\/matryca-ryzyka-osha-w-power-bi\/\">Macierz ryzyka OSHA w Power BI<\/a><\/p>\n\n\n\n<p><a href=\"https:\/\/www.leaplytics.de\/pl\/matryca-ryzyka-esg-z-microsoft-power-bi\/\">Macierz ryzyka ESG w Power BI<\/a><\/p>\n\n\n\n<p><a href=\"https:\/\/www.leaplytics.de\/pl\/zarzadzanie-zapewnieniem-jakosci-dostawcy-z-power-bi\/\">Zapewnienie jako\u015bci dostawc\u00f3w \/ zarz\u0105dzanie za pomoc\u0105 Power BI<\/a><\/p>\n\n\n\n<p><a href=\"https:\/\/www.leaplytics.de\/pl\/zarzadzanie-ryzykiem-cyberbezpieczenstwa-power-bi\/\">Power BI: Zarz\u0105dzanie ryzykiem cyberbezpiecze\u0144stwa<\/a><\/p>\n\n\n\n<p><a href=\"https:\/\/www.leaplytics.de\/pl\/zarzadzanie-ryzykiem-finansowym-power-bi\/\">Power BI: Zarz\u0105dzanie ryzykiem finansowym w sektorze us\u0142ug finansowych<\/a><\/p>\n\n\n\n<p><a href=\"https:\/\/www.leaplytics.de\/pl\/pozwol-power-bi-przyspieszyc-zarzadzanie-projektami\/\">Pozw\u00f3l Power BI przyspieszy\u0107 zarz\u0105dzanie projektami<\/a><\/p>\n\n\n\n<p><a href=\"https:\/\/www.leaplytics.de\/pl\/wizualizacje-przegladarki-tekstu-dla-power-bi\/\">Wizualizacje przegl\u0105darki tekstu dla us\u0142ugi Power BI<\/a><\/p>\n\n\n\n<p><a href=\"https:\/\/www.leaplytics.de\/pl\/matryca-mozliwosci-dla-power-bi\/\">Macierz mo\u017cliwo\u015bci dla Power BI<\/a><\/p>","protected":false},"excerpt":{"rendered":"<p>Zarz\u0105dzanie ryzykiem EHS w Power BI Identyfikacja zagro\u017ce\u0144 w bran\u017cy lotniczej, wycieczkowej i transportowej w Power BI Matryca ryzyka OSHA w Power BI Matryca ryzyka ESG w Power BI Zapewnianie jako\u015bci dostawc\u00f3w \/ zarz\u0105dzanie za pomoc\u0105 Power BI Power BI: Zarz\u0105dzanie ryzykiem cyberbezpiecze\u0144stwa Power BI: Zarz\u0105dzanie ryzykiem finansowym w sektorze us\u0142ug finansowych ... <\/p>","protected":false},"author":2,"featured_media":0,"parent":0,"menu_order":0,"comment_status":"closed","ping_status":"closed","template":"","meta":{"footnotes":""},"class_list":["post-13004","page","type-page","status-publish","hentry","latest_post"],"_links":{"self":[{"href":"https:\/\/www.leaplytics.de\/pl\/wp-json\/wp\/v2\/pages\/13004","targetHints":{"allow":["GET"]}}],"collection":[{"href":"https:\/\/www.leaplytics.de\/pl\/wp-json\/wp\/v2\/pages"}],"about":[{"href":"https:\/\/www.leaplytics.de\/pl\/wp-json\/wp\/v2\/types\/page"}],"author":[{"embeddable":true,"href":"https:\/\/www.leaplytics.de\/pl\/wp-json\/wp\/v2\/users\/2"}],"replies":[{"embeddable":true,"href":"https:\/\/www.leaplytics.de\/pl\/wp-json\/wp\/v2\/comments?post=13004"}],"version-history":[{"count":4,"href":"https:\/\/www.leaplytics.de\/pl\/wp-json\/wp\/v2\/pages\/13004\/revisions"}],"predecessor-version":[{"id":13338,"href":"https:\/\/www.leaplytics.de\/pl\/wp-json\/wp\/v2\/pages\/13004\/revisions\/13338"}],"wp:attachment":[{"href":"https:\/\/www.leaplytics.de\/pl\/wp-json\/wp\/v2\/media?parent=13004"}],"curies":[{"name":"wp","href":"https:\/\/api.w.org\/{rel}","templated":true}]}}