{"id":13065,"date":"2024-01-02T13:16:49","date_gmt":"2024-01-02T12:16:49","guid":{"rendered":"https:\/\/www.leaplytics.de\/?page_id=13065"},"modified":"2024-01-02T13:16:50","modified_gmt":"2024-01-02T12:16:50","slug":"zarzadzanie-ryzykiem-cyberbezpieczenstwa-power-bi","status":"publish","type":"page","link":"https:\/\/www.leaplytics.de\/pl\/zarzadzanie-ryzykiem-cyberbezpieczenstwa-power-bi\/","title":{"rendered":"Power BI: Zarz\u0105dzanie ryzykiem cyberbezpiecze\u0144stwa"},"content":{"rendered":"<h3 class=\"wp-block-heading has-medium-font-size\">Wprowadzenie<\/h3>\n\n\n\n<p>W dzisiejszym szybko zmieniaj\u0105cym si\u0119 cyfrowym \u015bwiecie zarz\u0105dzanie ryzykiem cyberbezpiecze\u0144stwa ma kluczowe znaczenie. W tym artykule zag\u0142\u0119biamy si\u0119 w kluczowe spostrze\u017cenia dotycz\u0105ce zarz\u0105dzania ryzykiem cyberbezpiecze\u0144stwa. Podkre\u015blamy potrzeb\u0119 przyj\u0119cia przez organizacje strategii zarz\u0105dzania ryzykiem w Power BI.<\/p>\n\n\n\n<h3 class=\"wp-block-heading has-medium-font-size\">Zrozumienie i optymalizacja strategii cyberbezpiecze\u0144stwa<\/h3>\n\n\n\n<p>Organizacje na ca\u0142ym \u015bwiecie inwestuj\u0105 w inicjatywy zwi\u0105zane z cyberbezpiecze\u0144stwem, aby ograniczy\u0107 ryzyko i obni\u017cy\u0107 koszty poprzez zapobieganie naruszeniom danych i nieplanowanym przestojom. Podstawowym aspektem jest zrozumienie rodzaj\u00f3w zagro\u017ce\u0144. Pozwala to firmom dostosowa\u0107 skuteczne strategie zarz\u0105dzania ryzykiem.<\/p>\n\n\n\n<p><strong>Krok 1 - Szczeg\u00f3\u0142owa klasyfikacja ryzyka: <\/strong><br>Skuteczne zarz\u0105dzanie ryzykiem wymaga precyzyjnej klasyfikacji zagro\u017ce\u0144. To szczeg\u00f3\u0142owe podej\u015bcie umo\u017cliwia organizacjom identyfikacj\u0119 i klasyfikacj\u0119 potencjalnych zagro\u017ce\u0144.<\/p>\n\n\n\n<p><strong>Krok 2 - Proaktywne wykrywanie zagro\u017ce\u0144: <\/strong><br>Proaktywne podej\u015bcie do wykrywania zagro\u017ce\u0144 ma kluczowe znaczenie. Organizacje musz\u0105 identyfikowa\u0107 potencjalne zagro\u017cenia przed ich eskalacj\u0105, zwi\u0119kszaj\u0105c gotowo\u015b\u0107 w zakresie bezpiecze\u0144stwa.<\/p>\n\n\n\n<p><strong>Krok 3 - Skuteczne ograniczanie ryzyka: <\/strong><br>Skuteczne ograniczanie ryzyka ocenia ryzyko na podstawie prawdopodobie\u0144stwa i wp\u0142ywu. Odpowiednia alokacja zasob\u00f3w minimalizuje prawdopodobie\u0144stwo ich wyst\u0105pienia i optymalizuje zarz\u0105dzanie ryzykiem.<\/p>\n\n\n\n<h3 class=\"wp-block-heading has-medium-font-size\">Kluczowe wska\u017aniki wydajno\u015bci (KPI) w cyberbezpiecze\u0144stwie<\/h3>\n\n\n\n<p>W\u0142\u0105czenie wska\u017anik\u00f3w KPI do zarz\u0105dzania ryzykiem cyberbezpiecze\u0144stwa zapewnia przydatne informacje:<\/p>\n\n\n\n<ul class=\"wp-block-list\">\n<li> Szybkie reagowanie na incydenty: Natychmiastowe dzia\u0142anie w przypadku wyst\u0105pienia problemu jest kluczem do utrzymania kontroli nad sytuacj\u0105. (KPI: <strong>Czas reakcji<\/strong>)<\/li>\n<\/ul>\n\n\n\n<ul class=\"wp-block-list\">\n<li> Wykrywanie s\u0142abych punkt\u00f3w: Szybka identyfikacja i rozwi\u0105zywanie s\u0142abych punkt\u00f3w zapewnia wi\u0119ksze bezpiecze\u0144stwo cyfrowe. (KPI: <strong>Zidentyfikowane zagro\u017cenia<\/strong>\/mitigated)<\/li>\n<\/ul>\n\n\n\n<ul class=\"wp-block-list\">\n<li>Sprawdzanie rozwi\u0105za\u0144 w zakresie ryzyka: Monitorowanie skuteczno\u015bci plan\u00f3w ograniczania ryzyka zapewnia ci\u0105g\u0142e doskonalenie. (KPI: <strong>Wyst\u0105pi\u0142y zagro\u017cenia<\/strong>wp\u0142yw ryzyka [finansowego])<\/li>\n<\/ul>\n\n\n\n<h3 class=\"wp-block-heading has-medium-font-size\">Macierz ryzyka dla Power BI<\/h3>\n\n\n\n<figure class=\"wp-block-image size-full\"><img loading=\"lazy\" decoding=\"async\" width=\"1024\" height=\"576\" src=\"https:\/\/www.leaplytics.de\/wp-content\/uploads\/2024\/01\/Risk-Matrix.jpg\" alt=\"\" class=\"wp-image-13066\" srcset=\"https:\/\/www.leaplytics.de\/wp-content\/uploads\/2024\/01\/Risk-Matrix.jpg 1024w, https:\/\/www.leaplytics.de\/wp-content\/uploads\/2024\/01\/Risk-Matrix-300x169.jpg 300w, https:\/\/www.leaplytics.de\/wp-content\/uploads\/2024\/01\/Risk-Matrix-768x432.jpg 768w, https:\/\/www.leaplytics.de\/wp-content\/uploads\/2024\/01\/Risk-Matrix-107x60.jpg 107w\" sizes=\"auto, (max-width: 1024px) 100vw, 1024px\" \/><\/figure>\n\n\n\n<p>Jak matryca ryzyka w Power BI ocenia ryzyko:<\/p>\n\n\n\n<p>Zrozumienie prawdopodobie\u0144stwa i potencjalnego wp\u0142ywu ryzyka pomaga stworzy\u0107 kart\u0119 wynik\u00f3w ryzyka.  \u0141\u0105cz\u0105c te wymiary, organizacje mog\u0105 nada\u0107 priorytet powa\u017cnym zagro\u017ceniom.<\/p>\n\n\n\n<p>W postaci naszej matrycy ryzyka dla Power BI dostarczamy nast\u0119puj\u0105ce rozwi\u0105zania:<\/p>\n\n\n\n<ul class=\"wp-block-list\">\n<li> Pulpity nawigacyjne w czasie rzeczywistym: Mo\u017cemy tworzy\u0107 pulpity nawigacyjne wy\u015bwietlaj\u0105ce informacje o bezpiecze\u0144stwie w czasie rzeczywistym. Pomaga nam to wiedzie\u0107, jak bezpieczne s\u0105 rzeczy w dowolnym momencie.<\/li>\n<\/ul>\n\n\n\n<ul class=\"wp-block-list\">\n<li>Wizualizacja danych ryzyka: Macierz i zintegrowane wykresy pokazuj\u0105 miary ryzyka. U\u0142atwia to wszystkim zrozumienie, jak powa\u017cne s\u0105 zagro\u017cenia.<\/li>\n<\/ul>\n\n\n\n<ul class=\"wp-block-list\">\n<li> Monitorowanie i identyfikacja trend\u00f3w: Mo\u017cemy u\u017cy\u0107 matrycy ryzyka, aby sprawdzi\u0107, czy przestrzegamy zasad bezpiecze\u0144stwa. Pomaga nam znale\u017a\u0107 obszary wymagaj\u0105ce wi\u0119kszej liczby \u015brodk\u00f3w bezpiecze\u0144stwa i zrozumie\u0107 trendy w celu poprawy bezpiecze\u0144stwa.<\/li>\n<\/ul>\n\n\n\n<div class=\"wp-block-buttons is-layout-flex wp-block-buttons-is-layout-flex\">\n<div class=\"wp-block-button has-custom-font-size\" style=\"font-size:18px\"><a class=\"wp-block-button__link has-background wp-element-button\" href=\"https:\/\/www.leaplytics.de\/pl\/strona-glowna\/zarzadzanie-projektami-niestandardowe-wizualizacje-microsoft-powerbi\/niestandardowa-wizualizacja-mapy-ryzyka-dla-power-bi\/\" style=\"background-color:#22316d\" rel=\"https:\/\/www.leaplytics.de\/frontpage\/project-management-custom-visuals-microsoft-powerbi\/risk-heatmap-custom-visual-for-power-bi\/\">Sprawd\u017a nasz\u0105 niestandardow\u0105 wizualn\u0105 matryc\u0119 ryzyka dla Power BI tutaj!<\/a><\/div>\n<\/div>\n\n\n\n<p><\/p>\n\n\n\n<h3 class=\"wp-block-heading has-medium-font-size\">Wnioski<\/h3>\n\n\n\n<p>W obliczu ewoluuj\u0105cych zagro\u017ce\u0144 cyfrowych organizacje potrzebuj\u0105 optymalnych strategii zarz\u0105dzania ryzykiem. Zrozumienie wymiar\u00f3w ryzyka jest nieuniknione. Przyj\u0119cie proaktywnego podej\u015bcia do \u0142agodzenia zagro\u017ce\u0144 wzmacnia cyberbezpiecze\u0144stwo firm. Koncentrujemy si\u0119 na upraszczaniu proces\u00f3w w celu zapewnienia inteligentnego i skutecznego podej\u015bcia do cyberbezpiecze\u0144stwa.<\/p>","protected":false},"excerpt":{"rendered":"<p>Wprowadzenie W dzisiejszym szybko zmieniaj\u0105cym si\u0119 cyfrowym \u015bwiecie zarz\u0105dzanie ryzykiem cyberbezpiecze\u0144stwa ma kluczowe znaczenie. Niniejszy artyku\u0142 zawiera kluczowe informacje na temat zarz\u0105dzania ryzykiem cyberbezpiecze\u0144stwa. Podkre\u015blamy potrzeb\u0119 przyj\u0119cia przez organizacje strategii zarz\u0105dzania ryzykiem w Power BI. Zrozumienie i optymalizacja strategii cyberbezpiecze\u0144stwa Organizacje na ca\u0142ym \u015bwiecie inwestuj\u0105 w inicjatywy zwi\u0105zane z cyberbezpiecze\u0144stwem, aby ograniczy\u0107 ryzyko i obni\u017cy\u0107 koszty, zapobiegaj\u0105c ... <\/p>","protected":false},"author":55,"featured_media":13070,"parent":0,"menu_order":0,"comment_status":"closed","ping_status":"closed","template":"","meta":{"footnotes":""},"class_list":["post-13065","page","type-page","status-publish","has-post-thumbnail","hentry","latest_post"],"_links":{"self":[{"href":"https:\/\/www.leaplytics.de\/pl\/wp-json\/wp\/v2\/pages\/13065","targetHints":{"allow":["GET"]}}],"collection":[{"href":"https:\/\/www.leaplytics.de\/pl\/wp-json\/wp\/v2\/pages"}],"about":[{"href":"https:\/\/www.leaplytics.de\/pl\/wp-json\/wp\/v2\/types\/page"}],"author":[{"embeddable":true,"href":"https:\/\/www.leaplytics.de\/pl\/wp-json\/wp\/v2\/users\/55"}],"replies":[{"embeddable":true,"href":"https:\/\/www.leaplytics.de\/pl\/wp-json\/wp\/v2\/comments?post=13065"}],"version-history":[{"count":0,"href":"https:\/\/www.leaplytics.de\/pl\/wp-json\/wp\/v2\/pages\/13065\/revisions"}],"wp:featuredmedia":[{"embeddable":true,"href":"https:\/\/www.leaplytics.de\/pl\/wp-json\/wp\/v2\/media\/13070"}],"wp:attachment":[{"href":"https:\/\/www.leaplytics.de\/pl\/wp-json\/wp\/v2\/media?parent=13065"}],"curies":[{"name":"wp","href":"https:\/\/api.w.org\/{rel}","templated":true}]}}