{"id":13092,"date":"2024-01-22T11:56:36","date_gmt":"2024-01-22T10:56:36","guid":{"rendered":"https:\/\/www.leaplytics.de\/?page_id=13092"},"modified":"2024-01-22T11:59:33","modified_gmt":"2024-01-22T10:59:33","slug":"zarzadzanie-ryzykiem-finansowym-power-bi","status":"publish","type":"page","link":"https:\/\/www.leaplytics.de\/pl\/zarzadzanie-ryzykiem-finansowym-power-bi\/","title":{"rendered":"Power BI: Zarz\u0105dzanie ryzykiem finansowym w sektorze us\u0142ug finansowych"},"content":{"rendered":"<h2 class=\"wp-block-heading has-medium-font-size\">Wprowadzenie<\/h2>\n\n\n\n<p>Zarz\u0105dzanie ryzykiem ma kluczowe znaczenie w finansach ze wzgl\u0119du na ci\u0105g\u0142\u0105 niepewno\u015b\u0107. Eksperci musz\u0105 identyfikowa\u0107 i uwzgl\u0119dnia\u0107 czynniki krytyczne dla stabilno\u015bci, zgodno\u015bci i rozwoju. W tym artykule om\u00f3wiono zarz\u0105dzanie ryzykiem w finansach, k\u0142ad\u0105c nacisk na wizualizacj\u0119 danych za pomoc\u0105 macierzy ryzyka Power BI w celu lepszego podejmowania decyzji.<\/p>\n\n\n\n<h2 class=\"wp-block-heading has-medium-font-size\">Kluczowe czynniki w zarz\u0105dzaniu ryzykiem us\u0142ug finansowych<\/h2>\n\n\n\n<p style=\"font-size:18px\">1.&nbsp;&nbsp;&nbsp;&nbsp;&nbsp; <strong>Zgodno\u015b\u0107 z przepisami<\/strong>:<\/p>\n\n\n\n<p>Przestrzeganie wymog\u00f3w regulacyjnych jest podstaw\u0105 zarz\u0105dzania ryzykiem w us\u0142ugach finansowych. Regulacje takie jak Bazylea III, Dodd-Frank i MiFID II nak\u0142adaj\u0105 rygorystyczne wytyczne w celu zapewnienia stabilno\u015bci i ochrony interesariuszy. Instytucje finansowe musz\u0105 by\u0107 na bie\u017c\u0105co ze zmieniaj\u0105cymi si\u0119 przepisami i wdra\u017ca\u0107 solidne \u015brodki zgodno\u015bci.<\/p>\n\n\n\n<ul class=\"wp-block-list\">\n<li><strong>KPI:<\/strong> Wynik zgodno\u015bci<\/li>\n<\/ul>\n\n\n\n<ul class=\"wp-block-list\">\n<li><strong>Wyja\u015bnienie:<\/strong> Ten wska\u017anik KPI mierzy zgodno\u015b\u0107 instytucji z wymogami regulacyjnymi. Wy\u017cszy wynik oznacza lepsz\u0105 zgodno\u015b\u0107.<\/li>\n<\/ul>\n\n\n\n<p style=\"font-size:18px\">2.&nbsp;&nbsp;&nbsp;&nbsp;&nbsp; <strong>Ryzyko kredytowe<\/strong>:<\/p>\n\n\n\n<p>Ryzyko kredytowe jest nieod\u0142\u0105cznym elementem sektora finansowego, a zarz\u0105dzanie nim jest niezb\u0119dne. Analiza zdolno\u015bci kredytowej po\u017cyczkobiorcy, monitorowanie ekspozycji kredytowych i wdra\u017canie ostro\u017cnych praktyk kredytowych s\u0105 niezb\u0119dne do ograniczenia ryzyka kredytowego.<\/p>\n\n\n\n<ul class=\"wp-block-list\">\n<li><strong>KPI:<\/strong> Prawdopodobie\u0144stwo niewykonania zobowi\u0105zania Rating\/Indeks<\/li>\n<\/ul>\n\n\n\n<ul class=\"wp-block-list\">\n<li><strong>Wyja\u015bnienie:<\/strong> Wska\u017anik prawdopodobie\u0144stwa niewyp\u0142acalno\u015bci odzwierciedla prawdopodobie\u0144stwo niesp\u0142acenia po\u017cyczki przez po\u017cyczkobiorc\u0119. Ni\u017cszy rating\/indeks jest po\u017c\u0105dany, wskazuj\u0105c na ni\u017csze ryzyko kredytowe.<\/li>\n<\/ul>\n\n\n\n<p style=\"font-size:18px\">3.&nbsp;&nbsp;&nbsp;&nbsp;&nbsp; <strong>Ryzyko rynkowe<\/strong>:<\/p>\n\n\n\n<p>Wahania st\u00f3p procentowych, kurs\u00f3w walutowych i cen towar\u00f3w stanowi\u0105 wyzwanie dla instytucji finansowych. Wdro\u017cenie modeli ryzyka, kt\u00f3re oceniaj\u0105 ekspozycj\u0119 na ryzyko rynkowe, jest niezb\u0119dne. Scenariusze test\u00f3w warunk\u00f3w skrajnych mog\u0105 pom\u00f3c zidentyfikowa\u0107 potencjalne s\u0142abo\u015bci.<\/p>\n\n\n\n<ul class=\"wp-block-list\">\n<li><strong>KPI:<\/strong> Indeks zmienno\u015bci rynku<\/li>\n<\/ul>\n\n\n\n<ul class=\"wp-block-list\">\n<li><strong>Wyja\u015bnienie:<\/strong> Indeks zmienno\u015bci rynkowej okre\u015bla poziom nieprzewidywalno\u015bci na rynkach finansowych. Wy\u017cszy indeks sugeruje wy\u017csze ryzyko rynkowe.<\/li>\n<\/ul>\n\n\n\n<p style=\"font-size:18px\">4.&nbsp;&nbsp;&nbsp;&nbsp;&nbsp; <strong>Ryzyko operacyjne<\/strong>:<\/p>\n\n\n\n<p>Zak\u0142\u00f3cenia operacyjne, zagro\u017cenia dla cyberbezpiecze\u0144stwa <a href=\"https:\/\/www.leaplytics.de\/pl\/zarzadzanie-ryzykiem-cyberbezpieczenstwa-power-bi\/\"><mark style=\"background-color:rgba(0, 0, 0, 0)\" class=\"has-inline-color has-vivid-cyan-blue-color\">(kliknij tutaj, aby zapozna\u0107 si\u0119 z naszym artyku\u0142em na temat zarz\u0105dzania ryzykiem cyberbezpiecze\u0144stwa)<\/mark><\/a>i awarie proces\u00f3w wewn\u0119trznych mog\u0105 mie\u0107 wp\u0142yw na us\u0142ugi finansowe. Kluczowe znaczenie ma opracowanie kompleksowych ram ryzyka, przeprowadzanie regularnych audyt\u00f3w i \u015bledzenie \u015brodk\u00f3w cyberbezpiecze\u0144stwa. Dzia\u0142ania te pomagaj\u0105 w zarz\u0105dzaniu ryzykiem operacyjnym.<\/p>\n\n\n\n<ul class=\"wp-block-list\">\n<li><strong>KPI:<\/strong> Wynik odporno\u015bci operacyjnej<\/li>\n<\/ul>\n\n\n\n<ul class=\"wp-block-list\">\n<li><strong>Wyja\u015bnienie:<\/strong> Wynik odporno\u015bci operacyjnej ocenia zdolno\u015b\u0107 instytucji do wytrzymywania i odzyskiwania sprawno\u015bci po zak\u0142\u00f3ceniach operacyjnych. Wy\u017cszy wynik oznacza wi\u0119ksz\u0105 odporno\u015b\u0107 operacyjn\u0105.<\/li>\n<\/ul>\n\n\n\n<p style=\"font-size:18px\">5.&nbsp;&nbsp;&nbsp;&nbsp;&nbsp; <strong>Ryzyko p\u0142ynno\u015bci<\/strong>:<\/p>\n\n\n\n<p>Zapewnienie p\u0142ynno\u015bci wystarczaj\u0105cej do wywi\u0105zania si\u0119 z kr\u00f3tkoterminowych zobowi\u0105za\u0144 ma fundamentalne znaczenie. Instytucje musz\u0105 mie\u0107 plany awaryjne, testowa\u0107 pozycje p\u0142ynno\u015bci w warunkach skrajnych i utrzymywa\u0107 r\u00f3wnowag\u0119 mi\u0119dzy aktywami kr\u00f3tkoterminowymi i d\u0142ugoterminowymi.<\/p>\n\n\n\n<ul class=\"wp-block-list\">\n<li><strong>KPI:<\/strong> Wska\u017anik pokrycia p\u0142ynno\u015bci<\/li>\n<\/ul>\n\n\n\n<ul class=\"wp-block-list\">\n<li><strong>Wyja\u015bnienie:<\/strong> Wska\u017anik pokrycia p\u0142ynno\u015bci mierzy zdolno\u015b\u0107 instytucji do pokrycia kr\u00f3tkoterminowych zobowi\u0105za\u0144 p\u0142ynnymi aktywami. Wy\u017cszy wska\u017anik wskazuje na zdrowsz\u0105 pozycj\u0119 p\u0142ynno\u015bci.<\/li>\n<\/ul>\n\n\n\n<h2 class=\"wp-block-heading has-medium-font-size\">Wizualizacja danych za pomoc\u0105 matrycy ryzyka dla Power BI<\/h2>\n\n\n\n<p>Matryca ryzyka dla Power BI to pot\u0119\u017cne narz\u0119dzie wizualne dla mened\u017cer\u00f3w ryzyka do oceny, ustalania priorytet\u00f3w i komunikowania ryzyka. Matryca umo\u017cliwia kategoryzacj\u0119 ryzyk w oparciu o ich prawdopodobie\u0144stwo i wp\u0142yw. Dzi\u0119ki rozbudowanym funkcjom, matryca ryzyka pozwala na kompleksowy i wielowymiarowy wgl\u0105d w krajobraz ryzyka.<\/p>\n\n\n\n<figure class=\"wp-block-image size-full\"><img loading=\"lazy\" decoding=\"async\" width=\"1024\" height=\"576\" src=\"https:\/\/www.leaplytics.de\/wp-content\/uploads\/2024\/01\/Risk-Matrix.jpg\" alt=\"\" class=\"wp-image-13066\" srcset=\"https:\/\/www.leaplytics.de\/wp-content\/uploads\/2024\/01\/Risk-Matrix.jpg 1024w, https:\/\/www.leaplytics.de\/wp-content\/uploads\/2024\/01\/Risk-Matrix-300x169.jpg 300w, https:\/\/www.leaplytics.de\/wp-content\/uploads\/2024\/01\/Risk-Matrix-768x432.jpg 768w, https:\/\/www.leaplytics.de\/wp-content\/uploads\/2024\/01\/Risk-Matrix-107x60.jpg 107w\" sizes=\"auto, (max-width: 1024px) 100vw, 1024px\" \/><\/figure>\n\n\n\n<div class=\"wp-block-buttons is-content-justification-center is-layout-flex wp-container-core-buttons-is-layout-1 wp-block-buttons-is-layout-flex\">\n<div class=\"wp-block-button has-custom-font-size\" style=\"font-size:18px\"><a class=\"wp-block-button__link has-background wp-element-button\" href=\"https:\/\/www.leaplytics.de\/pl\/strona-glowna\/zarzadzanie-projektami-niestandardowe-wizualizacje-microsoft-powerbi\/niestandardowa-wizualizacja-mapy-ryzyka-dla-power-bi\/\" style=\"background-color:#22316d\">Sprawd\u017a nasz\u0105 niestandardow\u0105 wizualn\u0105 matryc\u0119 ryzyka dla Power BI tutaj!<\/a><\/div>\n<\/div>\n\n\n\n<p><\/p>\n\n\n\n<h2 class=\"wp-block-heading has-medium-font-size\">Wyzwania i mo\u017cliwo\u015bci<\/h2>\n\n\n\n<p><strong>Wyzwania<\/strong>:<\/p>\n\n\n\n<ul class=\"wp-block-list\">\n<li><strong>Jako\u015b\u0107 i integracja danych<\/strong>: Zapewnienie dok\u0142adno\u015bci i wiarygodno\u015bci danych pochodz\u0105cych z r\u00f3\u017cnych \u017ar\u00f3de\u0142 mo\u017ce stanowi\u0107 wyzwanie. Integracja danych z us\u0142ug\u0105 Power BI wymaga zwr\u00f3cenia szczeg\u00f3lnej uwagi na zachowanie integralno\u015bci danych.<\/li>\n\n\n\n<li><strong>Komunikacja z interesariuszami<\/strong>: Przekazywanie informacji o ryzyku zainteresowanym stronom ma kluczowe znaczenie. Wyzwanie polega na przedstawieniu z\u0142o\u017conych danych w zrozumia\u0142ym formacie.<\/li>\n<\/ul>\n\n\n\n<p><strong>Mo\u017cliwo\u015bci<\/strong>:<\/p>\n\n\n\n<ul class=\"wp-block-list\">\n<li><strong>Analityka predykcyjna<\/strong>: Korzystanie z analityki predykcyjnej w Power BI identyfikuje mo\u017cliwe zagro\u017cenia, zanim si\u0119 pojawi\u0105. Pomaga to w zarz\u0105dzaniu ryzykiem z wyprzedzeniem.<\/li>\n\n\n\n<li><strong>Monitorowanie w czasie rzeczywistym<\/strong>: Power BI pozwala na monitorowanie kluczowych wska\u017anik\u00f3w ryzyka w czasie rzeczywistym. Umo\u017cliwia to elastyczne reagowanie na pojawiaj\u0105ce si\u0119 zagro\u017cenia.<\/li>\n<\/ul>\n\n\n\n<p><strong>Radzenie sobie z wyzwaniami poprzez zarz\u0105dzanie ryzykiem<\/strong><\/p>\n\n\n\n<ul class=\"wp-block-list\">\n<li><strong>Ustanowienie zarz\u0105dzania danymi<\/strong>: Wdro\u017cenie solidnych praktyk zarz\u0105dzania danymi zapewnia ich jako\u015b\u0107 i integralno\u015b\u0107. Zwi\u0119ksza to wiarygodno\u015b\u0107 ocen ryzyka.<\/li>\n\n\n\n<li><strong>Szkolenie interesariuszy<\/strong>: Zapewnienie szkole\u0144 w zakresie interpretacji danych dotycz\u0105cych ryzyka i wykorzystania narz\u0119dzi Power BI do podejmowania \u015bwiadomych decyzji.<\/li>\n<\/ul>\n\n\n\n<h2 class=\"wp-block-heading has-medium-font-size\">Wnioski<\/h2>\n\n\n\n<p>W dynamicznej bran\u017cy us\u0142ug finansowych skuteczne zarz\u0105dzanie ryzykiem ma kluczowe znaczenie. Wykorzystanie narz\u0119dzi takich jak matryca ryzyka dla Power BI usprawnia podejmowanie decyzji. Pomaga w radzeniu sobie z wyzwaniami i wykorzystywaniu szans. Kluczowymi krokami s\u0105 zaj\u0119cie si\u0119 jako\u015bci\u0105 danych, usprawnienie komunikacji z interesariuszami i wykorzystanie zaawansowanej analityki. Przyjmuj\u0105c te strategie, instytucje finansowe mog\u0105 budowa\u0107 odporno\u015b\u0107 i zapewni\u0107 zr\u00f3wnowa\u017cony wzrost.<\/p>","protected":false},"excerpt":{"rendered":"<p>Wprowadzenie Zarz\u0105dzanie ryzykiem ma kluczowe znaczenie w finansach ze wzgl\u0119du na ci\u0105g\u0142\u0105 niepewno\u015b\u0107. Eksperci musz\u0105 identyfikowa\u0107 i uwzgl\u0119dnia\u0107 czynniki krytyczne dla stabilno\u015bci, zgodno\u015bci i rozwoju. W tym artykule om\u00f3wiono zarz\u0105dzanie ryzykiem w finansach, k\u0142ad\u0105c nacisk na wizualizacj\u0119 danych za pomoc\u0105 macierzy ryzyka Power BI w celu lepszego podejmowania decyzji. Kluczowe czynniki w zarz\u0105dzaniu ryzykiem w us\u0142ugach finansowych 1.      Zgodno\u015b\u0107 z przepisami: Przestrzeganie przepis\u00f3w ... <\/p>","protected":false},"author":55,"featured_media":13094,"parent":0,"menu_order":0,"comment_status":"closed","ping_status":"closed","template":"","meta":{"footnotes":""},"class_list":["post-13092","page","type-page","status-publish","has-post-thumbnail","hentry","latest_post"],"_links":{"self":[{"href":"https:\/\/www.leaplytics.de\/pl\/wp-json\/wp\/v2\/pages\/13092","targetHints":{"allow":["GET"]}}],"collection":[{"href":"https:\/\/www.leaplytics.de\/pl\/wp-json\/wp\/v2\/pages"}],"about":[{"href":"https:\/\/www.leaplytics.de\/pl\/wp-json\/wp\/v2\/types\/page"}],"author":[{"embeddable":true,"href":"https:\/\/www.leaplytics.de\/pl\/wp-json\/wp\/v2\/users\/55"}],"replies":[{"embeddable":true,"href":"https:\/\/www.leaplytics.de\/pl\/wp-json\/wp\/v2\/comments?post=13092"}],"version-history":[{"count":6,"href":"https:\/\/www.leaplytics.de\/pl\/wp-json\/wp\/v2\/pages\/13092\/revisions"}],"predecessor-version":[{"id":13102,"href":"https:\/\/www.leaplytics.de\/pl\/wp-json\/wp\/v2\/pages\/13092\/revisions\/13102"}],"wp:featuredmedia":[{"embeddable":true,"href":"https:\/\/www.leaplytics.de\/pl\/wp-json\/wp\/v2\/media\/13094"}],"wp:attachment":[{"href":"https:\/\/www.leaplytics.de\/pl\/wp-json\/wp\/v2\/media?parent=13092"}],"curies":[{"name":"wp","href":"https:\/\/api.w.org\/{rel}","templated":true}]}}