{"id":13103,"date":"2024-01-22T16:06:43","date_gmt":"2024-01-22T15:06:43","guid":{"rendered":"https:\/\/www.leaplytics.de\/?page_id=13103"},"modified":"2024-01-22T16:06:43","modified_gmt":"2024-01-22T15:06:43","slug":"dziennik-zmian-power-bi-matryca-ryzyka","status":"publish","type":"page","link":"https:\/\/www.leaplytics.de\/pl\/dziennik-zmian-power-bi-matryca-ryzyka\/","title":{"rendered":"Dziennik zmian - Macierz ryzyka Power BI"},"content":{"rendered":"<p>09\/23 - Niestandardowe kolory kafelk\u00f3w: Interfejs sieciowy jest teraz dost\u0119pny online pod adresem <a href=\"https:\/\/www.leaplytics.de\/pl\/custom-colors\/\" target=\"_blank\" rel=\"noreferrer noopener\">https:\/\/www.leaplytics.de\/custom-colors\/<\/a>.<\/p>\n\n\n\n<p>07\/23 - Formatowanie warunkowe: Dostosuj kolor ryzyka w oparciu o okre\u015blone warunki (np. dzia\u0142, priorytet lub status).<\/p>\n\n\n\n<p>06\/23 - Etykiety osi: Dodano obs\u0142ug\u0119 znak\u00f3w specjalnych.<\/p>\n\n\n\n<p>05\/23 - Maksymalna liczba zagro\u017ce\u0144 na kafelek: Zwi\u0119kszono do 100.<\/p>\n\n\n\n<p>05\/23 - Dost\u0119pnych jest wiele rodzaj\u00f3w ryzyka.<\/p>\n\n\n\n<p>03\/23 - Przej\u015bcie do optymalizacji ryzyka: Kliknij ryzyko prawym przyciskiem myszy, aby przej\u015b\u0107 do okre\u015blonej strony.<\/p>","protected":false},"excerpt":{"rendered":"<p>09\/23 &#8211; Custom Tile Colors: The web interface is now available online at https:\/\/www.leaplytics.de\/custom-colors\/. 07\/23 &#8211; Conditional formatting: Customize the color of risks based on certain conditions (e.g. department, priority or status) 06\/23 &#8211; Axis Labels: Support for special characters has been added. 05\/23 &#8211; Maximum Number of Risks per Tile: Increased to 100. 05\/23 &hellip; <\/p>","protected":false},"author":2,"featured_media":0,"parent":0,"menu_order":0,"comment_status":"closed","ping_status":"closed","template":"","meta":{"footnotes":""},"class_list":["post-13103","page","type-page","status-publish","hentry","latest_post"],"_links":{"self":[{"href":"https:\/\/www.leaplytics.de\/pl\/wp-json\/wp\/v2\/pages\/13103","targetHints":{"allow":["GET"]}}],"collection":[{"href":"https:\/\/www.leaplytics.de\/pl\/wp-json\/wp\/v2\/pages"}],"about":[{"href":"https:\/\/www.leaplytics.de\/pl\/wp-json\/wp\/v2\/types\/page"}],"author":[{"embeddable":true,"href":"https:\/\/www.leaplytics.de\/pl\/wp-json\/wp\/v2\/users\/2"}],"replies":[{"embeddable":true,"href":"https:\/\/www.leaplytics.de\/pl\/wp-json\/wp\/v2\/comments?post=13103"}],"version-history":[{"count":2,"href":"https:\/\/www.leaplytics.de\/pl\/wp-json\/wp\/v2\/pages\/13103\/revisions"}],"predecessor-version":[{"id":13441,"href":"https:\/\/www.leaplytics.de\/pl\/wp-json\/wp\/v2\/pages\/13103\/revisions\/13441"}],"wp:attachment":[{"href":"https:\/\/www.leaplytics.de\/pl\/wp-json\/wp\/v2\/media?parent=13103"}],"curies":[{"name":"wp","href":"https:\/\/api.w.org\/{rel}","templated":true}]}}