{"id":13130,"date":"2024-02-19T14:11:39","date_gmt":"2024-02-19T13:11:39","guid":{"rendered":"https:\/\/www.leaplytics.de\/?page_id=13130"},"modified":"2024-02-20T10:03:59","modified_gmt":"2024-02-20T09:03:59","slug":"pozwol-power-bi-przyspieszyc-zarzadzanie-projektami","status":"publish","type":"page","link":"https:\/\/www.leaplytics.de\/pl\/pozwol-power-bi-przyspieszyc-zarzadzanie-projektami\/","title":{"rendered":"Pozw\u00f3l Power BI przyspieszy\u0107 zarz\u0105dzanie projektami"},"content":{"rendered":"<p>W dynamicznym krajobrazie zarz\u0105dzania projektami, gdzie precyzja i przewidywanie s\u0105 najwa\u017cniejsze, wykorzystanie technologii ma kluczowe znaczenie. Microsoft Power BI sta\u0142 si\u0119 prze\u0142omowym rozwi\u0105zaniem. Power BI oferuje kierownikom projekt\u00f3w dynamiczn\u0105 platform\u0119 usprawniaj\u0105c\u0105 ich procesy decyzyjne.<\/p>\n\n\n\n<p>W tym kompleksowym przewodniku zbadamy, w jaki spos\u00f3b Power BI mo\u017ce podnie\u015b\u0107 poziom ka\u017cdej fazy<sup>1 <\/sup>zarz\u0105dzania projektami. M\u00f3wimy o podstawowych aspektach pot\u0119\u017cnego pulpitu nawigacyjnego do zarz\u0105dzania projektami.<\/p>\n\n\n\n<h3 class=\"wp-block-heading\" style=\"font-size:30px\">Faza planowania projektu<\/h3>\n\n\n\n<p class=\"has-medium-font-size\">1. <strong>Zdefiniuj prawdziwy problem:<\/strong><\/p>\n\n\n\n<p>Przed zag\u0142\u0119bieniem si\u0119 w projekt, kluczowe jest okre\u015blenie problemu, kt\u00f3ry pr\u00f3bujesz rozwi\u0105za\u0107. Power BI pomaga w tym, pomagaj\u0105c analizowa\u0107 dane historyczne, identyfikowa\u0107 wzorce i odkrywa\u0107 podstawowe kwestie. Wizualizuj czynniki sukcesu i pora\u017cki poprzednich projekt\u00f3w, aby podejmowa\u0107 \u015bwiadome decyzje.<\/p>\n\n\n\n<p class=\"has-medium-font-size\">2. <strong>Identyfikacja interesariuszy:<\/strong><\/p>\n\n\n\n<p>Mo\u017cliwo\u015bci Power BI obejmuj\u0105 tak\u017ce zarz\u0105dzanie interesariuszami. Tw\u00f3rz wizualizacje, kt\u00f3re podkre\u015blaj\u0105 r\u00f3\u017cne funkcje lub osoby, kt\u00f3rych dotyczy projekt. U\u017cyj interaktywnych wykres\u00f3w organizacyjnych, aby zaprezentowa\u0107 ich wk\u0142ad i oczekiwania. W ten spos\u00f3b zapewniamy zgodno\u015b\u0107 od samego pocz\u0105tku.<\/p>\n\n\n\n<p class=\"has-medium-font-size\">3. <strong>Okre\u015blenie cel\u00f3w projektu:<\/strong><\/p>\n\n\n\n<p>Opracowanie jasnych i \u0142atwych w zarz\u0105dzaniu cel\u00f3w jest wyzwaniem. Oczekiwania i cele interesariuszy mog\u0105 r\u00f3wnie\u017c zmienia\u0107 si\u0119 w ramach projektu. Elastyczno\u015b\u0107 Power BI pozwala dostosowywa\u0107 cele w miar\u0119 gromadzenia dodatkowych informacji. Mo\u017cna na przyk\u0142ad tworzy\u0107 wizualizacje, kt\u00f3re aktualizuj\u0105 cele na podstawie danych w czasie rzeczywistym.<\/p>\n\n\n\n<p class=\"has-medium-font-size\">4. <strong>Okre\u015blenie zakresu, zasob\u00f3w i g\u0142\u00f3wnych zada\u0144:<\/strong><\/p>\n\n\n\n<p>Wizualizacja zakresu projektu i zada\u0144, oszacowanie harmonogramu i koszt\u00f3w. Pomaga to zapewni\u0107 jasne zrozumienie wymaga\u0144 dotycz\u0105cych zasob\u00f3w. U\u017cyj Power BI, aby podzieli\u0107 z\u0142o\u017cone dzia\u0142ania za pomoc\u0105 struktury podzia\u0142u pracy (WBS).<\/p>\n\n\n\n<p class=\"has-medium-font-size\">5. <strong>Przygotuj si\u0119 na kompromisy:<\/strong><\/p>\n\n\n\n<p>Power BI pomaga w ustaleniu r\u00f3wnowagi mi\u0119dzy czasem, kosztami i jako\u015bci\u0105. Zintegruj swoje dane, aby stworzy\u0107 wizualizacje, kt\u00f3re pokazuj\u0105, jak zmiany tych zmiennych wp\u0142ywaj\u0105 na wyniki projektu. Taka przejrzysto\u015b\u0107 u\u0142atwia podejmowanie \u015bwiadomych decyzji i dostosowanie do potrzeb interesariuszy.<\/p>\n\n\n\n<h3 class=\"wp-block-heading\" style=\"font-size:30px\">Faza tworzenia projektu<\/h3>\n\n\n\n<p class=\"has-medium-font-size\">6. <strong>Zbierz sw\u00f3j zesp\u00f3\u0142:<\/strong><\/p>\n\n\n\n<p>Wykorzystaj Power BI do oceny wymaganych umiej\u0119tno\u015bci i wizualizacji sk\u0142adu zespo\u0142u. U\u017cyj wizualizacji, aby zidentyfikowa\u0107 luki w umiej\u0119tno\u015bciach, zaplanowa\u0107 szkolenia i przygotowa\u0107 zesp\u00f3\u0142 na sukces.<\/p>\n\n\n\n<p class=\"has-medium-font-size\">7. <strong>Planowanie zada\u0144:<\/strong><\/p>\n\n\n\n<p>Tw\u00f3rz wizualizacje, kt\u00f3re u\u0142atwiaj\u0105 przejrzyst\u0105 komunikacj\u0119 w zespole. Wizualizuj zadania, wymagane umiej\u0119tno\u015bci i indywidualne zestawy umiej\u0119tno\u015bci, zapewniaj\u0105c sp\u00f3jn\u0105 dynamik\u0119 zespo\u0142u.<\/p>\n\n\n\n<p class=\"has-medium-font-size\">8. <strong>Utw\u00f3rz harmonogram:<\/strong><\/p>\n\n\n\n<p>Mo\u017cliwo\u015bci Power BI obejmuj\u0105 r\u00f3wnie\u017c planowanie projekt\u00f3w za pomoc\u0105 wykres\u00f3w Gantta. Tw\u00f3rz wizualizacje, kt\u00f3re ilustruj\u0105 osie czasu, identyfikuj\u0105 \u015bcie\u017cki krytyczne i dostosowuj\u0105 si\u0119 do ustalonych termin\u00f3w. Utrzymuj realistyczny harmonogram w ramach ogranicze\u0144.<\/p>\n\n\n\n<p class=\"has-medium-font-size\">9. <strong>Zorganizowanie spotkania inauguracyjnego:<\/strong><\/p>\n\n\n\n<p>Wi\u0119kszo\u015b\u0107 wizualizacji Power BI mo\u017cna wyeksportowa\u0107 do programu MS PowerPoint. Podczas spotkania inauguracyjnego u\u017cyj wizualizacji Power BI, aby wyja\u015bni\u0107 plan projektu, cele i ramy czasowe. Zach\u0119\u0107 cz\u0142onk\u00f3w zespo\u0142u do wniesienia wk\u0142adu, wspieraj\u0105c wsp\u00f3\u0142prac\u0119 i wsp\u00f3lne zrozumienie.<\/p>\n\n\n\n<p class=\"has-medium-font-size\">10. <strong>Opracowanie bud\u017cetu:<\/strong><\/p>\n\n\n\n<p>U\u017cyj Power BI, aby stworzy\u0107 kompleksowy bud\u017cet. Wizualizuj koszty w r\u00f3\u017cnych kategoriach, zasi\u0119gaj opinii interesariuszy i zachowaj elastyczno\u015b\u0107 w ramach ogranicze\u0144 bud\u017cetowych.<\/p>\n\n\n\n<h3 class=\"wp-block-heading\" style=\"font-size:30px\">Faza realizacji projektu<\/h3>\n\n\n\n<p class=\"has-medium-font-size\">11. <strong>Monitorowanie i kontrolowanie procesu i bud\u017cetu:<\/strong><\/p>\n\n\n\n<p>Zainstaluj wizualizacje monitoruj\u0105ce projekt w us\u0142udze Power BI, takie jak nasza matryca ryzyka Power BI. Wizualizacja ryzyka wraz z post\u0119pem projektu pozwala na ca\u0142o\u015bciowe spojrzenie na potencjalne wyzwania. Oto jak to zrobi\u0107:<\/p>\n\n\n\n<p><strong>Ocena wp\u0142ywu ryzyka i prawdopodobie\u0144stwa:<\/strong> Matryca ryzyka dla Power BI pomaga w ocenie wp\u0142ywu i prawdopodobie\u0144stwa ka\u017cdego ryzyka. U\u017cyj kom\u00f3rek oznaczonych kolorami, aby przedstawi\u0107 wag\u0119 ryzyka. Pozwala to na szybk\u0105 identyfikacj\u0119 obszar\u00f3w o du\u017cym wp\u0142ywie.<\/p>\n\n\n\n<p><strong>\u015aledzenie bud\u017cetu w czasie rzeczywistym:<\/strong> Po\u0142\u0105czenie wizualizacji \u015bledzenia bud\u017cetu z matryc\u0105 ryzyka. Przypisz implikacje bud\u017cetowe do ka\u017cdego zidentyfikowanego ryzyka, zapewniaj\u0105c kompleksowy przegl\u0105d potencjalnych skutk\u00f3w finansowych. W miar\u0119 ewolucji ryzyka, wizualizacje bud\u017cetu s\u0105 aktualizowane w czasie rzeczywistym, zapewniaj\u0105c dok\u0142adne monitorowanie finansowe.<\/p>\n\n\n\n<p><strong>Drill-through do szczeg\u00f3\u0142owej analizy:<\/strong> Rozwijaj Matryc\u0119 Ryzyka poprzez funkcje dr\u0105\u017cenia. G\u0142\u0119bokie zag\u0142\u0119bienie si\u0119 w okre\u015blone ryzyko mo\u017ce obejmowa\u0107 szczeg\u00f3\u0142ow\u0105 analiz\u0119, wy\u015bwietlanie odpowiednich implikacji finansowych i wymaganych strategii \u0142agodzenia.<\/p>\n\n\n\n<div class=\"wp-block-buttons is-layout-flex wp-block-buttons-is-layout-flex\">\n<div class=\"wp-block-button has-custom-font-size\" style=\"font-size:18px\"><a class=\"wp-block-button__link has-background wp-element-button\" href=\"https:\/\/www.leaplytics.de\/pl\/strona-glowna\/zarzadzanie-projektami-niestandardowe-wizualizacje-microsoft-powerbi\/niestandardowa-wizualizacja-mapy-ryzyka-dla-power-bi\/\" style=\"background-color:#22316d\">Sprawd\u017a nasz\u0105 niestandardow\u0105 wizualn\u0105 matryc\u0119 ryzyka dla Power BI tutaj!<\/a><\/div>\n<\/div>\n\n\n\n<p><\/p>\n\n\n\n<p class=\"has-medium-font-size\">12. <strong>Elastyczna reakcja na zmiany:<\/strong><\/p>\n\n\n\n<p>Mo\u017cliwo\u015bci Power BI w zakresie danych w czasie rzeczywistym pozwalaj\u0105 szybko reagowa\u0107 na zmiany. Wizualizacja danych pozwala zidentyfikowa\u0107 potencjalne problemy, umo\u017cliwiaj\u0105c proaktywne podejmowanie decyzji i korygowanie kurs\u00f3w.<\/p>\n\n\n\n<p class=\"has-medium-font-size\">13. <strong>Raport z post\u0119p\u00f3w:<\/strong><\/p>\n\n\n\n<p>Tw\u00f3rz wizualizacje dla interesariuszy, aby zapewni\u0107 regularne aktualizacje i raporty o stanie. Eksportowanie wizualizacji do programu PowerPoint sprawi, \u017ce regularne spotkania dotycz\u0105ce statusu stan\u0105 si\u0119 dziecinnie proste. Us\u0142uga Power BI umo\u017cliwia dostosowywanie raport\u00f3w na podstawie preferencji interesariuszy, zwi\u0119kszaj\u0105c przejrzysto\u015b\u0107 i zaufanie.<\/p>\n\n\n\n<p class=\"has-medium-font-size\">14. <strong>Organizowanie cotygodniowych spotka\u0144 zespo\u0142u:<\/strong><\/p>\n\n\n\n<p>U\u017cyj Power BI, aby zorganizowa\u0107 spotkania zespo\u0142u wok\u00f3\u0142 kluczowych wska\u017anik\u00f3w. Wizualizuj dane dotycz\u0105ce wydajno\u015bci, omawiaj nieosi\u0105gni\u0119te cele i \u015bwi\u0119tuj sukcesy. Narz\u0119dzie to pomaga skupi\u0107 si\u0119 na kluczowych dzia\u0142aniach i utrzymuje zesp\u00f3\u0142 w harmonii.<\/p>\n\n\n\n<p class=\"has-medium-font-size\">15. <strong>Zarz\u0105dzanie problemami:<\/strong><\/p>\n\n\n\n<p>Wizualizacje Power BI mog\u0105 pom\u00f3c w identyfikacji i zarz\u0105dzaniu pojawiaj\u0105cymi si\u0119 problemami. Obserwuj dynamik\u0119 zespo\u0142u i wska\u017aniki projektu, aby rozwi\u0105zywa\u0107 problemy przed ich eskalacj\u0105. W tym przypadku matryca ryzyka pomaga \u015bledzi\u0107 i eliminowa\u0107 zagro\u017cenia, aby zapobiec niekorzystnym skutkom.<\/p>\n\n\n\n<h3 class=\"wp-block-heading\" style=\"font-size:30px\">Faza zamkni\u0119cia projektu<\/h3>\n\n\n\n<p class=\"has-medium-font-size\">16. <strong>Ocena wydajno\u015bci projektu:<\/strong><\/p>\n\n\n\n<p>U\u017cyj Power BI, aby por\u00f3wna\u0107 post\u0119p projektu z pocz\u0105tkowo zdefiniowanym zakresem. Wizualizuj wska\u017aniki wydajno\u015bci, aby zainicjowa\u0107 dyskusje z interesariuszami na temat uko\u0144czenia i sukcesu projektu. Mo\u017cna r\u00f3wnie\u017c por\u00f3wna\u0107 wska\u017aniki projektu z poprzednimi sukcesami lub pora\u017ckami.<\/p>\n\n\n\n<p class=\"has-medium-font-size\">17. <strong>Zamknij projekt:<\/strong><\/p>\n\n\n\n<p>Wizualizacja krok\u00f3w zwi\u0105zanych z zamykaniem projektu. Power BI pomaga w dokumentowaniu i komunikowaniu proces\u00f3w zamykania projekt\u00f3w. W ten spos\u00f3b zapewniamy p\u0142ynne przej\u015bcie rezultat\u00f3w.<\/p>\n\n\n\n<h3 class=\"wp-block-heading\" style=\"font-size:30px\">Podsumowanie<\/h3>\n\n\n\n<p>Zintegruj Power BI z ka\u017cd\u0105 faz\u0105 projektu, aby stworzy\u0107 kompleksowy i dynamiczny pulpit nawigacyjny projektu. Nie ka\u017cda wizualizacja jest niezb\u0119dna, ale zastosowanie Power BI pomo\u017ce ci by\u0107 na bie\u017c\u0105co z projektem na ka\u017cdym etapie. Wzmocnij sw\u00f3j zesp\u00f3\u0142 dzi\u0119ki praktycznym spostrze\u017ceniom, wspieraj wsp\u00f3\u0142prac\u0119 i poruszaj si\u0119 po z\u0142o\u017cono\u015bci zarz\u0105dzania projektami. Sukces projektu nie jest ju\u017c tylko celem, z Power BI to wizualizowana podr\u00f3\u017c.<\/p>\n\n\n\n<p><\/p>\n\n\n\n<hr class=\"wp-block-separator has-alpha-channel-opacity\"\/>\n\n\n\n<p class=\"has-small-font-size\"><sup>1<\/sup> Fazy projektu w tym artykule s\u0105 oparte na nast\u0119puj\u0105cym artykule: <a href=\"https:\/\/hbr.org\/2016\/11\/the-four-phases-of-project-management\">Harvard Business Review. (2016, 3 listopada). <em>Cztery fazy zarz\u0105dzania projektem<\/em>.<\/a><\/p>","protected":false},"excerpt":{"rendered":"<p>W dynamicznym krajobrazie zarz\u0105dzania projektami, gdzie precyzja i przewidywanie s\u0105 najwa\u017cniejsze, wykorzystanie technologii ma kluczowe znaczenie. Microsoft Power BI sta\u0142 si\u0119 prze\u0142omowym rozwi\u0105zaniem. Power BI oferuje kierownikom projekt\u00f3w dynamiczn\u0105 platform\u0119 usprawniaj\u0105c\u0105 ich procesy decyzyjne. W tym kompleksowym przewodniku zbadamy, w jaki spos\u00f3b Power BI mo\u017ce podnie\u015b\u0107 poziom ka\u017cdej fazy1 projektu ... <\/p>","protected":false},"author":55,"featured_media":13133,"parent":0,"menu_order":0,"comment_status":"closed","ping_status":"closed","template":"","meta":{"footnotes":"[]"},"class_list":["post-13130","page","type-page","status-publish","has-post-thumbnail","hentry","latest_post"],"_links":{"self":[{"href":"https:\/\/www.leaplytics.de\/pl\/wp-json\/wp\/v2\/pages\/13130","targetHints":{"allow":["GET"]}}],"collection":[{"href":"https:\/\/www.leaplytics.de\/pl\/wp-json\/wp\/v2\/pages"}],"about":[{"href":"https:\/\/www.leaplytics.de\/pl\/wp-json\/wp\/v2\/types\/page"}],"author":[{"embeddable":true,"href":"https:\/\/www.leaplytics.de\/pl\/wp-json\/wp\/v2\/users\/55"}],"replies":[{"embeddable":true,"href":"https:\/\/www.leaplytics.de\/pl\/wp-json\/wp\/v2\/comments?post=13130"}],"version-history":[{"count":7,"href":"https:\/\/www.leaplytics.de\/pl\/wp-json\/wp\/v2\/pages\/13130\/revisions"}],"predecessor-version":[{"id":13144,"href":"https:\/\/www.leaplytics.de\/pl\/wp-json\/wp\/v2\/pages\/13130\/revisions\/13144"}],"wp:featuredmedia":[{"embeddable":true,"href":"https:\/\/www.leaplytics.de\/pl\/wp-json\/wp\/v2\/media\/13133"}],"wp:attachment":[{"href":"https:\/\/www.leaplytics.de\/pl\/wp-json\/wp\/v2\/media?parent=13130"}],"curies":[{"name":"wp","href":"https:\/\/api.w.org\/{rel}","templated":true}]}}