{"id":13221,"date":"2024-03-05T14:11:00","date_gmt":"2024-03-05T13:11:00","guid":{"rendered":"https:\/\/www.leaplytics.de\/?page_id=13221"},"modified":"2024-03-05T14:11:01","modified_gmt":"2024-03-05T13:11:01","slug":"wizualizacje-przegladarki-tekstu-dla-power-bi","status":"publish","type":"page","link":"https:\/\/www.leaplytics.de\/pl\/wizualizacje-przegladarki-tekstu-dla-power-bi\/","title":{"rendered":"Wizualizacje przegl\u0105darki tekstu dla us\u0142ugi Power BI"},"content":{"rendered":"<p>Oto przegl\u0105d naszych bie\u017c\u0105cych projekt\u00f3w wizualizacji tekstu dla Power BI:<\/p>\n\n\n\n<p><a href=\"https:\/\/www.leaplytics.de\/pl\/przegladarka-tekstu-rtf-visual-dla-power-bi\/\" target=\"_blank\" rel=\"noreferrer noopener\">https:\/\/www.leaplytics.de\/rtf-text-viewer-visual-for-power-b<\/a><a href=\"https:\/\/www.leaplytics.de\/pl\/przegladarka-tekstu-rtf-visual-dla-power-bi\/\">i\/<\/a><br><a href=\"https:\/\/www.leaplytics.de\/pl\/wizualna-przegladarka-tekstu-csv-dla-power-bi\/\">https:\/\/www.leaplytics.de\/csv-text-viewer-visual-for-power-bi\/<\/a><br><a href=\"https:\/\/www.leaplytics.de\/pl\/wizualna-przegladarka-tekstu-html-dla-power-bi\/\">https:\/\/www.leaplytics.de\/html-text-viewer-visual-for-power-bi\/<\/a><br><a href=\"https:\/\/www.leaplytics.de\/pl\/wizualna-przegladarka-tekstu-xml-dla-power-bi\/\">https:\/\/www.leaplytics.de\/xml-text-viewer-visual-for-power-bi\/<\/a><br><a href=\"https:\/\/www.leaplytics.de\/pl\/wizualna-przegladarka-tekstu-json-dla-power-bi\/\">https:\/\/www.leaplytics.de\/json-text-viewer-visual-for-power-bi\/<\/a><br><a href=\"https:\/\/www.leaplytics.de\/pl\/wizualna-przegladarka-tekstu-smartsheet-dla-power-bi\/\">https:\/\/www.leaplytics.de\/smartsheet-text-viewer-visual-for-power-bi\/<\/a><br><a href=\"https:\/\/www.leaplytics.de\/pl\/jira-text-viewer-visual-for-power-bi\/\">https:\/\/www.leaplytics.de\/jira-text-viewer-visual-for-power-bi\/<\/a><br><a href=\"https:\/\/www.leaplytics.de\/pl\/planview-text-viewer-visual-for-power-bi\/\">https:\/\/www.leaplytics.de\/planview-text-viewer-visual-for-power-bi\/<\/a><br><a href=\"https:\/\/www.leaplytics.de\/pl\/monday-com-text-viewer-visual-for-power-bi\/\">https:\/\/www.leaplytics.de\/monday-com-text-viewer-visual-for-power-bi\/<\/a><br><a href=\"https:\/\/www.leaplytics.de\/pl\/przegladarka-tekstu-workfront-visual-dla-power-bi\/\">https:\/\/www.leaplytics.de\/workfront-text-viewer-visual-for-power-bi\/<\/a><br><a href=\"https:\/\/www.leaplytics.de\/pl\/primavera-text-viewer-visual-for-power-bi\/\">https:\/\/www.leaplytics.de\/primavera-text-viewer-visual-for-power-bi\/<\/a><br><a href=\"https:\/\/www.leaplytics.de\/pl\/planisware-text-viewer-visual-for-power-bi\/\">https:\/\/www.leaplytics.de\/planisware-text-viewer-visual-for-power-bi\/<\/a><br><a href=\"https:\/\/www.leaplytics.de\/pl\/przegladarka-tekstu-opentext-visual-dla-power-bi\/\">https:\/\/www.leaplytics.de\/opentext-text-viewer-visual-for-power-bi\/<\/a><br><a href=\"https:\/\/www.leaplytics.de\/pl\/format-tekst-przegladarka-wizualna-dla-power-bi\/\">https:\/\/www.leaplytics.de\/format-text-viewer-visual-for-power-bi\/<\/a><br><a href=\"https:\/\/www.leaplytics.de\/pl\/przegladarka-tekstu-clickup-visual-dla-power-bi\/\">https:\/\/www.leaplytics.de\/clickup-text-viewer-visual-for-power-bi\/<\/a><\/p>","protected":false},"excerpt":{"rendered":"<p>Oto przegl\u0105d naszych bie\u017c\u0105cych projekt\u00f3w wizualizacji tekstu dla Power BI: https:\/\/www.leaplytics.de\/rtf-text-viewer-visual-for-power-bi\/https:\/\/www.leaplytics.de\/csv-text-viewer-visual-for-power-bi\/https:\/\/www.leaplytics.de\/html-text-viewer-visual-for-power-bi\/https:\/\/www.leaplytics.de\/xml-text-viewer-visual-for-power-bi\/https:\/\/www.leaplytics.de\/json-text-viewer-visual-for-power-bi\/https:\/\/www.leaplytics.de\/smartsheet-text-viewer-visual-for-power-bi\/https:\/\/www.leaplytics.de\/jira-text-viewer-visual-for-power-bi\/https:\/\/www.leaplytics.de\/planview-text-viewer-visual-for-power-bi\/https:\/\/www.leaplytics.de\/monday-com-text-viewer-visual-for-power-bi\/https:\/\/www.leaplytics.de\/workfront-text-viewer-visual-for-power-bi\/https:\/\/www.leaplytics.de\/primavera-text-viewer-visual-for-power-bi\/https:\/\/www.leaplytics.de\/planisware-text-viewer-visual-for-power-bi\/https:\/\/www.leaplytics.de\/opentext-text-viewer-visual-for-power-bi\/https:\/\/www.leaplytics.de\/format-text-viewer-visual-for-power-bi\/https:\/\/www.leaplytics.de\/clickup-<\/p>","protected":false},"author":2,"featured_media":0,"parent":0,"menu_order":0,"comment_status":"closed","ping_status":"closed","template":"","meta":{"footnotes":""},"class_list":["post-13221","page","type-page","status-publish","hentry","latest_post"],"_links":{"self":[{"href":"https:\/\/www.leaplytics.de\/pl\/wp-json\/wp\/v2\/pages\/13221","targetHints":{"allow":["GET"]}}],"collection":[{"href":"https:\/\/www.leaplytics.de\/pl\/wp-json\/wp\/v2\/pages"}],"about":[{"href":"https:\/\/www.leaplytics.de\/pl\/wp-json\/wp\/v2\/types\/page"}],"author":[{"embeddable":true,"href":"https:\/\/www.leaplytics.de\/pl\/wp-json\/wp\/v2\/users\/2"}],"replies":[{"embeddable":true,"href":"https:\/\/www.leaplytics.de\/pl\/wp-json\/wp\/v2\/comments?post=13221"}],"version-history":[{"count":1,"href":"https:\/\/www.leaplytics.de\/pl\/wp-json\/wp\/v2\/pages\/13221\/revisions"}],"predecessor-version":[{"id":13222,"href":"https:\/\/www.leaplytics.de\/pl\/wp-json\/wp\/v2\/pages\/13221\/revisions\/13222"}],"wp:attachment":[{"href":"https:\/\/www.leaplytics.de\/pl\/wp-json\/wp\/v2\/media?parent=13221"}],"curies":[{"name":"wp","href":"https:\/\/api.w.org\/{rel}","templated":true}]}}