{"id":13321,"date":"2024-04-09T20:47:19","date_gmt":"2024-04-09T18:47:19","guid":{"rendered":"https:\/\/www.leaplytics.de\/?page_id=13321"},"modified":"2024-04-17T15:17:27","modified_gmt":"2024-04-17T13:17:27","slug":"matryca-mozliwosci-dla-power-bi","status":"publish","type":"page","link":"https:\/\/www.leaplytics.de\/pl\/matryca-mozliwosci-dla-power-bi\/","title":{"rendered":"Matryca mo\u017cliwo\u015bci dla Power BI - wykorzystanie do odblokowania przewagi konkurencyjnej"},"content":{"rendered":"<p>Dla os\u00f3b zarz\u0105dzaj\u0105cych projektami i ryzykiem, wykorzystywanie szans jest r\u00f3wnie wa\u017cne jak ograniczanie ryzyka. Dostosowuj\u0105c nasz\u0105 wizualizacj\u0119 matrycy ryzyka do Power BI, mo\u017cemy przekszta\u0142ci\u0107 j\u0105 w matryc\u0119 szans. Takie podej\u015bcie pozwala zidentyfikowa\u0107 i wykorzysta\u0107 mo\u017cliwo\u015bci, kt\u00f3re zapewniaj\u0105 przewag\u0119 konkurencyjn\u0105.<\/p>\n\n\n\n<figure class=\"wp-block-embed is-type-video is-provider-youtube wp-block-embed-youtube wp-embed-aspect-16-9 wp-has-aspect-ratio\"><div class=\"wp-block-embed__wrapper\">\n<iframe loading=\"lazy\" title=\"Macierz mo\u017cliwo\u015bci dla Power BI - LeapLytics\" width=\"770\" height=\"433\" src=\"https:\/\/www.youtube.com\/embed\/VzEAOzIjrZY?feature=oembed\" frameborder=\"0\" allow=\"accelerometer; autoplay; clipboard-write; encrypted-media; gyroscope; picture-in-picture; web-share\" referrerpolicy=\"strict-origin-when-cross-origin\" allowfullscreen><\/iframe>\n<\/div><figcaption class=\"wp-element-caption\">W naszym filmie na YouTube pokazujemy, jak skonfigurowa\u0107 macierz szans w Power BI.<\/figcaption><\/figure>\n\n\n\n<h3 class=\"wp-block-heading has-medium-font-size\"><strong>Dlaczego zarz\u0105dzanie szansami ma znaczenie<\/strong><\/h3>\n\n\n\n<p>Zarz\u0105dzanie szansami jest niezb\u0119dne dla firm d\u0105\u017c\u0105cych do zr\u00f3wnowa\u017conego wzrostu i przewagi konkurencyjnej. Polega na identyfikowaniu i wykorzystywaniu nadarzaj\u0105cych si\u0119 okazji. Organizacje mog\u0105 wykorzystywa\u0107 trendy rynkowe, innowacje i pojawiaj\u0105ce si\u0119 technologie. Pozwala to r\u00f3wnie\u017c na ci\u0105g\u0142e doskonalenie jako\u015bci produkt\u00f3w i us\u0142ug. Co wi\u0119cej, skuteczne zarz\u0105dzanie szansami pozwala firmom wyprzedza\u0107 konkurencj\u0119. Dostosowanie si\u0119 do zmieniaj\u0105cych si\u0119 potrzeb i preferencji klient\u00f3w ma kluczowe znaczenie.<\/p>\n\n\n\n<h3 class=\"wp-block-heading has-medium-font-size\"><strong>Identyfikacja mo\u017cliwo\u015bci z r\u00f3\u017cnych \u017ar\u00f3de\u0142<\/strong><\/h3>\n\n\n\n<p>Aby zidentyfikowa\u0107 mo\u017cliwo\u015bci, musimy wykorzysta\u0107 wszystkie znane nam \u017ar\u00f3d\u0142a.<\/p>\n\n\n\n<div class=\"wp-block-columns is-layout-flex wp-container-core-columns-is-layout-1 wp-block-columns-is-layout-flex\">\n<div class=\"wp-block-column is-layout-flow wp-block-column-is-layout-flow\" style=\"flex-basis:2%\">\n<p><strong>1.<\/strong><\/p>\n<\/div>\n\n\n\n<div class=\"wp-block-column is-layout-flow wp-block-column-is-layout-flow\" style=\"flex-basis:98%\">\n<p><strong>Oce\u0144 swoj\u0105 konkurencj\u0119:<\/strong> Ocena otoczenia biznesowego polega na analizie mocnych i s\u0142abych stron konkurencji, jej pozycji rynkowej i strategii. Benchmarking lub analiza SWOT mog\u0105 by\u0107 pot\u0119\u017cnymi narz\u0119dziami. Uzyskanie wgl\u0105du w najlepsze praktyki konkurencji mo\u017ce ujawni\u0107 potencjalne mo\u017cliwo\u015bci.<\/p>\n<\/div>\n<\/div>\n\n\n\n<div class=\"wp-block-columns is-layout-flex wp-container-core-columns-is-layout-2 wp-block-columns-is-layout-flex\">\n<div class=\"wp-block-column is-layout-flow wp-block-column-is-layout-flow\" style=\"flex-basis:2%\">\n<p><strong>2.<\/strong><\/p>\n<\/div>\n\n\n\n<div class=\"wp-block-column is-layout-flow wp-block-column-is-layout-flow\" style=\"flex-basis:98%\">\n<p><strong>Zrozumienie potrzeb klienta z wyprzedzeniem: <\/strong>B\u0105d\u017a na bie\u017c\u0105co z trendami rynkowymi, zachowaniami konsument\u00f3w i pojawiaj\u0105cymi si\u0119 preferencjami. Badania rynku, opinie klient\u00f3w i analiza wzorc\u00f3w zakupowych pomagaj\u0105 przewidywa\u0107 potrzeby klient\u00f3w.<\/p>\n<\/div>\n<\/div>\n\n\n\n<div class=\"wp-block-columns is-layout-flex wp-container-core-columns-is-layout-3 wp-block-columns-is-layout-flex\">\n<div class=\"wp-block-column is-layout-flow wp-block-column-is-layout-flow\" style=\"flex-basis:2%\">\n<p><strong>3.<\/strong><\/p>\n<\/div>\n\n\n\n<div class=\"wp-block-column is-layout-flow wp-block-column-is-layout-flow\" style=\"flex-basis:98%\">\n<p><strong>Zach\u0119canie do innowacji i wdra\u017canie praktyk dzielenia si\u0119 wiedz\u0105:<\/strong> Wspieranie kultury innowacji i kreatywno\u015bci. \u0141\u0105czenie ludzi z r\u00f3\u017cnych segment\u00f3w mo\u017ce by\u0107 g\u0142\u00f3wnym motorem dzielenia si\u0119 wiedz\u0105. Mo\u017ce to prowadzi\u0107 do bardziej innowacyjnych pomys\u0142\u00f3w dzi\u0119ki nieszablonowemu my\u015bleniu.<\/p>\n<\/div>\n<\/div>\n\n\n\n<div class=\"wp-block-columns is-layout-flex wp-container-core-columns-is-layout-4 wp-block-columns-is-layout-flex\">\n<div class=\"wp-block-column is-layout-flow wp-block-column-is-layout-flow\" style=\"flex-basis:2%\">\n<p><strong>4.<\/strong><\/p>\n<\/div>\n\n\n\n<div class=\"wp-block-column is-layout-flow wp-block-column-is-layout-flow\" style=\"flex-basis:98%\">\n<p><strong>Zidentyfikuj luzy i znajd\u017a ich przyczyny:<\/strong> Luz odnosi si\u0119 do niewykorzystanych zasob\u00f3w, proces\u00f3w lub mo\u017cliwo\u015bci w organizacji. Celem jest identyfikacja obszar\u00f3w luzu i zbadanie ich przyczyn \u017ar\u00f3d\u0142owych. W ten spos\u00f3b mo\u017cna odkry\u0107 ukryte mo\u017cliwo\u015bci optymalizacji i poprawy. Audyty proces\u00f3w i opinie pracownik\u00f3w mog\u0105 s\u0142u\u017cy\u0107 jako strategie identyfikacji.<\/p>\n<\/div>\n<\/div>\n\n\n\n<div class=\"wp-block-columns is-layout-flex wp-container-core-columns-is-layout-5 wp-block-columns-is-layout-flex\">\n<div class=\"wp-block-column is-layout-flow wp-block-column-is-layout-flow\" style=\"flex-basis:2%\">\n<p><strong>5.<\/strong><\/p>\n<\/div>\n\n\n\n<div class=\"wp-block-column is-layout-flow wp-block-column-is-layout-flow\" style=\"flex-basis:98%\">\n<p><strong>Nie zapominaj o ryzyku, bo mo\u017ce ono przes\u0142oni\u0107 mo\u017cliwo\u015bci: <\/strong>Ryzyko jest zwykle postrzegane jako potencjalne zagro\u017cenie dla dzia\u0142alno\u015bci biznesowej. Mog\u0105 one jednak r\u00f3wnie\u017c odkrywa\u0107 ukryte mo\u017cliwo\u015bci. Analizuj\u0105c ryzyka i zarz\u0105dzaj\u0105c nimi, warto rozwa\u017cy\u0107 mo\u017cliwo\u015b\u0107 przekszta\u0142cenia niekt\u00f3rych z nich w szanse. Na przyk\u0142ad sta\u0142e zagro\u017cenia cyberbezpiecze\u0144stwa mog\u0105 prowadzi\u0107 do wi\u0119kszego zaufania i lojalno\u015bci klient\u00f3w.<\/p>\n<\/div>\n<\/div>\n\n\n\n<div class=\"wp-block-columns is-layout-flex wp-container-core-columns-is-layout-6 wp-block-columns-is-layout-flex\">\n<div class=\"wp-block-column is-layout-flow wp-block-column-is-layout-flow\" style=\"flex-basis:2%\">\n<p><strong>6.<\/strong><\/p>\n<\/div>\n\n\n\n<div class=\"wp-block-column is-layout-flow wp-block-column-is-layout-flow\" style=\"flex-basis:98%\">\n<p><strong>Zosta\u0144 pionierem zr\u00f3wnowa\u017conego rozwoju w swojej bran\u017cy:<\/strong> Zr\u00f3wnowa\u017cony rozw\u00f3j mo\u017ce otworzy\u0107 nowe mo\u017cliwo\u015bci w zakresie innowacji, oszcz\u0119dno\u015bci koszt\u00f3w i r\u00f3\u017cnicowania. Zidentyfikuj sposoby na redukcj\u0119 emisji i optymalizacj\u0119 wykorzystania zasob\u00f3w. Rezultatem b\u0119d\u0105 oszcz\u0119dno\u015bci koszt\u00f3w, lojalno\u015b\u0107 klient\u00f3w i lepsza reputacja marki.<\/p>\n<\/div>\n<\/div>\n\n\n\n<h3 class=\"wp-block-heading has-medium-font-size\"><strong>Korzy\u015bci z zarz\u0105dzania szansami<\/strong><\/h3>\n\n\n\n<p>Skuteczne zarz\u0105dzanie mo\u017cliwo\u015bciami oferuje wiele korzy\u015bci. W tym zwi\u0119kszon\u0105 rentowno\u015b\u0107, lepsz\u0105 pozycj\u0119 rynkow\u0105, wi\u0119ksz\u0105 satysfakcj\u0119 klient\u00f3w i zr\u00f3wnowa\u017cony rozw\u00f3j biznesu. Poprzez proaktywne identyfikowanie i wykorzystywanie mo\u017cliwo\u015bci, organizacje mog\u0105 nap\u0119dza\u0107 innowacje. Wspieraj\u0105 kultur\u0119 ci\u0105g\u0142ego doskonalenia i maksymalizuj\u0105 swoj\u0105 przewag\u0119 konkurencyjn\u0105.<\/p>\n\n\n\n<h3 class=\"wp-block-heading has-medium-font-size\"><strong>Zrozumienie matrycy mo\u017cliwo\u015bci<\/strong><\/h3>\n\n\n\n<p>W swej istocie Matryca Mo\u017cliwo\u015bci odzwierciedla znan\u0105 Matryc\u0119 Ryzyka. Ocenia potencjalne mo\u017cliwo\u015bci w odniesieniu do ich prawdopodobie\u0144stwa i wp\u0142ywu. Matryca u\u0142atwia wykrywanie, ocen\u0119 i zarz\u0105dzanie mo\u017cliwo\u015bciami. Prowadzenie organizacji w kierunku zwi\u0119kszonej wydajno\u015bci i wzrostu jest najwy\u017cszym priorytetem.<\/p>\n\n\n\n<div class=\"wp-block-columns is-layout-flex wp-container-core-columns-is-layout-7 wp-block-columns-is-layout-flex\">\n<div class=\"wp-block-column is-vertically-aligned-center is-layout-flow wp-block-column-is-layout-flow\" style=\"flex-basis:150px\">\n<figure class=\"wp-block-image size-full is-resized\"><img loading=\"lazy\" decoding=\"async\" width=\"255\" height=\"259\" src=\"https:\/\/www.leaplytics.de\/wp-content\/uploads\/2024\/04\/Bild3.jpg\" alt=\"\" class=\"wp-image-13324\" style=\"width:100px\" srcset=\"https:\/\/www.leaplytics.de\/wp-content\/uploads\/2024\/04\/Bild3.jpg 255w, https:\/\/www.leaplytics.de\/wp-content\/uploads\/2024\/04\/Bild3-59x60.jpg 59w\" sizes=\"auto, (max-width: 255px) 100vw, 255px\" \/><\/figure>\n<\/div>\n\n\n\n<div class=\"wp-block-column is-layout-flow wp-block-column-is-layout-flow\" style=\"flex-basis:66.66%\">\n<p><strong>Opcja podpowiedzi po najechaniu mysz\u0105<\/strong><\/p>\n\n\n\n<p>Najechanie kursorem na punkty danych ujawnia szczeg\u00f3\u0142owe informacje. Pozwala to u\u017cytkownikom zag\u0142\u0119bi\u0107 si\u0119 w konkretne mo\u017cliwo\u015bci. Funkcja ta usprawnia podejmowanie decyzji, zapewniaj\u0105c kompleksowy wgl\u0105d na pierwszy rzut oka.<\/p>\n<\/div>\n<\/div>\n\n\n\n<div class=\"wp-block-columns is-layout-flex wp-container-core-columns-is-layout-8 wp-block-columns-is-layout-flex\">\n<div class=\"wp-block-column is-vertically-aligned-center is-layout-flow wp-block-column-is-layout-flow\" style=\"flex-basis:150px\">\n<figure class=\"wp-block-image size-large is-resized\"><img loading=\"lazy\" decoding=\"async\" width=\"1024\" height=\"1024\" src=\"https:\/\/www.leaplytics.de\/wp-content\/uploads\/2022\/06\/Indicator-Settings-1024x1024.png\" alt=\"\" class=\"wp-image-8461\" style=\"width:128px;height:auto\" srcset=\"https:\/\/www.leaplytics.de\/wp-content\/uploads\/2022\/06\/Indicator-Settings-1024x1024.png 1024w, https:\/\/www.leaplytics.de\/wp-content\/uploads\/2022\/06\/Indicator-Settings-300x300.png 300w, https:\/\/www.leaplytics.de\/wp-content\/uploads\/2022\/06\/Indicator-Settings-150x150.png 150w, https:\/\/www.leaplytics.de\/wp-content\/uploads\/2022\/06\/Indicator-Settings-768x768.png 768w, https:\/\/www.leaplytics.de\/wp-content\/uploads\/2022\/06\/Indicator-Settings-1536x1536.png 1536w, https:\/\/www.leaplytics.de\/wp-content\/uploads\/2022\/06\/Indicator-Settings-370x370.png 370w, https:\/\/www.leaplytics.de\/wp-content\/uploads\/2022\/06\/Indicator-Settings-60x60.png 60w, https:\/\/www.leaplytics.de\/wp-content\/uploads\/2022\/06\/Indicator-Settings.png 1854w\" sizes=\"auto, (max-width: 1024px) 100vw, 1024px\" \/><\/figure>\n<\/div>\n\n\n\n<div class=\"wp-block-column is-layout-flow wp-block-column-is-layout-flow\">\n<p class=\"has-medium-font-size\"><strong>Formatowanie warunkowe<\/strong><\/p>\n\n\n\n<p>U\u017cyj regu\u0142 formatowania warunkowego, aby wyr\u00f3\u017cni\u0107 istotne mo\u017cliwo\u015bci w oparciu o wcze\u015bniej zdefiniowane kryteria. Funkcja ta zwi\u0119ksza widoczno\u015b\u0107 i priorytetyzuje przydatne informacje na potrzeby planowania strategicznego i realizacji. Dodatkowo, formatowanie warunkowe mo\u017ce rozszerzy\u0107 macierz o inny wymiar. Na przyk\u0142ad poprzez ocen\u0119 wykonalno\u015bci ka\u017cdej mo\u017cliwo\u015bci za pomoc\u0105 kod\u00f3w kolorystycznych. R\u00f3\u017cne odcienie kolor\u00f3w mog\u0105 reprezentowa\u0107 r\u00f3\u017cne poziomy wykonalno\u015bci. Zapewnia to interesariuszom cenny wgl\u0105d w wykonalno\u015b\u0107 ka\u017cdej mo\u017cliwo\u015bci.<\/p>\n<\/div>\n<\/div>\n\n\n\n<div class=\"wp-block-columns is-layout-flex wp-container-core-columns-is-layout-9 wp-block-columns-is-layout-flex\">\n<div class=\"wp-block-column is-vertically-aligned-center is-layout-flow wp-block-column-is-layout-flow\" style=\"flex-basis:150px\">\n<figure class=\"wp-block-image size-full is-resized\"><img loading=\"lazy\" decoding=\"async\" width=\"355\" height=\"218\" src=\"https:\/\/www.leaplytics.de\/wp-content\/uploads\/2024\/04\/Bild2.jpg\" alt=\"\" class=\"wp-image-13323\" style=\"width:128px\" srcset=\"https:\/\/www.leaplytics.de\/wp-content\/uploads\/2024\/04\/Bild2.jpg 355w, https:\/\/www.leaplytics.de\/wp-content\/uploads\/2024\/04\/Bild2-300x184.jpg 300w, https:\/\/www.leaplytics.de\/wp-content\/uploads\/2024\/04\/Bild2-98x60.jpg 98w\" sizes=\"auto, (max-width: 355px) 100vw, 355px\" \/><\/figure>\n<\/div>\n\n\n\n<div class=\"wp-block-column is-layout-flow wp-block-column-is-layout-flow\" style=\"flex-basis:66.66%\">\n<p><strong>Opcja drill-through zapewniaj\u0105ca wi\u0119cej informacji<\/strong><\/p>\n\n\n\n<p>Poruszaj si\u0119 po warstwach danych za pomoc\u0105 funkcji dr\u0105\u017cenia. Umo\u017cliwia ona u\u017cytkownikom zbadanie podstawowych czynnik\u00f3w wp\u0142ywaj\u0105cych na ka\u017cd\u0105 okazj\u0119. Ta funkcja g\u0142\u0119bokiego nurkowania sprzyja dog\u0142\u0119bnemu zrozumieniu potencjalnych czynnik\u00f3w i implikacji.<\/p>\n<\/div>\n<\/div>\n\n\n\n<div class=\"wp-block-columns is-layout-flex wp-container-core-columns-is-layout-10 wp-block-columns-is-layout-flex\">\n<div class=\"wp-block-column is-vertically-aligned-center is-layout-flow wp-block-column-is-layout-flow\" style=\"flex-basis:150px\">\n<figure class=\"wp-block-image size-large is-resized\"><img loading=\"lazy\" decoding=\"async\" width=\"1024\" height=\"1024\" src=\"https:\/\/www.leaplytics.de\/wp-content\/uploads\/2022\/05\/Color-Settings-1024x1024.png\" alt=\"\" class=\"wp-image-7710\" style=\"width:128px\" srcset=\"https:\/\/www.leaplytics.de\/wp-content\/uploads\/2022\/05\/Color-Settings-1024x1024.png 1024w, https:\/\/www.leaplytics.de\/wp-content\/uploads\/2022\/05\/Color-Settings-300x300.png 300w, https:\/\/www.leaplytics.de\/wp-content\/uploads\/2022\/05\/Color-Settings-150x150.png 150w, https:\/\/www.leaplytics.de\/wp-content\/uploads\/2022\/05\/Color-Settings-768x768.png 768w, https:\/\/www.leaplytics.de\/wp-content\/uploads\/2022\/05\/Color-Settings-1536x1536.png 1536w, https:\/\/www.leaplytics.de\/wp-content\/uploads\/2022\/05\/Color-Settings-2048x2048.png 2048w, https:\/\/www.leaplytics.de\/wp-content\/uploads\/2022\/05\/Color-Settings-370x370.png 370w, https:\/\/www.leaplytics.de\/wp-content\/uploads\/2022\/05\/Color-Settings-60x60.png 60w, https:\/\/www.leaplytics.de\/wp-content\/uploads\/2022\/05\/Color-Settings-600x600.png 600w, https:\/\/www.leaplytics.de\/wp-content\/uploads\/2022\/05\/Color-Settings-100x100.png 100w\" sizes=\"auto, (max-width: 1024px) 100vw, 1024px\" \/><\/figure>\n<\/div>\n\n\n\n<div class=\"wp-block-column is-layout-flow wp-block-column-is-layout-flow\" style=\"flex-basis:66.66%\">\n<p><strong>Niestandardowy projekt kolorystyczny<\/strong><\/p>\n\n\n\n<p>Spersonalizuj matryc\u0119 za pomoc\u0105 niestandardowych schemat\u00f3w kolor\u00f3w. Zwi\u0119ksza to przejrzysto\u015b\u0107 i umo\u017cliwia dostosowanie do indywidualnych wymaga\u0144.<\/p>\n<\/div>\n<\/div>\n\n\n\n<div class=\"wp-block-columns is-layout-flex wp-container-core-columns-is-layout-11 wp-block-columns-is-layout-flex\">\n<div class=\"wp-block-column is-vertically-aligned-center is-layout-flow wp-block-column-is-layout-flow\" style=\"flex-basis:150px\">\n<figure class=\"wp-block-image size-large\"><img loading=\"lazy\" decoding=\"async\" width=\"1024\" height=\"1018\" src=\"https:\/\/www.leaplytics.de\/wp-content\/uploads\/2022\/06\/Axis-Settings-1024x1018.png\" alt=\"\" class=\"wp-image-8460\" srcset=\"https:\/\/www.leaplytics.de\/wp-content\/uploads\/2022\/06\/Axis-Settings-1024x1018.png 1024w, https:\/\/www.leaplytics.de\/wp-content\/uploads\/2022\/06\/Axis-Settings-300x298.png 300w, https:\/\/www.leaplytics.de\/wp-content\/uploads\/2022\/06\/Axis-Settings-150x150.png 150w, https:\/\/www.leaplytics.de\/wp-content\/uploads\/2022\/06\/Axis-Settings-768x763.png 768w, https:\/\/www.leaplytics.de\/wp-content\/uploads\/2022\/06\/Axis-Settings-1536x1527.png 1536w, https:\/\/www.leaplytics.de\/wp-content\/uploads\/2022\/06\/Axis-Settings-60x60.png 60w, https:\/\/www.leaplytics.de\/wp-content\/uploads\/2022\/06\/Axis-Settings.png 1827w\" sizes=\"auto, (max-width: 1024px) 100vw, 1024px\" \/><\/figure>\n<\/div>\n\n\n\n<div class=\"wp-block-column is-layout-flow wp-block-column-is-layout-flow\" style=\"flex-basis:66.66%\">\n<p><strong>Konfigurowalne ustawienia siatki, osi i wska\u017anik\u00f3w<\/strong><\/p>\n\n\n\n<p>Dostosuj uk\u0142ad matrycy do preferencji organizacyjnych i konkretnych wymaga\u0144 projektu. Dostosuj linie siatki, etykiety osi i znaczniki wska\u017anik\u00f3w, aby zoptymalizowa\u0107 czytelno\u015b\u0107 i przejrzysto\u015b\u0107.<\/p>\n<\/div>\n<\/div>\n\n\n\n<div class=\"wp-block-buttons is-layout-flex wp-block-buttons-is-layout-flex\">\n<div class=\"wp-block-button has-custom-font-size\" style=\"font-size:18px\"><a class=\"wp-block-button__link has-background wp-element-button\" href=\"https:\/\/www.leaplytics.de\/pl\/strona-glowna\/zarzadzanie-projektami-niestandardowe-wizualizacje-microsoft-powerbi\/niestandardowa-wizualizacja-mapy-ryzyka-dla-power-bi\/\" style=\"background-color:#22316d\">Kliknij tutaj, aby przej\u015b\u0107 do naszej niestandardowej wizualnej matrycy ryzyka dla Power BI!<\/a><\/div>\n<\/div>\n\n\n\n<figure class=\"wp-block-image size-full\"><img loading=\"lazy\" decoding=\"async\" width=\"152\" height=\"37\" src=\"https:\/\/www.leaplytics.de\/wp-content\/uploads\/2022\/05\/PBI-Certified.png\" alt=\"\" class=\"wp-image-8358\" srcset=\"https:\/\/www.leaplytics.de\/wp-content\/uploads\/2022\/05\/PBI-Certified.png 152w, https:\/\/www.leaplytics.de\/wp-content\/uploads\/2022\/05\/PBI-Certified-150x37.png 150w\" sizes=\"auto, (max-width: 152px) 100vw, 152px\" \/><\/figure>\n\n\n\n<p><\/p>\n\n\n\n<h3 class=\"wp-block-heading has-medium-font-size\"><strong>Odblokowanie przewagi konkurencyjnej<\/strong><\/h3>\n\n\n\n<p>Firmy zyskuj\u0105 strategiczn\u0105 przewag\u0119 na dzisiejszym rynku dzi\u0119ki wykorzystaniu Matrycy Szans. Proaktywne identyfikowanie mo\u017cliwo\u015bci i zarz\u0105dzanie nimi nap\u0119dza innowacje, wzrost i trwa\u0142\u0105 przewag\u0119. Matryca mo\u017cliwo\u015bci Power BI pozwala firmom zarz\u0105dza\u0107 mo\u017cliwo\u015bciami za pomoc\u0105 intuicyjnych funkcji.<\/p>\n\n\n\n<h3 class=\"wp-block-heading has-medium-font-size\"><strong>Wnioski<\/strong><\/h3>\n\n\n\n<p>Matryca szans to pot\u0119\u017cne narz\u0119dzie do podejmowania strategicznych decyzji. Pozwala organizacjom osi\u0105gn\u0105\u0107 trwa\u0142\u0105 przewag\u0119 konkurencyjn\u0105. Dzi\u0119ki rozbudowanym funkcjom pozwala organizacjom prosperowa\u0107 na konkurencyjnym rynku. Wykorzystaj j\u0105 do rozwoju i innowacji, odblokowuj\u0105c ukryty potencja\u0142.<\/p>","protected":false},"excerpt":{"rendered":"<p>Dla os\u00f3b zarz\u0105dzaj\u0105cych projektami i ryzykiem, wykorzystywanie szans jest r\u00f3wnie wa\u017cne jak ograniczanie ryzyka. Dostosowuj\u0105c nasz\u0105 wizualizacj\u0119 matrycy ryzyka do Power BI, mo\u017cemy przekszta\u0142ci\u0107 j\u0105 w matryc\u0119 szans. Takie podej\u015bcie pozwala zidentyfikowa\u0107 i wykorzysta\u0107 mo\u017cliwo\u015bci, kt\u00f3re zapewniaj\u0105 przewag\u0119 konkurencyjn\u0105. Dlaczego zarz\u0105dzanie szansami ma znaczenie Zarz\u0105dzanie szansami jest niezb\u0119dne dla firm, kt\u00f3re chc\u0105 ... <\/p>","protected":false},"author":55,"featured_media":13426,"parent":0,"menu_order":0,"comment_status":"closed","ping_status":"closed","template":"","meta":{"footnotes":""},"class_list":["post-13321","page","type-page","status-publish","has-post-thumbnail","hentry","latest_post"],"_links":{"self":[{"href":"https:\/\/www.leaplytics.de\/pl\/wp-json\/wp\/v2\/pages\/13321","targetHints":{"allow":["GET"]}}],"collection":[{"href":"https:\/\/www.leaplytics.de\/pl\/wp-json\/wp\/v2\/pages"}],"about":[{"href":"https:\/\/www.leaplytics.de\/pl\/wp-json\/wp\/v2\/types\/page"}],"author":[{"embeddable":true,"href":"https:\/\/www.leaplytics.de\/pl\/wp-json\/wp\/v2\/users\/55"}],"replies":[{"embeddable":true,"href":"https:\/\/www.leaplytics.de\/pl\/wp-json\/wp\/v2\/comments?post=13321"}],"version-history":[{"count":11,"href":"https:\/\/www.leaplytics.de\/pl\/wp-json\/wp\/v2\/pages\/13321\/revisions"}],"predecessor-version":[{"id":13424,"href":"https:\/\/www.leaplytics.de\/pl\/wp-json\/wp\/v2\/pages\/13321\/revisions\/13424"}],"wp:featuredmedia":[{"embeddable":true,"href":"https:\/\/www.leaplytics.de\/pl\/wp-json\/wp\/v2\/media\/13426"}],"wp:attachment":[{"href":"https:\/\/www.leaplytics.de\/pl\/wp-json\/wp\/v2\/media?parent=13321"}],"curies":[{"name":"wp","href":"https:\/\/api.w.org\/{rel}","templated":true}]}}