{"id":1342,"date":"2021-03-02T22:53:22","date_gmt":"2021-03-02T21:53:22","guid":{"rendered":"https:\/\/www.leaplytics.de\/?page_id=1342"},"modified":"2022-06-15T15:04:53","modified_gmt":"2022-06-15T13:04:53","slug":"mapa-cieplna-ryzyka-oferta-qliksense","status":"publish","type":"page","link":"https:\/\/www.leaplytics.de\/pl\/mapa-cieplna-ryzyka-oferta-qliksense\/","title":{"rendered":"Mapa cieplna ryzyka Oferta Qlik Sense"},"content":{"rendered":"<div class=\"wp-block-image\">\n<figure class=\"aligncenter size-full is-resized\"><img loading=\"lazy\" decoding=\"async\" src=\"https:\/\/www.leaplytics.de\/wp-content\/uploads\/2022\/03\/risk-heatmap-power-bi.png\" alt=\"\" class=\"wp-image-4072\" width=\"283\" height=\"240\" srcset=\"https:\/\/www.leaplytics.de\/wp-content\/uploads\/2022\/03\/risk-heatmap-power-bi.png 566w, https:\/\/www.leaplytics.de\/wp-content\/uploads\/2022\/03\/risk-heatmap-power-bi-300x254.png 300w, https:\/\/www.leaplytics.de\/wp-content\/uploads\/2022\/03\/risk-heatmap-power-bi-71x60.png 71w\" sizes=\"auto, (max-width: 283px) 100vw, 283px\" \/><\/figure><\/div>\n\n\n<div style=\"height:50px\" aria-hidden=\"true\" class=\"wp-block-spacer\"><\/div>\n\n\n\n<div class=\"wp-block-columns alignwide is-layout-flex wp-container-core-columns-is-layout-1 wp-block-columns-is-layout-flex\">\n<div class=\"wp-block-column has-text-color has-background has-link-color wp-elements-4cbab37e52d99c67b95a975d02fd8b03 is-layout-flow wp-block-column-is-layout-flow\" style=\"background-color:#eeeeee;color:#000000;padding-top:2em;padding-right:2em;padding-bottom:2em;padding-left:2em\">\n<h2 class=\"wp-block-heading\" id=\"single\" style=\"font-size:40px\"><strong>Wersja BEZP\u0141ATNA<\/strong><\/h2>\n\n\n\n<div style=\"height:10px\" aria-hidden=\"true\" class=\"wp-block-spacer\"><\/div>\n\n\n\n<p class=\"has-normal-font-size\" style=\"line-height:1.5\">DARMOWA wersja LeapLytics - Risk Heatmap jest darmowa ze znakiem wodnym i ograniczon\u0105 funkcjonalno\u015bci\u0105.<\/p>\n\n\n\n<div style=\"height:10px\" aria-hidden=\"true\" class=\"wp-block-spacer\"><\/div>\n\n\n\n<hr class=\"wp-block-separator has-text-color has-css-opacity has-background is-style-wide\" style=\"background-color:#000000;color:#000000\"\/>\n\n\n\n<div style=\"height:10px\" aria-hidden=\"true\" class=\"wp-block-spacer\"><\/div>\n\n\n\n<p><i class=\"fas fa-times\"><\/i> Znak wodny usuni\u0119ty<\/p>\n\n\n\n<p><i class=\"fas fa-times\"><\/i> Indywidualny rozmiar siatki<\/p>\n\n\n\n<p><i class=\"fas fa-times\"><\/i> Schemat kolor\u00f3w zdefiniowany przez u\u017cytkownika<\/p>\n\n\n\n<p><i class=\"fas fa-times\"><\/i> Inwerter kolor\u00f3w<\/p>\n\n\n\n<p><i class=\"fas fa-times\"><\/i> Ustawienia granic<\/p>\n\n\n\n<p><i class=\"fas fa-times\"><\/i> Ustawienia osi<\/p>\n\n\n\n<p><i class=\"fas fa-times\"><\/i> Ustawienia wska\u017anika<\/p>\n\n\n\n<p><i class=\"fas fa-times\"><\/i> Ustawienia tekstu<\/p>\n\n\n\n<p><i class=\"fas fa-times\"><\/i> Ustawienia kolor\u00f3w<\/p>\n\n\n\n<p><i class=\"fas fa-times\"><\/i> Nawigacja i dzia\u0142ania<\/p>\n\n\n\n<p><i class=\"fas fa-times\"><\/i> Do druku*<\/p>\n\n\n\n<div style=\"height:10px\" aria-hidden=\"true\" class=\"wp-block-spacer\"><\/div>\n\n\n\n<div class=\"wp-block-buttons alignfull is-horizontal is-content-justification-center is-layout-flex wp-container-core-buttons-is-layout-1 wp-block-buttons-is-layout-flex\">\n<div class=\"wp-block-button\"><a class=\"wp-block-button__link has-white-color has-text-color\" href=\"https:\/\/developer.qlik.com\/garden\/5fd6531adae7960011eb30ec\" target=\"_blank\" rel=\"noreferrer noopener\">Pobierz BEZP\u0141ATN\u0104 wersj\u0119<\/a><\/div>\n<\/div>\n\n\n\n<div style=\"height:20px\" aria-hidden=\"true\" class=\"wp-block-spacer\"><\/div>\n\n\n\n<p class=\"has-text-align-center has-text-color\" style=\"color:#98bd00\"><em><strong>Korzystasz ju\u017c z DARMOWEJ wersji tego rozszerzenia. <\/strong><\/em><\/p>\n<\/div>\n\n\n\n<div class=\"wp-block-column has-text-color has-background has-link-color wp-elements-deba5d9a51dfbae959217a0dabf93cd8 is-layout-flow wp-block-column-is-layout-flow\" style=\"background-color:#98bd00;color:#000000;padding-top:2em;padding-right:2em;padding-bottom:2em;padding-left:2em\">\n<h2 class=\"has-black-color has-text-color wp-block-heading\" id=\"family\" style=\"font-size:40px\"><strong>Wersja PRO<\/strong><\/h2>\n\n\n\n<div style=\"height:10px\" aria-hidden=\"true\" class=\"wp-block-spacer\"><\/div>\n\n\n\n<p class=\"has-normal-font-size\" style=\"line-height:1.5\">Wersja PRO LeapLytics - Risk Heatmap usuwa znak wodny i wszystkie ograniczenia, aby uwolni\u0107 pe\u0142n\u0105 moc tego rozszerzenia.<\/p>\n\n\n\n<div style=\"height:10px\" aria-hidden=\"true\" class=\"wp-block-spacer\"><\/div>\n\n\n\n<hr class=\"wp-block-separator has-text-color has-black-color has-css-opacity has-black-background-color has-background is-style-wide\"\/>\n\n\n\n<div style=\"height:10px\" aria-hidden=\"true\" class=\"wp-block-spacer\"><\/div>\n\n\n\n<p><i class=\"fas fa-check\"><\/i>  Znak wodny usuni\u0119ty<\/p>\n\n\n\n<p><i class=\"fas fa-check\"><\/i>  Indywidualny rozmiar siatki<\/p>\n\n\n\n<p><i class=\"fas fa-check\"><\/i>  Schemat kolor\u00f3w zdefiniowany przez u\u017cytkownika<\/p>\n\n\n\n<p><i class=\"fas fa-check\"><\/i>  Inwerter kolor\u00f3w<\/p>\n\n\n\n<p><i class=\"fas fa-check\"><\/i>  Ustawienia granic<\/p>\n\n\n\n<p><i class=\"fas fa-check\"><\/i>  Ustawienia osi<\/p>\n\n\n\n<p><i class=\"fas fa-check\"><\/i>  Ustawienia wska\u017anika<\/p>\n\n\n\n<p><i class=\"fas fa-check\"><\/i>  Ustawienia tekstu<\/p>\n\n\n\n<p><i class=\"fas fa-check\"><\/i>  Ustawienia kolor\u00f3w<\/p>\n\n\n\n<p><i class=\"fas fa-check\"><\/i>  Nawigacja i dzia\u0142ania<\/p>\n\n\n\n<p><i class=\"fas fa-check\"><\/i>  Do druku*<\/p>\n\n\n\n<div class=\"wp-block-buttons is-layout-flex wp-block-buttons-is-layout-flex\">\n<div class=\"wp-block-button aligncenter\"><a class=\"wp-block-button__link\" href=\"https:\/\/shop.leaplytics.de\/product\/power-bi-risk-heatmap\/\">Kup wersj\u0119 PRO<\/a><\/div>\n<\/div>\n\n\n\n<div style=\"height:10px\" aria-hidden=\"true\" class=\"wp-block-spacer\"><\/div>\n\n\n\n<div class=\"wp-block-buttons alignfull is-horizontal is-content-justification-center is-layout-flex wp-container-core-buttons-is-layout-3 wp-block-buttons-is-layout-flex\">\n<div class=\"wp-block-button\"><a class=\"wp-block-button__link has-white-color has-text-color\" href=\"https:\/\/www.leaplytics.de\/pl\/mapa-cieplna-ryzyka-oferta-qliksense\/?utm_source=risk-heatmap&amp;utm_medium=extension&amp;utm_campaign=modal\/#contact\">Wypr\u00f3buj wersj\u0119 PRO<\/a><\/div>\n<\/div>\n<\/div>\n<\/div>\n\n\n\n<p> * zob. <a href=\"https:\/\/community.qlik.com\/t5\/Knowledge\/Qlik-Sense-Enterprise-SaaS-Third-party-extensions-cannot-be\/ta-p\/1755264\">Ograniczenia QlikSense <\/a> <\/p>\n\n\n\n<div style=\"height:50px\" aria-hidden=\"true\" class=\"wp-block-spacer\"><\/div>\n\n\n\n<hr class=\"wp-block-separator has-text-color has-cyan-bluish-gray-color has-css-opacity has-cyan-bluish-gray-background-color has-background\"\/>\n\n\n\n<div style=\"height:50px\" aria-hidden=\"true\" class=\"wp-block-spacer\"><\/div>\n\n\n\n<h2 class=\"wp-block-heading\" id=\"contact\">Wypr\u00f3buj przed zakupem! <\/h2>\n\n\n\n<div style=\"height:10px\" aria-hidden=\"true\" class=\"wp-block-spacer\"><\/div>\n\n\n\n<h4 class=\"wp-block-heading\" id=\"contact\">Zam\u00f3w swoj\u0105 osobist\u0105 2-tygodniow\u0105 licencj\u0119 pr\u00f3bn\u0105 ju\u017c teraz!<\/h4>\n\n\n\n<div style=\"height:50px\" aria-hidden=\"true\" class=\"wp-block-spacer\"><\/div>\n\n\n\n<div class=\"wpcf7 no-js\" id=\"wpcf7-f8631-o1\" lang=\"de-DE\" dir=\"ltr\" data-wpcf7-id=\"8631\">\n<div class=\"screen-reader-response\"><p role=\"status\" aria-live=\"polite\" aria-atomic=\"true\"><\/p> <ul><\/ul><\/div>\n<form action=\"\/pl\/wp-json\/wp\/v2\/pages\/1342#wpcf7-f8631-o1\" method=\"post\" class=\"wpcf7-form init\" aria-label=\"Kontaktformular\" novalidate=\"novalidate\" data-status=\"init\" data-trp-original-action=\"\/pl\/wp-json\/wp\/v2\/pages\/1342#wpcf7-f8631-o1\">\n<fieldset class=\"hidden-fields-container\"><input type=\"hidden\" name=\"_wpcf7\" value=\"8631\" \/><input type=\"hidden\" name=\"_wpcf7_version\" value=\"6.1.1\" \/><input type=\"hidden\" name=\"_wpcf7_locale\" value=\"de_DE\" \/><input type=\"hidden\" name=\"_wpcf7_unit_tag\" value=\"wpcf7-f8631-o1\" \/><input type=\"hidden\" name=\"_wpcf7_container_post\" value=\"0\" \/><input type=\"hidden\" name=\"_wpcf7_posted_data_hash\" value=\"\" \/><input type=\"hidden\" name=\"_wpcf7_recaptcha_response\" value=\"\" \/>\n<\/fieldset>\n<p><label> Imi\u0119 (*)<br \/>\n<span class=\"wpcf7-form-control-wrap\" data-name=\"first-name\"><input size=\"40\" maxlength=\"400\" class=\"wpcf7-form-control wpcf7-text wpcf7-validates-as-required\" aria-required=\"true\" aria-invalid=\"false\" value=\"\" type=\"text\" name=\"first-name\" \/><\/span><\/label>\n<\/p>\n<p><label> Nazwisko (*)<br \/>\n<span class=\"wpcf7-form-control-wrap\" data-name=\"your-name\"><input size=\"40\" maxlength=\"400\" class=\"wpcf7-form-control wpcf7-text wpcf7-validates-as-required\" aria-required=\"true\" aria-invalid=\"false\" value=\"\" type=\"text\" name=\"your-name\" \/><\/span> <\/label>\n<\/p>\n<p><label> Poczta elektroniczna (*)<br \/>\n<span class=\"wpcf7-form-control-wrap\" data-name=\"your-email\"><input size=\"40\" maxlength=\"400\" class=\"wpcf7-form-control wpcf7-email wpcf7-validates-as-required wpcf7-text wpcf7-validates-as-email\" aria-required=\"true\" aria-invalid=\"false\" value=\"\" type=\"email\" name=\"your-email\" \/><\/span> <\/label>\n<\/p>\n<p><label> Firma (*)<br \/>\n<span class=\"wpcf7-form-control-wrap\" data-name=\"Company\"><input size=\"40\" maxlength=\"400\" class=\"wpcf7-form-control wpcf7-text wpcf7-validates-as-required\" aria-required=\"true\" aria-invalid=\"false\" value=\"\" type=\"text\" name=\"Company\" \/><\/span> <\/label>\n<\/p>\n<p><label> Twoja wiadomo\u015b\u0107 lub komentarze<br \/>\n<span class=\"wpcf7-form-control-wrap\" data-name=\"your-message\"><textarea cols=\"40\" rows=\"10\" maxlength=\"2000\" class=\"wpcf7-form-control wpcf7-textarea\" aria-invalid=\"false\" name=\"your-message\"><\/textarea><\/span> <\/label>\n<\/p>\n<p><b>Uwaga:<\/b> Je\u015bli tak <u>nie widzie\u0107<\/u> przycisk \"Wy\u015blij\" poni\u017cej, masz <u>nieprzyj\u0119ty<\/u> nasza polityka prywatno\u015bci. W zwi\u0105zku z tym nie mo\u017cemy gromadzi\u0107 Twoich danych w tej formie. Napisz do nas na czacie po prawej stronie lub usu\u0144 pliki cookie w przegl\u0105darce (Ctrl + Shift + Delete) i zaakceptuj polityk\u0119 prywatno\u015bci po ponownym za\u0142adowaniu strony.\n<\/p><div class=\"wpcf7-response-output\" aria-hidden=\"true\"><\/div>\n<input type=\"hidden\" name=\"trp-form-language\" value=\"pl\"\/><\/form>\n<\/div>","protected":false},"excerpt":{"rendered":"<p>FREE Version The FREE Version of LeapLytics &#8211; Risk Heatmap is free to use with watermark and limited functionality. Watermark removed Individual Grid Size User Defined Color Scheme Color Inverter Border Settings Axis Settings Indicator Settings Text Settings Color Settings Navigations &amp; Actions Printable* You are already using the FREE version of this extension. PRO &hellip; <\/p>","protected":false},"author":1,"featured_media":0,"parent":0,"menu_order":0,"comment_status":"closed","ping_status":"closed","template":"","meta":{"footnotes":""},"class_list":["post-1342","page","type-page","status-publish","hentry","latest_post"],"_links":{"self":[{"href":"https:\/\/www.leaplytics.de\/pl\/wp-json\/wp\/v2\/pages\/1342","targetHints":{"allow":["GET"]}}],"collection":[{"href":"https:\/\/www.leaplytics.de\/pl\/wp-json\/wp\/v2\/pages"}],"about":[{"href":"https:\/\/www.leaplytics.de\/pl\/wp-json\/wp\/v2\/types\/page"}],"author":[{"embeddable":true,"href":"https:\/\/www.leaplytics.de\/pl\/wp-json\/wp\/v2\/users\/1"}],"replies":[{"embeddable":true,"href":"https:\/\/www.leaplytics.de\/pl\/wp-json\/wp\/v2\/comments?post=1342"}],"version-history":[{"count":0,"href":"https:\/\/www.leaplytics.de\/pl\/wp-json\/wp\/v2\/pages\/1342\/revisions"}],"wp:attachment":[{"href":"https:\/\/www.leaplytics.de\/pl\/wp-json\/wp\/v2\/media?parent=1342"}],"curies":[{"name":"wp","href":"https:\/\/api.w.org\/{rel}","templated":true}]}}