{"id":13482,"date":"2024-06-03T18:15:40","date_gmt":"2024-06-03T16:15:40","guid":{"rendered":"https:\/\/www.leaplytics.de\/?page_id=13482"},"modified":"2024-06-03T18:15:41","modified_gmt":"2024-06-03T16:15:41","slug":"10-najlepszych-narzedzi-do-zarzadzania-ryzykiem-ktore-kazdy-kierownik-projektu-powinien-znac-w-2024-roku","status":"publish","type":"page","link":"https:\/\/www.leaplytics.de\/pl\/10-najlepszych-narzedzi-do-zarzadzania-ryzykiem-ktore-kazdy-kierownik-projektu-powinien-znac-w-2024-roku\/","title":{"rendered":"Narz\u0119dzia do zarz\u0105dzania ryzykiem - 10 najlepszych, kt\u00f3re ka\u017cdy kierownik projektu powinien zna\u0107 w 2024 roku"},"content":{"rendered":"<p>Nieoczekiwane problemy lub zagro\u017cenia mog\u0105 cz\u0119sto zniweczy\u0107 nawet najlepiej zaplanowany projekt. Dlatego te\u017c skuteczne zarz\u0105dzanie ryzykiem jest kluczowe dla ka\u017cdego kierownika projektu. Dzi\u0119ki odpowiednim narz\u0119dziom i technikom mo\u017cna wcze\u015bnie identyfikowa\u0107, ocenia\u0107 i ogranicza\u0107 ryzyko. Oto 10 najwa\u017cniejszych narz\u0119dzi i technik zarz\u0105dzania ryzykiem, o kt\u00f3rych powinien wiedzie\u0107 ka\u017cdy kierownik projektu:<\/p>\n\n\n\n<div class=\"wp-block-columns is-layout-flex wp-container-core-columns-is-layout-1 wp-block-columns-is-layout-flex\">\n<div class=\"wp-block-column is-vertically-aligned-center is-layout-flow wp-block-column-is-layout-flow\" style=\"flex-basis:150px\"><div class=\"wp-block-image wp-duotone-rgb949494-ffffff-1\">\n<figure class=\"aligncenter size-full is-resized\"><img loading=\"lazy\" decoding=\"async\" width=\"640\" height=\"427\" src=\"https:\/\/www.leaplytics.de\/wp-content\/uploads\/2024\/05\/excel-logo-8033473_640.webp\" alt=\"\" class=\"wp-image-13483\" style=\"width:170px\" srcset=\"https:\/\/www.leaplytics.de\/wp-content\/uploads\/2024\/05\/excel-logo-8033473_640.webp 640w, https:\/\/www.leaplytics.de\/wp-content\/uploads\/2024\/05\/excel-logo-8033473_640-300x200.webp 300w, https:\/\/www.leaplytics.de\/wp-content\/uploads\/2024\/05\/excel-logo-8033473_640-90x60.webp 90w\" sizes=\"auto, (max-width: 640px) 100vw, 640px\" \/><\/figure><\/div><\/div>\n\n\n\n<div class=\"wp-block-column is-layout-flow wp-block-column-is-layout-flow\" style=\"flex-basis:66.66%\">\n<p><strong>Microsoft Excel<\/strong><\/p>\n\n\n\n<p>Microsoft Excel to podstawowe narz\u0119dzie do zarz\u0105dzania ryzykiem. Jest przyjazny dla u\u017cytkownika i powszechnie dost\u0119pny. Excel umo\u017cliwia kierownikom projekt\u00f3w tworzenie szczeg\u00f3\u0142owych list potencjalnych zagro\u017ce\u0144 i \u015bledzenie ich statusu w ca\u0142ym cyklu \u017cycia projektu. Mo\u017cna na przyk\u0142ad u\u017cy\u0107 programu Excel do sporz\u0105dzenia listy wszystkich mo\u017cliwych zagro\u017ce\u0144 dla projektu i nakre\u015blenia strategii radzenia sobie z ka\u017cdym z nich. Excel rozwija sw\u00f3j prawdziwy potencja\u0142, gdy wsp\u00f3\u0142pracuje z innymi zaawansowanymi narz\u0119dziami.<\/p>\n<\/div>\n<\/div>\n\n\n\n<div class=\"wp-block-columns is-layout-flex wp-container-core-columns-is-layout-2 wp-block-columns-is-layout-flex\">\n<div class=\"wp-block-column is-vertically-aligned-center is-layout-flow wp-block-column-is-layout-flow\" style=\"flex-basis:150px\"><div class=\"wp-block-image wp-duotone-grayscale\">\n<figure class=\"aligncenter size-full is-resized\"><img loading=\"lazy\" decoding=\"async\" width=\"225\" height=\"300\" src=\"https:\/\/www.leaplytics.de\/wp-content\/uploads\/2024\/05\/power-bi-icon-logo-E1B451ED39-seeklogo.com_.png\" alt=\"\" class=\"wp-image-13484\" style=\"width:76px;height:auto\" srcset=\"https:\/\/www.leaplytics.de\/wp-content\/uploads\/2024\/05\/power-bi-icon-logo-E1B451ED39-seeklogo.com_.png 225w, https:\/\/www.leaplytics.de\/wp-content\/uploads\/2024\/05\/power-bi-icon-logo-E1B451ED39-seeklogo.com_-45x60.png 45w\" sizes=\"auto, (max-width: 225px) 100vw, 225px\" \/><\/figure><\/div><\/div>\n\n\n\n<div class=\"wp-block-column is-layout-flow wp-block-column-is-layout-flow\" style=\"flex-basis:66.66%\">\n<p><strong>Microsoft Power BI<\/strong><\/p>\n\n\n\n<p>Power BI to pot\u0119\u017cne narz\u0119dzie do wizualizacji danych, kt\u00f3re przekszta\u0142ca z\u0142o\u017cone dane w wnikliwe wizualizacje. Excel i Power BI to idealne po\u0142\u0105czenie. Excel pomaga w przechowywaniu i zarz\u0105dzaniu danymi, a Power BI wspiera interaktywne wizualizacje raport\u00f3w. Takie interaktywne pulpity nawigacyjne podkre\u015blaj\u0105 ryzyko i wp\u0142yw. Wyobra\u017a sobie, \u017ce u\u017cywasz kolorowych wykres\u00f3w, aby pokaza\u0107 ryzyko zwi\u0105zane z najnowszym projektem, u\u0142atwiaj\u0105c wszystkim zrozumienie i dzia\u0142anie.<\/p>\n<\/div>\n<\/div>\n\n\n\n<div class=\"wp-block-columns is-layout-flex wp-container-core-columns-is-layout-3 wp-block-columns-is-layout-flex\">\n<div class=\"wp-block-column is-vertically-aligned-center is-layout-flow wp-block-column-is-layout-flow\" style=\"flex-basis:150px\"><div class=\"wp-block-image wp-duotone-858585-ffffff-2\">\n<figure class=\"aligncenter size-full is-resized\"><img loading=\"lazy\" decoding=\"async\" width=\"96\" height=\"96\" src=\"https:\/\/www.leaplytics.de\/wp-content\/uploads\/2024\/05\/Bild1.svg_.jpg\" alt=\"\" class=\"wp-image-13485\" style=\"width:120px\" srcset=\"https:\/\/www.leaplytics.de\/wp-content\/uploads\/2024\/05\/Bild1.svg_.jpg 96w, https:\/\/www.leaplytics.de\/wp-content\/uploads\/2024\/05\/Bild1.svg_-60x60.jpg 60w\" sizes=\"auto, (max-width: 96px) 100vw, 96px\" \/><\/figure><\/div><\/div>\n\n\n\n<div class=\"wp-block-column is-layout-flow wp-block-column-is-layout-flow\" style=\"flex-basis:66.66%\">\n<p><strong>Rejestr ryzyka<\/strong><\/p>\n\n\n\n<p>Rejestr ryzyka jest istotnym dokumentem w zarz\u0105dzaniu ryzykiem. Pomaga on kierownikom projekt\u00f3w przechowywa\u0107 wszystkie zidentyfikowane zagro\u017cenia w jednym miejscu. Mo\u017cna go sobie wyobrazi\u0107 jako obszerny notatnik, w kt\u00f3rym dokumentuje si\u0119 ka\u017cdy mo\u017cliwy problem i odpowiadaj\u0105ce mu strategie \u0142agodzenia. Gwarantuje to, \u017ce ryzyko nie zostanie przeoczone i b\u0119dzie stale monitorowane.<\/p>\n<\/div>\n<\/div>\n\n\n\n<div class=\"wp-block-columns is-layout-flex wp-container-core-columns-is-layout-4 wp-block-columns-is-layout-flex\">\n<div class=\"wp-block-column is-vertically-aligned-center is-layout-flow wp-block-column-is-layout-flow\" style=\"flex-basis:150px\"><div class=\"wp-block-image wp-duotone-unset-3\">\n<figure class=\"aligncenter size-full is-resized\"><img loading=\"lazy\" decoding=\"async\" width=\"1827\" height=\"1816\" src=\"https:\/\/www.leaplytics.de\/wp-content\/uploads\/2022\/06\/Axis-Settings.png\" alt=\"\" class=\"wp-image-8460\" style=\"width:110px\" srcset=\"https:\/\/www.leaplytics.de\/wp-content\/uploads\/2022\/06\/Axis-Settings.png 1827w, https:\/\/www.leaplytics.de\/wp-content\/uploads\/2022\/06\/Axis-Settings-300x298.png 300w, https:\/\/www.leaplytics.de\/wp-content\/uploads\/2022\/06\/Axis-Settings-1024x1018.png 1024w, https:\/\/www.leaplytics.de\/wp-content\/uploads\/2022\/06\/Axis-Settings-150x150.png 150w, https:\/\/www.leaplytics.de\/wp-content\/uploads\/2022\/06\/Axis-Settings-768x763.png 768w, https:\/\/www.leaplytics.de\/wp-content\/uploads\/2022\/06\/Axis-Settings-1536x1527.png 1536w, https:\/\/www.leaplytics.de\/wp-content\/uploads\/2022\/06\/Axis-Settings-60x60.png 60w\" sizes=\"auto, (max-width: 1827px) 100vw, 1827px\" \/><\/figure><\/div><\/div>\n\n\n\n<div class=\"wp-block-column is-layout-flow wp-block-column-is-layout-flow\" style=\"flex-basis:66.66%\">\n<p><strong>Matryca ryzyka<\/strong><\/p>\n\n\n\n<p>Matryca ryzyka to narz\u0119dzie wizualne, kt\u00f3re pomaga kierownikom projekt\u00f3w w ustalaniu priorytet\u00f3w ryzyka na podstawie prawdopodobie\u0144stwa i wp\u0142ywu. Nanosz\u0105c ryzyka na macierz, mo\u017cna szybko sprawdzi\u0107, kt\u00f3re z nich wymagaj\u0105 natychmiastowej uwagi. Matryca ryzyka to tylko jedna z wizualizacji, kt\u00f3re powinny by\u0107 cz\u0119\u015bci\u0105 pulpitu nawigacyjnego Power BI ka\u017cdego mened\u017cera ryzyka.<\/p>\n<\/div>\n<\/div>\n\n\n\n<div class=\"wp-block-columns is-layout-flex wp-container-core-columns-is-layout-5 wp-block-columns-is-layout-flex\">\n<div class=\"wp-block-column is-vertically-aligned-center is-layout-flow wp-block-column-is-layout-flow\" style=\"flex-basis:150px\"><div class=\"wp-block-image wp-duotone-858585-ffffff-4\">\n<figure class=\"aligncenter size-full is-resized\"><img loading=\"lazy\" decoding=\"async\" width=\"500\" height=\"500\" src=\"https:\/\/www.leaplytics.de\/wp-content\/uploads\/2024\/05\/kisspng-computer-icons-normal-distribution-probability-dis-5adcdc96034e34.1804701715244238300136-removebg-preview.png\" alt=\"\" class=\"wp-image-13487\" style=\"width:110px\" srcset=\"https:\/\/www.leaplytics.de\/wp-content\/uploads\/2024\/05\/kisspng-computer-icons-normal-distribution-probability-dis-5adcdc96034e34.1804701715244238300136-removebg-preview.png 500w, https:\/\/www.leaplytics.de\/wp-content\/uploads\/2024\/05\/kisspng-computer-icons-normal-distribution-probability-dis-5adcdc96034e34.1804701715244238300136-removebg-preview-300x300.png 300w, https:\/\/www.leaplytics.de\/wp-content\/uploads\/2024\/05\/kisspng-computer-icons-normal-distribution-probability-dis-5adcdc96034e34.1804701715244238300136-removebg-preview-150x150.png 150w, https:\/\/www.leaplytics.de\/wp-content\/uploads\/2024\/05\/kisspng-computer-icons-normal-distribution-probability-dis-5adcdc96034e34.1804701715244238300136-removebg-preview-370x370.png 370w, https:\/\/www.leaplytics.de\/wp-content\/uploads\/2024\/05\/kisspng-computer-icons-normal-distribution-probability-dis-5adcdc96034e34.1804701715244238300136-removebg-preview-60x60.png 60w\" sizes=\"auto, (max-width: 500px) 100vw, 500px\" \/><\/figure><\/div><\/div>\n\n\n\n<div class=\"wp-block-column is-layout-flow wp-block-column-is-layout-flow\" style=\"flex-basis:66.66%\">\n<p><strong>Symulacja Monte Carlo<\/strong><\/p>\n\n\n\n<p>Symulacja Monte Carlo to bardziej zaawansowane narz\u0119dzie, kt\u00f3re wykorzystuje metody statystyczne do przewidywania wp\u0142ywu ryzyka. Przypomina to wielokrotne rzucanie kostk\u0105 w celu sprawdzenia najcz\u0119stszych wynik\u00f3w. Narz\u0119dzie to pomaga przewidzie\u0107 potencjalne problemy i odpowiednio je zaplanowa\u0107. Symulacja Monte Carlo jest szczeg\u00f3lnie przydatna w przypadku z\u0142o\u017conych projekt\u00f3w z wieloma zmiennymi. Microsoft Excel jest narz\u0119dziem niezb\u0119dnym do wdro\u017cenia symulacji Monte Carlo.<\/p>\n<\/div>\n<\/div>\n\n\n\n<div class=\"wp-block-columns is-layout-flex wp-container-core-columns-is-layout-6 wp-block-columns-is-layout-flex\">\n<div class=\"wp-block-column is-vertically-aligned-center is-layout-flow wp-block-column-is-layout-flow\" style=\"flex-basis:150px\"><div class=\"wp-block-image wp-duotone-858585-ffffff-5\">\n<figure class=\"aligncenter size-full is-resized\"><img loading=\"lazy\" decoding=\"async\" width=\"256\" height=\"256\" src=\"https:\/\/www.leaplytics.de\/wp-content\/uploads\/2024\/05\/pedigree-1-337562-removebg-preview.png\" alt=\"\" class=\"wp-image-13495\" style=\"width:110px\" srcset=\"https:\/\/www.leaplytics.de\/wp-content\/uploads\/2024\/05\/pedigree-1-337562-removebg-preview.png 256w, https:\/\/www.leaplytics.de\/wp-content\/uploads\/2024\/05\/pedigree-1-337562-removebg-preview-150x150.png 150w, https:\/\/www.leaplytics.de\/wp-content\/uploads\/2024\/05\/pedigree-1-337562-removebg-preview-60x60.png 60w\" sizes=\"auto, (max-width: 256px) 100vw, 256px\" \/><\/figure><\/div><\/div>\n\n\n\n<div class=\"wp-block-column is-layout-flow wp-block-column-is-layout-flow\" style=\"flex-basis:66.66%\">\n<p><strong>PERT (technika przegl\u0105du oceny programu)<\/strong><\/p>\n\n\n\n<p>PERT to technika, kt\u00f3ra pomaga kierownikom projekt\u00f3w zrozumie\u0107, w jaki spos\u00f3b czas i ryzyko mog\u0105 wp\u0142ywa\u0107 na harmonogramy projekt\u00f3w. Poprzez mapowanie wszystkich krok\u00f3w i zada\u0144 w projekcie oraz analizowanie potencjalnych op\u00f3\u017anie\u0144, PERT zapewnia ja\u015bniejszy obraz osi czasu projektu. Na przyk\u0142ad analiza ryzyk projektowych i ich wp\u0142ywu na czas trwania ka\u017cdego zadania mo\u017ce pom\u00f3c zminimalizowa\u0107 op\u00f3\u017anienia w projekcie.<\/p>\n<\/div>\n<\/div>\n\n\n\n<div class=\"wp-block-columns is-layout-flex wp-container-core-columns-is-layout-7 wp-block-columns-is-layout-flex\">\n<div class=\"wp-block-column is-vertically-aligned-center is-layout-flow wp-block-column-is-layout-flow\" style=\"flex-basis:150px\"><div class=\"wp-block-image wp-duotone-858585-ffffff-6\">\n<figure class=\"aligncenter size-full is-resized\"><img loading=\"lazy\" decoding=\"async\" width=\"512\" height=\"512\" src=\"https:\/\/www.leaplytics.de\/wp-content\/uploads\/2024\/05\/4940750.png\" alt=\"\" class=\"wp-image-13489\" style=\"width:110px\" srcset=\"https:\/\/www.leaplytics.de\/wp-content\/uploads\/2024\/05\/4940750.png 512w, https:\/\/www.leaplytics.de\/wp-content\/uploads\/2024\/05\/4940750-300x300.png 300w, https:\/\/www.leaplytics.de\/wp-content\/uploads\/2024\/05\/4940750-150x150.png 150w, https:\/\/www.leaplytics.de\/wp-content\/uploads\/2024\/05\/4940750-370x370.png 370w, https:\/\/www.leaplytics.de\/wp-content\/uploads\/2024\/05\/4940750-60x60.png 60w\" sizes=\"auto, (max-width: 512px) 100vw, 512px\" \/><\/figure><\/div><\/div>\n\n\n\n<div class=\"wp-block-column is-layout-flow wp-block-column-is-layout-flow\" style=\"flex-basis:66.66%\">\n<p><strong>Analiza SWOT<\/strong><\/p>\n\n\n\n<p>Analiza SWOT to narz\u0119dzie planowania strategicznego, kt\u00f3re bada mocne i s\u0142abe strony, szanse i zagro\u017cenia. Ten holistyczny pogl\u0105d pomaga kierownikom projekt\u00f3w zrozumie\u0107 zar\u00f3wno wewn\u0119trzne, jak i zewn\u0119trzne czynniki, kt\u00f3re mog\u0105 mie\u0107 wp\u0142yw na projekt. To jak skanowanie \u015brodowiska biznesowego w celu podejmowania lepszych decyzji.<\/p>\n<\/div>\n<\/div>\n\n\n\n<div class=\"wp-block-columns is-layout-flex wp-container-core-columns-is-layout-8 wp-block-columns-is-layout-flex\">\n<div class=\"wp-block-column is-vertically-aligned-center is-layout-flow wp-block-column-is-layout-flow\" style=\"flex-basis:150px\"><div class=\"wp-block-image wp-duotone-858585-ffffff-7\">\n<figure class=\"aligncenter size-full is-resized\"><img loading=\"lazy\" decoding=\"async\" width=\"512\" height=\"512\" src=\"https:\/\/www.leaplytics.de\/wp-content\/uploads\/2024\/05\/bow_tie_icon_126607.png\" alt=\"\" class=\"wp-image-13490\" style=\"width:110px\" srcset=\"https:\/\/www.leaplytics.de\/wp-content\/uploads\/2024\/05\/bow_tie_icon_126607.png 512w, https:\/\/www.leaplytics.de\/wp-content\/uploads\/2024\/05\/bow_tie_icon_126607-300x300.png 300w, https:\/\/www.leaplytics.de\/wp-content\/uploads\/2024\/05\/bow_tie_icon_126607-150x150.png 150w, https:\/\/www.leaplytics.de\/wp-content\/uploads\/2024\/05\/bow_tie_icon_126607-370x370.png 370w, https:\/\/www.leaplytics.de\/wp-content\/uploads\/2024\/05\/bow_tie_icon_126607-60x60.png 60w\" sizes=\"auto, (max-width: 512px) 100vw, 512px\" \/><\/figure><\/div><\/div>\n\n\n\n<div class=\"wp-block-column is-layout-flow wp-block-column-is-layout-flow\" style=\"flex-basis:66.66%\">\n<p><strong>Diagram Bowtie<\/strong><\/p>\n\n\n\n<p>Diagram Bowtie to narz\u0119dzie wizualne, kt\u00f3re pokazuje, w jaki spos\u00f3b powstaj\u0105 zagro\u017cenia i jakie s\u0105 ich skutki. Pomaga zrozumie\u0107 przyczyny ryzyka i sposoby zapobiegania mu. W\u0142\u0105czenie wykresu Bowtie do pulpitu nawigacyjnego Power BI pomaga zrozumie\u0107 podstawowe si\u0142y portfela ryzyka.<\/p>\n<\/div>\n<\/div>\n\n\n\n<div class=\"wp-block-columns is-layout-flex wp-container-core-columns-is-layout-9 wp-block-columns-is-layout-flex\">\n<div class=\"wp-block-column is-vertically-aligned-center is-layout-flow wp-block-column-is-layout-flow\" style=\"flex-basis:150px\"><div class=\"wp-block-image wp-duotone-858585-ffffff-8\">\n<figure class=\"aligncenter size-full is-resized\"><img loading=\"lazy\" decoding=\"async\" width=\"200\" height=\"200\" src=\"https:\/\/www.leaplytics.de\/wp-content\/uploads\/2024\/05\/3732359-200.png\" alt=\"\" class=\"wp-image-13491\" style=\"width:110px\" srcset=\"https:\/\/www.leaplytics.de\/wp-content\/uploads\/2024\/05\/3732359-200.png 200w, https:\/\/www.leaplytics.de\/wp-content\/uploads\/2024\/05\/3732359-200-150x150.png 150w, https:\/\/www.leaplytics.de\/wp-content\/uploads\/2024\/05\/3732359-200-60x60.png 60w\" sizes=\"auto, (max-width: 200px) 100vw, 200px\" \/><\/figure><\/div><\/div>\n\n\n\n<div class=\"wp-block-column is-layout-flow wp-block-column-is-layout-flow\" style=\"flex-basis:66.66%\">\n<p><strong>Struktura podzia\u0142u ryzyka (RBS)<\/strong><\/p>\n\n\n\n<p>RBS to hierarchiczna struktura, kt\u00f3ra kategoryzuje ryzyka na r\u00f3\u017cne grupy. To narz\u0119dzie organizacyjne pomaga kierownikom projekt\u00f3w systematycznie identyfikowa\u0107 ryzyka i zarz\u0105dza\u0107 nimi. Na przyk\u0142ad, mo\u017cna kategoryzowa\u0107 ryzyka zwi\u0105zane z ich \u017ar\u00f3d\u0142em lub obszarem wp\u0142ywu.<\/p>\n<\/div>\n<\/div>\n\n\n\n<div class=\"wp-block-columns is-layout-flex wp-container-core-columns-is-layout-10 wp-block-columns-is-layout-flex\">\n<div class=\"wp-block-column is-vertically-aligned-center is-layout-flow wp-block-column-is-layout-flow\" style=\"flex-basis:150px\"><div class=\"wp-block-image wp-duotone-858585-ffffff-9\">\n<figure class=\"aligncenter size-full is-resized\"><img loading=\"lazy\" decoding=\"async\" width=\"513\" height=\"486\" src=\"https:\/\/www.leaplytics.de\/wp-content\/uploads\/2024\/05\/6272532-middle-removebg-preview.png\" alt=\"\" class=\"wp-image-13493\" style=\"width:110px\" srcset=\"https:\/\/www.leaplytics.de\/wp-content\/uploads\/2024\/05\/6272532-middle-removebg-preview.png 513w, https:\/\/www.leaplytics.de\/wp-content\/uploads\/2024\/05\/6272532-middle-removebg-preview-300x284.png 300w, https:\/\/www.leaplytics.de\/wp-content\/uploads\/2024\/05\/6272532-middle-removebg-preview-63x60.png 63w\" sizes=\"auto, (max-width: 513px) 100vw, 513px\" \/><\/figure><\/div><\/div>\n\n\n\n<div class=\"wp-block-column is-layout-flow wp-block-column-is-layout-flow\" style=\"flex-basis:66.66%\">\n<p><strong>Analiza scenariusza<\/strong><\/p>\n\n\n\n<p>Analiza scenariuszy pomaga kierownikom projekt\u00f3w planowa\u0107 r\u00f3\u017cne potencjalne sytuacje. Rozwa\u017caj\u0105c r\u00f3\u017cne scenariusze, mo\u017cna opracowa\u0107 strategie ich rozwi\u0105zania. Planowanie w scenariuszach u\u015bwiadamia nie tylko \u015bredni wynik, ale tak\u017ce ekstremalne konsekwencje.<\/p>\n<\/div>\n<\/div>\n\n\n\n<h3 class=\"wp-block-heading has-medium-font-size\">Kluczowe wnioski<\/h3>\n\n\n\n<p>Te 10 najpot\u0119\u017cniejszych narz\u0119dzi pomaga kierownikom projekt\u00f3w lepiej dostrzega\u0107 i radzi\u0107 sobie z ryzykiem. Dzi\u0119ki nim projekty przebiegaj\u0105 sprawnie i ko\u0144cz\u0105 si\u0119 sukcesem. Korzystaj\u0105c z tych narz\u0119dzi, mo\u017cna wcze\u015bnie wykry\u0107 problemy i naprawi\u0107 je, zanim stan\u0105 si\u0119 powa\u017cne. W ten spos\u00f3b projekty pozostaj\u0105 na w\u0142a\u015bciwym torze.<\/p>","protected":false},"excerpt":{"rendered":"<p>Unexpected problems, or risks, can often derail even the best-laid project plans. This is why effective risk management is crucial for every project manager. With the right tools and techniques, you can identify, assess, and mitigate risks early. Here are the top 10 risk management tools and techniques every project manager should know about: Microsoft &hellip; <\/p>","protected":false},"author":55,"featured_media":0,"parent":0,"menu_order":0,"comment_status":"closed","ping_status":"closed","template":"","meta":{"footnotes":""},"class_list":["post-13482","page","type-page","status-publish","hentry","latest_post"],"_links":{"self":[{"href":"https:\/\/www.leaplytics.de\/pl\/wp-json\/wp\/v2\/pages\/13482","targetHints":{"allow":["GET"]}}],"collection":[{"href":"https:\/\/www.leaplytics.de\/pl\/wp-json\/wp\/v2\/pages"}],"about":[{"href":"https:\/\/www.leaplytics.de\/pl\/wp-json\/wp\/v2\/types\/page"}],"author":[{"embeddable":true,"href":"https:\/\/www.leaplytics.de\/pl\/wp-json\/wp\/v2\/users\/55"}],"replies":[{"embeddable":true,"href":"https:\/\/www.leaplytics.de\/pl\/wp-json\/wp\/v2\/comments?post=13482"}],"version-history":[{"count":4,"href":"https:\/\/www.leaplytics.de\/pl\/wp-json\/wp\/v2\/pages\/13482\/revisions"}],"predecessor-version":[{"id":13499,"href":"https:\/\/www.leaplytics.de\/pl\/wp-json\/wp\/v2\/pages\/13482\/revisions\/13499"}],"wp:attachment":[{"href":"https:\/\/www.leaplytics.de\/pl\/wp-json\/wp\/v2\/media?parent=13482"}],"curies":[{"name":"wp","href":"https:\/\/api.w.org\/{rel}","templated":true}]}}