{"id":13717,"date":"2025-05-12T15:34:59","date_gmt":"2025-05-12T13:34:59","guid":{"rendered":"https:\/\/www.leaplytics.de\/?page_id=13717"},"modified":"2025-05-12T15:35:01","modified_gmt":"2025-05-12T13:35:01","slug":"referencje","status":"publish","type":"page","link":"https:\/\/www.leaplytics.de\/pl\/referencje\/","title":{"rendered":"Referencje"},"content":{"rendered":"<p><em>&#8220;<strong>Od ponad roku korzystamy z wizualizacji LeapLytics Risk Matrix \/ Heatmap w Power BI.<\/strong><br>Aplikacja sta\u0142a si\u0119 niezb\u0119dnym narz\u0119dziem dla naszego zespo\u0142u. Jej intuicyjna konstrukcja i konfigurowalne funkcje pozwalaj\u0105 nam skutecznie wizualizowa\u0107 i priorytetyzowa\u0107 ryzyka, umo\u017cliwiaj\u0105c nam skupienie si\u0119 na najbardziej krytycznych obszarach. Mo\u017cliwo\u015b\u0107 dostosowania matrycy do naszych konkretnych potrzeb znacznie usprawni\u0142a nasze procesy oceny ryzyka. Gor\u0105co polecam t\u0119 wtyczk\u0119 ka\u017cdemu zespo\u0142owi, kt\u00f3ry chce zwi\u0119kszy\u0107 swoje mo\u017cliwo\u015bci zarz\u0105dzania ryzykiem w Power BI\".<\/em> (Anonimowy)<\/p>\n\n\n\n<p><em>&#8220;<strong>Game Changer<\/strong> - Ta aplikacja zaoszcz\u0119dzi\u0142a setki godzin programowania, godzin rozwi\u0105zywania problem\u00f3w i wszelkich innych b\u00f3l\u00f3w g\u0142owy zwi\u0105zanych z tworzeniem aplikacji od podstaw. Ta aplikacja by\u0142a bardzo \u0142atwa do pod\u0142\u0105czenia do aplikacji, kt\u00f3r\u0105 budowali\u015bmy, a tak\u017ce jest atrakcyjna wizualnie i \u0142atwa w u\u017cyciu. Gor\u0105co polecam ka\u017cdemu, kto chce zaoszcz\u0119dzi\u0107 godziny i czas na tworzenie czego\u015b, co jest ju\u017c przetestowane w boju!\"<\/em> (Anonimowy)<\/p>\n\n\n\n<p><em>\"Wizualna matryca ryzyka na platformie Power BI zosta\u0142a wykorzystana jako <strong>narz\u0119dzie strategiczne<\/strong> do zarz\u0105dzania krytycznymi dzia\u0142aniami konserwacyjnymi, zapewniaj\u0105c szybk\u0105 i skuteczn\u0105 wizualizacj\u0119 ryzyka zwi\u0105zanego z ka\u017cdym zasobem. Matryca wizualnie mapuje krytyczno\u015b\u0107 aktyw\u00f3w w oparciu o ich poziom wp\u0142ywu i prawdopodobie\u0144stwo awarii, bezpo\u015brednio wspieraj\u0105c priorytetyzacj\u0119 dzia\u0142a\u0144 naprawczych i zapobiegawczych. <br>Funkcja ta pomaga zidentyfikowa\u0107 elementy konserwacji o najwi\u0119kszym znaczeniu operacyjnym, przyczyniaj\u0105c si\u0119 do bardziej asertywnego zarz\u0105dzania zasobami, zespo\u0142ami i terminami, zw\u0142aszcza w z\u0142o\u017conych scenariuszach, takich jak wy\u0142\u0105czenia lub interwencje awaryjne. Ponadto interaktywny i konfigurowalny interfejs umo\u017cliwia aktualizacje i symulacje w czasie rzeczywistym, dzi\u0119ki czemu proces podejmowania decyzji jest szybszy i bardziej oparty na danych.<br>Wykorzystanie tej wizualizacji wzmacnia r\u00f3wnie\u017c zarz\u0105dzanie konserwacj\u0105 w oparciu o ryzyko, dostosowuj\u0105c wysi\u0142ki techniczne do strategicznych cel\u00f3w organizacji w zakresie niezawodno\u015bci i dost\u0119pno\u015bci zasob\u00f3w\".<\/em> (CENIBRA)<\/p>\n\n\n\n<p><em>&#8220;<strong>Fantastyczna oprawa wizualna<\/strong> - Wypr\u00f3bowa\u0142em t\u0119 wizualizacj\u0119 dla wielu raport\u00f3w i jest ona tak \u0142atwa w u\u017cyciu, a jednocze\u015bnie tak pot\u0119\u017cna. Wizualna reprezentacja ryzyka w tej matrycy pozwoli\u0142a mi zaoszcz\u0119dzi\u0107 niezliczone godziny, poniewa\u017c mog\u0119 skierowa\u0107 swoj\u0105 uwag\u0119 na te sekcje, kt\u00f3re s\u0105 oznaczone jako maj\u0105ce du\u017cy wp\u0142yw. Leaplytics jest r\u00f3wnie\u017c bardzo responsywny w przypadku wiadomo\u015bci e-mail. Gor\u0105co polecam t\u0119 wtyczk\u0119 Leaplytics\".<\/em> (Anonimowy)<\/p>\n\n\n\n<p><em>&#8220;<strong>Kiedy\u015b nie lubi\u0142em map cieplnych, teraz je uwielbiam<\/strong> - Cz\u0119sto mia\u0142em problemy, gdy pr\u00f3bowa\u0142em wymy\u015bli\u0107 map\u0119 ciepln\u0105. Ta ma siln\u0105 moc opowiadania historii i jest naprawd\u0119 \u0142atwa w u\u017cyciu\".<\/em> (Raphael de Taranto)<\/p>\n\n\n\n<p><em>&#8220;<strong>Doskona\u0142a aplikacja<\/strong> - Jest to niezb\u0119dna aplikacja, je\u015bli pracujesz z ryzykiem. Jest \u0142atwa w konfiguracji i wysoce konfigurowalna w zale\u017cno\u015bci od potrzeb\".<\/em> (Roy Varghese)<\/p>\n\n\n\n<p><em>&#8220;<strong>\u015awietny pulpit nawigacyjny do raportowania ryzyka<\/strong> - Pulpit nawigacyjny zapewnia doskona\u0142\u0105 wizualizacj\u0119 ryzyka i w\u0142\u0105czyli\u015bmy go do wielu pulpit\u00f3w raportowania ryzyka w przedsi\u0119biorstwie. LeapLytics stale ulepsza funkcje pulpitu nawigacyjnego, w tym mo\u017cliwo\u015b\u0107 kolorowego kodowania punkt\u00f3w. Gor\u0105co polecam t\u0119 wtyczk\u0119 do aplikacji mapy cieplnej ryzyka, aby ulepszy\u0107 pulpity nawigacyjne Power BI. Reakcja na pytania i wsparcie r\u00f3wnie\u017c na plus.\"<\/em> (Becky Sterrett)<\/p>\n\n\n\n<p><em>&#8220;<strong>\u015awietna mapa ryzyka<\/strong> - Narz\u0119dzie mapy ryzyka by\u0142o bardzo przydatne do komunikowania ryzyka korporacyjnego i poziom\u00f3w ryzyka interesariuszom. \u0141atwe w u\u017cyciu i dobre wizualnie\".<\/em> (Anonimowy)<\/p>\n\n\n\n<p class=\"has-text-align-left\"><em>&#8220;<strong>To narz\u0119dzie jest przyjazne dla u\u017cytkownika<\/strong> i skutecznie prezentuje oceny ryzyka w jasnym, \u0142atwo zrozumia\u0142ym formacie\".<\/em> (Scott Nicol)<\/p>\n\n\n\n<p><em>&#8220;<strong>\u015awietne narz\u0119dzie<\/strong> - Narz\u0119dzie to odegra\u0142o kluczow\u0105 rol\u0119 w naszych ci\u0105g\u0142ych wysi\u0142kach na rzecz usprawnienia procesu oceny ryzyka. Zapewnia \u015bwietn\u0105 wizualizacj\u0119 do szybkiej oceny profilu ryzyka\".<\/em> (Anonimowy)<\/p>\n\n\n\n<p><em>&#8220;<strong>Matryca ryzyka<\/strong> - By\u0142em bardzo zadowolony ze znalezienia tego narz\u0119dzia i z tego, jak dzia\u0142a z perspektywy zarz\u0105dzania ryzykiem \/ raportowania - to \u015bwietny spos\u00f3b na wizualizacj\u0119 i przegl\u0105danie rejestr\u00f3w ryzyka z naciskiem na kluczowe \/ podwy\u017cszone ryzyko. Zesp\u00f3\u0142 by\u0142 r\u00f3wnie\u017c fantastyczny w kontaktach, zapewniaj\u0105c wsparcie i anga\u017cuj\u0105c si\u0119 w to, jak z niego korzystam i jak go ulepszy\u0107\".<\/em> (Anonimowy)<\/p>\n\n\n\n<p><em>&#8220;<strong>Dzia\u0142a dok\u0142adnie tak, jak oczekiwano i reklamowano.<\/strong> - Zakupi\u0142em licencj\u0119 na t\u0119 aplikacj\u0119 prawie 9 miesi\u0119cy temu, zainstalowa\u0142em j\u0105 w kilku raportach u\u017cywanych przez setki os\u00f3b na ca\u0142ym \u015bwiecie i otrzyma\u0142em tylko pozytywne opinie od u\u017cytkownik\u00f3w.\"<\/em> (Small, Roy)<\/p>\n\n\n\n<p><em>&#8220;<strong>\u015awietne narz\u0119dzie do przegl\u0105dania historii matrycy ryzyka<\/strong> - Jedno z najlepszych specjalnych narz\u0119dzi do zarz\u0105dzania rekordem matrycy ryzyka i wy\u015bwietlania go w profesjonalny spos\u00f3b Zaprojektowa\u0142em to narz\u0119dzie i przedstawi\u0142em je kierownictwu 1- \u015awietny projekt 2- Elastyczno\u015b\u0107 3- \u0141atwo\u015b\u0107 u\u017cycia 4- Polecam skorzystanie z niego W\u0142a\u015bciwie to jest to, czego szuka\u0142em Dzi\u0119kuj\u0119, Stefan Preusler Dzi\u0119kuj\u0119, zesp\u00f3\u0142 LeapLytics GmbH \"<\/em> (\u0645\u062d\u064a\u064a \u0627\u0644\u062f\u064a\u0646)<\/p>\n\n\n\n<p><em>&#8220;<strong>Absolutnie warto<\/strong> - Wszystko, co chcieli\u015bmy osi\u0105gn\u0105\u0107 dzi\u0119ki matrycy ryzyka, mogli\u015bmy wdro\u017cy\u0107 dzi\u0119ki tej wizualizacji. Absolutnie warto.\"<\/em> (Anonimowy)<\/p>\n\n\n\n<p><em>&#8220;<strong>\u015awietne rozwi\u0105zanie dla audytor\u00f3w!<\/strong> - Obiekt wizualny doskonale spe\u0142nia wymagania i wymogi matrycy ryzyka dla audytor\u00f3w\" (David L\u00f3pez Morales).<\/em><\/p>\n\n\n\n<p><em>&#8220;<strong>Dobry efekt wizualny<\/strong> aby wspiera\u0107 rozmowy na temat ryzyka\".<\/em> (Elleke Bosworth)<\/p>\n\n\n\n<p><em>&#8220;<strong>\u015awietny efekt wizualny<\/strong> - Szuka\u0142em dzia\u0142aj\u0105cego rozwi\u0105zania do wizualizacji mojego ryzyka. Ta wizualizacja dzia\u0142a \u015bwietnie i jest gotowa do u\u017cycia w ci\u0105gu kilku minut. Interaktywno\u015b\u0107 dzia\u0142a dobrze i sprawia wra\u017cenie \"prawdziwej transakcji\".\"<\/em> (Anonimowy)<\/p>\n\n\n\n<p><em>&#8220;<strong>\u015awietne narz\u0119dzie wizualizacji ryzyka<\/strong> - Niesamowite narz\u0119dzie do wizualizacji mapy ryzyka, bardzo skuteczne i \u0142atwo dost\u0119pne\"<\/em> (Anonimowy)<\/p>\n\n\n\n<p><em>&#8220;<strong>Niezb\u0119dne narz\u0119dzie do zarz\u0105dzania ryzykiem<\/strong> - Narz\u0119dzie to jest przyjazne dla u\u017cytkownika i skutecznie prezentuje oceny ryzyka w jasnym, \u0142atwo zrozumia\u0142ym formacie\".<\/em> (Anonimowy)<\/p>\n\n\n\n<p><em>&#8220;<strong>Bardzo pomocne narz\u0119dzie do zarz\u0105dzania ryzykiem<\/strong> - Uwa\u017cam, \u017ce mapa ryzyka jest bardzo pomocna w naszym procesie zarz\u0105dzania ryzykiem. Pomaga wizualizowa\u0107 ryzyko w \u0142atwy i zrozumia\u0142y spos\u00f3b zar\u00f3wno dla zarz\u0105du, jak i reszty firmy. Jest r\u00f3wnie\u017c \u0142atwa w u\u017cyciu i szybko mo\u017cna si\u0119 zorientowa\u0107, jak dzia\u0142aj\u0105 ustawienia\".<\/em> (Anonimowy)<\/p>\n\n\n\n<p><em>&#8220;<strong>\u015awietny ma\u0142y dodatek!<\/strong> - Od roku korzystamy z mapy cieplnej LeapLytics. Jest \u0142atwa w u\u017cyciu, ma dobry stosunek jako\u015bci do ceny, a wizualizacja wygl\u0105da \u015bwietnie na naszym pulpicie nawigacyjnym ryzyka\".<\/em> (Anonimowy)<\/p>\n\n\n\n<p><em>&#8220;<strong>Idealny<\/strong> - Jest bardzo dobra, wszechstronna i praktyczna.\"<\/em> (Cynthia Mercedes Anaya Manrique)<\/p>\n\n\n\n<p><em>&#8220;<strong>\u015awietny wygl\u0105d i reakcja<\/strong> - Daje nam obraz, kt\u00f3rego potrzebowali\u015bmy, a odpowied\u017a na nasze pytania by\u0142a szybka i pomocna\".<\/em> (Anonimowy)<\/p>\n\n\n\n<p><em>&#8220;<strong>Solidny <\/strong>- Solidna oprawa wizualna\"<\/em> (Anonimowy)<\/p>","protected":false},"excerpt":{"rendered":"<p>\"Od ponad roku korzystamy z wizualizacji LeapLytics Risk Matrix \/ Heatmap w Power BI, kt\u00f3ra sta\u0142a si\u0119 niezb\u0119dnym narz\u0119dziem dla naszego zespo\u0142u. Intuicyjna konstrukcja i konfigurowalne funkcje pozwalaj\u0105 nam skutecznie wizualizowa\u0107 i ustala\u0107 priorytety ryzyka, umo\u017cliwiaj\u0105c nam skupienie si\u0119 na najbardziej krytycznych obszarach. Mo\u017cliwo\u015b\u0107 dostosowania matrycy ... <\/p>","protected":false},"author":2,"featured_media":0,"parent":0,"menu_order":0,"comment_status":"closed","ping_status":"closed","template":"","meta":{"footnotes":""},"class_list":["post-13717","page","type-page","status-publish","hentry","latest_post"],"_links":{"self":[{"href":"https:\/\/www.leaplytics.de\/pl\/wp-json\/wp\/v2\/pages\/13717","targetHints":{"allow":["GET"]}}],"collection":[{"href":"https:\/\/www.leaplytics.de\/pl\/wp-json\/wp\/v2\/pages"}],"about":[{"href":"https:\/\/www.leaplytics.de\/pl\/wp-json\/wp\/v2\/types\/page"}],"author":[{"embeddable":true,"href":"https:\/\/www.leaplytics.de\/pl\/wp-json\/wp\/v2\/users\/2"}],"replies":[{"embeddable":true,"href":"https:\/\/www.leaplytics.de\/pl\/wp-json\/wp\/v2\/comments?post=13717"}],"version-history":[{"count":5,"href":"https:\/\/www.leaplytics.de\/pl\/wp-json\/wp\/v2\/pages\/13717\/revisions"}],"predecessor-version":[{"id":13725,"href":"https:\/\/www.leaplytics.de\/pl\/wp-json\/wp\/v2\/pages\/13717\/revisions\/13725"}],"wp:attachment":[{"href":"https:\/\/www.leaplytics.de\/pl\/wp-json\/wp\/v2\/media?parent=13717"}],"curies":[{"name":"wp","href":"https:\/\/api.w.org\/{rel}","templated":true}]}}