{"id":13808,"date":"2025-07-14T10:32:30","date_gmt":"2025-07-14T08:32:30","guid":{"rendered":"https:\/\/www.leaplytics.de\/?page_id=13808"},"modified":"2025-07-14T10:32:31","modified_gmt":"2025-07-14T08:32:31","slug":"gantt-leaplytics-power-bi","status":"publish","type":"page","link":"https:\/\/www.leaplytics.de\/pl\/gantt-leaplytics-power-bi\/","title":{"rendered":"Gantt LeapLytics - Power BI"},"content":{"rendered":"<p>To proste. Umo\u017cliwiamy o\u017cywienie osi czasu i harmonogram\u00f3w projekt\u00f3w bezpo\u015brednio w Power BI. Nasza wizualizacja Leaplytics Gantt Chart przekszta\u0142ca z\u0142o\u017cone dane projektu w profesjonalne, interaktywne i kompleksowe wizualizacje osi czasu. Wy\u015bwietlaj harmonogramy projekt\u00f3w z Microsoft Project, Primavera P6, Jira, Asana i Azure DevOps dok\u0142adnie tak, jak powinny.<\/p>\n<blockquote>\n<p>\"Wreszcie wykres Gantta, kt\u00f3ry faktycznie dzia\u0142a w Power BI! Mo\u017cliwo\u015b\u0107 wy\u015bwietlania harmonogram\u00f3w naszych projekt\u00f3w z zale\u017cno\u015bciami i \u015bledzeniem post\u0119p\u00f3w bezpo\u015brednio na pulpitach mened\u017cerskich zamiast statycznych zrzut\u00f3w ekranu zmieni\u0142a nasze prezentacje projekt\u00f3w\".<br \/>- <strong>Johnson M., mened\u017cer ds. analityki biznesowej<\/strong> <em>(Sektor budowlany)<\/em><\/p>\n<\/blockquote>\n<h2 id=\"what-s-in-it-for-you-\">Co z tego b\u0119dziesz mia\u0142?<\/h2>\n<p>Odblokuj profesjonaln\u0105 wizualizacj\u0119 projekt\u00f3w dla pulpit\u00f3w nawigacyjnych Power BI:<\/p>\n<p><strong>Pi\u0119kna wizualizacja projekt\u00f3w:<\/strong> Przekszta\u0142\u0107 surowe dane projektu z Microsoft Project, Primavera P6, Jira, Asana i Azure DevOps w profesjonalnie renderowane wykresy Gantta.<\/p>\n<p><strong>Eliminacja pracy r\u0119cznej:<\/strong> Koniec z eksportowaniem zrzut\u00f3w ekranu lub r\u0119cznym tworzeniem wykres\u00f3w osi czasu. Istniej\u0105ce dane projektu s\u0105 wy\u015bwietlane jako interaktywne wykresy Gantta.<\/p>\n<p><strong>Zaimponuj interesariuszom:<\/strong> Prezentowanie profesjonalnych pulpit\u00f3w projektowych, kt\u00f3re zachowuj\u0105 wiarygodno\u015b\u0107 podczas spotka\u0144 wykonawczych i prezentacji dla interesariuszy.<\/p>\n<p><strong>Oszcz\u0119dno\u015b\u0107 czasu:<\/strong> Przesta\u0144 sp\u0119dza\u0107 godziny na r\u0119cznym tworzeniu osi czasu. Po\u0142\u0105cz dane projektu i obserwuj, jak listy zada\u0144 przekszta\u0142caj\u0105 si\u0119 w kompleksowe wizualizacje Gantta.<\/p>\n<blockquote>\n<p>\"Kiedy\u015b sp\u0119dzali\u015bmy 12 godzin tygodniowo na tworzeniu raport\u00f3w z osi czasu w naszych narz\u0119dziach do zarz\u0105dzania projektami. Teraz wszystko wy\u015bwietla si\u0119 automatycznie jako pi\u0119kne interaktywne wykresy Gantta. Nasze raporty o stanie projektu zn\u00f3w wygl\u0105daj\u0105 profesjonalnie\".<br \/>- <strong>Rodriguez A., dyrektor ds. analiz<\/strong> <em>(Technologia opieki zdrowotnej)<\/em><\/p>\n<\/blockquote>\n<h2 id=\"how-you-can-benefit\">Jak mo\u017cesz skorzysta\u0107<\/h2>\n<p>U\u017cytkownicy, kt\u00f3rzy przyj\u0119li nasz raport wizualny Leaplytics Gantt Chart:<\/p>\n<p><strong>Wyeliminowane koszmary na osi czasu:<\/strong> Koniec z r\u0119cznym tworzeniem wykres\u00f3w lub statycznymi zrzutami ekranu osi czasu w prezentacjach.<\/p>\n<p><strong>Zwi\u0119kszona adaptacja pulpitu nawigacyjnego:<\/strong> Interesariusze bardziej anga\u017cuj\u0105 si\u0119 w interaktywne wykresy Gantta, kt\u00f3re mog\u0105 przegl\u0105da\u0107 i rozumie\u0107.<\/p>\n<p><strong>Zwi\u0119kszona wiarygodno\u015b\u0107 zawodowa:<\/strong> Prezentacje wykonawcze wygl\u0105daj\u0105 na dopracowane i utrzymuj\u0105 reputacj\u0119 profesjonalisty w zakresie danych.<\/p>\n<p><strong>Ujednolicone widoki projektu:<\/strong> Wy\u015bwietlaj dane projektu z wielu platform korporacyjnych na jednym sp\u00f3jnym, interaktywnym wykresie Gantta Power BI.<\/p>\n<h2 id=\"key-features\">Kluczowe cechy<\/h2>\n<p><strong>Obs\u0142uga wielu platform:<\/strong> Obs\u0142uguje Microsoft Project, Primavera P6, Jira, Asana, Azure DevOps i dowolne tabelaryczne dane projektu.<\/p>\n<p><strong>Zaawansowany silnik osi czasu:<\/strong><\/p>\n<ul>\n<li>Inteligentne pozycjonowanie zada\u0144 i skalowanie daty<\/li>\n<li>Inteligentne hierarchiczne zarz\u0105dzanie zadaniami dla z\u0142o\u017conych projekt\u00f3w<\/li>\n<\/ul>\n<p><strong>Profesjonalna wizualizacja projekt\u00f3w:<\/strong> <\/p>\n<ul>\n<li>Renderuje odpowiednie paski zada\u0144, zale\u017cno\u015bci, kamienie milowe i \u015bledzenie post\u0119p\u00f3w z uwzgl\u0119dnieniem motyw\u00f3w Power BI.<\/li>\n<li>Interaktywna nawigacja po osi czasu z mo\u017cliwo\u015bci\u0105 powi\u0119kszania i przesuwania<\/li>\n<\/ul>\n<p><strong>Funkcje Enterprise Project:<\/strong><\/p>\n<ul>\n<li>Zale\u017cno\u015bci zada\u0144 ze strza\u0142kami relacji<\/li>\n<li>\u015aledzenie post\u0119p\u00f3w i status uko\u0144czenia<\/li>\n<li>Wizualizacja przypisania zasob\u00f3w<\/li>\n<li>Analiza \u015bcie\u017cki krytycznej<\/li>\n<\/ul>\n<p><strong>Zoptymalizowana wydajno\u015b\u0107:<\/strong> Wydajne renderowanie du\u017cych zbior\u00f3w danych projekt\u00f3w z ponad 1000 zada\u0144 i z\u0142o\u017conymi sieciami zale\u017cno\u015bci.<\/p>\n<p><strong>P\u0142ynna integracja z Power BI:<\/strong> Dzia\u0142a jak ka\u017cda inna wizualizacja Power BI, respektuj\u0105c filtry, fragmentatory i filtrowanie krzy\u017cowe.<\/p>\n<p><strong>Intuicyjna konfiguracja:<\/strong> Prosty panel formatu z rozwijanymi opcjami dla p\u00f3l zada\u0144, dat i opcji wizualizacji.<\/p>\n<p><strong>Enterprise Ready:<\/strong> Solidny system licencjonowania przeznaczony do wdra\u017cania w przedsi\u0119biorstwach z zaawansowanymi funkcjami zarz\u0105dzania projektami.<\/p>\n<h2 id=\"your-team-will-thank-you\">Tw\u00f3j zesp\u00f3\u0142 b\u0119dzie Ci wdzi\u0119czny<\/h2>\n<p><em>Masz do\u015b\u0107 statycznych zrzut\u00f3w ekranu projektu w prezentacjach dla kadry kierowniczej?<\/em> Czy kiedykolwiek mia\u0142e\u015b trudno\u015bci z wyja\u015bnieniem statusu projektu za pomoc\u0105 nudnych raport\u00f3w tabelarycznych, gdy Twoi interesariusze chcieli zobaczy\u0107 ramy czasowe? Nasz wizualny wykres Gantta Leaplytics zapewnia rozwi\u0105zanie, na kt\u00f3re czeka\u0142e\u015b. Jest to wizualizacja, o kt\u00f3rej my, jako specjali\u015bci od zarz\u0105dzania projektami, zawsze marzyli\u015bmy, pr\u00f3buj\u0105c skutecznie komunikowa\u0107 status projektu.<\/p>\n<blockquote>\n<p>\"Mo\u017cliwo\u015b\u0107 wy\u015bwietlania naszych sprint\u00f3w Azure DevOps i zale\u017cno\u015bci projektowych za pomoc\u0105 odpowiedniej wizualizacji Gantta zrewolucjonizowa\u0142a spos\u00f3b, w jaki prezentujemy status projektu kadrze kierowniczej. O\u015b czasu jest interaktywna, a konfiguracja by\u0142a niezwykle \u0142atwa\".<br \/>- <strong>Chen L., g\u0142\u00f3wny analityk danych<\/strong> <em>(Rozw\u00f3j oprogramowania)<\/em><\/p>\n<\/blockquote>\n<h2 id=\"letter-from-the-ceo\">List od dyrektora generalnego<\/h2>\n<p>Hej wszystkim-<\/p>\n<p>Jestem Stefan, CEO w LeapLytics.<\/p>\n<p>Wizualizacja projekt\u00f3w w us\u0142udze Power BI od lat stanowi uporczywy problem. Organizacje du\u017co inwestuj\u0105 w platformy takie jak Microsoft Project, Primavera P6, Jira i Azure DevOps, aby zarz\u0105dza\u0107 z\u0142o\u017conymi harmonogramami projekt\u00f3w i zale\u017cno\u015bciami. Jednak gdy dane projektu trafiaj\u0105 do us\u0142ugi Power BI, staj\u0105 si\u0119 nieczytelnymi tabelami lub wymagaj\u0105 r\u0119cznego tworzenia wykres\u00f3w.<\/p>\n<p>Ten rozd\u017awi\u0119k mi\u0119dzy zaawansowanymi narz\u0119dziami do zarz\u0105dzania projektami a podstawowymi raportami projektowymi Power BI frustrowa\u0142 niezliczonych kierownik\u00f3w projekt\u00f3w podczas prezentacji dla kadry kierowniczej. Podwa\u017ca to wiarygodno\u015b\u0107 i sprawia, \u017ce cenne informacje o projekcie s\u0105 praktycznie niewidoczne na pulpitach nawigacyjnych.<\/p>\n<p>Tradycyjne wizualizacje BI po prostu nie zosta\u0142y zaprojektowane z my\u015bl\u0105 o z\u0142o\u017conej rzeczywisto\u015bci nowoczesnego zarz\u0105dzania projektami, w kt\u00f3rej zadania maj\u0105 zale\u017cno\u015bci, \u015bledzenie post\u0119p\u00f3w, przypisywanie zasob\u00f3w i ograniczenia czasowe. Tu w\u0142a\u015bnie zaczyna si\u0119 frustracja.<\/p>\n<p>Nasza wizualizacja Leaplytics Gantt Chart dla Power BI rozwi\u0105zuje ten podstawowy problem. Uwa\u017camy, \u017ce dane projektu powinny by\u0107 prezentowane w spos\u00f3b jasny i profesjonalny wsz\u0119dzie, w tym na pulpitach nawigacyjnych Power BI.<\/p>\n<p>Chodzi o zachowanie inwestycji poczynionych w zaawansowane planowanie projekt\u00f3w i prezentowanie ich z przejrzysto\u015bci\u0105 wizualn\u0105, jakiej oczekuj\u0105 interesariusze. Zaprojektowali\u015bmy t\u0119 wizualizacj\u0119, aby poradzi\u0107 sobie ze z\u0142o\u017cono\u015bci\u0105 rzeczywistych danych projektu, zachowuj\u0105c jednocze\u015bnie prostot\u0119 konfiguracji.<\/p>\n<p>Jest to nasz wk\u0142ad w wyeliminowanie koszmaru wizualizacji projekt\u00f3w, kt\u00f3ry zbyt d\u0142ugo n\u0119ka\u0142 u\u017cytkownik\u00f3w Power BI.<\/p>\n<p>Pozdrawiam serdecznie,<br \/><strong>Stefan Preusler<\/strong><br \/>Wsp\u00f3\u0142za\u0142o\u017cyciel i dyrektor generalny, LeapLytics GmbH<\/p>\n<hr>\n<h2 id=\"ready-to-transform-your-project-visualization-\">Gotowy do przekszta\u0142cenia wizualizacji projektu?<\/h2>\n<p><a href=\"https:\/\/www.leaplytics.de\/pl\/\"><strong>Wniosek o licencj\u0119 pr\u00f3bn\u0105<\/strong><\/a><\/p>\n<h2 id=\"getting-started\">Pierwsze kroki<\/h2>\n<p>Otrzyma\u0142e\u015b licencj\u0119 lub chcesz dowiedzie\u0107 si\u0119 wi\u0119cej?<br \/>Kliknij poni\u017cej, aby uzyska\u0107 dost\u0119p do naszego kompleksowego przewodnika:<\/p>\n<p><a href=\"https:\/\/www.leaplytics.de\/pl\/getting-started-gantt-chart-power-bi\/?utm_source=extension&amp;utm_medium=power-bi&amp;utm_campaign=gantt-chart\"><strong>Pierwsze kroki - Leaplytics Gantt Chart Visual dla Power BI<\/strong><\/a><\/p>\n<hr>\n<p><em>Przekszta\u0142\u0107 dane projektu w profesjonalne wizualizacje osi czasu, kt\u00f3re b\u0119d\u0105 zrozumia\u0142e dla interesariuszy.<\/em> <\/p>","protected":false},"excerpt":{"rendered":"<p>It&#39;s straightforward. We empower you to bring your project timelines and schedules to life directly within Power BI. Our Leaplytics Gantt Chart visual transforms complex project data into professional, interactive, and comprehensive timeline visualizations. Display project schedules from Microsoft Project, Primavera P6, Jira, Asana, and Azure DevOps exactly as intended. &quot;Finally, a Gantt chart that &hellip; <\/p>","protected":false},"author":2,"featured_media":0,"parent":0,"menu_order":0,"comment_status":"closed","ping_status":"closed","template":"","meta":{"footnotes":""},"class_list":["post-13808","page","type-page","status-publish","hentry","latest_post"],"_links":{"self":[{"href":"https:\/\/www.leaplytics.de\/pl\/wp-json\/wp\/v2\/pages\/13808","targetHints":{"allow":["GET"]}}],"collection":[{"href":"https:\/\/www.leaplytics.de\/pl\/wp-json\/wp\/v2\/pages"}],"about":[{"href":"https:\/\/www.leaplytics.de\/pl\/wp-json\/wp\/v2\/types\/page"}],"author":[{"embeddable":true,"href":"https:\/\/www.leaplytics.de\/pl\/wp-json\/wp\/v2\/users\/2"}],"replies":[{"embeddable":true,"href":"https:\/\/www.leaplytics.de\/pl\/wp-json\/wp\/v2\/comments?post=13808"}],"version-history":[{"count":1,"href":"https:\/\/www.leaplytics.de\/pl\/wp-json\/wp\/v2\/pages\/13808\/revisions"}],"predecessor-version":[{"id":13809,"href":"https:\/\/www.leaplytics.de\/pl\/wp-json\/wp\/v2\/pages\/13808\/revisions\/13809"}],"wp:attachment":[{"href":"https:\/\/www.leaplytics.de\/pl\/wp-json\/wp\/v2\/media?parent=13808"}],"curies":[{"name":"wp","href":"https:\/\/api.w.org\/{rel}","templated":true}]}}