{"id":13813,"date":"2025-07-14T10:52:57","date_gmt":"2025-07-14T08:52:57","guid":{"rendered":"https:\/\/www.leaplytics.de\/?page_id=13813"},"modified":"2025-11-08T21:23:14","modified_gmt":"2025-11-08T20:23:14","slug":"rozpoczecie-pracy-z-gantt","status":"publish","type":"page","link":"https:\/\/www.leaplytics.de\/pl\/rozpoczecie-pracy-z-gantt\/","title":{"rendered":"Pierwsze kroki - Gantt"},"content":{"rendered":"<p><a href=\"#minimum-requirement\">Minimalne wymagania<\/a> | <a href=\"#license\">Licencja<\/a> |\u00a0<a href=\"#features\">Cechy<\/a> | <a href=\"#zoom-pan\">Zoom &amp; Pan<\/a> | <a href=\"#filter\">Filtr<\/a> | <a href=\"#troubleshooting\">Rozwi\u0105zywanie problem\u00f3w<\/a><\/p>\n\n<p>Zespo\u0142y z r\u00f3\u017cnych bran\u017c u\u017cywaj\u0105 wykresu Gantta LeapLytics do wizualizacji harmonogram\u00f3w projekt\u00f3w, zale\u017cno\u015bci, kamieni milowych, hierarchii i alokacji zasob\u00f3w bezpo\u015brednio w Power BI. Wizualizacja jest szybka i stworzona z my\u015bl\u0105 o raportowaniu klasy korporacyjnej. Dzi\u0119ki takim funkcjom jak dynamiczne powi\u0119kszanie, wy\u015bwietlanie \u015bcie\u017cki krytycznej, konfigurowalny styl osi czasu, strza\u0142ki zale\u017cno\u015bci, typy kamieni milowych, linie bazowe i pe\u0142na obs\u0142uga hierarchii, u\u017cytkownicy uzyskuj\u0105 natychmiastowy, niezawodny przegl\u0105d ka\u017cdego projektu.<\/p>\n\n<p><div class=\"wp-block-image\">\n<figure class=\"aligncenter size-large\"><img loading=\"lazy\" decoding=\"async\" width=\"1024\" height=\"466\" src=\"https:\/\/www.leaplytics.de\/wp-content\/uploads\/2025\/11\/resource-1024x466.png\" alt=\"\" class=\"wp-image-14108\" srcset=\"https:\/\/www.leaplytics.de\/wp-content\/uploads\/2025\/11\/resource-1024x466.png 1024w, https:\/\/www.leaplytics.de\/wp-content\/uploads\/2025\/11\/resource-300x137.png 300w, https:\/\/www.leaplytics.de\/wp-content\/uploads\/2025\/11\/resource-768x350.png 768w, https:\/\/www.leaplytics.de\/wp-content\/uploads\/2025\/11\/resource-18x8.png 18w, https:\/\/www.leaplytics.de\/wp-content\/uploads\/2025\/11\/resource-132x60.png 132w, https:\/\/www.leaplytics.de\/wp-content\/uploads\/2025\/11\/resource.png 1463w\" sizes=\"auto, (max-width: 1024px) 100vw, 1024px\" \/><\/figure><\/div><\/p>\n\n<p>Je\u015bli dane projektu s\u0105 dost\u0119pne, mo\u017cna w pe\u0142ni skonfigurowa\u0107 i uruchomi\u0107 wykres Gantta LeapLytics w aplikacji <strong>poni\u017cej 5 minut<\/strong>. Otrzymasz dzia\u0142aj\u0105cy Gantt zawieraj\u0105cy zadania, daty, zale\u017cno\u015bci, kamienie milowe i formatowanie - gotowy do prezentacji, analizy i raportowania interesariuszom.<\/p>\n\n\n\n<h3 class=\"wp-block-heading\" id=\"enhanced-data-model-structure\">Minimalne wymagania<\/h3>\n\n\n<p><div class=\"wp-block-image\">\n<figure class=\"aligncenter size-large\"><img decoding=\"async\" src=\"https:\/\/www.leaplytics.de\/wp-content\/uploads\/2025\/11\/minimum-requirement-arrows.png\" alt=\"\" class=\"wp-image-14108\"\/><\/figure><\/div><\/p>\n\n\n<blockquote class=\"wp-block-quote is-layout-flow wp-block-quote-is-layout-flow\">\n<p><strong>\u26a0\ufe0f Wa\u017cne:<\/strong> Dane powinny mie\u0107 struktur\u0119 tabelaryczn\u0105 z ka\u017cdym wierszem reprezentuj\u0105cym zadanie i kolumnami zawieraj\u0105cymi w\u0142a\u015bciwo\u015bci zadania.<\/p>\n<\/blockquote>\n\n\n<p>Wizualizacja wymaga jedynie minimalnego zestawu p\u00f3l, aby stworzy\u0107 w pe\u0142ni funkcjonaln\u0105 o\u015b czasu.  Ka\u017cde zadanie musi zawiera\u0107 unikalny <strong>Identyfikator zadania<\/strong>czytelny <strong>Nazwa zadania<\/strong>oraz par\u0119 dat okre\u015blaj\u0105cych czas jej trwania.\nDaty te mog\u0105 by\u0107 nast\u0119puj\u0105ce <strong>Planowane<\/strong>, <strong>Rzeczywisty<\/strong>lub <strong>Szacowany<\/strong>-Wizualizacja automatycznie wykrywa typ dostarczonych danych i odpowiednio dostosowuje o\u015b czasu. Dzi\u0119ki tej elastyczno\u015bci, Gantt mo\u017ce reprezentowa\u0107 proste harmonogramy, pe\u0142ne <strong>plan-versus-actual<\/strong> por\u00f3wnania lub zaawansowane scenariusze, kt\u00f3re \u0142\u0105cz\u0105 <strong>planowany<\/strong>, <strong>rzeczywisty<\/strong>oraz <strong>szacowany<\/strong> osie czasu r\u00f3wnolegle.<\/p>\n\n<p><div class=\"wp-block-image\">\n<figure class=\"aligncenter size-large\"><img decoding=\"async\" src=\"https:\/\/www.leaplytics.de\/wp-content\/uploads\/2025\/11\/minimum-requirement-data-fields.png\" alt=\"\" class=\"wp-image-14108\"\/><\/figure><\/div><\/p>\n\n<p>Poniewa\u017c wizualizacja samodzielnie interpretuje typy dat, mo\u017cna poda\u0107 dowolne pola, kt\u00f3re zawieraj\u0105 ju\u017c dane projektu. Je\u015bli uwzgl\u0119dnisz wszystkie trzy (<strong>Planowane<\/strong>, <strong>Rzeczywisty<\/strong>, <strong>Szacowany<\/strong>), Gantt wy\u015bwietli wszystkie odpowiadaj\u0105ce im paski. Podanie tylko jednego zestawu dat spowoduje wy\u015bwietlenie pojedynczego paska osi czasu. \n<strong>Pola czasu trwania<\/strong> mog\u0105 by\u0107 r\u00f3wnie\u017c u\u017cywane zamiast dat ko\u0144cowych; gdy wyst\u0119puj\u0105 zar\u00f3wno czas trwania, jak i data ko\u0144cowa,\npierwsze\u0144stwo ma warto\u015b\u0107 czasu trwania. Wszystkie pola daty musz\u0105 by\u0107 w formacie <strong>Format datetime zgodny z Power BI<\/strong> \naby zapewni\u0107 prawid\u0142owe renderowanie.\n<\/p>\n\n\n<pre class=\"wp-block-code\"><code>\n  -- =====================================================\n  -- WYMAGANE POLA (wymagane minimum danych)\n  -- =====================================================\n  'TASK-001' AS Task ID, -- Unikalny identyfikator\n  'Requirements Analysis' AS Task Name, -- Wy\u015bwietlana nazwa\n  '2025-01-01' AS Planowana\/szacowana\/rzeczywista data rozpocz\u0119cia, -- Data rozpocz\u0119cia\n  '2025-01-15' AS Planowana\/szacowana\/rzeczywista data zako\u0144czenia, -- Data zako\u0144czenia\n\n  -- OBS\u0141UGIWANE SCENARIUSZE DANYCH =====\n  -- Wizualizacja automatycznie wykrywa dostarczone dane:\n  --\n  -- 1. tylko plan (linia bazowa):        Tylko planowana data rozpocz\u0119cia + planowana data zako\u0144czenia.\n  -- 2. tylko rzeczywiste (powykonawcze):      Tylko rzeczywista data rozpocz\u0119cia + rzeczywista data zako\u0144czenia.\n  -- 3. Plan vs. Actual (Rzeczywista): zar\u00f3wno planowana, jak i rzeczywista data (pokazuje oba s\u0142upki)\n  -- 4. Plan + Estimated:            Planowane + Szacowane daty (pokazuje pasek planu + cienki szacunek)\n  -- 5. rzeczywiste + szacowane:          Rzeczywiste + Szacowane daty (pokazuje rzeczywisty pasek + cienki szacunek)\n  -- 6) Plan + Rzeczywiste + Szacowane:   Wszystkie trzy typy dat (pokazuje wszystkie trzy paski osi czasu)\n  -- 7. Tylko szacowane:              Tylko szacowana data rozpocz\u0119cia + tylko szacowana data zako\u0144czenia\n  --\n  -- ===== UWAGI =====\n  -- - Pola Duration s\u0105 opcjonalne i zast\u0119puj\u0105 odpowiadaj\u0105ce im pola EndDate, je\u015bli oba zosta\u0142y podane.\n  -- Pola daty musz\u0105 by\u0107 w formacie datetime rozpoznawanym przez PowerBI.\n<\/code><\/pre>\n\n\n<figure class=\"wp-block-image size-large is-resized\"><\/figure>\n\n\n<hr class=\"wp-block-separator has-alpha-channel-opacity\"\/>\n\n\n\n<h3 class=\"wp-block-heading\" id=\"license\">Licencja<\/h3>\n\n\n\n<figure class=\"wp-block-image size-large\"><img loading=\"lazy\" decoding=\"async\" width=\"1024\" height=\"453\" src=\"https:\/\/www.leaplytics.de\/wp-content\/uploads\/2025\/11\/license-1024x453.png\" alt=\"Licencja\" class=\"wp-image-14175\" srcset=\"https:\/\/www.leaplytics.de\/wp-content\/uploads\/2025\/11\/license-1024x453.png 1024w, https:\/\/www.leaplytics.de\/wp-content\/uploads\/2025\/11\/license-300x133.png 300w, https:\/\/www.leaplytics.de\/wp-content\/uploads\/2025\/11\/license-768x340.png 768w, https:\/\/www.leaplytics.de\/wp-content\/uploads\/2025\/11\/license-1536x680.png 1536w, https:\/\/www.leaplytics.de\/wp-content\/uploads\/2025\/11\/license-18x8.png 18w, https:\/\/www.leaplytics.de\/wp-content\/uploads\/2025\/11\/license-136x60.png 136w, https:\/\/www.leaplytics.de\/wp-content\/uploads\/2025\/11\/license.png 1687w\" sizes=\"auto, (max-width: 1024px) 100vw, 1024px\" \/><\/figure>\n\n\n<p>Skopiuj kod licencji i wklej go w polu Licencja, naciskaj\u0105c CTRL+V. Je\u015bli nie masz jeszcze licencji pr\u00f3bnej, mo\u017cesz o ni\u0105 poprosi\u0107 \n<a href=\"https:\/\/www.leaplytics.de\/pl\/power-bi-gantt-wyprobuj-teraz\/\" style=\"text-decoration: underline;\">tutaj<\/a>.<\/p>\n\n\n<hr class=\"wp-block-separator has-alpha-channel-opacity\"\/>\n\n\n\n<h3 class=\"wp-block-heading\" id=\"features\">Cechy<\/h3>\n\n\n<p>Wykres Gantta LeapLytics zapewnia wizualizacj\u0119 projekt\u00f3w klasy korporacyjnej z takimi funkcjami jak <strong>hierarchie zada\u0144<\/strong>, <strong>\u015bledzenie post\u0119p\u00f3w<\/strong>, <strong>przypisania zasob\u00f3w<\/strong>, <strong>zale\u017cno\u015bci<\/strong>, <strong>kamienie milowe<\/strong>oraz <strong>Elastyczna nawigacja po osi czasu<\/strong> Pocz\u0105wszy od szczeg\u00f3\u0142\u00f3w na poziomie minut, a\u017c po widoki dekadowe. Automatycznie interpretuje <strong>Planowane<\/strong>, <strong>Rzeczywisty<\/strong>oraz <strong>Szacowany<\/strong> daty, wy\u015bwietla pasuj\u0105ce paski osi czasu i oferuje kompletne <strong>stylizacja<\/strong> oraz <strong>linia bazowa<\/strong> zapewniaj\u0105c profesjonalne raportowanie o wysokiej przejrzysto\u015bci bezpo\u015brednio w us\u0142udze Power BI.<\/p>\n\n<p> Je\u015bli dane s\u0105 dost\u0119pne, mo\u017cna skonfigurowa\u0107 w pe\u0142ni funkcjonalny Gantt - w tym zadania, daty, zale\u017cno\u015bci, kamienie milowe, formatowanie i nawigacj\u0119 - w ramach opcji <strong>5 minut<\/strong>. Wizualizacja natychmiast dostosowuje si\u0119 do podanych p\u00f3l, umo\u017cliwiaj\u0105c szybk\u0105 konfiguracj\u0119 przy minimalnym wysi\u0142ku i dostarczaj\u0105c gotow\u0105 do u\u017cycia o\u015b czasu dla zespo\u0142\u00f3w, mened\u017cer\u00f3w i interesariuszy.<\/p>\n\n\n<h4 class=\"wp-block-heading\">Hierarchia<\/h4>\n\n\n<p><div class=\"wp-block-image\">\n<figure class=\"aligncenter size-large\"><img decoding=\"async\" src=\"https:\/\/www.leaplytics.de\/wp-content\/uploads\/2025\/11\/hierarchy-arrow.png\" alt=\"\" class=\"wp-image-14095\"\/><\/figure><\/div><\/p>\n\n<p>The <strong>Hierarchia<\/strong> Funkcja ta pozwala podzieli\u0107 projekt na zadania nadrz\u0119dne i podrz\u0119dne, tworz\u0105c przejrzysty i intuicyjny podzia\u0142 pracy. Przypisuj\u0105c ka\u017cdemu zadaniu <strong>Identyfikator zadania nadrz\u0119dnego<\/strong>Wykres Gantta automatycznie tworzy zagnie\u017cd\u017cone poziomy, kt\u00f3re odzwierciedlaj\u0105 prawdziw\u0105 struktur\u0119 projektu.  Zapewnia to widoczno\u015b\u0107 zwijan\u0105, sk\u0142adane grupy i przejrzysty przegl\u0105d z\u0142o\u017conych projekt\u00f3w, pomagaj\u0105c zespo\u0142om zrozumie\u0107 fazy, pakiety robocze i szczeg\u00f3\u0142owe podzadania na pierwszy rzut oka.<\/p>\n\n\n<pre class=\"wp-block-code\"><code>\n    'PROJ-001' AS ParentTaskID, -- Zadanie nadrz\u0119dne dla hierarchii\n  ===== UWAGI =====\n  -- Hierarchia: Identyfikator zadania dla zadania nadrz\u0119dnego\n<\/code><\/pre>\n\n\n<div class=\"wp-block-image\">\n<figure class=\"aligncenter size-large\"><img decoding=\"async\" src=\"https:\/\/www.leaplytics.de\/wp-content\/uploads\/2025\/11\/hiearchy-table.png\" alt=\"\" class=\"wp-image-14095\"\/><\/figure><\/div>\n\n\n<hr class=\"wp-block-separator has-alpha-channel-opacity\"\/>\n\n\n\n<h4 class=\"wp-block-heading\">Post\u0119p<\/h4>\n\n\n<p><div class=\"wp-block-image\">\n<figure class=\"aligncenter size-large\"><img decoding=\"async\" src=\"https:\/\/www.leaplytics.de\/wp-content\/uploads\/2025\/11\/progress-arrows.png\" alt=\"\" class=\"wp-image-14100\"\/><\/figure><\/div><\/p>\n\n<p>The <strong>Post\u0119p<\/strong> umo\u017cliwia \u015bledzenie uko\u0144czenia zadania bezpo\u015brednio na wykresie Gantta. Podaj\u0105c warto\u015b\u0107 procentow\u0105 pomi\u0119dzy <strong>0<\/strong> oraz <strong>100<\/strong>Wizualizacja wyra\u017anie pokazuje, jak daleko posun\u0119\u0142o si\u0119 ka\u017cde zadanie, umo\u017cliwiaj\u0105c natychmiastowy wgl\u0105d w status projektu. Niezale\u017cnie od tego, czy zadanie nie zosta\u0142o rozpocz\u0119te, cz\u0119\u015bciowo uko\u0144czone, czy w pe\u0142ni uko\u0144czone, wska\u017aniki post\u0119pu pomagaj\u0105 zespo\u0142om i interesariuszom monitorowa\u0107 realizacj\u0119 i identyfikowa\u0107 obszary, kt\u00f3re mog\u0105 wymaga\u0107 uwagi.\n<\/p>\n\n\n<pre class=\"wp-block-code\"><code>\n  -- =====================================================\n  -- PROGRESS\n  -- =====================================================\n  65 AS Progress, -- Completion % (0-100)\n  -- ===== UWAGI =====\n  -- Post\u0119p: 0 = nie rozpocz\u0119to, 100 = zako\u0144czono\n<\/code><\/pre>\n\n\n<p><div class=\"wp-block-image\">\n<figure class=\"aligncenter size-large\"><img decoding=\"async\" src=\"https:\/\/www.leaplytics.de\/wp-content\/uploads\/2025\/11\/progress-data-fields.png\" alt=\"\" class=\"wp-image-14100\"\/><\/figure><\/div><\/p>\n\n\n<hr class=\"wp-block-separator has-alpha-channel-opacity\"\/>\n\n\n\n<h4 class=\"wp-block-heading\" id=\"enhanced-data-model-structure\">Zasoby<\/h4>\n\n\n<p><div class=\"wp-block-image\">\n<figure class=\"aligncenter size-large\"><img decoding=\"async\" src=\"https:\/\/www.leaplytics.de\/wp-content\/uploads\/2025\/11\/resource-overview.png\" alt=\"\" class=\"wp-image-14108\"\/><\/figure><\/div><\/p>\n\n<p>The <strong>Zasoby<\/strong> umo\u017cliwia przypisanie jednej lub wielu os\u00f3b, zespo\u0142\u00f3w lub r\u00f3l do zadania. Podaj\u0105c nazw\u0119 - lub <strong>lista rozdzielana przecinkami<\/strong> dla wielu zasob\u00f3w - wykres Gantta wyra\u017anie pokazuje, kto jest odpowiedzialny za ka\u017cde dzia\u0142anie. Pomaga to zespo\u0142om zrozumie\u0107 rozk\u0142ad obci\u0105\u017cenia prac\u0105, zidentyfikowa\u0107 potencjalne w\u0105skie gard\u0142a i poprawi\u0107 koordynacj\u0119 r\u00f3wnoleg\u0142ych zada\u0144. Przypisania zasob\u00f3w s\u0105 wy\u015bwietlane bezpo\u015brednio obok osi czasu, co zapewnia natychmiastow\u0105 przejrzysto\u015b\u0107.\n<\/p>\n\n\n<pre class=\"wp-block-code\"><code>\n    'John Smith, Jane Doe' AS Resource, -- Oddzielone przecinkami dla wielokrotno\u015bci\n  ===== UWAGI =====\n  -- Wiele zasob\u00f3w: warto\u015bci oddzielone przecinkami w pojedynczym polu\n<\/code><\/pre>\n\n\n<p><div class=\"wp-block-image\">\n<figure class=\"aligncenter size-large\"><img decoding=\"async\" src=\"https:\/\/www.leaplytics.de\/wp-content\/uploads\/2025\/11\/resource-arrows.png\" alt=\"\" class=\"wp-image-14108\"\/><\/figure><\/div><\/p>\n\n\n<hr class=\"wp-block-separator has-alpha-channel-opacity\"\/>\n\n\n\n<h4 class=\"wp-block-heading\" id=\"enhanced-data-model-structure\">Poprzednicy<\/h4>\n\n\n<p><div class=\"wp-block-image\">\n<figure class=\"aligncenter size-large\"><img decoding=\"async\" src=\"https:\/\/www.leaplytics.de\/wp-content\/uploads\/2025\/11\/predecessors-arrows.png\" alt=\"\" class=\"wp-image-14116\"\/><\/figure><\/div><\/p>\n\n<p>The <strong>Poprzednicy<\/strong> definiuje zale\u017cno\u015bci mi\u0119dzy zadaniami, wymieniaj\u0105c jeden lub wi\u0119cej poprzedzaj\u0105cych identyfikator\u00f3w zada\u0144. Podaj\u0105c <strong>lista rozdzielana przecinkami<\/strong> Wykres Gantta automatycznie rysuje linie zale\u017cno\u015bci od zako\u0144czenia do rozpocz\u0119cia, dzi\u0119ki czemu logiczny przep\u0142yw projektu jest wyra\u017anie widoczny. Pomaga to zespo\u0142om zrozumie\u0107 sekwencjonowanie, zidentyfikowa\u0107 op\u00f3\u017anienia i utrzyma\u0107 realistyczny, powi\u0105zany harmonogram projektu.\n<\/p>\n\n\n<pre class=\"wp-block-code\"><code>\n    'TASK-005, TASK-007' AS Predecessors -- Identyfikatory poprzednik\u00f3w oddzielone przecinkami\n  ===== UWAGI =====\n  -- Poprzedniki: oddzielone przecinkami identyfikatory zada\u0144 dla zale\u017cno\u015bci od zako\u0144czenia do rozpocz\u0119cia.\n<\/code><\/pre>\n\n\n<p><div class=\"wp-block-image\">\n<figure class=\"aligncenter size-large\"><img decoding=\"async\" src=\"https:\/\/www.leaplytics.de\/wp-content\/uploads\/2025\/11\/predecessors-data-fields.png\" alt=\"\" class=\"wp-image-14116\"\/><\/figure><\/div><\/p>\n\n\n<hr class=\"wp-block-separator has-alpha-channel-opacity\"\/>\n\n\n\n<h3 class=\"wp-block-heading\" id=\"zoom-pan\">Zoom &amp; Pan<\/h3>\n\n<p><div class=\"wp-block-image\">\n<figure class=\"aligncenter size-large\"><img decoding=\"async\" src=\"https:\/\/www.leaplytics.de\/wp-content\/uploads\/2025\/11\/zoom.gif\" alt=\"\" class=\"wp-image-14116\"\/><\/figure><\/div><\/p>\n\n<p>Mo\u017cesz \u0142atwo porusza\u0107 si\u0119 po osi czasu za pomoc\u0105 wbudowanych element\u00f3w steruj\u0105cych powi\u0119kszeniem i przesuwaniem. Przytrzymaj <strong>ALT<\/strong> i u\u017cywa\u0107 <strong>k\u00f3\u0142ko myszy<\/strong> aby powi\u0119kszy\u0107 lub pomniejszy\u0107, lub u\u017cyj <strong>gest uszczypni\u0119cia dwoma palcami<\/strong> na urz\u0105dzeniach mobilnych. Aby przesuwa\u0107, przytrzymaj przycisk <strong>lewy przycisk myszy<\/strong> i przeci\u0105gnij wykres w lewo lub w prawo, lub po prostu umie\u015b\u0107 palec na ekranie i przesu\u0144 go, aby eksplorowa\u0107 o\u015b czasu na urz\u0105dzeniach mobilnych. Wizualizacja obs\u0142uguje wszystko, od <strong>Widok pojedynczego dnia minuta po minucie<\/strong> do <strong>widok projektu na wysokim poziomie obejmuj\u0105cy ponad 10 lat<\/strong>.\n<\/p>\n\n\n<h3 class=\"wp-block-heading\" id=\"troubleshooting\">Rozwi\u0105zywanie problem\u00f3w<\/h3>\n\n\n\n<h4 class=\"wp-block-heading\" id=\"-cross-filtering-problems-\">Problemy z filtrowaniem krzy\u017cowym<\/h4>\n\n\n\n<p><strong>Wyb\u00f3r nie dzia\u0142a z innymi elementami wizualnymi:<\/strong><\/p>\n\n\n\n<ul class=\"wp-block-list\">\n<li>Sprawdzi\u0107, czy mapowanie danych kategorialnych jest poprawnie skonfigurowane.<\/li>\n\n\n\n<li>\u2705 Sprawd\u017a ustawienia filtrowania krzy\u017cowego PowerBI dla wizualizacji<\/li>\n\n\n\n<li>Upewnij si\u0119, \u017ce pole TaskID jest u\u017cywane sp\u00f3jnie we wszystkich elementach wizualnych.<\/li>\n\n\n\n<li>\u2705 Funkcja wyboru testu z uproszczonym raportem<\/li>\n<\/ul>\n\n\n\n<p><strong>Pod\u015bwietlanie nie odpowiada:<\/strong><\/p>\n\n\n\n<ul class=\"wp-block-list\">\n<li>Sprawdzenie struktury danych w mapowaniu kategorialnym<\/li>\n\n\n\n<li>Weryfikacja integracji mened\u017cera wyboru PowerBI<\/li>\n\n\n\n<li>Test z wizualizacj\u0105 tabeli PowerBI w celu potwierdzenia dzia\u0142ania filtrowania krzy\u017cowego.<\/li>\n\n\n\n<li>Przegl\u0105d generowania identyfikator\u00f3w wyboru dla danych zada\u0144<\/li>\n<\/ul>\n\n\n\n<h4 class=\"wp-block-heading\" id=\"-data-mapping-problems-\">Problemy z mapowaniem danych<\/h4>\n\n\n\n<p><strong>Pola nie zosta\u0142y rozpoznane:<\/strong><\/p>\n\n\n\n<ul class=\"wp-block-list\">\n<li>Sprawdzanie zgodno\u015bci typ\u00f3w danych p\u00f3l z oczekiwanymi formatami (daty, liczby, tekst).<\/li>\n\n\n\n<li>Sprawd\u017a, czy mapowanie p\u00f3l w panelu danych odpowiada nazwom kolumn.<\/li>\n\n\n\n<li>Upewnij si\u0119, \u017ce kolumny obliczeniowe s\u0105 prawid\u0142owo zdefiniowane w modelu danych.<\/li>\n\n\n\n<li>Test z prostym zestawem danych w celu wyizolowania problem\u00f3w z mapowaniem w terenie.<\/li>\n<\/ul>\n\n\n\n<p><strong>Post\u0119p\/status nie jest wy\u015bwietlany:<\/strong><\/p>\n\n\n\n<ul class=\"wp-block-list\">\n<li>Pole Verify Progress zawiera warto\u015bci liczbowe w zakresie 0-100.<\/li>\n\n\n\n<li>Pole Sprawd\u017a status zawiera oczekiwane warto\u015bci statusu.<\/li>\n\n\n\n<li>Upewnij si\u0119, \u017ce paski post\u0119pu s\u0105 w\u0142\u0105czone w panelu formatu.<\/li>\n\n\n\n<li>Test z przyk\u0142adowymi danymi zawieraj\u0105cymi r\u00f3\u017cne warto\u015bci post\u0119pu<\/li>\n<\/ul>\n\n\n\n<h4 class=\"wp-block-heading\" id=\"-hierarchical-structure-issues-\">Kwestie struktury hierarchicznej<\/h4>\n\n\n\n<p><strong>Relacje rodzic-dziecko nie dzia\u0142aj\u0105:<\/strong><\/p>\n\n\n\n<ul class=\"wp-block-list\">\n<li>Sprawd\u017a, czy pole ParentTask zawiera prawid\u0142owe identyfikatory TaskID dla zada\u0144 nadrz\u0119dnych.<\/li>\n\n\n\n<li>\u2705 Sprawdzenie odwo\u0142a\u0144 cyklicznych rodzic-dziecko<\/li>\n\n\n\n<li>Upewnij si\u0119, \u017ce poziomy hierarchii nie przekraczaj\u0105 rozs\u0105dnych limit\u00f3w.<\/li>\n\n\n\n<li>\u2705 Testowanie funkcji rozwijania\/zwijania z prost\u0105 hierarchi\u0105<\/li>\n<\/ul>\n\n\n\n<p><strong>Nieprawid\u0142owe obliczenia Rollup:<\/strong><\/p>\n\n\n\n<ul class=\"wp-block-list\">\n<li>\u2705 Sprawd\u017a konfiguracj\u0119 rollup\u00f3w w ustawieniach panelu formatu<\/li>\n\n\n\n<li>Weryfikacja kompletno\u015bci i dok\u0142adno\u015bci danych dotycz\u0105cych zada\u0144 dziecka.<\/li>\n\n\n\n<li>\u2705 Testowanie logiki rollup przy u\u017cyciu znanych przypadk\u00f3w testowych<\/li>\n\n\n\n<li>Przegl\u0105d logiki obliczania dat dla zakres\u00f3w zada\u0144 nadrz\u0119dnych<\/li>\n<\/ul>\n\n\n\n<hr class=\"wp-block-separator has-alpha-channel-opacity\"\/>\n\n\n\n<h3 class=\"wp-block-heading\" id=\"-advanced-best-practices\">Zaawansowane najlepsze praktyki<\/h3>\n\n\n\n<ul class=\"wp-block-list\">\n<li><strong>Jako\u015b\u0107 danych<\/strong>: Sprawd\u017a poprawno\u015b\u0107 wszystkich dat, upewnij si\u0119, \u017ce identyfikatory TaskID s\u0105 unikalne, sprawd\u017a odniesienia do zale\u017cno\u015bci.<\/li>\n\n\n\n<li><strong>Optymalizacja wydajno\u015bci<\/strong>: Ograniczenie rozmiaru zbioru danych, u\u017cywanie odpowiednich typ\u00f3w danych, optymalizacja oblicze\u0144 DAX<\/li>\n\n\n\n<li><strong>Projekt hierarchii<\/strong>: Zaplanuj logiczne relacje rodzic-dziecko, unikaj g\u0142\u0119bokiego zagnie\u017cd\u017cania, zachowaj przejrzyst\u0105 struktur\u0119.<\/li>\n\n\n\n<li><strong>Modelowanie zale\u017cno\u015bci<\/strong>: Mapowanie realistycznych zale\u017cno\u015bci, unikanie odwo\u0142a\u0144 cyklicznych, stosowanie odpowiednich czas\u00f3w op\u00f3\u017anienia.<\/li>\n\n\n\n<li><strong>Strategia testowania<\/strong>: Test z przyk\u0142adowymi danymi, walidacja wszystkich funkcji, test wydajno\u015bci z du\u017cymi zbiorami danych.<\/li>\n<\/ul>\n\n\n\n<h4 class=\"wp-block-heading\" id=\"-visual-configuration-best-practices-\"><strong>Najlepsze praktyki konfiguracji wizualnej<\/strong> \u2728<\/h4>\n\n\n\n<ul class=\"wp-block-list\">\n<li><strong>Skalowanie osi czasu<\/strong>: Wybierz odpowiedni domy\u015blny poziom powi\u0119kszenia, skonfiguruj rozs\u0105dne zakresy dat, w\u0142\u0105cz skalowanie adaptacyjne.<\/li>\n\n\n\n<li><strong>Strategia kolor\u00f3w<\/strong>: U\u017cywaj sp\u00f3jnych schemat\u00f3w kolor\u00f3w, mapuj kolory na znacz\u0105ce atrybuty danych, zapewnij zgodno\u015b\u0107 z wymogami dost\u0119pno\u015bci.<\/li>\n\n\n\n<li><strong>Optymalizacja uk\u0142adu<\/strong>: Konfiguracja odpowiedniej wysoko\u015bci paska zada\u0144, optymalizacja pozycjonowania tekstu, zr\u00f3wnowa\u017cenie g\u0119sto\u015bci informacji<\/li>\n\n\n\n<li><strong>Projektowanie interaktywne<\/strong>: Umo\u017cliwiaj\u0105 intuicyjn\u0105 nawigacj\u0119, zapewniaj\u0105 wyra\u017ane wizualne informacje zwrotne, obs\u0142uguj\u0105 zar\u00f3wno mysz, jak i dotyk.<\/li>\n<\/ul>\n\n\n\n\n<h4 class=\"wp-block-heading\" id=\"supported-data-sources-reference\">Obs\u0142ugiwane \u017ar\u00f3d\u0142a danych<\/h4>\n\n\n\n<figure class=\"wp-block-table\"><table class=\"has-fixed-layout\"><thead><tr><th><strong>\u0179r\u00f3d\u0142o danych<\/strong><\/th><th><strong>Platforma<\/strong><\/th><th><strong>Status<\/strong><\/th><th><strong>Kluczowe pola<\/strong><\/th><th><strong>Uwagi dotycz\u0105ce integracji<\/strong><\/th><\/tr><\/thead><tbody><tr><td><strong>Microsoft Project<\/strong><\/td><td>MS Project<\/td><td>Podstawowa<\/td><td>Identyfikator zadania, nazwa, rozpocz\u0119cie, zako\u0144czenie, zale\u017cno\u015bci<\/td><td>Eksport jako Excel lub po\u0142\u0105czenie przez Project Online<\/td><\/tr><tr><td><strong>Primavera P6<\/strong><\/td><td>Oracle<\/td><td>Podstawowa<\/td><td>Identyfikator aktywno\u015bci, nazwa, pocz\u0105tek, koniec, poprzednicy<\/td><td>Eksport jako Excel lub import XML<\/td><\/tr><tr><td><strong>Azure DevOps<\/strong><\/td><td>Microsoft<\/td><td>Podstawowa<\/td><td>Identyfikator elementu pracy, tytu\u0142, data rozpocz\u0119cia, data docelowa<\/td><td>Bezpo\u015brednie po\u0142\u0105czenie API lub eksport<\/td><\/tr><tr><td><strong>Jira<\/strong><\/td><td>Atlassian<\/td><td>Podstawowa<\/td><td>Klucz wydania, podsumowanie, termin p\u0142atno\u015bci, linki<\/td><td>Eksport lub integracja API<\/td><\/tr><tr><td><strong>Excel\/CSV<\/strong><\/td><td>Og\u00f3lne<\/td><td>Podstawowa<\/td><td>Pola niestandardowe zmapowane do wymaga\u0144 Gantta<\/td><td>Bezpo\u015bredni import PowerBI<\/td><\/tr><tr><td><strong>Asana<\/strong><\/td><td>Asana<\/td><td>Wt\u00f3rny<\/td><td>Identyfikator zadania, nazwa, data rozpocz\u0119cia, data zako\u0144czenia<\/td><td>Eksportuj jako CSV<\/td><\/tr><tr><td><strong>Sto\u0142y niestandardowe<\/strong><\/td><td>Baza danych<\/td><td>Wt\u00f3rny<\/td><td>Zdefiniowany przez u\u017cytkownika schemat pasuj\u0105cy do modelu Gantta<\/td><td>Bezpo\u015brednie po\u0142\u0105czenie z baz\u0105 danych<\/td><\/tr><\/tbody><\/table><\/figure>\n\n\n\n<p>Ta kompleksowa wizualizacja przekszta\u0142ca z\u0142o\u017cone dane projektu w pi\u0119kne, interaktywne wykresy Gantta, kt\u00f3re zachowuj\u0105 profesjonaln\u0105 jako\u015b\u0107 i obs\u0142uguj\u0105 zaawansowane przep\u0142ywy pracy zarz\u0105dzania projektami bezpo\u015brednio w pulpitach nawigacyjnych PowerBI. Interesariusze wreszcie zobacz\u0105 harmonogramy projekt\u00f3w w spos\u00f3b, w jaki powinny by\u0107 wy\u015bwietlane - przejrzysty, interaktywny i profesjonalnie sformatowany.<\/p>","protected":false},"excerpt":{"rendered":"<p>Minimum Requirements | License |\u00a0Features | Zoom &amp; Pan | Filter | Troubleshooting Teams across industries use the LeapLytics Gantt Chart to visualize project timelines, dependencies, milestones, hierarchies, and resource allocations directly inside Power BI. The visual is fast, and built for enterprise-grade reporting. With features such as dynamic zooming, critical path display, customizable timeline &hellip; <\/p>","protected":false},"author":2,"featured_media":0,"parent":0,"menu_order":0,"comment_status":"closed","ping_status":"closed","template":"","meta":{"footnotes":""},"class_list":["post-13813","page","type-page","status-publish","hentry","latest_post"],"_links":{"self":[{"href":"https:\/\/www.leaplytics.de\/pl\/wp-json\/wp\/v2\/pages\/13813","targetHints":{"allow":["GET"]}}],"collection":[{"href":"https:\/\/www.leaplytics.de\/pl\/wp-json\/wp\/v2\/pages"}],"about":[{"href":"https:\/\/www.leaplytics.de\/pl\/wp-json\/wp\/v2\/types\/page"}],"author":[{"embeddable":true,"href":"https:\/\/www.leaplytics.de\/pl\/wp-json\/wp\/v2\/users\/2"}],"replies":[{"embeddable":true,"href":"https:\/\/www.leaplytics.de\/pl\/wp-json\/wp\/v2\/comments?post=13813"}],"version-history":[{"count":124,"href":"https:\/\/www.leaplytics.de\/pl\/wp-json\/wp\/v2\/pages\/13813\/revisions"}],"predecessor-version":[{"id":14246,"href":"https:\/\/www.leaplytics.de\/pl\/wp-json\/wp\/v2\/pages\/13813\/revisions\/14246"}],"wp:attachment":[{"href":"https:\/\/www.leaplytics.de\/pl\/wp-json\/wp\/v2\/media?parent=13813"}],"curies":[{"name":"wp","href":"https:\/\/api.w.org\/{rel}","templated":true}]}}