{"id":14398,"date":"2025-12-18T23:49:49","date_gmt":"2025-12-18T22:49:49","guid":{"rendered":"https:\/\/www.leaplytics.de\/?page_id=14398"},"modified":"2025-12-19T02:01:17","modified_gmt":"2025-12-19T01:01:17","slug":"operacje-ai","status":"publish","type":"page","link":"https:\/\/www.leaplytics.de\/pl\/operacje-ai\/","title":{"rendered":"Operacje AI"},"content":{"rendered":"<h2>Tw\u00f3j zesp\u00f3\u0142 operacyjny ma za du\u017co pracy. AI mo\u017ce pom\u00f3c.<\/h2>\n\n<p>Praca operacyjna to praca koordynacyjna. Zam\u00f3wienia. Inwentaryzacja. Harmonogramy. Kontrole jako\u015bci. Tysi\u0105c ruchomych element\u00f3w, kt\u00f3re musz\u0105 do siebie pasowa\u0107.<\/p>\n<p>Wi\u0119kszo\u015b\u0107 z nich jest zgodna z wzorcami. \u015aledzenie przesy\u0142ki. Sprawdzanie poziomu zapas\u00f3w. Wyznacz tras\u0119 zadania. Oznaczenie wyj\u0105tku. Ponowna odpowied\u017a na pytanie \"gdzie jest moje zam\u00f3wienie?\".<\/p>\n<p>Sztuczna inteligencja jest do tego stworzona. Monitoruje wszystko jednocze\u015bnie. Nigdy nie traci kontroli. Nigdy nie zapomina sprawdzi\u0107 magazynu 3.<\/p>\n<p>Nie zast\u0119puje to zespo\u0142u operacyjnego. Sprawia, \u017ce s\u0105 szybsi. Zajmuje si\u0119 rutyn\u0105, dzi\u0119ki czemu pracownicy mog\u0105 rozwi\u0105zywa\u0107 prawdziwe problemy.<\/p>\n\n\n<hr class=\"wp-block-separator has-alpha-channel-opacity\"\/>\n\n\n\n<h3 class=\"wp-block-heading\">Dzisiejsza rzeczywisto\u015b\u0107 pracy operacyjnej<\/h3>\n\n\n<p>Zespo\u0142y operacyjne gasz\u0105 po\u017car. Wi\u0119cej zam\u00f3wie\u0144. Kr\u00f3tsze terminy. Wy\u017csze oczekiwania klient\u00f3w. \u0141a\u0144cuchy dostaw, kt\u00f3re nie chc\u0105 si\u0119 zachowywa\u0107.<\/p>\n<p>Mened\u017cerowie sp\u0119dzaj\u0105 godziny na \u015bledzeniu informacji zamiast na podejmowaniu decyzji. Zespo\u0142y r\u0119cznie \u015bcigaj\u0105 wyj\u0105tki. Dane znajduj\u0105 si\u0119 w dziesi\u0119ciu r\u00f3\u017cnych systemach, kt\u00f3re nie komunikuj\u0105 si\u0119 ze sob\u0105.<\/p>\n<p>Co\u015b zawsze si\u0119 sp\u00f3\u017ania. Czego\u015b zawsze nie ma w magazynie. Co\u015b zawsze wymaga naprawy.<\/p>\n<p>Nie dlatego, \u017ce ludzie nie s\u0105 dobrzy w swojej pracy. Po prostu dzieje si\u0119 zbyt wiele i nie ma wystarczaj\u0105cej widoczno\u015bci.<\/p>\n\n\n<hr class=\"wp-block-separator has-alpha-channel-opacity\"\/>\n\n\n\n<h3 class=\"wp-block-heading\">Gdzie sztuczna inteligencja robi prawdziw\u0105 r\u00f3\u017cnic\u0119<\/h3>\n\n\n<p>Sztuczna inteligencja dzia\u0142a najlepiej tam, gdzie jest du\u017co danych i wyra\u017anych wzorc\u00f3w. Operacje maj\u0105 jedno i drugie.<\/p>\n<p>Oto pi\u0119\u0107 obszar\u00f3w, w kt\u00f3rych sztuczna inteligencja przynosi realne rezultaty - nie jest to szum informacyjny, ale rzeczywiste rozwi\u0105zanie problem\u00f3w i oszcz\u0119dno\u015b\u0107 czasu.<\/p>\n\n\n<hr class=\"wp-block-separator has-alpha-channel-opacity\"\/>\n\n\n\n<h4 class=\"wp-block-heading\">1. Zarz\u0105dzanie \u0142a\u0144cuchem dostaw i zapasami<\/h4>\n\n\n<p>Zapasy to kwestia r\u00f3wnowagi. Zbyt du\u017co wi\u0105\u017ce got\u00f3wk\u0119. Zbyt ma\u0142o oznacza braki magazynowe. A przewidywanie popytu? To po cz\u0119\u015bci nauka, a po cz\u0119\u015bci zgadywanie.<\/p>\n<p>Tymczasem dostawcy si\u0119 sp\u00f3\u017aniaj\u0105. Przesy\u0142ki s\u0105 op\u00f3\u017anione. Kto\u015b musi to wszystko \u015bledzi\u0107.<\/p>\n\n\n<h5 class=\"wp-block-heading\">Co robi sztuczna inteligencja<\/h5>\n\n\n<p><strong>Dok\u0142adnie prognozuje popyt.<\/strong><br \/>\nDane historyczne. Sezonowo\u015b\u0107. Trendy rynkowe. Sztuczna inteligencja znajduje wzorce i przewiduje, czego b\u0119dziesz potrzebowa\u0107. Nie idealnie, ale lepiej ni\u017c arkusze kalkulacyjne.<\/p>\n\n<p><strong>Optymalizuje poziomy zapas\u00f3w.<\/strong><br \/>\nIle zapas\u00f3w bezpiecze\u0144stwa dla ka\u017cdego SKU? Kiedy zmieni\u0107 kolejno\u015b\u0107? Sztuczna inteligencja oblicza na podstawie rzeczywistych wzorc\u00f3w popytu i czas\u00f3w realizacji.<\/p>\n\n<p><strong>\u015aledzi dostawc\u00f3w i przesy\u0142ki.<\/strong><br \/>\nGdzie jest zam\u00f3wienie? Czy jest na czas? Sztuczna inteligencja monitoruje status u r\u00f3\u017cnych przewo\u017anik\u00f3w i sygnalizuje op\u00f3\u017anienia, zanim stan\u0105 si\u0119 one problemem.<\/p>\n\n<p><strong>Wykrywa zagro\u017cenia zwi\u0105zane z \u0142a\u0144cuchem dostaw.<\/strong><br \/>\nDostawca stale si\u0119 sp\u00f3\u017ania? Trasa wysy\u0142ki ma problemy? Sztuczna inteligencja zauwa\u017ca wzorce i ostrzega odpowiednio wcze\u015bnie.<\/p>\n\n<p><strong>Sugeruje decyzje dotycz\u0105ce zmiany kolejno\u015bci.<\/strong><br \/>\nW oparciu o bie\u017c\u0105ce zapasy, przychodz\u0105ce zam\u00f3wienia i prognozy, sztuczna inteligencja zaleca, co i kiedy zam\u00f3wi\u0107.<\/p>\n\n\n<h5 class=\"wp-block-heading\">Co to oznacza dla u\u017cytkownika<\/h5>\n\n\n<ul>\n<li><strong>Dla dyrektor\u00f3w operacyjnych:<\/strong> Ni\u017csze koszty zapas\u00f3w. Mniej brak\u00f3w magazynowych. Lepszy przep\u0142yw got\u00f3wki. Widoczno\u015b\u0107 \u0142a\u0144cucha dostaw bez r\u0119cznego \u015bledzenia.<\/li>\n<li><strong>Dla mened\u017cer\u00f3w operacyjnych:<\/strong> Przesta\u0144 goni\u0107 za przesy\u0142kami. Wiedz, co nadchodzi i co jest zagro\u017cone. Podejmuj decyzje na podstawie prawdziwych danych.<\/li>\n<li><strong>Dla biznesu:<\/strong> Produkty dost\u0119pne wtedy, gdy klienci ich potrzebuj\u0105. Pieni\u0105dze nie zalegaj\u0105 w nadmiernych zapasach.<\/li>\n<\/ul>\n\n<p><a href=\"https:\/\/www.leaplytics.de\/pl\/zarzadzanie-zapasami-w-lancuchu-dostaw-ai\/\">Dowiedz si\u0119 wi\u0119cej o sztucznej inteligencji w zarz\u0105dzaniu \u0142a\u0144cuchem dostaw i zapasami \u2192<\/a><\/p>\n\n\n<hr class=\"wp-block-separator has-alpha-channel-opacity\"\/>\n\n\n\n<h4 class=\"wp-block-heading\">2. Automatyzacja proces\u00f3w i przep\u0142yw pracy<\/h4>\n\n\n<p>Operacje przebiegaj\u0105 w oparciu o procesy. Zam\u00f3wienia przep\u0142ywaj\u0105 przez kolejne kroki. Zadania wymagaj\u0105 routingu. Zatwierdzenia wymagaj\u0105 \u015bledzenia. Wyj\u0105tki wymagaj\u0105 obs\u0142ugi.<\/p>\n<p>Kiedy jest r\u0119czny, rzeczy si\u0119 zacinaj\u0105. Ludzie zapominaj\u0105. Przekazywanie zada\u0144 ko\u0144czy si\u0119 niepowodzeniem. Nikt nie wie, gdzie co si\u0119 znajduje.<\/p>\n\n\n<h5 class=\"wp-block-heading\">Co robi sztuczna inteligencja<\/h5>\n\n\n<p><strong>Automatycznie wyznacza trasy zada\u0144.<\/strong><br \/>\nTo zam\u00f3wienie trafia do magazynu A. To \u017c\u0105danie trafia do zespo\u0142u B. Sztuczna inteligencja zna zasady i natychmiast je stosuje.<\/p>\n\n<p><strong>Inteligentna obs\u0142uga zatwierdze\u0144.<\/strong><br \/>\nStandardowe \u017c\u0105danie poni\u017cej progu? Zatwierdzone automatycznie. Nietypowe \u017c\u0105danie? Przekierowane do w\u0142a\u015bciwej osoby z kontekstem.<\/p>\n\n<p><strong>Monitoruje przep\u0142yw procesu.<\/strong><br \/>\nGdzie co\u015b utkn\u0119\u0142o? Kt\u00f3ry krok jest w\u0105skim gard\u0142em? Sztuczna inteligencja \u015bledzi ka\u017cde zadanie na ka\u017cdym etapie.<\/p>\n\n<p><strong>Wcze\u015bnie \u0142apie wyj\u0105tki.<\/strong><br \/>\nBrakuj\u0105ce informacje o zam\u00f3wieniu? Etap trwa zbyt d\u0142ugo? Nieprzestrzeganie SOP? Sztuczna inteligencja sygnalizuje problemy przed ich kaskadowym wyst\u0105pieniem.<\/p>\n\n<p><strong>Zapewnia zgodno\u015b\u0107 z procedurami.<\/strong><br \/>\nCzy ka\u017cdy krok zosta\u0142 wykonany we w\u0142a\u015bciwej kolejno\u015bci? Czy lista kontrolna zosta\u0142a wype\u0142niona? Sztuczna inteligencja automatycznie weryfikuje zgodno\u015b\u0107 procesu.<\/p>\n\n\n<h5 class=\"wp-block-heading\">Co to oznacza dla u\u017cytkownika<\/h5>\n\n\n<ul>\n<li><strong>Dla dyrektor\u00f3w operacyjnych:<\/strong> Sp\u00f3jne procesy we wszystkich lokalizacjach. Mniej b\u0142\u0119d\u00f3w. Lepsze \u015bcie\u017cki audytu. Skalowalne operacje.<\/li>\n<li><strong>Dla mened\u017cer\u00f3w operacyjnych:<\/strong> Wiedz, gdzie wszystko si\u0119 znajduje. Przesta\u0144 goni\u0107 za zatwierdzeniami. Skup si\u0119 na wyj\u0105tkach, a nie na rutynie.<\/li>\n<li><strong>Dla zespo\u0142\u00f3w:<\/strong> Jasne zadania. Jasne priorytety. Koniec z pytaniem \"nad czym powinienem popracowa\u0107 w nast\u0119pnej kolejno\u015bci?\".<\/li>\n<\/ul>\n\n<p><a href=\"https:\/\/www.leaplytics.de\/pl\/automatyzacja-procesow-workflow-ai\/\">Dowiedz si\u0119 wi\u0119cej o sztucznej inteligencji dla automatyzacji proces\u00f3w i przep\u0142ywu pracy \u2192<\/a><\/p>\n\n\n<hr class=\"wp-block-separator has-alpha-channel-opacity\"\/>\n\n\n\n<h4 class=\"wp-block-heading\">3. Kontrola jako\u015bci i monitorowanie<\/h4>\n\n\n<p>Problemy z jako\u015bci\u0105 s\u0105 kosztowne. Wady. Zwroty. Przer\u00f3bki. Reklamacje klient\u00f3w. W najgorszym przypadku wycofanie produktu z rynku.<\/p>\n<p>Wczesne wy\u0142apywanie b\u0142\u0119d\u00f3w to podstawa. Ale sprawdzanie wszystkiego r\u0119cznie? To si\u0119 nie skaluje.<\/p>\n\n\n<h5 class=\"wp-block-heading\">Co robi sztuczna inteligencja<\/h5>\n\n\n<p><strong>Stale monitoruje wska\u017aniki jako\u015bci.<\/strong><br \/>\nNie wyrywkowe kontrole - ci\u0105g\u0142e monitorowanie. Sztuczna inteligencja obserwuje dane produkcyjne i sygnalizuje, gdy co\u015b odbiega od specyfikacji.<\/p>\n\n<p><strong>Automatycznie wykrywa usterki.<\/strong><br \/>\nKontrola wizualna ze sztuczn\u0105 inteligencj\u0105 wy\u0142apuje wady, kt\u00f3rych ludzie nie zauwa\u017caj\u0105. Szczeg\u00f3lnie w przypadku powtarzalnych kontroli o du\u017cej obj\u0119to\u015bci.<\/p>\n\n<p><strong>Przewiduje awarie sprz\u0119tu.<\/strong><br \/>\nWzorce wibracji. Trendy temperaturowe. Spadek wydajno\u015bci. Sztuczna inteligencja wykrywa znaki ostrzegawcze, zanim maszyny ulegn\u0105 awarii.<\/p>\n\n<p><strong>\u015aledzi problemy zwi\u0105zane z jako\u015bci\u0105 w poszukiwaniu przyczyn \u017ar\u00f3d\u0142owych.<\/strong><br \/>\nKt\u00f3ra partia? Kt\u00f3ry dostawca? Kt\u00f3ra maszyna? Kt\u00f3ra zmiana? Sztuczna inteligencja \u0142\u0105czy problemy jako\u015bciowe z ich \u017ar\u00f3d\u0142ami.<\/p>\n\n<p><strong>Zapewnia dokumentacj\u0119 zgodno\u015bci.<\/strong><br \/>\nZapisy dotycz\u0105ce jako\u015bci. Wyniki test\u00f3w. Certyfikaty. Sztuczna inteligencja porz\u0105dkuje dokumentacj\u0119 i oznacza luki.<\/p>\n\n\n<h5 class=\"wp-block-heading\">Co to oznacza dla u\u017cytkownika<\/h5>\n\n\n<ul>\n<li><strong>Dla dyrektor\u00f3w operacyjnych:<\/strong> Mniej defekt\u00f3w docieraj\u0105cych do klient\u00f3w. Ni\u017csze koszty przer\u00f3bek. Lepsza zgodno\u015b\u0107 z przepisami. Ochrona reputacji.<\/li>\n<li><strong>Dla mened\u017cer\u00f3w ds. jako\u015bci:<\/strong> Wy\u0142apuj problemy wcze\u015bniej. Po\u015bwi\u0119\u0107 czas na analiz\u0119 przyczyn \u017ar\u00f3d\u0142owych, a nie na r\u0119czn\u0105 kontrol\u0119.<\/li>\n<li><strong>Dla zespo\u0142\u00f3w produkcyjnych:<\/strong> Informacje zwrotne w czasie rzeczywistym. Naprawiaj problemy, zanim si\u0119 rozmno\u017c\u0105.<\/li>\n<\/ul>\n\n<p><a href=\"https:\/\/www.leaplytics.de\/pl\/monitorowanie-kontroli-jakosci-ai\/\">Dowiedz si\u0119 wi\u0119cej o sztucznej inteligencji do kontroli i monitorowania jako\u015bci \u2192<\/a><\/p>\n\n\n<hr class=\"wp-block-separator has-alpha-channel-opacity\"\/>\n\n\n\n<h4 class=\"wp-block-heading\">4. Planowanie i harmonogramowanie zasob\u00f3w<\/h4>\n\n\n<p>Planowanie to zagadka. Ludzie. Sprz\u0119t. Pojemno\u015b\u0107. Popyt. Ograniczenia. Wszystko musi do siebie pasowa\u0107.<\/p>\n<p>I to si\u0119 ci\u0105gle zmienia. Kto\u015b dzwoni, \u017ce jest chory. Maszyna si\u0119 psuje. Przychodzi pilne zam\u00f3wienie. Zaczynamy od nowa.<\/p>\n\n\n<h5 class=\"wp-block-heading\">Co robi sztuczna inteligencja<\/h5>\n\n\n<p><strong>Tworzy zoptymalizowane harmonogramy.<\/strong><br \/>\nBior\u0105c pod uwag\u0119 popyt, wydajno\u015b\u0107, umiej\u0119tno\u015bci i ograniczenia - sztuczna inteligencja tworzy harmonogramy, kt\u00f3re faktycznie dzia\u0142aj\u0105. Szybciej ni\u017c jakikolwiek cz\u0142owiek.<\/p>\n\n<p><strong>R\u00f3wnowa\u017cenie obci\u0105\u017ce\u0144.<\/strong><br \/>\n\u017baden zesp\u00f3\u0142 nie jest przeci\u0105\u017cony, podczas gdy inny pozostaje bezczynny. Sztuczna inteligencja rozdziela prac\u0119 w oparciu o mo\u017cliwo\u015bci i umiej\u0119tno\u015bci.<\/p>\n\n<p><strong>Dostosowuje si\u0119 do zmian w czasie rzeczywistym.<\/strong><br \/>\nNieobecno\u015b\u0107? Awaria sprz\u0119tu? Po\u015bpieszne zam\u00f3wienie? Sztuczna inteligencja przelicza i sugeruje korekty.<\/p>\n\n<p><strong>Prognozuje zapotrzebowanie na przepustowo\u015b\u0107.<\/strong><br \/>\nW oparciu o prognozy popytu, sztuczna inteligencja przewiduje, kiedy b\u0119dziesz potrzebowa\u0107 wi\u0119kszej przepustowo\u015bci - zanim jej zabraknie.<\/p>\n\n<p><strong>Dopasowuje umiej\u0119tno\u015bci do zada\u0144.<\/strong><br \/>\nKto ma kwalifikacje do tej pracy? Kto jest dost\u0119pny? Sztuczna inteligencja bierze pod uwag\u0119 certyfikaty, do\u015bwiadczenie i dost\u0119pno\u015b\u0107.<\/p>\n\n\n<h5 class=\"wp-block-heading\">Co to oznacza dla u\u017cytkownika<\/h5>\n\n\n<ul>\n<li><strong>Dla dyrektor\u00f3w operacyjnych:<\/strong> Wy\u017cszy poziom wykorzystania. Ni\u017csze koszty nadgodzin. Lepsza wydajno\u015b\u0107 dostaw. Planowanie wydajno\u015bci, kt\u00f3re dzia\u0142a.<\/li>\n<li><strong>Dla mened\u017cer\u00f3w operacyjnych:<\/strong> Przesta\u0144 sp\u0119dza\u0107 godziny nad harmonogramami. Szybko dostosowuj si\u0119 do zmian.<\/li>\n<li><strong>Dla zespo\u0142\u00f3w:<\/strong> Uczciwe obci\u0105\u017cenie prac\u0105. Przejrzyste harmonogramy. Mniej zmian w ostatniej chwili.<\/li>\n<\/ul>\n\n<p><a href=\"https:\/\/www.leaplytics.de\/pl\/planowanie-zasobow-harmonogramowanie-ai\/\">Dowiedz si\u0119 wi\u0119cej o sztucznej inteligencji do planowania i harmonogramowania zasob\u00f3w \u2192<\/a><\/p>\n\n\n<hr class=\"wp-block-separator has-alpha-channel-opacity\"\/>\n\n\n\n<h4 class=\"wp-block-heading\">5. Raportowanie operacyjne i analityka<\/h4>\n\n\n<p>Nie mo\u017cna poprawi\u0107 tego, czego nie wida\u0107. Ale dane operacyjne s\u0105 rozproszone. R\u00f3\u017cne systemy. R\u00f3\u017cne formaty. Uzyskanie jasnego obrazu zajmuje wiele godzin.<\/p>\n<p>Do czasu otrzymania raportu sytuacja uleg\u0142a zmianie.<\/p>\n\n\n<h5 class=\"wp-block-heading\">Co robi sztuczna inteligencja<\/h5>\n\n\n<p><strong>Konsoliduje dane z dowolnego miejsca.<\/strong><br \/>\nERP. WMS. MES. Arkusze kalkulacyjne. Czujniki IoT. Sztuczna inteligencja \u0142\u0105czy je w jeden widok.<\/p>\n\n<p><strong>\u015aledzi wska\u017aniki KPI w czasie rzeczywistym.<\/strong><br \/>\nOEE. Dostawa na czas. Przepustowo\u015b\u0107. Czas cyklu. Sztuczna inteligencja monitoruje to, co wa\u017cne i ostrzega, gdy wska\u017aniki dryfuj\u0105.<\/p>\n\n<p><strong>Automatycznie identyfikuje w\u0105skie gard\u0142a.<\/strong><br \/>\nGdzie jest ograniczenie? Co spowalnia dzia\u0142anie? Sztuczna inteligencja analizuje przep\u0142yw i wskazuje problem.<\/p>\n\n<p><strong>Wyja\u015bnia zmiany wydajno\u015bci.<\/strong><br \/>\n\"Przepustowo\u015b\u0107 spad\u0142a o 8%, poniewa\u017c maszyna 3 mia\u0142a o 45 minut d\u0142u\u017cszy przest\u00f3j ni\u017c \u015brednia\". Sztuczna inteligencja \u0142\u0105czy kropki.<\/p>\n\n<p><strong>Generuje raporty operacyjne.<\/strong><br \/>\nDzienne podsumowania. Raporty z przekazania zmiany. Przegl\u0105dy tygodniowe. Sztuczna inteligencja tworzy je automatycznie.<\/p>\n\n\n<h5 class=\"wp-block-heading\">Co to oznacza dla u\u017cytkownika<\/h5>\n\n\n<ul>\n<li><strong>Dla dyrektor\u00f3w operacyjnych:<\/strong> Rzeczywisty wgl\u0105d w operacje. Decyzje oparte na danych. Wczesne wykrywanie problem\u00f3w.<\/li>\n<li><strong>Dla mened\u017cer\u00f3w operacyjnych:<\/strong> Przesta\u0144 tworzy\u0107 raporty r\u0119cznie. Dowiedz si\u0119, co dzieje si\u0119 teraz, a nie wczoraj.<\/li>\n<li><strong>Dla zespo\u0142\u00f3w:<\/strong> Jasna informacja zwrotna na temat wynik\u00f3w. Zrozumienie, w jaki spos\u00f3b ich praca wpisuje si\u0119 w szerszy obraz.<\/li>\n<\/ul>\n\n<p><em>Wa\u017cne: Sztuczna inteligencja zapewnia widoczno\u015b\u0107 i analiz\u0119, ale ocena operacyjna nadal ma znaczenie. Liczby wymagaj\u0105 kontekstu, kt\u00f3ry ma tylko Tw\u00f3j zesp\u00f3\u0142.<\/em><\/p>\n\n\n<hr class=\"wp-block-separator has-alpha-channel-opacity\"\/>\n\n\n\n<h3 class=\"wp-block-heading\">Czego sztuczna inteligencja nie zrobi<\/h3>\n\n\n<p>Postawmy spraw\u0119 jasno.<\/p>\n<p>Sztuczna inteligencja nie zast\u0119puje specjalist\u00f3w operacyjnych. Nie radzi sobie z gniewnymi telefonami od klient\u00f3w. Nie negocjuje z dostawc\u0105. Nie dokona trudnego kompromisu, gdy wszystko naraz p\u00f3jdzie nie tak.<\/p>\n<p>Zajmuje si\u0119 rutyn\u0105. Monitorowaniem. Planowanie. Wykrywanie wzorc\u00f3w. Pierwszy szkic raportu.<\/p>\n<p>Tw\u00f3j zesp\u00f3\u0142 operacyjny nadal zajmuje si\u0119 my\u015bleniem. Po prostu robi\u0105 to szybciej, poniewa\u017c maj\u0105 widoczno\u015b\u0107 i praca jest wykonana.<\/p>\n\n\n<hr class=\"wp-block-separator has-alpha-channel-opacity\"\/>\n\n\n\n<h3 class=\"wp-block-heading\">Podsumowanie<\/h3>\n\n\n<p>Zespo\u0142y operacyjne, kt\u00f3re dobrze wykorzystuj\u0105 sztuczn\u0105 inteligencj\u0119, nie pracuj\u0105 mniej. Pracuj\u0105 inaczej.<\/p>\n<p>Zamiast r\u0119cznie \u015bledzi\u0107 przesy\u0142ki, obs\u0142uguj\u0105 wyj\u0105tki. Zamiast tworzy\u0107 harmonogramy od podstaw, dostosowuj\u0105 je i optymalizuj\u0105. Zamiast szuka\u0107 danych, analizuj\u0105 i podejmuj\u0105 decyzje.<\/p>\n<p>Wynik:<\/p>\n<ul>\n<li>Wy\u017csza przepustowo\u015b\u0107 przy tych samych zasobach<\/li>\n<li>Mniej brak\u00f3w magazynowych i op\u00f3\u017anie\u0144<\/li>\n<li>Ni\u017csze koszty operacyjne<\/li>\n<li>Specjali\u015bci operacyjni rozwi\u0105zuj\u0105cy rzeczywiste problemy, a nie goni\u0105cy za informacjami<\/li>\n<li>Lepsza wydajno\u015b\u0107 obs\u0142ugi klienta<\/li>\n<\/ul>\n<p>Nie chodzi o zast\u0105pienie zespo\u0142u. Chodzi o zwi\u0119kszenie ich efektywno\u015bci.<\/p>\n\n\n<hr class=\"wp-block-separator has-alpha-channel-opacity\"\/>\n\n\n\n<h3 class=\"wp-block-heading\">Chcesz zobaczy\u0107, co jest mo\u017cliwe?<\/h3>\n\n\n<p>Ka\u017cdy zesp\u00f3\u0142 operacyjny jest inny. Twoje procesy nie s\u0105 takie jak wszystkich innych. Twoje ograniczenia maj\u0105 swoje w\u0142asne dziwactwa. Priorytety zale\u017c\u0105 od prowadzonej dzia\u0142alno\u015bci.<\/p>\n<p>Nie sprzedajemy uniwersalnych rozwi\u0105za\u0144. Przygl\u0105damy si\u0119 konkretnym operacjom. Okre\u015blamy, gdzie sztuczna inteligencja mo\u017ce faktycznie pom\u00f3c. Tworzymy systemy, kt\u00f3re pasuj\u0105 do Twojego sposobu pracy.<\/p>\n<p>\u017badnego szumu. \u017badnych obietnic, kt\u00f3rych nie mo\u017cemy dotrzyma\u0107. Tylko praktyczna sztuczna inteligencja, kt\u00f3ra zwi\u0119ksza efektywno\u015b\u0107 operacji.<\/p>\n\n<p><a href=\"https:\/\/www.leaplytics.de\/pl\/kontakt\/\">Porozmawiajmy o twoich operacjach<\/a><\/p>\n\n<p><a href=\"https:\/\/www.leaplytics.de\/pl\/sztuczna-inteligencja\/\">Zobacz wszystkie us\u0142ugi AI<\/a><\/p>","protected":false},"excerpt":{"rendered":"<p>Tw\u00f3j zesp\u00f3\u0142 operacyjny ma za du\u017co pracy. AI mo\u017ce pom\u00f3c. Praca operacyjna to praca koordynacyjna. Zam\u00f3wienia. Zapasy. Harmonogramy. Kontrole jako\u015bci. Tysi\u0105c ruchomych element\u00f3w, kt\u00f3re musz\u0105 do siebie pasowa\u0107. Wi\u0119kszo\u015b\u0107 z nich dzia\u0142a wed\u0142ug schemat\u00f3w. \u015aledzenie przesy\u0142ki. Sprawdzanie poziomu zapas\u00f3w. Trasa zadania. Oznaczenie wyj\u0105tku. Ponowna odpowied\u017a na pytanie \"gdzie jest moje zam\u00f3wienie?\". Sztuczna inteligencja jest zbudowana ... <\/p>","protected":false},"author":2,"featured_media":0,"parent":0,"menu_order":0,"comment_status":"closed","ping_status":"closed","template":"","meta":{"footnotes":""},"class_list":["post-14398","page","type-page","status-publish","hentry","latest_post"],"_links":{"self":[{"href":"https:\/\/www.leaplytics.de\/pl\/wp-json\/wp\/v2\/pages\/14398","targetHints":{"allow":["GET"]}}],"collection":[{"href":"https:\/\/www.leaplytics.de\/pl\/wp-json\/wp\/v2\/pages"}],"about":[{"href":"https:\/\/www.leaplytics.de\/pl\/wp-json\/wp\/v2\/types\/page"}],"author":[{"embeddable":true,"href":"https:\/\/www.leaplytics.de\/pl\/wp-json\/wp\/v2\/users\/2"}],"replies":[{"embeddable":true,"href":"https:\/\/www.leaplytics.de\/pl\/wp-json\/wp\/v2\/comments?post=14398"}],"version-history":[{"count":2,"href":"https:\/\/www.leaplytics.de\/pl\/wp-json\/wp\/v2\/pages\/14398\/revisions"}],"predecessor-version":[{"id":14509,"href":"https:\/\/www.leaplytics.de\/pl\/wp-json\/wp\/v2\/pages\/14398\/revisions\/14509"}],"wp:attachment":[{"href":"https:\/\/www.leaplytics.de\/pl\/wp-json\/wp\/v2\/media?parent=14398"}],"curies":[{"name":"wp","href":"https:\/\/api.w.org\/{rel}","templated":true}]}}