{"id":14402,"date":"2025-12-18T23:52:33","date_gmt":"2025-12-18T22:52:33","guid":{"rendered":"https:\/\/www.leaplytics.de\/?page_id=14402"},"modified":"2025-12-19T01:57:41","modified_gmt":"2025-12-19T00:57:41","slug":"marketing-sprzedaz-ai","status":"publish","type":"page","link":"https:\/\/www.leaplytics.de\/pl\/marketing-sprzedaz-ai\/","title":{"rendered":"Marketing \/ sprzeda\u017c AI"},"content":{"rendered":"<h2>Tw\u00f3j zesp\u00f3\u0142 marketingu i sprzeda\u017cy ma za du\u017co pracy. AI mo\u017ce pom\u00f3c.<\/h2>\n\n<p>Marketing i sprzeda\u017c to praca z lud\u017ami. Leady. Perspektywy. Klienci. Kampanie. Komunikaty. Ci\u0105g\u0142y nacisk na znalezienie, przekonanie i zatrzymanie kupuj\u0105cych.<\/p>\n<p>Wi\u0119kszo\u015b\u0107 z nich jest zgodna ze schematami. Zdob\u0105d\u017a lead. Napisz wiadomo\u015b\u0107 e-mail. Segmentacja listy. Zaktualizuj CRM. Kontynuuj ponownie.<\/p>\n<p>Sztuczna inteligencja jest do tego stworzona. Analizuje szybciej ni\u017c jakikolwiek cz\u0142owiek. Nigdy nie zapomina o dalszych dzia\u0142aniach. Nigdy nie wysy\u0142a niew\u0142a\u015bciwej wiadomo\u015bci do niew\u0142a\u015bciwego segmentu.<\/p>\n<p>Nie zast\u0119puje to zespo\u0142u ds. marketingu i sprzeda\u017cy. Sprawia, \u017ce s\u0105 one szybsze. Zajmuje si\u0119 rutyn\u0105, dzi\u0119ki czemu pracownicy mog\u0105 skupi\u0107 si\u0119 na relacjach i strategii.<\/p>\n\n\n<hr class=\"wp-block-separator has-alpha-channel-opacity\"\/>\n\n\n\n<h3 class=\"wp-block-heading\">Dzisiejsza rzeczywisto\u015b\u0107 marketingu i sprzeda\u017cy<\/h3>\n\n\n<p>Zespo\u0142y marketingu i sprzeda\u017cy s\u0105 rozci\u0105gni\u0119te. Wi\u0119cej kana\u0142\u00f3w. Wi\u0119ksza konkurencja. Wy\u017csze oczekiwania. Mniejsze bud\u017cety.<\/p>\n<p>Marketerzy sp\u0119dzaj\u0105 godziny nad tre\u015bciami, kt\u00f3re mog\u0105 nie trafi\u0107 do odbiorc\u00f3w. Przedstawiciele handlowi \u015bcigaj\u0105 potencjalnych klient\u00f3w, kt\u00f3rzy prowadz\u0105 donik\u0105d. Dane zalegaj\u0105 w systemach, ale nikt nie ma czasu na ich analiz\u0119.<\/p>\n<p>Dobre leady staj\u0105 si\u0119 nieaktualne, poniewa\u017c dzia\u0142ania nast\u0119pcze trwaj\u0105 zbyt d\u0142ugo. Kampanie s\u0105 prowadzone bez wyra\u017anego ROI. Wszyscy s\u0105 zaj\u0119ci, ale wyniki nie id\u0105 w parze z wysi\u0142kiem.<\/p>\n<p>Nie dlatego, \u017ce ludzie nie s\u0105 dobrzy w swojej pracy. Po prostu jest za du\u017co do zrobienia i za ma\u0142o godzin.<\/p>\n\n\n<hr class=\"wp-block-separator has-alpha-channel-opacity\"\/>\n\n\n\n<h3 class=\"wp-block-heading\">Gdzie sztuczna inteligencja robi prawdziw\u0105 r\u00f3\u017cnic\u0119<\/h3>\n\n\n<p>Sztuczna inteligencja dzia\u0142a najlepiej tam, gdzie s\u0105 dane i wzorce. Marketing i sprzeda\u017c maj\u0105 jedno i drugie.<\/p>\n<p>Oto pi\u0119\u0107 obszar\u00f3w, w kt\u00f3rych sztuczna inteligencja przynosi realne rezultaty - nie jest to szum informacyjny, ale rzeczywisty wp\u0142yw na przychody i oszcz\u0119dno\u015b\u0107 czasu.<\/p>\n\n\n<hr class=\"wp-block-separator has-alpha-channel-opacity\"\/>\n\n\n\n<h4 class=\"wp-block-heading\">1. Generowanie lead\u00f3w i kwalifikacja<\/h4>\n\n\n<p>Nie wszystkie leady s\u0105 sobie r\u00f3wne. Niekt\u00f3rzy kupi\u0105. Wi\u0119kszo\u015b\u0107 nie. Ustalenie, kt\u00f3ry z nich jest kt\u00f3ry, zajmuje czas, kt\u00f3ry mo\u017cna po\u015bwi\u0119ci\u0107 na sprzeda\u017c.<\/p>\n<p>W mi\u0119dzyczasie dobre leady umykaj\u0105, poniewa\u017c nie zosta\u0142y wystarczaj\u0105co szybko zauwa\u017cone.<\/p>\n\n\n<h5 class=\"wp-block-heading\">Co robi sztuczna inteligencja<\/h5>\n\n\n<p><strong>Automatycznie pozyskuje potencjalnych klient\u00f3w.<\/strong><br \/>\nW oparciu o zachowanie, dane demograficzne i wzorce historyczne, sztuczna inteligencja klasyfikuje potencjalnych klient\u00f3w, kt\u00f3rzy najprawdopodobniej dokonaj\u0105 zakupu. Gor\u0105ce leady pojawiaj\u0105 si\u0119 natychmiast.<\/p>\n\n<p><strong>Identyfikuje sygna\u0142y zakupowe.<\/strong><br \/>\nOdwiedziny strony internetowej. Pobrania tre\u015bci. Zaanga\u017cowanie w wiadomo\u015bci e-mail. Sztuczna inteligencja zauwa\u017ca, kiedy czyje\u015b zachowanie m\u00f3wi \"gotowy do zakupu\".<\/p>\n\n<p><strong>Kwalifikuje potencjalnych klient\u00f3w za pomoc\u0105 pyta\u0144.<\/strong><br \/>\nChatboty i formularze zadaj\u0105ce w\u0142a\u015bciwe pytania. Sztuczna inteligencja zbiera informacje kwalifikacyjne, zanim zaanga\u017cuje si\u0119 cz\u0142owiek.<\/p>\n\n<p><strong>Wzbogaca dane dotycz\u0105ce o\u0142owiu.<\/strong><br \/>\nWielko\u015b\u0107 firmy. Bran\u017ca. Rola. Sztuczna inteligencja uzupe\u0142nia brakuj\u0105ce informacje, dzi\u0119ki czemu wiesz, z kim rozmawiasz.<\/p>\n\n<p><strong>Przekierowuje leady do w\u0142a\u015bciwej osoby.<\/strong><br \/>\nPotencjalny klient korporacyjny? Trafia do dzia\u0142u sprzeda\u017cy korporacyjnej. Ma\u0142a firma? Inny zesp\u00f3\u0142. Sztuczna inteligencja automatycznie dopasowuje potencjalnych klient\u00f3w do przedstawicieli.<\/p>\n\n\n<h5 class=\"wp-block-heading\">Co to oznacza dla u\u017cytkownika<\/h5>\n\n\n<ul>\n<li><strong>Dla dyrektor\u00f3w sprzeda\u017cy:<\/strong> Przedstawiciele sp\u0119dzaj\u0105 czas na potencjalnych klientach, kt\u00f3rzy konwertuj\u0105. Wy\u017csze wska\u017aniki wygranych. Kr\u00f3tsze cykle sprzeda\u017cy.<\/li>\n<li><strong>Dla przedstawicieli handlowych:<\/strong> Przesta\u0144 zgadywa\u0107, do kogo zadzwoni\u0107. Pracuj z potencjalnymi klientami, kt\u00f3rzy najprawdopodobniej zostan\u0105 zamkni\u0119ci. Mniej czasu na \u015blepe uliczki.<\/li>\n<li><strong>Dla biznesu:<\/strong> Szybsza reakcja na gor\u0105ce leady. Lepsze wsp\u00f3\u0142czynniki konwersji. Ni\u017cszy koszt pozyskania klienta.<\/li>\n<\/ul>\n\n<p><a href=\"https:\/\/www.leaplytics.de\/pl\/generowanie-leadow-kwalifikacja-ai\/\">Dowiedz si\u0119 wi\u0119cej o sztucznej inteligencji do generowania i kwalifikacji lead\u00f3w \u2192<\/a><\/p>\n\n\n<hr class=\"wp-block-separator has-alpha-channel-opacity\"\/>\n\n\n\n<h4 class=\"wp-block-heading\">2. Tworzenie tre\u015bci i personalizacja<\/h4>\n\n\n<p>Tre\u015b\u0107 zasila maszyn\u0119. E-maile. Reklamy. Posty spo\u0142eczno\u015bciowe. Strony docelowe. Opisy produkt\u00f3w. Ka\u017cdy potrzebuje wi\u0119cej tre\u015bci, szybciej.<\/p>\n<p>A og\u00f3lne tre\u015bci ju\u017c nie dzia\u0142aj\u0105. Ludzie oczekuj\u0105 wiadomo\u015bci, kt\u00f3re s\u0105 dla nich istotne.<\/p>\n\n\n<h5 class=\"wp-block-heading\">Co robi sztuczna inteligencja<\/h5>\n\n\n<p><strong>Szybko tworzy projekty tre\u015bci.<\/strong><br \/>\nKopia wiadomo\u015bci e-mail. Warianty reklam. Posty spo\u0142eczno\u015bciowe. Opisy produkt\u00f3w. Sztuczna inteligencja pisze pierwsze wersje robocze w kilka sekund. Ty edytujesz i dopracowujesz.<\/p>\n\n<p><strong>Tworzy wariacje na du\u017c\u0105 skal\u0119.<\/strong><br \/>\nPotrzebujesz 10 wersji do test\u00f3w A\/B? R\u00f3\u017cne k\u0105ty dla r\u00f3\u017cnych segment\u00f3w? Sztuczna inteligencja szybko generuje opcje.<\/p>\n\n<p><strong>Personalizuje wiadomo\u015bci.<\/strong><br \/>\nR\u00f3\u017cne kopie dla r\u00f3\u017cnych bran\u017c. R\u00f3\u017cne punkty b\u00f3lu dla r\u00f3\u017cnych r\u00f3l. Sztuczna inteligencja automatycznie dostosowuje komunikaty do segment\u00f3w.<\/p>\n\n<p><strong>Optymalizuje linie tematu i nag\u0142\u00f3wki.<\/strong><br \/>\nW oparciu o to, co dzia\u0142a\u0142o wcze\u015bniej, sztuczna inteligencja sugeruje kopie, kt\u00f3re z wi\u0119kszym prawdopodobie\u0144stwem uzyskaj\u0105 otwarcia i klikni\u0119cia.<\/p>\n\n<p><strong>Utrzymuje g\u0142os marki.<\/strong><br \/>\nWytrenuj sztuczn\u0105 inteligencj\u0119 na sw\u00f3j styl. Uczy si\u0119 ona Twojego tonu i utrzymuje sp\u00f3jno\u015b\u0107 tre\u015bci.<\/p>\n\n\n<h5 class=\"wp-block-heading\">Co to oznacza dla u\u017cytkownika<\/h5>\n\n\n<ul>\n<li><strong>Dla CMO:<\/strong> Wi\u0119cej tre\u015bci bez zwi\u0119kszania zatrudnienia. Szybsze kampanie. Sp\u00f3jny g\u0142os marki na du\u017c\u0105 skal\u0119.<\/li>\n<li><strong>Dla marketer\u00f3w:<\/strong> Zacznij od szkic\u00f3w zamiast od pustych stron. Po\u015bwi\u0119\u0107 czas na strategi\u0119, a nie na pisanie 50. wariantu wiadomo\u015bci e-mail.<\/li>\n<li><strong>Dla biznesu:<\/strong> Komunikaty, kt\u00f3re rezonuj\u0105. Wi\u0119ksze zaanga\u017cowanie. Lepsza konwersja.<\/li>\n<\/ul>\n\n<p><em>Wa\u017cne: Sztuczna inteligencja przygotowuje tre\u015bci, ale ludzie nadal s\u0105 w\u0142a\u015bcicielami wiadomo\u015bci. Sprawdzaj wszystko przed wys\u0142aniem.<\/em><\/p>\n\n<p><a href=\"https:\/\/www.leaplytics.de\/pl\/tworzenie-tresci-personalizacja-ai\/\">Dowiedz si\u0119 wi\u0119cej o sztucznej inteligencji do tworzenia i personalizacji tre\u015bci \u2192<\/a><\/p>\n\n\n<hr class=\"wp-block-separator has-alpha-channel-opacity\"\/>\n\n\n\n<h4 class=\"wp-block-heading\">3. Analiza i segmentacja klient\u00f3w<\/h4>\n\n\n<p>Masz dane klient\u00f3w. Du\u017co danych. Historia zakup\u00f3w. Zachowanie. Dane demograficzne. Interakcje.<\/p>\n<p>Ale przekszta\u0142cenie danych w spostrze\u017cenia? To wymaga analizy. A inteligentna segmentacja? To wymaga jeszcze wi\u0119cej.<\/p>\n\n\n<h5 class=\"wp-block-heading\">Co robi sztuczna inteligencja<\/h5>\n\n\n<p><strong>Analizuje zachowania klient\u00f3w.<\/strong><br \/>\nCo robi\u0105 klienci przed zakupem? Zanim zrezygnuj\u0105? Sztuczna inteligencja znajduje wzorce w danych dotycz\u0105cych zachowania.<\/p>\n\n<p><strong>Tworzy inteligentne segmenty.<\/strong><br \/>\nNie tylko segmenty demograficzne - segmenty behawioralne. Klienci o wysokiej warto\u015bci. Zagro\u017ceni klienci. Potencjalni klienci gotowi do zakupu. Sztuczna inteligencja grupuje ludzi wed\u0142ug tego, co faktycznie robi\u0105.<\/p>\n\n<p><strong>Przewiduje churn.<\/strong><br \/>\nKt\u00f3rzy klienci mog\u0105 odej\u015b\u0107? Sztuczna inteligencja wykrywa znaki ostrzegawcze, dzi\u0119ki czemu mo\u017cesz dzia\u0142a\u0107, zanim odejd\u0105.<\/p>\n\n<p><strong>Oblicza warto\u015b\u0107 w ca\u0142ym okresie u\u017cytkowania.<\/strong><br \/>\nKt\u00f3rzy klienci s\u0105 najwi\u0119cej warci w czasie? Sztuczna inteligencja ocenia warto\u015b\u0107, dzi\u0119ki czemu wiesz, gdzie inwestowa\u0107.<\/p>\n\n<p><strong>Identyfikuje mo\u017cliwo\u015bci sprzeda\u017cy krzy\u017cowej.<\/strong><br \/>\nNa podstawie wzorc\u00f3w zakupowych sztuczna inteligencja sugeruje, kt\u00f3re produkty poleci\u0107 poszczeg\u00f3lnym klientom.<\/p>\n\n\n<h5 class=\"wp-block-heading\">Co to oznacza dla u\u017cytkownika<\/h5>\n\n\n<ul>\n<li><strong>Dla CMO:<\/strong> Wydatki marketingowe trafiaj\u0105 do w\u0142a\u015bciwych os\u00f3b. Lepszy zwrot z inwestycji. Decyzje oparte na danych zamiast domys\u0142\u00f3w.<\/li>\n<li><strong>Dla marketer\u00f3w:<\/strong> Segmenty, kt\u00f3re faktycznie maj\u0105 znaczenie. Kampanie ukierunkowane na zachowanie, a nie tylko dane demograficzne.<\/li>\n<li><strong>Dla biznesu:<\/strong> Zatrzymaj wi\u0119cej klient\u00f3w. Sprzedawaj wi\u0119cej istniej\u0105cym klientom. Zrozumie\u0107, co nap\u0119dza przychody.<\/li>\n<\/ul>\n\n<p><a href=\"https:\/\/www.leaplytics.de\/pl\/analiza-klientow-segmentacja-ai\/\">Dowiedz si\u0119 wi\u0119cej o sztucznej inteligencji do analizy i segmentacji klient\u00f3w \u2192<\/a><\/p>\n\n\n<hr class=\"wp-block-separator has-alpha-channel-opacity\"\/>\n\n\n\n<h4 class=\"wp-block-heading\">4. Ruroci\u0105g sprzeda\u017cy i prognozowanie<\/h4>\n\n\n<p>Prognozowanie sprzeda\u017cy to po cz\u0119\u015bci nauka, po cz\u0119\u015bci my\u015blenie \u017cyczeniowe. Przedstawiciele s\u0105 optymistami. Transakcje spadaj\u0105. Prognoza zmienia si\u0119 co tydzie\u0144.<\/p>\n<p>W mi\u0119dzyczasie mened\u017cerowie sp\u0119dzaj\u0105 godziny w CRM, pr\u00f3buj\u0105c dowiedzie\u0107 si\u0119, co tak naprawd\u0119 zostanie zamkni\u0119te.<\/p>\n\n\n<h5 class=\"wp-block-heading\">Co robi sztuczna inteligencja<\/h5>\n\n\n<p><strong>Prawdopodobie\u0144stwo wyniku.<\/strong><br \/>\nW oparciu o charakterystyk\u0119 transakcji i wzorce historyczne, sztuczna inteligencja przewiduje, kt\u00f3re transakcje zostan\u0105 faktycznie zamkni\u0119te. Nie s\u0105 to dane oparte na przeczuciach.<\/p>\n\n<p><strong>Identyfikuje zagro\u017cone transakcje.<\/strong><br \/>\nBrak aktywno\u015bci przez dwa tygodnie? Interesariusz zamilk\u0142? Sztuczna inteligencja flaguje transakcje, kt\u00f3re wymagaj\u0105 uwagi, zanim umr\u0105.<\/p>\n\n<p><strong>Poprawia dok\u0142adno\u015b\u0107 prognoz.<\/strong><br \/>\nSztuczna inteligencja analizuje dane pipeline i historyczne wska\u017aniki zamkni\u0119\u0107. Daje ci prognoz\u0119 opart\u0105 na wzorcach, a nie obietnicach.<\/p>\n\n<p><strong>Sugeruje kolejne najlepsze dzia\u0142ania.<\/strong><br \/>\nDo kogo powinien dzi\u015b zadzwoni\u0107 przedstawiciel? Kt\u00f3ra transakcja wymaga dalszych dzia\u0142a\u0144? Sztuczna inteligencja nadaje priorytety dzia\u0142aniom, kt\u00f3re posuwaj\u0105 transakcje do przodu.<\/p>\n\n<p><strong>Analizuje wzorce wygranych\/przegranych.<\/strong><br \/>\nDlaczego transakcje s\u0105 zamykane? Dlaczego przegrywaj\u0105? Sztuczna inteligencja znajduje wzorce w wygranych i przegranych, dzi\u0119ki czemu mo\u017cna powt\u00f3rzy\u0107 to, co dzia\u0142a.<\/p>\n\n\n<h5 class=\"wp-block-heading\">Co to oznacza dla u\u017cytkownika<\/h5>\n\n\n<ul>\n<li><strong>Dla dyrektor\u00f3w sprzeda\u017cy:<\/strong> Prognozy, kt\u00f3rym mo\u017cna zaufa\u0107. Wgl\u0105d w stan ruroci\u0105g\u00f3w. Coaching oparty na danych.<\/li>\n<li><strong>Dla przedstawicieli handlowych:<\/strong> Wiedzie\u0107, na kt\u00f3rych transakcjach si\u0119 skupi\u0107. Jasne priorytety. Mniej czasu na aktualizacj\u0119 CRM, wi\u0119cej na sprzeda\u017c.<\/li>\n<li><strong>Dla biznesu:<\/strong> Przewidywalne przychody. Lepsze planowanie. Mniej niespodzianek na koniec kwarta\u0142u.<\/li>\n<\/ul>\n\n<p><a href=\"https:\/\/www.leaplytics.de\/pl\/prognozowanie-potoku-sprzedazy-ai\/\">Dowiedz si\u0119 wi\u0119cej o AI dla Sales Pipeline &amp; Forecasting \u2192<\/a><\/p>\n\n\n<hr class=\"wp-block-separator has-alpha-channel-opacity\"\/>\n\n\n\n<h4 class=\"wp-block-heading\">5. Zarz\u0105dzanie i optymalizacja kampanii<\/h4>\n\n\n<p>Kampanie prowadzone s\u0105 w r\u00f3\u017cnych kana\u0142ach. E-mail. Spo\u0142eczno\u015bciowe. P\u0142atne reklamy. Tre\u015bci. Wydarzenia. Ka\u017cdy z nich ma wska\u017aniki. Ka\u017cdy wymaga optymalizacji.<\/p>\n<p>Ustalenie, co dzia\u0142a i dlaczego, zajmuje czas, kt\u00f3rego nikt nie ma.<\/p>\n\n\n<h5 class=\"wp-block-heading\">Co robi sztuczna inteligencja<\/h5>\n\n\n<p><strong>\u015aledzi wydajno\u015b\u0107 w r\u00f3\u017cnych kana\u0142ach.<\/strong><br \/>\nWszystkie kampanie. Wszystkie wska\u017aniki. Jeden widok. Sztuczna inteligencja konsoliduje dane, dzi\u0119ki czemu widzisz pe\u0142ny obraz.<\/p>\n\n<p><strong>Identyfikuje to, co dzia\u0142a.<\/strong><br \/>\nKt\u00f3re kampanie generuj\u0105 przychody? Kt\u00f3re kana\u0142y s\u0105 najlepsze dla poszczeg\u00f3lnych segment\u00f3w? Sztuczna inteligencja \u0142\u0105czy dzia\u0142ania marketingowe z wynikami.<\/p>\n\n<p><strong>Optymalizuje alokacj\u0119 bud\u017cetu.<\/strong><br \/>\nWydawaj wi\u0119cej tam, gdzie to dzia\u0142a. Mniej tam, gdzie to nie dzia\u0142a. Sztuczna inteligencja sugeruje, jak przesun\u0105\u0107 bud\u017cet, aby uzyska\u0107 lepszy zwrot z inwestycji.<\/p>\n\n<p><strong>Przewiduje wydajno\u015b\u0107 kampanii.<\/strong><br \/>\nPrzed uruchomieniem sztuczna inteligencja szacuje wyniki na podstawie podobnych wcze\u015bniejszych kampanii. Mniej niespodzianek.<\/p>\n\n<p><strong>Automatyzuje rutynowe optymalizacje.<\/strong><br \/>\nWstrzymywanie nieefektywnych reklam. Dostosuj stawki. Przesuni\u0119cie bud\u017cetu. Sztuczna inteligencja automatycznie obs\u0142uguje zmiany taktyczne.<\/p>\n\n\n<h5 class=\"wp-block-heading\">Co to oznacza dla u\u017cytkownika<\/h5>\n\n\n<ul>\n<li><strong>Dla CMO:<\/strong> Wyra\u017any zwrot z inwestycji w marketing. Decyzje bud\u017cetowe oparte na danych. Uzasadnienie inwestycji liczbami.<\/li>\n<li><strong>Dla marketer\u00f3w:<\/strong> Przesta\u0144 zgadywa\u0107, co dzia\u0142a. Optymalizuj szybciej. Po\u015bwi\u0119\u0107 czas na strategi\u0119, a nie na arkusze kalkulacyjne.<\/li>\n<li><strong>Dla biznesu:<\/strong> Wi\u0119kszy przych\u00f3d na dolara marketingowego. Efektywny wzrost. Kampanie, kt\u00f3re faktycznie dzia\u0142aj\u0105.<\/li>\n<\/ul>\n\n<p><em>Wa\u017cne: AI optymalizuje na podstawie danych, ale ocena marketingowa nadal ma znaczenie. Sztuczna inteligencja nie zna strategii Twojej marki - Ty j\u0105 znasz.<\/em><\/p>\n\n<p><a href=\"https:\/\/www.leaplytics.de\/pl\/zarzadzanie-kampaniami-optymalizacja-ai\/\">Dowiedz si\u0119 wi\u0119cej o sztucznej inteligencji do zarz\u0105dzania i optymalizacji kampanii \u2192<\/a><\/p>\n\n\n<hr class=\"wp-block-separator has-alpha-channel-opacity\"\/>\n\n\n\n<h3 class=\"wp-block-heading\">Czego sztuczna inteligencja nie zrobi<\/h3>\n\n\n<p>Postawmy spraw\u0119 jasno.<\/p>\n<p>Sztuczna inteligencja nie zast\u0105pi specjalist\u00f3w ds. marketingu i sprzeda\u017cy. Nie buduje relacji. Nie negocjuje z\u0142o\u017conych transakcji. Nie tworzy strategii marki ani nie obs\u0142uguje zdenerwowanego klienta, kt\u00f3ry potrzebuje ludzkiego dotyku.<\/p>\n<p>Zajmuje si\u0119 rutyn\u0105. Punktacj\u0105. Draftingiem. Analiz\u0105. Optymalizacj\u0105.<\/p>\n<p>Tw\u00f3j zesp\u00f3\u0142 nadal my\u015bli. Po prostu robi to szybciej, poniewa\u017c dane s\u0105 gotowe, a praca jest ju\u017c wykonana.<\/p>\n\n\n<hr class=\"wp-block-separator has-alpha-channel-opacity\"\/>\n\n\n\n<h3 class=\"wp-block-heading\">Podsumowanie<\/h3>\n\n\n<p>Zespo\u0142y marketingowe i sprzeda\u017cowe, kt\u00f3re dobrze wykorzystuj\u0105 sztuczn\u0105 inteligencj\u0119, nie pracuj\u0105 mniej. Pracuj\u0105 inaczej.<\/p>\n<p>Zamiast zgadywa\u0107, do kt\u00f3rych potencjalnych klient\u00f3w zadzwoni\u0107, pracuj\u0105 nad tymi najlepszymi. Zamiast pisa\u0107 ka\u017cdy e-mail od zera, dopracowuj\u0105 wersje robocze. Zamiast zastanawia\u0107 si\u0119, co dzia\u0142a, widz\u0105 to w danych.<\/p>\n<p>Wynik:<\/p>\n<ul>\n<li>Wy\u017csze wsp\u00f3\u0142czynniki konwersji<\/li>\n<li>Kr\u00f3tsze cykle sprzeda\u017cy<\/li>\n<li>Lepszy zwrot z inwestycji w marketing<\/li>\n<li>Specjali\u015bci ds. sprzeda\u017cy i marketingu wykonuj\u0105cy prac\u0119, kt\u00f3ra faktycznie wymaga ich wiedzy specjalistycznej<\/li>\n<li>Wzrost przychod\u00f3w bez proporcjonalnego wzrostu zatrudnienia<\/li>\n<\/ul>\n<p>Nie chodzi o zast\u0105pienie zespo\u0142u. Chodzi o zwi\u0119kszenie ich efektywno\u015bci.<\/p>\n\n\n<hr class=\"wp-block-separator has-alpha-channel-opacity\"\/>\n\n\n\n<h3 class=\"wp-block-heading\">Chcesz zobaczy\u0107, co jest mo\u017cliwe?<\/h3>\n\n\n<p>Ka\u017cdy zesp\u00f3\u0142 marketingu i sprzeda\u017cy jest inny. Tw\u00f3j lejek sprzeda\u017cowy nie jest taki jak wszystkich innych. Twoi klienci maj\u0105 swoje w\u0142asne wzorce. Twoje priorytety zale\u017c\u0105 od Twojej firmy.<\/p>\n<p>Nie sprzedajemy uniwersalnych rozwi\u0105za\u0144. Przygl\u0105damy si\u0119 konkretnym wyzwaniom. Identyfikujemy, gdzie sztuczna inteligencja mo\u017ce faktycznie pom\u00f3c. Tworzymy systemy, kt\u00f3re pasuj\u0105 do Twojego procesu.<\/p>\n<p>\u017badnego szumu. \u017badnych obietnic, kt\u00f3rych nie mo\u017cemy dotrzyma\u0107. Tylko praktyczna sztuczna inteligencja, kt\u00f3ra pomaga si\u0119 rozwija\u0107.<\/p>\n\n<p><a href=\"https:\/\/www.leaplytics.de\/pl\/kontakt\/\">Porozmawiajmy o marketingu i sprzeda\u017cy<\/a><\/p>\n\n<p><a href=\"https:\/\/www.leaplytics.de\/pl\/sztuczna-inteligencja\/\">Zobacz wszystkie us\u0142ugi AI<\/a><\/p>","protected":false},"excerpt":{"rendered":"<p>Tw\u00f3j zesp\u00f3\u0142 marketingu i sprzeda\u017cy ma za du\u017co pracy. AI mo\u017ce pom\u00f3c. Marketing i sprzeda\u017c to praca dla ludzi. Leady. Perspektywy. Klienci. Kampanie. Komunikaty. Ci\u0105g\u0142y nacisk na znalezienie, przekonanie i zatrzymanie kupuj\u0105cych. Wi\u0119kszo\u015b\u0107 z nich przebiega wed\u0142ug schemat\u00f3w. Zdob\u0105d\u017a lead. Napisz wiadomo\u015b\u0107 e-mail. Segmentacja listy. Zaktualizuj CRM. Kontynuuj ponownie. AI jest ... <\/p>","protected":false},"author":2,"featured_media":0,"parent":0,"menu_order":0,"comment_status":"closed","ping_status":"closed","template":"","meta":{"footnotes":""},"class_list":["post-14402","page","type-page","status-publish","hentry","latest_post"],"_links":{"self":[{"href":"https:\/\/www.leaplytics.de\/pl\/wp-json\/wp\/v2\/pages\/14402","targetHints":{"allow":["GET"]}}],"collection":[{"href":"https:\/\/www.leaplytics.de\/pl\/wp-json\/wp\/v2\/pages"}],"about":[{"href":"https:\/\/www.leaplytics.de\/pl\/wp-json\/wp\/v2\/types\/page"}],"author":[{"embeddable":true,"href":"https:\/\/www.leaplytics.de\/pl\/wp-json\/wp\/v2\/users\/2"}],"replies":[{"embeddable":true,"href":"https:\/\/www.leaplytics.de\/pl\/wp-json\/wp\/v2\/comments?post=14402"}],"version-history":[{"count":3,"href":"https:\/\/www.leaplytics.de\/pl\/wp-json\/wp\/v2\/pages\/14402\/revisions"}],"predecessor-version":[{"id":14492,"href":"https:\/\/www.leaplytics.de\/pl\/wp-json\/wp\/v2\/pages\/14402\/revisions\/14492"}],"wp:attachment":[{"href":"https:\/\/www.leaplytics.de\/pl\/wp-json\/wp\/v2\/media?parent=14402"}],"curies":[{"name":"wp","href":"https:\/\/api.w.org\/{rel}","templated":true}]}}