{"id":14409,"date":"2025-12-18T23:54:54","date_gmt":"2025-12-18T22:54:54","guid":{"rendered":"https:\/\/www.leaplytics.de\/?page_id=14409"},"modified":"2025-12-19T01:47:36","modified_gmt":"2025-12-19T00:47:36","slug":"zasoby-ludzkie-ai","status":"publish","type":"page","link":"https:\/\/www.leaplytics.de\/pl\/zasoby-ludzkie-ai\/","title":{"rendered":"Zasoby ludzkie AI"},"content":{"rendered":"<h2>Tw\u00f3j zesp\u00f3\u0142 HR ma za du\u017co pracy. AI mo\u017ce pom\u00f3c.<\/h2>\n\n<p>Praca HR to praca z lud\u017ami. Ale to tak\u017ce papierkowa robota. Aplikacje. Dokumenty onboardingowe. Pytania dotycz\u0105ce zasad. Wnioski urlopowe. Oceny wynik\u00f3w pracy. Formularze \u015bwiadcze\u0144.<\/p>\n<p>Wi\u0119kszo\u015b\u0107 z nich jest zgodna z wzorcami. Sprawd\u017a CV. Odpowied\u017a na pytanie dotycz\u0105ce polityki. Przetwarzanie wniosku. Wy\u015blij przypomnienie. Ponownie.<\/p>\n<p>Sztuczna inteligencja jest do tego stworzona. Czyta aplikacje szybciej ni\u017c jakikolwiek cz\u0142owiek. Nigdy nie zapomina o kontynuacji. Za ka\u017cdym razem idealnie odpowiada na to samo pytanie.<\/p>\n<p>Nie zast\u0119puje to zespo\u0142u HR. Sprawia, \u017ce jest on szybszy. Zajmuje si\u0119 rutyn\u0105, dzi\u0119ki czemu pracownicy mog\u0105 skupi\u0107 si\u0119 na tym, co wa\u017cne - na swoich ludziach.<\/p>\n\n\n<hr class=\"wp-block-separator has-alpha-channel-opacity\"\/>\n\n\n\n<h3 class=\"wp-block-heading\">Rzeczywisto\u015b\u0107 pracy HR w dzisiejszych czasach<\/h3>\n\n\n<p>Zespo\u0142y HR s\u0105 przeci\u0105\u017cone. Wi\u0119cej zatrudniania. Wi\u0119ksza zgodno\u015b\u0107 z przepisami. Wi\u0119cej oczekiwa\u0144 pracownik\u00f3w. Mniej zasob\u00f3w.<\/p>\n<p>Rekruterzy ton\u0105 w \u017cyciorysach na ka\u017cde wolne stanowisko. Mened\u017cerowie HR odpowiadaj\u0105 w k\u00f3\u0142ko na te same pytania. Onboarding jest koszmarem listy kontrolnej. Oceny wydajno\u015bci pi\u0119trz\u0105 si\u0119.<\/p>\n<p>Praca strategiczna zostaje odsuni\u0119ta na bok. Cierpi na tym do\u015bwiadczenie pracownik\u00f3w. Dobrzy kandydaci odchodz\u0105, poniewa\u017c proces trwa\u0142 zbyt d\u0142ugo.<\/p>\n<p>Nie dlatego, \u017ce ludzie nie s\u0105 dobrzy w swojej pracy. Po prostu jest za du\u017co pracy administracyjnej i za ma\u0142o czasu dla ludzi.<\/p>\n\n\n<hr class=\"wp-block-separator has-alpha-channel-opacity\"\/>\n\n\n\n<h3 class=\"wp-block-heading\">Gdzie sztuczna inteligencja robi prawdziw\u0105 r\u00f3\u017cnic\u0119<\/h3>\n\n\n<p>AI dzia\u0142a najlepiej tam, gdzie istnieje powtarzalna praca i jasne wzorce. HR ma jedno i drugie.<\/p>\n<p>Oto pi\u0119\u0107 obszar\u00f3w, w kt\u00f3rych sztuczna inteligencja zapewnia rzeczywiste wyniki - nie szum, ale rzeczywista oszcz\u0119dno\u015b\u0107 czasu i lepsze wyniki.<\/p>\n\n\n<hr class=\"wp-block-separator has-alpha-channel-opacity\"\/>\n\n\n\n<h4 class=\"wp-block-heading\">1. Rekrutacja i pozyskiwanie talent\u00f3w<\/h4>\n\n\n<p>Na ka\u017cde otwarte stanowisko nap\u0142ywaj\u0105 setki aplikacji. Kto\u015b musi je wszystkie przeczyta\u0107. Sprawdza\u0107 kwalifikacje. Zaplanowa\u0107 rozmowy kwalifikacyjne. Kontynuowa\u0107 rozmowy z kandydatami.<\/p>\n<p>Dobrzy kandydaci nie b\u0119d\u0105 czeka\u0107. Podczas gdy Ty wci\u0105\u017c sprawdzasz kandydat\u00f3w, oni przyj\u0119li ju\u017c inn\u0105 ofert\u0119.<\/p>\n\n\n<h5 class=\"wp-block-heading\">Co robi sztuczna inteligencja<\/h5>\n\n\n<p><strong>Ekrany s\u0105 automatycznie wznawiane.<\/strong><br \/>\nUmiej\u0119tno\u015bci. Do\u015bwiadczenie. Kwalifikacje. Sztuczna inteligencja czyta ka\u017cd\u0105 aplikacj\u0119 i szereguje kandydat\u00f3w na podstawie dopasowania. Najlepsze dopasowania pojawiaj\u0105 si\u0119 natychmiast.<\/p>\n\n<p><strong>Dopasowuje kandydat\u00f3w do r\u00f3l.<\/strong><br \/>\nNie tylko s\u0142owa kluczowe - rzeczywiste dopasowanie. Sztuczna inteligencja rozumie wymagania stanowiska i znajduje kandydat\u00f3w, kt\u00f3rych do\u015bwiadczenie faktycznie pasuje.<\/p>\n\n<p><strong>Automatycznie planuje rozmowy kwalifikacyjne.<\/strong><br \/>\nKandydat wybiera godzin\u0119. Kalendarz sprawdza dost\u0119pno\u015b\u0107. Rozmowa kwalifikacyjna zarezerwowana. \u017badnych e-maili zwrotnych.<\/p>\n\n<p><strong>Odpowiedzi na pytania kandydat\u00f3w.<\/strong><br \/>\n\"Jak wygl\u0105da proces rozmowy kwalifikacyjnej?\" \"Jakie korzy\u015bci oferujecie?\" Sztuczna inteligencja odpowiada natychmiast, 24\/7. Kandydaci czuj\u0105 si\u0119 zaanga\u017cowani.<\/p>\n\n<p><strong>Optymalizuje oferty pracy.<\/strong><br \/>\nW oparciu o to, co przyci\u0105ga wykwalifikowanych kandydat\u00f3w, sztuczna inteligencja sugeruje ulepszenia opis\u00f3w stanowisk.<\/p>\n\n\n<h5 class=\"wp-block-heading\">Co to oznacza dla u\u017cytkownika<\/h5>\n\n\n<ul>\n<li><strong>Dla dyrektor\u00f3w HR:<\/strong> Kr\u00f3tszy czas zatrudnienia. Ni\u017cszy koszt zatrudnienia. Lepsze do\u015bwiadczenie kandydata. Mniejsze wypalenie zawodowe rekruter\u00f3w.<\/li>\n<li><strong>Dla rekruter\u00f3w:<\/strong> Przesta\u0144 czyta\u0107 setki niewykwalifikowanych CV. Skoncentruj si\u0119 na rozmowach kwalifikacyjnych z najlepszymi kandydatami.<\/li>\n<li><strong>Dla mened\u017cer\u00f3w ds. rekrutacji:<\/strong> Szybciej poznaj wykwalifikowanych kandydat\u00f3w. Obsadzaj stanowiska, zanim projekty utkn\u0105 w martwym punkcie.<\/li>\n<\/ul>\n\n<p><a href=\"https:\/\/www.leaplytics.de\/pl\/rekrutacja-pozyskiwanie-talentow-ai\/\">Dowiedz si\u0119 wi\u0119cej o sztucznej inteligencji w rekrutacji i pozyskiwaniu talent\u00f3w \u2192<\/a><\/p>\n\n\n<hr class=\"wp-block-separator has-alpha-channel-opacity\"\/>\n\n\n\n<h4 class=\"wp-block-heading\">2. Wdra\u017canie pracownik\u00f3w<\/h4>\n\n\n<p>Nowi pracownicy oznaczaj\u0105 papierkow\u0105 robot\u0119. Formularze podatkowe. Rejestracja \u015bwiadcze\u0144. Pro\u015bby o sprz\u0119t. Przydzia\u0142y szkole\u0144. Potwierdzenia zasad.<\/p>\n<p>Gdy wdro\u017cenie do pracy przebiega w nie\u0142adzie, nowi pracownicy czuj\u0105 si\u0119 zagubieni. Pierwsze wra\u017cenie ma znaczenie - i cz\u0119sto jest fatalne.<\/p>\n\n\n<h5 class=\"wp-block-heading\">Co robi sztuczna inteligencja<\/h5>\n\n\n<p><strong>Automatycznie przetwarza dokumenty.<\/strong><br \/>\nPrzes\u0142ane formularze. Wyodr\u0119bnione dane. Informacje kierowane do odpowiednich system\u00f3w. Brak r\u0119cznego wprowadzania danych.<\/p>\n\n<p><strong>Przypisuje szkolenie automatycznie.<\/strong><br \/>\nW oparciu o rol\u0119, lokalizacj\u0119 i wymagania, sztuczna inteligencja tworzy spersonalizowane plany onboardingu. Nic nie zosta\u0142o pomini\u0119te.<\/p>\n\n<p><strong>Uko\u0144czenie \u015bcie\u017cek.<\/strong><br \/>\nKt\u00f3re zadania zosta\u0142y wykonane? Kt\u00f3re oczekuj\u0105 na wykonanie? Sztuczna inteligencja monitoruje post\u0119py i automatycznie wysy\u0142a przypomnienia.<\/p>\n\n<p><strong>Odpowiada na pytania nowych pracownik\u00f3w.<\/strong><br \/>\n\"Gdzie mog\u0119 zaparkowa\u0107?\" \"Jak skonfigurowa\u0107 poczt\u0119 e-mail?\" \"Kiedy zaczynaj\u0105 si\u0119 benefity?\" Sztuczna inteligencja odpowiada natychmiast, podaj\u0105c dok\u0142adne informacje.<\/p>\n\n<p><strong>Tworzy sp\u00f3jne do\u015bwiadczenia.<\/strong><br \/>\nKa\u017cdy nowy pracownik otrzymuje tak\u0105 sam\u0105 jako\u015b\u0107 wdro\u017cenia. Koniec z \"to zale\u017cy od tego, kto ci pom\u00f3g\u0142\".<\/p>\n\n\n<h5 class=\"wp-block-heading\">Co to oznacza dla u\u017cytkownika<\/h5>\n\n\n<ul>\n<li><strong>Dla dyrektor\u00f3w HR:<\/strong> Sp\u00f3jne wdra\u017canie na du\u017c\u0105 skal\u0119. Kr\u00f3tszy czas osi\u0105gni\u0119cia produktywno\u015bci. Lepsza retencja nowych pracownik\u00f3w.<\/li>\n<li><strong>Dla mened\u017cer\u00f3w HR:<\/strong> Przesta\u0144 goni\u0107 za papierkow\u0105 robot\u0105. Skup si\u0119 na tym, by nowi pracownicy czuli si\u0119 mile widziani.<\/li>\n<li><strong>Dla nowych pracownik\u00f3w:<\/strong> Przejrzysty proces. Szybkie odpowiedzi. Profesjonalne do\u015bwiadczenie od pierwszego dnia.<\/li>\n<\/ul>\n\n<p><a href=\"https:\/\/www.leaplytics.de\/pl\/onboarding-pracownikow-ai\/\">Dowiedz si\u0119 wi\u0119cej o sztucznej inteligencji w procesie wdra\u017cania pracownik\u00f3w \u2192<\/a><\/p>\n\n\n<hr class=\"wp-block-separator has-alpha-channel-opacity\"\/>\n\n\n\n<h4 class=\"wp-block-heading\">3. Samoobs\u0142uga i wsparcie dla pracownik\u00f3w<\/h4>\n\n\n<p>Pracownicy maj\u0105 pytania. O zasady. O \u015bwiadczenia. O urlopy. O wydatki. O wszystko.<\/p>\n<p>Dzia\u0142 HR odpowiada setki razy na te same pytania. Tymczasem pracownicy czekaj\u0105 na odpowiedzi w prostych sprawach.<\/p>\n\n\n<h5 class=\"wp-block-heading\">Co robi sztuczna inteligencja<\/h5>\n\n\n<p><strong>Natychmiastowe odpowiedzi na pytania dotycz\u0105ce polis.<\/strong><br \/>\n\"Ile mam dni urlopu?\" \"Jaki jest limit wydatk\u00f3w?\" \"Jak mog\u0119 poprosi\u0107 o urlop rodzicielski?\". Sztuczna inteligencja zna Twoje zasady i dok\u0142adnie na nie odpowiada.<\/p>\n\n<p><strong>Przetwarza rutynowe \u017c\u0105dania.<\/strong><br \/>\nWnioski o urlop. Zmiany adresu. Wnioski o dokumenty. Sztuczna inteligencja obs\u0142uguje standardowe wnioski bez udzia\u0142u dzia\u0142u kadr.<\/p>\n\n<p><strong>Prowadzi pracownik\u00f3w przez procesy.<\/strong><br \/>\nPomoc krok po kroku w zakresie rejestracji \u015bwiadcze\u0144, zg\u0142aszania wydatk\u00f3w lub dowolnego procesu HR. \u017badnych nieporozumie\u0144.<\/p>\n\n<p><strong>W razie potrzeby eskaluje dzia\u0142ania.<\/strong><br \/>\nZ\u0142o\u017cona sytuacja? Dra\u017cliwa kwestia? Sztuczna inteligencja rozpoznaje ograniczenia i kieruje do cz\u0142owieka z kontekstem.<\/p>\n\n<p><strong>Dost\u0119pny 24\/7.<\/strong><br \/>\nPracownicy w r\u00f3\u017cnych strefach czasowych. Pytania w nocy. Sztuczna inteligencja jest zawsze dost\u0119pna.<\/p>\n\n\n<h5 class=\"wp-block-heading\">Co to oznacza dla u\u017cytkownika<\/h5>\n\n\n<ul>\n<li><strong>Dla dyrektor\u00f3w HR:<\/strong> Zmniejszona liczba zg\u0142osze\u0144 HR. Wi\u0119ksza satysfakcja pracownik\u00f3w. Zesp\u00f3\u0142 HR skoncentrowany na pracy strategicznej.<\/li>\n<li><strong>Dla mened\u017cer\u00f3w HR:<\/strong> Przesta\u0144 odpowiada\u0107 na te same pytania. Obs\u0142uguj wyj\u0105tki, a nie rutynowe zapytania.<\/li>\n<li><strong>Dla pracownik\u00f3w:<\/strong> Natychmiastowe odpowiedzi. Bez czekania. Jasne wskaz\u00f3wki, gdy ich potrzebuj\u0105.<\/li>\n<\/ul>\n\n<p><a href=\"https:\/\/www.leaplytics.de\/pl\/wsparcie-samoobslugi-pracownikow-ai\/\">Dowiedz si\u0119 wi\u0119cej o AI dla samoobs\u0142ugi pracowniczej \u2192<\/a><\/p>\n\n\n<hr class=\"wp-block-separator has-alpha-channel-opacity\"\/>\n\n\n\n<h4 class=\"wp-block-heading\">4. Zarz\u0105dzanie wydajno\u015bci\u0105 i analityka<\/h4>\n\n\n<p>Oceny wynik\u00f3w trwaj\u0105 wiecznie. Zbieranie informacji zwrotnych. Analizowanie wzorc\u00f3w. Identyfikowanie problem\u00f3w. Pisanie podsumowa\u0144.<\/p>\n<p>Do czasu dokonania przegl\u0105du problemy narastaj\u0105 miesi\u0105cami.<\/p>\n\n\n<h5 class=\"wp-block-heading\">Co robi sztuczna inteligencja<\/h5>\n\n\n<p><strong>Analizuje wzorce sprz\u0119\u017cenia zwrotnego.<\/strong><br \/>\n360 opinii. Odpowiedzi na ankiety. Notatki mened\u017cer\u00f3w. Sztuczna inteligencja identyfikuje tematy i trendy w informacjach zwrotnych.<\/p>\n\n<p><strong>Identyfikuje luki w umiej\u0119tno\u015bciach.<\/strong><br \/>\nW oparciu o dane dotycz\u0105ce wydajno\u015bci i wymagania dotycz\u0105ce roli, sztuczna inteligencja wykrywa obszary wymagaj\u0105ce rozwoju.<\/p>\n\n<p><strong>Przewiduje ryzyko retencji.<\/strong><br \/>\nSpadek zaanga\u017cowania? Zmieniaj\u0105 si\u0119 wzorce wydajno\u015bci? Sztuczna inteligencja dostrzega znaki ostrzegawcze, zanim pracownicy odejd\u0105.<\/p>\n\n<p><strong>Generuje podsumowania recenzji.<\/strong><br \/>\nSztuczna inteligencja przygotowuje podsumowania wydajno\u015bci na podstawie zebranych danych. Mened\u017cerowie dokonuj\u0105 przegl\u0105du i personalizacji.<\/p>\n\n<p><strong>\u015aledzi cele i post\u0119py.<\/strong><br \/>\n\u015aledzenie cel\u00f3w. Przypomnienia o kamieniach milowych. Widoczno\u015b\u0107 post\u0119p\u00f3w. Sztuczna inteligencja utrzymuje zarz\u0105dzanie wydajno\u015bci\u0105 na w\u0142a\u015bciwym torze.<\/p>\n\n\n<h5 class=\"wp-block-heading\">Co to oznacza dla u\u017cytkownika<\/h5>\n\n\n<ul>\n<li><strong>Dla dyrektor\u00f3w HR:<\/strong> Decyzje dotycz\u0105ce talent\u00f3w oparte na danych. Wczesne ostrzeganie o retencji. Programy rozwojowe, kt\u00f3re zajmuj\u0105 si\u0119 rzeczywistymi lukami.<\/li>\n<li><strong>Dla mened\u017cer\u00f3w:<\/strong> Mniej czasu na papierkow\u0105 robot\u0119. Lepszy wgl\u0105d w wydajno\u015b\u0107 zespo\u0142u. Wcze\u015bniejsze wychwytywanie problem\u00f3w.<\/li>\n<li><strong>Dla pracownik\u00f3w:<\/strong> Bardziej przejrzysta informacja zwrotna. Rozw\u00f3j dostosowany do rzeczywistych potrzeb. Cele, kt\u00f3re pozostaj\u0105 widoczne.<\/li>\n<\/ul>\n\n<p><a href=\"https:\/\/www.leaplytics.de\/pl\/zarzadzanie-wydajnoscia-analityka-ai\/\">Dowiedz si\u0119 wi\u0119cej o sztucznej inteligencji do zarz\u0105dzania wydajno\u015bci\u0105 \u2192<\/a><\/p>\n\n\n<hr class=\"wp-block-separator has-alpha-channel-opacity\"\/>\n\n\n\n<h4 class=\"wp-block-heading\">5. Administracja HR i zgodno\u015b\u0107 z przepisami<\/h4>\n\n\n<p>HR dzia\u0142a na dokumentach i zasadach. Pliki pracownik\u00f3w. Wymagania dotycz\u0105ce zgodno\u015bci. Aktualizacje zasad. Obowi\u0105zki sprawozdawcze.<\/p>\n<p>Przegapienie czego\u015b mo\u017ce by\u0107 kosztowne. Audyty s\u0105 stresuj\u0105ce. Nad\u0105\u017canie za przepisami to praca na pe\u0142en etat.<\/p>\n\n\n<h5 class=\"wp-block-heading\">Co robi sztuczna inteligencja<\/h5>\n\n\n<p><strong>Organizuje dokumenty pracownik\u00f3w.<\/strong><br \/>\nUmowy. Certyfikaty. Dokumentacja szkoleniowa. AI archiwizuje wszystko poprawnie i umo\u017cliwia ich odnalezienie.<\/p>\n\n<p><strong>\u015aledzi wymagania dotycz\u0105ce zgodno\u015bci.<\/strong><br \/>\nWygasaj\u0105ce certyfikaty? Zaleg\u0142e szkolenia? Brakuje wymaganych dokument\u00f3w? Sztuczna inteligencja monitoruje i ostrzega.<\/p>\n\n<p><strong>Monitoruje zmiany regulacyjne.<\/strong><br \/>\nAktualizacja prawa pracy? Nowy wym\u00f3g zgodno\u015bci? Sztuczna inteligencja \u015bledzi zmiany, kt\u00f3re maj\u0105 wp\u0142yw na Twoje zasady.<\/p>\n\n<p><strong>Generuje raporty HR.<\/strong><br \/>\nLiczba pracownik\u00f3w. Obr\u00f3t. Wska\u017aniki r\u00f3\u017cnorodno\u015bci. Status zgodno\u015bci. Sztuczna inteligencja automatycznie tworzy raporty.<\/p>\n\n<p><strong>Audyty dokumentacji.<\/strong><br \/>\nCzy akta pracownik\u00f3w s\u0105 kompletne? Czy podpisano wymagane potwierdzenia? AI sprawdza i oznacza luki.<\/p>\n\n\n<h5 class=\"wp-block-heading\">Co to oznacza dla u\u017cytkownika<\/h5>\n\n\n<ul>\n<li><strong>Dla dyrektor\u00f3w HR:<\/strong> Rejestry gotowe do audytu. Ni\u017csze ryzyko braku zgodno\u015bci. Przejrzysty wgl\u0105d w wska\u017aniki HR.<\/li>\n<li><strong>Dla mened\u017cer\u00f3w HR:<\/strong> Przesta\u0144 szuka\u0107 dokument\u00f3w. Zaufaj, \u017ce zgodno\u015b\u0107 jest \u015bledzona. Skup si\u0119 na ludziach, a nie na papierkowej robocie.<\/li>\n<li><strong>Dla biznesu:<\/strong> Zmniejszone ryzyko prawne. W\u0142a\u015bciwa dokumentacja. Dow\u00f3d na to, \u017ce post\u0119pujesz w\u0142a\u015bciwie.<\/li>\n<\/ul>\n\n<p><em>Wa\u017cne: AI zajmuje si\u0119 administracj\u0105, ale ocena HR w sprawach dotycz\u0105cych ludzi pozostaje niezb\u0119dna. Wra\u017cliwe decyzje zawsze wymagaj\u0105 zaanga\u017cowania cz\u0142owieka.<\/em><\/p>\n\n<p><a href=\"https:\/\/www.leaplytics.de\/pl\/hr-administracja-zgodnosc-ai\/\">Dowiedz si\u0119 wi\u0119cej o AI dla administracji HR i zgodno\u015bci \u2192<\/a><\/p>\n\n\n<hr class=\"wp-block-separator has-alpha-channel-opacity\"\/>\n\n\n\n<h3 class=\"wp-block-heading\">Czego sztuczna inteligencja nie zrobi<\/h3>\n\n\n<p>Postawmy spraw\u0119 jasno.<\/p>\n<p>Sztuczna inteligencja nie zast\u0119puje specjalist\u00f3w HR. Nie przeprowadzi trudnej rozmowy. Nie radzi sobie z wra\u017cliwymi sytuacjami pracowniczymi. Nie podejmuje decyzji dotycz\u0105cych kariery zawodowej.<\/p>\n<p>Zajmuje si\u0119 rutyn\u0105. Badania przesiewowe. Planowaniem. Pytania dotycz\u0105ce polityki. \u015aledzenie dokument\u00f3w.<\/p>\n<p>Tw\u00f3j zesp\u00f3\u0142 HR nadal wykonuje ludzk\u0105 prac\u0119. Po prostu robi to lepiej, poniewa\u017c obci\u0105\u017cenie administracyjne zosta\u0142o zniesione.<\/p>\n\n\n<hr class=\"wp-block-separator has-alpha-channel-opacity\"\/>\n\n\n\n<h3 class=\"wp-block-heading\">Podsumowanie<\/h3>\n\n\n<p>Zespo\u0142y HR, kt\u00f3re dobrze wykorzystuj\u0105 sztuczn\u0105 inteligencj\u0119, nie pracuj\u0105 mniej. Pracuj\u0105 inaczej.<\/p>\n<p>Zamiast przegl\u0105da\u0107 setki CV, przeprowadzaj\u0105 rozmowy z doskona\u0142ymi kandydatami. Zamiast odpowiada\u0107 na powtarzaj\u0105ce si\u0119 pytania, rozwi\u0105zuj\u0105 prawdziwe problemy pracownik\u00f3w. Zamiast goni\u0107 za papierkow\u0105 robot\u0105, skupiaj\u0105 si\u0119 na ludziach.<\/p>\n<p>Wynik:<\/p>\n<ul>\n<li>Szybsze zatrudnianie lepszych kandydat\u00f3w<\/li>\n<li>Lepsze do\u015bwiadczenie pracownik\u00f3w<\/li>\n<li>Ni\u017csze koszty administracyjne<\/li>\n<li>Specjali\u015bci HR wykonuj\u0105cy prac\u0119, kt\u00f3ra faktycznie wymaga ich wiedzy<\/li>\n<li>Zgodno\u015b\u0107 bez ci\u0105g\u0142ego stresu<\/li>\n<\/ul>\n<p>Nie chodzi o zast\u0105pienie zespo\u0142u. Chodzi o zwi\u0119kszenie ich efektywno\u015bci.<\/p>\n\n\n<hr class=\"wp-block-separator has-alpha-channel-opacity\"\/>\n\n\n\n<h3 class=\"wp-block-heading\">Chcesz zobaczy\u0107, co jest mo\u017cliwe?<\/h3>\n\n\n<p>Ka\u017cdy zesp\u00f3\u0142 HR jest inny. Twoje procesy nie s\u0105 takie jak wszystkich innych. Twoje zasady maj\u0105 swoje w\u0142asne dziwactwa. Priorytety zale\u017c\u0105 od prowadzonej dzia\u0142alno\u015bci.<\/p>\n<p>Nie sprzedajemy uniwersalnych rozwi\u0105za\u0144. Przygl\u0105damy si\u0119 konkretnym wyzwaniom HR. Identyfikujemy obszary, w kt\u00f3rych AI mo\u017ce faktycznie pom\u00f3c. Tworzymy systemy, kt\u00f3re pasuj\u0105 do Twojego sposobu pracy.<\/p>\n<p>\u017badnego szumu. \u017badnych obietnic, kt\u00f3rych nie mo\u017cemy dotrzyma\u0107. Tylko praktyczna sztuczna inteligencja, kt\u00f3ra zwi\u0119ksza efektywno\u015b\u0107 zespo\u0142u HR.<\/p>\n\n<p><a href=\"https:\/\/www.leaplytics.de\/pl\/kontakt\/\">Porozmawiajmy o operacjach HR<\/a><\/p>\n\n<p><a href=\"https:\/\/www.leaplytics.de\/pl\/sztuczna-inteligencja\/\">Zobacz wszystkie us\u0142ugi AI<\/a><\/p>","protected":false},"excerpt":{"rendered":"<p>Tw\u00f3j zesp\u00f3\u0142 HR ma za du\u017co pracy. AI mo\u017ce pom\u00f3c. Praca HR to praca z lud\u017ami. Ale to tak\u017ce papierkowa robota. Aplikacje. Dokumenty onboardingowe. Pytania dotycz\u0105ce zasad. Wnioski urlopowe. Oceny wynik\u00f3w pracy. Formularze \u015bwiadcze\u0144. Wi\u0119kszo\u015b\u0107 z nich jest zgodna z wzorcami. Sprawd\u017a CV. Odpowied\u017a na pytanie dotycz\u0105ce polityki. Przetwarzanie wniosku. Wy\u015blij przypomnienie. Ponownie. Sztuczna inteligencja jest do tego stworzona. ... <\/p>","protected":false},"author":2,"featured_media":0,"parent":0,"menu_order":0,"comment_status":"closed","ping_status":"closed","template":"","meta":{"footnotes":""},"class_list":["post-14409","page","type-page","status-publish","hentry","latest_post"],"_links":{"self":[{"href":"https:\/\/www.leaplytics.de\/pl\/wp-json\/wp\/v2\/pages\/14409","targetHints":{"allow":["GET"]}}],"collection":[{"href":"https:\/\/www.leaplytics.de\/pl\/wp-json\/wp\/v2\/pages"}],"about":[{"href":"https:\/\/www.leaplytics.de\/pl\/wp-json\/wp\/v2\/types\/page"}],"author":[{"embeddable":true,"href":"https:\/\/www.leaplytics.de\/pl\/wp-json\/wp\/v2\/users\/2"}],"replies":[{"embeddable":true,"href":"https:\/\/www.leaplytics.de\/pl\/wp-json\/wp\/v2\/comments?post=14409"}],"version-history":[{"count":3,"href":"https:\/\/www.leaplytics.de\/pl\/wp-json\/wp\/v2\/pages\/14409\/revisions"}],"predecessor-version":[{"id":14458,"href":"https:\/\/www.leaplytics.de\/pl\/wp-json\/wp\/v2\/pages\/14409\/revisions\/14458"}],"wp:attachment":[{"href":"https:\/\/www.leaplytics.de\/pl\/wp-json\/wp\/v2\/media?parent=14409"}],"curies":[{"name":"wp","href":"https:\/\/api.w.org\/{rel}","templated":true}]}}