{"id":14411,"date":"2025-12-18T23:54:38","date_gmt":"2025-12-18T22:54:38","guid":{"rendered":"https:\/\/www.leaplytics.de\/?page_id=14411"},"modified":"2025-12-19T02:12:42","modified_gmt":"2025-12-19T01:12:42","slug":"sourcing-procurement-ai","status":"publish","type":"page","link":"https:\/\/www.leaplytics.de\/pl\/sourcing-procurement-ai\/","title":{"rendered":"Sourcing \/ Procurement AI"},"content":{"rendered":"<h2>Tw\u00f3j zesp\u00f3\u0142 zakupowy ma za du\u017co pracy. AI mo\u017ce pom\u00f3c.<\/h2>\n\n<p>Praca zwi\u0105zana z zaopatrzeniem to praca zwi\u0105zana z pozyskiwaniem. Dostawcy. Kontrakty. Zam\u00f3wienia. Zatwierdzenia. \u015aledzenie wydatk\u00f3w. Ci\u0105g\u0142y cykl wyszukiwania, kupowania i zarz\u0105dzania.<\/p>\n<p>Wi\u0119kszo\u015b\u0107 z nich jest zgodna z wzorcami. Znajd\u017a dostawc\u0119. Uzyskanie ofert. Przetwarzanie zam\u00f3wienia. Sprawdzenie faktury. Odnowienie umowy. Powt\u00f3rz.<\/p>\n<p>Sztuczna inteligencja jest do tego stworzona. Analizuje dostawc\u00f3w szybciej ni\u017c jakikolwiek cz\u0142owiek. Nigdy nie przegapi odnowienia umowy. Dostrzega mo\u017cliwo\u015bci oszcz\u0119dno\u015bci w danych, kt\u00f3rych nikt nie ma czasu przejrze\u0107.<\/p>\n<p>Nie zast\u0119puje to zespo\u0142u ds. zakup\u00f3w. Przyspiesza ich prac\u0119. Zajmuje si\u0119 rutyn\u0105, dzi\u0119ki czemu pracownicy mog\u0105 skupi\u0107 si\u0119 na strategicznym pozyskiwaniu i relacjach.<\/p>\n\n\n<hr class=\"wp-block-separator has-alpha-channel-opacity\"\/>\n\n\n\n<h3 class=\"wp-block-heading\">Dzisiejsza rzeczywisto\u015b\u0107 w obszarze zam\u00f3wie\u0144 publicznych<\/h3>\n\n\n<p>Zespo\u0142y zakupowe s\u0105 napi\u0119te. Wi\u0119cej dostawc\u00f3w. Wi\u0119cej wymog\u00f3w zgodno\u015bci. Wi\u0119ksza presja na ci\u0119cie koszt\u00f3w. Mniej czasu na strategi\u0119.<\/p>\n<p>Kupuj\u0105cy sp\u0119dzaj\u0105 godziny na pracy transakcyjnej zamiast negocjowa\u0107 lepsze oferty. Odnowienia um\u00f3w wymykaj\u0105 si\u0119 spod kontroli. Dane o wydatkach zalegaj\u0105 w systemach, ale nikt ich nie analizuje. Zdarzaj\u0105 si\u0119 niestandardowe wydatki, poniewa\u017c proces jest zbyt powolny.<\/p>\n<p>Niewykorzystane mo\u017cliwo\u015bci oszcz\u0119dno\u015bci. Ryzyko dla dostawc\u00f3w pozostaje niezauwa\u017cone. Wszyscy s\u0105 zaj\u0119ci przetwarzaniem, a nie optymalizacj\u0105.<\/p>\n<p>Nie dlatego, \u017ce ludzie nie s\u0105 dobrzy w swojej pracy. Poniewa\u017c jest po prostu za du\u017co pracy transakcyjnej i za ma\u0142o czasu na strategi\u0119.<\/p>\n\n\n<hr class=\"wp-block-separator has-alpha-channel-opacity\"\/>\n\n\n\n<h3 class=\"wp-block-heading\">Gdzie sztuczna inteligencja robi prawdziw\u0105 r\u00f3\u017cnic\u0119<\/h3>\n\n\n<p>Sztuczna inteligencja dzia\u0142a najlepiej tam, gdzie s\u0105 dane i wzorce. Zam\u00f3wienia publiczne maj\u0105 jedno i drugie.<\/p>\n<p>Oto pi\u0119\u0107 obszar\u00f3w, w kt\u00f3rych sztuczna inteligencja zapewnia rzeczywiste wyniki - nie jest to szum informacyjny, ale rzeczywiste oszcz\u0119dno\u015bci i odzyskany czas.<\/p>\n\n\n<hr class=\"wp-block-separator has-alpha-channel-opacity\"\/>\n\n\n\n<h4 class=\"wp-block-heading\">1. Wyszukiwanie i ocena dostawc\u00f3w<\/h4>\n\n\n<p>Znalezienie dobrych dostawc\u00f3w wymaga czasu. Zbadanie dost\u0119pnych opcji. Sprawdzenie kwalifikacji. Ocena ryzyka. Uzyskanie wycen.<\/p>\n<p>A trzymanie si\u0119 tych samych dostawc\u00f3w, poniewa\u017c \"zawsze z nich korzystali\u015bmy\"? To zostawianie pieni\u0119dzy na stole.<\/p>\n\n\n<h5 class=\"wp-block-heading\">Co robi sztuczna inteligencja<\/h5>\n\n\n<p><strong>Identyfikuje potencjalnych dostawc\u00f3w.<\/strong><br \/>\nW oparciu o Twoje wymagania sztuczna inteligencja wyszukuje i sugeruje dostawc\u00f3w, kt\u00f3rych by\u0107 mo\u017ce nie znalaz\u0142e\u015b. Nowe opcje dla lepszych ofert.<\/p>\n\n<p><strong>Ocenia ryzyko zwi\u0105zane z dostawc\u0105.<\/strong><br \/>\nStabilno\u015b\u0107 finansowa. Historia zgodno\u015bci. Wiadomo\u015bci i reputacja. Sztuczna inteligencja gromadzi informacje i sygnalizuje potencjalne zagro\u017cenia.<\/p>\n\n<p><strong>Wyniki kwalifikacji dostawc\u00f3w.<\/strong><br \/>\nCertyfikaty. Mo\u017cliwo\u015bci. Historia dzia\u0142alno\u015bci. Sztuczna inteligencja automatycznie ocenia dostawc\u00f3w pod k\u0105tem kryteri\u00f3w.<\/p>\n\n<p><strong>Inteligentnie por\u00f3wnuje cytaty.<\/strong><br \/>\nNie tylko cena - ca\u0142kowity koszt. Warunki. Wska\u017aniki jako\u015bci. Sztuczna inteligencja pomaga por\u00f3wna\u0107 jab\u0142ka z jab\u0142kami.<\/p>\n\n<p><strong>Monitoruje informacje rynkowe.<\/strong><br \/>\nTrendy cenowe. Warunki poda\u017cy. Zmiany w bran\u017cy. Sztuczna inteligencja \u015bledzi czynniki rynkowe, kt\u00f3re wp\u0142ywaj\u0105 na decyzje dotycz\u0105ce zaopatrzenia.<\/p>\n\n\n<h5 class=\"wp-block-heading\">Co to oznacza dla u\u017cytkownika<\/h5>\n\n\n<ul>\n<li><strong>Dla CPO:<\/strong> Lepszy wyb\u00f3r dostawc\u00f3w. Ni\u017csze ryzyko. Bardziej konkurencyjne ceny. Strategiczne zaopatrzenie zamiast zakup\u00f3w reaktywnych.<\/li>\n<li><strong>Dla mened\u017cer\u00f3w ds. zaopatrzenia:<\/strong> Szybsza ocena dostawc\u00f3w. Pewno\u015b\u0107 co do wyboru dostawcy. Czas na negocjacje zamiast poszukiwa\u0144.<\/li>\n<li><strong>Dla biznesu:<\/strong> Lepsi dostawcy. Lepsze ceny. Mniej zak\u0142\u00f3ce\u0144 w dostawach.<\/li>\n<\/ul>\n\n<p><a href=\"https:\/\/www.leaplytics.de\/pl\/ocena-odkrycia-dostawcy-ai\/\">Dowiedz si\u0119 wi\u0119cej o sztucznej inteligencji do wyszukiwania i oceny dostawc\u00f3w \u2192<\/a><\/p>\n\n\n<hr class=\"wp-block-separator has-alpha-channel-opacity\"\/>\n\n\n\n<h4 class=\"wp-block-heading\">2. Zapotrzebowania i zam\u00f3wienia<\/h4>\n\n\n<p>Zam\u00f3wienia sp\u0142ywaj\u0105 nieustannie. Zapotrzebowania z ka\u017cdego dzia\u0142u. Zatwierdzenia do uzyskania. Zam\u00f3wienia do utworzenia. Potwierdzenia do \u015bledzenia.<\/p>\n<p>Gdy proces jest powolny, ludzie go omijaj\u0105. Zdarzaj\u0105 si\u0119 niestandardowe wydatki. Cierpi na tym zgodno\u015b\u0107 z przepisami.<\/p>\n\n\n<h5 class=\"wp-block-heading\">Co robi sztuczna inteligencja<\/h5>\n\n\n<p><strong>Automatycznie przetwarza zapotrzebowania.<\/strong><br \/>\nStandardowe \u017c\u0105danie? AI zatwierdza, kieruje do zatwierdzenia i tworzy zam\u00f3wienie. Brak r\u0119cznej obs\u0142ugi rutynowych zam\u00f3wie\u0144.<\/p>\n\n<p><strong>Przekierowuje zatwierdzenia w inteligentny spos\u00f3b.<\/strong><br \/>\nW oparciu o kwot\u0119, kategori\u0119 i polityk\u0119, sztuczna inteligencja wysy\u0142a \u017c\u0105dania do odpowiednich os\u00f3b zatwierdzaj\u0105cych. Nie ma w\u0105tpliwo\u015bci, kto co zatwierdza.<\/p>\n\n<p><strong>Sugeruje preferowanych dostawc\u00f3w.<\/strong><br \/>\nW przypadku typowych zakup\u00f3w sztuczna inteligencja rekomenduje zakontraktowanych dostawc\u00f3w z najlepszymi warunkami. Wbudowana zgodno\u015b\u0107 z przepisami.<\/p>\n\n<p><strong>Weryfikuje zgodno\u015b\u0107 z umowami.<\/strong><br \/>\nCzy ta cena jest w\u0142a\u015bciwa? Czy korzystamy z uzgodnionych warunk\u00f3w? Sztuczna inteligencja sprawdza zam\u00f3wienia pod k\u0105tem warunk\u00f3w umowy.<\/p>\n\n<p><strong>\u015aledzi status zam\u00f3wienia.<\/strong><br \/>\nGdzie jest moje zam\u00f3wienie? Kiedy zostanie dostarczone? Sztuczna inteligencja monitoruje status i proaktywnie sygnalizuje op\u00f3\u017anienia.<\/p>\n\n\n<h5 class=\"wp-block-heading\">Co to oznacza dla u\u017cytkownika<\/h5>\n\n\n<ul>\n<li><strong>Dla CPO:<\/strong> Wi\u0119ksza zgodno\u015b\u0107 z umowami. Mniej niestandardowych wydatk\u00f3w. Szybsze cykle zam\u00f3wie\u0144.<\/li>\n<li><strong>Dla kupuj\u0105cych:<\/strong> Przesta\u0144 r\u0119cznie przetwarza\u0107 rutynowe zam\u00f3wienia. Skoncentruj si\u0119 na z\u0142o\u017conych zakupach, kt\u00f3re wymagaj\u0105 specjalistycznej wiedzy.<\/li>\n<li><strong>Dla wnioskodawc\u00f3w:<\/strong> Szybsze zam\u00f3wienia. Przejrzysty status. \u0141atwy proces, kt\u00f3rego ludzie faktycznie przestrzegaj\u0105.<\/li>\n<\/ul>\n\n<p><a href=\"https:\/\/www.leaplytics.de\/pl\/zapotrzebowanie-na-zakup-zamawianie-ai\/\">Dowiedz si\u0119 wi\u0119cej o AI dla zapotrzebowa\u0144 i zam\u00f3wie\u0144 \u2192<\/a><\/p>\n\n\n<hr class=\"wp-block-separator has-alpha-channel-opacity\"\/>\n\n\n\n<h4 class=\"wp-block-heading\">3. Zarz\u0105dzanie umowami<\/h4>\n\n\n<p>Kontrakty pi\u0119trz\u0105 si\u0119. Umowy z dostawcami. Umowy serwisowe. Umowy licencyjne. Ka\u017cda z innymi warunkami, terminami i zobowi\u0105zaniami.<\/p>\n<p>Odnowienia s\u0105 pomijane. Warunki zostaj\u0105 zapomniane. Nikt nie wie, na co tak naprawd\u0119 si\u0119 zgodzili\u015bmy.<\/p>\n\n\n<h5 class=\"wp-block-heading\">Co robi sztuczna inteligencja<\/h5>\n\n\n<p><strong>Automatycznie wyodr\u0119bnia kluczowe terminy.<\/strong><br \/>\nCeny. Wolumeny. Klauzule wypowiedzenia. Daty odnowienia. Sztuczna inteligencja czyta umowy i wyci\u0105ga z nich to, co istotne.<\/p>\n\n<p><strong>\u015aledzi daty odnowienia.<\/strong><br \/>\nZbli\u017ca si\u0119 automatyczne odnowienie? Ko\u0144czy si\u0119 okres wypowiedzenia? Sztuczna inteligencja ostrzega przed up\u0142ywem termin\u00f3w.<\/p>\n\n<p><strong>Por\u00f3wnuje warunki umowy.<\/strong><br \/>\nJak ta umowa wypada na tle innych? Do standard\u00f3w rynkowych? Sztuczna inteligencja podkre\u015bla odchylenia.<\/p>\n\n<p><strong>Monitoruje zgodno\u015b\u0107 z warunkami.<\/strong><br \/>\nCzy wywi\u0105zujemy si\u0119 ze zobowi\u0105za\u0144 ilo\u015bciowych? Czy dostawca dotrzymuje um\u00f3w SLA? Sztuczna inteligencja \u015bledzi realizacj\u0119 um\u00f3w.<\/p>\n\n<p><strong>Sugeruje punkty negocjacyjne.<\/strong><br \/>\nW oparciu o analiz\u0119 umowy i dane rynkowe, sztuczna inteligencja identyfikuje warunki, na kt\u00f3re nale\u017cy naciska\u0107 podczas odnawiania umowy.<\/p>\n\n\n<h5 class=\"wp-block-heading\">Co to oznacza dla u\u017cytkownika<\/h5>\n\n\n<ul>\n<li><strong>Dla CPO:<\/strong> Brak nieodebranych odnowie\u0144. Lepsza pozycja negocjacyjna. Wgl\u0105d w zobowi\u0105zania umowne.<\/li>\n<li><strong>Dla mened\u017cer\u00f3w ds. zaopatrzenia:<\/strong> Dowiedz si\u0119, co jest zawarte w umowach bez czytania ka\u017cdej strony. Przygotuj si\u0119 do odnowie\u0144 dzi\u0119ki danym.<\/li>\n<li><strong>Dla biznesu:<\/strong> Lepsze warunki um\u00f3w. Odpowiedzialno\u015b\u0107 dostawc\u00f3w. Pieni\u0105dze niepozostawione na stole.<\/li>\n<\/ul>\n\n<p><a href=\"https:\/\/www.leaplytics.de\/pl\/zarzadzanie-umowami-ai\/\">Dowiedz si\u0119 wi\u0119cej o sztucznej inteligencji do zarz\u0105dzania umowami \u2192<\/a><\/p>\n\n\n<hr class=\"wp-block-separator has-alpha-channel-opacity\"\/>\n\n\n\n<h4 class=\"wp-block-heading\">4. Analiza i optymalizacja wydatk\u00f3w<\/h4>\n\n\n<p>Wsz\u0119dzie wydajesz pieni\u0105dze. Ale gdzie dok\u0142adnie? Z kt\u00f3rymi dostawcami? Na jakich warunkach? Po jakich cenach w por\u00f3wnaniu do rynku?<\/p>\n<p>Bez widoczno\u015bci nie mo\u017cna optymalizowa\u0107. A r\u0119czna analiza wydatk\u00f3w? To projekt, na kt\u00f3ry nikt nie ma czasu.<\/p>\n\n\n<h5 class=\"wp-block-heading\">Co robi sztuczna inteligencja<\/h5>\n\n\n<p><strong>Automatycznie kategoryzuje wydatki.<\/strong><br \/>\nKa\u017cda transakcja sklasyfikowana. Wed\u0142ug kategorii. Wed\u0142ug dostawcy. Wed\u0142ug dzia\u0142u. Czyste dane bez r\u0119cznego oznaczania.<\/p>\n\n<p><strong>Identyfikuje mo\u017cliwo\u015bci oszcz\u0119dno\u015bci.<\/strong><br \/>\nR\u00f3\u017cnice w cenach tego samego produktu. Dostawcy pobieraj\u0105cy wi\u0119ksze op\u0142aty ni\u017c inni. Mo\u017cliwo\u015bci konsolidacji wolumenu. Sztuczna inteligencja znajduje pieni\u0105dze.<\/p>\n\n<p><strong>Wykrywa nietypowe wydatki.<\/strong><br \/>\nZakupy poza umowami. Niepreferowani dostawcy. Naruszenia zasad. Sztuczna inteligencja wykrywa niezgodne wydatki.<\/p>\n\n<p><strong>Analiza por\u00f3wnawcza z rynkiem.<\/strong><br \/>\nCzy p\u0142acimy za du\u017co? Jak wypadaj\u0105 nasze ceny? Sztuczna inteligencja zapewnia kontekst dla wydatk\u00f3w.<\/p>\n\n<p><strong>Prognozuje przysz\u0142e wydatki.<\/strong><br \/>\nW oparciu o wzorce i zobowi\u0105zania, sztuczna inteligencja przewiduje, ile wydasz. Lepsze bud\u017cetowanie.<\/p>\n\n\n<h5 class=\"wp-block-heading\">Co to oznacza dla u\u017cytkownika<\/h5>\n\n\n<ul>\n<li><strong>Dla CPO:<\/strong> Przejrzysty wgl\u0105d w wydatki. Ilo\u015bciowe mo\u017cliwo\u015bci oszcz\u0119dno\u015bci. Dane do prowadzenia negocjacji.<\/li>\n<li><strong>Dla mened\u017cer\u00f3w ds. zaopatrzenia:<\/strong> Dowiedz si\u0119, gdzie trafiaj\u0105 pieni\u0105dze bez tworzenia raport\u00f3w. Skoncentruj si\u0119 na kategoriach o du\u017cym wp\u0142ywie.<\/li>\n<li><strong>Dla finans\u00f3w:<\/strong> Wi\u0119ksza dok\u0142adno\u015b\u0107 bud\u017cetu. Uzasadnione inwestycje w zaopatrzenie. Udokumentowane oszcz\u0119dno\u015bci.<\/li>\n<\/ul>\n\n<p><a href=\"https:\/\/www.leaplytics.de\/pl\/analiza-wydatkow-optymalizacja-ai\/\">Dowiedz si\u0119 wi\u0119cej o sztucznej inteligencji do analizy i optymalizacji wydatk\u00f3w \u2192<\/a><\/p>\n\n\n<hr class=\"wp-block-separator has-alpha-channel-opacity\"\/>\n\n\n\n<h4 class=\"wp-block-heading\">5. Wydajno\u015b\u0107 dostawc\u00f3w i zarz\u0105dzanie ryzykiem<\/h4>\n\n\n<p>Jeste\u015b zale\u017cny od dostawc\u00f3w. Gdy oni zawodz\u0105, zawodzisz Ty. Op\u00f3\u017anione dostawy. Problemy z jako\u015bci\u0105. Problemy finansowe. Naruszenia zgodno\u015bci.<\/p>\n<p>R\u0119czne monitorowanie ka\u017cdego dostawcy? Niemo\u017cliwe. Ale ignorowanie ryzyka? Niebezpieczne.<\/p>\n\n\n<h5 class=\"wp-block-heading\">Co robi sztuczna inteligencja<\/h5>\n\n\n<p><strong>Monitoruje wydajno\u015b\u0107 dostawc\u00f3w.<\/strong><br \/>\nDostawa na czas. Wska\u017aniki jako\u015bci. Responsywno\u015b\u0107. Sztuczna inteligencja stale \u015bledzi dane dotycz\u0105ce wydajno\u015bci.<\/p>\n\n<p><strong>Ocenia relacje z dostawcami.<\/strong><br \/>\nW oparciu o wydajno\u015b\u0107, ryzyko i warto\u015b\u0107, sztuczna inteligencja ocenia dostawc\u00f3w. Zobacz, kto dostarcza, a kto nie.<\/p>\n\n<p><strong>Wykrywa sygna\u0142y ryzyka.<\/strong><br \/>\nK\u0142opoty finansowe? Negatywne wiadomo\u015bci? Kwestie zgodno\u015bci z przepisami? Sztuczna inteligencja monitoruje sygna\u0142y zewn\u0119trzne i odpowiednio wcze\u015bnie ostrzega.<\/p>\n\n<p><strong>Przewiduje zak\u0142\u00f3cenia w dostawach.<\/strong><br \/>\nNa podstawie wzorc\u00f3w i czynnik\u00f3w zewn\u0119trznych sztuczna inteligencja oznacza dostawc\u00f3w, kt\u00f3rzy mog\u0105 mie\u0107 problemy.<\/p>\n\n<p><strong>\u015aledzi status zgodno\u015bci.<\/strong><br \/>\nCzy certyfikaty s\u0105 aktualne? Wa\u017cne ubezpieczenie? Wymagane dokumenty w aktach? Sztuczna inteligencja monitoruje i powiadamia o wyga\u015bni\u0119ciu wa\u017cno\u015bci dokument\u00f3w.<\/p>\n\n\n<h5 class=\"wp-block-heading\">Co to oznacza dla u\u017cytkownika<\/h5>\n\n\n<ul>\n<li><strong>Dla CPO:<\/strong> Proaktywne zarz\u0105dzanie ryzykiem. Odpowiedzialno\u015b\u0107 dostawcy za pomoc\u0105 danych. Chroniony \u0142a\u0144cuch dostaw.<\/li>\n<li><strong>Dla mened\u017cer\u00f3w ds. zaopatrzenia:<\/strong> Dowiedz si\u0119, kt\u00f3rych dostawc\u00f3w obserwowa\u0107. Dowody na trudne rozmowy z dostawcami.<\/li>\n<li><strong>Dla biznesu:<\/strong> Mniej zak\u0142\u00f3ce\u0144 w dostawach. Lepsza jako\u015b\u0107 dostawc\u00f3w. Zmniejszona ekspozycja na ryzyko.<\/li>\n<\/ul>\n\n<p><em>Wa\u017cne: Sztuczna inteligencja zapewnia widoczno\u015b\u0107 i analiz\u0119, ale zarz\u0105dzanie relacjami z dostawcami nadal wymaga ludzkiej oceny. Strategiczne decyzje dotycz\u0105ce partnerstwa pozostaj\u0105 w gestii zespo\u0142u.<\/em><\/p>\n\n<p><a href=\"https:\/\/www.leaplytics.de\/pl\/zarzadzanie-ryzykiem-zwiazanym-z-wydajnoscia-dostawcow-ai\/\">Dowiedz si\u0119 wi\u0119cej o AI dla wydajno\u015bci dostawc\u00f3w i zarz\u0105dzania ryzykiem \u2192<\/a><\/p>\n\n\n<hr class=\"wp-block-separator has-alpha-channel-opacity\"\/>\n\n\n\n<h3 class=\"wp-block-heading\">Czego sztuczna inteligencja nie zrobi<\/h3>\n\n\n<p>Postawmy spraw\u0119 jasno.<\/p>\n<p>Sztuczna inteligencja nie zast\u0119puje specjalist\u00f3w ds. zakup\u00f3w. Nie negocjuje z\u0142o\u017conych transakcji. Nie zarz\u0105dza strategicznymi relacjami z dostawcami. Nie podejmuje decyzji dotycz\u0105cych kompromis\u00f3w mi\u0119dzy cen\u0105, jako\u015bci\u0105 i ryzykiem.<\/p>\n<p>Zajmuje si\u0119 rutyn\u0105. Badaniami. Analiz\u0105. Monitorowaniem. Przetwarzanie transakcji.<\/p>\n<p>Tw\u00f3j zesp\u00f3\u0142 ds. zakup\u00f3w nadal wykonuje strategiczn\u0105 prac\u0119. Po prostu robi to lepiej, poniewa\u017c ma dane i czas.<\/p>\n\n\n<hr class=\"wp-block-separator has-alpha-channel-opacity\"\/>\n\n\n\n<h3 class=\"wp-block-heading\">Podsumowanie<\/h3>\n\n\n<p>Zespo\u0142y zakupowe, kt\u00f3re dobrze wykorzystuj\u0105 sztuczn\u0105 inteligencj\u0119, nie pracuj\u0105 mniej. Pracuj\u0105 inaczej.<\/p>\n<p>Zamiast przetwarza\u0107 zam\u00f3wienia, negocjuj\u0105 lepsze oferty. Zamiast szuka\u0107 danych, analizuj\u0105 i dzia\u0142aj\u0105. Zamiast reagowa\u0107 na problemy dostawc\u00f3w, zapobiegaj\u0105 im.<\/p>\n<p>Wynik:<\/p>\n<ul>\n<li>Zidentyfikowane i uchwycone rzeczywiste oszcz\u0119dno\u015bci<\/li>\n<li>Szybsze cykle zaopatrzenia<\/li>\n<li>Ni\u017csze ryzyko zwi\u0105zane z dostawc\u0105<\/li>\n<li>Specjali\u015bci ds. zakup\u00f3w wykonuj\u0105cy prac\u0119, kt\u00f3ra faktycznie wymaga ich wiedzy<\/li>\n<li>Strategiczne zaopatrzenie zamiast zakup\u00f3w transakcyjnych<\/li>\n<\/ul>\n<p>Nie chodzi o zast\u0105pienie zespo\u0142u. Chodzi o zwi\u0119kszenie ich efektywno\u015bci.<\/p>\n\n\n<hr class=\"wp-block-separator has-alpha-channel-opacity\"\/>\n\n\n\n<h3 class=\"wp-block-heading\">Chcesz zobaczy\u0107, co jest mo\u017cliwe?<\/h3>\n\n\n<p>Ka\u017cdy zesp\u00f3\u0142 zakupowy jest inny. Twoje kategorie nie s\u0105 takie jak wszystkich innych. Baza dostawc\u00f3w ma swoje w\u0142asne cechy. Priorytety zale\u017c\u0105 od prowadzonej dzia\u0142alno\u015bci.<\/p>\n<p>Nie sprzedajemy uniwersalnych rozwi\u0105za\u0144. Przygl\u0105damy si\u0119 konkretnym wyzwaniom zwi\u0105zanym z zaopatrzeniem. Okre\u015blamy, gdzie sztuczna inteligencja mo\u017ce faktycznie pom\u00f3c. Tworzymy systemy, kt\u00f3re pasuj\u0105 do Twojego sposobu pracy.<\/p>\n<p>\u017badnego szumu. \u017badnych obietnic, kt\u00f3rych nie mo\u017cemy dotrzyma\u0107. Po prostu praktyczna sztuczna inteligencja, kt\u00f3ra zwi\u0119ksza efektywno\u015b\u0107 zespo\u0142u ds. zakup\u00f3w.<\/p>\n\n<p><a href=\"https:\/\/www.leaplytics.de\/pl\/kontakt\/\">Porozmawiajmy o operacjach zwi\u0105zanych z zakupami<\/a><\/p>\n\n<p><a href=\"https:\/\/www.leaplytics.de\/pl\/sztuczna-inteligencja\/\">Zobacz wszystkie us\u0142ugi AI<\/a><\/p>","protected":false},"excerpt":{"rendered":"<p>Tw\u00f3j zesp\u00f3\u0142 zakupowy ma za du\u017co pracy. AI mo\u017ce pom\u00f3c. Zakupy to praca zwi\u0105zana z pozyskiwaniem. Dostawcy. Kontrakty. Zam\u00f3wienia. Zatwierdzenia. \u015aledzenie wydatk\u00f3w. Ci\u0105g\u0142y cykl wyszukiwania, kupowania i zarz\u0105dzania. Wi\u0119kszo\u015b\u0107 z nich przebiega wed\u0142ug schemat\u00f3w. Znajd\u017a dostawc\u0119. Uzyskanie ofert. Przetwarzanie zam\u00f3wienia. Sprawdzenie faktury. Odnowienie umowy. Powt\u00f3rz. Sztuczna inteligencja jest do tego stworzona. ... <\/p>","protected":false},"author":2,"featured_media":0,"parent":0,"menu_order":0,"comment_status":"closed","ping_status":"closed","template":"","meta":{"footnotes":""},"class_list":["post-14411","page","type-page","status-publish","hentry","latest_post"],"_links":{"self":[{"href":"https:\/\/www.leaplytics.de\/pl\/wp-json\/wp\/v2\/pages\/14411","targetHints":{"allow":["GET"]}}],"collection":[{"href":"https:\/\/www.leaplytics.de\/pl\/wp-json\/wp\/v2\/pages"}],"about":[{"href":"https:\/\/www.leaplytics.de\/pl\/wp-json\/wp\/v2\/types\/page"}],"author":[{"embeddable":true,"href":"https:\/\/www.leaplytics.de\/pl\/wp-json\/wp\/v2\/users\/2"}],"replies":[{"embeddable":true,"href":"https:\/\/www.leaplytics.de\/pl\/wp-json\/wp\/v2\/comments?post=14411"}],"version-history":[{"count":3,"href":"https:\/\/www.leaplytics.de\/pl\/wp-json\/wp\/v2\/pages\/14411\/revisions"}],"predecessor-version":[{"id":14525,"href":"https:\/\/www.leaplytics.de\/pl\/wp-json\/wp\/v2\/pages\/14411\/revisions\/14525"}],"wp:attachment":[{"href":"https:\/\/www.leaplytics.de\/pl\/wp-json\/wp\/v2\/media?parent=14411"}],"curies":[{"name":"wp","href":"https:\/\/api.w.org\/{rel}","templated":true}]}}