{"id":14429,"date":"2025-12-19T01:30:35","date_gmt":"2025-12-19T00:30:35","guid":{"rendered":"https:\/\/www.leaplytics.de\/?page_id=14429"},"modified":"2025-12-19T01:30:36","modified_gmt":"2025-12-19T00:30:36","slug":"przetwarzanie-dokumentow-finansowych-ai","status":"publish","type":"page","link":"https:\/\/www.leaplytics.de\/pl\/przetwarzanie-dokumentow-finansowych-ai\/","title":{"rendered":"Przetwarzanie dokument\u00f3w finansowych AI"},"content":{"rendered":"<h2>Sztuczna inteligencja do przetwarzania dokument\u00f3w finansowych: Przesta\u0144 pisa\u0107. Zacznij analizowa\u0107.<\/h2>\n\n<p>Tw\u00f3j zesp\u00f3\u0142 finansowy przetwarza setki lub tysi\u0105ce dokument\u00f3w ka\u017cdego miesi\u0105ca. Faktury. Paragony. Wyci\u0105gi bankowe. Raporty wydatk\u00f3w. Zam\u00f3wienia zakupu. Umowy.<\/p>\n<p>Kto\u015b musi przeczyta\u0107 ka\u017cdy z nich. Wyodr\u0119bni\u0107 dane. Wprowadzi\u0107 je do systemu. Sprawdzi\u0107 ich poprawno\u015b\u0107. Dopasowa\u0107 je do innych dokument\u00f3w. Prawid\u0142owo je z\u0142o\u017cy\u0107.<\/p>\n<p>To nie jest praca finansowa. To wprowadzanie danych. Ale zajmuje to wiele godzin ka\u017cdego dnia.<\/p>\n<p>Sztuczna inteligencja czyta dokumenty szybciej ni\u017c jakikolwiek cz\u0142owiek. Wyodr\u0119bnia dane bez liter\u00f3wek. Nigdy nie m\u0119czy si\u0119 na dokumencie 473. I dzia\u0142a 24 godziny na dob\u0119, 7 dni w tygodniu.<\/p>\n<p>Nie chodzi tu o zast\u0105pienie zespo\u0142u. Chodzi o uwolnienie ich od przetwarzania dokument\u00f3w, aby mogli wykonywa\u0107 rzeczywist\u0105 prac\u0119 ksi\u0119gow\u0105.<\/p>\n\n\n<hr class=\"wp-block-separator has-alpha-channel-opacity\"\/>\n\n\n\n<h3 class=\"wp-block-heading\">Problem dokument\u00f3w w finansach<\/h3>\n\n\n<p>Dokumenty s\u0105 dostarczane w ka\u017cdym mo\u017cliwym formacie:<\/p>\n<ul>\n<li>Za\u0142\u0105czniki do wiadomo\u015bci e-mail od setek r\u00f3\u017cnych dostawc\u00f3w<\/li>\n<li>Zeskanowane dokumenty papierowe z dzia\u0142u poczty<\/li>\n<li>Zdj\u0119cia paragon\u00f3w od pracownik\u00f3w<\/li>\n<li>Pliki PDF, kt\u00f3re s\u0105 w rzeczywisto\u015bci obrazami, a nie tekstem do przeszukiwania<\/li>\n<li>Wielostronicowe wyci\u0105gi z tabelami i pozycjami<\/li>\n<li>Odr\u0119czne notatki na dowodach dostawy<\/li>\n<\/ul>\n\n<p>Ka\u017cdy sprzedawca inaczej formatuje faktury. Ka\u017cdy bank ma sw\u00f3j w\u0142asny uk\u0142ad wyci\u0105g\u00f3w. Ka\u017cdy pracownik fotografuje paragony pod innym k\u0105tem.<\/p>\n<p>Tw\u00f3j zesp\u00f3\u0142 musi sobie z tym wszystkim poradzi\u0107. Wyodr\u0119bni\u0107 kluczowe informacje. Wprowadzi\u0107 je do systemu ERP lub systemu ksi\u0119gowego. Upewnij si\u0119, \u017ce nic nie umknie uwadze.<\/p>\n<p>To nie jest wymagaj\u0105ca praca. Jest po prostu czasoch\u0142onna. A gdy ro\u015bnie wolumen, potrzeba wi\u0119cej ludzi lub d\u0142u\u017cszych godzin pracy.<\/p>\n\n\n<hr class=\"wp-block-separator has-alpha-channel-opacity\"\/>\n\n\n\n<h3 class=\"wp-block-heading\">Co sztuczna inteligencja robi dla przetwarzania dokument\u00f3w<\/h3>\n\n\n\n<h4 class=\"wp-block-heading\">Odczytuje dowolny format dokumentu<\/h4>\n\n\n<p>Sztuczna inteligencja nie potrzebuje szablon\u00f3w. Nie potrzebuje ustrukturyzowanych danych. Czyta:<\/p>\n<ul>\n<li><strong>Pliki PDF:<\/strong> Zar\u00f3wno obrazy tekstowe, jak i zeskanowane<\/li>\n<li><strong>Zdj\u0119cia:<\/strong> JPEG, PNG, TIFF z dowolnego \u017ar\u00f3d\u0142a<\/li>\n<li><strong>E-maile:<\/strong> Tre\u015b\u0107, za\u0142\u0105czniki, podpisy<\/li>\n<li><strong>Zdj\u0119cia:<\/strong> Nawet niewyra\u017ane paragony z telefon\u00f3w<\/li>\n<li><strong>Dokumenty wielostronicowe:<\/strong> O\u015bwiadczenia zawieraj\u0105ce dziesi\u0105tki stron<\/li>\n<\/ul>\n\n<p>Obs\u0142uguje r\u00f3\u017cne j\u0119zyki. R\u00f3\u017cne waluty. R\u00f3\u017cne formaty daty. R\u00f3\u017cne uk\u0142ady dokument\u00f3w.<\/p>\n<p>Tw\u00f3j dostawca zmienia szablon faktury? Sztuczna inteligencja dostosowuje si\u0119 automatycznie. Nie ma potrzeby przeprogramowywania.<\/p>\n\n\n<h4 class=\"wp-block-heading\">Wydobywa dok\u0142adnie to, czego potrzebujesz<\/h4>\n\n\n<p>W przypadku faktur SI pobiera:<\/p>\n<ul>\n<li>Nazwa i adres sprzedawcy<\/li>\n<li>Numer i data faktury<\/li>\n<li>Termin p\u0142atno\u015bci i warunki p\u0142atno\u015bci<\/li>\n<li>Pozycje z opisami i kwotami<\/li>\n<li>Sumy cz\u0119\u015bciowe, podatek, kwota ca\u0142kowita<\/li>\n<li>Numery PO, je\u015bli s\u0105 przywo\u0142ywane<\/li>\n<li>Dane konta bankowego do p\u0142atno\u015bci<\/li>\n<\/ul>\n\n<p>W przypadku paragon\u00f3w wyodr\u0119bnia:<\/p>\n<ul>\n<li>Nazwa i lokalizacja sprzedawcy<\/li>\n<li>Data i godzina<\/li>\n<li>Ca\u0142kowita kwota<\/li>\n<li>Kwota podatku<\/li>\n<li>Metoda p\u0142atno\u015bci<\/li>\n<li>Wyszczeg\u00f3lnione zakupy<\/li>\n<\/ul>\n\n<p>W przypadku wyci\u0105g\u00f3w bankowych jest to mo\u017cliwe:<\/p>\n<ul>\n<li>Numer konta<\/li>\n<li>Okres rozliczeniowy<\/li>\n<li>Bilans otwarcia i zamkni\u0119cia<\/li>\n<li>Ka\u017cda transakcja z dat\u0105, opisem i kwot\u0105<\/li>\n<li>Op\u0142aty i odsetki<\/li>\n<\/ul>\n\n<p>Sztuczna inteligencja nie tylko znajduje tekst. Rozumie, co oznaczaj\u0105 dane. Zna r\u00f3\u017cnic\u0119 mi\u0119dzy numerem faktury a numerem PO. Mi\u0119dzy sum\u0105 cz\u0119\u015bciow\u0105 a ca\u0142kowit\u0105. Mi\u0119dzy debetem a kredytem.<\/p>\n\n\n<h4 class=\"wp-block-heading\">Automatyczna weryfikacja danych<\/h4>\n\n\n<p>Sztuczna inteligencja nie tylko wyodr\u0119bnia dane i idzie dalej. Sprawdza:<\/p>\n\n<p><strong>Dok\u0142adno\u015b\u0107 matematyczna:<\/strong><br \/>\nCzy poszczeg\u00f3lne pozycje sumuj\u0105 si\u0119 do sumy cz\u0119\u015bciowej? Czy suma cz\u0119\u015bciowa plus podatek s\u0105 r\u00f3wne sumie? Je\u015bli nie, dokument zostanie oflagowany.<\/p>\n\n<p><strong>Dopasowywanie danych podstawowych:<\/strong><br \/>\nCzy ten dostawca jest w systemie? Czy adres si\u0119 zgadza? Czy numer konta jest prawid\u0142owy? Nieznani dostawcy s\u0105 oznaczani do sprawdzenia.<\/p>\n\n<p><strong>Walidacja referencyjna:<\/strong><br \/>\nCzy ten numer zam\u00f3wienia istnieje? Czy jest on przeznaczony dla tego dostawcy? Czy kwota si\u0119 zgadza? Niezgodno\u015bci wyzwalaj\u0105 alerty.<\/p>\n\n<p><strong>Wykrywanie duplikat\u00f3w:<\/strong><br \/>\nCzy ta faktura zosta\u0142a ju\u017c wcze\u015bniej przes\u0142ana? Ten sam dostawca, ta sama kwota, ta sama data? Sztuczna inteligencja wychwytuje zduplikowane pr\u00f3by p\u0142atno\u015bci.<\/p>\n\n<p><strong>Kontrola zasadno\u015bci:<\/strong><br \/>\nCzy ta kwota jest znacznie wy\u017csza ni\u017c zwykle dla tego dostawcy? Czy termin p\u0142atno\u015bci min\u0105\u0142? Czy co\u015b wygl\u0105da nietypowo? Sztuczna inteligencja flaguje warto\u015bci odstaj\u0105ce.<\/p>\n\n<p>Nic nie przechodzi bez walidacji. Tw\u00f3j zesp\u00f3\u0142 widzi tylko dokumenty, kt\u00f3re przesz\u0142y wszystkie kontrole lub wymagaj\u0105 szczeg\u00f3lnej oceny cz\u0142owieka.<\/p>\n\n\n<h4 class=\"wp-block-heading\">Inteligentne trasowanie dokument\u00f3w<\/h4>\n\n\n<p>Po przetworzeniu dokumenty musz\u0105 trafi\u0107 we w\u0142a\u015bciwe miejsce:<\/p>\n\n<p><strong>Trasa zatwierdzenia:<\/strong><br \/>\nWydatki na marketing? Trafia do mened\u017cera ds. marketingu. Powy\u017cej $5,000? Trafia do dyrektora. Wydatki kapita\u0142owe? Idzie do dyrektora finansowego. Sztuczna inteligencja zna matryc\u0119 zatwierdze\u0144.<\/p>\n\n<p><strong>Przydzia\u0142 do dzia\u0142u:<\/strong><br \/>\nW oparciu o kody GL, centra koszt\u00f3w lub tre\u015b\u0107 dokumentu, AI kieruje do w\u0142a\u015bciwego dzia\u0142u w celu kodowania i zatwierdzenia.<\/p>\n\n<p><strong>Obs\u0142uga wyj\u0105tk\u00f3w:<\/strong><br \/>\nWalidacja nie powiod\u0142a si\u0119? Przechodzi do kolejki specjalist\u00f3w AP. Nowy dostawca? Trafia do dzia\u0142u zaopatrzenia. Nietypowa kwota? Trafia do kontrolera. Ka\u017cdy typ wyj\u0105tku ma w\u0142asn\u0105 \u015bcie\u017ck\u0119.<\/p>\n\n<p><strong>Sortowanie priorytetowe:<\/strong><br \/>\nDost\u0119pna zni\u017cka za wcze\u015bniejsz\u0105 p\u0142atno\u015b\u0107? Wysoki priorytet. Zaleg\u0142a faktura? Wysoki priorytet. Standardowe 30-dniowe terminy? Normalna kolejka. Sztuczna inteligencja ustala priorytety.<\/p>\n\n<p>Koniec z dokumentami zalegaj\u0105cymi w skrzynce e-mail jednej osoby i czekaj\u0105cymi na r\u0119czne sortowanie. Wszystko automatycznie trafia tam, gdzie powinno.<\/p>\n\n\n<h4 class=\"wp-block-heading\">Automatycznie tworzy \u015bcie\u017cki audytu<\/h4>\n\n\n<p>Dla ka\u017cdego dokumentu sztuczna inteligencja rejestruje:<\/p>\n<ul>\n<li>Kiedy zosta\u0142 odebrany<\/li>\n<li>Jakie dane zosta\u0142y pobrane<\/li>\n<li>Jakie walidacje zosta\u0142y przeprowadzone<\/li>\n<li>Co si\u0119 uda\u0142o, a co nie<\/li>\n<li>Kto sprawdza\u0142 wyj\u0105tki<\/li>\n<li>Jakie decyzje zosta\u0142y podj\u0119te<\/li>\n<li>Kiedy zosta\u0142 wys\u0142any do systemu<\/li>\n<\/ul>\n\n<p>Pe\u0142na dokumentacja. Brak konieczno\u015bci r\u0119cznego rejestrowania. Wszystko gotowe do audytu.<\/p>\n\n\n<hr class=\"wp-block-separator has-alpha-channel-opacity\"\/>\n\n\n\n<h3 class=\"wp-block-heading\">Co to oznacza dla u\u017cytkownika<\/h3>\n\n\n\n<h4 class=\"wp-block-heading\">Dla dyrektor\u00f3w finansowych i lider\u00f3w finans\u00f3w<\/h4>\n\n\n<p><strong>Ni\u017cszy koszt pojedynczej transakcji:<\/strong><br \/>\nR\u0119czne przetwarzanie faktury kosztuje $10-$30 w zale\u017cno\u015bci od z\u0142o\u017cono\u015bci. Dzi\u0119ki sztucznej inteligencji spada do $2-$5. Przy du\u017cej skali szybko si\u0119 to sumuje.<\/p>\n\n<p><strong>Obs\u0142uga wzrostu bez wzrostu zatrudnienia:<\/strong><br \/>\nTwoja firma podwaja wolumen transakcji? Sztuczna inteligencja skaluje si\u0119 natychmiast. Bez zatrudniania. Bez szkolenia. Brak czasu na wdro\u017cenie.<\/p>\n\n<p><strong>Kr\u00f3tsze czasy cyklu:<\/strong><br \/>\nDokumenty przetwarzane tego samego dnia, zamiast sta\u0107 w kolejkach przez wiele dni. Uchwycone wcze\u015bniejsze rabaty na p\u0142atno\u015bci. Lepsza widoczno\u015b\u0107 przep\u0142yw\u00f3w pieni\u0119\u017cnych.<\/p>\n\n<p><strong>Lepsza jako\u015b\u0107 danych:<\/strong><br \/>\nBrak liter\u00f3wek. Brak brakuj\u0105cych p\u00f3l. Brak transponowanych liczb. Czystsze dane oznaczaj\u0105 lepsze raportowanie i mniej poprawek.<\/p>\n\n<p><strong>Widoczno\u015b\u0107 w czasie rzeczywistym:<\/strong><br \/>\nZobacz dok\u0142adnie, co jest w przygotowaniu. Ile faktur czeka na zatwierdzenie? Jakie jest ca\u0142kowite zobowi\u0105zanie? Koniec ze \u015bledzeniem w arkuszach kalkulacyjnych.<\/p>\n\n\n<h4 class=\"wp-block-heading\">Dla zespo\u0142\u00f3w AP\/AR<\/h4>\n\n\n<p><strong>Przesta\u0144 wprowadza\u0107 dane:<\/strong><br \/>\nKoniec z wpisywaniem danych z plik\u00f3w PDF. Koniec z podw\u00f3jnym sprawdzaniem liczb. Sztuczna inteligencja zajmuje si\u0119 ekstrakcj\u0105. Ty zajmujesz si\u0119 wyj\u0105tkami i decyzjami.<\/p>\n\n<p><strong>Skoncentruj si\u0119 na rozwi\u0105zywaniu problem\u00f3w:<\/strong><br \/>\nZamiast przetwarza\u0107 50 standardowych faktur, zajmujesz si\u0119 5, kt\u00f3re wymagaj\u0105 oceny. Spory z dostawcami. Brakuj\u0105ce zam\u00f3wienia. Pytania dotycz\u0105ce cen. Interesuj\u0105ce rzeczy.<\/p>\n\n<p><strong>Mniej powtarzalnego stresu:<\/strong><br \/>\nWpisywanie setek faktur powoduje prawdziwy wysi\u0142ek fizyczny. Sztuczna inteligencja nie dostaje cie\u015bni nadgarstka. Tw\u00f3j zesp\u00f3\u0142 pozostaje zdrowszy.<\/p>\n\n<p><strong>\u0141atwa obs\u0142uga okres\u00f3w szczytowych:<\/strong><br \/>\nWzrost na koniec miesi\u0105ca? P\u0119d na koniec kwarta\u0142u? Sztuczna inteligencja nie zwalnia. Nie potrzeba nadgodzin. Brak stresu zwi\u0105zanego z pokonaniem stosu.<\/p>\n\n<p><strong>Szybsze odpowiedzi od dostawc\u00f3w:<\/strong><br \/>\n\"Gdzie jest moja p\u0142atno\u015b\u0107?\" Mo\u017cesz odpowiedzie\u0107 natychmiast, poniewa\u017c wszystko jest w systemie. Bez przeszukiwania poczty e-mail lub stos\u00f3w papieru.<\/p>\n\n\n<h4 class=\"wp-block-heading\">Dla ca\u0142ej firmy<\/h4>\n\n\n<p><strong>Mniej kar za op\u00f3\u017anienia w p\u0142atno\u015bciach:<\/strong><br \/>\nSzybsze przetwarzanie dokument\u00f3w oznacza terminowe p\u0142atno\u015bci. Koniec z op\u0142atami za zw\u0142ok\u0119 w wysoko\u015bci $50, poniewa\u017c faktura le\u017ca\u0142a w e-mailu przez tydzie\u0144.<\/p>\n\n<p><strong>Wi\u0119cej zni\u017cek za wcze\u015bniejsz\u0105 p\u0142atno\u015b\u0107:<\/strong><br \/>\nWarunki \"2\/10 netto 30\" oznaczaj\u0105 realne oszcz\u0119dno\u015bci. Sztuczna inteligencja przetwarza je wystarczaj\u0105co szybko, aby faktycznie uchwyci\u0107 te rabaty.<\/p>\n\n<p><strong>Lepsze relacje z dostawcami:<\/strong><br \/>\nKonsekwentne i terminowe przetwarzanie sprawia, \u017ce jeste\u015b lepszym klientem. Sprzedawcy doceniaj\u0105 przewidywalno\u015b\u0107.<\/p>\n\n<p><strong>Szybsze zwroty koszt\u00f3w dla pracownik\u00f3w:<\/strong><br \/>\nRaporty wydatk\u00f3w przetwarzane w ci\u0105gu dni, a nie tygodni. Szcz\u0119\u015bliwsi pracownicy, kt\u00f3rzy nie czekaj\u0105 na swoje pieni\u0105dze.<\/p>\n\n\n<hr class=\"wp-block-separator has-alpha-channel-opacity\"\/>\n\n\n\n<h3 class=\"wp-block-heading\">Typowe scenariusze przetwarzania dokument\u00f3w<\/h3>\n\n\n\n<h4 class=\"wp-block-heading\">Przetwarzanie faktur<\/h4>\n\n\n<p>Faktura przychodzi poczt\u0105 elektroniczn\u0105. SI:<\/p>\n<ol>\n<li>Wyodr\u0119bnia wszystkie dane z faktury w ci\u0105gu kilku sekund<\/li>\n<li>Sprawdza sprzedawc\u0119 z list\u0105 g\u0142\u00f3wn\u0105<\/li>\n<li>Pasuje do PO, je\u015bli taki istnieje<\/li>\n<li>Weryfikuje kwoty i obliczenia<\/li>\n<li>\u015acie\u017cki do zatwierdzenia na podstawie kwoty i dzia\u0142u<\/li>\n<li>Tworzy wpis AP w systemie<\/li>\n<li>Powiadamia zatwierdzaj\u0105cego za pomoc\u0105 preferowanej metody<\/li>\n<\/ol>\n\n<p>Ca\u0142kowity czas: Poni\u017cej jednej minuty. Zaanga\u017cowanie cz\u0142owieka: Tylko decyzja o zatwierdzeniu.<\/p>\n\n\n<h4 class=\"wp-block-heading\">Przetwarzanie raport\u00f3w wydatk\u00f3w<\/h4>\n\n\n<p>Pracownik sk\u0142ada raport wydatk\u00f3w z 12 paragonami. SI:<\/p>\n<ol>\n<li>Odczytuje wszystkie paragony, w tym zdj\u0119cia pogniecionego papieru.<\/li>\n<li>Wyodr\u0119bnia sprzedawc\u0119, dat\u0119, kwot\u0119 z ka\u017cdej pozycji<\/li>\n<li>Sprawdzanie zgodno\u015bci z polityk\u0105 firmy (limity kwotowe, dozwolone kategorie)<\/li>\n<li>Sygnalizuje wszelkie elementy nieobj\u0119te polityk\u0105<\/li>\n<li>Automatycznie wype\u0142nia raport wydatk\u00f3w<\/li>\n<li>Trasy do zatwierdzenia przez kierownika<\/li>\n<li>Kolejki do wyp\u0142aty refundacji<\/li>\n<\/ol>\n\n<p>Pracownik nic nie wpisuje. Mened\u017cer widzi czyste podsumowanie z za\u0142\u0105czonymi wszystkimi paragonami. Zwrot koszt\u00f3w nast\u0119puje szybciej.<\/p>\n\n\n<h4 class=\"wp-block-heading\">Uzgodnienie o\u015bwiadczenia<\/h4>\n\n\n<p>Miesi\u0119czny wyci\u0105g z konta bankowego. SI:<\/p>\n<ol>\n<li>Wyodr\u0119bnia ka\u017cd\u0105 transakcj\u0119 z wyci\u0105gu<\/li>\n<li>Dopasowania do transakcji w systemie<\/li>\n<li>Identyfikuje niedopasowane elementy po obu stronach<\/li>\n<li>Flagi nietypowych transakcji (du\u017ce kwoty, nieznani odbiorcy p\u0142atno\u015bci)<\/li>\n<li>Tworzy raport uzgodnie\u0144 pokazuj\u0105cy, co si\u0119 zgadza, a co nie.<\/li>\n<li>Przedstawia wyj\u0105tki do przegl\u0105du przez cz\u0142owieka<\/li>\n<\/ol>\n\n<p>To, co wcze\u015bniej zajmowa\u0142o godziny, teraz zajmuje minuty. Tw\u00f3j zesp\u00f3\u0142 skupia si\u0119 tylko na elementach, kt\u00f3re nie pasuj\u0105 automatycznie.<\/p>\n\n\n<hr class=\"wp-block-separator has-alpha-channel-opacity\"\/>\n\n\n\n<h3 class=\"wp-block-heading\">Czego sztuczna inteligencja nie potrafi<\/h3>\n\n\n<p>B\u0105d\u017amy szczerzy co do ogranicze\u0144:<\/p>\n\n<p><strong>Nie radzi sobie z naprawd\u0119 wyj\u0105tkowymi sytuacjami:<\/strong><br \/>\nStandardowe faktury? Doskonale. Ale jednorazowa umowa licencyjna z nietypowymi warunkami p\u0142atno\u015bci? Nadal wymaga weryfikacji przez cz\u0142owieka.<\/p>\n\n<p><strong>Nie mo\u017ce podejmowa\u0107 decyzji:<\/strong><br \/>\nCzy powinni\u015bmy zap\u0142aci\u0107 t\u0119 sporn\u0105 faktur\u0119? Czy warto utrzymywa\u0107 relacj\u0119 z tym dostawc\u0105? To s\u0105 decyzje biznesowe, a nie decyzje dotycz\u0105ce przetwarzania.<\/p>\n\n<p><strong>Nie mo\u017ce odczyta\u0107 ca\u0142kowicie zniszczonych dokument\u00f3w:<\/strong><br \/>\nJe\u015bli cz\u0142owiek nie jest w stanie odczyta\u0107 liczb, sztuczna inteligencja r\u00f3wnie\u017c tego nie zrobi. Powa\u017cnie uszkodzone dokumenty nadal wymagaj\u0105 interwencji cz\u0142owieka.<\/p>\n\n<p><strong>Nie radzi sobie z umowami werbalnymi:<\/strong><br \/>\n\"Powiedzia\u0142em im, \u017ce zap\u0142acimy do pi\u0105tku\" ma znaczenie tylko wtedy, gdy jest udokumentowane. Sztuczna inteligencja dzia\u0142a na podstawie tego, co zosta\u0142o napisane, a nie tego, co zosta\u0142o powiedziane.<\/p>\n\n<p><strong>Do wyodr\u0119bnienia potrzebne s\u0105 jasne dane:<\/strong><br \/>\nJe\u015bli w dokumencie brakuje krytycznych informacji, sztuczna inteligencja oznaczy je, ale nie b\u0119dzie w stanie wynale\u017a\u0107 danych. Kto\u015b nadal musi znale\u017a\u0107 brakuj\u0105cy numer faktury.<\/p>\n\n<p>Sztuczna inteligencja doskonale radzi sobie z rutynowym przetwarzaniem. Wszystko inne nadal wymaga specjalistycznej wiedzy Twojego zespo\u0142u.<\/p>\n\n\n<hr class=\"wp-block-separator has-alpha-channel-opacity\"\/>\n\n\n\n<h3 class=\"wp-block-heading\">Pierwsze kroki<\/h3>\n\n\n<p>Sztuczna inteligencja do przetwarzania dokument\u00f3w dzia\u0142a najlepiej, gdy zaczynasz si\u0119 koncentrowa\u0107:<\/p>\n\n<p><strong>Wybierz najpierw jeden typ dokumentu:<\/strong><br \/>\nNie pr\u00f3buj automatyzowa\u0107 wszystkiego naraz. Zacznij od dokument\u00f3w o najwi\u0119kszej obj\u0119to\u015bci. Zazwyczaj s\u0105 to faktury lub potwierdzenia wydatk\u00f3w.<\/p>\n\n<p><strong>Zacznij od najczystszych danych:<\/strong><br \/>\nNaj\u0142atwiejsi s\u0105 g\u0142\u00f3wni dostawcy ze sp\u00f3jnym formatowaniem. Zdob\u0105d\u017a najpierw zwyci\u0119stwa, a nast\u0119pnie rozszerz je na bardziej zmienne dokumenty.<\/p>\n\n<p><strong>Pocz\u0105tkowo nale\u017cy informowa\u0107 ludzi:<\/strong><br \/>\nPozw\u00f3l sztucznej inteligencji przetwarza\u0107 dane, ale najpierw popro\u015b zesp\u00f3\u0142 o sprawdzenie wszystkiego. Zbuduj zaufanie do systemu. Dostosuj regu\u0142y walidacji.<\/p>\n\n<p><strong>Pomiar oszcz\u0119dno\u015bci czasu:<\/strong><br \/>\n\u015aledzenie czasu przetwarzania przed i po. Zmierz wska\u017aniki b\u0142\u0119d\u00f3w. Udokumentuj popraw\u0119. To dowodzi warto\u015bci.<\/p>\n\n<p><strong>Rozwijaj si\u0119 stopniowo:<\/strong><br \/>\nGdy jeden typ dokumentu dzia\u0142a dobrze, dodaj kolejny. Rozwijaj swoje mo\u017cliwo\u015bci automatycznego przetwarzania w miar\u0119 up\u0142ywu czasu.<\/p>\n\n<p>To nie jest wszystko albo nic. Mo\u017cesz zacz\u0105\u0107 od ma\u0142ej skali, udowodni\u0107 warto\u015b\u0107, a nast\u0119pnie zwi\u0119kszy\u0107 skal\u0119.<\/p>\n\n\n<hr class=\"wp-block-separator has-alpha-channel-opacity\"\/>\n\n\n\n<h3 class=\"wp-block-heading\">Chcesz przesta\u0107 przetwarza\u0107 dokumenty r\u0119cznie?<\/h3>\n\n\n<p>Ka\u017cdy dzia\u0142 finansowy ma r\u00f3\u017cne ilo\u015bci dokument\u00f3w, formaty i przep\u0142ywy pracy. Gotowe rozwi\u0105zania nie dzia\u0142aj\u0105.<\/p>\n<p>Sprawdzamy rzeczywiste dokumenty. Twoim systemom. Procesy zatwierdzania. Twoje potrzeby w zakresie obs\u0142ugi wyj\u0105tk\u00f3w.<\/p>\n<p>Nast\u0119pnie tworzymy przetwarzanie dokument\u00f3w AI, kt\u00f3re pasuje do tego, jak faktycznie pracujesz. Nie teori\u0119. Nie og\u00f3lne szablony. Twoje konkretne przep\u0142ywy pracy.<\/p>\n<p>Zaczynamy od ma\u0142ego. Udowodnimy, \u017ce to dzia\u0142a. Nast\u0119pnie rozwijamy. Bez ogromnych inwestycji z g\u00f3ry. Brak zak\u0142\u00f3ce\u0144 w bie\u017c\u0105cej dzia\u0142alno\u015bci.<\/p>\n\n<p><strong><a href=\"https:\/\/www.leaplytics.de\/pl\/kontakt\/\">Porozmawiaj z nami o przetwarzaniu dokument\u00f3w<\/a><\/strong><\/p>\n\n<p><a href=\"https:\/\/www.leaplytics.de\/pl\/finanse-ai\/\">Powr\u00f3t do przegl\u0105du AI w finansach<\/a><\/p>","protected":false},"excerpt":{"rendered":"<p>AI for Financial Document Processing: Stop Typing. Start Analyzing. Your finance team processes hundreds or thousands of documents every month. Invoices. Receipts. Bank statements. Expense reports. Purchase orders. Contracts. Someone has to read every one. Extract the data. Type it into your system. Check it&#8217;s correct. Match it to other documents. File it properly. That&#8217;s &hellip; <\/p>","protected":false},"author":2,"featured_media":0,"parent":0,"menu_order":0,"comment_status":"closed","ping_status":"closed","template":"","meta":{"footnotes":""},"class_list":["post-14429","page","type-page","status-publish","hentry","latest_post"],"_links":{"self":[{"href":"https:\/\/www.leaplytics.de\/pl\/wp-json\/wp\/v2\/pages\/14429","targetHints":{"allow":["GET"]}}],"collection":[{"href":"https:\/\/www.leaplytics.de\/pl\/wp-json\/wp\/v2\/pages"}],"about":[{"href":"https:\/\/www.leaplytics.de\/pl\/wp-json\/wp\/v2\/types\/page"}],"author":[{"embeddable":true,"href":"https:\/\/www.leaplytics.de\/pl\/wp-json\/wp\/v2\/users\/2"}],"replies":[{"embeddable":true,"href":"https:\/\/www.leaplytics.de\/pl\/wp-json\/wp\/v2\/comments?post=14429"}],"version-history":[{"count":1,"href":"https:\/\/www.leaplytics.de\/pl\/wp-json\/wp\/v2\/pages\/14429\/revisions"}],"predecessor-version":[{"id":14430,"href":"https:\/\/www.leaplytics.de\/pl\/wp-json\/wp\/v2\/pages\/14429\/revisions\/14430"}],"wp:attachment":[{"href":"https:\/\/www.leaplytics.de\/pl\/wp-json\/wp\/v2\/media?parent=14429"}],"curies":[{"name":"wp","href":"https:\/\/api.w.org\/{rel}","templated":true}]}}