{"id":14440,"date":"2025-12-19T01:44:28","date_gmt":"2025-12-19T00:44:28","guid":{"rendered":"https:\/\/www.leaplytics.de\/?page_id=14440"},"modified":"2025-12-19T01:44:29","modified_gmt":"2025-12-19T00:44:29","slug":"onboarding-pracownikow-ai","status":"publish","type":"page","link":"https:\/\/www.leaplytics.de\/pl\/onboarding-pracownikow-ai\/","title":{"rendered":"Sztuczna inteligencja do wdra\u017cania pracownik\u00f3w"},"content":{"rendered":"<h2>Sztuczna inteligencja w procesie wdra\u017cania pracownik\u00f3w: R\u00f3b \u015bwietne pierwsze wra\u017cenie na du\u017c\u0105 skal\u0119<\/h2>\n\n<p>Pierwsze wra\u017cenie ma znaczenie. Kiedy nowy pracownik rozpoczyna prac\u0119, pierwszy tydzie\u0144 m\u00f3wi mu wszystko o firmie.<\/p>\n<p>Sprawne wdro\u017cenie? Profesjonalny. Zorganizowany. Maj\u0105 pewno\u015b\u0107, \u017ce dokonali w\u0142a\u015bciwego wyboru.<\/p>\n<p>Ba\u0142agan w onboardingu? Zagubiony. Zdezorientowani. Zastanawiaj\u0105 si\u0119, w co si\u0119 wpakowali. Niekt\u00f3rzy rezygnuj\u0105, zanim naprawd\u0119 zaczn\u0105.<\/p>\n<p>Problem: onboarding jest powtarzalny, ale szczeg\u00f3\u0142owy. Ten sam proces dla ka\u017cdego pracownika. Ale ka\u017cdy z nich ma papierkow\u0105 robot\u0119, dost\u0119p do system\u00f3w, sprz\u0119t, szkolenie, wprowadzenie. Je\u015bli czego\u015b zabraknie, pojawiaj\u0105 si\u0119 problemy.<\/p>\n<p>Sztuczna inteligencja radzi sobie z tym doskonale. Za ka\u017cdym razem wykonuje ten sam proces. Nigdy nie zapomina o \u017cadnym kroku. \u015aledzi, co zosta\u0142o zrobione, a co jest w toku. Natychmiast odpowiada na pytania nowych pracownik\u00f3w.<\/p>\n<p>Tw\u00f3j zesp\u00f3\u0142 przestaje goni\u0107 za papierkow\u0105 robot\u0105 i zaczyna wita\u0107 ludzi.<\/p>\n\n\n<hr class=\"wp-block-separator has-alpha-channel-opacity\"\/>\n\n\n\n<h3 class=\"wp-block-heading\">Dlaczego onboarding jest trudniejszy ni\u017c powinien by\u0107?<\/h3>\n\n\n<p>Onboarding wygl\u0105da prosto na papierze. Nowy pracownik. Papierkowa robota. Szkolenie. Gotowe.<\/p>\n<p>Rzeczywisto\u015b\u0107 jest bardziej chaotyczna.<\/p>\n<p>Formularze przychodz\u0105 niekompletne. Dost\u0119p IT jest op\u00f3\u017aniony, poniewa\u017c kto\u015b zapomnia\u0142 przes\u0142a\u0107 zg\u0142oszenie. Przydzielanie szkole\u0144 odbywa si\u0119 r\u0119cznie - kto\u015b musi sprawdzi\u0107, co jest wymagane dla ka\u017cdej roli. Zam\u00f3wienia na sprz\u0119t przepadaj\u0105. Nowi pracownicy maj\u0105 pytania, ale dzia\u0142 HR jest zaj\u0119ty innymi sprawami.<\/p>\n<p>Nowy pracownik siedzi i czeka. Mo\u017ce na dost\u0119p do systemu. Mo\u017ce na sprz\u0119t. Mo\u017ce na kogo\u015b, kto powie mu, co ma robi\u0107. Niezbyt dobry pocz\u0105tek.<\/p>\n<p>Tw\u00f3j zesp\u00f3\u0142 HR wie, \u017ce to jest z\u0142e. Nie s\u0105 leniwi czy niekompetentni. S\u0105 przyt\u0142oczeni. Ka\u017cde nowe zatrudnienie oznacza ponad 20 zada\u0144 w wielu systemach. Pomn\u00f3\u017c to przez ka\u017cde zatrudnienie w miesi\u0105cu, a powstanie chaos.<\/p>\n<p>Niekt\u00f3rzy nowi pracownicy maj\u0105 \u015bwietne wdro\u017cenie, poniewa\u017c pomog\u0142a im w\u0142a\u015bciwa osoba. Inni maj\u0105 okropne do\u015bwiadczenia, poniewa\u017c rozpocz\u0119li prac\u0119 w pracowitym tygodniu. Sp\u00f3jno\u015b\u0107 jest niemo\u017cliwa, gdy wszystko odbywa si\u0119 r\u0119cznie.<\/p>\n<p>To nie jest problem z lud\u017ami. To problem procesu. A sztuczna inteligencja jest stworzona dla proces\u00f3w.<\/p>\n\n\n<hr class=\"wp-block-separator has-alpha-channel-opacity\"\/>\n\n\n\n<h3 class=\"wp-block-heading\">Co sztuczna inteligencja robi dla onboardingu<\/h3>\n\n\n<p>Sztuczna inteligencja nie zast\u0119puje dzia\u0142u HR w onboardingu. Dba o to, by nic nie umkn\u0119\u0142o uwadze. Oto jak to zrobi\u0107.<\/p>\n\n\n<h4 class=\"wp-block-heading\">Przetwarzanie dokument\u00f3w, kt\u00f3re faktycznie dzia\u0142a<\/h4>\n\n\n<p>Nowi pracownicy przesy\u0142aj\u0105 formularze. Dokumenty podatkowe. Informacje o bezpo\u015brednich wp\u0142atach. Kontakty w nag\u0142ych wypadkach. Rejestracja \u015bwiadcze\u0144. Potwierdzenia polis.<\/p>\n<p>Kto\u015b musi przejrze\u0107 ka\u017cdy formularz. Wyodr\u0119bni\u0107 dane. Wprowadzi\u0107 je do system\u00f3w. Z\u0142o\u017cy\u0107 dokumenty. Upewni\u0107 si\u0119, \u017ce niczego nie brakuje.<\/p>\n<p>Sztuczna inteligencja robi to automatycznie.<\/p>\n<p>Przychodzi formularz. Sztuczna inteligencja wyodr\u0119bnia informacje. Sprawdza, czy wymagane pola s\u0105 kompletne. Kieruje dane do odpowiednich system\u00f3w - HRIS, listy p\u0142ac, platformy \u015bwiadcze\u0144. Umieszcza dokument w rekordzie pracownika. Flaguje wszystko, czego brakuje lub co jest nieprawid\u0142owe.<\/p>\n<p>Brak konieczno\u015bci r\u0119cznego wprowadzania danych. Brak b\u0142\u0119d\u00f3w transkrypcji. \u017badnych formularzy zagubionych w czyjej\u015b skrzynce odbiorczej. Po prostu przetworzone i gotowe.<\/p>\n<p>Je\u015bli formularze s\u0105 niekompletne, AI natychmiast powiadamia o tym nowego pracownika: \"W formularzu wp\u0142aty bezpo\u015bredniej brakuje numeru konta. Prosimy o ponowne przes\u0142anie\". Nie trzy dni p\u00f3\u017aniej, gdy dzia\u0142 HR w ko\u0144cu go przejrzy - natychmiast.<\/p>\n<p>Ju\u017c samo to pozwala zaoszcz\u0119dzi\u0107 godziny na ka\u017cdym nowo zatrudnionym pracowniku. W przypadku dziesi\u0105tek lub setek zatrudnie\u0144 rocznie szybko si\u0119 to sumuje.<\/p>\n\n\n<h4 class=\"wp-block-heading\">Spersonalizowane zadanie szkoleniowe<\/h4>\n\n\n<p>Ka\u017cda rola wymaga szkolenia. Szkolenie w zakresie zgodno\u015bci. Szkolenie systemowe. Szkolenie dotycz\u0105ce konkretnej roli. Zorientowanie na dzia\u0142.<\/p>\n<p>R\u0119czne przypisywanie tej roli jest \u017cmudne. Sprawd\u017a, co jest wymagane dla tej roli. Sprawd\u017a wymagania dotycz\u0105ce lokalizacji. Dodaj zawarto\u015b\u0107 specyficzn\u0105 dla dzia\u0142u. Utw\u00f3rz plan szkolenia. Zarejestruj osob\u0119. \u015aled\u017a uko\u0144czenie.<\/p>\n<p>Zajmuje si\u0119 tym sztuczna inteligencja.<\/p>\n<p>Dane nowego pracownika s\u0105 wprowadzane do systemu - rola, dzia\u0142, lokalizacja. Sztuczna inteligencja wie, jakie szkolenie jest wymagane dla ka\u017cdej kombinacji. Automatycznie tworzy spersonalizowany plan wdro\u017cenia. Zapisuje nowego pracownika na odpowiednie kursy. Ustala terminy na podstawie priorytet\u00f3w.<\/p>\n<p>Przedstawiciel handlowy w Kalifornii? Odbywa szkolenie sprzeda\u017cowe, szkolenie w zakresie zgodno\u015bci z przepisami obowi\u0105zuj\u0105cymi w Kalifornii, szkolenie w zakresie orientacji firmy i szkolenie CRM. In\u017cynier oprogramowania w Niemczech? Inna zgodno\u015b\u0107, inne narz\u0119dzia, inna \u015bcie\u017cka wdro\u017cenia.<\/p>\n<p>Ta sama jako\u015b\u0107 dla wszystkich. Nic nie zosta\u0142o pomini\u0119te. Brak r\u0119cznego wyszukiwania.<\/p>\n\n\n<h4 class=\"wp-block-heading\">\u015aledzenie uko\u0144czenia, kt\u00f3re zapewnia ci\u0105g\u0142o\u015b\u0107 dzia\u0142ania<\/h4>\n\n\n<p>Onboarding to nie jedno zadanie - to 30 zada\u0144. Niekt\u00f3re s\u0105 szybkie. Niekt\u00f3re zajmuj\u0105 kilka dni. Niekt\u00f3re zale\u017c\u0105 od wykonania innych zada\u0144 w pierwszej kolejno\u015bci.<\/p>\n<p>Kto to wszystko \u015bledzi? Zazwyczaj koordynator HR z arkuszem kalkulacyjnym. \"Czy dzia\u0142 IT skonfigurowa\u0142 ich konto? Czy uko\u0144czyli szkolenie w zakresie zgodno\u015bci? Czy przes\u0142ali sw\u00f3j I-9? Czy ich kierownik zaplanowa\u0142 odpraw\u0119?\"<\/p>\n<p>Sztuczna inteligencja \u015bledzi wszystko automatycznie.<\/p>\n<p>Ka\u017cde zadanie ma status. Nierozpocz\u0119te. W toku. Uko\u0144czone. Zaleg\u0142e. Sztuczna inteligencja monitoruje wszystko w czasie rzeczywistym.<\/p>\n<p>Gdy co\u015b jest zaleg\u0142e, sztuczna inteligencja wysy\u0142a przypomnienia. Do nowego pracownika, je\u015bli musi co\u015b zrobi\u0107. Do dzia\u0142u HR, je\u015bli co\u015b utkn\u0119\u0142o. Do mened\u017cer\u00f3w, je\u015bli musz\u0105 podj\u0105\u0107 dzia\u0142ania.<\/p>\n<p>Nic nie umknie uwadze. Nikt nie musi r\u0119cznie \u015bledzi\u0107 30 zada\u0144 dla 10 nowych pracownik\u00f3w. System sobie z tym poradzi.<\/p>\n<p>Dzia\u0142 HR widzi pulpit nawigacyjny: status wdro\u017cenia ka\u017cdego nowego pracownika na pierwszy rzut oka. Kto jest na dobrej drodze. Kto jest zablokowany. Co wymaga uwagi. To wszystko.<\/p>\n\n\n<h4 class=\"wp-block-heading\">Zawsze dost\u0119pne wsparcie dla nowych pracownik\u00f3w<\/h4>\n\n\n<p>Nowi pracownicy maj\u0105 pytania. Wiele z nich.<\/p>\n<p>\"Gdzie mog\u0119 zaparkowa\u0107?\" \"Jak skonfigurowa\u0107 poczt\u0119 e-mail?\" \"Kiedy rozpoczynaj\u0105 si\u0119 \u015bwiadczenia?\" \"Gdzie znajd\u0119 podr\u0119cznik pracownika?\" \"Jaki jest dress code?\" \"Jak mog\u0119 zg\u0142osi\u0107 wydatki?\"<\/p>\n<p>To s\u0105 proste pytania. Ale kto\u015b musi na nie odpowiedzie\u0107. A nowi pracownicy cz\u0119sto maj\u0105 je poza godzinami pracy - na przyk\u0142ad w niedziel\u0119 wieczorem przed poniedzia\u0142kowym startem.<\/p>\n<p>Zajmuje si\u0119 tym chatbot AI. 24\/7. Natychmiast.<\/p>\n<p>Zna zasady obowi\u0105zuj\u0105ce w firmie. Zna procedury obowi\u0105zuj\u0105ce w firmie. Zna typowe pytania nowych pracownik\u00f3w. Udziela dok\u0142adnych i natychmiastowych odpowiedzi.<\/p>\n<p>W przypadku z\u0142o\u017conych lub wra\u017cliwych pyta\u0144, eskaluje do cz\u0142owieka z kontekstem. Jednak w przypadku rutynowych pyta\u0144 80% obs\u0142uguje je bez anga\u017cowania dzia\u0142u HR.<\/p>\n<p>Nowi pracownicy czuj\u0105 si\u0119 wspierani. Dzia\u0142 HR nie musi ju\u017c wielokrotnie odpowiada\u0107 na te same pytania. Wszyscy s\u0105 szcz\u0119\u015bliwsi.<\/p>\n\n\n<h4 class=\"wp-block-heading\">Sp\u00f3jne do\u015bwiadczenie niezale\u017cnie od ilo\u015bci<\/h4>\n\n\n<p>Oto prawdziwy problem z r\u0119cznym onboardingiem: jako\u015b\u0107 jest r\u00f3\u017cna.<\/p>\n<p>Jeden nowy pracownik rozpoczyna prac\u0119, gdy dzia\u0142 HR jest cicho. Otrzymuje obs\u0142ug\u0119 w bia\u0142ych r\u0119kawiczkach. Wszystko jest idealne. Kolejne zatrudnienie rozpoczyna si\u0119 w pracowitym tygodniu. Po\u015bpieszny onboarding. Rzeczy zostaj\u0105 pomini\u0119te. Gorsze do\u015bwiadczenie.<\/p>\n<p>Dzi\u0119ki sztucznej inteligencji ka\u017cdy nowy pracownik otrzymuje tak\u0105 sam\u0105 jako\u015b\u0107. Ten sam proces. Tak\u0105 sam\u0105 kompletno\u015b\u0107. Tak\u0105 sam\u0105 szybko\u015b\u0107 reakcji.<\/p>\n<p>Nie ma znaczenia, czy wdra\u017casz 1 osob\u0119, czy 20 os\u00f3b w tym tygodniu. Sztuczna inteligencja obs\u0142uguje je z tak\u0105 sam\u0105 jako\u015bci\u0105.<\/p>\n<p>Jest to szczeg\u00f3lnie wa\u017cne w przypadku firm o zmiennym zatrudnieniu - sezonowe skoki, fazy wzrostu, zamro\u017cenie zatrudnienia. Sztuczna inteligencja skaluje si\u0119 natychmiastowo.<\/p>\n\n\n<hr class=\"wp-block-separator has-alpha-channel-opacity\"\/>\n\n\n\n<h3 class=\"wp-block-heading\">Co to oznacza dla u\u017cytkownika<\/h3>\n\n\n\n<h4 class=\"wp-block-heading\">Dla dyrektor\u00f3w HR i lider\u00f3w personalnych<\/h4>\n\n\n<ul>\n<li><strong>Sp\u00f3jny onboarding na du\u017c\u0105 skal\u0119.<\/strong> Ta sama jako\u015b\u0107 niezale\u017cnie od tego, czy w danym miesi\u0105cu zatrudniasz 2 czy 20 os\u00f3b.<\/li>\n<li><strong>Kr\u00f3tszy czas osi\u0105gni\u0119cia produktywno\u015bci.<\/strong> Nowi pracownicy maj\u0105 to, czego potrzebuj\u0105 od pierwszego dnia. Nie trzeba czeka\u0107 na dost\u0119p lub informacje.<\/li>\n<li><strong>Lepsza retencja nowych pracownik\u00f3w.<\/strong> Dobre do\u015bwiadczenia onboardingowe koreluj\u0105 bezpo\u015brednio z retencj\u0105. Ludzie, kt\u00f3rzy czuj\u0105 si\u0119 wspierani na wczesnym etapie, zostaj\u0105 d\u0142u\u017cej.<\/li>\n<li><strong>Mniejsze obci\u0105\u017cenie administracyjne HR.<\/strong> Mniej czasu na wype\u0142nianie formularzy. Mniej czasu na \u015bledzenie uko\u0144czenia. Mniej czasu na odpowiadanie na rutynowe pytania.<\/li>\n<li><strong>Wgl\u0105d w jako\u015b\u0107 onboardingu.<\/strong> Dane dotycz\u0105ce wska\u017anik\u00f3w uko\u0144czenia, w\u0105skich garde\u0142, czasu do osi\u0105gni\u0119cia wydajno\u015bci. Mo\u017cesz zobaczy\u0107, co dzia\u0142a, a co nie.<\/li>\n<li><strong>Lepsza marka pracodawcy.<\/strong> Nowi pracownicy m\u00f3wi\u0105. Dobry onboarding tworzy pozytywn\u0105 poczt\u0119 pantoflow\u0105. Z\u0142y onboarding dzia\u0142a odwrotnie.<\/li>\n<\/ul>\n\n\n<h4 class=\"wp-block-heading\">Dla mened\u017cer\u00f3w i koordynator\u00f3w HR<\/h4>\n\n\n<ul>\n<li><strong>Przesta\u0144 goni\u0107 za papierkow\u0105 robot\u0105.<\/strong> Sztuczna inteligencja przetwarza dokumenty automatycznie. U\u017cytkownik przegl\u0105da tylko wyj\u0105tki.<\/li>\n<li><strong>Przesta\u0144 r\u0119cznie \u015bledzi\u0107 zadania.<\/strong> System \u015bledzi wszystko. Wida\u0107, co wymaga uwagi, a nie ka\u017cdy szczeg\u00f3\u0142.<\/li>\n<li><strong>Przesta\u0144 odpowiada\u0107 na te same pytania.<\/strong> Sztuczna inteligencja obs\u0142uguje rutynowe zapytania. Ty zajmujesz si\u0119 tymi z\u0142o\u017conymi lub wra\u017cliwymi.<\/li>\n<li><strong>Wi\u0119cej czasu na ludzkie sprawy.<\/strong> Sprawianie, by nowi pracownicy czuli si\u0119 mile widziani. Rozwi\u0105zywanie problem\u00f3w. Budowanie relacji. Rzeczy, kt\u00f3re naprawd\u0119 maj\u0105 znaczenie.<\/li>\n<li><strong>Mniej stresu w okresach wzmo\u017conego ruchu.<\/strong> Gdy liczba zatrudnionych wzrasta, sztuczna inteligencja skaluje si\u0119. Nie toniesz w administrowaniu onboardingiem.<\/li>\n<\/ul>\n\n\n<h4 class=\"wp-block-heading\">Dla nowych pracownik\u00f3w<\/h4>\n\n\n<ul>\n<li><strong>Przejrzysty proces od pierwszego dnia.<\/strong> Wiesz, co robi\u0107. Kiedy to zrobi\u0107. Co jest wymagane. Nie ma zamieszania.<\/li>\n<li><strong>Szybkie odpowiedzi na pytania.<\/strong> Nie czekaj dniami na proste informacje. Sztuczna inteligencja odpowiada natychmiast.<\/li>\n<li><strong>Wszystko, czego potrzebujesz, kiedy tego potrzebujesz.<\/strong> Dost\u0119p do systemu. Sprz\u0119t. Szkolenie. Bez czekania na rzeczy, kt\u00f3re powinny by\u0107 gotowe.<\/li>\n<li><strong>Do\u015bwiadczenie zawodowe.<\/strong> To jest firma, do kt\u00f3rej my\u015bla\u0142e\u015b, \u017ce do\u0142\u0105czasz. Zorganizowana, wydajna, profesjonalna.<\/li>\n<li><strong>Skoncentruj si\u0119 na nauce pracy.<\/strong> Nie na wype\u0142nianiu formularzy czy ustalaniu podstawowej logistyki. Mo\u017cesz skupi\u0107 si\u0119 na faktycznej produktywno\u015bci.<\/li>\n<\/ul>\n\n\n<hr class=\"wp-block-separator has-alpha-channel-opacity\"\/>\n\n\n\n<h3 class=\"wp-block-heading\">Czego sztuczna inteligencja nie zrobi<\/h3>\n\n\n<p>B\u0105d\u017amy realistami w kwestii limit\u00f3w.<\/p>\n<p>Sztuczna inteligencja nie zast\u0105pi ludzkiego powitania. Nie ma odprawy kierownika. Nie buduje relacji w zespole. Nie wyczuwa, kiedy nowy pracownik ma trudno\u015bci i potrzebuje wsparcia.<\/p>\n<p>Obs\u0142uguje proces administracyjny. Formularze. Przydzia\u0142y szkole\u0144. \u015aledzenie zada\u0144. Rutynowe pytania.<\/p>\n<p>Wi\u0119\u017a mi\u0119dzyludzka nadal pochodzi od ludzi. Rozmowa \"jak si\u0119 zadomowi\u0142e\u015b?\". Lunch w zespole. Mentoring. Przekazywanie kultury.<\/p>\n<p>Sztuczna inteligencja dba o to, by sprawy administracyjne nie przeszkadza\u0142y ludziom. Gdy nowi pracownicy nie czekaj\u0105 na dost\u0119p do systemu lub nie s\u0105 zdezorientowani formularzami, Tw\u00f3j zesp\u00f3\u0142 mo\u017ce skupi\u0107 si\u0119 na ich powitaniu.<\/p>\n<p>Sztuczna inteligencja nie mo\u017ce r\u00f3wnie\u017c naprawi\u0107 z\u0142ego procesu wdra\u017cania. Je\u015bli przep\u0142yw onboardingu jest zasadniczo zepsuty, sztuczna inteligencja po prostu wykona zepsuty proces bardziej efektywnie. Musisz najpierw naprawi\u0107 proces, a nast\u0119pnie u\u017cy\u0107 sztucznej inteligencji, aby konsekwentnie go realizowa\u0107.<\/p>\n\n\n<hr class=\"wp-block-separator has-alpha-channel-opacity\"\/>\n\n\n\n<h3 class=\"wp-block-heading\">Wp\u0142yw na rzeczywisto\u015b\u0107<\/h3>\n\n\n<p>Jak to wygl\u0105da w praktyce?<\/p>\n<p>Rozwijaj\u0105ca si\u0119 firma wdra\u017ca sztuczn\u0105 inteligencj\u0119 do onboardingu. Przed: onboarding zajmowa\u0142 koordynatorom HR 6-8 godzin na ka\u017cdego nowego pracownika. Po: 2 godziny. To oszcz\u0119dno\u015b\u0107 4-6 godzin na osob\u0119.<\/p>\n<p>Dla firmy zatrudniaj\u0105cej 5 os\u00f3b miesi\u0119cznie jest to 20-30 godzin miesi\u0119cznie. To p\u00f3\u0142 etatu tylko dzi\u0119ki automatyzacji.<\/p>\n<p>Spada czas przej\u015bcia nowych pracownik\u00f3w na produktywno\u015b\u0107. Wcze\u015bniej nowi pracownicy potrzebowali \u015brednio 8 dni, aby uzyska\u0107 wymagany dost\u0119p i uko\u0144czy\u0107 obowi\u0105zkowe szkolenie. Po: 3 dni. To 5 dni produktywno\u015bci na ka\u017cdego zatrudnionego.<\/p>\n<p>Poprawa wynik\u00f3w zadowolenia nowych pracownik\u00f3w. Szybkie odpowiedzi. Przejrzysty proces. Profesjonalne do\u015bwiadczenie. Ludzie czuj\u0105 si\u0119 dobrze z decyzj\u0105 o do\u0142\u0105czeniu.<\/p>\n<p>90-dniowa retencja poprawia si\u0119 o 8%. Gdy wdro\u017cenie przebiega sprawnie, mniej os\u00f3b rezygnuje z pracy w pierwszych miesi\u0105cach.<\/p>\n<p>To nie jest teoria. Dzieje si\u0119 tak, gdy AI prawid\u0142owo obs\u0142uguje administracj\u0119 onboardingu.<\/p>\n\n\n<hr class=\"wp-block-separator has-alpha-channel-opacity\"\/>\n\n\n\n<h3 class=\"wp-block-heading\">Pierwsze kroki<\/h3>\n\n\n<p>Nie musisz automatyzowa\u0107 wszystkiego naraz. Zacznij od najwi\u0119kszej bol\u0105czki.<\/p>\n<p>Dla wi\u0119kszo\u015bci firm jest to przetwarzanie dokument\u00f3w. Formularze przychodz\u0105ce niekompletne. R\u0119czne wprowadzanie danych. Rzeczy, kt\u00f3re si\u0119 gubi\u0105. Zacznij od tego.<\/p>\n<p>A mo\u017ce to zadanie szkoleniowe. Zbyt manualne. Rzeczy s\u0105 pomijane. R\u00f3\u017cni ludzie otrzymuj\u0105 r\u00f3\u017cn\u0105 jako\u015b\u0107. Napraw to najpierw.<\/p>\n<p>A mo\u017ce to pytania nowych pracownik\u00f3w. Ci\u0105gle te same zapytania. Powolne czasy odpowiedzi. Niech zajmie si\u0119 tym sztuczna inteligencja.<\/p>\n<p>Wybierz jedno w\u0105skie gard\u0142o. Zaimplementuj sztuczn\u0105 inteligencj\u0119. Zmierz jej wp\u0142yw. Nast\u0119pnie rozszerz na inne cz\u0119\u015bci onboardingu.<\/p>\n<p>Onboarding w ka\u017cdej firmie jest inny. Formularze s\u0105 unikalne. Twoje systemy maj\u0105 okre\u015blone wymagania. Tw\u00f3j proces ma okre\u015blone etapy.<\/p>\n<p>Dlatego te\u017c wdra\u017canie sztucznej inteligencji nie jest procesem plug-and-play. Musi pasowa\u0107 do rzeczywistego przep\u0142ywu pracy. Rzeczywistych narz\u0119dzi. Rzeczywistych wymaga\u0144.<\/p>\n\n\n<hr class=\"wp-block-separator has-alpha-channel-opacity\"\/>\n\n\n\n<h3 class=\"wp-block-heading\">Podsumowanie<\/h3>\n\n\n<p>Onboarding ma znaczenie. Wp\u0142ywa na retencj\u0119, czas do osi\u0105gni\u0119cia produktywno\u015bci i do\u015bwiadczenia pracownik\u00f3w. Z\u0142e wdro\u017cenie jest kosztowne - ludzie odchodz\u0105 lub zostaj\u0105, ale ich produktywno\u015b\u0107 trwa d\u0142u\u017cej.<\/p>\n<p>Sztuczna inteligencja nie zast\u0119puje ludzkiej strony onboardingu. Zajmuje si\u0119 stron\u0105 administracyjn\u0105, dzi\u0119ki czemu Tw\u00f3j zesp\u00f3\u0142 mo\u017ce skupi\u0107 si\u0119 na stronie ludzkiej.<\/p>\n<p>Rezultat: sta\u0142a jako\u015b\u0107, szybsza produktywno\u015b\u0107, lepsza retencja i zespo\u0142y HR, kt\u00f3re nie ton\u0105 w papierkowej robocie w okresach wzrostu.<\/p>\n<p>To nie szum informacyjny. To w\u0142a\u015bnie robi sztuczna inteligencja w onboardingu, gdy jest dobrze zrobiona.<\/p>\n\n\n<hr class=\"wp-block-separator has-alpha-channel-opacity\"\/>\n\n\n\n<h3 class=\"wp-block-heading\">Gotowy do ulepszenia swojego Onboardingu?<\/h3>\n\n\n<p>Nie sprzedajemy og\u00f3lnej sztucznej inteligencji do onboardingu. Przygl\u0105damy si\u0119 konkretnemu procesowi. Twoim formularzom. Twoim systemom. Twoim wymaganiom. Tw\u00f3j wolumen.<\/p>\n<p>Nast\u0119pnie tworzymy sztuczn\u0105 inteligencj\u0119, kt\u00f3ra pasuje do tego, jak faktycznie wdra\u017casz ludzi. Nie jaki\u015b wyidealizowany proces - tw\u00f3j rzeczywisty proces.<\/p>\n<p>Bez szumu reklamowego. Bez nadmiernej sprzeda\u017cy. Tylko praktyczna sztuczna inteligencja, kt\u00f3ra sprawia, \u017ce onboarding jest lepszy dla wszystkich.<\/p>\n\n<p><a href=\"https:\/\/www.leaplytics.de\/pl\/kontakt\/\">Porozmawiajmy o twoim procesie wdra\u017cania<\/a><\/p>\n\n<p><a href=\"https:\/\/www.leaplytics.de\/pl\/zasoby-ludzkie-ai\/\">Powr\u00f3t do Rozwi\u0105zania HR AI<\/a><\/p>","protected":false},"excerpt":{"rendered":"<p>AI for Employee Onboarding: Make Great First Impressions at Scale First impressions matter. When a new employee starts, the first week tells them everything about your company. Smooth onboarding? Professional. Organized. They feel confident they made the right choice. Messy onboarding? Lost. Confused. Wondering what they got themselves into. Some quit before they really start. &hellip; <\/p>","protected":false},"author":2,"featured_media":0,"parent":0,"menu_order":0,"comment_status":"closed","ping_status":"closed","template":"","meta":{"footnotes":""},"class_list":["post-14440","page","type-page","status-publish","hentry","latest_post"],"_links":{"self":[{"href":"https:\/\/www.leaplytics.de\/pl\/wp-json\/wp\/v2\/pages\/14440","targetHints":{"allow":["GET"]}}],"collection":[{"href":"https:\/\/www.leaplytics.de\/pl\/wp-json\/wp\/v2\/pages"}],"about":[{"href":"https:\/\/www.leaplytics.de\/pl\/wp-json\/wp\/v2\/types\/page"}],"author":[{"embeddable":true,"href":"https:\/\/www.leaplytics.de\/pl\/wp-json\/wp\/v2\/users\/2"}],"replies":[{"embeddable":true,"href":"https:\/\/www.leaplytics.de\/pl\/wp-json\/wp\/v2\/comments?post=14440"}],"version-history":[{"count":1,"href":"https:\/\/www.leaplytics.de\/pl\/wp-json\/wp\/v2\/pages\/14440\/revisions"}],"predecessor-version":[{"id":14449,"href":"https:\/\/www.leaplytics.de\/pl\/wp-json\/wp\/v2\/pages\/14440\/revisions\/14449"}],"wp:attachment":[{"href":"https:\/\/www.leaplytics.de\/pl\/wp-json\/wp\/v2\/media?parent=14440"}],"curies":[{"name":"wp","href":"https:\/\/api.w.org\/{rel}","templated":true}]}}