{"id":14443,"date":"2025-12-19T01:44:54","date_gmt":"2025-12-19T00:44:54","guid":{"rendered":"https:\/\/www.leaplytics.de\/?page_id=14443"},"modified":"2025-12-19T01:44:55","modified_gmt":"2025-12-19T00:44:55","slug":"zarzadzanie-wydajnoscia-analityka-ai","status":"publish","type":"page","link":"https:\/\/www.leaplytics.de\/pl\/zarzadzanie-wydajnoscia-analityka-ai\/","title":{"rendered":"Zarz\u0105dzanie wydajno\u015bci\u0105 i analityka AI"},"content":{"rendered":"<h2>Sztuczna inteligencja w zarz\u0105dzaniu wydajno\u015bci\u0105 i analityce: Zobacz problemy, zanim stan\u0105 si\u0119 kryzysami<\/h2>\n\n<p>Oceny wynik\u00f3w zdarzaj\u0105 si\u0119 raz lub dwa razy w roku. Do tego czasu problemy ropiej\u0105 od miesi\u0119cy. Dobrzy pracownicy s\u0105 ju\u017c jedn\u0105 nog\u0105 za drzwiami. Luki w umiej\u0119tno\u015bciach spowalniaj\u0105 projekty od wielu kwarta\u0142\u00f3w.<\/p>\n<p>Sam proces recenzji jest bolesny. Zebranie opinii od pi\u0119ciu os\u00f3b. Przeczyta\u0107 strony komentarzy. Spr\u00f3buj znale\u017a\u0107 motywy. Napisa\u0107 podsumowanie. Zaplanuj spotkanie. Powt\u00f3rz dla ka\u017cdego cz\u0142onka zespo\u0142u.<\/p>\n<p>Mened\u017cerowie go nienawidz\u0105. Pracownicy mu nie ufaj\u0105. Dzia\u0142 HR sp\u0119dza ca\u0142e tygodnie na nak\u0142anianiu ludzi do wype\u0142niania ocen. A rzeczywista warto\u015b\u0107 - pomaganie ludziom w doskonaleniu si\u0119 - ginie w obci\u0105\u017ceniach administracyjnych.<\/p>\n<p>Sztuczna inteligencja to zmienia. Analizuje informacje zwrotne w czasie rzeczywistym, a nie raz w roku. Dostrzega wzorce w danych dotycz\u0105cych wydajno\u015bci. Identyfikuje luki w umiej\u0119tno\u015bciach, zanim stan\u0105 si\u0119 one problemem. Przewiduje ryzyko retencji, zanim ludzie odejd\u0105 z pracy.<\/p>\n<p>Zarz\u0105dzanie wydajno\u015bci\u0105 staje si\u0119 ci\u0105g\u0142e, oparte na danych i faktycznie pomocne. Nie jest to przera\u017caj\u0105cy coroczny rytua\u0142.<\/p>\n\n\n<hr class=\"wp-block-separator has-alpha-channel-opacity\"\/>\n\n\n\n<h3 class=\"wp-block-heading\">Dlaczego zarz\u0105dzanie wydajno\u015bci\u0105 dzi\u015b nie dzia\u0142a<\/h3>\n\n\n<p>Wszyscy wiedz\u0105, \u017ce oceny wynik\u00f3w s\u0105 zepsute. Firmy i tak je przeprowadzaj\u0105, poniewa\u017c s\u0105 im do czego\u015b potrzebne.<\/p>\n<p>Problemy s\u0105 oczywiste. Przegl\u0105dy maj\u0105 charakter retrospektywny - w momencie, gdy przegl\u0105dasz wyniki z ostatniego kwarta\u0142u, s\u0105 to ju\u017c stare wiadomo\u015bci. S\u0105 czasoch\u0142onne - mened\u017cerowie po\u015bwi\u0119caj\u0105 godziny na jedn\u0105 osob\u0119, pomno\u017cone przez ca\u0142y zesp\u00f3\u0142. S\u0105 subiektywne - r\u00f3\u017cni mened\u017cerowie r\u00f3\u017cnie oceniaj\u0105, co prowadzi do niesp\u00f3jno\u015bci.<\/p>\n<p>I s\u0105 rzadkie. Coroczne przegl\u0105dy oznaczaj\u0105 wy\u0142apywanie problem\u00f3w o 6-12 miesi\u0119cy za p\u00f3\u017ano. Kto\u015b ma problemy? Nie dowiesz si\u0119 a\u017c do przegl\u0105du. Kto\u015b jest niezaanga\u017cowany? Zanim to zauwa\u017cysz, b\u0119dzie ju\u017c prowadzi\u0142 rozmowy kwalifikacyjne gdzie indziej.<\/p>\n<p>Zbieranie opinii jest bolesne. \"Czy mo\u017cesz przes\u0142a\u0107 recenzje dla swoich trzech koleg\u00f3w do pi\u0105tku?\". Przypomnienia. Po\u015bcig. Przed\u0142u\u017canie termin\u00f3w. Niekt\u00f3rzy pisz\u0105 przemy\u015blane opinie. Inni robi\u0105 to na telefon. Jako\u015b\u0107 jest bardzo r\u00f3\u017cna.<\/p>\n<p>Wtedy kto\u015b musi nada\u0107 temu wszystkiemu sens. Przeczyta\u0107 wszystkie komentarze. Zidentyfikowa\u0107 tematy. Jakie s\u0105 prawdziwe problemy? Co jest tylko szumem? Kt\u00f3re opinie s\u0105 sprzeczne? Zajmuje to wiele godzin dla ka\u017cdego pracownika.<\/p>\n<p>Do czasu faktycznego przegl\u0105du mened\u017cerowie s\u0105 wyczerpani. Pracownicy s\u0105 niespokojni. A rozmowa cz\u0119sto nie prowadzi do znacz\u0105cych zmian, poniewa\u017c jest to zbyt wiele informacji dostarczonych zbyt p\u00f3\u017ano.<\/p>\n<p>Nie dzieje si\u0119 tak dlatego, \u017ce ludziom nie zale\u017cy. Dzieje si\u0119 tak dlatego, \u017ce proces ten jest zasadniczo r\u0119czny, rzadki i wsteczny. Sztuczna inteligencja rozwi\u0105zuje wszystkie trzy problemy.<\/p>\n\n\n<hr class=\"wp-block-separator has-alpha-channel-opacity\"\/>\n\n\n\n<h3 class=\"wp-block-heading\">Co sztuczna inteligencja robi dla zarz\u0105dzania wydajno\u015bci\u0105<\/h3>\n\n\n<p>Sztuczna inteligencja nie zast\u0119puje mened\u017cer\u00f3w w zarz\u0105dzaniu wydajno\u015bci\u0105. Daje im lepsze informacje szybciej, dzi\u0119ki czemu mog\u0105 faktycznie pom\u00f3c swoim zespo\u0142om. Oto jak to zrobi\u0107.<\/p>\n\n\n<h4 class=\"wp-block-heading\">Analiza sprz\u0119\u017cenia zwrotnego, kt\u00f3ra znajduje prawdziwe wzorce<\/h4>\n\n\n<p>Opinie 360 zbieraj\u0105 informacje zwrotne od wielu os\u00f3b. Mened\u017cer. R\u00f3wie\u015bnicy. Czasami bezpo\u015bredni podw\u0142adni. Ka\u017cda osoba pisze akapity komentarzy.<\/p>\n<p>Czytanie tego wszystkiego jest nu\u017c\u0105ce. A dostrzeganie wzorc\u00f3w? Jeszcze trudniejsze. Jedna osoba wspomina niejasno o \"problemach z komunikacj\u0105\". Inna m\u00f3wi, \u017ce \"czasami nie ma p\u0119tli w zespole\". Inna zauwa\u017ca \"czasami dowiadujemy si\u0119 o rzeczach z op\u00f3\u017anieniem\". Czy s\u0105 one powi\u0105zane? Czy to ten sam problem? R\u00f3\u017cne kwestie?<\/p>\n<p>Sztuczna inteligencja odczytuje wszystkie opinie. Automatycznie identyfikuje tematy.<\/p>\n<p>\"Komunikacja\" pojawia si\u0119 w czterech recenzjach. Sztuczna inteligencja grupuje je razem. Widzi, \u017ce trzy osoby konkretnie wspominaj\u0105 o \"czasie aktualizacji\", a dwie o \"poziomie szczeg\u00f3\u0142owo\u015bci\". Wzorzec jest jasny: ta osoba musi bardziej proaktywnie komunikowa\u0107 aktualizacje projektu.<\/p>\n<p>Albo miejsca AI: pi\u0119\u0107 os\u00f3b chwali \"umiej\u0119tno\u015bci techniczne\", ale trzy wspominaj\u0105 \"m\u00f3g\u0142by by\u0107 bardziej sk\u0142onny do wsp\u00f3\u0142pracy\". Motyw przewodni: silny indywidualny wsp\u00f3\u0142pracownik, potrzebuje rozwoju w zakresie pracy zespo\u0142owej.<\/p>\n<p>Sztuczna inteligencja nie pisze recenzji za Ciebie. Daje ci jednak jasne wzorce, dzi\u0119ki czemu nie musisz czyta\u0107 10 stron komentarzy, pr\u00f3buj\u0105c r\u0119cznie znale\u017a\u0107 motywy.<\/p>\n<p>Dzia\u0142a to r\u00f3wnie\u017c w ca\u0142ej organizacji. Czy niekt\u00f3re zespo\u0142y stale otrzymuj\u0105 informacje zwrotne na temat obci\u0105\u017cenia prac\u0105? To problem z zasobami. Czy nowi mened\u017cerowie maj\u0105 problemy z delegowaniem zada\u0144? To jest potrzeba szkoleniowa.<\/p>\n<p>Wzorce, kt\u00f3rych r\u0119czne wykrycie zaj\u0119\u0142oby tygodnie analizy? Sztuczna inteligencja znajduje je natychmiast.<\/p>\n\n\n<h4 class=\"wp-block-heading\">Identyfikacja luk w umiej\u0119tno\u015bciach<\/h4>\n\n\n<p>Tw\u00f3j zesp\u00f3\u0142 potrzebuje pewnych umiej\u0119tno\u015bci. Dla ich obecnych r\u00f3l. Dla nadchodz\u0105cych projekt\u00f3w. Do tego, dok\u0105d zmierza firma.<\/p>\n<p>Kto posiada te umiej\u0119tno\u015bci? Kto potrzebuje rozwoju? Zazwyczaj jest to zgadywanie. Mened\u017cerowie maj\u0105 intuicj\u0119. Dzia\u0142 HR wie pewne rzeczy. Ale kompleksowa widoczno\u015b\u0107? Rzadko.<\/p>\n<p>Sztuczna inteligencja analizuje dane dotycz\u0105ce umiej\u0119tno\u015bci w ca\u0142ej organizacji.<\/p>\n<p>Analizuje wymagania dotycz\u0105ce stanowiska. Informacje zwrotne dotycz\u0105ce wydajno\u015bci. Uko\u0144czenie szkolenia. Zadania projektowe. Samooceny. Oceny mened\u017cer\u00f3w. Wszystkie dane, kt\u00f3re ju\u017c posiadasz, tylko rozproszone w r\u00f3\u017cnych systemach.<\/p>\n<p>Identyfikuje luki: \"Tw\u00f3j zesp\u00f3\u0142 analityczny wykazuje silne umiej\u0119tno\u015bci SQL, ale ograniczone do\u015bwiadczenie z Pythonem. Trzy nadchodz\u0105ce projekty wymagaj\u0105 Pythona. To jest ryzyko\".<\/p>\n<p>Albo: \"Pi\u0119ciu starszych in\u017cynier\u00f3w kwalifikuje si\u0119 do r\u00f3l kierowniczych, ale tylko dw\u00f3ch uko\u0144czy\u0142o jakiekolwiek szkolenie z zakresu przyw\u00f3dztwa. Tworzy to luk\u0119 w planowaniu sukcesji\".<\/p>\n<p>Albo: \"Opinie klient\u00f3w wielokrotnie wspominaj\u0105 o \"wolnym czasie reakcji\". Analiza pokazuje, \u017ce zesp\u00f3\u0142 wsparcia nie zosta\u0142 przeszkolony w zakresie nowego systemu obs\u0142ugi zg\u0142osze\u0144. To wyja\u015bnia problem\".<\/p>\n<p>Sztuczna inteligencja \u0142\u0105czy punkty, kt\u00f3rych ludzie nie s\u0105 w stanie dostrzec w setkach pracownik\u00f3w. Wykrywa luki, zanim spowoduj\u0105 one problemy. I robi to w spos\u00f3b ci\u0105g\u0142y, a nie raz do roku.<\/p>\n<p>Teraz mo\u017cesz ukierunkowa\u0107 rozw\u00f3j tam, gdzie ma to znaczenie. Nie og\u00f3lne szkolenia, kt\u00f3re wszyscy ignoruj\u0105. Konkretne umiej\u0119tno\u015bci, kt\u00f3re faktycznie pomog\u0105 konkretnym osobom lepiej wykonywa\u0107 swoj\u0105 prac\u0119.<\/p>\n\n\n<h4 class=\"wp-block-heading\">Przewidywanie ryzyka retencji<\/h4>\n\n\n<p>Ludzie nie odchodz\u0105 znik\u0105d. Pojawiaj\u0105 si\u0119 oznaki. Zazwyczaj subtelne. Zwykle widoczne dopiero z perspektywy czasu.<\/p>\n<p>Zaanga\u017cowanie spada. Udzia\u0142 w spotkaniach spada. Informacje zwrotne staj\u0105 si\u0119 mniej szczeg\u00f3\u0142owe. Spotkania jeden na jeden s\u0105 przek\u0142adane. Wyniki pozostaj\u0105 akceptowalne, ale entuzjazm zanika.<\/p>\n<p>Zanim mened\u017cerowie to zauwa\u017c\u0105, dana osoba ma ju\u017c inn\u0105 ofert\u0119. Rozmowa kwalifikacyjna ujawnia, \u017ce pracownik by\u0142 niezadowolony od miesi\u0119cy. \"Dlaczego nikt ze mn\u0105 nie rozmawia\u0142?\"<\/p>\n<p>Sztuczna inteligencja wcze\u015bnie wykrywa te wzorce.<\/p>\n<p>Monitoruje sygna\u0142y zaanga\u017cowania. Tendencja spadkowa w odpowiedziach na ankiety. Mniej pyta\u0144 na spotkaniach. Zmniejszona liczba przegl\u0105d\u00f3w kodu lub wsp\u00f3\u0142pracy. Zwi\u0119kszone wykorzystanie WOM. Zmienione wzorce komunikacji.<\/p>\n<p>Pojedynczo nic one nie znacz\u0105. Razem tworz\u0105 wz\u00f3r. Sztuczna inteligencja dostrzega go i sygnalizuje: \"Ryzyko retencji dla tego pracownika wzros\u0142o. Zarekomenduj kierownikowi odpraw\u0119\".<\/p>\n<p>Nie dlatego, \u017ce sztuczna inteligencja wie, \u017ce dana osoba szuka pracy. Ale dlatego, \u017ce wzorzec pasuje do os\u00f3b, kt\u00f3re odesz\u0142y w przesz\u0142o\u015bci. To ostrze\u017cenie, by uwa\u017ca\u0107, zanim b\u0119dzie za p\u00f3\u017ano.<\/p>\n<p>Mened\u017cerowie mog\u0105 wtedy prowadzi\u0107 prawdziwe rozmowy. \"Jak si\u0119 sprawy maj\u0105? Jak mog\u0119 ci\u0119 lepiej wspiera\u0107?\". Na tyle wcze\u015bnie, \u017ce problemy mo\u017cna jeszcze naprawi\u0107.<\/p>\n<p>Nie zapobiega to wszystkim rotacjom - czasami ludzie odchodz\u0105 z powod\u00f3w, kt\u00f3rych nie mo\u017cna kontrolowa\u0107. Zapobiega to jednak utracie pracownik\u00f3w, poniewa\u017c nikt nie zauwa\u017cy\u0142, \u017ce zmagaj\u0105 si\u0119 oni z problemami, a\u017c do momentu z\u0142o\u017cenia przez nich rezygnacji.<\/p>\n\n\n<h4 class=\"wp-block-heading\">Generowanie projektu przegl\u0105du wynik\u00f3w<\/h4>\n\n\n<p>Pisanie ocen wynik\u00f3w zajmuje wieczno\u015b\u0107. Mened\u017cerowie zwlekaj\u0105. Dzia\u0142 HR przed\u0142u\u017ca terminy. Cierpi na tym jako\u015b\u0107, poniewa\u017c ludzie si\u0119 spiesz\u0105.<\/p>\n<p>AI przygotowuje przegl\u0105d na podstawie dost\u0119pnych danych. Zebrane informacje zwrotne. Cele i post\u0119py. Wska\u017aniki wydajno\u015bci. Ostatnie osi\u0105gni\u0119cia. Zidentyfikowane obszary rozwoju.<\/p>\n<p>Generuje ustrukturyzowany szkic: \"Obszary mocnych stron: [podsumowanie pozytywnych informacji zwrotnych z przyk\u0142adami]. Obszary do rozwoju: [podsumowanie konstruktywnych informacji zwrotnych z przyk\u0142adami]. Post\u0119py w realizacji cel\u00f3w: [status ka\u017cdego celu]. Zalecane obszary zainteresowania: [sugestie dotycz\u0105ce rozwoju]\".<\/p>\n<p>Mened\u017cer dokonuje przegl\u0105du. Dodaje osobiste obserwacje. Dostosowuje ton. Uwzgl\u0119dnia kontekst, kt\u00f3rego SI nie mog\u0142a zna\u0107. Nadaje mu osobisty charakter.<\/p>\n<p>Ale ci\u0119\u017cka praca - synteza wszystkich informacji zwrotnych i danych - zosta\u0142a wykonana. To, co zajmowa\u0142o 2 godziny, teraz zajmuje 30 minut. A jako\u015b\u0107 jest cz\u0119sto lepsza, poniewa\u017c nic nie zostaje pomini\u0119te.<\/p>\n<p>To nie jest sztuczna inteligencja pisz\u0105ca recenzje. Jest to sztuczna inteligencja wykonuj\u0105ca \u017cmudn\u0105 syntez\u0119, dzi\u0119ki czemu mened\u017cerowie mog\u0105 skupi\u0107 si\u0119 na rzeczywistej rozmowie z cz\u0142onkiem zespo\u0142u.<\/p>\n\n\n<h4 class=\"wp-block-heading\">\u015aledzenie cel\u00f3w, kt\u00f3re zapewnia widoczno\u015b\u0107 wynik\u00f3w<\/h4>\n\n\n<p>Cele s\u0105 wyznaczane w styczniu. Do marca si\u0119 o nich zapomina. Do grudnia ludzie staraj\u0105 si\u0119 przypomnie\u0107 sobie, co mieli osi\u0105gn\u0105\u0107.<\/p>\n<p>AI sprawia, \u017ce cele s\u0105 widoczne i \u015bledzone w spos\u00f3b ci\u0105g\u0142y.<\/p>\n<p>Przypomina pracownikom i mened\u017cerom o celach. \u015aledzi post\u0119py na podstawie aktualizacji. Flaguje cele, kt\u00f3re nie s\u0105 realizowane: \"Ten cel nie wykazuje post\u0119pu w ci\u0105gu 6 tygodni. Potrzebna aktualizacja statusu?\"<\/p>\n<p>\u0141\u0105czy cele z rzeczywist\u0105 prac\u0105. Je\u015bli czyim\u015b celem jest \"poprawa zadowolenia klient\u00f3w\", a wyniki ankiet klient\u00f3w s\u0105 \u015bledzone, sztuczna inteligencja mo\u017ce automatycznie pokazywa\u0107 post\u0119py.<\/p>\n<p>Sugeruje korekty. \"Ten cel jest konsekwentnie oznaczany jako zablokowany z powodu ogranicze\u0144 zasob\u00f3w. Czy nale\u017cy to zmieni\u0107 lub eskalowa\u0107?\".<\/p>\n<p>Zarz\u0105dzanie wydajno\u015bci\u0105 staje si\u0119 ci\u0105g\u0142e. Nie jest niespodziank\u0105 raz do roku. Sta\u0142y wgl\u0105d w to, jak ludzie sobie radz\u0105 i gdzie potrzebuj\u0105 wsparcia.<\/p>\n\n\n<hr class=\"wp-block-separator has-alpha-channel-opacity\"\/>\n\n\n\n<h3 class=\"wp-block-heading\">Co to oznacza dla u\u017cytkownika<\/h3>\n\n\n\n<h4 class=\"wp-block-heading\">Dla dyrektor\u00f3w HR i lider\u00f3w personalnych<\/h4>\n\n\n<ul>\n<li><strong>Decyzje dotycz\u0105ce talent\u00f3w oparte na danych.<\/strong> Nie przeczucie. Rzeczywiste wzorce wydajno\u015bci, umiej\u0119tno\u015bci i zaanga\u017cowania.<\/li>\n<li><strong>Wczesne ostrze\u017cenie o retencji.<\/strong> Wykryj ryzyko zwi\u0105zane z lotem, zanim ludzie zrezygnuj\u0105. Czas zaj\u0105\u0107 si\u0119 problemami, gdy mo\u017cna je naprawi\u0107.<\/li>\n<li><strong>Programy rozwojowe, kt\u00f3re zajmuj\u0105 si\u0119 rzeczywistymi lukami.<\/strong> Nie og\u00f3lne szkolenia. Ukierunkowany rozw\u00f3j tam, gdzie jest on rzeczywi\u015bcie potrzebny.<\/li>\n<li><strong>Widoczno\u015b\u0107 w ca\u0142ej organizacji.<\/strong> Kt\u00f3re dru\u017cyny dobrze prosperuj\u0105? Kt\u00f3re zmagaj\u0105 si\u0119 z problemami? Gdzie wyst\u0119puj\u0105 problemy systemowe? Zobacz to wyra\u017anie.<\/li>\n<li><strong>Lepsze planowanie sukcesji.<\/strong> Dowiedz si\u0119, kto jest gotowy na awans. Kto potrzebuje rozwoju. Gdzie si\u0142a \u0142awki jest s\u0142aba.<\/li>\n<li><strong>Proces wydajno\u015bci, kt\u00f3rego ludzie nie nienawidz\u0105.<\/strong> Mniejsze obci\u0105\u017cenie administracyjne. Wi\u0119kszy nacisk na rzeczywisty rozw\u00f3j. Lepsze do\u015bwiadczenie dla wszystkich.<\/li>\n<\/ul>\n\n\n<h4 class=\"wp-block-heading\">Dla mened\u017cer\u00f3w<\/h4>\n\n\n<ul>\n<li><strong>Mniej czasu na przegl\u0105d dokumentacji.<\/strong> Sztuczna inteligencja zajmuje si\u0119 syntez\u0105. Ty skupiasz si\u0119 na rozmowie i coachingu.<\/li>\n<li><strong>Lepszy wgl\u0105d w wydajno\u015b\u0107 zespo\u0142u.<\/strong> Wyra\u017ane wzorce z informacji zwrotnych. Widoczne luki w umiej\u0119tno\u015bciach. Wczesne ostrze\u017cenia dotycz\u0105ce zaanga\u017cowania.<\/li>\n<li><strong>Wy\u0142apuj problemy wcze\u015bniej.<\/strong> Nie czekaj na coroczny przegl\u0105d, aby odkry\u0107 problemy. Dostrzegaj je, gdy s\u0105 jeszcze ma\u0142e.<\/li>\n<li><strong>Bardziej znacz\u0105ce rozmowy rozwojowe.<\/strong> W oparciu o rzeczywiste dane i wzorce, a nie niejasne wra\u017cenia.<\/li>\n<li><strong>Cele, kt\u00f3re pozostaj\u0105 widoczne.<\/strong> Nie zapomniane do czasu przegl\u0105du. Ci\u0105g\u0142e \u015bledzenie i dostosowywanie.<\/li>\n<\/ul>\n\n\n<h4 class=\"wp-block-heading\">Dla pracownik\u00f3w<\/h4>\n\n\n<ul>\n<li><strong>Bardziej przejrzyste informacje zwrotne.<\/strong> Nie \u015bmietnik niezorganizowanych komentarzy. Jasne tematy i konkretne obszary do pracy.<\/li>\n<li><strong>Rozw\u00f3j dostosowany do rzeczywistych potrzeb.<\/strong> Szkolenia, kt\u00f3re pomagaj\u0105 uzupe\u0142ni\u0107 rzeczywiste braki w umiej\u0119tno\u015bciach, a nie og\u00f3lne kursy.<\/li>\n<li><strong>Cele, kt\u00f3re pozostaj\u0105 aktualne.<\/strong> Nie ustalone raz i zapomniane. \u015aledzone i dostosowywane do zmieniaj\u0105cej si\u0119 sytuacji.<\/li>\n<li><strong>Brak niespodzianek w recenzjach.<\/strong> Ci\u0105g\u0142a widoczno\u015b\u0107 oznacza, \u017ce wiesz, na czym stoisz, a nie dowiadujesz si\u0119 tego raz w roku.<\/li>\n<li><strong>Uczciwy proces.<\/strong> Sp\u00f3jna analiza w ca\u0142ej organizacji. Mniejsza podatno\u015b\u0107 na uprzedzenia poszczeg\u00f3lnych mened\u017cer\u00f3w.<\/li>\n<\/ul>\n\n\n<hr class=\"wp-block-separator has-alpha-channel-opacity\"\/>\n\n\n\n<h3 class=\"wp-block-heading\">Czego sztuczna inteligencja nie zrobi<\/h3>\n\n\n<p>Postawmy spraw\u0119 jasno.<\/p>\n<p>Sztuczna inteligencja nie podejmuje decyzji dotycz\u0105cych wydajno\u015bci. Nie decyduje o awansach. Nie okre\u015bla wynagrodzenia. Nie zwalnia ludzi. Nie ocenia wydajno\u015bci.<\/p>\n<p>S\u0105 to ludzkie decyzje, kt\u00f3re wymagaj\u0105 os\u0105du, kontekstu i odpowiedzialno\u015bci. Mened\u017cerowie podejmuj\u0105 te decyzje. Sztuczna inteligencja dostarcza informacji, kt\u00f3re pomagaj\u0105 im podejmowa\u0107 lepsze decyzje.<\/p>\n<p>Sztuczna inteligencja nie jest r\u00f3wnie\u017c w stanie zrozumie\u0107 niuans\u00f3w tak, jak ludzie. Widzi wzorce w danych. Nie rozumie, \u017ce czyja\u015b wydajno\u015b\u0107 spad\u0142a z powodu osobistego kryzysu lub \u017ce wykonuje dodatkow\u0105 prac\u0119, kt\u00f3ra nie jest widoczna w metrykach.<\/p>\n<p>Mened\u017cerowie nadal musz\u0105 prowadzi\u0107 rozmowy. Rozumie\u0107 kontekst. U\u017cywa\u0107 os\u0105du. By\u0107 lud\u017ami w zarz\u0105dzaniu lud\u017ami.<\/p>\n<p>Sztuczna inteligencja u\u0142atwia to, obs\u0142uguj\u0105c analiz\u0119 danych i prace administracyjne. Nie zast\u0119puje ona jednak ludzkiego elementu zarz\u0105dzania wydajno\u015bci\u0105.<\/p>\n<p>Sztuczna inteligencja w zarz\u0105dzaniu wydajno\u015bci\u0105 wymaga r\u00f3wnie\u017c dobrych danych. Je\u015bli informacje zwrotne s\u0105 bezwarto\u015bciowe, analiza AI b\u0119dzie bezwarto\u015bciowa. Je\u015bli cele nie s\u0105 \u015bledzone, sztuczna inteligencja nie mo\u017ce pom\u00f3c. Je\u015bli sygna\u0142y zaanga\u017cowania nie s\u0105 rejestrowane, przewidywanie retencji nie b\u0119dzie dzia\u0142a\u0107.<\/p>\n<p>Sztuczna inteligencja wzmacnia proces. Je\u015bli proces jest dobry, sztuczna inteligencja go usprawni. Je\u015bli proces jest zepsuty, najpierw nale\u017cy go naprawi\u0107.<\/p>\n\n\n<hr class=\"wp-block-separator has-alpha-channel-opacity\"\/>\n\n\n\n<h3 class=\"wp-block-heading\">Wp\u0142yw na rzeczywisto\u015b\u0107<\/h3>\n\n\n<p>Jak to wygl\u0105da w praktyce?<\/p>\n<p>Firma wdra\u017ca sztuczn\u0105 inteligencj\u0119 do zarz\u0105dzania wydajno\u015bci\u0105. Przed: mened\u017cerowie sp\u0119dzali 3-4 godziny na pracownika na corocznych przegl\u0105dach. Po: 1 godzina. To oszcz\u0119dno\u015b\u0107 2-3 godzin na osob\u0119. W przypadku mened\u017cera z 8 bezpo\u015brednimi podw\u0142adnymi jest to 16-24 godzin zaoszcz\u0119dzonych na cykl przegl\u0105du.<\/p>\n<p>Poprawa retencji. System wczesnego ostrzegania wychwytuje 70% potencjalnych odej\u015b\u0107 wystarczaj\u0105co wcze\u015bnie, aby si\u0119 nimi zaj\u0105\u0107. Nie wszyscy zostaj\u0105, ale wiele kwestii zostaje rozwi\u0105zanych, zanim ludzie odejd\u0105.<\/p>\n<p>Wydatki na rozw\u00f3j staj\u0105 si\u0119 bardziej efektywne. Zamiast rozprasza\u0107 bud\u017cet szkoleniowy na og\u00f3lne kursy, inwestycje koncentruj\u0105 si\u0119 na zidentyfikowanych lukach w umiej\u0119tno\u015bciach. Liczba uko\u0144czonych szkole\u0144 wzrasta, poniewa\u017c s\u0105 one rzeczywi\u015bcie istotne.<\/p>\n<p>Zwi\u0119ksza si\u0119 zadowolenie pracownik\u00f3w z procesu oceny wynik\u00f3w. Informacje zwrotne s\u0105 bardziej przejrzyste. Oceny s\u0105 mniej arbitralne. Rozw\u00f3j ma wi\u0119ksze znaczenie.<\/p>\n<p>To nie jest teoria. Dzieje si\u0119 tak, gdy sztuczna inteligencja sprawia, \u017ce zarz\u0105dzanie wydajno\u015bci\u0105 jest ci\u0105g\u0142e i oparte na danych, a nie roczne i subiektywne.<\/p>\n\n\n<hr class=\"wp-block-separator has-alpha-channel-opacity\"\/>\n\n\n\n<h3 class=\"wp-block-heading\">Pierwsze kroki<\/h3>\n\n\n<p>Nie musisz zmienia\u0107 wszystkiego od razu. Zacznij od jednego elementu.<\/p>\n<p>Dla wi\u0119kszo\u015bci firm jest to analiza opinii. W nast\u0119pnym cyklu przegl\u0105du zle\u0107 sztucznej inteligencji analiz\u0119 opinii i wyodr\u0119bnienie temat\u00f3w. Zobacz, ile czasu to zaoszcz\u0119dzi. Sprawd\u017a, czy mened\u017cerowie uznaj\u0105 to za przydatne.<\/p>\n<p>Mo\u017cesz te\u017c zacz\u0105\u0107 od analizy luk w umiej\u0119tno\u015bciach. Odnie\u015b wymagania dotycz\u0105ce r\u00f3l do rzeczywistych umiej\u0119tno\u015bci. Sprawd\u017a, gdzie istniej\u0105 luki. Wykorzystaj to do ukierunkowania rozwoju.<\/p>\n<p>Lub wdro\u017cy\u0107 \u015bledzenie cel\u00f3w. Cele dotycz\u0105ce wydajno\u015bci powinny by\u0107 widoczne i \u015bledzone w spos\u00f3b ci\u0105g\u0142y, a nie ustalone i zapomniane.<\/p>\n<p>Wybierz jeden element. Wdr\u00f3\u017c go. Zmierz wp\u0142yw. Nast\u0119pnie rozwi\u0144.<\/p>\n<p>Zarz\u0105dzanie wydajno\u015bci\u0105 w ka\u017cdej firmie jest inne. Proces oceny ma okre\u015blone etapy. Zbieranie informacji zwrotnych ma okre\u015blone formaty. Dane dotycz\u0105ce wydajno\u015bci s\u0105 przechowywane w okre\u015blonych systemach.<\/p>\n<p>W\u0142a\u015bnie dlatego sztuczna inteligencja do zarz\u0105dzania wydajno\u015bci\u0105 nie jest typu plug-and-play. Musi pasowa\u0107 do rzeczywistego procesu. Rzeczywistych danych. Rzeczywistej kultury.<\/p>\n\n\n<hr class=\"wp-block-separator has-alpha-channel-opacity\"\/>\n\n\n\n<h3 class=\"wp-block-heading\">Podsumowanie<\/h3>\n\n\n<p>Zarz\u0105dzanie wydajno\u015bci\u0105 powinno pomaga\u0107 ludziom w doskonaleniu si\u0119. Zamiast tego sta\u0142o si\u0119 obci\u0105\u017ceniem administracyjnym, kt\u00f3rego wszyscy si\u0119 boj\u0105.<\/p>\n<p>Sztuczna inteligencja nie zast\u0119puje ludzkiego elementu zarz\u0105dzania wydajno\u015bci\u0105. Usuwa \u017cmudne elementy, dzi\u0119ki czemu ludzie mog\u0105 skupi\u0107 si\u0119 na tym, co naprawd\u0119 wa\u017cne - pomaganiu ludziom w rozwoju i odnoszeniu sukces\u00f3w.<\/p>\n<p>Rezultat: mened\u017cerowie sp\u0119dzaj\u0105 mniej czasu na papierkowej robocie, a wi\u0119cej na coachingu. Dzia\u0142 HR wykrywa problemy, zanim stan\u0105 si\u0119 kryzysami. Pracownicy otrzymuj\u0105 ja\u015bniejsze informacje zwrotne i lepiej si\u0119 rozwijaj\u0105. Organizacja podejmuje m\u0105drzejsze decyzje dotycz\u0105ce talent\u00f3w.<\/p>\n<p>To nie szum informacyjny. To w\u0142a\u015bnie robi sztuczna inteligencja w zarz\u0105dzaniu wydajno\u015bci\u0105, gdy jest prawid\u0142owo wdro\u017cona.<\/p>\n\n\n<hr class=\"wp-block-separator has-alpha-channel-opacity\"\/>\n\n\n\n<h3 class=\"wp-block-heading\">Gotowy, aby zarz\u0105dzanie wydajno\u015bci\u0105 by\u0142o faktycznie przydatne?<\/h3>\n\n\n<p>Nie sprzedajemy og\u00f3lnej sztucznej inteligencji do zarz\u0105dzania wydajno\u015bci\u0105. Przygl\u0105damy si\u0119 konkretnym procesom. Mechanizmy informacji zwrotnej. Twoim systemom danych. Twoim potrzebom.<\/p>\n<p>Nast\u0119pnie tworzymy sztuczn\u0105 inteligencj\u0119, kt\u00f3ra pasuje do tego, jak faktycznie zarz\u0105dzasz wydajno\u015bci\u0105. Nie jaki\u015b wyidealizowany proces - tw\u00f3j rzeczywisty proces.<\/p>\n<p>Bez szumu reklamowego. Bez nadmiernej sprzeda\u017cy. Tylko praktyczna sztuczna inteligencja, kt\u00f3ra sprawia, \u017ce zarz\u0105dzanie wydajno\u015bci\u0105 jest mniej bolesne i bardziej skuteczne.<\/p>\n\n<p><a href=\"https:\/\/www.leaplytics.de\/pl\/kontakt\/\">Porozmawiajmy o wyzwaniach zwi\u0105zanych z zarz\u0105dzaniem wydajno\u015bci\u0105<\/a><\/p>\n\n<p><a href=\"https:\/\/www.leaplytics.de\/pl\/zasoby-ludzkie-ai\/\">Powr\u00f3t do Rozwi\u0105zania HR AI<\/a><\/p>","protected":false},"excerpt":{"rendered":"<p>AI for Performance Management &#038; Analytics: See Problems Before They Become Crises Performance reviews happen once or twice a year. By then, problems have been festering for months. Good employees already have one foot out the door. Skill gaps have been slowing projects down for quarters. The review process itself is painful. Collect feedback from &hellip; <\/p>","protected":false},"author":2,"featured_media":0,"parent":0,"menu_order":0,"comment_status":"closed","ping_status":"closed","template":"","meta":{"footnotes":""},"class_list":["post-14443","page","type-page","status-publish","hentry","latest_post"],"_links":{"self":[{"href":"https:\/\/www.leaplytics.de\/pl\/wp-json\/wp\/v2\/pages\/14443","targetHints":{"allow":["GET"]}}],"collection":[{"href":"https:\/\/www.leaplytics.de\/pl\/wp-json\/wp\/v2\/pages"}],"about":[{"href":"https:\/\/www.leaplytics.de\/pl\/wp-json\/wp\/v2\/types\/page"}],"author":[{"embeddable":true,"href":"https:\/\/www.leaplytics.de\/pl\/wp-json\/wp\/v2\/users\/2"}],"replies":[{"embeddable":true,"href":"https:\/\/www.leaplytics.de\/pl\/wp-json\/wp\/v2\/comments?post=14443"}],"version-history":[{"count":1,"href":"https:\/\/www.leaplytics.de\/pl\/wp-json\/wp\/v2\/pages\/14443\/revisions"}],"predecessor-version":[{"id":14446,"href":"https:\/\/www.leaplytics.de\/pl\/wp-json\/wp\/v2\/pages\/14443\/revisions\/14446"}],"wp:attachment":[{"href":"https:\/\/www.leaplytics.de\/pl\/wp-json\/wp\/v2\/media?parent=14443"}],"curies":[{"name":"wp","href":"https:\/\/api.w.org\/{rel}","templated":true}]}}