{"id":14444,"date":"2025-12-19T01:44:55","date_gmt":"2025-12-19T00:44:55","guid":{"rendered":"https:\/\/www.leaplytics.de\/?page_id=14444"},"modified":"2025-12-19T01:46:09","modified_gmt":"2025-12-19T00:46:09","slug":"rekrutacja-pozyskiwanie-talentow-ai","status":"publish","type":"page","link":"https:\/\/www.leaplytics.de\/pl\/rekrutacja-pozyskiwanie-talentow-ai\/","title":{"rendered":"Rekrutacja i pozyskiwanie talent\u00f3w AI"},"content":{"rendered":"<h2>Sztuczna inteligencja w rekrutacji i pozyskiwaniu talent\u00f3w: Zatrudniaj lepiej i szybciej<\/h2>\n\n<p>Dobrzy kandydaci nie czekaj\u0105. Podczas gdy ty sortujesz CV, oni akceptuj\u0105 inne oferty. Podczas gdy ty bawisz si\u0119 w e-mailowy tag, aby zaplanowa\u0107 rozmowy kwalifikacyjne, oni przechodz\u0105 do przodu z szybszymi firmami.<\/p>\n<p>Rekrutacja to wy\u015bcig. Nie z innymi firmami - z czasem. Ka\u017cdy dzie\u0144, w kt\u00f3rym stanowisko pozostaje otwarte, kosztuje. Ka\u017cdy wykwalifikowany kandydat, kt\u00f3ry odpada, to stracona szansa.<\/p>\n<p>Problemem nie jest zesp\u00f3\u0142 rekrutacyjny. Problemem jest ilo\u015b\u0107. Setki aplikacji na ka\u017cde stanowisko. Dziesi\u0105tki rozm\u00f3w kwalifikacyjnych do skoordynowania. Ci\u0105g\u0142a komunikacja z kandydatami. To zbyt du\u017co r\u0119cznej pracy.<\/p>\n<p>Sztuczna inteligencja to zmienia. Czyta CV w ci\u0105gu sekund, a nie godzin. Planuje rozmowy kwalifikacyjne bez zb\u0119dnych formalno\u015bci. Utrzymuje zaanga\u017cowanie kandydat\u00f3w, podczas gdy Ty skupiasz si\u0119 na rozmowach, kt\u00f3re maj\u0105 znaczenie.<\/p>\n\n\n<hr class=\"wp-block-separator has-alpha-channel-opacity\"\/>\n\n\n\n<h3 class=\"wp-block-heading\">Dlaczego rekrutacja jest zepsuta<\/h3>\n\n\n<p>B\u0105d\u017amy szczerzy co do tego, jak dzi\u015b wygl\u0105da rekrutacja.<\/p>\n<p>Publikujesz ofert\u0119 pracy. W ci\u0105gu kilku dni otrzymujesz ponad 200 aplikacji. Wi\u0119kszo\u015b\u0107 z nich jest wyra\u017anie niewykwalifikowana - niew\u0142a\u015bciwe do\u015bwiadczenie, brakuj\u0105ce umiej\u0119tno\u015bci, nawet nie zbli\u017cone. Ale kto\u015b musi je wszystkie przeczyta\u0107, poniewa\u017c czasami znajduje si\u0119 w\u015br\u00f3d nich \u015bwietny kandydat.<\/p>\n<p>Twoi rekruterzy sp\u0119dzaj\u0105 godziny na selekcji. Zanim zidentyfikuj\u0105 najlepszych kandydat\u00f3w, mija tydzie\u0144. Kandydaci ci odbyli ju\u017c trzy rozmowy kwalifikacyjne w innych miejscach.<\/p>\n<p>Potem przychodzi czas na planowanie. \"Jakie godziny ci odpowiadaj\u0105?\" \"W\u0142a\u015bciwie, to nie dzia\u0142a\". \"A mo\u017ce czwartek?\" \"Ca\u0142y dzie\u0144 mam spotkania\". Pi\u0119\u0107 e-maili p\u00f3\u017aniej, mo\u017ce masz zarezerwowan\u0105 rozmow\u0119 kwalifikacyjn\u0105. By\u0107 mo\u017ce kandydat zaakceptowa\u0142 ju\u017c inn\u0105 ofert\u0119.<\/p>\n<p>Kandydaci maj\u0105 pytania. O rol\u0119. O proces. O korzy\u015bci. Wysy\u0142aj\u0105 e-maile. Czekaj\u0105. Czasami nawet kilka dni. Do tego czasu trac\u0105 zainteresowanie lub id\u0105 dalej.<\/p>\n<p>Tymczasem mened\u017cerowie ds. rekrutacji s\u0105 sfrustrowani. Rekruterzy s\u0105 wypaleni. A czas rekrutacji wci\u0105\u017c si\u0119 wyd\u0142u\u017ca.<\/p>\n<p>To nie jest problem z lud\u017ami. To problem procesu. A sztuczna inteligencja jest stworzona dok\u0142adnie do tego rodzaju proces\u00f3w.<\/p>\n\n\n<hr class=\"wp-block-separator has-alpha-channel-opacity\"\/>\n\n\n\n<h3 class=\"wp-block-heading\">Co sztuczna inteligencja robi w rekrutacji<\/h3>\n\n\n<p>Sztuczna inteligencja nie zast\u0119puje rekruter\u00f3w. Usuwa w\u0105skie gard\u0142a, kt\u00f3re ich spowalniaj\u0105. Oto jak to zrobi\u0107.<\/p>\n\n\n<h4 class=\"wp-block-heading\">Sprawdzanie CV, kt\u00f3re faktycznie dzia\u0142a<\/h4>\n\n\n<p>Sztuczna inteligencja czyta ka\u017cde CV. Ka\u017cd\u0105 aplikacj\u0119. W kilka sekund.<\/p>\n<p>Nie tylko skanuje w poszukiwaniu s\u0142\u00f3w kluczowych. Rozumie kontekst. \"Kierowa\u0142 5-osobowym zespo\u0142em\" r\u00f3\u017cni si\u0119 od \"Bra\u0142 udzia\u0142 w projektach zespo\u0142owych\". \"Zarz\u0105dza\u0142 bud\u017cetem $2M\" r\u00f3\u017cni si\u0119 od \"Pomaga\u0142 w planowaniu bud\u017cetu\".<\/p>\n<p>Sztuczna inteligencja ocenia ka\u017cdego kandydata na podstawie dopasowania. Dopasowanie umiej\u0119tno\u015bci. Poziom do\u015bwiadczenia. Wymagania dotycz\u0105ce roli. Wykszta\u0142cenie, je\u015bli ma znaczenie. Lokalizacja, je\u015bli ma znaczenie.<\/p>\n<p>Najlepsi kandydaci pojawiaj\u0105 si\u0119 natychmiast. Nie s\u0105 to idealni kandydaci - nie ma czego\u015b takiego - ale wykwalifikowani kandydaci, z kt\u00f3rymi warto rozmawia\u0107.<\/p>\n<p>Zamiast sp\u0119dza\u0107 godziny na przegl\u0105daniu setek CV, rekruterzy sp\u0119dzaj\u0105 minuty na przegl\u0105daniu 20 najlepszych. Oszcz\u0119dno\u015b\u0107 czasu jest ogromna. Poprawa jako\u015bci jest realna.<\/p>\n\n\n<h4 class=\"wp-block-heading\">Dopasowanie kandydat\u00f3w wykraczaj\u0105ce poza s\u0142owa kluczowe<\/h4>\n\n\n<p>Stare systemy szukaj\u0105 s\u0142\u00f3w kluczowych. \"Musi mie\u0107 Python.\" \"Wymagane ponad 5 lat\". Je\u015bli CV nie zawiera\u0142o dok\u0142adnie tych s\u0142\u00f3w, kandydat by\u0142 odfiltrowywany.<\/p>\n<p>AI rozumie, \u017ce \"in\u017cynieria oprogramowania\" i \"rozw\u00f3j oprogramowania\" to to samo. \u017be kto\u015b z 4,5-letnim doskona\u0142ym do\u015bwiadczeniem mo\u017ce by\u0107 lepszy ni\u017c kto\u015b z 6-letnim przeci\u0119tnym do\u015bwiadczeniem. \u017be umiej\u0119tno\u015bci mog\u0105 by\u0107 przenoszone mi\u0119dzy bran\u017cami.<\/p>\n<p>Patrzy na ca\u0142y obraz. Wymagania dotycz\u0105ce roli. Pochodzenie kandydata. Wska\u017aniki dopasowania do kultury firmy. Trajektoria kariery. Nie tylko \"czy s\u0142owa kluczowe pasuj\u0105?\".<\/p>\n<p>Oznacza to mniej wynik\u00f3w fa\u0142szywie ujemnych - zakwalifikowanych kandydat\u00f3w, kt\u00f3rzy zostaliby odfiltrowani. I mniej fa\u0142szywie pozytywnych - niekwalifikowanych kandydat\u00f3w, kt\u00f3rzy oszukiwali system s\u0142\u00f3w kluczowych.<\/p>\n<p>Lepsze dopasowanie oznacza mniej zmarnowanego czasu na rozmowy kwalifikacyjne. Wi\u0119cej zaakceptowanych ofert. Wy\u017csza retencja.<\/p>\n\n\n<h4 class=\"wp-block-heading\">Planowanie rozm\u00f3w kwalifikacyjnych, kt\u00f3re nie wymaga 10 e-maili<\/h4>\n\n\n<p>Sztuczna inteligencja integruje si\u0119 z systemem kalendarza. Wie, kiedy ankieterzy s\u0105 dost\u0119pni. Zna wymagania dotycz\u0105ce rozmowy kwalifikacyjnej - kto musi tam by\u0107, jak d\u0142ugo to potrwa, jakiego pokoju lub \u0142\u0105cza wideo u\u017cy\u0107.<\/p>\n<p>Kandydat otrzymuje wiadomo\u015b\u0107 e-mail: \"Wybierz godzin\u0119, kt\u00f3ra Ci odpowiada\". Kandydat wybiera jeden z dost\u0119pnych termin\u00f3w. Rozmowa kwalifikacyjna jest zarezerwowana. Wysy\u0142ane s\u0105 zaproszenia z kalendarza. Pok\u00f3j spotka\u0144 lub \u0142\u0105cze wideo. Gotowe.<\/p>\n<p>Brak koordynatora graj\u0105cego w e-mailowego ping-ponga. \u017badnych podw\u00f3jnych rezerwacji. \u017badnego \"przepraszamy, ten termin nie jest ju\u017c dost\u0119pny\".<\/p>\n<p>Dla kandydata jest to do\u015bwiadczenie zawodowe. Dla zespo\u0142u to zaoszcz\u0119dzone godziny tygodniowo. Z punktu widzenia czasu zatrudnienia to kilka dni zaoszcz\u0119dzonych na ca\u0142ym procesie.<\/p>\n\n\n<h4 class=\"wp-block-heading\">Komunikacja z kandydatami, kt\u00f3ra anga\u017cuje ludzi<\/h4>\n\n\n<p>Kandydaci maj\u0105 pytania. Przewa\u017cnie s\u0105 to standardowe pytania. \"Jak wygl\u0105da proces rozmowy kwalifikacyjnej?\" \"Jaki jest harmonogram?\" \"Jakie korzy\u015bci oferujecie?\" \"Czy praca zdalna jest dost\u0119pna?\"<\/p>\n<p>Chatbot AI odpowiada na nie natychmiast. 24\/7. Dok\u0142adnie. Konsekwentnie.<\/p>\n<p>Nie obs\u0142uguje wszystkiego - delikatne tematy lub z\u0142o\u017cone negocjacje nadal trafiaj\u0105 do ludzi. Ale obs\u0142uguje rutynowe zapytania, kt\u00f3re poch\u0142aniaj\u0105 czas rekrutera.<\/p>\n<p>Kandydaci czuj\u0105 si\u0119 zaanga\u017cowani. Nie czekaj\u0105 ca\u0142ymi dniami na podstawowe odpowiedzi. Tw\u00f3j zesp\u00f3\u0142 nie jest rozpraszany przez powtarzaj\u0105ce si\u0119 pytania. Wszyscy wygrywaj\u0105.<\/p>\n\n\n<h4 class=\"wp-block-heading\">Optymalizacja og\u0142osze\u0144 o prac\u0119<\/h4>\n\n\n<p>Kt\u00f3re oferty pracy przyci\u0105gaj\u0105 wykwalifikowanych kandydat\u00f3w? Kt\u00f3re s\u0105 ignorowane lub przyci\u0105gaj\u0105 niew\u0142a\u015bciwe osoby?<\/p>\n<p>Sztuczna inteligencja analizuje to. \u015aledzi, kt\u00f3re opisy stanowisk generuj\u0105 wysokiej jako\u015bci aplikacje. Kt\u00f3ry j\u0119zyk dzia\u0142a. Kt\u00f3re wymagania niepotrzebnie odstraszaj\u0105 dobrych kandydat\u00f3w.<\/p>\n<p>Sugeruje ulepszenia. \"Role, kt\u00f3re m\u00f3wi\u0105\" preferowane \"zamiast\" wymagane \"dla tej umiej\u0119tno\u015bci otrzymuj\u0105 40% wi\u0119cej wykwalifikowanych kandydat\u00f3w\". \"Stanowiska pracy, w kt\u00f3rych wspomina si\u0119 o elastyczno\u015bci zdalnej, odnotowuj\u0105 3-krotny wzrost liczby aplikacji o podobnej jako\u015bci\".<\/p>\n<p>Z czasem Twoje oferty pracy staj\u0105 si\u0119 lepsze. Bardziej trafny ruch. Mniej szumu. Wy\u017csza jako\u015b\u0107 kandydat\u00f3w.<\/p>\n\n\n<hr class=\"wp-block-separator has-alpha-channel-opacity\"\/>\n\n\n\n<h3 class=\"wp-block-heading\">Co to oznacza dla u\u017cytkownika<\/h3>\n\n\n\n<h4 class=\"wp-block-heading\">Dla dyrektor\u00f3w HR i lider\u00f3w ds. talent\u00f3w<\/h4>\n\n\n<ul>\n<li><strong>Kr\u00f3tszy czas oczekiwania na zatrudnienie.<\/strong> Kr\u00f3tsze dni lub tygodnie. Role obsadzone zanim wp\u0142yn\u0105 na projekty.<\/li>\n<li><strong>Ni\u017cszy koszt zatrudnienia.<\/strong> Mniej czasu na rekwizycj\u0119 oznacza wi\u0119cej rekwizycji obs\u0142ugiwanych przez ten sam zesp\u00f3\u0142.<\/li>\n<li><strong>Lepsze do\u015bwiadczenie kandydata.<\/strong> Szybkie odpowiedzi. \u0141atwe planowanie. Profesjonalny proces. Poprawa marki pracodawcy.<\/li>\n<li><strong>Kolejni pracownicy z tego samego zespo\u0142u.<\/strong> Twoi rekruterzy nie ton\u0105. Mog\u0105 obs\u0142u\u017cy\u0107 wi\u0119cej zg\u0142osze\u0144 bez wypalenia.<\/li>\n<li><strong>Lepsza jako\u015b\u0107 zatrudnienia.<\/strong> Mniej czasu po\u015bwi\u0119conego z\u0142ym kandydatom oznacza wi\u0119cej czasu na ocen\u0119 dobrych.<\/li>\n<li><strong>Dane, kt\u00f3re mo\u017cna faktycznie wykorzysta\u0107.<\/strong> Gdzie kandydaci odpadaj\u0105. Kt\u00f3re \u017ar\u00f3d\u0142a zapewniaj\u0105 wysok\u0105 jako\u015b\u0107. Co spowalnia proces rekrutacji.<\/li>\n<\/ul>\n\n\n<h4 class=\"wp-block-heading\">Dla rekruter\u00f3w i specjalist\u00f3w ds. pozyskiwania talent\u00f3w<\/h4>\n\n\n<ul>\n<li><strong>Przesta\u0144 czyta\u0107 setki niewykwalifikowanych CV.<\/strong> SI dokonuje wst\u0119pnej selekcji. Przegl\u0105dasz tylko najlepsze mecze.<\/li>\n<li><strong>Przesta\u0144 bawi\u0107 si\u0119 w koordynatora planowania.<\/strong> Zajmuje si\u0119 tym sztuczna inteligencja. Ty skupiasz si\u0119 na relacjach z kandydatami.<\/li>\n<li><strong>Przesta\u0144 odpowiada\u0107 wielokrotnie na te same pytania.<\/strong> Chatbot AI obs\u0142uguje rutynowe zapytania. Ty zajmujesz si\u0119 wa\u017cnymi rozmowami.<\/li>\n<li><strong>Wi\u0119cej czasu z kandydatami, kt\u00f3rzy maj\u0105 znaczenie.<\/strong> Tych dobrych. Tych, kt\u00f3rych faktycznie chcesz zatrudni\u0107. Buduj prawdziwe relacje.<\/li>\n<li><strong>Mniejsze obci\u0105\u017cenie administracyjne.<\/strong> Wi\u0119cej rzeczywistej pracy rekrutacyjnej. Po to si\u0119 zapisa\u0142e\u015b.<\/li>\n<\/ul>\n\n\n<h4 class=\"wp-block-heading\">Dla mened\u017cer\u00f3w ds. rekrutacji<\/h4>\n\n\n<ul>\n<li><strong>Szybsze zapoznawanie si\u0119 z zakwalifikowanymi kandydatami.<\/strong> Od zatwierdzenia oferty pracy do pierwszej rozmowy kwalifikacyjnej mijaj\u0105 dni, a nie tygodnie.<\/li>\n<li><strong>Rozmawiaj z lepszymi kandydatami.<\/strong> Weryfikacja AI dzia\u0142a. Mniej czasu zmarnowanego na oczywi\u015bcie niewykwalifikowane osoby.<\/li>\n<li><strong>Obsadzaj role, zanim ucierpi\u0105 na tym projekty.<\/strong> Otwarte stanowisko nie ci\u0105gnie si\u0119 miesi\u0105cami. Tw\u00f3j zesp\u00f3\u0142 nie ma wiecznych brak\u00f3w kadrowych.<\/li>\n<li><strong>Lepsi nowi pracownicy.<\/strong> Gdy rekrutacja przebiega szybciej i skupia si\u0119 na jako\u015bci, pozyskuje si\u0119 lepszych pracownik\u00f3w.<\/li>\n<\/ul>\n\n\n<hr class=\"wp-block-separator has-alpha-channel-opacity\"\/>\n\n\n\n<h3 class=\"wp-block-heading\">Czego sztuczna inteligencja nie zrobi<\/h3>\n\n\n<p>Miejmy jasno\u015b\u0107 co do ogranicze\u0144.<\/p>\n<p>Sztuczna inteligencja nie przeprowadza rozm\u00f3w kwalifikacyjnych. Nie podejmuje decyzji o zatrudnieniu. Nie ocenia dopasowania kulturowego ani umiej\u0119tno\u015bci mi\u0119kkich. Nie negocjuje ofert. Nie buduje relacji z pasywnymi kandydatami.<\/p>\n<p>Przegl\u0105da \u017cyciorysy. Planuje spotkania. Odpowiada na podstawowe pytania. Wy\u015bwietla dane.<\/p>\n<p>Ludzka ocena pozostaje w r\u0119kach ludzi. \"Czy powinni\u015bmy zatrudni\u0107 t\u0119 osob\u0119?\" to nadal twoja decyzja. Sztuczna inteligencja po prostu upewnia si\u0119, \u017ce po\u015bwi\u0119casz czas na osoby warte rozwa\u017cenia, a nie toniesz w pracy administracyjnej.<\/p>\n<p>Sztuczna inteligencja to nie magia. Je\u015bli wymagania dotycz\u0105ce stanowiska s\u0105 nierealistyczne, sztuczna inteligencja tego nie naprawi. Je\u015bli twoja marka pracodawcy jest z\u0142a, sztuczna inteligencja tego nie naprawi. Je\u015bli proces rozmowy kwalifikacyjnej trwa 8 rund, sztuczna inteligencja nie mo\u017ce tego przyspieszy\u0107 - cho\u0107 mo\u017ce pom\u00f3c dostrzec problem.<\/p>\n<p>Sztuczna inteligencja usprawnia dobre procesy rekrutacyjne. Nie naprawia tych zepsutych.<\/p>\n\n\n<hr class=\"wp-block-separator has-alpha-channel-opacity\"\/>\n\n\n\n<h3 class=\"wp-block-heading\">Wp\u0142yw na rzeczywisto\u015b\u0107<\/h3>\n\n\n<p>Jak to wygl\u0105da w praktyce?<\/p>\n<p>\u015aredniej wielko\u015bci firma wykorzystuj\u0105ca sztuczn\u0105 inteligencj\u0119 do rekrutacji odnotowa\u0142a spadek czasu potrzebnego na zatrudnienie z 42 do 28 dni. To dwa tygodnie na jedn\u0105 rol\u0119. W przypadku 50 rekrutacji rocznie daje to 700 dni zwi\u0119kszonej produktywno\u015bci.<\/p>\n<p>Ich rekruterzy obs\u0142uguj\u0105 30% wi\u0119cej zg\u0142osze\u0144 przy tej samej liczbie pracownik\u00f3w. Nie dlatego, \u017ce pracuj\u0105 d\u0142u\u017cej - poniewa\u017c po\u015bwi\u0119caj\u0105 mniej czasu na selekcj\u0119 i planowanie.<\/p>\n<p>Poprawa wynik\u00f3w zadowolenia kandydat\u00f3w. Szybkie odpowiedzi. \u0141atwe planowanie. Profesjonalna komunikacja. Ludzie cz\u0119\u015bciej akceptuj\u0105 oferty.<\/p>\n<p>Jako\u015b\u0107 zatrudnienia pozostaje taka sama lub poprawia si\u0119. Sztuczna inteligencja nie podejmuje decyzji, ale upewnia si\u0119, \u017ce rekruterzy po\u015bwi\u0119caj\u0105 czas odpowiednim kandydatom.<\/p>\n<p>To nie jest hipotetyczne. Tak si\u0119 dzieje, gdy sztuczna inteligencja zajmuje si\u0119 administracyjnymi w\u0105skimi gard\u0142ami w rekrutacji.<\/p>\n\n\n<hr class=\"wp-block-separator has-alpha-channel-opacity\"\/>\n\n\n\n<h3 class=\"wp-block-heading\">Pierwsze kroki<\/h3>\n\n\n<p>Nie musisz przekszta\u0142ca\u0107 ca\u0142ego procesu rekrutacji z dnia na dzie\u0144. Zacznij od najwi\u0119kszego w\u0105skiego gard\u0142a.<\/p>\n<p>Dla wi\u0119kszo\u015bci zespo\u0142\u00f3w jest to sprawdzanie CV. Zbyt wiele aplikacji. Za ma\u0142o czasu. Kwalifikuj\u0105cy si\u0119 kandydaci zostaj\u0105 pogrzebani. Zacznij od tego.<\/p>\n<p>A mo\u017ce chodzi o planowanie rozm\u00f3w kwalifikacyjnych. Twoi koordynatorzy s\u0105 przeci\u0105\u017ceni. Kandydaci s\u0105 sfrustrowani. Rozmowy kwalifikacyjne trwaj\u0105 wieczno\u015b\u0107. Napraw to najpierw.<\/p>\n<p>Albo komunikacja z kandydatami. W k\u00f3\u0142ko te same pytania. Wolne czasy odpowiedzi. Kandydaci rezygnuj\u0105. Niech AI si\u0119 tym zajmie.<\/p>\n<p>Wybierz jeden punkt b\u00f3lu. Zaimplementuj tam sztuczn\u0105 inteligencj\u0119. Zmierz jej wp\u0142yw. Nast\u0119pnie rozwi\u0144.<\/p>\n<p>Ka\u017cdy proces rekrutacji jest inny. System \u015bledzenia kandydat\u00f3w ma swoje dziwactwa. Proces rozmowy kwalifikacyjnej ma okre\u015blone etapy. Komunikacja z kandydatami ma okre\u015blone wymagania.<\/p>\n<p>W\u0142a\u015bnie dlatego sztuczna inteligencja w rekrutacji nie jest uniwersalna. Musi pasowa\u0107 do rzeczywistego przep\u0142ywu pracy. Rzeczywistych narz\u0119dzi. Rzeczywistego wolumenu i potrzeb.<\/p>\n\n\n<hr class=\"wp-block-separator has-alpha-channel-opacity\"\/>\n\n\n\n<h3 class=\"wp-block-heading\">Podsumowanie<\/h3>\n\n\n<p>Rekrutacja jest konkurencyjna. Najlepsi kandydaci maj\u0105 wiele opcji. Szybko\u015b\u0107 ma znaczenie. Liczy si\u0119 do\u015bwiadczenie. Efektywno\u015b\u0107 ma znaczenie.<\/p>\n<p>Sztuczna inteligencja nie zast\u0119puje rekruter\u00f3w. Sprawia, \u017ce s\u0105 szybsi. Usuwa w\u0105skie gard\u0142a. Zajmuje si\u0119 rutynow\u0105 prac\u0105, dzi\u0119ki czemu Tw\u00f3j zesp\u00f3\u0142 mo\u017ce skupi\u0107 si\u0119 na tym, co faktycznie wymaga ludzkiego os\u0105du - ocenie kandydat\u00f3w, budowaniu relacji i dokonywaniu \u015bwietnych rekrutacji.<\/p>\n<p>Rezultat: kr\u00f3tszy czas rekrutacji, lepsze do\u015bwiadczenia kandydat\u00f3w, ni\u017csze koszty rekrutacji i zesp\u00f3\u0142, kt\u00f3ry nie jest wypalony prac\u0105 administracyjn\u0105.<\/p>\n<p>To nie jest hype. W\u0142a\u015bnie to sztuczna inteligencja robi dla rekrutacji, gdy jest prawid\u0142owo zaimplementowana.<\/p>\n\n\n<hr class=\"wp-block-separator has-alpha-channel-opacity\"\/>\n\n\n\n<h3 class=\"wp-block-heading\">Gotowy do usprawnienia procesu rekrutacji?<\/h3>\n\n\n<p>Nie sprzedajemy og\u00f3lnej sztucznej inteligencji do rekrutacji. Przygl\u0105damy si\u0119 konkretnemu procesowi. Twoje w\u0105skie gard\u0142a. Twoim narz\u0119dziom. Tw\u00f3j wolumen. Twoim potrzebom.<\/p>\n<p>Nast\u0119pnie tworzymy systemy AI, kt\u00f3re pasuj\u0105 do tego, jak faktycznie pracujesz. Nie do tego, jak wed\u0142ug niekt\u00f3rych dostawc\u00f3w powinna dzia\u0142a\u0107 rekrutacja - do tego, jak rekrutuje Tw\u00f3j zesp\u00f3\u0142.<\/p>\n<p>\u017badnych obietnic, kt\u00f3rych nie mo\u017cemy dotrzyma\u0107. \u017badnego szumu reklamowego. Tylko praktyczna sztuczna inteligencja, kt\u00f3ra przyspiesza i usprawnia rekrutacj\u0119.<\/p>\n\n<p><a href=\"https:\/\/www.leaplytics.de\/pl\/kontakt\/\">Porozmawiajmy o wyzwaniach zwi\u0105zanych z rekrutacj\u0105<\/a><\/p>\n\n<p><a href=\"https:\/\/www.leaplytics.de\/pl\/zasoby-ludzkie-ai\/\">Powr\u00f3t do Rozwi\u0105zania HR AI<\/a><\/p>","protected":false},"excerpt":{"rendered":"<p>AI for Recruiting &#038; Talent Acquisition: Hire Better, Faster Good candidates don&#8217;t wait. While you&#8217;re sorting through resumes, they&#8217;re accepting other offers. While you&#8217;re playing email tag to schedule interviews, they&#8217;re moving forward with faster companies. Recruiting is a race. Not against other companies\u2014against time. Every day a role stays open costs money. Every qualified &hellip; <\/p>","protected":false},"author":2,"featured_media":0,"parent":0,"menu_order":0,"comment_status":"closed","ping_status":"closed","template":"","meta":{"footnotes":""},"class_list":["post-14444","page","type-page","status-publish","hentry","latest_post"],"_links":{"self":[{"href":"https:\/\/www.leaplytics.de\/pl\/wp-json\/wp\/v2\/pages\/14444","targetHints":{"allow":["GET"]}}],"collection":[{"href":"https:\/\/www.leaplytics.de\/pl\/wp-json\/wp\/v2\/pages"}],"about":[{"href":"https:\/\/www.leaplytics.de\/pl\/wp-json\/wp\/v2\/types\/page"}],"author":[{"embeddable":true,"href":"https:\/\/www.leaplytics.de\/pl\/wp-json\/wp\/v2\/users\/2"}],"replies":[{"embeddable":true,"href":"https:\/\/www.leaplytics.de\/pl\/wp-json\/wp\/v2\/comments?post=14444"}],"version-history":[{"count":3,"href":"https:\/\/www.leaplytics.de\/pl\/wp-json\/wp\/v2\/pages\/14444\/revisions"}],"predecessor-version":[{"id":14456,"href":"https:\/\/www.leaplytics.de\/pl\/wp-json\/wp\/v2\/pages\/14444\/revisions\/14456"}],"wp:attachment":[{"href":"https:\/\/www.leaplytics.de\/pl\/wp-json\/wp\/v2\/media?parent=14444"}],"curies":[{"name":"wp","href":"https:\/\/api.w.org\/{rel}","templated":true}]}}