{"id":14462,"date":"2025-12-19T01:51:26","date_gmt":"2025-12-19T00:51:26","guid":{"rendered":"https:\/\/www.leaplytics.de\/?page_id=14462"},"modified":"2025-12-19T01:51:26","modified_gmt":"2025-12-19T00:51:26","slug":"przeglad-dokumentow-dochodzenia-sadowe-ai","status":"publish","type":"page","link":"https:\/\/www.leaplytics.de\/pl\/przeglad-dokumentow-dochodzenia-sadowe-ai\/","title":{"rendered":"Przegl\u0105d dokument\u00f3w Post\u0119powania s\u0105dowe i dochodzeniowe AI"},"content":{"rendered":"<h2>Sztuczna inteligencja do przegl\u0105du dokument\u00f3w w post\u0119powaniach s\u0105dowych i dochodzeniach: Znajd\u017a ig\u0142\u0119 bez czytania ka\u017cdego kawa\u0142ka siana<\/h2>\n\n<p>Sprawy s\u0105dowe oznaczaj\u0105 dokumenty. Tysi\u0105ce z nich. Czasami miliony.<\/p>\n<p>E-maile. Za\u0142\u0105czniki. Pliki PDF. Dzienniki czatu. Wiadomo\u015bci tekstowe. Prezentacje. Arkusze kalkulacyjne. Zdj\u0119cia z tekstem. Umowy. Notatki ze spotka\u0144.<\/p>\n<p>Wszystko to wymaga przegl\u0105du. Wszystko to wymaga klasyfikacji. Istotne lub nie. Uprzywilejowane lub nie. Odpowiedzialne lub nie. Gor\u0105cy dokument lub szum.<\/p>\n<p>To jest eDiscovery. Jest niezb\u0119dny. Jest nu\u017c\u0105ce dla umys\u0142u. I jest kosztowne.<\/p>\n<p>Sztuczna inteligencja zmienia matematyk\u0119. Czyta wszystko. Sortuje stos. Znajduje wzorce. Flaguje to, co wa\u017cne. Podsumowuje w\u0105tki.<\/p>\n<p>Recenzenci skupiaj\u0105 si\u0119 na dokumentach, kt\u00f3re faktycznie wymagaj\u0105 ludzkiej oceny. Sprawa toczy si\u0119 szybciej. Koszty pozostaj\u0105 na rozs\u0105dnym poziomie.<\/p>\n\n\n<hr class=\"wp-block-separator has-alpha-channel-opacity\"\/>\n\n\n\n<h3 class=\"wp-block-heading\">Problem przegl\u0105du dokument\u00f3w<\/h3>\n\n\n<p>Wsp\u00f3\u0142czesne spory s\u0105dowe generuj\u0105 ogromne ilo\u015bci dokument\u00f3w. Sprawa \u015bredniej wielko\u015bci: 50 000 dokument\u00f3w. Du\u017ca sprawa: miliony.<\/p>\n<p>Ka\u017cdy dokument musi by\u0107 sprawdzony. Czy jest on istotny dla sprawy? Czy zawiera uprzywilejowane informacje? Czy odpowiada na wnioski o ujawnienie? Czy zawiera dowody dymi\u0105cego pistoletu?<\/p>\n\n<p>Podej\u015bcie tradycyjne:<\/p>\n<ul>\n<li>Zatrudnienie zespo\u0142u prawnik\u00f3w kontraktowych<\/li>\n<li>Tworzenie protoko\u0142\u00f3w przegl\u0105du<\/li>\n<li>Szkolenie recenzent\u00f3w w zakresie tego, na co zwraca\u0107 uwag\u0119<\/li>\n<li>Przegl\u0105daj dokumenty jeden po drugim<\/li>\n<li>Zakoduj ka\u017cdy dokument (istotny\/nieistotny, uprzywilejowany\/nieuprzywilejowany itp.)<\/li>\n<li>Kontrola jako\u015bci pr\u00f3bki w celu zapewnienia jako\u015bci<\/li>\n<li>Powtarzaj przez tysi\u0105ce godzin<\/li>\n<\/ul>\n\n<p>Koszt: $50-150 za godzin\u0119 za recenzenta. Czas: tygodnie lub miesi\u0105ce. Jako\u015b\u0107: Zale\u017cy od zm\u0119czenia i uwagi recenzenta.<\/p>\n<p>Przegapi\u0142e\u015b co\u015b wa\u017cnego? Sprawa mo\u017ce zosta\u0107 przegrana. Zawar\u0142e\u015b co\u015b uprzywilejowanego? W\u0142a\u015bnie zrzek\u0142e\u015b si\u0119 przywilej\u00f3w.<\/p>\n<p>Stawka jest wysoka. Obj\u0119to\u015b\u0107 jest mia\u017cd\u017c\u0105ca. Terminy s\u0105 napi\u0119te.<\/p>\n\n\n<hr class=\"wp-block-separator has-alpha-channel-opacity\"\/>\n\n\n\n<h3 class=\"wp-block-heading\">Co sztuczna inteligencja robi dla przegl\u0105du dokument\u00f3w<\/h3>\n\n\n<p>Sztuczna inteligencja si\u0119 nie m\u0119czy. Nie nudzi si\u0119. Czyta ka\u017cde s\u0142owo ka\u017cdego dokumentu i stosuje sp\u00f3jn\u0105 logik\u0119.<\/p>\n<p>Oto, co faktycznie si\u0119 dzieje:<\/p>\n\n\n<h4 class=\"wp-block-heading\">1. Automatyczna klasyfikacja trafno\u015bci<\/h4>\n\n\n<p>Sztuczna inteligencja czyta podsumowanie sprawy i protoko\u0142y przegl\u0105du. Nast\u0119pnie czyta ka\u017cdy dokument.<\/p>\n<p>Dla ka\u017cdego dokumentu przewiduje:<\/p>\n<ul>\n<li>Istotne dla sprawy lub nie<\/li>\n<li>Poziom zaufania (wysoki, \u015bredni, niski)<\/li>\n<li>Najwa\u017cniejsze poruszane tematy<\/li>\n<li>Dlaczego mo\u017ce to by\u0107 istotne<\/li>\n<\/ul>\n\n<p>Nie doskona\u0142y. Ale 80-90% dok\u0142adne w przypadku prostych po\u0142\u0105cze\u0144 trafno\u015bci. Oznacza to, \u017ce 80% dokument\u00f3w mo\u017ce by\u0107 pewnie posortowanych, zanim jeszcze spojrzy na nie ludzki recenzent.<\/p>\n<p>Recenzenci koncentruj\u0105 si\u0119 na 20%, gdzie faktycznie potrzebna jest ocena. Lub kontrola jako\u015bci pracy sztucznej inteligencji na dokumentach o wysokim poziomie zaufania.<\/p>\n\n\n<h4 class=\"wp-block-heading\">2. Grupowanie tematyczne<\/h4>\n\n\n<p>Dokumenty nie istniej\u0105 w izolacji. S\u0105 cz\u0119\u015bci\u0105 rozm\u00f3w. Cz\u0119\u015bci\u0105 projekt\u00f3w. Cz\u0119\u015bci\u0105 decyzji.<\/p>\n<p>Sztuczna inteligencja grupuje powi\u0105zane dokumenty:<\/p>\n<ul>\n<li>Wszystkie wiadomo\u015bci e-mail w w\u0105tku<\/li>\n<li>Wszystkie dokumenty dotycz\u0105ce tego samego tematu<\/li>\n<li>Ca\u0142a komunikacja mi\u0119dzy tymi samymi osobami<\/li>\n<li>Wszystkie dokumenty z tego samego okresu dotycz\u0105ce tego samego wydarzenia<\/li>\n<\/ul>\n\n<p>Recenzenci widz\u0105 dokumenty w kontek\u015bcie. Rozumiej\u0105 pe\u0142ny obraz. Wy\u0142apuj\u0105 powi\u0105zania, kt\u00f3re zosta\u0142yby pomini\u0119te przy przegl\u0105daniu dokument\u00f3w jeden po drugim w przypadkowej kolejno\u015bci.<\/p>\n\n\n<h4 class=\"wp-block-heading\">3. Wykrywanie wra\u017cliwych tre\u015bci<\/h4>\n\n\n<p>Niekt\u00f3re dokumenty wymagaj\u0105 szczeg\u00f3lnej uwagi:<\/p>\n<ul>\n<li>Potencjalnie uprzywilejowana komunikacja (do\/od prawnika, porady prawne)<\/li>\n<li>Dane osobowe (nazwiska, numery SSN, informacje zdrowotne, dane finansowe)<\/li>\n<li>Poufne informacje biznesowe<\/li>\n<li>Najwa\u017cniejsze dokumenty (dowody wykrocze\u0144 lub kluczowe fakty)<\/li>\n<li>Czerwone flagi zgodno\u015bci<\/li>\n<\/ul>\n\n<p>Sztuczna inteligencja oznacza je automatycznie. Dokumenty uprzywilejowane trafiaj\u0105 na osobn\u0105 \u015bcie\u017ck\u0119 przegl\u0105du. Dane osobowe s\u0105 odnotowywane w celu redakcji. Gor\u0105ce dokumenty s\u0105 eskalowane do starszych recenzent\u00f3w.<\/p>\n<p>Nic si\u0119 nie prze\u015blizgnie, poniewa\u017c m\u0142odszy recenzent nie rozpozna\u0142 jego znaczenia.<\/p>\n\n\n<h4 class=\"wp-block-heading\">4. Inteligentne ustalanie priorytet\u00f3w<\/h4>\n\n\n<p>Nie wszystkie dokumenty s\u0105 r\u00f3wnie wa\u017cne. Sztuczna inteligencja pomaga przegl\u0105da\u0107 je we w\u0142a\u015bciwej kolejno\u015bci:<\/p>\n<ul>\n<li>Najpierw wysoka pewno\u015b\u0107 trafno\u015bci<\/li>\n<li>Dokumenty od kluczowych opiekun\u00f3w w pierwszej kolejno\u015bci<\/li>\n<li>Dokumenty z krytycznych okres\u00f3w w pierwszej kolejno\u015bci<\/li>\n<li>Dokumenty oznaczone jako potencjalnie gor\u0105ce w pierwszej kolejno\u015bci<\/li>\n<li>Dokumenty z poufn\u0105 zawarto\u015bci\u0105 w pierwszej kolejno\u015bci<\/li>\n<\/ul>\n\n<p>Wcze\u015bnie znajdujesz wa\u017cne rzeczy. Lepiej i szybciej rozumiesz spraw\u0119. Podejmujesz lepsze decyzje strategiczne.<\/p>\n\n\n<h4 class=\"wp-block-heading\">5. Podsumowanie w\u0105tk\u00f3w e-mail<\/h4>\n\n\n<p>W\u0105tki e-mail staj\u0105 si\u0119 d\u0142ugie. 20, 50, 100 wiadomo\u015bci. Mn\u00f3stwo \"podzi\u0119kowa\u0144\", \"patrz poni\u017cej\" i przekierowa\u0144.<\/p>\n<p>Sztuczna inteligencja czyta ca\u0142y w\u0105tek i tworzy podsumowanie:<\/p>\n<ul>\n<li>Kto jest zaanga\u017cowany<\/li>\n<li>Co jest omawiane<\/li>\n<li>Podj\u0119te kluczowe decyzje lub zobowi\u0105zania<\/li>\n<li>Otwarte pytania lub dzia\u0142ania<\/li>\n<li>O\u015b czasu wydarze\u0144<\/li>\n<\/ul>\n\n<p>Recenzenci rozumiej\u0105 kontekst w 30 sekund zamiast 10 minut. Dokonuj\u0105 lepszych trafnych po\u0142\u0105cze\u0144.<\/p>\n\n\n<h4 class=\"wp-block-heading\">6. Wyszukiwanie koncepcji i przegl\u0105d wspomagany technologi\u0105 (TAR)<\/h4>\n\n\n<p>Wyszukiwanie tradycyjne: Znajd\u017a dokumenty zawieraj\u0105ce \"naruszenie umowy\".<\/p>\n<p>Problem: Odpowiednie dokumenty mog\u0105 m\u00f3wi\u0107 o \"naruszeniu umowy\" lub \"niewykonaniu zobowi\u0105za\u0144\".<\/p>\n\n<p>Wyszukiwanie koncepcji AI: Znajdowanie dokument\u00f3w dotycz\u0105cych narusze\u0144 um\u00f3w, niezale\u017cnie od dok\u0142adnego sformu\u0142owania.<\/p>\n<p>Rozumie znaczenie, a nie tylko s\u0142owa kluczowe. Znajduje dokumenty, kt\u00f3re zosta\u0142yby pomini\u0119te przy tradycyjnym wyszukiwaniu.<\/p>\n\n<p>TAR idzie dalej: U\u017cytkownik przegl\u0105da pocz\u0105tkowy zestaw dokument\u00f3w. Sztuczna inteligencja uczy si\u0119, co u\u017cytkownik uwa\u017ca za istotne. Nast\u0119pnie przewiduje istotno\u015b\u0107 pozosta\u0142ych dokument\u00f3w. Ci\u0105g\u0142e informacje zwrotne zwi\u0119kszaj\u0105 jej dok\u0142adno\u015b\u0107.<\/p>\n\n\n<hr class=\"wp-block-separator has-alpha-channel-opacity\"\/>\n\n\n\n<h3 class=\"wp-block-heading\">Co to oznacza dla u\u017cytkownika<\/h3>\n\n\n\n<h4 class=\"wp-block-heading\">Dla decydent\u00f3w<\/h4>\n\n\n<p><strong>Koszty odkrycia spadaj\u0105 40-70%.<\/strong><br \/>\nMniej godzin rozliczanych przez recenzent\u00f3w um\u00f3w. Szybsza weryfikacja oznacza mniejsze koszty zarz\u0105dzania projektem. Lepsze ukierunkowanie oznacza mniejsz\u0105 nadprodukcj\u0119.<\/p>\n\n<p><strong>Sprawy s\u0105 rozwi\u0105zywane szybciej.<\/strong><br \/>\nLepsze zrozumienie sprawy, wcze\u015bniej. Szybciej znajdowa\u0107 kluczowe dowody. Szybsze podejmowanie \u015bwiadomych decyzji dotycz\u0105cych ugody. Szybciej reagowa\u0107 na odkrycia.<\/p>\n\n<p><strong>Przewidywalno\u015b\u0107 bud\u017cetu.<\/strong><br \/>\nKoszty sztucznej inteligencji s\u0105 sta\u0142e. Wiesz, ile b\u0119dzie kosztowa\u0107 pierwsza weryfikacja. Nie ma niespodzianek zwi\u0105zanych z rosn\u0105c\u0105 liczb\u0105 godzin pracy recenzent\u00f3w.<\/p>\n\n<p><strong>Lepsze decyzje strategiczne.<\/strong><br \/>\nWczesne znalezienie gor\u0105cych dokument\u00f3w i lepsze zrozumienie sprawy pozwala podejmowa\u0107 m\u0105drzejsze decyzje dotycz\u0105ce ugody, praktyki sk\u0142adania wniosk\u00f3w i strategii procesowej.<\/p>\n\n\n<h4 class=\"wp-block-heading\">Dla prawnik\u00f3w<\/h4>\n\n\n<p><strong>Skoncentruj si\u0119 na recenzjach o wysokiej warto\u015bci.<\/strong><br \/>\nPozw\u00f3l sztucznej inteligencji zaj\u0105\u0107 si\u0119 oczywi\u015bcie nieistotnymi dokumentami. Ty skup si\u0119 na dokumentach, kt\u00f3re wymagaj\u0105 oceny prawnej.<\/p>\n\n<p><strong>Szybsze znajdowanie ig\u0142y.<\/strong><br \/>\nPriorytetyzacja i grupowanie pomagaj\u0105 wcze\u015bnie zidentyfikowa\u0107 kluczowe dokumenty. W ten spos\u00f3b szybciej budujesz swoj\u0105 spraw\u0119.<\/p>\n\n<p><strong>Lepsza ochrona przywilej\u00f3w.<\/strong><br \/>\nAutomatyczne oznaczanie wy\u0142apuje potencjalnie uprzywilejowane dokumenty. Mniejsze ryzyko uchylenia przywilej\u00f3w.<\/p>\n\n<p><strong>Proces mo\u017cliwy do obrony.<\/strong><br \/>\nKa\u017cda decyzja jest rejestrowana. Ka\u017cda prognoza jest udokumentowana. Mo\u017cesz broni\u0107 swojego procesu weryfikacji, je\u015bli zostanie on zakwestionowany.<\/p>\n\n\n<h4 class=\"wp-block-heading\">Zgodno\u015b\u0107 z przepisami i dochodzenia<\/h4>\n\n\n<p><strong>Szybsze dochodzenia wewn\u0119trzne.<\/strong><br \/>\nGdy pojawia si\u0119 problem, sztuczna inteligencja pomaga szybko przejrze\u0107 odpowiedni\u0105 komunikacj\u0119. Szybciej zrozumiesz, co si\u0119 sta\u0142o.<\/p>\n\n<p><strong>Lepsza dokumentacja.<\/strong><br \/>\nJasny zapis tego, co zosta\u0142o sprawdzone, co zosta\u0142o znalezione, jakie decyzje zosta\u0142y podj\u0119te. Gotowo\u015b\u0107 do audytu od pierwszego dnia.<\/p>\n\n<p><strong>Plamki na wczesnych wydaniach.<\/strong><br \/>\nSztuczna inteligencja sygnalizuje potencjalne problemy ze zgodno\u015bci\u0105 w ca\u0142ym zestawie dokument\u00f3w. Widoczne s\u0105 wzorce niepokoj\u0105cych zachowa\u0144.<\/p>\n\n\n<hr class=\"wp-block-separator has-alpha-channel-opacity\"\/>\n\n\n\n<h3 class=\"wp-block-heading\">Przyk\u0142ad z \u017cycia wzi\u0119ty: Sp\u00f3r o zatrudnienie<\/h3>\n\n\n<p>Pracownik wnosi pozew o nies\u0142uszne zwolnienie i n\u0119kanie. Odkrycie obejmuje 3 lata e-maili, dziennik\u00f3w czat\u00f3w i dokument\u00f3w HR. \u0141\u0105cznie 80 000 dokument\u00f3w.<\/p>\n\n<p><strong>Bez sztucznej inteligencji:<\/strong><\/p>\n<ul>\n<li>Zesp\u00f3\u0142 recenzent\u00f3w: 5 prawnik\u00f3w kontraktowych<\/li>\n<li>Czas przegl\u0105du: 6 tygodni<\/li>\n<li>Znaleziono pierwszy gor\u0105cy dokument: Tydzie\u0144 4<\/li>\n<li>Ca\u0142kowity koszt przegl\u0105du: $120,000<\/li>\n<li>Niepotrzebnie sprawdzone dokumenty: Oko\u0142o 50 000 wyra\u017anie nieistotnych dokument\u00f3w<\/li>\n<\/ul>\n\n<p><strong>Ze sztuczn\u0105 inteligencj\u0105:<\/strong><\/p>\n<ul>\n<li>AI wst\u0119pnie klasyfikuje dokumenty (czas przetwarzania 2 godziny)<\/li>\n<li>40 000 dokument\u00f3w sklasyfikowanych jako wyra\u017anie nieistotne (wysoki poziom zaufania)<\/li>\n<li>25 000 dokument\u00f3w oznaczonych jako prawdopodobnie istotne lub niejasne<\/li>\n<li>15 000 dokument\u00f3w oznaczonych jako potencjalnie wra\u017cliwe (dokumenty uprzywilejowane, gor\u0105ce dokumenty)<\/li>\n<li>Gor\u0105ce dokumenty traktowane priorytetowo w kolejce do przegl\u0105du<\/li>\n<li>Zesp\u00f3\u0142 recenzent\u00f3w: 2 prawnik\u00f3w + 2 recenzent\u00f3w um\u00f3w<\/li>\n<li>Czas przegl\u0105du: 2,5 tygodnia<\/li>\n<li>Znaleziono pierwszy gor\u0105cy dokument: Dzie\u0144 3<\/li>\n<li>Ca\u0142kowity koszt: $45,000<\/li>\n<li>Lepsze zrozumienie sprawy, wcze\u015bniejsze om\u00f3wienie ugody<\/li>\n<\/ul>\n\n<p>Ta sama jako\u015b\u0107. Oszcz\u0119dno\u015b\u0107 koszt\u00f3w 60%. Wy\u017csza rozdzielczo\u015b\u0107.<\/p>\n\n\n<hr class=\"wp-block-separator has-alpha-channel-opacity\"\/>\n\n\n\n<h3 class=\"wp-block-heading\">Czego nie robi sztuczna inteligencja<\/h3>\n\n\n<p>B\u0105d\u017amy szczerzy co do ogranicze\u0144.<\/p>\n\n<p><strong>Sztuczna inteligencja nie rozumie z\u0142o\u017conych po\u0142\u0105cze\u0144 dotycz\u0105cych przywilej\u00f3w prawnych.<\/strong><br \/>\nFlaguje dokumenty, kt\u00f3re mog\u0105 by\u0107 uprzywilejowane. Prawnik nadal dokonuje ustalenia przywilej\u00f3w.<\/p>\n\n<p><strong>Sztuczna inteligencja nie zast\u0105pi ludzkich recenzent\u00f3w.<\/strong><br \/>\nZmniejsza ilo\u015b\u0107 danych, kt\u00f3re musz\u0105 przejrze\u0107. Pomaga im to podejmowa\u0107 lepsze decyzje. Nadal sprawdzaj\u0105 i podejmuj\u0105 ostateczne decyzje.<\/p>\n\n<p><strong>Sztuczna inteligencja nie radzi sobie idealnie z nowymi przypadkami.<\/strong><br \/>\nStandardowe spory (zatrudnienie, umowy, w\u0142asno\u015b\u0107 intelektualna)? Doskonale. Niespotykane teorie prawne bez danych szkoleniowych? Mniej pomocne.<\/p>\n\n<p><strong>Sztuczna inteligencja potrzebuje informacji zwrotnych, aby si\u0119 doskonali\u0107.<\/strong><br \/>\nIm cz\u0119\u015bciej sprawdzasz i korygujesz jego przewidywania, tym bardziej staje si\u0119 on dok\u0142adny. To nie jest \"ustaw i zapomnij\".<\/p>\n\n<p><strong>Sztuczna inteligencja nie podejmuje strategicznych decyzji.<\/strong><br \/>\nInformuje, co znajduje si\u0119 w dokumentach. Ty decydujesz, co to oznacza dla sprawy.<\/p>\n\n<p>Sztuczna inteligencja to pot\u0119\u017cne narz\u0119dzie. Nie zast\u0105pi jednak do\u015bwiadczonych prawnik\u00f3w.<\/p>\n\n\n<hr class=\"wp-block-separator has-alpha-channel-opacity\"\/>\n\n\n\n<h3 class=\"wp-block-heading\">Jak zacz\u0105\u0107<\/h3>\n\n\n<p><strong>1. Okre\u015blenie przypadku pilota\u017cowego.<\/strong><br \/>\nWybierz spraw\u0119 z du\u017c\u0105 ilo\u015bci\u0105 dokument\u00f3w (ponad 10 000 dokument\u00f3w), ale nie najbardziej skomplikowan\u0105. Najlepiej sprawdzaj\u0105 si\u0119 standardowe typy spor\u00f3w.<\/p>\n\n<p><strong>2. Jasne zdefiniowanie kryteri\u00f3w oceny.<\/strong><br \/>\nCo sprawia, \u017ce dokument jest istotny? Czego szukasz? Im ja\u015bniejsze kryteria, tym lepiej dzia\u0142a sztuczna inteligencja.<\/p>\n\n<p><strong>3. Zacznij od zestawu nasion.<\/strong><br \/>\nPrzejrzyj 500-1000 dokument\u00f3w r\u0119cznie. Koduj je. Sztuczna inteligencja uczy si\u0119 na podstawie Twoich decyzji.<\/p>\n\n<p><strong>4. Reszt\u0119 niech sklasyfikuje sztuczna inteligencja.<\/strong><br \/>\nSztuczna inteligencja przewiduje trafno\u015b\u0107 pozosta\u0142ych dokument\u00f3w na podstawie tego, czego si\u0119 nauczy\u0142a.<\/p>\n\n<p><strong>5. Przegl\u0105d z pomoc\u0105 AI.<\/strong><br \/>\nSkoncentruj si\u0119 na dokumentach o wysokim priorytecie. Kontrola jako\u015bci pr\u00f3bki klasyfikacji AI. Przeka\u017c informacje zwrotne.<\/p>\n\n<p><strong>6. Udoskonalanie i rozszerzanie.<\/strong><br \/>\nSztuczna inteligencja poprawia si\u0119 dzi\u0119ki informacjom zwrotnym. Wyci\u0105gni\u0119te wnioski mo\u017cna wykorzysta\u0107 w nast\u0119pnym przypadku.<\/p>\n\n\n<hr class=\"wp-block-separator has-alpha-channel-opacity\"\/>\n\n\n\n<h3 class=\"wp-block-heading\">Najcz\u0119\u015bciej zadawane pytania<\/h3>\n\n\n<p><strong>Czy s\u0105dy akceptuj\u0105 przegl\u0105dy wspomagane sztuczn\u0105 inteligencj\u0105?<\/strong><br \/>\nTak. S\u0105dy wielokrotnie zatwierdza\u0142y TAR i przegl\u0105d wspomagany sztuczn\u0105 inteligencj\u0105. Jest to obecnie standardowa praktyka w z\u0142o\u017conych sporach s\u0105dowych.<\/p>\n\n<p><strong>Co z przegl\u0105dem przywilej\u00f3w?<\/strong><br \/>\nSztuczna inteligencja mo\u017ce oznacza\u0107 potencjalnie uprzywilejowane dokumenty, ale prawnik musi dokona\u0107 ostatecznego wyboru. Wi\u0119kszo\u015b\u0107 zespo\u0142\u00f3w u\u017cywa sztucznej inteligencji do oznaczania pierwszego przej\u015bcia.<\/p>\n\n<p><strong>Czy mo\u017ce obs\u0142ugiwa\u0107 r\u00f3\u017cne typy plik\u00f3w?<\/strong><br \/>\nTak. E-maile, pliki PDF, dokumenty Word, Excel, obrazy z tekstem (OCR), dzienniki czat\u00f3w i inne. Je\u015bli mo\u017cna wyodr\u0119bni\u0107 tekst, sztuczna inteligencja mo\u017ce go przeanalizowa\u0107.<\/p>\n\n<p><strong>A co z j\u0119zykami obcymi?<\/strong><br \/>\nSztuczna inteligencja mo\u017ce obs\u0142ugiwa\u0107 wiele j\u0119zyk\u00f3w. Dok\u0142adno\u015b\u0107 zale\u017cy od j\u0119zyka. Najlepiej sprawdzaj\u0105 si\u0119 angielski, hiszpa\u0144ski, francuski i niemiecki.<\/p>\n\n<p><strong>Jak zapewni\u0107 jako\u015b\u0107?<\/strong><br \/>\nPobieranie pr\u00f3bek QC. Ci\u0105g\u0142e sprz\u0119\u017cenie zwrotne. Walidacja wzgl\u0119dem zestawu kontrolnego. Te same praktyki zapewniania jako\u015bci stosowane w tradycyjnym przegl\u0105dzie.<\/p>\n\n<p><strong>Co z bezpiecze\u0144stwem danych?<\/strong><br \/>\nWsp\u00f3\u0142pracujemy z istniej\u0105c\u0105 platform\u0105 eDiscovery lub wdra\u017camy j\u0105 w bezpiecznym \u015brodowisku. Twoje dokumenty pozostaj\u0105 pod Twoj\u0105 kontrol\u0105.<\/p>\n\n\n<hr class=\"wp-block-separator has-alpha-channel-opacity\"\/>\n\n\n\n<h3 class=\"wp-block-heading\">Podsumowanie<\/h3>\n\n\n<p>Weryfikacja dokument\u00f3w nie musi by\u0107 czasoch\u0142onna i kosztowna.<\/p>\n<p>Sztuczna inteligencja obs\u0142uguje pierwsze przej\u015bcie. Sortuje stos. Znajduje wzorce. Flaguje to, co wa\u017cne. Recenzenci skupiaj\u0105 si\u0119 na dokumentach, kt\u00f3re wymagaj\u0105 ludzkiej oceny.<\/p>\n<p>Rezultatem jest szybsze rozwi\u0105zywanie spraw, ni\u017csze koszty odkrywania, lepsze decyzje strategiczne i recenzenci wykonuj\u0105cy prac\u0119, kt\u00f3ra faktycznie wymaga wiedzy specjalistycznej.<\/p>\n<p>\u017badnej magii. Tylko praktyczna automatyzacja, kt\u00f3ra sprawia, \u017ce spory s\u0105dowe s\u0105 bardziej wydajne.<\/p>\n\n\n<hr class=\"wp-block-separator has-alpha-channel-opacity\"\/>\n\n\n\n<h3 class=\"wp-block-heading\">Gotowy do obni\u017cenia koszt\u00f3w wyszukiwania?<\/h3>\n\n\n<p>Ka\u017cda sprawa jest inna. R\u00f3\u017cne rodzaje dokument\u00f3w. R\u00f3\u017cne kwestie. R\u00f3\u017cne protoko\u0142y przegl\u0105du.<\/p>\n<p>Nie sprzedajemy uniwersalnych rozwi\u0105za\u0144. Przygl\u0105damy si\u0119 konkretnym przypadkom i wyzwaniom zwi\u0105zanym z odkrywaniem. Okre\u015blamy, gdzie sztuczna inteligencja zapewnia najwi\u0119ksz\u0105 warto\u015b\u0107. Tworzymy przep\u0142yw pracy, kt\u00f3ry pasuje do Twojego procesu.<\/p>\n<p>Porozmawiajmy o wyzwaniach zwi\u0105zanych z przegl\u0105daniem dokument\u00f3w i o tym, gdzie sztuczna inteligencja mo\u017ce mie\u0107 realny wp\u0142yw.<\/p>\n\n<p><a href=\"https:\/\/www.leaplytics.de\/pl\/kontakt\/\">Om\u00f3w swoje potrzeby w zakresie przegl\u0105du dokument\u00f3w<\/a><\/p>\n\n<p><a href=\"https:\/\/www.leaplytics.de\/pl\/prawo-ai\/\">Powr\u00f3t do przegl\u0105du legalnej sztucznej inteligencji<\/a><\/p>","protected":false},"excerpt":{"rendered":"<p>AI for Document Review in Litigation &#038; Investigations: Find the Needle Without Reading Every Piece of Hay Legal cases mean documents. Thousands of them. Sometimes millions. Emails. Attachments. PDFs. Chat logs. Text messages. Presentations. Spreadsheets. Photos with text. Contracts. Meeting notes. All of it needs review. All of it needs classification. Relevant or not. Privileged &hellip; <\/p>","protected":false},"author":2,"featured_media":0,"parent":0,"menu_order":0,"comment_status":"closed","ping_status":"closed","template":"","meta":{"footnotes":""},"class_list":["post-14462","page","type-page","status-publish","hentry","latest_post"],"_links":{"self":[{"href":"https:\/\/www.leaplytics.de\/pl\/wp-json\/wp\/v2\/pages\/14462","targetHints":{"allow":["GET"]}}],"collection":[{"href":"https:\/\/www.leaplytics.de\/pl\/wp-json\/wp\/v2\/pages"}],"about":[{"href":"https:\/\/www.leaplytics.de\/pl\/wp-json\/wp\/v2\/types\/page"}],"author":[{"embeddable":true,"href":"https:\/\/www.leaplytics.de\/pl\/wp-json\/wp\/v2\/users\/2"}],"replies":[{"embeddable":true,"href":"https:\/\/www.leaplytics.de\/pl\/wp-json\/wp\/v2\/comments?post=14462"}],"version-history":[{"count":1,"href":"https:\/\/www.leaplytics.de\/pl\/wp-json\/wp\/v2\/pages\/14462\/revisions"}],"predecessor-version":[{"id":14471,"href":"https:\/\/www.leaplytics.de\/pl\/wp-json\/wp\/v2\/pages\/14462\/revisions\/14471"}],"wp:attachment":[{"href":"https:\/\/www.leaplytics.de\/pl\/wp-json\/wp\/v2\/media?parent=14462"}],"curies":[{"name":"wp","href":"https:\/\/api.w.org\/{rel}","templated":true}]}}