{"id":14463,"date":"2025-12-19T01:51:37","date_gmt":"2025-12-19T00:51:37","guid":{"rendered":"https:\/\/www.leaplytics.de\/?page_id=14463"},"modified":"2025-12-19T01:51:37","modified_gmt":"2025-12-19T00:51:37","slug":"badania-prawne-opracowywanie-ai","status":"publish","type":"page","link":"https:\/\/www.leaplytics.de\/pl\/badania-prawne-opracowywanie-ai\/","title":{"rendered":"Badania prawne i opracowywanie AI"},"content":{"rendered":"<h2>Sztuczna inteligencja w badaniach prawnych i redagowaniu tekst\u00f3w: Zacznij od szkicu, a nie od pustej strony<\/h2>\n\n<p>Praca prawnika oznacza pisanie. Briefy. Notatki. Wnioski. Umowy. List\u00f3w. Opinie. Pisma procesowe.<\/p>\n<p>Zanim napiszesz, zr\u00f3b research. Znajd\u017a odpowiednie prawo. Zapoznaj si\u0119 z precedensami. Zrozumienie przepis\u00f3w. Sprawd\u017a ostatnie decyzje.<\/p>\n<p>Badania zajmuj\u0105 godziny. Opracowanie zajmuje wi\u0119cej godzin. Wi\u0119kszo\u015b\u0107 z nich jest zgodna z ustalonymi wzorcami. Standardowe struktury. Typowe argumenty. Znane klauzule.<\/p>\n<p>Sztuczna inteligencja zmienia punkt startowy. Prowadzi badania za ciebie. Przygotowuje pierwsz\u0105 wersj\u0119. Sugeruje struktur\u0119. Znajduje odpowiednie precedensy.<\/p>\n<p>Sp\u0119dzasz czas na doskonaleniu, a nie zaczynasz od zera. Skupiasz si\u0119 na unikalnych argumentach, a nie na standardach.<\/p>\n\n\n<hr class=\"wp-block-separator has-alpha-channel-opacity\"\/>\n\n\n\n<h3 class=\"wp-block-heading\">Problem z badaniami i opracowaniem<\/h3>\n\n\n<p>Badania prawne i sporz\u0105dzanie projekt\u00f3w nie s\u0105 skomplikowane. Jest po prostu czasoch\u0142onne.<\/p>\n<p>Typowy proces:<\/p>\n<ul>\n<li>Zrozumienie kwestii prawnej lub zadania<\/li>\n<li>Przeszukiwanie baz danych (Westlaw, LexisNexis, repozytoria orzecznictwa)<\/li>\n<li>Czytanie spraw, statut\u00f3w, przepis\u00f3w<\/li>\n<li>Identyfikacja odpowiednich precedens\u00f3w i autorytet\u00f3w<\/li>\n<li>Organizowanie wynik\u00f3w bada\u0144<\/li>\n<li>Okre\u015blenie struktury dokumentu<\/li>\n<li>Tworzenie od podstaw lub dostosowywanie wcze\u015bniejszych dokument\u00f3w<\/li>\n<li>Pisa\u0107, przepisywa\u0107, dopracowywa\u0107<\/li>\n<li>Cite check<\/li>\n<li>Finalizacja<\/li>\n<\/ul>\n\n<p>Dla ruchu: 4-8 godzin. Dla briefu: 15-30 godzin. W przypadku z\u0142o\u017conej notatki: dni.<\/p>\n<p>M\u0142odsi prawnicy sp\u0119dzaj\u0105 na tym pierwsze lata pracy. Starsi prawnicy po\u015bwi\u0119caj\u0105 czas, kt\u00f3ry woleliby przeznaczy\u0107 na strategi\u0119. Klienci p\u0142ac\u0105 za wszystkie te godziny.<\/p>\n<p>Nie dlatego, \u017ce praca jest wyj\u0105tkowo trudna. Poniewa\u017c jest r\u0119czna i czasoch\u0142onna.<\/p>\n\n\n<hr class=\"wp-block-separator has-alpha-channel-opacity\"\/>\n\n\n\n<h3 class=\"wp-block-heading\">Co sztuczna inteligencja robi dla bada\u0144 prawnych i redagowania tekst\u00f3w<\/h3>\n\n\n<p>Sztuczna inteligencja czyta szybciej ni\u017c jakikolwiek cz\u0142owiek. Ma dost\u0119p do orzecznictwa, statut\u00f3w i przepis\u00f3w w r\u00f3\u017cnych jurysdykcjach. Zna standardowe struktury dokument\u00f3w prawnych.<\/p>\n<p>Nie zast\u0119puje my\u015blenia prawnego. Zajmuje si\u0119 pracami przygotowawczymi, dzi\u0119ki czemu mo\u017cna skupi\u0107 si\u0119 na my\u015bleniu.<\/p>\n\n\n<h4 class=\"wp-block-heading\">1. Inteligentne badania prawne<\/h4>\n\n\n<p>U\u017cytkownik zadaje sztucznej inteligencji pytanie prawne. Przeszuka ona odpowiednie \u017ar\u00f3d\u0142a i zwr\u00f3ci to, co istotne.<\/p>\n\n<p><strong>Wyszukiwanie orzecznictwa:<\/strong><br \/>\nZamiast wyszukiwa\u0107 wed\u0142ug s\u0142\u00f3w kluczowych, opisujesz zagadnienie prawne prostym j\u0119zykiem. Sztuczna inteligencja znajdzie odpowiednie przypadki, nawet je\u015bli u\u017cywaj\u0105 one innej terminologii.<\/p>\n<p>Przyk\u0142ad: \"Czy pracodawca mo\u017ce zwolni\u0107 pracownika za wpisy w mediach spo\u0142eczno\u015bciowych poza prac\u0105?\". Sztuczna inteligencja znajduje sprawy dotycz\u0105ce rozwi\u0105zania stosunku pracy, zachowania poza s\u0142u\u017cb\u0105, medi\u00f3w spo\u0142eczno\u015bciowych, kwestii pierwszej poprawki i zatrudnienia na \u017cyczenie - nawet je\u015bli te dok\u0142adne s\u0142owa nie znajduj\u0105 si\u0119 w zapytaniu.<\/p>\n\n<p><strong>Badania obejmuj\u0105ce wiele jurysdykcji:<\/strong><br \/>\nChcesz wiedzie\u0107, jak r\u00f3\u017cne stany radz\u0105 sobie z t\u0105 sam\u0105 kwesti\u0105? Sztuczna inteligencja por\u00f3wnuje podej\u015bcia w r\u00f3\u017cnych jurysdykcjach. Szybko dostrze\u017cesz wzorce i warto\u015bci odstaj\u0105ce.<\/p>\n\n<p><strong>Badania regulacyjne:<\/strong><br \/>\nZnajd\u017a obowi\u0105zuj\u0105ce przepisy, wskaz\u00f3wki interpretacyjne i ostatnie zmiany. Sztuczna inteligencja sygnalizuje, co jest aktualne, a co zosta\u0142o zast\u0105pione.<\/p>\n\n<p><strong>Analiza precedensu:<\/strong><br \/>\nNie tylko znajdowanie spraw - zrozumienie ich. AI podsumowuje orzeczenia, wyja\u015bnia rozumowanie, identyfikuje kluczowe czynniki brane pod uwag\u0119 przez s\u0105dy i pokazuje, w jaki spos\u00f3b p\u00f3\u017aniejsze sprawy traktowa\u0142y precedens.<\/p>\n\n<p><strong>Mapowanie argument\u00f3w:<\/strong><br \/>\nSztuczna inteligencja pokazuje argumenty, kt\u00f3re odnios\u0142y sukces i argumenty, kt\u00f3re zawiod\u0142y w podobnych kwestiach. Widzisz, co zadzia\u0142a\u0142o, a co nie.<\/p>\n\n\n<h4 class=\"wp-block-heading\">2. Pomoc w sporz\u0105dzaniu dokument\u00f3w<\/h4>\n\n\n<p>AI nie pisze ostatecznego dokumentu. Tworzy punkt wyj\u015bcia, kt\u00f3ry jest tam 70-80%.<\/p>\n\n<p><strong>Sugestie dotycz\u0105ce struktury:<\/strong><br \/>\nPisanie wniosku o oddalenie pow\u00f3dztwa? AI proponuje standardow\u0105 struktur\u0119: Wst\u0119p, T\u0142o, Standardy oceny, Argumentacja (z podsekcjami), Konkluzja. W razie potrzeby mo\u017cna j\u0105 dostosowa\u0107.<\/p>\n\n<p><strong>Pierwsza generacja wersji roboczej:<\/strong><br \/>\nU\u017cytkownik przedstawia kluczowe fakty i argumenty prawne. Sztuczna inteligencja przygotowuje pierwsz\u0105 wersj\u0119 z odpowiedni\u0105 struktur\u0105, cytatami prawnymi i standardowym j\u0119zykiem.<\/p>\n<p>Przyk\u0142ad: \"Przygotuj wniosek o oddalenie pow\u00f3dztwa ze wzgl\u0119du na brak jurysdykcji osobistej. Pozwany jest sp\u00f3\u0142k\u0105 z Florydy. Pow\u00f3d wni\u00f3s\u0142 pozew w Kalifornii. Brak fizycznej obecno\u015bci w Kalifornii. Sprzeda\u017c odbywa\u0142a si\u0119 za po\u015brednictwem zewn\u0119trznych dystrybutor\u00f3w\".<\/p>\n<p>AI zwraca projekt wniosku z odpowiednimi cytatami spraw, standardowymi argumentami prawnymi i odpowiedni\u0105 struktur\u0105. Nie jest idealny. Ale 70% zrobione zamiast 0% zrobione.<\/p>\n\n<p><strong>Opracowanie klauzuli:<\/strong><br \/>\nPotrzebujesz klauzuli si\u0142y wy\u017cszej? Klauzula odszkodowawcza? Klauzuli poufno\u015bci? AI opracowuje projekty w oparciu o Twoje wymagania i jurysdykcj\u0119.<\/p>\n\n<p><strong>Standardowa automatyzacja:<\/strong><br \/>\nStandardowe akapity. Rutynowe sekcje. Sztuczna inteligencja wstawia je z odpowiednimi dostosowaniami. Ty skupiasz si\u0119 na unikalnych cz\u0119\u015bciach.<\/p>\n\n\n<h4 class=\"wp-block-heading\">3. T\u0142umaczenie zwyk\u0142ym j\u0119zykiem<\/h4>\n\n\n<p>Dokumenty prawne s\u0105 pisane dla prawnik\u00f3w. Klienci r\u00f3wnie\u017c musz\u0105 je zrozumie\u0107.<\/p>\n\n<p>Sztuczna inteligencja t\u0142umaczy:<\/p>\n<ul>\n<li>Decyzje s\u0105dowe w przyjaznych dla klienta streszczeniach<\/li>\n<li>Z\u0142o\u017cone statuty w prostych wyja\u015bnieniach<\/li>\n<li>Notatki prawne do streszcze\u0144 wykonawczych<\/li>\n<li>Klauzule umowne w j\u0119zyku \"co to oznacza dla Ciebie\"<\/li>\n<\/ul>\n\n<p>Klient czyta jednostronicowe podsumowanie, a nie 30-stronicow\u0105 opini\u0119. Zrozumiej\u0105 bez konieczno\u015bci po\u015bwi\u0119cania godziny na wyja\u015bnienia.<\/p>\n\n\n<h4 class=\"wp-block-heading\">4. Rozw\u00f3j argumentacji<\/h4>\n\n\n<p>Dobra praca prawna uwzgl\u0119dnia obie strony.<\/p>\n\n<p>Sztuczna inteligencja pomaga:<\/p>\n<ul>\n<li>Opracowanie argument\u00f3w wspieraj\u0105cych wraz z odpowiednimi precedensami<\/li>\n<li>Zidentyfikuj argumenty przeciwne, kt\u00f3re b\u0119dziesz musia\u0142 odeprze\u0107.<\/li>\n<li>Znajd\u017a s\u0142abe punkty swojej pozycji, zanim zrobi to druga strona.<\/li>\n<li>Burza m\u00f3zg\u00f3w na temat alternatywnych teorii<\/li>\n<li>Testowanie argument\u00f3w w oparciu o odpowiednie orzecznictwo<\/li>\n<\/ul>\n\n<p>Podejmujesz lepsze decyzje strategiczne, poniewa\u017c widzisz pe\u0142ny obraz sytuacji.<\/p>\n\n\n<h4 class=\"wp-block-heading\">5. Sprawdzanie i zatwierdzanie cytat\u00f3w<\/h4>\n\n\n<p>Cytaty musz\u0105 by\u0107 dok\u0142adne. Przypadki musz\u0105 stanowi\u0107 dobre prawo. Formaty musz\u0105 by\u0107 poprawne.<\/p>\n\n<p>Sztuczna inteligencja:<\/p>\n<ul>\n<li>Sprawdza, czy cytaty s\u0105 dok\u0142adne i prawid\u0142owo sformatowane.<\/li>\n<li>Sprawdza, czy sprawy nie zosta\u0142y uchylone lub uniewa\u017cnione.<\/li>\n<li>Flagi negatywnego traktowania (wyr\u00f3\u017cnione, skrytykowane, ograniczone)<\/li>\n<li>Zapewnia zgodno\u015b\u0107 formatu cytowania z wymaganym stylem (Bluebook, ALWD, zasady lokalne).<\/li>\n<\/ul>\n\n<p>Sprawdzanie lokalizacji, kt\u00f3re wcze\u015bniej zajmowa\u0142o godziny, trwa kilka minut.<\/p>\n\n\n<hr class=\"wp-block-separator has-alpha-channel-opacity\"\/>\n\n\n\n<h3 class=\"wp-block-heading\">Co to oznacza dla u\u017cytkownika<\/h3>\n\n\n\n<h4 class=\"wp-block-heading\">Dla decydent\u00f3w<\/h4>\n\n\n<p><strong>M\u0142odsi prawnicy szybciej staj\u0105 si\u0119 produktywni.<\/strong><br \/>\nPracownicy nie sp\u0119dzaj\u0105 pierwszego roku na nauce technik badawczych. AI zajmuje si\u0119 mechanik\u0105. Skupiaj\u0105 si\u0119 na rozumowaniu prawnym i obs\u0142udze klienta.<\/p>\n\n<p><strong>Starsi prawnicy wykonuj\u0105 bardziej strategiczn\u0105 prac\u0119.<\/strong><br \/>\nPartnerzy sp\u0119dzaj\u0105 mniej czasu na opracowywaniu projekt\u00f3w, a wi\u0119cej na strategii, relacjach z klientami i z\u0142o\u017conej analizie prawnej.<\/p>\n\n<p><strong>Szybsza realizacja dokument\u00f3w.<\/strong><br \/>\nPierwsze szkice pojawiaj\u0105 si\u0119 w ci\u0105gu godzin, a nie dni. Poprawki pojawiaj\u0105 si\u0119 szybciej. Klienci otrzymuj\u0105 szybsz\u0105 obs\u0142ug\u0119.<\/p>\n\n<p><strong>Bardziej sta\u0142a jako\u015b\u0107.<\/strong><br \/>\nKa\u017cdy dokument zaczyna si\u0119 od solidnego fundamentu. Struktura jest w\u0142a\u015bciwa. Cytaty s\u0105 dok\u0142adne. Podstawowe argumenty s\u0105 solidne.<\/p>\n\n\n<h4 class=\"wp-block-heading\">Dla prawnik\u00f3w<\/h4>\n\n\n<p><strong>Skr\u00f3\u0107 czas bada\u0144 o 40-60%.<\/strong><br \/>\nSztuczna inteligencja natychmiast wyszukuje odpowiednie sprawy, ustawy i precedensy. Ty oceniasz i stosujesz je, zamiast ich szuka\u0107.<\/p>\n\n<p><strong>Zacznij od szkicu, a nie od pustej strony.<\/strong><br \/>\nNiepok\u00f3j zwi\u0105zany z pisaniem znika, gdy edytujesz przyzwoity pierwszy szkic, zamiast wpatrywa\u0107 si\u0119 w pustk\u0119.<\/p>\n\n<p><strong>Lepszy produkt pracy.<\/strong><br \/>\nWi\u0119cej czasu na analiz\u0119 oznacza lepsze argumenty. Dok\u0142adniejsze badania oznaczaj\u0105 mniej pomini\u0119tych precedens\u00f3w.<\/p>\n\n<p><strong>Mniej \u017cmudnej pracy.<\/strong><br \/>\nSprawdzanie cytat\u00f3w, wstawianie szablon\u00f3w, poprawki formatu - SI zajmuje si\u0119 nudnymi cz\u0119\u015bciami. Ty wykonujesz interesuj\u0105c\u0105 prac\u0119.<\/p>\n\n\n<h4 class=\"wp-block-heading\">Dla klient\u00f3w<\/h4>\n\n\n<p><strong>Szybszy zwrot.<\/strong><br \/>\nPotrzebne dokumenty s\u0105 dostarczane szybciej. Sprawy tocz\u0105 si\u0119 szybciej. Transakcje s\u0105 zamykane szybciej.<\/p>\n\n<p><strong>Ni\u017csze koszty.<\/strong><br \/>\nMniej rozliczanych godzin na badania i sporz\u0105dzanie projekt\u00f3w. Wi\u0119cej godzin po\u015bwi\u0119conych na strategi\u0119 prawn\u0105 o wysokiej warto\u015bci.<\/p>\n\n<p><strong>Bardziej przejrzysta komunikacja.<\/strong><br \/>\nStreszczenia napisane prostym j\u0119zykiem pomagaj\u0105 zrozumie\u0107 kwestie prawne bez konieczno\u015bci posiadania wykszta\u0142cenia prawniczego.<\/p>\n\n\n<hr class=\"wp-block-separator has-alpha-channel-opacity\"\/>\n\n\n\n<h3 class=\"wp-block-heading\">Przyk\u0142ad z \u017cycia wzi\u0119ty: Wniosek o oddalenie pow\u00f3dztwa<\/h3>\n\n\n<p>Klient zostaje pozwany. Nale\u017cy z\u0142o\u017cy\u0107 wniosek o oddalenie pow\u00f3dztwa ze wzgl\u0119du na brak jurysdykcji osobistej.<\/p>\n\n<p><strong>Bez sztucznej inteligencji:<\/strong><\/p>\n<ul>\n<li>Badanie standard\u00f3w jurysdykcji osobistej (2 godziny)<\/li>\n<li>Znajd\u017a sprawy w swojej jurysdykcji z podobnymi faktami (2 godziny)<\/li>\n<li>Przegl\u0105d spraw i identyfikacja kluczowych argument\u00f3w (2 godziny)<\/li>\n<li>Projekt struktury ruchu (30 min)<\/li>\n<li>Tworzenie ruchu od podstaw (4 godziny)<\/li>\n<li>Sprawdzanie cytat\u00f3w (1 godzina)<\/li>\n<li>Ca\u0142kowity czas: 11,5 godziny<\/li>\n<\/ul>\n\n<p><strong>Ze sztuczn\u0105 inteligencj\u0105:<\/strong><\/p>\n<ul>\n<li>Wprowadzanie fakt\u00f3w i kwestii prawnych do AI (10 min)<\/li>\n<li>AI znajduje odpowiednie przypadki i standardy jurysdykcji (natychmiastowe)<\/li>\n<li>AI przygotowuje wniosek o standardowej strukturze i argumentach (5 min)<\/li>\n<li>Przegl\u0105d projektu AI i badania (1,5 godziny)<\/li>\n<li>Dostosowywanie argument\u00f3w do konkretnych fakt\u00f3w (2 godziny)<\/li>\n<li>Udoskonalenie analizy prawnej i dodanie rozr\u00f3\u017cnie\u0144 przypadk\u00f3w (2 godziny)<\/li>\n<li>Sprawdzanie cytat\u00f3w i formaty AI (natychmiastowe)<\/li>\n<li>Ko\u0144cowy przegl\u0105d i dopracowanie (30 min)<\/li>\n<li>Ca\u0142kowity czas: 6 godzin<\/li>\n<\/ul>\n\n<p>Ta sama jako\u015b\u0107 ruchu. 50% mniej czasu. Dok\u0142adniejsze wyszukiwanie, poniewa\u017c sztuczna inteligencja znalaz\u0142a przypadki, kt\u00f3re mog\u0142e\u015b przegapi\u0107.<\/p>\n\n\n<hr class=\"wp-block-separator has-alpha-channel-opacity\"\/>\n\n\n\n<h3 class=\"wp-block-heading\">Czego nie robi sztuczna inteligencja<\/h3>\n\n\n<p>Wyja\u015bnijmy, czego sztuczna inteligencja nie mo\u017ce zrobi\u0107.<\/p>\n\n<p><strong>Sztuczna inteligencja nie podejmuje decyzji prawnych.<\/strong><br \/>\nZnajduje odpowiednie prawo. Tworzy projekty w oparciu o wzorce. Ty decydujesz, jakie argumenty przedstawi\u0107, na jakich precedensach si\u0119 oprze\u0107 i jak\u0105 strategi\u0119 obra\u0107.<\/p>\n\n<p><strong>AI nie podpisuje dokument\u00f3w.<\/strong><br \/>\nKa\u017cdy dokument opracowany przez sztuczn\u0105 inteligencj\u0119 wymaga weryfikacji przez cz\u0142owieka. Jeste\u015b odpowiedzialny za dok\u0142adno\u015b\u0107, strategi\u0119 i jako\u015b\u0107. Sztuczna inteligencja jest drugim pilotem, a nie pilotem.<\/p>\n\n<p><strong>Sztuczna inteligencja nie radzi sobie doskonale z nowymi kwestiami prawnymi.<\/strong><br \/>\nStandardowe wnioski, rutynowe umowy, typowe pytania prawne? Doskonale. Niespotykane teorie prawne? Mniej pomocne. AI dzia\u0142a najlepiej z wzorcami.<\/p>\n\n<p><strong>Sztuczna inteligencja nie zast\u0105pi kreatywno\u015bci prawnik\u00f3w.<\/strong><br \/>\nUnikalne argumenty. Nowatorskie zastosowania prawa. Strategiczne pozycjonowanie. To ludzka praca.<\/p>\n\n<p><strong>Sztuczna inteligencja nie zna biznesu klienta.<\/strong><br \/>\nZna prawo. Ty znasz priorytety swojego klienta, tolerancj\u0119 ryzyka i kontekst biznesowy. Ten os\u0105d nale\u017cy do Ciebie.<\/p>\n\n<p>Sztuczna inteligencja zajmuje si\u0119 mechanik\u0105. Prawnicy zajmuj\u0105 si\u0119 strategi\u0105.<\/p>\n\n\n<hr class=\"wp-block-separator has-alpha-channel-opacity\"\/>\n\n\n\n<h3 class=\"wp-block-heading\">Jak zacz\u0105\u0107<\/h3>\n\n\n<p><strong>1. Zacznij od rutynowych dokument\u00f3w.<\/strong><br \/>\nWnioski sk\u0142adane regularnie. Standardowe umowy. Rutynowe notatki. Dokumenty, kt\u00f3re s\u0105 zgodne z jasnymi wzorcami.<\/p>\n\n<p><strong>2. Najpierw u\u017cyj sztucznej inteligencji do bada\u0144.<\/strong><br \/>\nZanim zaufasz sztucznej inteligencji, u\u017cyj jej do researchu. Sprawd\u017a, jak dobrze radzi sobie z wyszukiwaniem odpowiednich spraw i ustaw. Zbuduj zaufanie.<\/p>\n\n<p><strong>3. Dok\u0142adnie przejrzyj wersje robocze AI.<\/strong><br \/>\nWersje robocze AI nale\u017cy traktowa\u0107 jak prac\u0119 m\u0142odszego wsp\u00f3\u0142pracownika. Dobre podstawy, wymagaj\u0105 przegl\u0105du i dopracowania. Nigdy nie u\u017cywaj bez przeczytania i edycji.<\/p>\n\n<p><strong>4. Przekazywanie informacji zwrotnych.<\/strong><br \/>\nGdy sztuczna inteligencja co\u015b przeoczy lub pomyli si\u0119, zanotuj to. Wiele system\u00f3w AI uczy si\u0119 na podstawie poprawek.<\/p>\n\n<p><strong>5. Zbuduj bibliotek\u0119 szablon\u00f3w.<\/strong><br \/>\nTw\u00f3rz szablony dla typowych dokument\u00f3w. AI u\u017cywa ich jako punkt\u00f3w wyj\u015bcia, dostosowuj\u0105c do ka\u017cdej sytuacji.<\/p>\n\n<p><strong>6. Rozwija\u0107 stopniowo.<\/strong><br \/>\nZacznij od prostych dokument\u00f3w. W miar\u0119 budowania zaufania i specjalistycznej wiedzy dodawaj bardziej z\u0142o\u017cone.<\/p>\n\n\n<hr class=\"wp-block-separator has-alpha-channel-opacity\"\/>\n\n\n\n<h3 class=\"wp-block-heading\">Najcz\u0119\u015bciej zadawane pytania<\/h3>\n\n\n<p><strong>Czy sztuczna inteligencja mo\u017ce uzyska\u0107 dost\u0119p do prawniczych baz danych, takich jak Westlaw i Lexis?<\/strong><br \/>\nZale\u017cy od systemu sztucznej inteligencji. Niekt\u00f3re integruj\u0105 si\u0119 z prawnymi bazami danych. Inne opieraj\u0105 si\u0119 na \u017ar\u00f3d\u0142ach publicznych. Wsp\u00f3\u0142pracujemy z istniej\u0105cymi narz\u0119dziami badawczymi.<\/p>\n\n<p><strong>Co z zasadami specyficznymi dla danej jurysdykcji?<\/strong><br \/>\nSztuczn\u0105 inteligencj\u0119 mo\u017cna przeszkoli\u0107 w zakresie okre\u015blonych zasad jurysdykcji, lokalnych praktyk s\u0105dowych i wymaga\u0144 dotycz\u0105cych formatowania. Im bardziej szczeg\u00f3\u0142owa konfiguracja, tym lepsze wyniki.<\/p>\n\n<p><strong>Czy AI cytuje prawdziwe przypadki, czy je wymy\u015bla?<\/strong><br \/>\nWcze\u015bniejsze systemy AI czasami \"halucynowa\u0142y\" fa\u0142szywe sprawy. Nowoczesne systemy sztucznej inteligencji s\u0105 zaprojektowane tak, aby cytowa\u0107 tylko prawdziwe, zweryfikowane \u017ar\u00f3d\u0142a. Niezale\u017cnie od tego, zawsze weryfikuj cytaty.<\/p>\n\n<p><strong>Czy mo\u017ce sporz\u0105dza\u0107 projekty w r\u00f3\u017cnych stylach prawnych?<\/strong><br \/>\nTak, mo\u017cesz przeszkoli\u0107 sztuczn\u0105 inteligencj\u0119 w zakresie stylu pisania, preferowanej terminologii i preferencji formatowania. Dane wyj\u015bciowe staj\u0105 si\u0119 bardziej sp\u00f3jne z Twoimi standardami.<\/p>\n\n<p><strong>Co z poufno\u015bci\u0105?<\/strong><br \/>\nPrawnicze systemy sztucznej inteligencji nigdy nie powinny wykorzystywa\u0107 Twoich dokument\u00f3w do trenowania pracy innych klient\u00f3w. Wdra\u017camy je w bezpiecznych \u015brodowiskach z odpowiedni\u0105 ochron\u0105 poufno\u015bci.<\/p>\n\n<p><strong>Jak dok\u0142adne s\u0105 projekty prawne AI?<\/strong><br \/>\nStruktura i standard: 90%+ dok\u0142adny. Argumenty prawne: 70-80% dok\u0142adne dla rutynowych spraw. Nowatorskie kwestie: Wymagaj\u0105 znacznego udzia\u0142u cz\u0142owieka. Dlatego te\u017c weryfikacja przez cz\u0142owieka jest obowi\u0105zkowa.<\/p>\n\n\n<hr class=\"wp-block-separator has-alpha-channel-opacity\"\/>\n\n\n\n<h3 class=\"wp-block-heading\">Podsumowanie<\/h3>\n\n\n<p>Badania prawne i redagowanie nie musz\u0105 za ka\u017cdym razem zaczyna\u0107 si\u0119 od zera.<\/p>\n<p>AI zajmuje si\u0119 prac\u0105 badawcz\u0105, tworzy pierwsze wersje robocze, sugeruje struktur\u0119 i zatwierdza cytaty. Ty zajmujesz si\u0119 strategi\u0105 prawn\u0105, dostosowaniem do klienta i ostateczn\u0105 ocen\u0105.<\/p>\n<p>Rezultatem jest szybsza realizacja, ni\u017csze koszty, dok\u0142adniejsze badania i prawnicy sp\u0119dzaj\u0105cy czas na pracy, kt\u00f3ra wymaga ich wiedzy specjalistycznej.<\/p>\n<p>Nie zast\u0119puje my\u015blenia prawniczego. Po prostu lepszy punkt wyj\u015bcia.<\/p>\n\n\n<hr class=\"wp-block-separator has-alpha-channel-opacity\"\/>\n\n\n\n<h3 class=\"wp-block-heading\">Gotowy do przyspieszenia bada\u0144 i tworzenia?<\/h3>\n\n\n<p>Ka\u017cda praktyka prawnicza ma r\u00f3\u017cne typy dokument\u00f3w, potrzeby badawcze i style pisania.<\/p>\n<p>Nie sprzedajemy og\u00f3lnych narz\u0119dzi AI. Przygl\u0105damy si\u0119 konkretnym wzorcom badawczym i potrzebom redakcyjnym. Identyfikujemy obszary, w kt\u00f3rych sztuczna inteligencja zapewnia rzeczywist\u0105 warto\u015b\u0107. Tworzymy system, kt\u00f3ry pasuje do Twojego przep\u0142ywu pracy.<\/p>\n<p>Porozmawiajmy o twoim procesie badawczym i redakcyjnym oraz o tym, gdzie sztuczna inteligencja mo\u017ce najbardziej pom\u00f3c.<\/p>\n\n<p><a href=\"https:\/\/www.leaplytics.de\/pl\/kontakt\/\">Om\u00f3w swoje potrzeby badawcze i redakcyjne<\/a><\/p>\n\n<p><a href=\"https:\/\/www.leaplytics.de\/pl\/prawo-ai\/\">Powr\u00f3t do przegl\u0105du legalnej sztucznej inteligencji<\/a><\/p>","protected":false},"excerpt":{"rendered":"<p>AI for Legal Research &#038; Drafting: Start with a Draft, Not a Blank Page Legal work means writing. Briefs. Memos. Motions. Contracts. Letters. Opinions. Pleadings. Before you write, you research. Find the relevant law. Review case precedents. Understand the regulations. Check recent decisions. Research takes hours. Drafting takes more hours. Most of it follows established &hellip; <\/p>","protected":false},"author":2,"featured_media":0,"parent":0,"menu_order":0,"comment_status":"closed","ping_status":"closed","template":"","meta":{"footnotes":""},"class_list":["post-14463","page","type-page","status-publish","hentry","latest_post"],"_links":{"self":[{"href":"https:\/\/www.leaplytics.de\/pl\/wp-json\/wp\/v2\/pages\/14463","targetHints":{"allow":["GET"]}}],"collection":[{"href":"https:\/\/www.leaplytics.de\/pl\/wp-json\/wp\/v2\/pages"}],"about":[{"href":"https:\/\/www.leaplytics.de\/pl\/wp-json\/wp\/v2\/types\/page"}],"author":[{"embeddable":true,"href":"https:\/\/www.leaplytics.de\/pl\/wp-json\/wp\/v2\/users\/2"}],"replies":[{"embeddable":true,"href":"https:\/\/www.leaplytics.de\/pl\/wp-json\/wp\/v2\/comments?post=14463"}],"version-history":[{"count":1,"href":"https:\/\/www.leaplytics.de\/pl\/wp-json\/wp\/v2\/pages\/14463\/revisions"}],"predecessor-version":[{"id":14472,"href":"https:\/\/www.leaplytics.de\/pl\/wp-json\/wp\/v2\/pages\/14463\/revisions\/14472"}],"wp:attachment":[{"href":"https:\/\/www.leaplytics.de\/pl\/wp-json\/wp\/v2\/media?parent=14463"}],"curies":[{"name":"wp","href":"https:\/\/api.w.org\/{rel}","templated":true}]}}