{"id":14480,"date":"2025-12-19T01:54:58","date_gmt":"2025-12-19T00:54:58","guid":{"rendered":"https:\/\/www.leaplytics.de\/?page_id=14480"},"modified":"2025-12-19T01:54:58","modified_gmt":"2025-12-19T00:54:58","slug":"prognozowanie-potoku-sprzedazy-ai","status":"publish","type":"page","link":"https:\/\/www.leaplytics.de\/pl\/prognozowanie-potoku-sprzedazy-ai\/","title":{"rendered":"Potok sprzeda\u017cy i prognozowanie AI"},"content":{"rendered":"<h2>Sztuczna inteligencja dla Sales Pipeline i prognozowania: Przesta\u0144 zgadywa\u0107, co zostanie zamkni\u0119te<\/h2>\n\n<p>Co kwarta\u0142 ta sama gra. Kierownictwo sprzeda\u017cy prosi o prognoz\u0119. Przedstawiciele m\u00f3wi\u0105, \u017ce transakcje zostan\u0105 zamkni\u0119te. Kierownictwo obni\u017ca prognozy, poniewa\u017c przedstawiciele zawsze s\u0105 optymistami. Transakcje spadaj\u0105. Prognoza zmienia si\u0119 co tydzie\u0144.<\/p>\n<p>Nikt nie wie, co tak naprawd\u0119 zostanie zamkni\u0119te. Nie dlatego, \u017ce sprzedawcy k\u0142ami\u0105. Poniewa\u017c przewidywanie wynik\u00f3w transakcji jest trudne, gdy polegasz na przeczuciu i notatkach CRM.<\/p>\n<p>Sztuczna inteligencja nie zgaduje. Analizuje charakterystyk\u0119 transakcji i wzorce historyczne. Przewiduje prawdopodobie\u0144stwo zamkni\u0119cia na podstawie danych. Flaguje zagro\u017cone transakcje, zanim umr\u0105. Informuje, kt\u00f3re transakcje wymagaj\u0105 uwagi, a kt\u00f3re zamkn\u0105 si\u0119 same.<\/p>\n<p>Twoja prognoza przestaje by\u0107 my\u015bleniem \u017cyczeniowym. Zaczyna opiera\u0107 si\u0119 na rzeczywisto\u015bci.<\/p>\n\n\n<hr class=\"wp-block-separator has-alpha-channel-opacity\"\/>\n\n\n\n<h3 class=\"wp-block-heading\">Problem: ruroci\u0105g pe\u0142en mo\u017ce<\/h3>\n\n\n<p>Tw\u00f3j CRM pokazuje 50 otwartych transakcji. Przedstawiciele twierdz\u0105, \u017ce 30 zostanie zamkni\u0119tych w tym kwartale. Historia m\u00f3wi, \u017ce 12 faktycznie zostanie zamkni\u0119tych. Ale kt\u00f3re 12? Nikt nie wie.<\/p>\n<p>Transakcje zbyt d\u0142ugo pozostaj\u0105 w fazie pipeline. Niekt\u00f3re posuwaj\u0105 si\u0119 naprz\u00f3d. Niekt\u00f3re przeci\u0105gaj\u0105 si\u0119 i umieraj\u0105. Niekt\u00f3re zaskakuj\u0105 i szybko si\u0119 zamykaj\u0105. Przez wi\u0119kszo\u015b\u0107 czasu nie wiesz, kt\u00f3ra jest kt\u00f3ra, dop\u00f3ki si\u0119 nie sko\u0144czy.<\/p>\n<p>Mened\u017cerowie sprzeda\u017cy sp\u0119dzaj\u0105 godziny na przegl\u0105dach pipeline'u. \"Jaki jest status?\" \"Kiedy zostanie zamkni\u0119ty?\" \"Jakie jest ryzyko?\" Te same pytania, r\u00f3\u017cne odpowiedzi co tydzie\u0144.<\/p>\n<p>Prognoza, kt\u00f3r\u0105 podajesz liderom, to tylko zgadywanie. Czasami jeste\u015b blisko. Cz\u0119sto nie. Koniec kwarta\u0142u to walka o osi\u0105gni\u0119cie za\u0142o\u017conej liczby.<\/p>\n<p>Nie dlatego, \u017ce Tw\u00f3j zesp\u00f3\u0142 sprzeda\u017cy jest z\u0142y. Poniewa\u017c ludzie nie s\u0105 dobrzy w przewidywaniu wynik\u00f3w probabilistycznych na podstawie dziesi\u0105tek zmiennych. Sztuczna inteligencja jest.<\/p>\n\n\n<hr class=\"wp-block-separator has-alpha-channel-opacity\"\/>\n\n\n\n<h3 class=\"wp-block-heading\">Co sztuczna inteligencja robi dla Sales Pipeline i prognozowania<\/h3>\n\n\n<p>Sztuczna inteligencja nie zast\u0119puje oceny sprzeda\u017cy. Dostarcza danych, dzi\u0119ki kt\u00f3rym ocena ta staje si\u0119 lepsza. Oto jak to zrobi\u0107:<\/p>\n\n\n<h4 class=\"wp-block-heading\">Ocena prawdopodobie\u0144stwa transakcji<\/h4>\n\n\n<p>Ka\u017cda transakcja otrzymuje ocen\u0119 prawdopodobie\u0144stwa zamkni\u0119cia na podstawie:\n<ul>\n<li>Charakterystyka transakcji (wielko\u015b\u0107, rodzaj, z\u0142o\u017cono\u015b\u0107)<\/li>\n<li>Etap sprzeda\u017cy i czas na tym etapie<\/li>\n<li>Poziom zaanga\u017cowania (aktywno\u015b\u0107 interesariuszy, odpowiedzi na e-maile, cz\u0119stotliwo\u015b\u0107 spotka\u0144)<\/li>\n<li>Wzorce historyczne (jakie transakcje tego typu zosta\u0142y faktycznie zamkni\u0119te?)<\/li>\n<li>Czynniki konkurencyjne (pojedynczy sprzedawca czy konkurencyjna oferta?)<\/li>\n<\/ul>\n<\/p>\n\n<p>Sztuczna inteligencja por\u00f3wnuje ka\u017cd\u0105 transakcj\u0119 z tysi\u0105cami poprzednich. Transakcje o podobnych cechach, kt\u00f3re zosta\u0142y zamkni\u0119te, otrzymuj\u0105 wy\u017csze wyniki. Transakcje, kt\u00f3re pasuj\u0105 do wzorc\u00f3w utraconych transakcji, otrzymuj\u0105 ni\u017csze wyniki.<\/p>\n<p>To nie jest przeczucie. To dopasowywanie wzorc\u00f3w w oparciu o rzeczywiste dane dotycz\u0105ce wygranych\/przegranych.<\/p>\n<p>Rep m\u00f3wi 90% szans na zamkni\u0119cie, AI m\u00f3wi 40%? Przyjrzyj si\u0119 bli\u017cej. Co\u015b jest nie tak. Albo przedstawicielowi brakuje znak\u00f3w ostrzegawczych, albo istnieje kontekst, kt\u00f3rego sztuczna inteligencja nie ma. Tak czy inaczej, zbadaj spraw\u0119, zanim transakcja umrze.<\/p>\n\n\n<h4 class=\"wp-block-heading\">Identyfikacja transakcji zagro\u017conych<\/h4>\n\n\n<p>Umowy umieraj\u0105 powoli, a potem wszystkie naraz. Znaki ostrzegawcze pojawiaj\u0105 si\u0119 na kilka tygodni przed oficjalnym zako\u0144czeniem transakcji:\n<ul>\n<li>Brak aktywno\u015bci przez ponad 14 dni<\/li>\n<li>Champion przesta\u0142 odpowiada\u0107<\/li>\n<li>Wielokrotne przek\u0142adanie spotka\u0144<\/li>\n<li>Harmonogram decyzji wci\u0105\u017c si\u0119 przesuwa<\/li>\n<li>Interesariusze, kt\u00f3rzy wcze\u015bnie si\u0119 zaanga\u017cowali, ucichli<\/li>\n<li>Zbyt d\u0142ugie pozostawanie na tym samym etapie transakcji<\/li>\n<\/ul>\n<\/p>\n\n<p>Sztuczna inteligencja obserwuje te wzorce. Gdy wiele znak\u00f3w ostrzegawczych pojawia si\u0119 razem, oznacza transakcj\u0119 jako zagro\u017con\u0105.<\/p>\n<p>Kierownik sprzeda\u017cy widzi flag\u0119. Pyta przedstawiciela, co si\u0119 dzieje. Cz\u0119sto przedstawiciel m\u00f3wi: \"O tak, powinienem si\u0119 tym zaj\u0105\u0107\". Czasami m\u00f3wi\u0105: \"W porz\u0105dku\". Ale przynajmniej wiesz, \u017ce powiniene\u015b to obserwowa\u0107.<\/p>\n<p>Nie da si\u0119 uratowa\u0107 ka\u017cdej oferty. Mo\u017cesz jednak spr\u00f3bowa\u0107 uratowa\u0107 transakcje, zanim ca\u0142kowicie umr\u0105. To dzia\u0142a tylko wtedy, gdy wiesz, \u017ce s\u0105 one zagro\u017cone.<\/p>\n\n\n<h4 class=\"wp-block-heading\">Poprawa dok\u0142adno\u015bci prognoz<\/h4>\n\n\n<p>Prognoza jest sum\u0105 prawdopodobie\u0144stw transakcji. Je\u015bli szacunki prawdopodobie\u0144stwa s\u0105 b\u0142\u0119dne, prognoza jest b\u0142\u0119dna.<\/p>\n<p>Sztuczna inteligencja tworzy prognoz\u0119 na podstawie:\n<ul>\n<li>Prawdopodobie\u0144stwo poszczeg\u00f3lnych transakcji (oparte na danych, a nie szacunkach)<\/li>\n<li>Historyczne wska\u017aniki zamkni\u0119cia wed\u0142ug etapu, przedstawiciela, typu transakcji<\/li>\n<li>Wzorce sezonowo\u015bci w Twojej firmie<\/li>\n<li>Trendy dotycz\u0105ce d\u0142ugo\u015bci cyklu sprzeda\u017cy<\/li>\n<\/ul>\n<\/p>\n\n<p>To nie tylko liczba. Podaje zakresy. \"Najprawdopodobniej $X, ale mo\u017ce by\u0107 tak niski jak $Y lub tak wysoki jak $Z\". To uczciwe prognozowanie.<\/p>\n<p>Z biegiem czasu wida\u0107, kt\u00f3re transakcje sztuczna inteligencja przewidzia\u0142a dobrze, a kt\u00f3re nie. Dostosowujesz si\u0119. Model si\u0119 uczy. Dok\u0142adno\u015b\u0107 si\u0119 poprawia.<\/p>\n<p>Nigdy nie b\u0119dziesz mie\u0107 idealnych prognoz. Ale mo\u017cesz mie\u0107 prognozy, kt\u00f3re s\u0105 trafne cz\u0119\u015bciej ni\u017c b\u0142\u0119dne. To lepiej ni\u017c ma obecnie wi\u0119kszo\u015b\u0107 zespo\u0142\u00f3w sprzeda\u017cowych.<\/p>\n\n\n<h4 class=\"wp-block-heading\">Nast\u0119pne najlepsze zalecenia dotycz\u0105ce dzia\u0142a\u0144<\/h4>\n\n\n<p>Ka\u017cdy przedstawiciel ma wi\u0119cej transakcji ni\u017c mo\u017ce aktywnie realizowa\u0107. Na kt\u00f3rych z nich powinien si\u0119 dzi\u015b skupi\u0107?<\/p>\n<p>Sztuczna inteligencja ustala priorytety:\n<ul>\n<li>Zagro\u017cone transakcje wymagaj\u0105ce natychmiastowej uwagi<\/li>\n<li>Transakcje z wysokim prawdopodobie\u0144stwem zamkni\u0119cia, kt\u00f3re s\u0105 gotowe do realizacji<\/li>\n<li>Transakcje, w przypadku kt\u00f3rych okre\u015blone dzia\u0142ania (kontakt z interesariuszem, wys\u0142anie propozycji) historycznie zwi\u0119kszy\u0142y wska\u017aniki zamkni\u0119cia.<\/li>\n<li>Bezczynne transakcje, kt\u00f3re potrzebuj\u0105 impulsu<\/li>\n<\/ul>\n<\/p>\n\n<p>Przedstawiciel loguje si\u0119, widzi list\u0119 priorytet\u00f3w do zrobienia. Nie wszystko. 5-7 dzia\u0142a\u0144, kt\u00f3re najprawdopodobniej posun\u0105 transakcje do przodu.<\/p>\n<p>Nie wykonuj\u0105 polece\u0144 AI. Otrzymuj\u0105 oparte na danych sugestie dotycz\u0105ce tego, gdzie najlepiej sp\u0119dza\u0107 czas. Nadal u\u017cywaj\u0105 os\u0105du. Po prostu maj\u0105 lepsze informacje.<\/p>\n\n\n<h4 class=\"wp-block-heading\">Analiza wzorca wygranej\/straty<\/h4>\n\n\n<p>Dlaczego transakcje s\u0105 zamykane? Dlaczego przegrywaj\u0105?<\/p>\n<p>Sztuczna inteligencja analizuje zamkni\u0119te transakcje - wygrane i przegrane:\n<ul>\n<li>Jakie cechy maj\u0105 wygrane transakcje?<\/li>\n<li>Jak d\u0142ugo zazwyczaj trwaj\u0105 zwyci\u0119skie transakcje?<\/li>\n<li>Kt\u00f3re dzia\u0142ania koreluj\u0105 ze zwyci\u0119stwami?<\/li>\n<li>Czym r\u00f3\u017cni\u0105 si\u0119 utracone transakcje?<\/li>\n<li>Czy istniej\u0105 wzorce wed\u0142ug bran\u017cy, wielko\u015bci transakcji lub konkurenta?<\/li>\n<\/ul>\n<\/p>\n\n<p>Te wzorce staj\u0105 si\u0119 spostrze\u017ceniami:\n<ul>\n<li>\"Transakcje z udzia\u0142em ponad 3 interesariuszy s\u0105 zamykane dwa razy cz\u0119\u015bciej ni\u017c transakcje z udzia\u0142em jednego interesariusza\".<\/li>\n<li>\"Kiedy anga\u017cujemy prawnik\u00f3w przed 4. tygodniem, wska\u017anik zamkni\u0119\u0107 spada o 30%\".<\/li>\n<li>\"Oferty obejmuj\u0105ce pilota konwertuj\u0105 80% czasu\"<\/li>\n<\/ul>\n<\/p>\n\n<p>Dowiadujesz si\u0119, co tak naprawd\u0119 prowadzi do zwyci\u0119stw. Nast\u0119pnie trenujesz przedstawicieli, aby robili wi\u0119cej tego, co dzia\u0142a, a mniej tego, co nie dzia\u0142a. To jest zarz\u0105dzanie sprzeda\u017c\u0105 oparte na danych.<\/p>\n\n\n<h4 class=\"wp-block-heading\">Monitorowanie stanu ruroci\u0105gu<\/h4>\n\n\n<p>Czy Tw\u00f3j pipeline jest zdrowy, czy pe\u0142en \u015bmieci? Trudno powiedzie\u0107, patrz\u0105c tylko na liczb\u0119 transakcji i ich ca\u0142kowit\u0105 warto\u015b\u0107.<\/p>\n<p>Sztuczna inteligencja ocenia stan ruroci\u0105gu:\n<ul>\n<li>Jaka jest realistyczna warto\u015b\u0107? (Warto\u015b\u0107 transakcji wa\u017cona wynikami prawdopodobie\u0144stwa AI)<\/li>\n<li>Czy ruroci\u0105g ro\u015bnie czy maleje?<\/li>\n<li>Czy transakcje przechodz\u0105 przez kolejne etapy z normaln\u0105 pr\u0119dko\u015bci\u0105?<\/li>\n<li>Czy pokrycie ruroci\u0105gu jest wystarczaj\u0105ce do osi\u0105gni\u0119cia cel\u00f3w? (realistyczna warto\u015b\u0107 w por\u00f3wnaniu z kwot\u0105)<\/li>\n<li>Kt\u00f3re etapy maj\u0105 w\u0105skie gard\u0142a?<\/li>\n<\/ul>\n<\/p>\n\n<p>Liderzy sprzeda\u017cy widz\u0105 pulpity nawigacyjne stanu pipeline'u. Nie s\u0105 to wska\u017aniki pr\u00f3\u017cno\u015bci. Prawdziwe wska\u017aniki tego, czy zesp\u00f3\u0142 osi\u0105gnie za\u0142o\u017cone liczby.<\/p>\n<p>Je\u015bli pipeline wygl\u0105da s\u0142abo, wiesz o tym wcze\u015bnie. Mo\u017cesz doda\u0107 zasoby do generowania lead\u00f3w lub dostosowa\u0107 cele, zanim b\u0119dzie za p\u00f3\u017ano.<\/p>\n\n\n<hr class=\"wp-block-separator has-alpha-channel-opacity\"\/>\n\n\n\n<h3 class=\"wp-block-heading\">Co to oznacza dla u\u017cytkownika<\/h3>\n\n\n\n<h4 class=\"wp-block-heading\">Dla dyrektor\u00f3w sprzeda\u017cy<\/h4>\n\n\n<p>Prognozy, kt\u00f3rym mo\u017cna zaufa\u0107. Nie s\u0105 idealne, ale o wiele lepsze ni\u017c domys\u0142y. Dajesz liderom liczby oparte na danych, a nie nadziejach.<\/p>\n<p>Lepsza widoczno\u015b\u0107 ruroci\u0105gu. Natychmiast widzisz zagro\u017cone transakcje. Wiesz, gdzie prowadzi\u0107 coaching. Wiesz, kt\u00f3re transakcje wymagaj\u0105 zaanga\u017cowania wy\u017cszego szczebla.<\/p>\n<p>Alokacja zasob\u00f3w staje si\u0119 bardziej inteligentna. Wiesz, kt\u00f3re transakcje s\u0105 realne, a kt\u00f3re to mrzonki. Wysi\u0142ek zespo\u0142u idzie w kierunku mo\u017cliwo\u015bci, kt\u00f3re mo\u017cna wygra\u0107.<\/p>\n<p>Trenujesz w oparciu o wzorce. \"Oto, co zwyci\u0119zcy robi\u0105 inaczej\". To bardziej skuteczne ni\u017c og\u00f3lne porady dotycz\u0105ce sprzeda\u017cy.<\/p>\n\n\n<h4 class=\"wp-block-heading\">Dla przedstawicieli handlowych<\/h4>\n\n\n<p>Wiesz, na kt\u00f3rych transakcjach si\u0119 skupi\u0107. Koniec z rozpraszaniem si\u0119 na 50 mo\u017cliwo\u015bci. Pracuj nad tymi, kt\u00f3rych zamkni\u0119cie jest najbardziej prawdopodobne.<\/p>\n<p>Wczesne wychwytywanie problem\u00f3w. Transakcja schodzi na boczny tor? Zobaczysz znaki ostrzegawcze, zanim b\u0119dzie po wszystkim. Mo\u017cesz skorygowa\u0107 kurs.<\/p>\n<p>Otrzymasz wskaz\u00f3wki dotycz\u0105ce kolejnych krok\u00f3w. Nie rozkazy, ale dane na temat tego, co zazwyczaj dzia\u0142a w przypadku transakcji takich jak Twoja. Podejmujesz lepsze decyzje.<\/p>\n<p>Mniej czasu na aktualizacj\u0119 CRM dla samej aktualizacji. Sztuczna inteligencja staje si\u0119 tym inteligentniejsza, im wi\u0119cej danych posiada, ale wykorzystuje te dane, aby pom\u00f3c w sprzeda\u017cy, a nie tylko raportowa\u0107.<\/p>\n\n\n<h4 class=\"wp-block-heading\">Dla biznesu<\/h4>\n\n\n<p>Przewidywalne przychody. Gdy prognozy s\u0105 dok\u0142adne, mo\u017cna planowa\u0107. Zatrudnianie. Zapasy. Wydatki marketingowe. Wszystko w oparciu o wiarygodne prognozy przychod\u00f3w.<\/p>\n<p>Kr\u00f3tsze cykle sprzeda\u017cy. Gdy przedstawiciele koncentruj\u0105 si\u0119 na w\u0142a\u015bciwych dzia\u0142aniach we w\u0142a\u015bciwym czasie, transakcje s\u0105 zamykane szybciej.<\/p>\n<p>Wy\u017csze wska\u017aniki wygranych. Kiedy zrozumiesz, co sprawia, \u017ce transakcje s\u0105 zamykane, mo\u017cesz robi\u0107 to cz\u0119\u015bciej. To z czasem si\u0119 zwi\u0119ksza.<\/p>\n<p>Mniej niespodzianek na koniec kwarta\u0142u. Ju\u017c kilka tygodni wcze\u015bniej wiadomo, czy uda si\u0119 osi\u0105gn\u0105\u0107 zak\u0142adany wynik. Bez paniki w ostatniej chwili. Brak nieoczekiwanych niedobor\u00f3w.<\/p>\n\n\n<hr class=\"wp-block-separator has-alpha-channel-opacity\"\/>\n\n\n\n<h3 class=\"wp-block-heading\">Prawdziwe przyk\u0142ady sztucznej inteligencji w prognozowaniu sprzeda\u017cy<\/h3>\n\n\n\n<h4 class=\"wp-block-heading\">Przyk\u0142ad 1: B2B Software Company<\/h4>\n\n\n<p>Firma \u015bredniej klasy zajmuj\u0105ca si\u0119 oprogramowaniem mia\u0142a dok\u0142adno\u015b\u0107 prognoz na poziomie 35%. Ka\u017cdy kwarta\u0142 by\u0142 niespodziank\u0105. Kierownictwo sprzeda\u017cy nie mog\u0142o planowa\u0107, poniewa\u017c nie wiedzia\u0142o, jakie faktycznie b\u0119d\u0105 przychody.<\/p>\n<p><strong>Co si\u0119 zmieni\u0142o:<\/strong> Sztuczna inteligencja przeanalizowa\u0142a 3 lata danych transakcji. Zbudowa\u0142a modele prawdopodobie\u0144stwa oparte na rzeczywistych wzorcach zamkni\u0119cia. Dostarczono wyniki transakcji oparte na danych zamiast szacunk\u00f3w przedstawicieli.<\/p>\n<p><strong>Wynik:<\/strong> Dok\u0142adno\u015b\u0107 prognoz wzros\u0142a do 82% w ci\u0105gu dw\u00f3ch kwarta\u0142\u00f3w. Kierownictwo mog\u0142o planowa\u0107 z pewno\u015bci\u0105. Mniej \u0107wicze\u0144 przeciwpo\u017carowych na koniec kwarta\u0142u, poniewa\u017c znali liczb\u0119 tygodni wcze\u015bniej.<\/p>\n\n\n<h4 class=\"wp-block-heading\">Przyk\u0142ad 2: Przedsi\u0119biorstwo produkcyjne<\/h4>\n\n\n<p>Firma produkcyjna mia\u0142a d\u0142ugie cykle sprzeda\u017cy (6-12 miesi\u0119cy). Transakcje wygl\u0105da\u0142y dobrze przez wiele miesi\u0119cy, po czym nagle ko\u0144czy\u0142y si\u0119 fiaskiem. Nikt nie wiedzia\u0142 dlaczego.<\/p>\n<p><strong>Co si\u0119 zmieni\u0142o:<\/strong> Sztuczna inteligencja zidentyfikowa\u0142a, \u017ce transakcje bez kontaktu z interesariuszami przez ponad 21 dni mia\u0142y 72% szans na ostateczn\u0105 przegran\u0105. System automatycznie oznacza\u0142 zagro\u017cone transakcje.<\/p>\n<p><strong>Wynik:<\/strong> Mened\u017cerowie sprzeda\u017cy aktywnie interweniowali w przypadku oznaczonych transakcji. Wska\u017anik wygranych wzr\u00f3s\u0142 o 18%, poniewa\u017c zagro\u017conym transakcjom po\u015bwi\u0119cono uwag\u0119, zanim upad\u0142y. Cykl sprzeda\u017cy uleg\u0142 skr\u00f3ceniu, poniewa\u017c utkni\u0119te w martwym punkcie transakcje zosta\u0142y szybciej odblokowane.<\/p>\n\n\n<h4 class=\"wp-block-heading\">Przyk\u0142ad 3: Firma \u015bwiadcz\u0105ca profesjonalne us\u0142ugi<\/h4>\n\n\n<p>Firma konsultingowa nie by\u0142a w stanie okre\u015bli\u0107, kt\u00f3re propozycje zostan\u0105 zamkni\u0119te. Wska\u017anik wygranych wynosi\u0142 poni\u017cej 30%. Zespo\u0142y szacuj\u0105ce po\u015bwi\u0119ca\u0142y ogromny wysi\u0142ek na propozycje, kt\u00f3re spe\u0142za\u0142y na niczym.<\/p>\n<p><strong>Co si\u0119 zmieni\u0142o:<\/strong> AI przeanalizowa\u0142a wygrane i przegrane propozycje. Okaza\u0142o si\u0119, \u017ce transakcje, w kt\u00f3rych klient mia\u0142 ju\u017c zatwierdzony bud\u017cet, zamyka\u0142y si\u0119 na poziomie 65%. Transakcje, w kt\u00f3rych klient powiedzia\u0142 \"badam opcje\", zamkn\u0119\u0142y si\u0119 na poziomie 12%.<\/p>\n<p><strong>Wynik:<\/strong> Firma zacz\u0119\u0142a lepiej kwalifikowa\u0107 oferty przed zainwestowaniem w nie. Skoncentrowano wysi\u0142ki na dobrze zakwalifikowanych mo\u017cliwo\u015bciach. Wska\u017anik wygranych wzr\u00f3s\u0142 do 48%, poniewa\u017c firma przesta\u0142a goni\u0107 za z\u0142ymi ofertami.<\/p>\n\n\n<hr class=\"wp-block-separator has-alpha-channel-opacity\"\/>\n\n\n\n<h3 class=\"wp-block-heading\">Czego sztuczna inteligencja nie zrobi<\/h3>\n\n\n<p>Postawmy spraw\u0119 jasno.<\/p>\n<p>Sztuczna inteligencja nie mo\u017ce zamyka\u0107 transakcji za Ciebie. Nie mo\u017ce prowadzi\u0107 trudnych rozm\u00f3w. Nie mo\u017ce negocjowa\u0107. Nie mo\u017ce budowa\u0107 relacji z kupuj\u0105cymi. To wci\u0105\u017c ludzka praca.<\/p>\n<p>Przewidywania AI to prawdopodobie\u0144stwo, a nie pewno\u015b\u0107. Transakcja oceniona na 70% nadal ma 30% szans na przegran\u0105. Nie traktuj wynik\u00f3w AI jako gwarancji.<\/p>\n<p>Sztuczna inteligencja nie zna kontekstu, kt\u00f3rego nie ma w CRM. Je\u015bli przedstawiciel zna osobi\u015bcie dyrektora generalnego lub s\u0142ysza\u0142 poczt\u0105 pantoflow\u0105, \u017ce bud\u017cet zosta\u0142 obci\u0119ty, lub ma inny kontekst - to ma znaczenie. Sztuczna inteligencja + ludzka ocena przewy\u017cszaj\u0105 ka\u017cd\u0105 z tych opcji.<\/p>\n<p>AI nie mo\u017ce naprawi\u0107 zepsutego procesu sprzeda\u017cy. Je\u015bli twoi przedstawiciele nie kwalifikuj\u0105 si\u0119 prawid\u0142owo, tw\u00f3j produkt nie pasuje do rynku lub twoje ceny s\u0105 nieprawid\u0142owe - sztuczna inteligencja poka\u017ce ci problem, ale nadal musisz go naprawi\u0107.<\/p>\n\n\n<hr class=\"wp-block-separator has-alpha-channel-opacity\"\/>\n\n\n\n<h3 class=\"wp-block-heading\">Jak zacz\u0105\u0107<\/h3>\n\n\n<p>Nie musisz od razu wprowadza\u0107 sztucznej inteligencji do ca\u0142ego procesu sprzeda\u017cy. Zacznij tam, gdzie jest to najbardziej pomocne:\n<ul>\n<li><strong>Zacznij od oceny transakcji.<\/strong> Wdra\u017canie wynik\u00f3w prawdopodobie\u0144stwa AI. Por\u00f3wnaj wyniki AI z szacunkami przedstawicieli. Sprawd\u017a, kt\u00f3ry wynik jest dok\u0142adniejszy w ci\u0105gu 3 miesi\u0119cy.<\/li>\n<li><strong>\u015aledzenie zagro\u017conych transakcji.<\/strong> Pozw\u00f3l sztucznej inteligencji oznacza\u0107 transakcje, kt\u00f3re pasuj\u0105 do wzorc\u00f3w ryzyka. Sprawd\u017a, czy interwencja uratuje kt\u00f3r\u0105kolwiek z nich.<\/li>\n<li><strong>Przeanalizuj jeden wzorzec wygranej\/przegranej.<\/strong> Wybierz jedn\u0105 zmienn\u0105 (wielko\u015b\u0107 transakcji, bran\u017c\u0119, liczb\u0119 interesariuszy) i sprawd\u017a, czy sztuczna inteligencja znajdzie wzorce, kt\u00f3rych nie zna\u0142e\u015b.<\/li>\n<li><strong>Sprawd\u017a dok\u0142adno\u015b\u0107 prognozy.<\/strong> Uruchom prognoz\u0119 AI r\u00f3wnolegle do normalnego procesu. Por\u00f3wnaj, kt\u00f3ra z nich jest bli\u017csza rzeczywistym wynikom.<\/li>\n<li><strong>Dopracuj na podstawie wynik\u00f3w.<\/strong> Sztuczna inteligencja staje si\u0119 lepsza dzi\u0119ki informacjom zwrotnym. Gdy transakcje s\u0105 zamykane lub przegrywane, przekazuj informacje zwrotne. Model si\u0119 uczy.<\/li>\n<\/ul>\n<\/p>\n\n<p>Zacznij od ma\u0142ego. Zmierz dok\u0142adno\u015b\u0107. Skaluj to, co dzia\u0142a. Celem jest lepsze przewidywanie, a nie idealne.<\/p>\n\n\n<hr class=\"wp-block-separator has-alpha-channel-opacity\"\/>\n\n\n\n<h3 class=\"wp-block-heading\">Podsumowanie<\/h3>\n\n\n<p>Prognozowanie sprzeda\u017cy to rozpoznawanie wzorc\u00f3w. Jak wygl\u0105daj\u0105 zamykane transakcje? Jak wygl\u0105daj\u0105 transakcje, kt\u00f3re umieraj\u0105? Jakie dzia\u0142ania posuwaj\u0105 transakcje do przodu?<\/p>\n<p>Ludzie nie potrafi\u0105 dostrzec wzorc\u00f3w w setkach transakcji z dziesi\u0105tkami zmiennych. Sztuczna inteligencja to potrafi.<\/p>\n<p>Tw\u00f3j zesp\u00f3\u0142 sprzeda\u017cy nadal jest w\u0142a\u015bcicielem relacji i rozm\u00f3w. Nadal zamykaj\u0105 transakcje. Nadal u\u017cywaj\u0105 os\u0105du, kt\u00f3re transakcje realizowa\u0107.<\/p>\n<p>Ale nie dzia\u0142aj\u0105 ju\u017c na \u015blepo. Dysponuj\u0105 danymi na temat tego, kt\u00f3re transakcje s\u0105 prawdziwe, kt\u00f3re s\u0105 zagro\u017cone i jakie dzia\u0142ania w przesz\u0142o\u015bci by\u0142y skuteczne. Na tym polega r\u00f3\u017cnica mi\u0119dzy zgadywaniem a wiedz\u0105.<\/p>\n\n\n<hr class=\"wp-block-separator has-alpha-channel-opacity\"\/>\n\n\n\n<h3 class=\"wp-block-heading\">Chcesz dok\u0142adniejszych prognoz?<\/h3>\n\n\n<p>Ka\u017cdy zesp\u00f3\u0142 sprzeda\u017cy ma r\u00f3\u017cne wzorce transakcji. R\u00f3\u017cne cykle sprzeda\u017cy. R\u00f3\u017cne czynniki, kt\u00f3re przewiduj\u0105 zwyci\u0119stwa i pora\u017cki.<\/p>\n<p>Nie sprzedajemy uniwersalnych narz\u0119dzi prognostycznych. Analizujemy dane dotycz\u0105ce transakcji. Identyfikujemy, kt\u00f3re czynniki faktycznie przewiduj\u0105 wyniki w Twojej firmie. Tworzymy modele, kt\u00f3re pasuj\u0105 do Twojej rzeczywisto\u015bci.<\/p>\n<p>Nast\u0119pnie integrujemy si\u0119 z Twoim CRM, dzi\u0119ki czemu przedstawiciele i mened\u017cerowie widz\u0105 prognozy tam, gdzie pracuj\u0105. Tw\u00f3j zesp\u00f3\u0142 otrzymuje lepsze dane bez konieczno\u015bci zmiany swoich proces\u00f3w.<\/p>\n<p>\u017badnego szumu. \u017badnych obietnic doskona\u0142ych prognoz. Po prostu lepsze prognozy, dzi\u0119ki kt\u00f3rym mo\u017cna podejmowa\u0107 lepsze decyzje i zamyka\u0107 wi\u0119cej transakcji.<\/p>\n\n<p><a href=\"https:\/\/www.leaplytics.de\/pl\/kontakt\/\">Porozmawiajmy o potoku sprzeda\u017cy<\/a><\/p>\n\n<p><a href=\"https:\/\/www.leaplytics.de\/pl\/marketing-sprzedaz-ai\/\">Powr\u00f3t do Marketing i sprzeda\u017c AI<\/a><\/p>","protected":false},"excerpt":{"rendered":"<p>AI dla Sales Pipeline i prognozowania: Stop Guessing What Will Close Co kwarta\u0142 ta sama gra. Kierownictwo sprzeda\u017cy prosi o prognoz\u0119. Przedstawiciele m\u00f3wi\u0105, \u017ce transakcje zostan\u0105 zamkni\u0119te. Kierownictwo obni\u017ca prognozy, poniewa\u017c przedstawiciele zawsze s\u0105 optymistami. Transakcje spadaj\u0105. Prognoza zmienia si\u0119 co tydzie\u0144. Nikt nie wie, co tak naprawd\u0119 zostanie zamkni\u0119te. Nie dlatego, \u017ce sprzedawcy k\u0142ami\u0105. Poniewa\u017c przewidywanie transakcji ... <\/p>","protected":false},"author":2,"featured_media":0,"parent":0,"menu_order":0,"comment_status":"closed","ping_status":"closed","template":"","meta":{"footnotes":""},"class_list":["post-14480","page","type-page","status-publish","hentry","latest_post"],"_links":{"self":[{"href":"https:\/\/www.leaplytics.de\/pl\/wp-json\/wp\/v2\/pages\/14480","targetHints":{"allow":["GET"]}}],"collection":[{"href":"https:\/\/www.leaplytics.de\/pl\/wp-json\/wp\/v2\/pages"}],"about":[{"href":"https:\/\/www.leaplytics.de\/pl\/wp-json\/wp\/v2\/types\/page"}],"author":[{"embeddable":true,"href":"https:\/\/www.leaplytics.de\/pl\/wp-json\/wp\/v2\/users\/2"}],"replies":[{"embeddable":true,"href":"https:\/\/www.leaplytics.de\/pl\/wp-json\/wp\/v2\/comments?post=14480"}],"version-history":[{"count":1,"href":"https:\/\/www.leaplytics.de\/pl\/wp-json\/wp\/v2\/pages\/14480\/revisions"}],"predecessor-version":[{"id":14481,"href":"https:\/\/www.leaplytics.de\/pl\/wp-json\/wp\/v2\/pages\/14480\/revisions\/14481"}],"wp:attachment":[{"href":"https:\/\/www.leaplytics.de\/pl\/wp-json\/wp\/v2\/media?parent=14480"}],"curies":[{"name":"wp","href":"https:\/\/api.w.org\/{rel}","templated":true}]}}