{"id":14495,"date":"2025-12-19T01:58:56","date_gmt":"2025-12-19T00:58:56","guid":{"rendered":"https:\/\/www.leaplytics.de\/?page_id=14495"},"modified":"2025-12-19T01:58:57","modified_gmt":"2025-12-19T00:58:57","slug":"automatyzacja-procesow-workflow-ai","status":"publish","type":"page","link":"https:\/\/www.leaplytics.de\/pl\/automatyzacja-procesow-workflow-ai\/","title":{"rendered":"Automatyzacja proces\u00f3w i sztuczna inteligencja przep\u0142ywu pracy"},"content":{"rendered":"<h2>Sztuczna inteligencja dla automatyzacji proces\u00f3w i przep\u0142ywu pracy<\/h2>\n\n<p>Operacje opieraj\u0105 si\u0119 na procesach. Od zam\u00f3wienia do realizacji. \u017b\u0105danie do rozwi\u0105zania. Zadanie do uko\u0144czenia. Wszystko odbywa si\u0119 etapami.<\/p>\n<p>Gdy procesy dzia\u0142aj\u0105 sprawnie, wszystko p\u0142ynie. Gdy nie, wszystko si\u0119 blokuje. Zadania si\u0119 pi\u0119trz\u0105. Przekazywanie zada\u0144 ko\u0144czy si\u0119 niepowodzeniem. Ludzie trac\u0105 czas pytaj\u0105c \"gdzie to jest?\" i \"kto to ma?\".<\/p>\n<p>Wi\u0119kszo\u015b\u0107 problem\u00f3w z procesami nie wynika z tego, \u017ce ludziom na nich nie zale\u017cy. Wynikaj\u0105 one z tego, \u017ce procesy s\u0105 r\u0119czne. Kto\u015b musi to przekierowa\u0107. Kto\u015b musi to zatwierdzi\u0107. Kto\u015b musi sprawdzi\u0107, czy poprzedni krok zosta\u0142 uko\u0144czony.<\/p>\n<p>Sztuczna inteligencja mo\u017ce zautomatyzowa\u0107 rutynowe czynno\u015bci. Nie zast\u0119puj\u0105c ludzkiego os\u0105du - po prostu zajmuj\u0105c si\u0119 prac\u0105 opart\u0105 na regu\u0142ach, kt\u00f3ra tego nie wymaga.<\/p>\n<p>Tw\u00f3j zesp\u00f3\u0142 przestaje goni\u0107 za procesami i zaczyna rozwi\u0105zywa\u0107 problemy.<\/p>\n\n\n<hr class=\"wp-block-separator has-alpha-channel-opacity\"\/>\n\n\n\n<h3 class=\"wp-block-heading\">Dlaczego r\u0119czne procesy ulegaj\u0105 awarii<\/h3>\n\n\n<p>Masz SOP. Udokumentowane procedury. Jasne kroki, jak wszystko powinno dzia\u0142a\u0107.<\/p>\n<p>Ale wykonanie jest r\u0119czne. Kto\u015b otrzymuje \u017c\u0105danie. Ustala, kto powinien si\u0119 nim zaj\u0105\u0107. Wysy\u0142a je dalej. Nast\u0119pnie upewnia si\u0119, \u017ce wniosek zosta\u0142 zrealizowany.<\/p>\n<p>Gdy wolumen jest niski, to dzia\u0142a. Gdy wolumen jest wysoki, rzeczy wpadaj\u0105 w szczeliny:<\/p>\n<ul>\n<li>Zadania kierowane do niew\u0142a\u015bciwego zespo\u0142u<\/li>\n<li>Zatwierdzenia czekaj\u0105ce w skrzynce odbiorczej kogo\u015b, kto jest poza biurem<\/li>\n<li>Kroki pomini\u0119te, poniewa\u017c nikt nie zweryfikowa\u0142 ich uko\u0144czenia<\/li>\n<li>Wyj\u0105tki wychwytywane zbyt p\u00f3\u017ano<\/li>\n<li>Nikt nie wie, gdzie jest cokolwiek w procesie<\/li>\n<\/ul>\n\n<p>Tw\u00f3j zesp\u00f3\u0142 sp\u0119dza wi\u0119cej czasu na koordynowaniu ni\u017c wykonywaniu zada\u0144. Spotkania w celu \u015bledzenia statusu. E-maile goni\u0105ce za aktualizacjami. Eskalacje, poniewa\u017c co\u015b utkn\u0119\u0142o.<\/p>\n<p>Nie dlatego, \u017ce ludzie s\u0105 \u017ali w swojej pracy. Poniewa\u017c r\u0119czna koordynacja nie jest skalowalna.<\/p>\n\n\n<hr class=\"wp-block-separator has-alpha-channel-opacity\"\/>\n\n\n\n<h3 class=\"wp-block-heading\">Co sztuczna inteligencja robi dla automatyzacji proces\u00f3w<\/h3>\n\n\n<p>Sztuczna inteligencja zajmuje si\u0119 rutynowym podejmowaniem decyzji w procesach. Natychmiast stosuje regu\u0142y. Prawid\u0142owo wyznacza trasy pracy. Monitoruje post\u0119py. Wy\u0142apuje wyj\u0105tki.<\/p>\n<p>Tw\u00f3j zesp\u00f3\u0142 koncentruje si\u0119 na samej pracy, a nie na koordynacji wok\u00f3\u0142 niej.<\/p>\n\n\n<h4 class=\"wp-block-heading\">Inteligentny Routing Zada\u0144<\/h4>\n\n\n<p>Wp\u0142ywa nowe zam\u00f3wienie. Gdzie ono trafia? Do kt\u00f3rego magazynu? Do kt\u00f3rego zespo\u0142u? Zale\u017cy to od lokalizacji, rodzaju produktu, poziomu zapas\u00f3w, wydajno\u015bci zespo\u0142u.<\/p>\n<p>R\u0119cznie, kto\u015b musi spojrze\u0107 na to wszystko i podj\u0105\u0107 decyzj\u0119. Dzi\u0119ki sztucznej inteligencji dzieje si\u0119 to natychmiast:<\/p>\n<ul>\n<li>Analizuje szczeg\u00f3\u0142y \u017c\u0105dania<\/li>\n<li>Sprawdza bie\u017c\u0105ce obci\u0105\u017cenie prac\u0105 w zespo\u0142ach<\/li>\n<li>Uwzgl\u0119dnia wymagane umiej\u0119tno\u015bci i certyfikaty<\/li>\n<li>Czynniki zwi\u0105zane z lokalizacj\u0105 i logistyk\u0105<\/li>\n<li>Drogi do optymalnego zespo\u0142u<\/li>\n<\/ul>\n\n<p>Nie tylko szybciej - bardziej sp\u00f3jnie. Za ka\u017cdym razem obowi\u0105zuje ta sama logika. Nie ma r\u00f3\u017cnic w zale\u017cno\u015bci od tego, kto si\u0119 tym zajmuje.<\/p>\n<p>Przypadki specjalne? Sztuczna inteligencja oznacza je do przekierowania przez cz\u0142owieka. Ale rutynowe przypadki (czyli wi\u0119kszo\u015b\u0107 przypadk\u00f3w) przep\u0142ywaj\u0105 automatycznie.<\/p>\n\n\n<h4 class=\"wp-block-heading\">Inteligentne zarz\u0105dzanie zatwierdzeniami<\/h4>\n\n\n<p>Zatwierdzenia spowalniaj\u0105 wszystko. Ka\u017cdy zakup wymaga zatwierdzenia. Ka\u017cdy wyj\u0105tek wymaga zatwierdzenia. Ka\u017cda zmiana wymaga przegl\u0105du.<\/p>\n<p>Ale wi\u0119kszo\u015b\u0107 z nich jest rutynowa. Standardowe \u017c\u0105danie w ramach polityki? Powinno zosta\u0107 automatycznie zatwierdzone. Nietypowe \u017c\u0105danie poza parametrami? Powinien zosta\u0107 przekierowany do w\u0142a\u015bciwego zatwierdzaj\u0105cego z pe\u0142nym kontekstem.<\/p>\n<p>AI obs\u0142uguje logik\u0119 zatwierdzania:<\/p>\n<ul>\n<li>Standardowe \u017c\u0105dania w ramach prog\u00f3w: automatycznie zatwierdzane ze \u015bcie\u017ck\u0105 audytu<\/li>\n<li>Wnioski wymagaj\u0105ce przegl\u0105du: kierowane do odpowiedniego poziomu na podstawie kwoty, typu, ryzyka.<\/li>\n<li>Z\u0142o\u017cone \u017c\u0105dania: eskalowane z pe\u0142nym kontekstem i histori\u0105<\/li>\n<li>Wstrzymane zatwierdzenia: automatyczna eskalacja w przypadku zbyt d\u0142ugiego oczekiwania<\/li>\n<\/ul>\n\n<p>Mened\u017cerowie po\u015bwi\u0119caj\u0105 czas na podejmowanie decyzji, kt\u00f3re faktycznie wymagaj\u0105 oceny. Nie zatwierdzaj\u0105 rutynowych wniosk\u00f3w.<\/p>\n<p>A kiedy kto\u015b odpada? Sztuczna inteligencja kieruje do kopii zapasowej. \u017badnych pr\u00f3\u015bb o czekanie na kogo\u015b na wakacjach.<\/p>\n\n\n<h4 class=\"wp-block-heading\">Monitorowanie proces\u00f3w w czasie rzeczywistym<\/h4>\n\n\n<p>Gdzie jest wszystko? Co utkn\u0119\u0142o w martwym punkcie? Co jest zagro\u017cone niedotrzymaniem termin\u00f3w?<\/p>\n<p>Sztuczna inteligencja \u015bledzi ka\u017cde zadanie na ka\u017cdym etapie. Nie poprzez proszenie ludzi o aktualizacje - poprzez automatyczne monitorowanie system\u00f3w. Wie:<\/p>\n<ul>\n<li>Co jest w toku i kto nad tym pracuje?<\/li>\n<li>Co czeka (i jak d\u0142ugo czeka)<\/li>\n<li>Zbli\u017caj\u0105ce si\u0119 terminy<\/li>\n<li>Gdzie tworz\u0105 si\u0119 w\u0105skie gard\u0142a<\/li>\n<li>Kt\u00f3re procesy dzia\u0142aj\u0105 wolniej ni\u017c zwykle?<\/li>\n<\/ul>\n\n<p>Pulpit nawigacyjny pokazuje stan w czasie rzeczywistym. Nie raporty \"na wczoraj\" - tylko teraz. Mened\u017cerowie wiedz\u0105, co wymaga uwagi, bez konieczno\u015bci \u015bledzenia aktualizacji.<\/p>\n\n\n<h4 class=\"wp-block-heading\">Wykrywanie wyj\u0105tk\u00f3w, kt\u00f3re faktycznie dzia\u0142a<\/h4>\n\n\n<p>Wyj\u0105tki s\u0105 kosztowne. Brak informacji o zam\u00f3wieniu. Krok trwaj\u0105cy zbyt d\u0142ugo. Procedura nie jest przestrzegana prawid\u0142owo. Zanim kto\u015b to zauwa\u017cy, jest to ju\u017c problem.<\/p>\n<p>Sztuczna inteligencja wcze\u015bnie wychwytuje wyj\u0105tki:<\/p>\n<ul>\n<li><strong>Brakuj\u0105ce dane:<\/strong> Zam\u00f3wienie z\u0142o\u017cone bez wymaganych p\u00f3l? Flagowane natychmiast, a nie w momencie realizacji.<\/li>\n<li><strong>Odchylenia procesu:<\/strong> Kroki wykonane poza kolejno\u015bci\u0105? Pomini\u0119to list\u0119 kontroln\u0105? Powiadomienia AI.<\/li>\n<li><strong>Problemy z synchronizacj\u0105:<\/strong> Krok trwaj\u0105cy 3x d\u0142u\u017cej ni\u017c zwykle? AI ostrzega przed up\u0142ywem terminu.<\/li>\n<li><strong>Obawy dotycz\u0105ce jako\u015bci:<\/strong> Gwa\u0142towny wzrost liczby b\u0142\u0119d\u00f3w w okre\u015blonym procesie? Wcze\u015bnie wykryty wzorzec.<\/li>\n<li><strong>Luki w zgodno\u015bci:<\/strong> Brak wymaganej dokumentacji? Przekroczony pr\u00f3g zatwierdzenia? Wy\u0142apane automatycznie.<\/li>\n<\/ul>\n\n<p>Tw\u00f3j zesp\u00f3\u0142 obs\u0142uguje wyj\u0105tki, gdy s\u0105 one jeszcze ma\u0142e. Przed ich kaskad\u0105. Zanim ucierpi\u0105 na tym klienci.<\/p>\n\n\n<h4 class=\"wp-block-heading\">Automatyczne sprawdzanie zgodno\u015bci<\/h4>\n\n\n<p>Ka\u017cdy proces ma swoje wymagania. Kroki musz\u0105 by\u0107 wykonywane w odpowiedniej kolejno\u015bci. Dokumentacja musi by\u0107 kompletna. Nale\u017cy uzyska\u0107 zatwierdzenia. Musz\u0105 zosta\u0107 przeprowadzone kontrole jako\u015bci.<\/p>\n<p>R\u0119czna weryfikacja tego wszystkiego? Kto\u015b musi przeprowadzi\u0107 audyt. W najlepszym razie kontrole wyrywkowe. Zgodno\u015b\u0107 przez nadziej\u0119.<\/p>\n<p>AI weryfikuje ka\u017cd\u0105 instancj\u0119:<\/p>\n<ul>\n<li>Czy wszystkie wymagane kroki zosta\u0142y wykonane?<\/li>\n<li>Czy przestrzegano w\u0142a\u015bciwej kolejno\u015bci?<\/li>\n<li>Czy dokumentacja jest kompletna i dok\u0142adna?<\/li>\n<li>Czy uzyskano wymagane zezwolenia?<\/li>\n<li>Czy \u015bcie\u017cka audytu pokazuje, kto kiedy co zrobi\u0142?<\/li>\n<\/ul>\n\n<p>Proces niezgodny z przepisami? Natychmiast oznaczony. Nie wykryte kilka tygodni p\u00f3\u017aniej podczas audytu. Zgodno\u015b\u0107 jest rzeczywista, a nie oczekiwana.<\/p>\n\n\n<h4 class=\"wp-block-heading\">Analiza wydajno\u015bci proces\u00f3w<\/h4>\n\n\n<p>Jak d\u0142ugo faktycznie trwaj\u0105 procesy? W kt\u00f3rych miejscach zwalniaj\u0105? Kt\u00f3re zespo\u0142y s\u0105 szybsze? Dlaczego?<\/p>\n<p>AI \u015bledzi wska\u017aniki wydajno\u015bci we wszystkich procesach:<\/p>\n<ul>\n<li>Czas cyklu wed\u0142ug typu procesu<\/li>\n<li>Wydajno\u015b\u0107 wed\u0142ug zespo\u0142u i poszczeg\u00f3lnych os\u00f3b<\/li>\n<li>Gdzie wyst\u0119puj\u0105 op\u00f3\u017anienia (kt\u00f3re kroki, kt\u00f3re przekazania)<\/li>\n<li>Wska\u017aniki b\u0142\u0119d\u00f3w i cz\u0119stotliwo\u015b\u0107 przer\u00f3bek<\/li>\n<li>Zmienno\u015b\u0107 (sp\u00f3jno\u015b\u0107 liczy si\u0119 tak samo jak szybko\u015b\u0107)<\/li>\n<\/ul>\n\n<p>Wida\u0107, co nale\u017cy poprawi\u0107. Nie zgaduj\u0105c - patrz\u0105c na dane. Ten zesp\u00f3\u0142 jest szybszy? Dowiedz si\u0119, co robi\u0105 inaczej. Ten krok jest konsekwentnie powolny? Zbadaj dlaczego.<\/p>\n<p>Doskonalenie proces\u00f3w w oparciu o fakty, a nie odczucia.<\/p>\n\n\n<hr class=\"wp-block-separator has-alpha-channel-opacity\"\/>\n\n\n\n<h3 class=\"wp-block-heading\">Co to oznacza dla u\u017cytkownika<\/h3>\n\n\n\n<h4 class=\"wp-block-heading\">Dla dyrektor\u00f3w operacyjnych i lider\u00f3w operacyjnych<\/h4>\n\n\n<p><strong>Sp\u00f3jna realizacja w r\u00f3\u017cnych lokalizacjach.<\/strong> Wsz\u0119dzie obowi\u0105zuj\u0105 te same zasady. Nie ma r\u00f3\u017cnic w zale\u017cno\u015bci od tego, kto pracuje lub jak bardzo jest zaj\u0119ty.<\/p>\n\n<p><strong>Skalowalne operacje.<\/strong> Obs\u0142uga 2-krotnego wolumenu bez 2-krotnego zatrudnienia. Praca koordynacyjna nie mno\u017cy si\u0119 wraz ze wzrostem wolumenu.<\/p>\n\n<p><strong>Lepsza zgodno\u015b\u0107 i \u015bcie\u017cki audytu.<\/strong> Automatyczna dokumentacja ka\u017cdego procesu. Pe\u0142na \u015bcie\u017cka audytu dla ka\u017cdej transakcji. Zgodno\u015b\u0107 poprzez projektowanie, a nie sprawdzanie.<\/p>\n\n<p><strong>Wgl\u0105d w operacje.<\/strong> Pulpit nawigacyjny w czasie rzeczywistym. Zobacz, jak tworz\u0105 si\u0119 w\u0105skie gard\u0142a, zanim stan\u0105 si\u0119 kryzysem.<\/p>\n\n<p><strong>Ni\u017cszy poziom b\u0142\u0119d\u00f3w.<\/strong> Automatyczne sprawdzanie wcze\u015bnie wy\u0142apuje b\u0142\u0119dy. Wyj\u0105tki s\u0105 oznaczane zanim spowoduj\u0105 problemy.<\/p>\n\n\n<h4 class=\"wp-block-heading\">Dla mened\u017cer\u00f3w operacyjnych<\/h4>\n\n\n<p><strong>Przesta\u0144 goni\u0107 za aktualizacjami statusu.<\/strong> System \u015bledzi wszystko. Widzisz, co wymaga uwagi, bez pytania.<\/p>\n\n<p><strong>Skup si\u0119 na wyj\u0105tkach, a nie na rutynie.<\/strong> Sztuczna inteligencja obs\u0142uguje standardowy przep\u0142yw pracy. Ty zajmujesz si\u0119 nietypowymi przypadkami, kt\u00f3re wymagaj\u0105 oceny.<\/p>\n\n<p><strong>Dowiedz si\u0119, gdzie co\u015b utkn\u0119\u0142o.<\/strong> Nie musisz czeka\u0107 na eskalacj\u0119 ze strony cz\u0142onk\u00f3w zespo\u0142u. Widzisz to w czasie rzeczywistym.<\/p>\n\n<p><strong>Dane do poprawy.<\/strong> Dowiedz si\u0119, kt\u00f3re procesy dzia\u0142aj\u0105 dobrze, a kt\u00f3re wymagaj\u0105 naprawy. Rzeczywiste czasy cykli, a nie szacunki.<\/p>\n\n<p><strong>Sprawiedliwy rozk\u0142ad obci\u0105\u017cenia prac\u0105.<\/strong> Sprawd\u017a, kto jest przeci\u0105\u017cony, a kto ma mo\u017cliwo\u015bci. R\u00f3wnowa\u017c prac\u0119 w oparciu o rzeczywisto\u015b\u0107.<\/p>\n\n\n<h4 class=\"wp-block-heading\">Dla zespo\u0142\u00f3w wykonuj\u0105cych prac\u0119<\/h4>\n\n\n<p><strong>Wyczy\u015b\u0107 kolejk\u0119 zada\u0144.<\/strong> Koniec z zastanawianiem si\u0119 \"nad czym powinienem popracowa\u0107?\". Priorytety obliczane automatycznie na podstawie termin\u00f3w i wa\u017cno\u015bci.<\/p>\n\n<p><strong>Koniec z gonitw\u0105.<\/strong> System kieruje prac\u0119 do u\u017cytkownika. Informuje o tym, co musisz wiedzie\u0107. Automatycznie eskaluje, je\u015bli utkniesz.<\/p>\n\n<p><strong>Mniejszy narzut na koordynacj\u0119.<\/strong> Sp\u0119dzaj czas na pracy, a nie na koordynowaniu pracy. Brak spotka\u0144 w celu \u015bledzenia statusu.<\/p>\n\n<p><strong>Szybkie zatwierdzenia.<\/strong> Rutynowe rzeczy zatwierdzane automatycznie. Nie trzeba czeka\u0107 kilka dni, a\u017c kto\u015b podbije piecz\u0105tk\u0119.<\/p>\n\n<p><strong>Mniej \u0107wicze\u0144 przeciwpo\u017carowych.<\/strong> Wcze\u015bnie wychwycone wyj\u0105tki. Problemy oznaczone zanim wybuchn\u0105. Mniej paniki, wi\u0119cej planowania.<\/p>\n\n\n<hr class=\"wp-block-separator has-alpha-channel-opacity\"\/>\n\n\n\n<h3 class=\"wp-block-heading\">Czego sztuczna inteligencja nie potrafi<\/h3>\n\n\n<p>Sztuczna inteligencja automatyzuje prac\u0119 opart\u0105 na regu\u0142ach. Nie zast\u0119puje os\u0105du. Oto, czego wci\u0105\u017c potrzebuj\u0105 ludzie:<\/p>\n\n<p><strong>Obs\u0142uga naprawd\u0119 nietypowych sytuacji.<\/strong> AI \u015bledzi standardowe przypadki i flaguje wyj\u0105tki. Ale naprawd\u0119 dziwne przypadki brzegowe? Te wymagaj\u0105 ludzkiego rozwi\u0105zywania problem\u00f3w.<\/p>\n\n<p><strong>Negocjacje i zarz\u0105dzanie relacjami.<\/strong> Klient zdenerwowany op\u00f3\u017anieniem? Dostawca wymaga specjalnej obs\u0142ugi? To ludzka praca.<\/p>\n\n<p><strong>Projektowanie lepszych proces\u00f3w.<\/strong> Sztuczna inteligencja \u015bledzi wydajno\u015b\u0107 obecnych proces\u00f3w. Przeprojektowanie ich w celu uzyskania lepszych wynik\u00f3w? To ju\u017c zale\u017cy od Twojego zespo\u0142u.<\/p>\n\n<p><strong>Podejmowanie decyzji.<\/strong> Czy powinni\u015bmy to przyspieszy\u0107? Zrobi\u0107 wyj\u0105tek? Ponie\u015b\u0107 strat\u0119, by zachowa\u0107 relacj\u0119? Komputery nie potrafi\u0105 rozwa\u017cy\u0107 tych kompromis\u00f3w.<\/p>\n\n<p><strong>Kompleksowe zatwierdzenia.<\/strong> Proste zatwierdzenia (w ramach $X, w ramach polityki) mo\u017cna zautomatyzowa\u0107. Z\u0142o\u017cone (decyzje strategiczne, znacz\u0105ce wyj\u0105tki, wp\u0142yw na wiele funkcji) wymagaj\u0105 weryfikacji przez cz\u0142owieka.<\/p>\n\n<p>Pomy\u015bl o sztucznej inteligencji jako o warstwie koordynacyjnej. Tw\u00f3j zesp\u00f3\u0142 zajmuje si\u0119 warstw\u0105 my\u015blenia. Po prostu robi\u0105 to szybciej, poniewa\u017c ca\u0142a praca jest ju\u017c wykonana.<\/p>\n\n\n<hr class=\"wp-block-separator has-alpha-channel-opacity\"\/>\n\n\n\n<h3 class=\"wp-block-heading\">Pierwsze kroki z automatyzacj\u0105 proces\u00f3w<\/h3>\n\n\n<p>Nie nale\u017cy automatyzowa\u0107 wszystkiego naraz. Zacznij od proces\u00f3w o najwi\u0119kszym wolumenie i najbardziej ustandaryzowanych:<\/p>\n\n<p><strong>Dobrzy pierwsi kandydaci:<\/strong><\/p>\n<ul>\n<li>Przekierowywanie i przypisywanie zam\u00f3wie\u0144<\/li>\n<li>Standardowe przep\u0142ywy pracy zatwierdzania<\/li>\n<li>Przyjmowanie zg\u0142osze\u0144 i segregacja<\/li>\n<li>Weryfikacja uko\u0144czenia zadania<\/li>\n<li>Powiadomienia o stanie i eskalacje<\/li>\n<\/ul>\n\n<p><strong>Niezbyt dobrzy pierwsi kandydaci:<\/strong><\/p>\n<ul>\n<li>Wysoce zmienne procesy z wieloma wyj\u0105tkami<\/li>\n<li>Procesy, kt\u00f3re cz\u0119sto si\u0119 zmieniaj\u0105<\/li>\n<li>Obszary, w kt\u00f3rych ludzka ocena ma kluczowe znaczenie dla ka\u017cdej sprawy<\/li>\n<li>Procesy, kt\u00f3rych nikt jeszcze nie udokumentowa\u0142<\/li>\n<\/ul>\n\n<p>Zacznij tam, gdzie jest jasny proces, du\u017ca ilo\u015b\u0107 i oczywisty b\u00f3l. Udowodnij warto\u015b\u0107. Nast\u0119pnie przejd\u017a do bardziej z\u0142o\u017conych przypadk\u00f3w.<\/p>\n\n\n<hr class=\"wp-block-separator has-alpha-channel-opacity\"\/>\n\n\n\n<h3 class=\"wp-block-heading\">Podsumowanie<\/h3>\n\n\n<p>R\u0119czna koordynacja proces\u00f3w nie skaluje si\u0119. Wi\u0119kszy wolumen oznacza wi\u0119kszy narzut na koordynacj\u0119. Tw\u00f3j zesp\u00f3\u0142 zostaje poch\u0142oni\u0119ty trasowaniem, \u015bledzeniem i \u015bciganiem, zamiast wykonywa\u0107 rzeczywist\u0105 prac\u0119.<\/p>\n\n<p>AI zajmuje si\u0119 koordynacj\u0105. Prawid\u0142owo wyznacza trasy pracy. Monitoruje post\u0119py. Wy\u0142apuje wyj\u0105tki. Utrzymuje zgodno\u015b\u0107. Wszystko automatycznie.<\/p>\n\n<p>Tw\u00f3j zesp\u00f3\u0142 pracuje nad sam\u0105 prac\u0105. Nie na spotkaniach dotycz\u0105cych pracy. Nie e-maile \u015bledz\u0105ce prac\u0119. Nie arkusze kalkulacyjne monitoruj\u0105ce prac\u0119.<\/p>\n\n<p>Rezultatem s\u0105 p\u0142ynne operacje. Szybsze czasy cykli. Mniej b\u0142\u0119d\u00f3w. Lepsza zgodno\u015b\u0107 z przepisami. Profesjonali\u015bci robi\u0105cy to, w czym s\u0105 dobrzy, zamiast goni\u0107 za procesami.<\/p>\n\n<p>To w\u0142a\u015bnie zapewnia automatyzacja proces\u00f3w z wykorzystaniem sztucznej inteligencji. Nie operacje typu \"lights out\". Po prostu mniej tar\u0107 i wi\u0119ksze skupienie na tym, co wa\u017cne.<\/p>\n\n\n<hr class=\"wp-block-separator has-alpha-channel-opacity\"\/>\n\n\n\n<h3 class=\"wp-block-heading\">Gotowy do automatyzacji przep\u0142yw\u00f3w pracy?<\/h3>\n\n\n<p>Ka\u017cda operacja ma inne procesy. To, co dzia\u0142a w Twojej firmie, zale\u017cy od tego, jak dzia\u0142asz obecnie.<\/p>\n\n<p>Nie promujemy og\u00f3lnych narz\u0119dzi przep\u0142ywu pracy. Przygl\u0105damy si\u0119 konkretnym procesom. Gdzie wyst\u0119puje nadmierna koordynacja? Gdzie rzeczy si\u0119 zacinaj\u0105? Co mo\u017cna realistycznie zautomatyzowa\u0107, bior\u0105c pod uwag\u0119 posiadane systemy?<\/p>\n\n<p>Nast\u0119pnie tworzymy automatyzacj\u0119, kt\u00f3ra pasuje do Twojego przep\u0142ywu pracy. Nie zmuszamy Ci\u0119 do zmiany sposobu pracy, aby dopasowa\u0107 oprogramowanie. Oprogramowanie, kt\u00f3re dzia\u0142a tak, jak Ty pracujesz.<\/p>\n\n<p><a href=\"https:\/\/www.leaplytics.de\/pl\/kontakt\/\">Porozmawiajmy o procesach<\/a><\/p>\n\n<p><a href=\"https:\/\/www.leaplytics.de\/pl\/operacje-ai\/\">Powr\u00f3t do operacji AI<\/a><\/p>","protected":false},"excerpt":{"rendered":"<p>AI for Process Automation &#038; Workflow Operations runs on processes. Order to fulfillment. Request to resolution. Task to completion. Everything follows steps. When processes work smoothly, things flow. When they don&#8217;t, everything gets stuck. Tasks pile up. Handoffs fail. People waste time asking &#8220;where is this?&#8221; and &#8220;who has that?&#8221; Most process problems aren&#8217;t because &hellip; <\/p>","protected":false},"author":2,"featured_media":0,"parent":0,"menu_order":0,"comment_status":"closed","ping_status":"closed","template":"","meta":{"footnotes":""},"class_list":["post-14495","page","type-page","status-publish","hentry","latest_post"],"_links":{"self":[{"href":"https:\/\/www.leaplytics.de\/pl\/wp-json\/wp\/v2\/pages\/14495","targetHints":{"allow":["GET"]}}],"collection":[{"href":"https:\/\/www.leaplytics.de\/pl\/wp-json\/wp\/v2\/pages"}],"about":[{"href":"https:\/\/www.leaplytics.de\/pl\/wp-json\/wp\/v2\/types\/page"}],"author":[{"embeddable":true,"href":"https:\/\/www.leaplytics.de\/pl\/wp-json\/wp\/v2\/users\/2"}],"replies":[{"embeddable":true,"href":"https:\/\/www.leaplytics.de\/pl\/wp-json\/wp\/v2\/comments?post=14495"}],"version-history":[{"count":1,"href":"https:\/\/www.leaplytics.de\/pl\/wp-json\/wp\/v2\/pages\/14495\/revisions"}],"predecessor-version":[{"id":14501,"href":"https:\/\/www.leaplytics.de\/pl\/wp-json\/wp\/v2\/pages\/14495\/revisions\/14501"}],"wp:attachment":[{"href":"https:\/\/www.leaplytics.de\/pl\/wp-json\/wp\/v2\/media?parent=14495"}],"curies":[{"name":"wp","href":"https:\/\/api.w.org\/{rel}","templated":true}]}}