{"id":14510,"date":"2025-12-19T02:02:20","date_gmt":"2025-12-19T01:02:20","guid":{"rendered":"https:\/\/www.leaplytics.de\/?page_id=14510"},"modified":"2025-12-19T02:02:20","modified_gmt":"2025-12-19T01:02:20","slug":"zarzadzanie-umowami-ai","status":"publish","type":"page","link":"https:\/\/www.leaplytics.de\/pl\/zarzadzanie-umowami-ai\/","title":{"rendered":"AI do zarz\u0105dzania umowami"},"content":{"rendered":"<h2>Sztuczna inteligencja w zarz\u0105dzaniu umowami: Nigdy nie przegap odnowienia, nigdy nie tra\u0107 kontroli nad warunkami<\/h2>\n\n<p>Umowy s\u0105 wsz\u0119dzie w zakupach. Umowy z dostawcami. Umowy o \u015bwiadczenie us\u0142ug. Zobowi\u0105zania ilo\u015bciowe. Umowy licencyjne. Umowy ramowe. Ka\u017cda z nich ma istotne warunki.<\/p>\n<p>Ceny. Wolumeny. Daty odnowienia. Klauzule wypowiedzenia. Umowy dotycz\u0105ce poziomu us\u0142ug. Warunki karne. Szczeg\u00f3\u0142y, kt\u00f3re okre\u015blaj\u0105, czy otrzymujesz warto\u015b\u0107, czy zostajesz wykorzystany.<\/p>\n<p>Jednak wi\u0119kszo\u015b\u0107 firm nie wie, co znajduje si\u0119 w ich umowach. Nie dlatego, \u017ce ich to nie obchodzi. Poniewa\u017c maj\u0105 setki um\u00f3w i nikt nie ma czasu na czytanie i \u015bledzenie ka\u017cdej z nich.<\/p>\n<p>Terminy odnowie\u0144 nie s\u0105 dotrzymywane. Automatyczne odnowienia odbywaj\u0105 si\u0119 bez przegl\u0105du. Warunki zostaj\u0105 zapomniane. Dostawcy nie wywi\u0105zuj\u0105 si\u0119 ze zobowi\u0105za\u0144 i nikt tego nie zauwa\u017ca. Pieni\u0105dze le\u017c\u0105 na stole wsz\u0119dzie.<\/p>\n<p>Sztuczna inteligencja to zmienia. Czyta umowy. Wyodr\u0119bnia to, co istotne. \u015aledzi ka\u017cd\u0105 dat\u0119 i zobowi\u0105zanie. Upewnia si\u0119, \u017ce wiesz, na co si\u0119 zgodzi\u0142e\u015b i czy to otrzymujesz.<\/p>\n\n\n<hr class=\"wp-block-separator has-alpha-channel-opacity\"\/>\n\n\n\n<h3 class=\"wp-block-heading\">Dlaczego zarz\u0105dzanie umowami zawodzi<\/h3>\n\n\n<p>Oto jak wygl\u0105da zarz\u0105dzanie umowami w wi\u0119kszo\u015bci firm:<\/p>\n<p>Umowy s\u0105 podpisywane. Kto\u015b je archiwizuje. Zwykle na wsp\u00f3lnym dysku, mo\u017ce w systemie zarz\u0105dzania umowami, je\u015bli taki posiadasz.<\/p>\n<p>Co potem? Ludzie zapominaj\u0105, co w nich jest. Osoba odpowiedzialna za zakupy, kt\u00f3ra negocjowa\u0142a umow\u0119, przechodzi do innej roli. Umowa le\u017cy tam.<\/p>\n<p>Rok p\u00f3\u017aniej umowa zosta\u0142a automatycznie przed\u0142u\u017cona. Nikt jej nie przejrza\u0142. Nikt nie sprawdzi\u0142, czy warunki s\u0105 nadal konkurencyjne. Nikt nie sprawdzi\u0142, czy dostawca wywi\u0105za\u0142 si\u0119 ze swoich zobowi\u0105za\u0144. Umowa zosta\u0142a zawarta na kolejny rok.<\/p>\n<p>Albo gorzej - przegapi\u0142e\u015b okres wypowiedzenia. Chcia\u0142e\u015b zmieni\u0107 dostawc\u0119, ale nie powiadomi\u0142e\u015b go o tym 90 dni przed przed\u0142u\u017ceniem umowy. Teraz utkn\u0105\u0142e\u015b na kolejny okres umowy.<\/p>\n<p>W mi\u0119dzyczasie sk\u0142adasz zam\u00f3wienia u dostawc\u00f3w, nie wiedz\u0105c, co wynegocjowa\u0142e\u015b. Czy jest to zakontraktowana cena? Czy otrzymujemy wynegocjowane rabaty ilo\u015bciowe? Czy dostawca wywi\u0105zuje si\u0119 ze zobowi\u0105za\u0144 dotycz\u0105cych dostaw?<\/p>\n<p>Nikt tego nie wie. Nie dlatego, \u017ce nie chc\u0105 - poniewa\u017c r\u0119czne \u015bledzenie tego wszystkiego jest niemo\u017cliwe.<\/p>\n<p>Zespo\u0142y zakupowe nie s\u0105 w stanie przeczyta\u0107 setek um\u00f3w i zapami\u0119ta\u0107 ka\u017cdego warunku. Nie mog\u0105 monitorowa\u0107 wynik\u00f3w ka\u017cdego dostawcy w odniesieniu do ka\u017cdego zobowi\u0105zania. Nie mog\u0105 \u015bledzi\u0107 dziesi\u0105tek dat odnowienia um\u00f3w, jednocze\u015bnie robi\u0105c wszystko inne.<\/p>\n<p>Wi\u0119c rzeczy si\u0119 \u015blizgaj\u0105. Odnowienia zostaj\u0105 pomini\u0119te. Warunki nie s\u0105 egzekwowane. Pieni\u0105dze s\u0105 marnowane.<\/p>\n\n\n<hr class=\"wp-block-separator has-alpha-channel-opacity\"\/>\n\n\n\n<h3 class=\"wp-block-heading\">Co sztuczna inteligencja robi dla zarz\u0105dzania umowami<\/h3>\n\n\n<p>Sztuczna inteligencja nie tylko przechowuje umowy. Ona je czyta. Rozumie je. \u015aledzi je. Oto jak.<\/p>\n\n\n<h4 class=\"wp-block-heading\">Automatycznie wyodr\u0119bnia kluczowe terminy<\/h4>\n\n\n<p>Za\u0142aduj umow\u0119 do AI. Czyta ona ca\u0142y dokument - ka\u017cd\u0105 stron\u0119, ka\u017cd\u0105 klauzul\u0119, ka\u017cdy warunek.<\/p>\n<p>Wydobywa to, co wa\u017cne:<\/p>\n<ul>\n<li><strong>Informacje o cenach:<\/strong> Ceny jednostkowe. Rabaty ilo\u015bciowe. Klauzule korekty cen. Minimalne i maksymalne warunki cenowe.<\/li>\n<li><strong>Wolumen zobowi\u0105za\u0144:<\/strong> Minimalne zobowi\u0105zania zakupowe. Progi przekroczenia wolumenu. Okresy zobowi\u0105zania. Kary za niedob\u00f3r.<\/li>\n<li><strong>Daty obowi\u0105zywania umowy:<\/strong> Data rozpocz\u0119cia. Data zako\u0144czenia. Data odnowienia. Okresy wypowiedzenia. Warunki automatycznego odnowienia.<\/li>\n<li><strong>Umowy o gwarantowanym poziomie us\u0142ug:<\/strong> Ramy czasowe dostaw. Standardy jako\u015bci. Czasy reakcji. Zobowi\u0105zania dotycz\u0105ce czasu sprawno\u015bci. Wska\u017aniki wydajno\u015bci.<\/li>\n<li><strong>Warunki rozwi\u0105zania umowy:<\/strong> Wymogi dotycz\u0105ce wypowiedzenia. Klauzule wcze\u015bniejszego wypowiedzenia. Warunki naruszenia. Warunki wyj\u015bcia i op\u0142aty.<\/li>\n<li><strong>Warunki p\u0142atno\u015bci:<\/strong> Harmonogramy p\u0142atno\u015bci. Warunki netto. Rabaty za wcze\u015bniejsz\u0105 p\u0142atno\u015b\u0107. Kary za op\u00f3\u017anienia w p\u0142atno\u015bciach.<\/li>\n<li><strong>Wymagania dotycz\u0105ce zgodno\u015bci:<\/strong> Certyfikaty. Ubezpieczenia. Audyty. Obowi\u0105zki sprawozdawcze. Zgodno\u015b\u0107 z przepisami.<\/li>\n<\/ul>\n<p>To nie jest wyszukiwanie s\u0142\u00f3w kluczowych. Sztuczna inteligencja rozumie kontekst. Wie, \u017ce termin p\u0142atno\u015bci \"30 netto\" r\u00f3\u017cni si\u0119 od \"30-dniowego wypowiedzenia\". Rozr\u00f3\u017cnia klauzule dotycz\u0105ce wzrostu cen i poziomy rabat\u00f3w ilo\u015bciowych.<\/p>\n<p>Uzyskujesz ustrukturyzowane dane z nieustrukturyzowanych um\u00f3w. Ka\u017cdy kluczowy termin jest wyodr\u0119bniony, skategoryzowany i gotowy do u\u017cycia.<\/p>\n<p>Koniec z czytaniem 40-stronicowych um\u00f3w w celu znalezienia daty odnowienia. Koniec z przeszukiwaniem dokument\u00f3w w celu zapami\u0119tania okresu wypowiedzenia. Wszystko jest wyodr\u0119bnione i uporz\u0105dkowane.<\/p>\n\n\n<h4 class=\"wp-block-heading\">\u015aledzi daty odnowienia i nigdy nie przegapia termin\u00f3w<\/h4>\n\n\n<p>Najdro\u017csza pora\u017cka w zarz\u0105dzaniu umowami? Nieodebrane odnowienia.<\/p>\n<p>Automatyczne odnowienie nast\u0119puje bez przegl\u0105du. Okres wypowiedzenia przechodzi niezauwa\u017cony. Tracisz mo\u017cliwo\u015b\u0107 renegocjacji, zmiany dostawcy lub dostosowania warunk\u00f3w.<\/p>\n<p>Sztuczna inteligencja \u015bledzi ka\u017cd\u0105 krytyczn\u0105 dat\u0119:<\/p>\n<ul>\n<li><strong>Daty zako\u0144czenia umowy:<\/strong> Kiedy wygasa ta umowa?<\/li>\n<li><strong>Daty automatycznego odnowienia:<\/strong> Kiedy umowa odnowi si\u0119 automatycznie, je\u015bli nie podejmiemy \u017cadnych dzia\u0142a\u0144?<\/li>\n<li><strong>Terminy wypowiedzenia umowy:<\/strong> Ostatni dzie\u0144 na z\u0142o\u017cenie wypowiedzenia lub renegocjacji.<\/li>\n<li><strong>Daty kamieni milowych:<\/strong> Punkty kontrolne zobowi\u0105za\u0144 ilo\u015bciowych. Daty przegl\u0105du wynik\u00f3w. Daty korekty ceny.<\/li>\n<li><strong>Terminy zgodno\u015bci:<\/strong> Kiedy certyfikaty wymagaj\u0105 odnowienia. Kiedy wymagane dokumenty trac\u0105 wa\u017cno\u015b\u0107.<\/li>\n<\/ul>\n<p>Nie tylko \u015bledzi daty. Ostrzega, zanim stan\u0105 si\u0119 one istotne.<\/p>\n<p>Wypowiedzenie wymagane 90 dni przed odnowieniem? Otrzymasz powiadomienie 120 dni przed terminem. Czas na ocen\u0119 dostawcy, rozwa\u017cenie alternatyw i podj\u0119cie decyzji.<\/p>\n<p>Klauzula korekty cen pozwala na coroczne podwy\u017cki? Otrzymasz powiadomienie, zanim dostawca si\u0119 na ni\u0105 powo\u0142a. Czas na negocjacje lub przygotowania.<\/p>\n<p>Ko\u0144czy si\u0119 okres zobowi\u0105za\u0144 ilo\u015bciowych? Otrzymujesz prognoz\u0119: czy jeste\u015b na dobrej drodze do jej spe\u0142nienia? Je\u015bli nie, czas dostosowa\u0107 zam\u00f3wienie lub renegocjowa\u0107 warunki.<\/p>\n<p>Brak arkuszy kalkulacyjnych do utrzymania. \u017badnych r\u0119cznych wpis\u00f3w w kalendarzu. Brak niedotrzymanych termin\u00f3w, poniewa\u017c kto\u015b zapomnia\u0142 je sprawdzi\u0107.<\/p>\n\n\n<h4 class=\"wp-block-heading\">Por\u00f3wnuje warunki um\u00f3w mi\u0119dzy dostawcami<\/h4>\n\n\n<p>Masz pi\u0119ciu dostawc\u00f3w dostarczaj\u0105cych podobne produkty. Czy otrzymujesz sp\u00f3jne warunki? A mo\u017ce jeden dostawca wynegocjowa\u0142 lepsze warunki, kt\u00f3re powinny by\u0107 punktem odniesienia?<\/p>\n<p>Sztuczna inteligencja por\u00f3wnuje kontrakty:<\/p>\n<ul>\n<li><strong>Por\u00f3wnanie cen:<\/strong> Kt\u00f3ry dostawca oferuje najlepsze ceny por\u00f3wnywalnych produkt\u00f3w? Gdzie znajduj\u0105 si\u0119 ceny odstaj\u0105ce?<\/li>\n<li><strong>Warunki p\u0142atno\u015bci:<\/strong> 30 netto u jednego dostawcy, 60 netto u innego. Sk\u0105d ta r\u00f3\u017cnica? Czy mo\u017cna to ustandaryzowa\u0107?<\/li>\n<li><strong>Poziomy us\u0142ug:<\/strong> Jeden dostawca zobowi\u0105zuje si\u0119 do 48-godzinnej dostawy, inny do 5 dni. Czy p\u0142acisz tyle samo?<\/li>\n<li><strong>Rabaty ilo\u015bciowe:<\/strong> R\u00f3\u017cne punkty przerwania i stopy dyskontowe. Kt\u00f3ra struktura jest najkorzystniejsza?<\/li>\n<li><strong>Elastyczno\u015b\u0107 zako\u0144czenia:<\/strong> Niekt\u00f3re umowy przewiduj\u0105 90-dniowy okres wypowiedzenia, inne 180-dniowy. Niekt\u00f3re maj\u0105 op\u0142aty za wyj\u015bcie, inne nie.<\/li>\n<li><strong>Alokacja ryzyka:<\/strong> Kto ponosi ryzyko zwi\u0105zane z jako\u015bci\u0105? Niepowodzenia w dostawie? Zmienno\u015b\u0107 cen?<\/li>\n<\/ul>\n<p>Dostrzegasz wzorce. Jeden dostawca konsekwentnie otrzymuje lepsze warunki. Dlaczego? Albo masz z nim silniejsze relacje, albo Tw\u00f3j zesp\u00f3\u0142 lepiej negocjuje. Tak czy inaczej, staje si\u0119 to punktem odniesienia dla innych dostawc\u00f3w.<\/p>\n<p>Zauwa\u017casz problemy. Jeden z dostawc\u00f3w ma warunki, kt\u00f3re s\u0105 odstaj\u0105ce - gorsze warunki p\u0142atno\u015bci, bardziej rygorystyczne zobowi\u0105zania, wy\u017csze kary. Czas na renegocjacje lub rozwa\u017cenie alternatyw.<\/p>\n<p>Negocjacje um\u00f3w staj\u0105 si\u0119 strategiczne. Wiesz, jakie warunki s\u0105 standardowe w Twojej bazie dostawc\u00f3w. Wiesz, gdzie masz przewag\u0119. Negocjujesz z pozycji wiedzy.<\/p>\n\n\n<h4 class=\"wp-block-heading\">Monitoruje zgodno\u015b\u0107 z warunkami umowy<\/h4>\n\n\n<p>Umowy maj\u0105 znaczenie tylko wtedy, gdy obie strony ich przestrzegaj\u0105. Wi\u0119kszo\u015b\u0107 firm nie \u015bledzi jednak, czy dostawcy wywi\u0105zuj\u0105 si\u0119 ze swoich zobowi\u0105za\u0144.<\/p>\n<p>Sztuczna inteligencja monitoruje wykonanie umowy:<\/p>\n<ul>\n<li><strong>Zgodno\u015b\u0107 z cen\u0105:<\/strong> Czy pobierana jest cena zgodna z umow\u0105? Czy stosowane s\u0105 rabaty? Czy podwy\u017cki cen s\u0105 zgodne z uzgodnionymi warunkami?<\/li>\n<li><strong>\u015aledzenie zobowi\u0105za\u0144 ilo\u015bciowych:<\/strong> Czy spe\u0142niamy minimalne zobowi\u0105zania zakupowe? Czy osi\u0105gn\u0119li\u015bmy progi wolumenowe, kt\u00f3re powinny skutkowa\u0107 lepszymi cenami?<\/li>\n<li><strong>Wydajno\u015b\u0107 dostaw:<\/strong> Czy dostawca dotrzymuje ustalonych termin\u00f3w dostaw? Jak cz\u0119sto si\u0119 sp\u00f3\u017ania? O ile?<\/li>\n<li><strong>Standardy jako\u015bci:<\/strong> Wska\u017aniki defekt\u00f3w. Wska\u017aniki zwrot\u00f3w. Wska\u017aniki jako\u015bci w stosunku do zakontraktowanych standard\u00f3w.<\/li>\n<li><strong>Przestrzeganie poziomu us\u0142ug:<\/strong> Czasy reakcji. Rozwi\u0105zywanie problem\u00f3w. Dost\u0119pno\u015b\u0107 wsparcia. Cokolwiek zosta\u0142o obiecane w umowie SLA.<\/li>\n<li><strong>Zgodno\u015b\u0107 dokumentacji:<\/strong> Czy wymagane certyfikaty s\u0105 aktualne? Czy utrzymywana jest ochrona ubezpieczeniowa? Czy przeprowadzane s\u0105 audyty?<\/li>\n<\/ul>\n<p>Sztuczna inteligencja \u0142\u0105czy warunki umowy z danymi operacyjnymi. Nie tylko wie, co zosta\u0142o obiecane - \u015bledzi, czy jest to dostarczane.<\/p>\n<p>Dostawca zobowi\u0105zuje si\u0119 do dostarczenia 95% na czas, ale dostarcza na czas tylko 80% razy? Sztuczna inteligencja oznacza to danymi. Czas na dyskusj\u0119 o wydajno\u015bci dostawcy popart\u0105 faktami.<\/p>\n<p>Zosta\u0142e\u015b obci\u0105\u017cony kwot\u0105 wy\u017csz\u0105 ni\u017c wynikaj\u0105ca z umowy? Sztuczna inteligencja wychwyci to przed zap\u0142aceniem faktury, a nie miesi\u0105ce p\u00f3\u017aniej podczas audytu.<\/p>\n<p>Nie chodzi tu o przeciwstawianie si\u0119 dostawcom. Chodzi o odpowiedzialno\u015b\u0107. Obie strony zgodzi\u0142y si\u0119 na warunki. Sztuczna inteligencja zapewnia, \u017ce obie strony ich przestrzegaj\u0105.<\/p>\n\n\n<h4 class=\"wp-block-heading\">Sugeruje punkty negocjacyjne dla odnowie\u0144<\/h4>\n\n\n<p>Zbli\u017ca si\u0119 przed\u0142u\u017cenie umowy. Czas na negocjacje. Ale co powiniene\u015b negocjowa\u0107?<\/p>\n<p>Sztuczna inteligencja zapewnia brief negocjacyjny:<\/p>\n<ul>\n<li><strong>Analiza wydajno\u015bci:<\/strong> Jak spisa\u0142 si\u0119 dostawca? Gdzie spe\u0142ni\u0142 swoje zobowi\u0105zania? Gdzie wypad\u0142 s\u0142abo?<\/li>\n<li><strong>Benchmark cenowy:<\/strong> Jak ceny tego dostawcy wypadaj\u0105 na tle innych? Do stawek rynkowych? Czy ceny wzros\u0142y w okresie obowi\u0105zywania umowy?<\/li>\n<li><strong>Analiza wolumenu:<\/strong> Czy dotrzymali\u015bmy zobowi\u0105za\u0144 ilo\u015bciowych? Je\u015bli je przekroczyli\u015bmy, czy powinni\u015bmy wynegocjowa\u0107 lepsze stawki? Je\u015bli nie, czy powinni\u015bmy dostosowa\u0107 zobowi\u0105zania?<\/li>\n<li><strong>Por\u00f3wnanie termin\u00f3w:<\/strong> Jak warunki tego dostawcy wypadaj\u0105 na tle innych dostawc\u00f3w? Gdzie s\u0105 mo\u017cliwo\u015bci poprawy?<\/li>\n<li><strong>Analiza rynku:<\/strong> Co dzieje si\u0119 na rynku? Czy zmieniaj\u0105 si\u0119 warunki dostaw? Czy dost\u0119pni s\u0105 nowi dostawcy?<\/li>\n<li><strong>Ocena d\u017awigni finansowej:<\/strong> Gdzie masz przewag\u0119 negocjacyjn\u0105? Koncentracja wolumenu? Alternatywni dostawcy? Dobre wyniki?<\/li>\n<\/ul>\n<p>Do negocjacji w sprawie odnowienia umowy przyst\u0119pujesz z danymi. Nie tylko prosz\u0105c o \"lepsze warunki\". Pro\u015bba o konkretne ulepszenia poparte danymi dotycz\u0105cymi wydajno\u015bci i kontekstem rynkowym.<\/p>\n<p>\"Wska\u017anik dostaw na czas wyni\u00f3s\u0142 82%, poni\u017cej zakontraktowanych 95%. Potrzebujemy albo lepszej wydajno\u015bci, albo skorygowanych cen, aby odzwierciedli\u0107 dodatkowe koszty, jakie nam to przysparza\".<\/p>\n<p>\"Przekroczyli\u015bmy nasze zobowi\u0105zania ilo\u015bciowe o 30%. Powinni\u015bmy om\u00f3wi\u0107 lepsze ceny za ten zwi\u0119kszony wolumen\".<\/p>\n<p>\"Por\u00f3wnywalni dostawcy oferuj\u0105 warunki netto 45. Chcieliby\u015bmy zmieni\u0107 warunki z 30 netto, aby dopasowa\u0107 je do standard\u00f3w rynkowych\".<\/p>\n<p>Specyficzne. Poparte danymi. Rozs\u0105dne. Negocjacje, kt\u00f3re przynosz\u0105 rezultaty.<\/p>\n\n\n<hr class=\"wp-block-separator has-alpha-channel-opacity\"\/>\n\n\n\n<h3 class=\"wp-block-heading\">Co to oznacza dla u\u017cytkownika<\/h3>\n\n\n\n<h4 class=\"wp-block-heading\">Dla CPO i lider\u00f3w zaopatrzenia<\/h4>\n\n\n<p>U\u017cytkownik zyskuje pe\u0142n\u0105 widoczno\u015b\u0107 i kontrol\u0119 nad swoim portfelem um\u00f3w.<\/p>\n<ul>\n<li><strong>Brak nieodebranych odnowie\u0144:<\/strong> \u015aledzenie ka\u017cdej krytycznej daty. Alerty przed up\u0142ywem termin\u00f3w. Czas na podj\u0119cie strategicznych decyzji.<\/li>\n<li><strong>Lepsza pozycja negocjacyjna:<\/strong> Dane dotycz\u0105ce wynik\u00f3w. Benchmarki rynkowe. Por\u00f3wnanie termin\u00f3w. Dowody na potrzeby negocjacji.<\/li>\n<li><strong>Wgl\u0105d w zobowi\u0105zania umowne:<\/strong> Wiedz, do czego si\u0119 zobowi\u0105za\u0142e\u015b. \u015aled\u017a, czy zobowi\u0105zania s\u0105 realizowane.<\/li>\n<li><strong>Standardowe warunki:<\/strong> Sprawd\u017a, gdzie warunki r\u00f3\u017cni\u0105 si\u0119 w zale\u017cno\u015bci od dostawcy. Zapewnij sp\u00f3jno\u015b\u0107 tam, gdzie ma to sens.<\/li>\n<li><strong>Zarz\u0105dzanie ryzykiem:<\/strong> Dowiedz si\u0119, gdzie masz niekorzystne warunki. Zidentyfikuj umowy, kt\u00f3re wymagaj\u0105 uwagi.<\/li>\n<\/ul>\n\n\n<h4 class=\"wp-block-heading\">Dla mened\u017cer\u00f3w ds. zakup\u00f3w i kupuj\u0105cych<\/h4>\n\n\n<p>Zamiast szuka\u0107 informacji, zarz\u0105dzasz umowami.<\/p>\n<ul>\n<li><strong>Poznaj tre\u015b\u0107 swoich um\u00f3w:<\/strong> Bez ponownego czytania ka\u017cdej strony. Kluczowe terminy wyodr\u0119bnione i dost\u0119pne.<\/li>\n<li><strong>Przygotuj si\u0119 do odnowie\u0144 z danymi:<\/strong> Analiza wydajno\u015bci. Kontekst rynkowy. Gotowe punkty negocjacyjne.<\/li>\n<li><strong>\u015aledzenie wydajno\u015bci dostawc\u00f3w:<\/strong> Wbrew zakontraktowanym zobowi\u0105zaniom. Dowody w dyskusjach z dostawcami.<\/li>\n<li><strong>Zapewnienie zgodno\u015bci cen:<\/strong> Sprawdzanie zgodno\u015bci op\u0142at z warunkami umowy. Wy\u0142apywanie zawy\u017conych op\u0142at przed dokonaniem p\u0142atno\u015bci.<\/li>\n<li><strong>Koncentracja na umowach strategicznych:<\/strong> Rutynowe umowy monitorowane automatycznie. Ty skupiasz si\u0119 na z\u0142o\u017conych umowach o wysokiej warto\u015bci.<\/li>\n<\/ul>\n\n\n<h4 class=\"wp-block-heading\">Dla biznesu<\/h4>\n\n\n<p>Lepsze zarz\u0105dzanie umowami oznacza lepsze warunki i mniej problem\u00f3w.<\/p>\n<ul>\n<li><strong>Lepsze warunki umowy:<\/strong> Negocjacje odnowieniowe poparte danymi przynosz\u0105 lepsze wyniki ni\u017c odnowienia reaktywne.<\/li>\n<li><strong>Odpowiedzialno\u015b\u0107 dostawc\u00f3w:<\/strong> \u015aledzenie wydajno\u015bci zapewnia, \u017ce dostawcy dostarczaj\u0105 to, co obiecuj\u0105.<\/li>\n<li><strong>Pieni\u0105dze nie pozostawione na stole:<\/strong> Sprawdzanie zgodno\u015bci cen. Realizacja rabat\u00f3w ilo\u015bciowych. Okna zako\u0144czenia u\u017cywane strategicznie.<\/li>\n<li><strong>Redukcja ryzyka:<\/strong> \u015aledzenie zobowi\u0105za\u0144 umownych. Monitorowanie zgodno\u015bci. Wczesne sygnalizowanie problem\u00f3w.<\/li>\n<li><strong>Elastyczno\u015b\u0107 strategiczna:<\/strong> Dowiedz si\u0119, kiedy ko\u0144cz\u0105 si\u0119 umowy. Planuj zmiany dostawc\u00f3w. Unikaj niechcianych automatycznych odnowie\u0144.<\/li>\n<\/ul>\n\n\n<hr class=\"wp-block-separator has-alpha-channel-opacity\"\/>\n\n\n\n<h3 class=\"wp-block-heading\">Czego sztuczna inteligencja nie zrobi<\/h3>\n\n\n<p>Postawmy spraw\u0119 jasno.<\/p>\n<p>Sztuczna inteligencja nie negocjuje um\u00f3w. Negocjuj\u0105 ludzie. Sztuczna inteligencja dostarcza dane i analizy do negocjacji.<\/p>\n<p>Sztuczna inteligencja nie interpretuje niejednoznacznego j\u0119zyka umowy, z kt\u00f3rym nie zgadzaj\u0105 si\u0119 nawet prawnicy. Z\u0142o\u017cona interpretacja prawna nadal wymaga ludzkiej wiedzy.<\/p>\n<p>Sztuczna inteligencja nie podejmuje strategicznych decyzji dotycz\u0105cych odnawiania um\u00f3w. Decyzja o odnowieniu, renegocjacji lub zmianie dostawcy zale\u017cy od strategii biznesowej, relacji i czynnik\u00f3w wykraczaj\u0105cych poza warunki umowy.<\/p>\n<p>AI udost\u0119pnia informacje o umowach. \u015aledzi daty i zobowi\u0105zania. Monitoruje zgodno\u015b\u0107 z przepisami. Dostarcza danych do podejmowania decyzji.<\/p>\n<p>Tw\u00f3j zesp\u00f3\u0142 ds. zakup\u00f3w nadal podejmuje strategiczne decyzje. Po prostu podejmuj\u0105 je na podstawie lepszych informacji i maj\u0105 wi\u0119cej czasu, poniewa\u017c nie ton\u0105 w administrowaniu umowami.<\/p>\n\n\n<hr class=\"wp-block-separator has-alpha-channel-opacity\"\/>\n\n\n\n<h3 class=\"wp-block-heading\">Rzeczywiste wyniki dzi\u0119ki sztucznej inteligencji do zarz\u0105dzania umowami<\/h3>\n\n\n<p>Oto jak to wygl\u0105da w praktyce:<\/p>\n\n<p><strong>Zero nieodebranych odnowie\u0144:<\/strong> \u015aledzenie ka\u017cdego odnowienia. Alerty wysy\u0142ane z czasem na podj\u0119cie strategicznych dzia\u0142a\u0144. Koniec z niechcianymi automatycznymi odnowieniami.<\/p>\n\n<p><strong>Lepsze warunki odnowienia:<\/strong> Negocjacje oparte na danych pozwalaj\u0105 uzyska\u0107 \u015brednio 5-15% lepsze ceny. Dyskusje oparte na wynikach wzmacniaj\u0105 warunki.<\/p>\n\n<p><strong>Oszcz\u0119dno\u015bci zwi\u0105zane z przestrzeganiem cen:<\/strong> Wy\u0142apanie zawy\u017conych op\u0142at i brakuj\u0105cych rabat\u00f3w zazwyczaj pozwala zaoszcz\u0119dzi\u0107 2-5% wydatk\u00f3w kontraktowych.<\/p>\n\n<p><strong>Szybszy dost\u0119p do um\u00f3w:<\/strong> Znalezienie kluczowych termin\u00f3w zajmuje kilka sekund, a nie godziny czytania dokument\u00f3w. Natychmiastowa odpowied\u017a na pytania.<\/p>\n\n<p><strong>Odpowiedzialno\u015b\u0107 dostawcy:<\/strong> \u015aledzenie wynik\u00f3w tworzy dowody do dyskusji. Dostawcy traktuj\u0105 zobowi\u0105zania powa\u017cniej, gdy s\u0105 one monitorowane.<\/p>\n\n<p>Nie chodzi tu o rewolucyjne zmiany. Chodzi o prawid\u0142owe zarz\u0105dzanie umowami bez konieczno\u015bci zatrudniania do tego armii ludzi.<\/p>\n\n\n<hr class=\"wp-block-separator has-alpha-channel-opacity\"\/>\n\n\n\n<h3 class=\"wp-block-heading\">Gotowy do przej\u0119cia kontroli nad umowami?<\/h3>\n\n\n<p>Portfel um\u00f3w ka\u017cdej firmy jest inny. R\u00f3\u017cni dostawcy. R\u00f3\u017cne struktury um\u00f3w. R\u00f3\u017cne warunki, kt\u00f3re maj\u0105 znaczenie dla Twojej firmy.<\/p>\n<p>Nie sprzedajemy og\u00f3lnych system\u00f3w zarz\u0105dzania umowami. Przygl\u0105damy si\u0119 konkretnym umowom i identyfikujemy te, kt\u00f3re wymagaj\u0105 \u015bledzenia. Tworzymy systemy, kt\u00f3re wyodr\u0119bniaj\u0105 warunki maj\u0105ce znaczenie dla klienta. Tworzymy alerty i raporty dopasowane do sposobu pracy zespo\u0142u ds. zakup\u00f3w.<\/p>\n<p>Nie obiecujemy, \u017ce AI zrozumie ka\u017cdy niuans prawny. Po prostu praktyczne narz\u0119dzia, kt\u00f3re u\u0142atwiaj\u0105 zarz\u0105dzanie umowami i zapewniaj\u0105, \u017ce nie przegapisz tego, co wa\u017cne.<\/p>\n\n<p><a href=\"https:\/\/www.leaplytics.de\/pl\/kontakt\/\">Porozmawiajmy o zarz\u0105dzaniu umowami<\/a><\/p>\n\n<p><a href=\"https:\/\/www.leaplytics.de\/pl\/sourcing-procurement-ai\/\">Powr\u00f3t do Sourcing &amp; Procurement AI<\/a><\/p>","protected":false},"excerpt":{"rendered":"<p>Sztuczna inteligencja w zarz\u0105dzaniu umowami: Nigdy nie przegap odnowienia, nigdy nie tra\u0107 \u015bledzenia warunk\u00f3w Umowy s\u0105 wsz\u0119dzie w zakupach. Umowy z dostawcami. Umowy o \u015bwiadczenie us\u0142ug. Zobowi\u0105zania ilo\u015bciowe. Umowy licencyjne. Umowy ramowe. Ka\u017cda z nich ma istotne warunki. Ceny. Wolumeny. Daty odnowienia. Klauzule wypowiedzenia. Umowy dotycz\u0105ce poziomu us\u0142ug. Warunki karne. Szczeg\u00f3\u0142y, kt\u00f3re okre\u015blaj\u0105, czy otrzymujesz warto\u015b\u0107, czy ... <\/p>","protected":false},"author":2,"featured_media":0,"parent":0,"menu_order":0,"comment_status":"closed","ping_status":"closed","template":"","meta":{"footnotes":""},"class_list":["post-14510","page","type-page","status-publish","hentry","latest_post"],"_links":{"self":[{"href":"https:\/\/www.leaplytics.de\/pl\/wp-json\/wp\/v2\/pages\/14510","targetHints":{"allow":["GET"]}}],"collection":[{"href":"https:\/\/www.leaplytics.de\/pl\/wp-json\/wp\/v2\/pages"}],"about":[{"href":"https:\/\/www.leaplytics.de\/pl\/wp-json\/wp\/v2\/types\/page"}],"author":[{"embeddable":true,"href":"https:\/\/www.leaplytics.de\/pl\/wp-json\/wp\/v2\/users\/2"}],"replies":[{"embeddable":true,"href":"https:\/\/www.leaplytics.de\/pl\/wp-json\/wp\/v2\/comments?post=14510"}],"version-history":[{"count":1,"href":"https:\/\/www.leaplytics.de\/pl\/wp-json\/wp\/v2\/pages\/14510\/revisions"}],"predecessor-version":[{"id":14516,"href":"https:\/\/www.leaplytics.de\/pl\/wp-json\/wp\/v2\/pages\/14510\/revisions\/14516"}],"wp:attachment":[{"href":"https:\/\/www.leaplytics.de\/pl\/wp-json\/wp\/v2\/media?parent=14510"}],"curies":[{"name":"wp","href":"https:\/\/api.w.org\/{rel}","templated":true}]}}