{"id":14511,"date":"2025-12-19T02:02:31","date_gmt":"2025-12-19T01:02:31","guid":{"rendered":"https:\/\/www.leaplytics.de\/?page_id=14511"},"modified":"2025-12-19T02:02:32","modified_gmt":"2025-12-19T01:02:32","slug":"zapotrzebowanie-na-zakup-zamawianie-ai","status":"publish","type":"page","link":"https:\/\/www.leaplytics.de\/pl\/zapotrzebowanie-na-zakup-zamawianie-ai\/","title":{"rendered":"Zapotrzebowanie na zakup i zamawianie AI"},"content":{"rendered":"<h2>Sztuczna inteligencja dla zapotrzebowa\u0144 i zam\u00f3wie\u0144: Przyspiesz proces zakupu<\/h2>\n\n<p>Zapotrzebowania i zam\u00f3wienia powinny by\u0107 proste. Kto\u015b czego\u015b potrzebuje. Sk\u0142ada wniosek. Zam\u00f3wienie zostaje zatwierdzone. Zam\u00f3wienie zostaje wys\u0142ane. Gotowe.<\/p>\n<p>Nie jest to jednak proste. Zapotrzebowania czekaj\u0105 w skrzynkach odbiorczych na zatwierdzenie. Kupuj\u0105cy r\u0119cznie przetwarzaj\u0105 rutynowe zam\u00f3wienia. Ludzie nie wiedz\u0105, z us\u0142ug kt\u00f3rego dostawcy skorzysta\u0107. Zam\u00f3wienia trafiaj\u0105 do niezakontraktowanych dostawc\u00f3w, poniewa\u017c zatwierdzony proces jest zbyt wolny.<\/p>\n<p>Rezultat? Zespo\u0142y zakupowe poch\u0142oni\u0119te prac\u0105 transakcyjn\u0105. Niestandardowe wydatki, poniewa\u017c ludzie omijaj\u0105 system. Wyciek kontrakt\u00f3w, poniewa\u017c zam\u00f3wienia nie s\u0105 zgodne z wynegocjowanymi warunkami.<\/p>\n<p>AI to naprawia. Automatycznie przetwarza standardowe zapotrzebowania. Inteligentnie przekierowuje zatwierdzenia. Zapewnia zgodno\u015b\u0107 zam\u00f3wie\u0144 z warunkami umowy. Sprawia, \u017ce proces jest tak szybki, \u017ce ludzie faktycznie z niego korzystaj\u0105.<\/p>\n\n\n<hr class=\"wp-block-separator has-alpha-channel-opacity\"\/>\n\n\n\n<h3 class=\"wp-block-heading\">Dlaczego procesy od zakupu do p\u0142atno\u015bci s\u0105 powolne<\/h3>\n\n\n<p>Procesy od zam\u00f3wienia do zam\u00f3wienia s\u0105 zepsute w wi\u0119kszo\u015bci firm. Nie dlatego, \u017ce zespo\u0142y zakupowe \u017ale wykonuj\u0105 swoj\u0105 prac\u0119. Proces ten wymaga zbyt wiele pracy r\u0119cznej.<\/p>\n<p>Kto\u015b sk\u0142ada zapotrzebowanie. Kupuj\u0105cy musi je przejrze\u0107. Sprawdzi\u0107, czy jest ono zgodne z zasadami. Okre\u015bli\u0107, kto powinien je zatwierdzi\u0107. Przekierowa\u0107 je do w\u0142a\u015bciwej osoby zatwierdzaj\u0105cej. Poczeka\u0107 na zatwierdzenie. Nast\u0119pnie r\u0119cznie utworzy\u0107 zam\u00f3wienie zakupu. Wybierz dostawc\u0119. Ponownie wprowad\u017a wszystkie szczeg\u00f3\u0142y.<\/p>\n<p>Dla standardowych, rutynowych zam\u00f3wie\u0144. Za ka\u017cdym razem.<\/p>\n<p>Kupuj\u0105cy sp\u0119dzaj\u0105 godziny na przetwarzaniu zapotrzebowa\u0144, kt\u00f3re s\u0105 zgodne z tymi samymi wzorcami. Materia\u0142y biurowe. Standardowe komponenty. Powtarzaj\u0105ce si\u0119 us\u0142ugi. Zam\u00f3wienia, kt\u00f3re nie wymagaj\u0105 ludzkiej wiedzy, ale i tak j\u0105 otrzymuj\u0105, poniewa\u017c proces wymaga r\u0119cznej obs\u0142ugi.<\/p>\n<p>Gdy proces jest powolny, ludzie go obchodz\u0105. Kupuj\u0105 bezpo\u015brednio od dostawc\u00f3w. U\u017cywaj\u0105 osobistych kart kredytowych. Pomijaj\u0105 zatwierdzenia. Nietypowe wydatki nie s\u0105 z\u0142o\u015bliwe - to ludzie pr\u00f3buj\u0105cy wykona\u0107 swoj\u0105 prac\u0119.<\/p>\n<p>A dzia\u0142 zaopatrzenia traci kontrol\u0119. Zakontraktowani dostawcy nie otrzymuj\u0105 obiecanego wolumenu. Wynegocjowane warunki nie s\u0105 wykorzystywane. Znika widoczno\u015b\u0107 wydatk\u00f3w.<\/p>\n\n\n<hr class=\"wp-block-separator has-alpha-channel-opacity\"\/>\n\n\n\n<h3 class=\"wp-block-heading\">Co AI robi z zapotrzebowaniem na zakup i zamawianiem<\/h3>\n\n\n<p>Sztuczna inteligencja nie tylko przyspiesza proces zapotrzebowania. Sprawia, \u017ce staje si\u0119 on inteligentny. Oto jak to zrobi\u0107.<\/p>\n\n\n<h4 class=\"wp-block-heading\">Automatycznie przetwarza zam\u00f3wienia<\/h4>\n\n\n<p>Sztuczna inteligencja otrzymuje zapotrzebowanie. Analizuje, co jest wymagane.<\/p>\n<p>Czy jest to pozycja standardowa? Sztuczna inteligencja rozpoznaje go na podstawie poprzednich zam\u00f3wie\u0144. Sprawdza zgodno\u015b\u0107 \u017c\u0105dania z zasadami. Sprawdza dost\u0119pno\u015b\u0107 bud\u017cetu. Potwierdza, \u017ce wymagane informacje s\u0105 kompletne.<\/p>\n<p>Je\u015bli wszystko si\u0119 zgadza, sztuczna inteligencja automatycznie kieruje je do zatwierdzenia. W przypadku rutynowych \u017c\u0105da\u0144 nie jest wymagana interwencja kupuj\u0105cego.<\/p>\n<p>Je\u015bli co\u015b jest nie tak, sztuczna inteligencja sygnalizuje okre\u015blone problemy:<\/p>\n<ul>\n<li>Brakuj\u0105ce centrum koszt\u00f3w lub kod GL<\/li>\n<li>Przekroczenie progu bud\u017cetowego wymagaj\u0105ce specjalnego zatwierdzenia<\/li>\n<li>Przedmiot nie pasuje do zatwierdzonych kategorii<\/li>\n<li>Nie za\u0142\u0105czono wymaganej dokumentacji<\/li>\n<li>Niejasne specyfikacje wymagaj\u0105ce wyja\u015bnienia<\/li>\n<\/ul>\n<p>Wnioskodawca natychmiast otrzymuje jasn\u0105 informacj\u0119 zwrotn\u0105. Nie og\u00f3lne odrzucenie. Konkretne kwestie do naprawienia.<\/p>\n<p>Standardowe zapotrzebowania przechodz\u0105 przez system w ci\u0105gu kilku minut. Z\u0142o\u017cone zapotrzebowania s\u0105 kierowane do kupuj\u0105cych z kontekstem dotycz\u0105cym tego, co wymaga sprawdzenia.<\/p>\n\n\n<h4 class=\"wp-block-heading\">Inteligentne trasowanie zatwierdze\u0144<\/h4>\n\n\n<p>Przep\u0142ywy pracy zatwierdzania s\u0105 z\u0142o\u017cone. R\u00f3\u017cne osoby zatwierdzaj\u0105ce dla r\u00f3\u017cnych kwot. R\u00f3\u017cne \u015bcie\u017cki dla r\u00f3\u017cnych kategorii. R\u00f3\u017cne regu\u0142y dla r\u00f3\u017cnych dzia\u0142\u00f3w.<\/p>\n<p>Ludzie s\u0105 zdezorientowani. Zapotrzebowania trafiaj\u0105 do niew\u0142a\u015bciwego zatwierdzaj\u0105cego. S\u0105 odrzucane. Op\u00f3\u017anione, gdy ludzie zastanawiaj\u0105 si\u0119, kto powinien je zatwierdzi\u0107.<\/p>\n<p>Sztuczna inteligencja zna zasady zatwierdzania:<\/p>\n<ul>\n<li><strong>Routing oparty na kwotach:<\/strong> Poni\u017cej $1,000 trafia do jednego zatwierdzaj\u0105cego. Powy\u017cej $10,000 wymaga dodatkowego zatwierdzenia.<\/li>\n<li><strong>Routing oparty na kategoriach:<\/strong> Zakupy IT wymagaj\u0105 zatwierdzenia przez dzia\u0142 IT. Wyposa\u017cenie kapita\u0142owe wymaga przegl\u0105du finansowego.<\/li>\n<li><strong>Zasady dzia\u0142u:<\/strong> R\u00f3\u017cne dzia\u0142y maj\u0105 r\u00f3\u017cne poziomy delegacji i \u0142a\u0144cuchy zatwierdzania.<\/li>\n<li><strong>Wyj\u0105tki od zasad:<\/strong> Pozycje niekatalogowe. Niezakontraktowani dostawcy. Specjalne wymagania dotycz\u0105ce zatwierdzania.<\/li>\n<li><strong>Logika zast\u0119powania:<\/strong> G\u0142\u00f3wny zatwierdzaj\u0105cy niedost\u0119pny? Automatycznie przekieruj do wyznaczonego zast\u0119pcy.<\/li>\n<\/ul>\n<p>Ka\u017cde zapotrzebowanie trafia do w\u0142a\u015bciwego zatwierdzaj\u0105cego za pierwszym razem. \u017badnych nieporozumie\u0144. \u017badnych op\u00f3\u017anie\u0144 podczas sprawdzania, kto powinien co zatwierdzi\u0107.<\/p>\n<p>A osoby zatwierdzaj\u0105ce? Otrzymuj\u0105 kontekst ka\u017cdego \u017c\u0105dania. Co jest zamawiane. Dlaczego. Status bud\u017cetu. Zgodno\u015b\u0107 z umow\u0105. Czy jest to rutynowe, czy wymaga kontroli. W razie potrzeby mog\u0105 szybko zatwierdzi\u0107.<\/p>\n\n\n<h4 class=\"wp-block-heading\">Sugeruje preferowanych dostawc\u00f3w<\/h4>\n\n\n<p>Kto\u015b prosi o materia\u0142y biurowe. Z us\u0142ug kt\u00f3rego dostawcy nale\u017cy skorzysta\u0107?<\/p>\n<p>Twoja firma ma trzech zakontraktowanych dostawc\u00f3w materia\u0142\u00f3w biurowych. Ka\u017cdy z nich ma inne ceny dla r\u00f3\u017cnych produkt\u00f3w. R\u00f3\u017cne czasy dostawy. R\u00f3\u017cne minimalne zam\u00f3wienia.<\/p>\n<p>Kupuj\u0105cy o tym wiedz\u0105. Negocjowali umowy. Ale wnioskodawcy tego nie wiedz\u0105. A kupuj\u0105cy nie chc\u0105 r\u0119cznie sprawdza\u0107, kt\u00f3ry dostawca jest najlepszy dla ka\u017cdego zam\u00f3wienia.<\/p>\n<p>Sztuczna inteligencja automatycznie rekomenduje dostawc\u00f3w:<\/p>\n<ul>\n<li><strong>Najlepsze ceny:<\/strong> Por\u00f3wnuje zakontraktowane ceny u r\u00f3\u017cnych dostawc\u00f3w dla \u017c\u0105danych pozycji.<\/li>\n<li><strong>Szybko\u015b\u0107 dostawy:<\/strong> Czynniki pilno\u015bci i czas realizacji dostaw.<\/li>\n<li><strong>Mo\u017cliwo\u015b\u0107 konsolidacji:<\/strong> Je\u015bli istniej\u0105 inne otwarte zam\u00f3wienia, sugeruje si\u0119 ich po\u0142\u0105czenie w celu spe\u0142nienia minimalnych wymaga\u0144 dotycz\u0105cych zam\u00f3wienia.<\/li>\n<li><strong>Zgodno\u015b\u0107 z umow\u0105:<\/strong> Priorytetyzuje dostawc\u00f3w, kt\u00f3rzy maj\u0105 zobowi\u0105zania ilo\u015bciowe do spe\u0142nienia.<\/li>\n<li><strong>Dotychczasowe wyniki:<\/strong> Uwzgl\u0119dnia niezawodno\u015b\u0107 dostaw i histori\u0119 jako\u015bci.<\/li>\n<\/ul>\n<p>Zam\u00f3wienie zakupu trafia do dostawcy, kt\u00f3ry oferuje najlepsz\u0105 warto\u015b\u0107. Nie losowo. Nie do tego, kogo akurat zna osoba sk\u0142adaj\u0105ca zam\u00f3wienie. Do zakontraktowanego dostawcy z najlepszymi warunkami dla tego konkretnego zam\u00f3wienia.<\/p>\n<p>Zwi\u0119ksza si\u0119 zgodno\u015b\u0107 z umowami. Wynegocjowane warunki s\u0105 faktycznie wykorzystywane. Dostawcy wywi\u0105zuj\u0105 si\u0119 z zobowi\u0105za\u0144 ilo\u015bciowych, poniewa\u017c zam\u00f3wienia sp\u0142ywaj\u0105 tam, gdzie powinny.<\/p>\n\n\n<h4 class=\"wp-block-heading\">Zatwierdza zam\u00f3wienia na podstawie um\u00f3w<\/h4>\n\n\n<p>Nie bez powodu negocjowa\u0142e\u015b umowy. Lepsze ceny. Uzgodnione warunki. Rabaty ilo\u015bciowe. Ale je\u015bli zam\u00f3wienia nie odpowiadaj\u0105 warunkom umowy, tracisz korzy\u015bci.<\/p>\n<p>Sztuczna inteligencja weryfikuje ka\u017cde zam\u00f3wienie pod k\u0105tem warunk\u00f3w umowy:<\/p>\n<ul>\n<li><strong>Potwierdzenie ceny:<\/strong> Czy jest to zakontraktowana cena? Je\u015bli nie, oznacz j\u0105 i wyja\u015bnij rozbie\u017cno\u015b\u0107.<\/li>\n<li><strong>Przestrzeganie termin\u00f3w:<\/strong> Czy zamawiamy w ramach uzgodnionych minimalnych\/maksymalnych ilo\u015bci?<\/li>\n<li><strong>Weryfikacja rabatu:<\/strong> Czy stosowane s\u0105 zakontraktowane rabaty? Czy przerwy ilo\u015bciowe s\u0105 obliczane prawid\u0142owo?<\/li>\n<li><strong>Dopasowanie produktu:<\/strong> Czy jest to produkt obj\u0119ty umow\u0105, czy podobny zamiennik w innej cenie?<\/li>\n<li><strong>Warunki p\u0142atno\u015bci:<\/strong> Czy korzystamy z wynegocjowanych warunk\u00f3w p\u0142atno\u015bci, czy z innych warunk\u00f3w?<\/li>\n<\/ul>\n<p>Je\u015bli zam\u00f3wienie nie jest zgodne z umow\u0105, sztuczna inteligencja sygnalizuje to przed wys\u0142aniem zam\u00f3wienia.<\/p>\n<p>By\u0107 mo\u017ce cena jest wy\u017csza ni\u017c zakontraktowana. Mo\u017ce dostawca \"przypadkowo\" usun\u0105\u0142 rabat. Mo\u017ce kto\u015b zam\u00f3wi\u0142 produkt nieobj\u0119ty umow\u0105, podczas gdy istnieje alternatywa obj\u0119ta umow\u0105.<\/p>\n<p>Wy\u0142apujesz je, zanim za nie zap\u0142acisz. Nie podczas uzgadniania faktury, kiedy jest ju\u017c za p\u00f3\u017ano.<\/p>\n<p>Nie chodzi tu o brak zaufania do dostawc\u00f3w. Chodzi o zapewnienie, \u017ce wynegocjowane warunki s\u0105 faktycznie stosowane do ka\u017cdego zam\u00f3wienia.<\/p>\n\n\n<h4 class=\"wp-block-heading\">Proaktywne \u015bledzenie statusu zam\u00f3wienia<\/h4>\n\n\n<p>Zam\u00f3wienia s\u0105 wysy\u0142ane. Wtedy zaczynaj\u0105 si\u0119 pytania. \"Gdzie jest moje zam\u00f3wienie?\" \"Kiedy dotrze?\" \"Czy dostawca je potwierdzi\u0142?\"<\/p>\n<p>Kupuj\u0105cy nieustannie zadaj\u0105 te pytania. Sprawdzaj\u0105 systemy. Dzwoni\u0105 do dostawc\u00f3w. Wysy\u0142aj\u0105 wiadomo\u015bci e-mail. Aktualizacje statusu to praca na pe\u0142ny etat.<\/p>\n<p>Sztuczna inteligencja automatycznie monitoruje status zam\u00f3wienia:<\/p>\n<ul>\n<li><strong>Potwierdzenie dostawcy:<\/strong> Czy dostawca potwierdzi\u0142 zam\u00f3wienie? Czy zaakceptowa\u0142 dat\u0119 dostawy? Zg\u0142osi\u0142 wszelkie rozbie\u017cno\u015bci?<\/li>\n<li><strong>\u015aledzenie produkcji\/wysy\u0142ki:<\/strong> Czy zam\u00f3wienie jest realizowane zgodnie z harmonogramem? Czy zosta\u0142o wys\u0142ane? Gdzie jest w tranzycie?<\/li>\n<li><strong>Monitorowanie dostaw:<\/strong> Zbli\u017ca si\u0119 oczekiwana data dostawy. Czy produkt dotar\u0142? Czy zosta\u0142 przyj\u0119ty do magazynu?<\/li>\n<li><strong>Alerty o wyj\u0105tkach:<\/strong> Op\u00f3\u017anienia. Zam\u00f3wienia zaleg\u0142e. Problemy z jako\u015bci\u0105 oznaczone przy odbiorze. Rozbie\u017cno\u015bci ilo\u015bciowe.<\/li>\n<li><strong>Proaktywna komunikacja:<\/strong> Automatycznie aktualizuje \u017c\u0105dania. Eskaluje do kupuj\u0105cych tylko wtedy, gdy wymagana jest interwencja.<\/li>\n<\/ul>\n<p>Wnioskodawcy otrzymuj\u0105 aktualizacje statusu bez pytania. Kupuj\u0105cy koncentruj\u0105 si\u0119 na wyj\u0105tkach, a nie rutynowych kontrolach statusu.<\/p>\n<p>Zam\u00f3wienie jest op\u00f3\u017anione? Sztuczna inteligencja powiadamia zamawiaj\u0105cego i kupuj\u0105cego, zanim kto\u015b b\u0119dzie musia\u0142 o to zapyta\u0107. Zapewnia kontekst - dlaczego jest op\u00f3\u017anione, now\u0105 oczekiwan\u0105 dat\u0119, czy istniej\u0105 alternatywy.<\/p>\n<p>Problemy s\u0105 rozwi\u0105zywane proaktywnie. Nie s\u0105 odkrywane, gdy kto\u015b pyta: \"Hej, gdzie jest to zam\u00f3wienie, kt\u00f3re z\u0142o\u017cy\u0142em trzy tygodnie temu?\".<\/p>\n\n\n<hr class=\"wp-block-separator has-alpha-channel-opacity\"\/>\n\n\n\n<h3 class=\"wp-block-heading\">Co to oznacza dla u\u017cytkownika<\/h3>\n\n\n\n<h4 class=\"wp-block-heading\">Dla CPO i lider\u00f3w zaopatrzenia<\/h4>\n\n\n<p>Zyskujesz kontrol\u0119 i wgl\u0105d w ca\u0142y proces od zakupu do zam\u00f3wienia.<\/p>\n<ul>\n<li><strong>Wi\u0119ksza zgodno\u015b\u0107 z umowami:<\/strong> Zam\u00f3wienia sp\u0142ywaj\u0105 do zakontraktowanych dostawc\u00f3w. Wynegocjowane warunki s\u0105 wykorzystywane. Zobowi\u0105zania ilo\u015bciowe s\u0105 realizowane.<\/li>\n<li><strong>Mniej niestandardowych wydatk\u00f3w:<\/strong> Gdy zatwierdzony proces jest szybki, ludzie korzystaj\u0105 z niego zamiast go omija\u0107.<\/li>\n<li><strong>Szybsze cykle zam\u00f3wie\u0144:<\/strong> Standardowe zam\u00f3wienia przetwarzane w ci\u0105gu kilku minut, a nie dni. Szybsze zaspokajanie potrzeb biznesowych.<\/li>\n<li><strong>Lepsza alokacja zasob\u00f3w:<\/strong> Kupuj\u0105cy pracuj\u0105 nad z\u0142o\u017conymi zakupami i negocjacjami, a nie rutynowym przetwarzaniem zam\u00f3wie\u0144.<\/li>\n<li><strong>Widoczno\u015b\u0107 wydatk\u00f3w:<\/strong> Wszystkie zam\u00f3wienia przep\u0142ywaj\u0105 przez system. Pe\u0142ny wgl\u0105d w to, co jest kupowane i od kogo.<\/li>\n<\/ul>\n\n\n<h4 class=\"wp-block-heading\">Dla mened\u017cer\u00f3w ds. zakup\u00f3w i kupuj\u0105cych<\/h4>\n\n\n<p>Przestajesz by\u0107 centrum przetwarzania zapotrzebowa\u0144 i stajesz si\u0119 funkcj\u0105 strategiczn\u0105.<\/p>\n<ul>\n<li><strong>Zaprzestanie przetwarzania rutynowych zam\u00f3wie\u0144:<\/strong> Standardowe zapotrzebowania przep\u0142ywaj\u0105 automatycznie. Ty zajmujesz si\u0119 tylko tym, co wymaga specjalistycznej wiedzy.<\/li>\n<li><strong>Skoncentruj si\u0119 na z\u0142o\u017conych zakupach:<\/strong> Czas na negocjacje. Zarz\u0105dzanie relacjami z dostawcami. Strategiczne zaopatrzenie.<\/li>\n<li><strong>Lepsze wykorzystanie kontrakt\u00f3w:<\/strong> Zam\u00f3wienia automatycznie trafiaj\u0105 do w\u0142a\u015bciwych dostawc\u00f3w na w\u0142a\u015bciwych warunkach.<\/li>\n<li><strong>Mniej sprawdzania statusu:<\/strong> Zautomatyzowane \u015bledzenie obs\u0142uguje rutynowe pytania. Ty skupiasz si\u0119 na wyj\u0105tkach.<\/li>\n<li><strong>Wyra\u017ane obci\u0105\u017cenie prac\u0105:<\/strong> Dowiedz si\u0119, co wymaga Twojej uwagi. To, co rutynowe, jest obs\u0142ugiwane automatycznie.<\/li>\n<\/ul>\n\n\n<h4 class=\"wp-block-heading\">Dla wnioskodawc\u00f3w i u\u017cytkownik\u00f3w biznesowych<\/h4>\n\n\n<p>Otrzymujesz to, czego potrzebujesz, szybciej i mniej k\u0142opotliwie.<\/p>\n<ul>\n<li><strong>Szybsze zam\u00f3wienia:<\/strong> Standardowe zapotrzebowania zatwierdzane i zamawiane w ci\u0105gu kilku minut. Koniec z dniami oczekiwania na rutynowe produkty.<\/li>\n<li><strong>Wyczy\u015b\u0107 status:<\/strong> Dowiedz si\u0119, gdzie jest Twoje zam\u00f3wienie bez pytania. Proaktywne aktualizacje dotycz\u0105ce dostawy.<\/li>\n<li><strong>\u0141atwy proces:<\/strong> Jasne wskaz\u00f3wki dotycz\u0105ce tego, co jest potrzebne. Natychmiastowa informacja zwrotna, je\u015bli co\u015b jest nie tak.<\/li>\n<li><strong>Lepsza obs\u0142uga:<\/strong> Preferowani dostawcy sugerowani automatycznie. Najlepsze czasy i warunki dostawy.<\/li>\n<li><strong>Koniec z obej\u015bciami:<\/strong> Zatwierdzony proces jest na tyle szybki, \u017ce nie trzeba go pomija\u0107.<\/li>\n<\/ul>\n\n\n<hr class=\"wp-block-separator has-alpha-channel-opacity\"\/>\n\n\n\n<h3 class=\"wp-block-heading\">Czego sztuczna inteligencja nie zrobi<\/h3>\n\n\n<p>Wyja\u015bnijmy sobie, czym to nie jest.<\/p>\n<p>Sztuczna inteligencja nie zatwierdza zakup\u00f3w. Zatwierdzaj\u0105 je ludzie. Sztuczna inteligencja po prostu kieruje \u017c\u0105dania do w\u0142a\u015bciwego zatwierdzaj\u0105cego z odpowiednimi informacjami.<\/p>\n<p>Sztuczna inteligencja nie zast\u0105pi oceny kupuj\u0105cego w przypadku z\u0142o\u017conych zakup\u00f3w. Nowi dostawcy. Niestandardowe przedmioty. Wyposa\u017cenie kapita\u0142owe. Zakupy strategiczne. Te wymagaj\u0105 ludzkiej wiedzy.<\/p>\n<p>Sztuczna inteligencja nie eliminuje ca\u0142ej pracy r\u0119cznej. Niekt\u00f3re zapotrzebowania s\u0105 z\u0142o\u017cone. Niekt\u00f3re zam\u00f3wienia wymagaj\u0105 specjalnej obs\u0142ugi. Niekt\u00f3re sytuacje wymagaj\u0105 ludzkiej oceny ryzyka, jako\u015bci lub wyboru dostawcy.<\/p>\n<p>AI zajmuje si\u0119 rutyn\u0105. Standardowe zam\u00f3wienia, kt\u00f3re s\u0105 zgodne z wzorcami. 80% zapotrzebowa\u0144, kt\u00f3re nie wymagaj\u0105 ludzkiej wiedzy, ale historycznie i tak j\u0105 otrzymywa\u0142y, poniewa\u017c proces wymaga\u0142 r\u0119cznej obs\u0142ugi.<\/p>\n<p>Twoi kupuj\u0105cy nadal podejmuj\u0105 decyzje. Po prostu podejmuj\u0105 decyzje dotycz\u0105ce rzeczy, kt\u00f3re faktycznie wymagaj\u0105 ich wiedzy.<\/p>\n\n\n<hr class=\"wp-block-separator has-alpha-channel-opacity\"\/>\n\n\n\n<h3 class=\"wp-block-heading\">Rzeczywiste wyniki dzi\u0119ki sztucznej inteligencji zam\u00f3wie\u0144 i zapotrzebowa\u0144<\/h3>\n\n\n<p>Oto jak to wygl\u0105da w praktyce:<\/p>\n\n<p><strong>70-80% zapotrzebowa\u0144 przetwarzanych automatycznie:<\/strong> Standardowe zam\u00f3wienia s\u0105 realizowane bez interwencji kupuj\u0105cego. Kupuj\u0105cy koncentruj\u0105 si\u0119 na modelu 20-30%, kt\u00f3ry wymaga specjalistycznej wiedzy.<\/p>\n\n<p><strong>Skr\u00f3cenie czasu cyklu zatwierdzania o 50-70%:<\/strong> Zapotrzebowania natychmiast trafiaj\u0105 do w\u0142a\u015bciwej osoby zatwierdzaj\u0105cej. Bez zamieszania, bez op\u00f3\u017anie\u0144, bez odsy\u0142ania.<\/p>\n\n<p><strong>Zgodno\u015b\u0107 z umow\u0105 zwi\u0119ksza 15-30%:<\/strong> Zam\u00f3wienia automatycznie przep\u0142ywaj\u0105 do zakontraktowanych dostawc\u00f3w na zakontraktowanych warunkach. Spadaj\u0105 niestandardowe wydatki.<\/p>\n\n<p><strong>Zdolno\u015b\u0107 nabywcza uwolniona:<\/strong> Godziny dziennie odzyskane z rutynowego przetwarzania zam\u00f3wie\u0144. Czas przesuni\u0119ty na strategiczne pozyskiwanie i negocjacje.<\/p>\n\n<p><strong>Lepsze wra\u017cenia u\u017cytkownika:<\/strong> Wystarczaj\u0105co szybko, aby ludzie korzystali z systemu zamiast szuka\u0107 obej\u015b\u0107. Wi\u0119ksza adopcja oznacza lepsz\u0105 widoczno\u015b\u0107 wydatk\u00f3w.<\/p>\n\n<p>Nie chodzi tu o redukcj\u0119 zatrudnienia w dziale zakup\u00f3w. Chodzi o umo\u017cliwienie dzia\u0142owi zakup\u00f3w wykonywania bardziej strategicznej pracy przy u\u017cyciu tych samych zasob\u00f3w.<\/p>\n\n\n<hr class=\"wp-block-separator has-alpha-channel-opacity\"\/>\n\n\n\n<h3 class=\"wp-block-heading\">Chcesz przyspieszy\u0107 proces realizacji zam\u00f3wie\u0144?<\/h3>\n\n\n<p>Proces sk\u0142adania zapotrzebowa\u0144 i zam\u00f3wie\u0144 w ka\u017cdej firmie jest inny. Przep\u0142ywy pracy zwi\u0105zane z zatwierdzaniem odzwierciedlaj\u0105 struktur\u0119 organizacyjn\u0105. Baza dostawc\u00f3w ma unikalne cechy. Kategorie maj\u0105 r\u00f3\u017cne wymagania.<\/p>\n<p>Nie sprzedajemy og\u00f3lnej automatyzacji zaopatrzenia. Przygl\u0105damy si\u0119 konkretnemu procesowi od zapotrzebowania do zam\u00f3wienia. Okre\u015blamy, kt\u00f3re zam\u00f3wienia mo\u017cna zautomatyzowa\u0107, a kt\u00f3re wymagaj\u0105 ludzkiej wiedzy. Tworzymy systemy, kt\u00f3re pasuj\u0105 do tego, jak faktycznie dzia\u0142a Twoja organizacja.<\/p>\n<p>Nie obiecujemy, \u017ce wszystko zostanie zautomatyzowane. Po prostu praktyczna sztuczna inteligencja, kt\u00f3ra obs\u0142uguje rutynowe zam\u00f3wienia, dzi\u0119ki czemu kupuj\u0105cy mog\u0105 skupi\u0107 si\u0119 na strategicznych zakupach.<\/p>\n\n<p><a href=\"https:\/\/www.leaplytics.de\/pl\/kontakt\/\">Porozmawiajmy o procesie zam\u00f3wie\u0144<\/a><\/p>\n\n<p><a href=\"https:\/\/www.leaplytics.de\/pl\/sourcing-procurement-ai\/\">Powr\u00f3t do Sourcing &amp; Procurement AI<\/a><\/p>","protected":false},"excerpt":{"rendered":"<p>AI for Purchase Requisition &#038; Ordering: Speed Up the Buying Process Purchase requisitions and ordering should be simple. Someone needs something. They request it. It gets approved. The order goes out. Done. But it&#8217;s not simple. Requisitions sit in inboxes waiting for approval. Buyers manually process routine orders. People don&#8217;t know which supplier to use. &hellip; <\/p>","protected":false},"author":2,"featured_media":0,"parent":0,"menu_order":0,"comment_status":"closed","ping_status":"closed","template":"","meta":{"footnotes":""},"class_list":["post-14511","page","type-page","status-publish","hentry","latest_post"],"_links":{"self":[{"href":"https:\/\/www.leaplytics.de\/pl\/wp-json\/wp\/v2\/pages\/14511","targetHints":{"allow":["GET"]}}],"collection":[{"href":"https:\/\/www.leaplytics.de\/pl\/wp-json\/wp\/v2\/pages"}],"about":[{"href":"https:\/\/www.leaplytics.de\/pl\/wp-json\/wp\/v2\/types\/page"}],"author":[{"embeddable":true,"href":"https:\/\/www.leaplytics.de\/pl\/wp-json\/wp\/v2\/users\/2"}],"replies":[{"embeddable":true,"href":"https:\/\/www.leaplytics.de\/pl\/wp-json\/wp\/v2\/comments?post=14511"}],"version-history":[{"count":1,"href":"https:\/\/www.leaplytics.de\/pl\/wp-json\/wp\/v2\/pages\/14511\/revisions"}],"predecessor-version":[{"id":14518,"href":"https:\/\/www.leaplytics.de\/pl\/wp-json\/wp\/v2\/pages\/14511\/revisions\/14518"}],"wp:attachment":[{"href":"https:\/\/www.leaplytics.de\/pl\/wp-json\/wp\/v2\/media?parent=14511"}],"curies":[{"name":"wp","href":"https:\/\/api.w.org\/{rel}","templated":true}]}}