{"id":14512,"date":"2025-12-19T02:02:44","date_gmt":"2025-12-19T01:02:44","guid":{"rendered":"https:\/\/www.leaplytics.de\/?page_id=14512"},"modified":"2025-12-19T02:02:45","modified_gmt":"2025-12-19T01:02:45","slug":"analiza-wydatkow-optymalizacja-ai","status":"publish","type":"page","link":"https:\/\/www.leaplytics.de\/pl\/analiza-wydatkow-optymalizacja-ai\/","title":{"rendered":"Analiza i optymalizacja wydatk\u00f3w AI"},"content":{"rendered":"<h2>Sztuczna inteligencja do analizy i optymalizacji wydatk\u00f3w: Znajd\u017a pieni\u0105dze, kt\u00f3re zostawiasz na stole<\/h2>\n\n<p>Wydajesz miliony. Ale gdzie dok\u0142adnie? Kt\u00f3rzy dostawcy? Kt\u00f3re kategorie? Po jakich cenach? W por\u00f3wnaniu do tego, co powiniene\u015b p\u0142aci\u0107?<\/p>\n<p>Wi\u0119kszo\u015b\u0107 firm nie potrafi odpowiedzie\u0107 na te pytania. Nie dlatego, \u017ce nie \u015bledz\u0105 wydatk\u00f3w. Maj\u0105 systemy ERP. Maj\u0105 systemy zakupowe. Maj\u0105 dane.<\/p>\n<p>Ale dane s\u0105 nieuporz\u0105dkowane. R\u00f3\u017cne formaty. R\u00f3\u017cne systemy. R\u00f3\u017cne kodowanie. Ich r\u0119czna analiza oznacza tygodnie pracy nad tworzeniem arkuszy kalkulacyjnych, kt\u00f3re staj\u0105 si\u0119 nieaktualne przed zako\u0144czeniem pracy.<\/p>\n<p>Zespo\u0142y zakupowe dzia\u0142aj\u0105 wi\u0119c po omacku. Znaj\u0105 ca\u0142kowite wydatki. Ale nie wiedz\u0105, gdzie s\u0105 mo\u017cliwo\u015bci oszcz\u0119dno\u015bci. Gdzie ceny s\u0105 zbyt wysokie. Gdzie mo\u017cna skonsolidowa\u0107 wolumen. Gdzie wyst\u0119puj\u0105 niestandardowe wydatki.<\/p>\n<p>Sztuczna inteligencja to naprawia. Czy\u015bci dane. Automatycznie kategoryzuje wydatki. Identyfikuje mo\u017cliwo\u015bci oszcz\u0119dno\u015bci. Wykrywa nietypowe wydatki. Zapewnia widoczno\u015b\u0107, kt\u00f3rej nigdy nie mia\u0142e\u015b czasu stworzy\u0107 r\u0119cznie.<\/p>\n\n\n<hr class=\"wp-block-separator has-alpha-channel-opacity\"\/>\n\n\n\n<h3 class=\"wp-block-heading\">Dlaczego analiza wydatk\u00f3w zawodzi w wi\u0119kszo\u015bci firm<\/h3>\n\n\n<p>Analiza wydatk\u00f3w powinna by\u0107 prosta. Pobierz dane dotycz\u0105ce zakup\u00f3w. Przeanalizuj je. Znajd\u017a mo\u017cliwo\u015bci. Dzia\u0142aj zgodnie z nimi.<\/p>\n<p>Nie jest to jednak proste. Oto dlaczego.<\/p>\n<p>Twoje dane o wydatkach s\u0105 wsz\u0119dzie. W r\u00f3\u017cnych systemach. R\u00f3\u017cne formaty. Transakcje ERP. Dane kart P. Faktury od dostawc\u00f3w. Ka\u017cdy zakodowany inaczej. Ka\u017cdy o innej strukturze.<\/p>\n<p>Ten sam dostawca ma pi\u0119\u0107 r\u00f3\u017cnych nazw w systemie. \"ABC Corp.\" \"ABC Corporation.\" \"ABC Co.\" \"A.B.C. Corp.\" \"ABC - Dostawca 12345\". Czy to ten sam dostawca, czy inny? Nikt tego nie wie bez r\u0119cznej weryfikacji.<\/p>\n<p>Ten sam produkt jest r\u00f3\u017cnie kategoryzowany przez r\u00f3\u017cnych kupuj\u0105cych. Materia\u0142y biurowe. Og\u00f3lne materia\u0142y eksploatacyjne. Wydatki administracyjne. MRO. Czy to jest to samo? Prawdopodobnie. Czy mo\u017cna to stwierdzi\u0107 na podstawie danych? Nie jest to \u0142atwe.<\/p>\n<p>Potrzebujesz wi\u0119c projektu. Zesp\u00f3\u0142. Tygodnie czyszczenia danych. R\u0119czne przegl\u0105danie i poprawianie rekord\u00f3w. Tworzenie kategorii. Tworzenie raport\u00f3w.<\/p>\n<p>Zanim sko\u0144czysz, dane s\u0105 ju\u017c stare. Warunki uleg\u0142y zmianie. Analiza znajduje si\u0119 w PowerPoincie, z kt\u00f3rego nikt nie korzysta, poniewa\u017c trwa\u0142o to zbyt d\u0142ugo i kosztowa\u0142o zbyt wiele.<\/p>\n<p>Lub, co bardziej powszechne, w og\u00f3le nie przeprowadza si\u0119 analizy. Poniewa\u017c nikt nie ma na to czasu. Dzia\u0142 zakup\u00f3w dzia\u0142a wi\u0119c w oparciu o instynkt i cz\u0119\u015bciowe informacje. Szanse na oszcz\u0119dno\u015bci pozostaj\u0105 niezauwa\u017cone. Problemy pozostaj\u0105 niezauwa\u017cone.<\/p>\n\n\n<hr class=\"wp-block-separator has-alpha-channel-opacity\"\/>\n\n\n\n<h3 class=\"wp-block-heading\">Co sztuczna inteligencja robi dla analizy i optymalizacji wydatk\u00f3w<\/h3>\n\n\n<p>Sztuczna inteligencja nie tylko przyspiesza analiz\u0119 wydatk\u00f3w. Sprawia, \u017ce staje si\u0119 ona ci\u0105g\u0142a. Oto jak to zrobi\u0107.<\/p>\n\n\n<h4 class=\"wp-block-heading\">Automatycznie kategoryzuje wydatki<\/h4>\n\n\n<p>Sztuczna inteligencja pobiera surowe dane dotycz\u0105ce wydatk\u00f3w. Wszystkie. Z ka\u017cdego systemu.<\/p>\n<p>Czy\u015bci go:<\/p>\n<ul>\n<li><strong>Normalizacja dostawc\u00f3w:<\/strong> Identyfikuje, \u017ce \"ABC Corp\", \"ABC Corporation\" i \"A.B.C. Corp\" s\u0105 tym samym dostawc\u0105. Tworzy g\u0142\u00f3wn\u0105 list\u0119 dostawc\u00f3w.<\/li>\n<li><strong>Klasyfikacja kategorii:<\/strong> Odczytuje opisy transakcji. Automatycznie przypisuje kategorie. Konsekwentnie.<\/li>\n<li><strong>Grupa produkt\u00f3w:<\/strong> Grupuje podobne przedmioty, nawet je\u015bli s\u0105 opisane inaczej. \"Papier do kopiarek\" i \"papier do drukarek\" prawdopodobnie nale\u017c\u0105 do siebie.<\/li>\n<li><strong>Walidacja kodu GL:<\/strong> Identyfikuje b\u0142\u0119dnie zakodowane transakcje. Sugeruje poprawki w oparciu o wzorce.<\/li>\n<li><strong>Mapowanie dzia\u0142\u00f3w i centr\u00f3w koszt\u00f3w:<\/strong> \u0141\u0105czy wydatki z jednostkami organizacyjnymi, nawet je\u015bli kodowanie jest niesp\u00f3jne.<\/li>\n<\/ul>\n<p>Przechodzisz od nieuporz\u0105dkowanych danych transakcyjnych do czystych, skategoryzowanych wydatk\u00f3w. Nie w ci\u0105gu tygodni. W godzinach.<\/p>\n<p>I nie jest to jednorazowe czyszczenie. Sztuczna inteligencja kategoryzuje nowe transakcje na bie\u017c\u0105co. Ci\u0105g\u0142a widoczno\u015b\u0107 wydatk\u00f3w bez ci\u0105g\u0142ej pracy r\u0119cznej.<\/p>\n<p>Mo\u017cesz natychmiast odpowiedzie\u0107 na podstawowe pytania:<\/p>\n<ul>\n<li>Ile wydajemy u poszczeg\u00f3lnych dostawc\u00f3w?<\/li>\n<li>Jakie s\u0105 nasze najwa\u017cniejsze kategorie wydatk\u00f3w?<\/li>\n<li>Kt\u00f3re dzia\u0142y wydaj\u0105 najwi\u0119cej na poszczeg\u00f3lne kategorie?<\/li>\n<li>Jak zmienia\u0142y si\u0119 wydatki na przestrzeni czasu?<\/li>\n<\/ul>\n<p>Pytania, kt\u00f3re kiedy\u015b wymaga\u0142y analityka danych, teraz zajmuj\u0105 kilka sekund.<\/p>\n\n\n<h4 class=\"wp-block-heading\">Identyfikuje mo\u017cliwo\u015bci oszcz\u0119dno\u015bci<\/h4>\n\n\n<p>Czyste dane s\u0105 przydatne. Ale cenne s\u0105 spostrze\u017cenia. Sztuczna inteligencja nie tylko organizuje wydatki, ale tak\u017ce znajduje miejsca, w kt\u00f3rych tracisz pieni\u0105dze.<\/p>\n\n<p><strong>Analiza zmienno\u015bci cen:<\/strong><\/p>\n<p>Kupujesz ten sam towar od trzech dostawc\u00f3w po trzech r\u00f3\u017cnych cenach. Lub od tego samego dostawcy po r\u00f3\u017cnych cenach w r\u00f3\u017cnych transakcjach.<\/p>\n<p>Sztuczna inteligencja identyfikuje te zmiany:<\/p>\n<ul>\n<li>Ten sam produkt, r\u00f3\u017cne ceny u r\u00f3\u017cnych dostawc\u00f3w<\/li>\n<li>Ten sam dostawca, niesp\u00f3jne ceny w r\u00f3\u017cnych transakcjach<\/li>\n<li>Podobne produkty z niewyja\u015bnionymi r\u00f3\u017cnicami cenowymi<\/li>\n<li>Ceny wy\u017csze ni\u017c zakontraktowane<\/li>\n<li>Podwy\u017cki cen przekraczaj\u0105ce warunki rynkowe lub umowne<\/li>\n<\/ul>\n<p>Okre\u015bla ilo\u015bciowo mo\u017cliwo\u015bci: \"Standaryzacja do najni\u017cszej ceny pozwoli\u0142aby zaoszcz\u0119dzi\u0107 $X rocznie\".<\/p>\n\n<p><strong>Mo\u017cliwo\u015bci konsolidacji wolumenu:<\/strong><\/p>\n<p>Kupujesz od pi\u0119ciu dostawc\u00f3w, podczas gdy m\u00f3g\u0142by\u015b skonsolidowa\u0107 si\u0119 z dwoma. Kupujesz ma\u0142e ilo\u015bci, podczas gdy wi\u0119ksze zam\u00f3wienia mog\u0142yby odblokowa\u0107 rabaty.<\/p>\n<p>Sztuczna inteligencja znajduje mo\u017cliwo\u015bci konsolidacji:<\/p>\n<ul>\n<li>Kategorie ze zbyt du\u017c\u0105 liczb\u0105 dostawc\u00f3w w stosunku do wolumenu<\/li>\n<li>Dostawcy, kt\u00f3rzy znajduj\u0105 si\u0119 tu\u017c poni\u017cej prog\u00f3w prze\u0142amania wolumenu<\/li>\n<li>Podobne produkty od r\u00f3\u017cnych dostawc\u00f3w, kt\u00f3re mog\u0105 by\u0107 standaryzowane<\/li>\n<li>Geograficzne mo\u017cliwo\u015bci konsolidacji wydatk\u00f3w regionalnych<\/li>\n<li>Kontrakty ze zobowi\u0105zaniami ilo\u015bciowymi, z kt\u00f3rych si\u0119 nie wywi\u0105zujesz<\/li>\n<\/ul>\n<p>Modeluje oszcz\u0119dno\u015bci: \"Konsolidacja tych pi\u0119ciu dostawc\u00f3w z Dostawc\u0105 A zmniejszy\u0142aby koszt jednostkowy o 12% i upro\u015bci\u0142aby zarz\u0105dzanie\".<\/p>\n\n<p><strong>Wykrywanie wyciek\u00f3w kontraktowych:<\/strong><\/p>\n<p>Wynegocjowa\u0142e\u015b \u015bwietny kontrakt. Ale czy z niego korzystasz? A mo\u017ce ludzie nadal kupuj\u0105 od starego dostawcy?<\/p>\n<p>Sztuczna inteligencja \u015bledzi wykorzystanie kontrakt\u00f3w:<\/p>\n<ul>\n<li>Wydatki z dostawcami niezakontraktowanymi dla zakontraktowanych kategorii<\/li>\n<li>Wolumen nie osi\u0105gaj\u0105cy zakontraktowanego minimum (utrata rabat\u00f3w ilo\u015bciowych)<\/li>\n<li>Ceny, kt\u00f3re nie s\u0105 zgodne z zakontraktowanymi stawkami<\/li>\n<li>Warunki niezgodne z wynegocjowanymi umowami<\/li>\n<\/ul>\n<p>Okre\u015bla ilo\u015bciowo, co tracisz: \"20% wydatk\u00f3w na materia\u0142y biurowe trafia do dostawc\u00f3w niezakontraktowanych po cenach \u015brednio o 15% wy\u017cszych. Potencjalne roczne oszcz\u0119dno\u015bci: $X\".<\/p>\n\n<p><strong>Mo\u017cliwo\u015bci wydatk\u00f3w na ogon:<\/strong><\/p>\n<p>Ma\u0142e zakupy u setek dostawc\u00f3w. Indywidualnie nie maj\u0105 one znaczenia. \u0141\u0105cznie s\u0105 to znacz\u0105ce wydatki bez efektu d\u017awigni i wysokich koszt\u00f3w administracyjnych.<\/p>\n<p>Sztuczna inteligencja identyfikuje wzorce wydatk\u00f3w:<\/p>\n<ul>\n<li>Kategorie z nadmiernym rozdrobnieniem dostawc\u00f3w<\/li>\n<li>Dostawcy z minimalnymi rocznymi wydatkami, ale cz\u0119stymi transakcjami<\/li>\n<li>Mo\u017cliwo\u015bci przeniesienia cz\u0119\u015bci wydatk\u00f3w do preferowanych dostawc\u00f3w<\/li>\n<li>Kategorie, w kt\u00f3rych katalogi lub karty zakupowe zmniejszy\u0142yby rozdrobnienie<\/li>\n<\/ul>\n\n\n<h4 class=\"wp-block-heading\">Wykrywa nietypowe wydatki<\/h4>\n\n\n<p>Nietypowe wydatki to zakupy dokonywane poza zatwierdzonymi procesami i dostawcami. Nie jest to dzia\u0142anie z\u0142o\u015bliwe. To ludzie pr\u00f3buj\u0105cy wykona\u0107 swoj\u0105 prac\u0119, gdy zatwierdzony proces jest zbyt powolny.<\/p>\n<p>Ale to kosztuje. Brak d\u017awigni ilo\u015bciowej. Brak wynegocjowanych warunk\u00f3w. Brak widoczno\u015bci wydatk\u00f3w. Cz\u0119sto wy\u017csze ceny.<\/p>\n<p>Sztuczna inteligencja wykrywa nietypowe wzorce wydatk\u00f3w:<\/p>\n<ul>\n<li><strong>Zakupy poza umow\u0105:<\/strong> Kupowanie od niepreferowanych dostawc\u00f3w, gdy istniej\u0105 opcje obj\u0119te umow\u0105.<\/li>\n<li><strong>Naruszenia zasad:<\/strong> Zakupy, kt\u00f3re omijaj\u0105 wymogi zatwierdzenia lub przekraczaj\u0105 limity delegacji.<\/li>\n<li><strong>Niew\u0142a\u015bciwe u\u017cycie karty P:<\/strong> Zakupy kart\u0105 korporacyjn\u0105 dla przedmiot\u00f3w, kt\u00f3re powinny zosta\u0107 poddane procedurze zaopatrzenia.<\/li>\n<li><strong>Zduplikowani dostawcy:<\/strong> R\u00f3\u017cne dzia\u0142y korzystaj\u0105ce z r\u00f3\u017cnych dostawc\u00f3w tych samych produkt\u00f3w.<\/li>\n<li><strong>Niezatwierdzeni dostawcy:<\/strong> Zakupy od dostawc\u00f3w spoza listy zatwierdzonych dostawc\u00f3w.<\/li>\n<\/ul>\n<p>Nie tylko sygnalizuje naruszenia. Analizuje, dlaczego do nich dochodzi:<\/p>\n<ul>\n<li>Czy zatwierdzony proces jest zbyt wolny?<\/li>\n<li>Czy preferowani dostawcy nie spe\u0142niaj\u0105 potrzeb?<\/li>\n<li>Czy ludzie nie wiedz\u0105, kim s\u0105 preferowani dostawcy?<\/li>\n<li>Czy istniej\u0105 uzasadnione luki w bazie dostawc\u00f3w?<\/li>\n<\/ul>\n<p>Otrzymujesz przydatne informacje. Nie tylko \"niestandardowe wydatki s\u0105 z\u0142e\", ale \"niestandardowe wydatki maj\u0105 miejsce w tych kategoriach z tych powod\u00f3w, a oto co z tym zrobi\u0107\".<\/p>\n\n\n<h4 class=\"wp-block-heading\">Benchmarki w stosunku do stawek rynkowych<\/h4>\n\n\n<p>P\u0142acisz $50 za jednostk\u0119. Ale czy to dobrze? Nie wiadomo bez kontekstu rynkowego.<\/p>\n<p>Sztuczna inteligencja zapewnia analiz\u0119 por\u00f3wnawcz\u0105:<\/p>\n<ul>\n<li><strong>Por\u00f3wnanie cen rynkowych:<\/strong> Jak Twoje ceny wypadaj\u0105 w por\u00f3wnaniu ze stawkami rynkowymi za podobne produkty?<\/li>\n<li><strong>Benchmarki bran\u017cowe:<\/strong> Jak Twoje wydatki wypadaj\u0105 w por\u00f3wnaniu z podobnymi firmami w Twojej bran\u017cy?<\/li>\n<li><strong>R\u00f3\u017cnice regionalne:<\/strong> Czy p\u0142acisz r\u00f3\u017cne ceny w r\u00f3\u017cnych regionach? Czy te r\u00f3\u017cnice s\u0105 uzasadnione?<\/li>\n<li><strong>Analiza trend\u00f3w cenowych:<\/strong> Czy ceny rynkowe rosn\u0105 czy spadaj\u0105? Czy zakontraktowane ceny zmieniaj\u0105 si\u0119 wraz z rynkiem?<\/li>\n<li><strong>Modelowanie koszt\u00f3w:<\/strong> W oparciu o koszty materia\u0142\u00f3w, robocizny i mar\u017ce, ile powiniene\u015b zap\u0142aci\u0107?<\/li>\n<\/ul>\n<p>Nie jest to idealne rozwi\u0105zanie. Ceny rynkowe r\u00f3\u017cni\u0105 si\u0119 w zale\u017cno\u015bci od wolumenu, specyfikacji, poziomu us\u0142ug i relacji. Ale wskaz\u00f3wki kierunkowe s\u0105 cenne.<\/p>\n<p>P\u0142acisz 20% powy\u017cej \u015bredniej rynkowej? Czas to sprawdzi\u0107. Albo twoje specyfikacje uzasadniaj\u0105 wy\u017cszy koszt, albo masz mo\u017cliwo\u015b\u0107 negocjacji.<\/p>\n<p>Ceny rynkowe spad\u0142y o 10%, ale Twoja umowa nie zosta\u0142a dostosowana? Czas na dyskusj\u0119 z dostawc\u0105.<\/p>\n\n\n<h4 class=\"wp-block-heading\">Prognozy przysz\u0142ych wydatk\u00f3w<\/h4>\n\n\n<p>W wi\u0119kszo\u015bci firm bud\u017cetowanie to zgadywanie. Zesz\u0142oroczne wydatki plus jaki\u015b procent. Mam nadziej\u0119, \u017ce jest blisko.<\/p>\n<p>Sztuczna inteligencja prognozuje na podstawie rzeczywistych wzorc\u00f3w:<\/p>\n<ul>\n<li><strong>Analiza trend\u00f3w:<\/strong> Jak wydatki zmienia\u0142y si\u0119 w przesz\u0142o\u015bci? Jakie s\u0105 wzorce?<\/li>\n<li><strong>Sezonowo\u015b\u0107:<\/strong> W kt\u00f3rych kategoriach wyst\u0119puj\u0105 wahania sezonowe? Kiedy wyst\u0119puj\u0105 skoki?<\/li>\n<li><strong>Zobowi\u0105zania umowne:<\/strong> Ile jeste\u015b zobowi\u0105zany wyda\u0107 na podstawie istniej\u0105cych um\u00f3w?<\/li>\n<li><strong>Czynniki wzrostu:<\/strong> Rozw\u00f3j dzia\u0142alno\u015bci. Zmiany w zatrudnieniu. Plany ekspansji. Jak wp\u0142ywaj\u0105 one na wydatki?<\/li>\n<li><strong>Wzrost cen:<\/strong> Zakontraktowane podwy\u017cki cen. Trendy rynkowe. Przewidywany wp\u0142yw inflacji.<\/li>\n<li><strong>Wp\u0142yw inicjatywy:<\/strong> Jak planowane projekty lub zmiany wp\u0142yn\u0105 na wydatki?<\/li>\n<\/ul>\n<p>Otrzymujesz prognozy wydatk\u00f3w wed\u0142ug kategorii, dostawc\u00f3w i dzia\u0142\u00f3w. Lepsze bud\u017cetowanie. Wczesne ostrzeganie, gdy wydatki przekraczaj\u0105 prognoz\u0119. Wgl\u0105d w to, co nap\u0119dza zmiany.<\/p>\n<p>Finanse pytaj\u0105: \"Dlaczego wydatki w trzecim kwartale przekroczy\u0142y bud\u017cet o $200K?\". Mo\u017cesz odpowiedzie\u0107 na to pytanie za pomoc\u0105 danych, a nie domys\u0142\u00f3w.<\/p>\n\n\n<hr class=\"wp-block-separator has-alpha-channel-opacity\"\/>\n\n\n\n<h3 class=\"wp-block-heading\">Co to oznacza dla u\u017cytkownika<\/h3>\n\n\n\n<h4 class=\"wp-block-heading\">Dla CPO i lider\u00f3w zaopatrzenia<\/h4>\n\n\n<p>Uzyskasz widoczno\u015b\u0107 wydatk\u00f3w, o kt\u00f3rej zawsze marzy\u0142e\u015b, ale nigdy nie mia\u0142e\u015b czasu na jej stworzenie.<\/p>\n<ul>\n<li><strong>Przejrzysta widoczno\u015b\u0107 wydatk\u00f3w:<\/strong> Dowiedz si\u0119, gdzie trafiaj\u0105 pieni\u0105dze. Wed\u0142ug kategorii. Wed\u0142ug dostawcy. Wed\u0142ug dzia\u0142u. W czasie rzeczywistym.<\/li>\n<li><strong>Ilo\u015bciowe mo\u017cliwo\u015bci oszcz\u0119dno\u015bci:<\/strong> Nie przeczucia. Konkretne mo\u017cliwo\u015bci z kwotami w dolarach.<\/li>\n<li><strong>Dane do prowadzenia negocjacji:<\/strong> Benchmarki rynkowe. Koncentracja wydatk\u00f3w. R\u00f3\u017cnice w cenach. Dowody na lepsze oferty.<\/li>\n<li><strong>Strategiczne zarz\u0105dzanie kategori\u0105:<\/strong> Okre\u015bl, kt\u00f3re kategorie wymagaj\u0105 uwagi. Ustal priorytety dzia\u0142a\u0144 w oparciu o wielko\u015b\u0107 mo\u017cliwo\u015bci.<\/li>\n<li><strong>Wska\u017aniki wydajno\u015bci zam\u00f3wie\u0144:<\/strong> \u015aledzenie zrealizowanych oszcz\u0119dno\u015bci. Zgodno\u015b\u0107 z umow\u0105. Nietypowe wydatki. Trendy koszt\u00f3w kategorii.<\/li>\n<\/ul>\n\n\n<h4 class=\"wp-block-heading\">Dla mened\u017cer\u00f3w ds. zakup\u00f3w i kupuj\u0105cych<\/h4>\n\n\n<p>Wiesz, gdzie skoncentrowa\u0107 swoje wysi\u0142ki, aby uzyska\u0107 maksymalny efekt.<\/p>\n<ul>\n<li><strong>Wiedzie\u0107, gdzie trafiaj\u0105 pieni\u0105dze:<\/strong> Bez sp\u0119dzania tygodni na tworzeniu raport\u00f3w. Natychmiastowe odpowiedzi na pytania dotycz\u0105ce wydatk\u00f3w.<\/li>\n<li><strong>Skoncentruj si\u0119 na kategoriach o du\u017cym wp\u0142ywie:<\/strong> Sprawd\u017a, kt\u00f3re kategorie maj\u0105 najwi\u0119ksze mo\u017cliwo\u015bci oszcz\u0119dno\u015bci. Ustal strategiczne priorytety.<\/li>\n<li><strong>Cele konsolidacji dostawc\u00f3w:<\/strong> Zidentyfikuj, gdzie masz zbyt wielu dostawc\u00f3w i jakie oszcz\u0119dno\u015bci mo\u017ce przynie\u015b\u0107 konsolidacja.<\/li>\n<li><strong>Widoczno\u015b\u0107 zgodno\u015bci z umowami:<\/strong> Sprawd\u017a, gdzie zakontraktowane warunki nie s\u0105 u\u017cywane. Zwi\u0119ksz adopcj\u0119.<\/li>\n<li><strong>Przygotowanie do negocjacji:<\/strong> Przyst\u0119puj do rozm\u00f3w z dostawcami z danymi dotycz\u0105cymi wydatk\u00f3w i kontekstem rynkowym.<\/li>\n<\/ul>\n\n\n<h4 class=\"wp-block-heading\">Dla zespo\u0142\u00f3w finansowych<\/h4>\n\n\n<p>Zyskujesz przejrzysto\u015b\u0107 wydatk\u00f3w i dok\u0142adno\u015b\u0107 bud\u017cetu, jakiej nigdy wcze\u015bniej nie mia\u0142e\u015b.<\/p>\n<ul>\n<li><strong>Wi\u0119ksza dok\u0142adno\u015b\u0107 bud\u017cetu:<\/strong> Prognozy oparte na rzeczywistych wzorcach wydatk\u00f3w, a nie domys\u0142ach.<\/li>\n<li><strong>Uzasadnione inwestycje w zam\u00f3wienia:<\/strong> Udokumentowane mo\u017cliwo\u015bci oszcz\u0119dno\u015bci, kt\u00f3re uzasadniaj\u0105 zasoby zakupowe.<\/li>\n<li><strong>Udokumentowane oszcz\u0119dno\u015bci:<\/strong> \u015aled\u017a zrealizowane oszcz\u0119dno\u015bci z inicjatyw zakupowych. Poka\u017c zwrot z inwestycji.<\/li>\n<li><strong>Analiza wariancji:<\/strong> Zrozum, co powoduje zmiany w wydatkach. Rzeczywiste powody, a nie teorie.<\/li>\n<li><strong>Kontrola koszt\u00f3w:<\/strong> Wczesne ostrze\u017cenie, gdy wydatki przekraczaj\u0105 bud\u017cet. Czas na dzia\u0142anie, zanim b\u0119dzie za p\u00f3\u017ano.<\/li>\n<\/ul>\n\n\n<hr class=\"wp-block-separator has-alpha-channel-opacity\"\/>\n\n\n\n<h3 class=\"wp-block-heading\">Czego sztuczna inteligencja nie zrobi<\/h3>\n\n\n<p>Wyja\u015bnijmy, czym nie jest sztuczna inteligencja do analizy wydatk\u00f3w.<\/p>\n<p>Sztuczna inteligencja nie wy\u0142apuje oszcz\u0119dno\u015bci automatycznie. Identyfikuje mo\u017cliwo\u015bci. Ludzie musz\u0105 na nie reagowa\u0107. Negocjowa\u0107 z dostawcami. Konsolidowa\u0107 wolumen. Egzekwowa\u0107 zgodno\u015b\u0107 z umowami.<\/p>\n<p>Sztuczna inteligencja nie rozumie kontekstu bez udzia\u0142u cz\u0142owieka. Czasami wy\u017csze ceny s\u0105 uzasadnione jako\u015bci\u0105, us\u0142ugami lub strategicznymi relacjami. Czasami fragmentacja dostawc\u00f3w s\u0142u\u017cy jakiemu\u015b celowi. Sztuczna inteligencja zaznacza liczby; ty stosujesz ocen\u0119 biznesow\u0105.<\/p>\n<p>Sztuczna inteligencja nie naprawi z\u0142ych proces\u00f3w zakupowych. Je\u015bli procesy s\u0105 powolne i ludzie je omijaj\u0105, analiza wydatk\u00f3w poka\u017ce problem. Naprawienie go wymaga jednak usprawnienia procesu, a nie tylko analizy.<\/p>\n<p>AI sprawia, \u017ce wydatki s\u0105 widoczne. Pokazuje, gdzie istniej\u0105 mo\u017cliwo\u015bci. Kwantyfikuje potencjalne oszcz\u0119dno\u015bci. \u015aledzenie post\u0119p\u00f3w.<\/p>\n<p>Tw\u00f3j zesp\u00f3\u0142 ds. zakup\u00f3w nadal musi wykonywa\u0107 swoj\u0105 prac\u0119. Ale robi\u0105 to z jasnym kierunkiem, a nie zgadywaniem.<\/p>\n\n\n<hr class=\"wp-block-separator has-alpha-channel-opacity\"\/>\n\n\n\n<h3 class=\"wp-block-heading\">Rzeczywiste wyniki analizy wydatk\u00f3w AI<\/h3>\n\n\n<p>Oto jak to wygl\u0105da w praktyce:<\/p>\n\n<p><strong>Ci\u0105g\u0142a widoczno\u015b\u0107 wydatk\u00f3w:<\/strong> Koniec z kwartalnymi projektami analizy wydatk\u00f3w. Kategoryzacja i raportowanie w czasie rzeczywistym. Natychmiastowa odpowied\u017a na pytania.<\/p>\n\n<p><strong>Identyfikacja oszcz\u0119dno\u015bci:<\/strong> Typowe firmy znajduj\u0105 8-15% mo\u017cliwo\u015bci oszcz\u0119dno\u015bci w pierwszej analizie. Nie wszystkie s\u0105 mo\u017cliwe do zrealizowania, ale wystarczaj\u0105ce, aby uzasadni\u0107 wysi\u0142ek.<\/p>\n\n<p><strong>Szybsza strategia kategorii:<\/strong> Identyfikacja mo\u017cliwo\u015bci dla kategorii, kt\u00f3ra zajmowa\u0142a tygodnie, teraz zajmuje kilka dni. Wi\u0119cej kategorii zarz\u0105dzanych strategicznie.<\/p>\n\n<p><strong>Lepsze negocjacje:<\/strong> Kupuj\u0105cy przyst\u0119puj\u0105 do rozm\u00f3w z danymi. Lepsze wyniki, gdy znasz swoje wydatki, stawki rynkowe i punkty d\u017awigni.<\/p>\n\n<p><strong>Nietypowa redukcja wydatk\u00f3w:<\/strong> Widoczno\u015b\u0107 nap\u0119dza popraw\u0119. Mierzenie i raportowanie niestandardowych wydatk\u00f3w powoduje ich spadek. Zwykle redukcja o 30-50% w czasie.<\/p>\n\n<p>Nie chodzi tu o zast\u0105pienie zespo\u0142\u00f3w zakupowych sztuczn\u0105 inteligencj\u0105. Chodzi o zapewnienie im widoczno\u015bci i narz\u0119dzi do bardziej strategicznego dzia\u0142ania.<\/p>\n\n\n<hr class=\"wp-block-separator has-alpha-channel-opacity\"\/>\n\n\n\n<h3 class=\"wp-block-heading\">Chcesz zobaczy\u0107, gdzie trafiaj\u0105 twoje pieni\u0105dze?<\/h3>\n\n\n<p>Dane dotycz\u0105ce wydatk\u00f3w ka\u017cdej firmy s\u0105 inne. R\u00f3\u017cne systemy. R\u00f3\u017cne struktury. R\u00f3\u017cne kategorie, kt\u00f3re maj\u0105 znaczenie dla Twojej firmy.<\/p>\n<p>Nie sprzedajemy uniwersalnych narz\u0119dzi do analizy wydatk\u00f3w. Analizujemy konkretne \u017ar\u00f3d\u0142a danych i wzorce wydatk\u00f3w. Tworzymy kategoryzacj\u0119, kt\u00f3ra pasuje do sposobu zarz\u0105dzania kategoriami. Tworzymy raporty i alerty, kt\u00f3re odpowiadaj\u0105 na konkretne pytania.<\/p>\n<p>Nie obiecujemy, \u017ce znajdziemy miliony oszcz\u0119dno\u015bci. Po prostu jasny wgl\u0105d w to, gdzie wydajesz pieni\u0105dze i gdzie istniej\u0105 mo\u017cliwo\u015bci.<\/p>\n\n<p><a href=\"https:\/\/www.leaplytics.de\/pl\/kontakt\/\">Porozmawiajmy o Twoich potrzebach w zakresie analizy wydatk\u00f3w<\/a><\/p>\n\n<p><a href=\"https:\/\/www.leaplytics.de\/pl\/sourcing-procurement-ai\/\">Powr\u00f3t do Sourcing &amp; Procurement AI<\/a><\/p>","protected":false},"excerpt":{"rendered":"<p>AI for Spend Analysis &#038; Optimization: Find the Money You&#8217;re Leaving on the Table You&#8217;re spending millions. But where exactly? Which suppliers? Which categories? At what prices? Compared to what you should be paying? Most companies can&#8217;t answer these questions. Not because they don&#8217;t track spending. They have ERPs. They have purchasing systems. They have &hellip; <\/p>","protected":false},"author":2,"featured_media":0,"parent":0,"menu_order":0,"comment_status":"closed","ping_status":"closed","template":"","meta":{"footnotes":""},"class_list":["post-14512","page","type-page","status-publish","hentry","latest_post"],"_links":{"self":[{"href":"https:\/\/www.leaplytics.de\/pl\/wp-json\/wp\/v2\/pages\/14512","targetHints":{"allow":["GET"]}}],"collection":[{"href":"https:\/\/www.leaplytics.de\/pl\/wp-json\/wp\/v2\/pages"}],"about":[{"href":"https:\/\/www.leaplytics.de\/pl\/wp-json\/wp\/v2\/types\/page"}],"author":[{"embeddable":true,"href":"https:\/\/www.leaplytics.de\/pl\/wp-json\/wp\/v2\/users\/2"}],"replies":[{"embeddable":true,"href":"https:\/\/www.leaplytics.de\/pl\/wp-json\/wp\/v2\/comments?post=14512"}],"version-history":[{"count":1,"href":"https:\/\/www.leaplytics.de\/pl\/wp-json\/wp\/v2\/pages\/14512\/revisions"}],"predecessor-version":[{"id":14520,"href":"https:\/\/www.leaplytics.de\/pl\/wp-json\/wp\/v2\/pages\/14512\/revisions\/14520"}],"wp:attachment":[{"href":"https:\/\/www.leaplytics.de\/pl\/wp-json\/wp\/v2\/media?parent=14512"}],"curies":[{"name":"wp","href":"https:\/\/api.w.org\/{rel}","templated":true}]}}