{"id":14514,"date":"2025-12-19T02:03:17","date_gmt":"2025-12-19T01:03:17","guid":{"rendered":"https:\/\/www.leaplytics.de\/?page_id=14514"},"modified":"2025-12-19T02:03:17","modified_gmt":"2025-12-19T01:03:17","slug":"zarzadzanie-ryzykiem-zwiazanym-z-wydajnoscia-dostawcow-ai","status":"publish","type":"page","link":"https:\/\/www.leaplytics.de\/pl\/zarzadzanie-ryzykiem-zwiazanym-z-wydajnoscia-dostawcow-ai\/","title":{"rendered":"Wydajno\u015b\u0107 dostawc\u00f3w i zarz\u0105dzanie ryzykiem AI"},"content":{"rendered":"<h2>AI dla wydajno\u015bci dostawc\u00f3w i zarz\u0105dzania ryzykiem: Poznaj swoich dostawc\u00f3w, zanim spowoduj\u0105 problemy<\/h2>\n\n<p>Twoja firma zale\u017cy od dostawc\u00f3w. Dostarczaj\u0105 oni potrzebne materia\u0142y. Komponenty, z kt\u00f3rych budujesz. Us\u0142ugi, kt\u00f3re utrzymuj\u0105 operacje w ruchu.<\/p>\n<p>Gdy dostawcy osi\u0105gaj\u0105 dobre wyniki, nie my\u015bli si\u0119 o nich. Kiedy zawodz\u0105, wszystko si\u0119 zatrzymuje.<\/p>\n<p>Op\u00f3\u017anione dostawy op\u00f3\u017aniaj\u0105 produkcj\u0119. Problemy z jako\u015bci\u0105 powoduj\u0105 przer\u00f3bki i skargi klient\u00f3w. Problemy finansowe powoduj\u0105 przerwy w dostawach. Naruszenia zgodno\u015bci powoduj\u0105 ryzyko prawne. Ma\u0142e problemy z dostawcami staj\u0105 si\u0119 du\u017cymi problemami biznesowymi.<\/p>\n<p>Jednak wi\u0119kszo\u015b\u0107 firm nie monitoruje systematycznie wydajno\u015bci dostawc\u00f3w. Nie dlatego, \u017ce ich to nie obchodzi. Poniewa\u017c r\u0119czne \u015bledzenie setek dostawc\u00f3w jest niemo\u017cliwe.<\/p>\n<p>Problemy s\u0105 zauwa\u017cane dopiero wtedy, gdy dotycz\u0105 Ciebie. Op\u00f3\u017aniona dostawa, kt\u00f3ra wstrzymuje produkcj\u0119. Problem z jako\u015bci\u0105, kt\u00f3ry dociera do klient\u00f3w. Bankructwo dostawcy, kt\u00f3re sprawia, \u017ce szukasz alternatywnych rozwi\u0105za\u0144.<\/p>\n<p>Sztuczna inteligencja to zmienia. W spos\u00f3b ci\u0105g\u0142y monitoruje wydajno\u015b\u0107 dostawc\u00f3w. \u015aledzi sygna\u0142y ryzyka z wielu \u017ar\u00f3de\u0142. Ostrzega o problemach, zanim wp\u0142yn\u0105 one na operacje. Zamienia reaktywne gaszenie po\u017car\u00f3w w proaktywne zarz\u0105dzanie ryzykiem.<\/p>\n\n\n<hr class=\"wp-block-separator has-alpha-channel-opacity\"\/>\n\n\n\n<h3 class=\"wp-block-heading\">Dlaczego zarz\u0105dzanie wydajno\u015bci\u0105 dostawc\u00f3w zawodzi<\/h3>\n\n\n<p>Wi\u0119kszo\u015b\u0107 firm posiada jak\u0105\u015b form\u0119 \u015bledzenia wydajno\u015bci dostawc\u00f3w. Karty wynik\u00f3w. Kwartalne przegl\u0105dy biznesowe. Oceny roczne.<\/p>\n<p>S\u0105 to jednak dane retrospektywne i okresowe. M\u00f3wi\u0105 o tym, co wydarzy\u0142o si\u0119 w ostatnim kwartale. Nie m\u00f3wi\u0105 o tym, co dzieje si\u0119 teraz, ani o nadchodz\u0105cych problemach.<\/p>\n<p>Wyniki dostaw dostawcy wygl\u0105daj\u0105 dobrze w kwartalnym przegl\u0105dzie. Ale w ci\u0105gu ostatnich trzech tygodni sp\u00f3\u017ani\u0142 si\u0119 z po\u0142ow\u0105 dostaw. Nikt tego nie zauwa\u017ca, dop\u00f3ki nie wp\u0142ynie to na produkcj\u0119.<\/p>\n<p>Finanse dostawcy wygl\u0105da\u0142y dobrze podczas corocznego przegl\u0105du. Ale w\u0142a\u015bnie straci\u0142 swojego najwi\u0119kszego klienta. Zanim si\u0119 o tym dowiesz, dostawca jest w tarapatach, podobnie jak Tw\u00f3j \u0142a\u0144cuch dostaw.<\/p>\n<p>Dotyczy to krytycznych dostawc\u00f3w, u kt\u00f3rych przeprowadzane s\u0105 formalne przegl\u0105dy. Dla pozosta\u0142ych 80% bazy dostawc\u00f3w? S\u0105 oni monitorowani tylko wtedy, gdy problemy staj\u0105 si\u0119 oczywiste.<\/p>\n<p>Monitorowanie r\u0119czne nie skaluje si\u0119. Nie mo\u017cna \u015bledzi\u0107 wydajno\u015bci dostaw dla 300 dostawc\u00f3w. Nie mo\u017cesz monitorowa\u0107 wiadomo\u015bci finansowych dla ka\u017cdej firmy, od kt\u00f3rej kupujesz. Nie mo\u017cna stale sprawdza\u0107 statusu zgodno\u015bci.<\/p>\n<p>Monitorujesz wi\u0119c du\u017cych dostawc\u00f3w i masz nadziej\u0119, \u017ce pozostali nie spowoduj\u0105 problem\u00f3w. Nadzieja nie jest strategi\u0105 zarz\u0105dzania ryzykiem.<\/p>\n\n\n<hr class=\"wp-block-separator has-alpha-channel-opacity\"\/>\n\n\n\n<h3 class=\"wp-block-heading\">Co AI robi dla wydajno\u015bci dostawc\u00f3w i zarz\u0105dzania ryzykiem<\/h3>\n\n\n<p>Sztuczna inteligencja nie tylko \u015bledzi wydajno\u015b\u0107 dostawc\u00f3w. Przewiduje problemy. Oto jak.<\/p>\n\n\n<h4 class=\"wp-block-heading\">Ci\u0105g\u0142e monitorowanie wydajno\u015bci dostawc\u00f3w<\/h4>\n\n\n<p>Sztuczna inteligencja \u015bledzi dane dotycz\u0105ce wydajno\u015bci dostawc\u00f3w w czasie rzeczywistym. Nie kwartalne przegl\u0105dy. Ci\u0105g\u0142e monitorowanie ka\u017cdej transakcji.<\/p>\n\n<p><strong>\u015aledzenie dostaw na czas:<\/strong><\/p>\n<ul>\n<li>Ka\u017cde zam\u00f3wienie. Ka\u017cda dostawa. Czy by\u0142a na czas? Wcze\u015bnie? Sp\u00f3\u017aniona? O ile?<\/li>\n<li>Wydajno\u015b\u0107 dostaw wed\u0142ug dostawcy, wed\u0142ug kategorii, wed\u0142ug okresu.<\/li>\n<li>Trendy: Czy wydajno\u015b\u0107 poprawia si\u0119 czy spada?<\/li>\n<li>Zmienno\u015b\u0107: Sta\u0142a wydajno\u015b\u0107 czy nieprzewidywalno\u015b\u0107?<\/li>\n<li>Zobowi\u0105zania: Rzeczywista wydajno\u015b\u0107 w por\u00f3wnaniu z zakontraktowanymi poziomami us\u0142ug.<\/li>\n<\/ul>\n<p>Og\u00f3lna wydajno\u015b\u0107 dostawcy mo\u017ce by\u0107 akceptowalna, ale jego wydajno\u015b\u0107 w krytycznych elementach jest s\u0142aba. Sztuczna inteligencja to widzi. \u015arednia dostawcy pokazuje 95% na czas, ale ostatnio wydajno\u015b\u0107 spad\u0142a do 80%. Sztuczna inteligencja wychwytuje ten trend.<\/p>\n\n<p><strong>Wska\u017aniki jako\u015bci:<\/strong><\/p>\n<ul>\n<li>Wska\u017aniki defekt\u00f3w. Wska\u017aniki zwrot\u00f3w. Wymagania dotycz\u0105ce poprawek.<\/li>\n<li>Incydenty zwi\u0105zane z jako\u015bci\u0105 wed\u0142ug wagi i cz\u0119stotliwo\u015bci.<\/li>\n<li>Zgodno\u015b\u0107 ze specyfikacjami i normami.<\/li>\n<li>Reklamacje klient\u00f3w zwi\u0105zane z dostawcami.<\/li>\n<li>Koszty jako\u015bci: inspekcje, przer\u00f3bki, zwroty, roszczenia gwarancyjne.<\/li>\n<\/ul>\n<p>Problemy z jako\u015bci\u0105 cz\u0119sto pokazuj\u0105 wzorce, zanim stan\u0105 si\u0119 oczywiste. Powolny wzrost liczby usterek. Problemy z okre\u015blonymi liniami produkt\u00f3w. Sztuczna inteligencja wcze\u015bnie identyfikuje te wzorce.<\/p>\n\n<p><strong>Responsywno\u015b\u0107 i obs\u0142uga:<\/strong><\/p>\n<ul>\n<li>Czas reakcji na zapytania i problemy.<\/li>\n<li>Szybko\u015b\u0107 i skuteczno\u015b\u0107 rozwi\u0105zywania problem\u00f3w.<\/li>\n<li>Elastyczno\u015b\u0107 w obs\u0142udze zmian lub pilnych \u017c\u0105da\u0144.<\/li>\n<li>Jako\u015b\u0107 komunikacji i proaktywno\u015b\u0107.<\/li>\n<li>Wsparcie techniczne i wiedza specjalistyczna.<\/li>\n<\/ul>\n\n<p><strong>Wydajno\u015b\u0107 komercyjna:<\/strong><\/p>\n<ul>\n<li>Dok\u0142adno\u015b\u0107 faktur. Kwestie rozliczeniowe i b\u0142\u0119dy.<\/li>\n<li>Sp\u00f3jno\u015b\u0107 cen z umowami.<\/li>\n<li>Przestrzeganie warunk\u00f3w p\u0142atno\u015bci.<\/li>\n<li>Czas realizacji wyceny i konkurencyjno\u015b\u0107.<\/li>\n<\/ul>\n<p>Sztuczna inteligencja nie tylko zbiera dane. Analizuje je. Pokazuje trendy. Por\u00f3wnuje dostawc\u00f3w. Flaguje pogarszaj\u0105c\u0105 si\u0119 wydajno\u015b\u0107, zanim stanie si\u0119 krytyczna.<\/p>\n\n\n<h4 class=\"wp-block-heading\">Wyniki Relacje z dostawcami<\/h4>\n\n\n<p>Masz setki dostawc\u00f3w. Kt\u00f3rzy z nich zas\u0142uguj\u0105 na uwag\u0119? Kt\u00f3rzy osi\u0105gaj\u0105 dobre wyniki? Kt\u00f3rzy wymagaj\u0105 dyskusji na temat ulepsze\u0144?<\/p>\n<p>Sztuczna inteligencja ocenia ka\u017cdego dostawc\u0119 w wielu wymiarach:<\/p>\n\n<p><strong>Wynik wydajno\u015bci:<\/strong><\/p>\n<ul>\n<li>Wa\u017cona kombinacja wska\u017anik\u00f3w dostawy, jako\u015bci, szybko\u015bci reakcji i komercyjnych.<\/li>\n<li>Dostosowane do wa\u017cno\u015bci: Krytyczni dostawcy s\u0105 oceniani bardziej rygorystycznie.<\/li>\n<li>W por\u00f3wnaniu do zakontraktowanych zobowi\u0105za\u0144 i wynik\u00f3w innych firm.<\/li>\n<\/ul>\n\n<p><strong>Ocena ryzyka:<\/strong><\/p>\n<ul>\n<li>Ryzyko finansowe. Ryzyko braku zgodno\u015bci. Ryzyko operacyjne. Ryzyko geograficzne.<\/li>\n<li>Zale\u017cno\u015bci od jednego \u017ar\u00f3d\u0142a. Ryzyko koncentracji.<\/li>\n<li>Czynniki zewn\u0119trzne: geopolityczne, regulacyjne, rynkowe.<\/li>\n<\/ul>\n\n<p><strong>Warto\u015b\u0107 punktowa:<\/strong><\/p>\n<ul>\n<li>Konkurencyjno\u015b\u0107 kosztowa. Wk\u0142ad w innowacje. Warto\u015b\u0107 strategiczna.<\/li>\n<li>\u0141atwo\u015b\u0107 prowadzenia dzia\u0142alno\u015bci. Elastyczno\u015b\u0107 i partnerskie podej\u015bcie.<\/li>\n<li>Ca\u0142kowita warto\u015b\u0107 wykraczaj\u0105ca poza cen\u0119.<\/li>\n<\/ul>\n\n<p><strong>Og\u00f3lna ocena dostawcy:<\/strong><\/p>\n<ul>\n<li>Po\u0142\u0105czony widok wydajno\u015bci, ryzyka i warto\u015bci.<\/li>\n<li>Segmentacja: partnerzy strategiczni, preferowani dostawcy, akceptowalni dostawcy, zagro\u017ceni dostawcy.<\/li>\n<li>Zalecenia dotycz\u0105ce dzia\u0142a\u0144 w oparciu o ocen\u0119 i trendy.<\/li>\n<\/ul>\n<p>Otrzymujesz priorytetow\u0105 list\u0119 dostawc\u00f3w. Kto potrzebuje dyskusji na temat wydajno\u015bci? Kto zas\u0142uguje na wi\u0119cej transakcji? Kto potrzebuje planu przej\u015bcia?<\/p>\n<p>Nie na podstawie przeczucia czy tego, kto narzeka\u0142 najg\u0142o\u015bniej. Na podstawie kompleksowych, obiektywnych danych.<\/p>\n\n\n<h4 class=\"wp-block-heading\">Wcze\u015bnie wykrywa sygna\u0142y ryzyka<\/h4>\n\n\n<p>Problemy z dostawcami nie pojawiaj\u0105 si\u0119 nagle. Istniej\u0105 znaki ostrzegawcze. Sztuczna inteligencja ich wypatruje.<\/p>\n\n<p><strong>Sygna\u0142y ryzyka finansowego:<\/strong><\/p>\n<ul>\n<li>Obni\u017cenie ratingu kredytowego. Pogorszenie sprawozda\u0144 finansowych.<\/li>\n<li>Problemy z p\u0142atno\u015bciami: op\u00f3\u017anienia w p\u0142atno\u015bciach na rzecz dostawc\u00f3w, zastawy podatkowe, wyroki s\u0105dowe.<\/li>\n<li>Utrata g\u0142\u00f3wnych klient\u00f3w. Koncentracja lub spadek przychod\u00f3w.<\/li>\n<li>Zwolnienia, zamykanie zak\u0142ad\u00f3w, og\u0142oszenia o restrukturyzacji.<\/li>\n<li>Zmiany w\u0142a\u015bcicielskie, rotacja kierownictwa, wnioski o upad\u0142o\u015b\u0107.<\/li>\n<\/ul>\n\n<p><strong>Sygna\u0142y ryzyka operacyjnego:<\/strong><\/p>\n<ul>\n<li>Pogarszaj\u0105ca si\u0119 wydajno\u015b\u0107 dostaw. Wyd\u0142u\u017cenie czasu realizacji.<\/li>\n<li>Problemy z jako\u015bci\u0105, kt\u00f3rych cz\u0119stotliwo\u015b\u0107 lub dotkliwo\u015b\u0107 wzrasta.<\/li>\n<li>Ograniczenia zdolno\u015bci produkcyjnych. Problemy produkcyjne.<\/li>\n<li>Odej\u015bcia kluczowych pracownik\u00f3w. Problemy pracownicze lub strajki.<\/li>\n<li>Kwestie \u0142a\u0144cucha dostaw wp\u0142ywaj\u0105ce na ich dostawc\u00f3w.<\/li>\n<\/ul>\n\n<p><strong>Zgodno\u015b\u0107 z przepisami i ryzyko utraty reputacji:<\/strong><\/p>\n<ul>\n<li>Naruszenia przepis\u00f3w. Incydenty zwi\u0105zane z bezpiecze\u0144stwem. Kwestie \u015brodowiskowe.<\/li>\n<li>Problemy prawne: procesy s\u0105dowe, dochodzenia, grzywny.<\/li>\n<li>Negatywne wiadomo\u015bci. Zmiany nastroj\u00f3w w mediach spo\u0142eczno\u015bciowych.<\/li>\n<li>Skargi klient\u00f3w. Zmiany reputacji w bran\u017cy.<\/li>\n<li>Utrata wa\u017cno\u015bci certyfikatu. Problemy z ubezpieczeniem lub licencj\u0105.<\/li>\n<\/ul>\n\n<p><strong>Ryzyko rynkowe i zewn\u0119trzne:<\/strong><\/p>\n<ul>\n<li>Kwestie geopolityczne wp\u0142ywaj\u0105ce na lokalizacj\u0119 dostawc\u00f3w.<\/li>\n<li>Kl\u0119ski \u017cywio\u0142owe, zjawiska pogodowe, problemy z infrastruktur\u0105.<\/li>\n<li>Zmiany regulacyjne wp\u0142ywaj\u0105ce na dzia\u0142alno\u015b\u0107 dostawc\u00f3w.<\/li>\n<li>Zak\u0142\u00f3cenia rynkowe w bran\u017cy dostawcy.<\/li>\n<li>Zmienno\u015b\u0107 cen towar\u00f3w wp\u0142ywaj\u0105ca na koszty dostawc\u00f3w.<\/li>\n<\/ul>\n<p>Sztuczna inteligencja monitoruje wiadomo\u015bci, finansowe bazy danych, dokumenty regulacyjne, raporty bran\u017cowe i wewn\u0119trzne dane dotycz\u0105ce wydajno\u015bci. \u0141\u0105czy sygna\u0142y, kt\u00f3re zosta\u0142yby pomini\u0119te w izolacji.<\/p>\n<p>Dostawca ma niewielkie op\u00f3\u017anienia w dostawach. To jeden sygna\u0142. Ten sam dostawca w\u0142a\u015bnie zwolni\u0142 10% pracownik\u00f3w. To kolejny sygna\u0142. Razem sugeruj\u0105 pojawienie si\u0119 wi\u0119kszego problemu.<\/p>\n<p>Otrzymujesz wczesne ostrze\u017cenie. Czas na dywersyfikacj\u0119 \u017ar\u00f3de\u0142 zaopatrzenia. Zbudowa\u0107 bufory zapas\u00f3w. Przygotowa\u0107 alternatywne rozwi\u0105zania. Proaktywne zarz\u0105dzanie ryzykiem zamiast reagowania na kryzysy.<\/p>\n\n\n<h4 class=\"wp-block-heading\">Przewidywanie zak\u0142\u00f3ce\u0144 w dostawach<\/h4>\n\n\n<p>Niekt\u00f3re problemy z dostawcami s\u0105 przewidywalne. Sztuczna inteligencja identyfikuje wzorce poprzedzaj\u0105ce zak\u0142\u00f3cenia.<\/p>\n\n<p><strong>Wzorce spadku wydajno\u015bci:<\/strong><\/p>\n<p>Spadaj\u0105ca wydajno\u015b\u0107 dostaw. Spadek jako\u015bci. Wyd\u0142u\u017cenie czasu realizacji. Wzorce te cz\u0119sto poprzedzaj\u0105 wi\u0119ksze problemy.<\/p>\n<p>Sztuczna inteligencja uczy si\u0119, kt\u00f3re wzorce koreluj\u0105 z zak\u0142\u00f3ceniami. Flaguje dostawc\u00f3w wykazuj\u0105cych te wzorce, zanim dojdzie do zak\u0142\u00f3cenia.<\/p>\n\n<p><strong>Kumulacja czynnik\u00f3w ryzyka:<\/strong><\/p>\n<p>Wiele sygna\u0142\u00f3w ryzyka pojawiaj\u0105cych si\u0119 razem zwi\u0119ksza prawdopodobie\u0144stwo wyst\u0105pienia zak\u0142\u00f3ce\u0144.<\/p>\n<p>Stres finansowy + kwestie operacyjne + pogorszenie koniunktury w bran\u017cy = wysokie prawdopodobie\u0144stwo niepowodzenia dostawcy. Sztuczna inteligencja kwantyfikuje to ryzyko.<\/p>\n\n<p><strong>Monitorowanie czynnik\u00f3w zewn\u0119trznych:<\/strong><\/p>\n<p>Wzorce pogodowe wp\u0142ywaj\u0105ce na zbiory dla dostawc\u00f3w rolnych. Terminy regulacyjne powoduj\u0105ce ograniczenia przepustowo\u015bci. Zat\u0142oczenie port\u00f3w wp\u0142ywaj\u0105ce na harmonogramy dostaw.<\/p>\n<p>Sztuczna inteligencja monitoruje czynniki zewn\u0119trzne, kt\u00f3re przewiduj\u0105 zak\u0142\u00f3cenia w \u0142a\u0144cuchu dostaw. Nie idealnie, ale wystarczaj\u0105co wcze\u015bnie, aby si\u0119 przygotowa\u0107.<\/p>\n\n<p><strong>Analiza przepustowo\u015bci i popytu:<\/strong><\/p>\n<p>Dostawca o wydajno\u015bci 90%. Popyt w bran\u017cy ro\u015bnie. Tw\u00f3j wolumen ro\u015bnie. Matematyka przewiduje problemy z wydajno\u015bci\u0105.<\/p>\n<p>Sztuczna inteligencja por\u00f3wnuje mo\u017cliwo\u015bci dostawc\u00f3w z popytem. Flaguje sytuacje, w kt\u00f3rych poda\u017c mo\u017ce by\u0107 ograniczona.<\/p>\n<p>Przewidywanie zak\u0142\u00f3ce\u0144 nie jest doskona\u0142e. Ale nawet dok\u0142adno\u015b\u0107 70% z wczesnym ostrzeganiem jest cenna. Nie mo\u017cna zapobiec wszystkim zak\u0142\u00f3ceniom. Ale mo\u017cesz przygotowa\u0107 si\u0119 na te, kt\u00f3re widzisz, \u017ce nadchodz\u0105.<\/p>\n\n\n<h4 class=\"wp-block-heading\">\u015aledzi status zgodno\u015bci<\/h4>\n\n\n<p>Dostawcy maj\u0105 wymagania dotycz\u0105ce zgodno\u015bci. Certyfikaty. Ubezpieczenie. Dokumentacja. Dokumentacja bezpiecze\u0144stwa. Zezwolenia \u015brodowiskowe.<\/p>\n<p>Wygasaj\u0105. Dostawcy zapominaj\u0105 je odnowi\u0107. Albo nie informuj\u0105 o problemach.<\/p>\n<p>Sztuczna inteligencja \u015bledzi status zgodno\u015bci:<\/p>\n\n<p><strong>Wymagana dokumentacja:<\/strong><\/p>\n<ul>\n<li>Certyfikaty ubezpieczenia. Kwoty ubezpieczenia i daty wyga\u015bni\u0119cia.<\/li>\n<li>Certyfikaty jako\u015bci (ISO, bran\u017cowe). Aktualny status i daty odnowienia.<\/li>\n<li>Certyfikaty bezpiecze\u0144stwa i wyniki audyt\u00f3w.<\/li>\n<li>Sprawozdania finansowe i informacje kredytowe.<\/li>\n<li>Licencje, zezwolenia, rejestracje.<\/li>\n<\/ul>\n\n<p><strong>Zgodno\u015b\u0107 z przepisami:<\/strong><\/p>\n<ul>\n<li>Przestrzeganie przepis\u00f3w bran\u017cowych. Wyniki inspekcji.<\/li>\n<li>Zgodno\u015b\u0107 z przepisami dotycz\u0105cymi ochrony \u015brodowiska. Emisje, odpady, raportowanie.<\/li>\n<li>Przepisy dotycz\u0105ce pracy i bezpiecze\u0144stwa. Ustalenia z audytu.<\/li>\n<li>Zgodno\u015b\u0107 z przepisami dotycz\u0105cymi importu\/eksportu. Ograniczenia handlowe.<\/li>\n<li>Zgodno\u015b\u0107 z przepisami dotycz\u0105cymi prywatno\u015bci i bezpiecze\u0144stwa danych dla dostawc\u00f3w IT.<\/li>\n<\/ul>\n\n<p><strong>Zgodno\u015b\u0107 z umow\u0105:<\/strong><\/p>\n<ul>\n<li>Wymagane certyfikaty zgodnie z warunkami umowy.<\/li>\n<li>Wymagania dotycz\u0105ce raportowania. Prawa do audytu.<\/li>\n<li>R\u00f3\u017cnorodno\u015b\u0107 i zobowi\u0105zania w zakresie zr\u00f3wnowa\u017conego rozwoju.<\/li>\n<li>Potwierdzenie i przestrzeganie kodeksu post\u0119powania.<\/li>\n<\/ul>\n<p>Sztuczna inteligencja \u015bledzi to, co jest wymagane. Monitoruje status. Ostrzega przed wyga\u015bni\u0119ciem. Flaguje kwestie zgodno\u015bci.<\/p>\n<p>Ubezpieczenie wygas\u0142o trzy miesi\u0105ce temu i nikt tego nie zauwa\u017cy\u0142? Sztuczna inteligencja to wy\u0142apie. Certyfikat nie zosta\u0142 odnowiony? Alert wys\u0142any zanim stanie si\u0119 to problemem.<\/p>\n<p>\u015aledzenie zgodno\u015bci nie jest ekscytuj\u0105ce. Ale brak zgodno\u015bci jest kosztowny. Nara\u017cenie prawne. Ustalenia audytu. Naruszenia um\u00f3w z klientami. Sztuczna inteligencja zapobiega tym problemom.<\/p>\n\n\n<hr class=\"wp-block-separator has-alpha-channel-opacity\"\/>\n\n\n\n<h3 class=\"wp-block-heading\">Co to oznacza dla u\u017cytkownika<\/h3>\n\n\n\n<h4 class=\"wp-block-heading\">Dla CPO i lider\u00f3w zaopatrzenia<\/h4>\n\n\n<p>Przechodzisz od reaktywnego do proaktywnego zarz\u0105dzania ryzykiem zwi\u0105zanym z dostawcami.<\/p>\n<ul>\n<li><strong>Proaktywne zarz\u0105dzanie ryzykiem:<\/strong> Problemy oznaczone zanim zak\u0142\u00f3c\u0105 dzia\u0142anie. Czas na przygotowanie si\u0119 zamiast szukania rozwi\u0105za\u0144.<\/li>\n<li><strong>Odpowiedzialno\u015b\u0107 dostawcy za pomoc\u0105 danych:<\/strong> Dyskusje na temat wydajno\u015bci poparte obiektywnymi wska\u017anikami. Jasne oczekiwania i pomiary.<\/li>\n<li><strong>Chroniony \u0142a\u0144cuch dostaw:<\/strong> System wczesnego ostrzegania o problemach z dostawcami. Zmniejszony wp\u0142yw zak\u0142\u00f3ce\u0144.<\/li>\n<li><strong>Ci\u0105g\u0142e doskonalenie:<\/strong> Systematyczne \u015bledzenie wydajno\u015bci prowadzi do doskonalenia dostawc\u00f3w w czasie.<\/li>\n<li><strong>Strategiczne zarz\u0105dzanie dostawcami:<\/strong> Dowiedz si\u0119, kt\u00f3rzy dostawcy zas\u0142uguj\u0105 na inwestycje i partnerstwo. Kt\u00f3rzy wymagaj\u0105 poprawy wydajno\u015bci. Kt\u00f3rych nale\u017cy zast\u0105pi\u0107.<\/li>\n<\/ul>\n\n\n<h4 class=\"wp-block-heading\">Dla mened\u017cer\u00f3w ds. zakup\u00f3w i kupuj\u0105cych<\/h4>\n\n\n<p>Wiesz, kt\u00f3rych dostawc\u00f3w obserwowa\u0107 i masz dowody na trudne rozmowy.<\/p>\n<ul>\n<li><strong>Dowiedz si\u0119, kt\u00f3rych dostawc\u00f3w obserwowa\u0107:<\/strong> Lista priorytet\u00f3w oparta na wydajno\u015bci i ryzyku. Skoncentruj uwag\u0119 tam, gdzie ma to znaczenie.<\/li>\n<li><strong>Dowody na rozmowy z dostawcami:<\/strong> Dyskusje na temat wydajno\u015bci poparte danymi. Konkretne kwestie z jasnymi wska\u017anikami.<\/li>\n<li><strong>Wczesne ostrzeganie o problemach:<\/strong> Rozwi\u0105zywanie problem\u00f3w zanim stan\u0105 si\u0119 krytyczne. Proaktywne zarz\u0105dzanie.<\/li>\n<li><strong>Uproszczone \u015bledzenie wydajno\u015bci:<\/strong> Koniec z r\u0119cznymi kartami wynik\u00f3w. Zautomatyzowane gromadzenie i analiza danych.<\/li>\n<li><strong>Weryfikacja zgodno\u015bci:<\/strong> Poznaj status zgodno\u015bci dostawcy bez konieczno\u015bci r\u0119cznego \u015bledzenia dokument\u00f3w.<\/li>\n<\/ul>\n\n\n<h4 class=\"wp-block-heading\">Dla operacji i \u0142a\u0144cucha dostaw<\/h4>\n\n\n<p>Otrzymujesz niezawodne dostawy z mniejsz\u0105 liczb\u0105 zak\u0142\u00f3ce\u0144.<\/p>\n<ul>\n<li><strong>Mniej zak\u0142\u00f3ce\u0144 w dostawach:<\/strong> Wczesne ostrzeganie umo\u017cliwia przygotowanie. Zapasy buforowe, alternatywne \u017ar\u00f3d\u0142a, plany awaryjne.<\/li>\n<li><strong>Lepsza jako\u015b\u0107 dostawc\u00f3w:<\/strong> Ci\u0105g\u0142e monitorowanie i informacje zwrotne nap\u0119dzaj\u0105 popraw\u0119. Wczesne wykrywanie problem\u00f3w.<\/li>\n<li><strong>Zmniejszona ekspozycja na ryzyko:<\/strong> Niepowodzenia finansowe, naruszenia zgodno\u015bci, problemy operacyjne wychwycone zanim b\u0119d\u0105 mia\u0142y wp\u0142yw na firm\u0119.<\/li>\n<li><strong>Przewidywalna poda\u017c:<\/strong> Lepszy wgl\u0105d w mo\u017cliwo\u015bci i ryzyko dostawc\u00f3w. Mniej niespodzianek.<\/li>\n<li><strong>Szybsze rozwi\u0105zywanie problem\u00f3w:<\/strong> Natychmiastowa identyfikacja i eskalacja problem\u00f3w. Mniej czasu na odkrywanie problem\u00f3w.<\/li>\n<\/ul>\n\n\n<hr class=\"wp-block-separator has-alpha-channel-opacity\"\/>\n\n\n\n<h3 class=\"wp-block-heading\">Czego sztuczna inteligencja nie zrobi<\/h3>\n\n\n<p>Postawmy spraw\u0119 jasno.<\/p>\n<p>Sztuczna inteligencja zapewnia widoczno\u015b\u0107 i wczesne ostrzeganie. Nie zarz\u0105dza relacjami z dostawcami. To wci\u0105\u017c ludzka praca.<\/p>\n<p>Sztuczna inteligencja nie jest w stanie przewidzie\u0107 ka\u017cdego zak\u0142\u00f3cenia. Niekt\u00f3re problemy pojawiaj\u0105 si\u0119 nagle, bez sygna\u0142\u00f3w ostrzegawczych. Niekt\u00f3re czynniki ryzyka nie pojawiaj\u0105 si\u0119 w \u017ar\u00f3d\u0142ach danych monitorowanych przez sztuczn\u0105 inteligencj\u0119.<\/p>\n<p>Sztuczna inteligencja nie mo\u017ce podejmowa\u0107 strategicznych decyzji dotycz\u0105cych relacji z dostawcami. To, czy wsp\u00f3\u0142pracowa\u0107 z dostawc\u0105 w celu poprawy wydajno\u015bci, czy te\u017c go zast\u0105pi\u0107, zale\u017cy od czynnik\u00f3w wykraczaj\u0105cych poza dane: strategicznego znaczenia, historii relacji, dost\u0119pnych alternatyw, strategii biznesowej.<\/p>\n<p>Sztuczna inteligencja sprawia, \u017ce problemy s\u0105 wcze\u015bnie widoczne. Zapewnia obiektywne dane dotycz\u0105ce wydajno\u015bci. \u015aledzenie sygna\u0142\u00f3w ryzyka z wielu \u017ar\u00f3de\u0142. Daje czas i informacje na podejmowanie lepszych decyzji.<\/p>\n<p>Tw\u00f3j zesp\u00f3\u0142 ds. zaopatrzenia nadal zarz\u0105dza relacjami z dostawcami. Nadal podejmuje strategiczne decyzje. Po prostu robi\u0105 to przy u\u017cyciu lepszych informacji i wczesnego ostrzegania zamiast reagowania po fakcie.<\/p>\n\n\n<hr class=\"wp-block-separator has-alpha-channel-opacity\"\/>\n\n\n\n<h3 class=\"wp-block-heading\">Rzeczywiste wyniki wydajno\u015bci dostawc\u00f3w i zarz\u0105dzania ryzykiem AI<\/h3>\n\n\n<p>Oto jak to wygl\u0105da w praktyce:<\/p>\n\n<p><strong>Zapobieganie zak\u0142\u00f3ceniom:<\/strong> Wczesne ostrzeganie pozwala na przygotowanie. Zak\u0142\u00f3cenia, kt\u00f3re mog\u0142yby zatrzyma\u0107 produkcj\u0119, zamiast tego powoduj\u0105 niewielkie op\u00f3\u017anienia, poniewa\u017c alternatywy by\u0142y gotowe.<\/p>\n\n<p><strong>Poprawa wydajno\u015bci:<\/strong> Ci\u0105g\u0142e monitorowanie i dyskusje oparte na danych nap\u0119dzaj\u0105 doskonalenie dostawc\u00f3w. Typowa poprawa wydajno\u015bci dostaw o 5-10 punkt\u00f3w procentowych.<\/p>\n\n<p><strong>Unikanie ryzyka:<\/strong> Wczesne wykrywanie niepowodze\u0144 finansowych, narusze\u0144 zgodno\u015bci i kryzys\u00f3w jako\u015bci. Problemy rozwi\u0105zywane zanim stan\u0105 si\u0119 krytyczne.<\/p>\n\n<p><strong>Oszcz\u0119dno\u015b\u0107 czasu:<\/strong> Zautomatyzowane \u015bledzenie wydajno\u015bci zast\u0119puje r\u0119czne karty wynik\u00f3w. Kupuj\u0105cy sp\u0119dzaj\u0105 czas na zarz\u0105dzaniu wyj\u0105tkami, a nie na gromadzeniu danych.<\/p>\n\n<p><strong>Lepsze relacje z dostawcami:<\/strong> Obiektywne dane eliminuj\u0105 emocje z dyskusji na temat wydajno\u015bci. Dostawcy szanuj\u0105 pomiary i reaguj\u0105 na fakty.<\/p>\n\n<p>Nie chodzi tu o wyeliminowanie wszelkiego ryzyka zwi\u0105zanego z dostawcami. Ryzyko istnieje. Ale zarz\u0105dzane ryzyko r\u00f3\u017cni si\u0119 od ryzyka niezarz\u0105dzanego. Widoczno\u015b\u0107 i wczesne ostrzeganie zmieniaj\u0105 zarz\u0105dzanie ryzykiem z reaktywnego na proaktywne.<\/p>\n\n\n<hr class=\"wp-block-separator has-alpha-channel-opacity\"\/>\n\n\n\n<h3 class=\"wp-block-heading\">Gotowy do przej\u0119cia kontroli nad ryzykiem zwi\u0105zanym z dostawcami?<\/h3>\n\n\n<p>Baza dostawc\u00f3w ka\u017cdej firmy jest inna. R\u00f3\u017cni dostawcy. R\u00f3\u017cne rodzaje ryzyka. R\u00f3\u017cne wska\u017aniki wydajno\u015bci, kt\u00f3re maj\u0105 znaczenie dla Twojej dzia\u0142alno\u015bci.<\/p>\n<p>Nie sprzedajemy og\u00f3lnych system\u00f3w zarz\u0105dzania dostawcami. Analizujemy konkretn\u0105 baz\u0119 dostawc\u00f3w i czynniki ryzyka. Okre\u015blamy, jakie wska\u017aniki wydajno\u015bci maj\u0105 znaczenie dla Twojej firmy. Tworzymy systemy monitorowania i ostrzegania, kt\u00f3re odpowiadaj\u0105 tolerancji na ryzyko i potrzebom operacyjnym.<\/p>\n<p>Nie obiecujemy, \u017ce sztuczna inteligencja przewidzi ka\u017cdy problem. Po prostu praktyczne narz\u0119dzia, kt\u00f3re sprawiaj\u0105, \u017ce wydajno\u015b\u0107 dostawc\u00f3w jest widoczna i zapewniaj\u0105 wczesne ostrzeganie o ryzyku, zanim stanie si\u0119 ono kryzysem.<\/p>\n\n<p><a href=\"https:\/\/www.leaplytics.de\/pl\/kontakt\/\">Porozmawiajmy o zarz\u0105dzaniu ryzykiem dostawc\u00f3w<\/a><\/p>\n\n<p><a href=\"https:\/\/www.leaplytics.de\/pl\/sourcing-procurement-ai\/\">Powr\u00f3t do Sourcing &amp; Procurement AI<\/a><\/p>","protected":false},"excerpt":{"rendered":"<p>AI for Supplier Performance &#038; Risk Management: Know Your Suppliers Before They Cause Problems Your business depends on suppliers. They deliver the materials you need. The components you build with. The services that keep operations running. When suppliers perform well, you don&#8217;t think about them. When they fail, everything stops. Late deliveries delay production. Quality &hellip; <\/p>","protected":false},"author":2,"featured_media":0,"parent":0,"menu_order":0,"comment_status":"closed","ping_status":"closed","template":"","meta":{"footnotes":""},"class_list":["post-14514","page","type-page","status-publish","hentry","latest_post"],"_links":{"self":[{"href":"https:\/\/www.leaplytics.de\/pl\/wp-json\/wp\/v2\/pages\/14514","targetHints":{"allow":["GET"]}}],"collection":[{"href":"https:\/\/www.leaplytics.de\/pl\/wp-json\/wp\/v2\/pages"}],"about":[{"href":"https:\/\/www.leaplytics.de\/pl\/wp-json\/wp\/v2\/types\/page"}],"author":[{"embeddable":true,"href":"https:\/\/www.leaplytics.de\/pl\/wp-json\/wp\/v2\/users\/2"}],"replies":[{"embeddable":true,"href":"https:\/\/www.leaplytics.de\/pl\/wp-json\/wp\/v2\/comments?post=14514"}],"version-history":[{"count":1,"href":"https:\/\/www.leaplytics.de\/pl\/wp-json\/wp\/v2\/pages\/14514\/revisions"}],"predecessor-version":[{"id":14523,"href":"https:\/\/www.leaplytics.de\/pl\/wp-json\/wp\/v2\/pages\/14514\/revisions\/14523"}],"wp:attachment":[{"href":"https:\/\/www.leaplytics.de\/pl\/wp-json\/wp\/v2\/media?parent=14514"}],"curies":[{"name":"wp","href":"https:\/\/api.w.org\/{rel}","templated":true}]}}