{"id":1785,"date":"2021-04-30T00:16:19","date_gmt":"2021-04-29T22:16:19","guid":{"rendered":"https:\/\/www.leaplytics.de\/?page_id=1785"},"modified":"2024-10-29T13:47:21","modified_gmt":"2024-10-29T12:47:21","slug":"pakiet-do-zarzadzania-projektami-dla-qliksense","status":"publish","type":"page","link":"https:\/\/www.leaplytics.de\/pl\/strona-glowna\/rozszerzenia-qlik-sense\/pakiet-do-zarzadzania-projektami-dla-qliksense\/","title":{"rendered":"Pakiet do zarz\u0105dzania projektami dla Qlik Sense"},"content":{"rendered":"<p>Pozb\u0105d\u017a si\u0119 niewystarczaj\u0105cego i niedojrza\u0142ego patchworku do zarz\u0105dzania projektami w Qlik Sense dzi\u0119ki LeapLytics Project Management Suite!<\/p>\n\n\n\n<p>Pakiet Project Management Suite dla Qlik Sense zawiera wszystko, co jest potrzebne do tworzenia kompleksowych raport\u00f3w o stanie zarz\u0105dzania projektami. Zawiera 3 unikalne wizualizacje: Traffic Light, Risk Matrix i Timeline. Ponadto otrzymujesz niezb\u0119dne dodatki do zaprojektowania pulpitu nawigacyjnego do zarz\u0105dzania projektami. Rozszerzenia charakteryzuj\u0105 si\u0119 wysok\u0105 wydajno\u015bci\u0105, wysokim poziomem dojrza\u0142o\u015bci i u\u017cyteczno\u015bci, a tak\u017ce elastyczno\u015bci\u0105 w celu dopasowania do indywidualnych potrzeb.<\/p>\n\n\n\n<p>Pakiet zawiera odpowiednie dodatki, kt\u00f3re naprawd\u0119 usprawniaj\u0105 tworzenie pulpitu nawigacyjnego do zarz\u0105dzania projektami. Divider Strokes mo\u017ce ustrukturyzowa\u0107 pulpit nawigacyjny w obszarach, aby poprowadzi\u0107 u\u017cytkownika z maksymaln\u0105 wydajno\u015bci\u0105. Maturity Viewer zapewnia wi\u0119ksz\u0105 przejrzysto\u015b\u0107 etap\u00f3w lub faz projektu. Rozszerzenie Logo firmy przenosi indywidualne logo firmy do u\u017cytecznego obiektu QlikSense. Konwersja logo jest bezp\u0142atna.<\/p>\n\n\n\n<p>Pakiet jest r\u00f3wnie\u017c wyposa\u017cony w \u0142atw\u0105 w u\u017cyciu integracj\u0119 pakiet\u00f3w, kt\u00f3ra pozwala na szybki przegl\u0105d rozszerze\u0144 do zarz\u0105dzania projektami. Rozszerzenia zapewniaj\u0105 zharmonizowane wskaz\u00f3wki dla u\u017cytkownika poprzez ustawienia, a tak\u017ce intuicyjn\u0105 obs\u0142ug\u0119 bez konieczno\u015bci kodowania. Kompleksowa dokumentacja z przypadkami u\u017cycia zwi\u0105zanymi z biznesem uzupe\u0142nia \u0142atwo\u015b\u0107 u\u017cytkowania. Cz\u0119ste i solidne wydania zapewniaj\u0105 aktualno\u015b\u0107 przypadk\u00f3w u\u017cycia.<\/p>\n\n\n\n<h3 class=\"wp-block-heading\">Pakiet do zarz\u0105dzania projektami dla zawarto\u015bci Qlik Sense<\/h3>\n\n\n\n<p>Otw\u00f3rz oficjaln\u0105 dokumentacj\u0119 klikaj\u0105c na obrazek. <\/p>\n\n\n\n<div class=\"wp-block-columns is-layout-flex wp-container-core-columns-is-layout-1 wp-block-columns-is-layout-flex\">\n<div class=\"wp-block-column is-layout-flow wp-block-column-is-layout-flow\">\n<h4 class=\"wp-block-heading\"><strong>Sygnalizacja \u015bwietlna<\/strong><\/h4>\n<\/div>\n\n\n\n<div class=\"wp-block-column is-layout-flow wp-block-column-is-layout-flow\">\n<h4 class=\"wp-block-heading\"><strong>Mapa ryzyka<\/strong><\/h4>\n<\/div>\n\n\n\n<div class=\"wp-block-column is-layout-flow wp-block-column-is-layout-flow\">\n<h4 class=\"wp-block-heading\"><strong>O\u015b czasu<\/strong><\/h4>\n<\/div>\n\n\n\n<div class=\"wp-block-column is-layout-flow wp-block-column-is-layout-flow\">\n<h4 class=\"wp-block-heading\"><strong>Akceleratory<\/strong><\/h4>\n<\/div>\n<\/div>\n\n\n\n<div class=\"wp-block-columns is-layout-flex wp-container-core-columns-is-layout-2 wp-block-columns-is-layout-flex\">\n<div class=\"wp-block-column is-layout-flow wp-block-column-is-layout-flow\">\n<figure class=\"wp-block-image size-full\"><img loading=\"lazy\" decoding=\"async\" width=\"287\" height=\"300\" src=\"https:\/\/www.leaplytics.de\/wp-content\/uploads\/2021\/11\/TrafficLight300pixel.png\" alt=\"\" class=\"wp-image-2361\" title=\"Pakiet do zarz\u0105dzania projektami Traffic Light\" srcset=\"https:\/\/www.leaplytics.de\/wp-content\/uploads\/2021\/11\/TrafficLight300pixel.png 287w, https:\/\/www.leaplytics.de\/wp-content\/uploads\/2021\/11\/TrafficLight300pixel-57x60.png 57w\" sizes=\"auto, (max-width: 287px) 100vw, 287px\" \/><\/figure>\n<\/div>\n\n\n\n<div class=\"wp-block-column is-layout-flow wp-block-column-is-layout-flow\">\n<figure class=\"wp-block-image size-full\"><img loading=\"lazy\" decoding=\"async\" width=\"287\" height=\"300\" src=\"https:\/\/www.leaplytics.de\/wp-content\/uploads\/2021\/11\/RiskHeatmap-Kasten-Blau_300pixel.png\" alt=\"\" class=\"wp-image-2363\" title=\"Mapa ryzyka pakietu Project Management Suite\" srcset=\"https:\/\/www.leaplytics.de\/wp-content\/uploads\/2021\/11\/RiskHeatmap-Kasten-Blau_300pixel.png 287w, https:\/\/www.leaplytics.de\/wp-content\/uploads\/2021\/11\/RiskHeatmap-Kasten-Blau_300pixel-57x60.png 57w\" sizes=\"auto, (max-width: 287px) 100vw, 287px\" \/><\/figure>\n<\/div>\n\n\n\n<div class=\"wp-block-column is-vertically-aligned-center is-layout-flow wp-block-column-is-layout-flow\"><div class=\"wp-block-image\">\n<figure class=\"aligncenter size-full\"><img loading=\"lazy\" decoding=\"async\" width=\"287\" height=\"300\" src=\"https:\/\/www.leaplytics.de\/wp-content\/uploads\/2021\/11\/TIMELINE_300pixel.png\" alt=\"\" class=\"wp-image-2364\" title=\"Widok kamieni milowych pakietu Project Management Suite\" srcset=\"https:\/\/www.leaplytics.de\/wp-content\/uploads\/2021\/11\/TIMELINE_300pixel.png 287w, https:\/\/www.leaplytics.de\/wp-content\/uploads\/2021\/11\/TIMELINE_300pixel-57x60.png 57w\" sizes=\"auto, (max-width: 287px) 100vw, 287px\" \/><\/figure><\/div><\/div>\n\n\n\n<div class=\"wp-block-column is-layout-flow wp-block-column-is-layout-flow\">\n<figure class=\"wp-block-image size-full\"><img loading=\"lazy\" decoding=\"async\" width=\"567\" height=\"593\" src=\"https:\/\/www.leaplytics.de\/wp-content\/uploads\/2021\/11\/Accelerators_1_300pixel.png\" alt=\"\" class=\"wp-image-2365\" title=\"Project Management Suite Accelerator\" srcset=\"https:\/\/www.leaplytics.de\/wp-content\/uploads\/2021\/11\/Accelerators_1_300pixel.png 567w, https:\/\/www.leaplytics.de\/wp-content\/uploads\/2021\/11\/Accelerators_1_300pixel-287x300.png 287w, https:\/\/www.leaplytics.de\/wp-content\/uploads\/2021\/11\/Accelerators_1_300pixel-57x60.png 57w\" sizes=\"auto, (max-width: 567px) 100vw, 567px\" \/><\/figure>\n<\/div>\n<\/div>\n\n\n\n<div class=\"wp-block-columns is-layout-flex wp-container-core-columns-is-layout-3 wp-block-columns-is-layout-flex\">\n<div class=\"wp-block-column is-layout-flow wp-block-column-is-layout-flow\">\n<h6 class=\"wp-block-heading\">Wyczy\u015b\u0107 wskazanie stanu<\/h6>\n\n\n\n<h6 class=\"wp-block-heading\">Elastyczne zakresy dla wszystkich typ\u00f3w jednostek<\/h6>\n\n\n\n<h6 class=\"wp-block-heading\">Indywidualny wygl\u0105d i \u0142atwo\u015b\u0107 u\u017cytkowania<\/h6>\n<\/div>\n\n\n\n<div class=\"wp-block-column is-layout-flow wp-block-column-is-layout-flow\">\n<h6 class=\"wp-block-heading\">Pe\u0142ne profile ryzyka<\/h6>\n\n\n\n<h6 class=\"wp-block-heading\">Stabilna i prosta siatka dla 2 kategorii<\/h6>\n\n\n\n<h6 class=\"wp-block-heading\">R\u00f3\u017cne zestawy p\u00f3l i kodowanie kolorami<\/h6>\n<\/div>\n\n\n\n<div class=\"wp-block-column is-layout-flow wp-block-column-is-layout-flow\">\n<h6 class=\"wp-block-heading\">Wy\u015bwietlanie kamieni milowych w skali czasu<\/h6>\n\n\n\n<h6 class=\"wp-block-heading\">Automatyczne skalowanie osi czasu z pocz\u0105tkiem i ko\u0144cem<\/h6>\n\n\n\n<h6 class=\"wp-block-heading\">Elastyczne opisy i kolory odchyle\u0144<\/h6>\n<\/div>\n\n\n\n<div class=\"wp-block-column is-layout-flow wp-block-column-is-layout-flow\">\n<h6 class=\"wp-block-heading\">Wydajne dodatki<\/h6>\n\n\n\n<h6 class=\"wp-block-heading\">Indywidualne logo firmy<\/h6>\n\n\n\n<h6 class=\"wp-block-heading\">Widok dojrza\u0142o\u015bci dla wielu przypadk\u00f3w u\u017cycia<\/h6>\n<\/div>\n<\/div>\n\n\n\n<hr class=\"wp-block-separator has-css-opacity\"\/>\n\n\n\n<p>Subskrybuj tutaj, aby otrzymywa\u0107 ekskluzywne aktualizacje i wydania: <a href=\"https:\/\/www.leaplytics.de\/pl\/subscribe_product\/\"><strong>Subskrypcja<\/strong><\/a><\/p>\n\n\n\n<div class=\"wp-block-columns are-vertically-aligned-center is-layout-flex wp-container-core-columns-is-layout-4 wp-block-columns-is-layout-flex\">\n<div class=\"wp-block-column is-vertically-aligned-center is-layout-flow wp-block-column-is-layout-flow\" style=\"flex-basis:100%\">\n<p><\/p>\n<\/div>\n<\/div>\n\n\n\n<p><\/p>","protected":false},"excerpt":{"rendered":"<p>Uzyskaj ostry wizualny widok swoich profili ryzyka dzi\u0119ki Risk Heatmap dla QilkSense! Rozszerzenie zosta\u0142o stworzone w celu wizualizacji profili, kt\u00f3re s\u0105 mierzone w macierzy dw\u00f3ch wska\u017anik\u00f3w KPI i r\u00f3\u017cnych kategorii. Jest w stanie wizualizowa\u0107 wiele wska\u017anik\u00f3w (do 4 w wersji darmowej) na pole. R\u00f3\u017cne ustawienia, takie jak \u0142atwe prze\u0142\u0105czanie mi\u0119dzy matryc\u0105 3 \u00d7 3 i 5 \u00d7 5 p\u00f3l, ustawienia obramowania i tekstu, dostosowuj\u0105 to rozszerzenie do potrzeb raportowania. <\/p>\n<p>Rozszerzenie to mo\u017ce by\u0107 r\u00f3wnie\u017c wykorzystywane do monitorowania i wskazywania prog\u00f3w dla wszystkich rodzaj\u00f3w miar fizycznych, wska\u017anik\u00f3w jako\u015bci i og\u00f3lnie rozbie\u017cno\u015bci. Dzi\u0119ki temu mo\u017ce by\u0107 stosowane w szerokiej liczbie przypadk\u00f3w u\u017cycia, kt\u00f3re wyst\u0119puj\u0105 w r\u00f3\u017cnych firmach.<\/p>","protected":false},"author":1,"featured_media":0,"parent":227,"menu_order":1,"comment_status":"closed","ping_status":"closed","template":"","meta":{"footnotes":""},"class_list":["post-1785","page","type-page","status-publish","hentry","latest_post"],"_links":{"self":[{"href":"https:\/\/www.leaplytics.de\/pl\/wp-json\/wp\/v2\/pages\/1785","targetHints":{"allow":["GET"]}}],"collection":[{"href":"https:\/\/www.leaplytics.de\/pl\/wp-json\/wp\/v2\/pages"}],"about":[{"href":"https:\/\/www.leaplytics.de\/pl\/wp-json\/wp\/v2\/types\/page"}],"author":[{"embeddable":true,"href":"https:\/\/www.leaplytics.de\/pl\/wp-json\/wp\/v2\/users\/1"}],"replies":[{"embeddable":true,"href":"https:\/\/www.leaplytics.de\/pl\/wp-json\/wp\/v2\/comments?post=1785"}],"version-history":[{"count":3,"href":"https:\/\/www.leaplytics.de\/pl\/wp-json\/wp\/v2\/pages\/1785\/revisions"}],"predecessor-version":[{"id":13665,"href":"https:\/\/www.leaplytics.de\/pl\/wp-json\/wp\/v2\/pages\/1785\/revisions\/13665"}],"up":[{"embeddable":true,"href":"https:\/\/www.leaplytics.de\/pl\/wp-json\/wp\/v2\/pages\/227"}],"wp:attachment":[{"href":"https:\/\/www.leaplytics.de\/pl\/wp-json\/wp\/v2\/media?parent=1785"}],"curies":[{"name":"wp","href":"https:\/\/api.w.org\/{rel}","templated":true}]}}