{"id":23,"date":"2020-10-13T23:19:51","date_gmt":"2020-10-13T21:19:51","guid":{"rendered":"https:\/\/www.blytics.de\/?page_id=23"},"modified":"2025-04-15T20:00:36","modified_gmt":"2025-04-15T18:00:36","slug":"o","status":"publish","type":"page","link":"https:\/\/www.leaplytics.de\/pl\/o\/","title":{"rendered":"Pocz\u0105tki LeapLytics"},"content":{"rendered":"<p>To opowie\u015b\u0107 o dw\u00f3ch przyjacio\u0142ach z Frankfurtu w Niemczech. By\u0142 rok 2020. Pracowali\u015bmy w kilku rolach projektowych, takich jak kierownik projektu, strategiczny i operacyjny PMO. I zdali\u015bmy sobie spraw\u0119, \u017ce prawdziwe rozwi\u0105zanie do raportowania i analizy zarz\u0105dzania projektami nie by\u0142o dost\u0119pne pod r\u0119k\u0105, kt\u00f3re pasowa\u0142oby do potrzeb kilku r\u00f3l zwi\u0105zanych z zarz\u0105dzaniem projektami. Dlatego zacz\u0119li\u015bmy zmienia\u0107 zarz\u0105dzanie projektami, wprowadzaj\u0105c nowe pomys\u0142y na rozwi\u0105zania analityczne.<\/p>\n\n\n\n<p>Za\u0142o\u017cyli\u015bmy LeapLytics z wizj\u0105 wprowadzenia w \u017cycie analityki zwi\u0105zanej z zarz\u0105dzaniem projektami. Od samego pocz\u0105tku by\u0142o jasne, \u017ce zintegrowane raportowanie nie mo\u017ce by\u0107 dostarczane za pomoc\u0105 samodzielnych rozwi\u0105za\u0144 raportuj\u0105cych, ale raczej za pomoc\u0105 zintegrowanego podej\u015bcia. Raportowanie projekt\u00f3w powinno by\u0107 mo\u017cliwe dzi\u0119ki ju\u017c istniej\u0105cym rozwi\u0105zaniom w firmach i grupach.<\/p>\n\n\n\n<p>Obecnie LeapLytics oferuje \u015bwie\u017ce i innowacyjne rozwi\u0105zania w zakresie raportowania, kt\u00f3re pasuj\u0105 do r\u00f3\u017cnych poziom\u00f3w integracji: od rozszerze\u0144, kt\u00f3re mo\u017cna zintegrowa\u0107 z pulpitami nawigacyjnymi, przez gotowe do u\u017cycia pulpity nawigacyjne dla okre\u015blonych przypadk\u00f3w u\u017cycia, po indywidualne doradztwo w zakresie raportowania i modelowania danych.<\/p>\n\n\n\n<p>Jako za\u0142o\u017cyciele jeste\u015bmy zainteresowani dostarczaniem profesjonalnych rozwi\u0105za\u0144 w zakresie raportowania w ramach ich produkt\u00f3w i podej\u015bcia konsultingowego.<\/p>\n\n\n\n<figure class=\"wp-block-gallery has-nested-images columns-default is-cropped wp-block-gallery-1 is-layout-flex wp-block-gallery-is-layout-flex\">\n<figure class=\"wp-block-image size-large\"><a href=\"https:\/\/www.linkedin.com\/in\/stefanpreusler\/\"><img loading=\"lazy\" decoding=\"async\" width=\"768\" height=\"1024\" data-id=\"480\" src=\"https:\/\/www.leaplytics.de\/wp-content\/uploads\/2020\/11\/stefan-v2-2-768x1024.jpeg\" alt=\"\" class=\"wp-image-480\" srcset=\"https:\/\/www.leaplytics.de\/wp-content\/uploads\/2020\/11\/stefan-v2-2-768x1024.jpeg 768w, https:\/\/www.leaplytics.de\/wp-content\/uploads\/2020\/11\/stefan-v2-2-scaled-600x800.jpeg 600w, https:\/\/www.leaplytics.de\/wp-content\/uploads\/2020\/11\/stefan-v2-2-225x300.jpeg 225w, https:\/\/www.leaplytics.de\/wp-content\/uploads\/2020\/11\/stefan-v2-2-1152x1536.jpeg 1152w, https:\/\/www.leaplytics.de\/wp-content\/uploads\/2020\/11\/stefan-v2-2-1536x2048.jpeg 1536w, https:\/\/www.leaplytics.de\/wp-content\/uploads\/2020\/11\/stefan-v2-2-45x60.jpeg 45w, https:\/\/www.leaplytics.de\/wp-content\/uploads\/2020\/11\/stefan-v2-2-scaled.jpeg 1920w\" sizes=\"auto, (max-width: 768px) 100vw, 768px\" \/><\/a><figcaption class=\"wp-element-caption\">Stefan Preusler<\/figcaption><\/figure>\n\n\n\n<figure class=\"wp-block-image size-large\"><a href=\"https:\/\/www.linkedin.com\/in\/dominik-galsheimer-3233461b9\/\"><img loading=\"lazy\" decoding=\"async\" width=\"851\" height=\"1024\" data-id=\"488\" src=\"https:\/\/www.leaplytics.de\/wp-content\/uploads\/2020\/11\/Dominik_About-scaled-e1604523139831-851x1024.jpg\" alt=\"\" class=\"wp-image-488\" srcset=\"https:\/\/www.leaplytics.de\/wp-content\/uploads\/2020\/11\/Dominik_About-scaled-e1604523139831-851x1024.jpg 851w, https:\/\/www.leaplytics.de\/wp-content\/uploads\/2020\/11\/Dominik_About-scaled-e1604523139831-600x722.jpg 600w, https:\/\/www.leaplytics.de\/wp-content\/uploads\/2020\/11\/Dominik_About-scaled-e1604523139831-249x300.jpg 249w, https:\/\/www.leaplytics.de\/wp-content\/uploads\/2020\/11\/Dominik_About-scaled-e1604523139831-768x924.jpg 768w, https:\/\/www.leaplytics.de\/wp-content\/uploads\/2020\/11\/Dominik_About-scaled-e1604523139831-1277x1536.jpg 1277w, https:\/\/www.leaplytics.de\/wp-content\/uploads\/2020\/11\/Dominik_About-scaled-e1604523139831-1702x2048.jpg 1702w, https:\/\/www.leaplytics.de\/wp-content\/uploads\/2020\/11\/Dominik_About-scaled-e1604523139831-50x60.jpg 50w, https:\/\/www.leaplytics.de\/wp-content\/uploads\/2020\/11\/Dominik_About-scaled-e1604523139831.jpg 1920w\" sizes=\"auto, (max-width: 851px) 100vw, 851px\" \/><\/a><figcaption class=\"wp-element-caption\">Dominik Galsheimer<\/figcaption><\/figure>\n<\/figure>","protected":false},"excerpt":{"rendered":"<p>LeapLytics oznacza \u015bwie\u017ce i innowacyjne rozwi\u0105zania raportowania, kt\u00f3re pasuj\u0105 do r\u00f3\u017cnych poziom\u00f3w integracji<\/p>","protected":false},"author":1,"featured_media":3395,"parent":0,"menu_order":0,"comment_status":"closed","ping_status":"closed","template":"","meta":{"footnotes":""},"class_list":["post-23","page","type-page","status-publish","has-post-thumbnail","hentry","latest_post"],"_links":{"self":[{"href":"https:\/\/www.leaplytics.de\/pl\/wp-json\/wp\/v2\/pages\/23","targetHints":{"allow":["GET"]}}],"collection":[{"href":"https:\/\/www.leaplytics.de\/pl\/wp-json\/wp\/v2\/pages"}],"about":[{"href":"https:\/\/www.leaplytics.de\/pl\/wp-json\/wp\/v2\/types\/page"}],"author":[{"embeddable":true,"href":"https:\/\/www.leaplytics.de\/pl\/wp-json\/wp\/v2\/users\/1"}],"replies":[{"embeddable":true,"href":"https:\/\/www.leaplytics.de\/pl\/wp-json\/wp\/v2\/comments?post=23"}],"version-history":[{"count":15,"href":"https:\/\/www.leaplytics.de\/pl\/wp-json\/wp\/v2\/pages\/23\/revisions"}],"predecessor-version":[{"id":13709,"href":"https:\/\/www.leaplytics.de\/pl\/wp-json\/wp\/v2\/pages\/23\/revisions\/13709"}],"wp:featuredmedia":[{"embeddable":true,"href":"https:\/\/www.leaplytics.de\/pl\/wp-json\/wp\/v2\/media\/3395"}],"wp:attachment":[{"href":"https:\/\/www.leaplytics.de\/pl\/wp-json\/wp\/v2\/media?parent=23"}],"curies":[{"name":"wp","href":"https:\/\/api.w.org\/{rel}","templated":true}]}}